{"id":6886,"date":"2025-02-23T16:23:14","date_gmt":"2025-02-23T15:23:14","guid":{"rendered":"https:\/\/hungaroonline.hu\/?post_type=product&#038;p=6886"},"modified":"2025-07-24T13:12:51","modified_gmt":"2025-07-24T11:12:51","slug":"7-db-os-raklap-butor-parna","status":"publish","type":"product","link":"https:\/\/hungaroonline.hu\/sl\/izdelek\/7-db-os-raklap-butor-parna\/","title":{"rendered":"7-delna blazina za pohi\u0161tvo iz palet"},"content":{"rendered":"<p><img fetchpriority=\"high\" decoding=\"async\" class=\"size-medium wp-image-7280 aligncenter\" src=\"https:\/\/hungaroonline.hu\/wp-content\/uploads\/2023\/05\/Raklapparna-41-394x300.jpg\" alt=\"Raklapp\u00e1rna\" width=\"394\" height=\"300\" srcset=\"https:\/\/hungaroonline.hu\/wp-content\/uploads\/2023\/05\/Raklapparna-41-394x300.jpg 394w, https:\/\/hungaroonline.hu\/wp-content\/uploads\/2023\/05\/Raklapparna-41-1110x846.jpg 1110w, https:\/\/hungaroonline.hu\/wp-content\/uploads\/2023\/05\/Raklapparna-41-768x585.jpg 768w, https:\/\/hungaroonline.hu\/wp-content\/uploads\/2023\/05\/Raklapparna-41-1536x1170.jpg 1536w, https:\/\/hungaroonline.hu\/wp-content\/uploads\/2023\/05\/Raklapparna-41-2048x1560.jpg 2048w, https:\/\/hungaroonline.hu\/wp-content\/uploads\/2023\/05\/Raklapparna-41-16x12.jpg 16w, https:\/\/hungaroonline.hu\/wp-content\/uploads\/2023\/05\/Raklapparna-41-1000x762.jpg 1000w\" sizes=\"(max-width: 394px) 100vw, 394px\" \/><\/p>\n<p>&nbsp;<\/p>\n<p style=\"text-align: center;\"><strong>Na\u0161e visokokakovostne paletne blazine izdelujemo \u017ee 15 let!<\/strong><\/p>\n<p>&nbsp;<\/p>\n<p>&nbsp;<\/p>\n<p>&nbsp;<\/p>\n<p><strong>Zakaj izbrati na\u0161e blazine?<\/strong><\/p>\n<ul>\n<li>Vzdr\u017eljiv <strong>240-250 g\/m 100%<\/strong> Izdelan iz poliestra, zato je dovolj mo\u010dan in trpe\u017een za uporabo na prostem!<\/li>\n<li>Na\u0161e paletne blazine se prilegajo vsakemu slogu vrtne sede\u017ene ali zunanje opreme!<\/li>\n<li>Zaradi svoje debeline in tkanine, odporne proti obrabi, so primerne tako za notranjo kot zunanjo uporabo!<\/li>\n<li>Paletno blazino izdelamo iz mlete pene!<\/li>\n<li>Zagotavljamo 1 leto garancije!<\/li>\n<\/ul>\n<p>&nbsp;<\/p>\n<p>&nbsp;<\/p>\n<p><strong>Naro\u010dila za paletne blazine sprejemamo samo po predra\u010dunu!<\/strong><\/p>\n<p><strong>zakaj je to<\/strong> \u017dal se je \u017ee ve\u010dkrat zgodilo, da so bile naro\u010dene blazine z unikatnimi velikostmi in vzorci, paletne blazine pa niso bile prejete po dostavi!<\/p>\n<p>&nbsp;<\/p>\n<p>&nbsp;<\/p>\n<p>&nbsp;<\/p>\n<p><strong>Prosimo vnesite kodo izbrane barve v razdelek za komentarje: <\/strong><\/p>\n<p>&nbsp;<\/p>\n<p><img decoding=\"async\" class=\"alignnone size-medium wp-image-5295\" src=\"https:\/\/hungaroonline.hu\/wp-content\/uploads\/2023\/04\/123-109x300.jpg\" alt=\"Raklapp\u00e1rna\" width=\"109\" height=\"300\" srcset=\"https:\/\/hungaroonline.hu\/wp-content\/uploads\/2023\/04\/123-109x300.jpg 109w, https:\/\/hungaroonline.hu\/wp-content\/uploads\/2023\/04\/123-372x1024.jpg 372w, https:\/\/hungaroonline.hu\/wp-content\/uploads\/2023\/04\/123-768x2112.jpg 768w, https:\/\/hungaroonline.hu\/wp-content\/uploads\/2023\/04\/123-559x1536.jpg 559w, https:\/\/hungaroonline.hu\/wp-content\/uploads\/2023\/04\/123-745x2048.jpg 745w, https:\/\/hungaroonline.hu\/wp-content\/uploads\/2023\/04\/123-4x12.jpg 4w, https:\/\/hungaroonline.hu\/wp-content\/uploads\/2023\/04\/123.jpg 800w\" sizes=\"(max-width: 109px) 100vw, 109px\" \/><img decoding=\"async\" class=\"alignnone size-medium wp-image-5296\" src=\"https:\/\/hungaroonline.hu\/wp-content\/uploads\/2023\/04\/456-109x300.jpg\" alt=\"Raklapp\u00e1rna\" width=\"109\" height=\"300\" srcset=\"https:\/\/hungaroonline.hu\/wp-content\/uploads\/2023\/04\/456-109x300.jpg 109w, https:\/\/hungaroonline.hu\/wp-content\/uploads\/2023\/04\/456-372x1024.jpg 372w, https:\/\/hungaroonline.hu\/wp-content\/uploads\/2023\/04\/456-768x2112.jpg 768w, https:\/\/hungaroonline.hu\/wp-content\/uploads\/2023\/04\/456-559x1536.jpg 559w, https:\/\/hungaroonline.hu\/wp-content\/uploads\/2023\/04\/456-745x2048.jpg 745w, https:\/\/hungaroonline.hu\/wp-content\/uploads\/2023\/04\/456-4x12.jpg 4w, https:\/\/hungaroonline.hu\/wp-content\/uploads\/2023\/04\/456.jpg 800w\" sizes=\"(max-width: 109px) 100vw, 109px\" \/><img loading=\"lazy\" decoding=\"async\" class=\"alignnone size-medium wp-image-5297\" src=\"https:\/\/hungaroonline.hu\/wp-content\/uploads\/2023\/04\/78910-109x300.jpg\" alt=\"Raklapp\u00e1rna\" width=\"109\" height=\"300\" srcset=\"https:\/\/hungaroonline.hu\/wp-content\/uploads\/2023\/04\/78910-109x300.jpg 109w, https:\/\/hungaroonline.hu\/wp-content\/uploads\/2023\/04\/78910-372x1024.jpg 372w, https:\/\/hungaroonline.hu\/wp-content\/uploads\/2023\/04\/78910-768x2112.jpg 768w, https:\/\/hungaroonline.hu\/wp-content\/uploads\/2023\/04\/78910-559x1536.jpg 559w, https:\/\/hungaroonline.hu\/wp-content\/uploads\/2023\/04\/78910-745x2048.jpg 745w, https:\/\/hungaroonline.hu\/wp-content\/uploads\/2023\/04\/78910-4x12.jpg 4w, https:\/\/hungaroonline.hu\/wp-content\/uploads\/2023\/04\/78910.jpg 800w\" sizes=\"(max-width: 109px) 100vw, 109px\" \/><img loading=\"lazy\" decoding=\"async\" class=\"alignnone size-medium wp-image-5299\" src=\"https:\/\/hungaroonline.hu\/wp-content\/uploads\/2023\/04\/11121314-164x300.jpg\" alt=\"Raklapp\u00e1rna\" width=\"164\" height=\"300\" srcset=\"https:\/\/hungaroonline.hu\/wp-content\/uploads\/2023\/04\/11121314-164x300.jpg 164w, https:\/\/hungaroonline.hu\/wp-content\/uploads\/2023\/04\/11121314-559x1024.jpg 559w, https:\/\/hungaroonline.hu\/wp-content\/uploads\/2023\/04\/11121314-768x1408.jpg 768w, https:\/\/hungaroonline.hu\/wp-content\/uploads\/2023\/04\/11121314-838x1536.jpg 838w, https:\/\/hungaroonline.hu\/wp-content\/uploads\/2023\/04\/11121314-1117x2048.jpg 1117w, https:\/\/hungaroonline.hu\/wp-content\/uploads\/2023\/04\/11121314-7x12.jpg 7w, https:\/\/hungaroonline.hu\/wp-content\/uploads\/2023\/04\/11121314-1000x1833.jpg 1000w, https:\/\/hungaroonline.hu\/wp-content\/uploads\/2023\/04\/11121314.jpg 1200w\" sizes=\"(max-width: 164px) 100vw, 164px\" \/><img loading=\"lazy\" decoding=\"async\" class=\"alignnone wp-image-5298\" src=\"https:\/\/hungaroonline.hu\/wp-content\/uploads\/2023\/04\/151617-232x300.jpg\" alt=\"Raklapp\u00e1rna\" width=\"230\" height=\"297\" srcset=\"https:\/\/hungaroonline.hu\/wp-content\/uploads\/2023\/04\/151617-232x300.jpg 232w, https:\/\/hungaroonline.hu\/wp-content\/uploads\/2023\/04\/151617-791x1024.jpg 791w, https:\/\/hungaroonline.hu\/wp-content\/uploads\/2023\/04\/151617-768x994.jpg 768w, https:\/\/hungaroonline.hu\/wp-content\/uploads\/2023\/04\/151617-1187x1536.jpg 1187w, https:\/\/hungaroonline.hu\/wp-content\/uploads\/2023\/04\/151617-1583x2048.jpg 1583w, https:\/\/hungaroonline.hu\/wp-content\/uploads\/2023\/04\/151617-9x12.jpg 9w, https:\/\/hungaroonline.hu\/wp-content\/uploads\/2023\/04\/151617-1000x1294.jpg 1000w, https:\/\/hungaroonline.hu\/wp-content\/uploads\/2023\/04\/151617.jpg 1700w\" sizes=\"(max-width: 230px) 100vw, 230px\" \/><\/p>\n<p><img loading=\"lazy\" decoding=\"async\" class=\"alignnone size-medium wp-image-5301\" src=\"https:\/\/hungaroonline.hu\/wp-content\/uploads\/2023\/04\/18192021-164x300.jpg\" alt=\"Raklapp\u00e1rna\" width=\"164\" height=\"300\" srcset=\"https:\/\/hungaroonline.hu\/wp-content\/uploads\/2023\/04\/18192021-164x300.jpg 164w, https:\/\/hungaroonline.hu\/wp-content\/uploads\/2023\/04\/18192021-559x1024.jpg 559w, https:\/\/hungaroonline.hu\/wp-content\/uploads\/2023\/04\/18192021-768x1408.jpg 768w, https:\/\/hungaroonline.hu\/wp-content\/uploads\/2023\/04\/18192021-838x1536.jpg 838w, https:\/\/hungaroonline.hu\/wp-content\/uploads\/2023\/04\/18192021-1117x2048.jpg 1117w, https:\/\/hungaroonline.hu\/wp-content\/uploads\/2023\/04\/18192021-7x12.jpg 7w, https:\/\/hungaroonline.hu\/wp-content\/uploads\/2023\/04\/18192021-1000x1833.jpg 1000w, https:\/\/hungaroonline.hu\/wp-content\/uploads\/2023\/04\/18192021.jpg 1200w\" sizes=\"(max-width: 164px) 100vw, 164px\" \/><\/p>\n<p>&nbsp;<\/p>\n<p>&nbsp;<\/p>\n<p>&nbsp;<\/p>\n<p>&nbsp;<\/p>\n<ul>\n<li>Material: <em><strong>240-250 g\/m 100% poliester!<\/strong><\/em><\/li>\n<li>Velikost blazine: 7x60x30x14 cm 6x60x60x14 cm (\u0161irina x vi\u0161ina x debelina)<\/li>\n<li><strong>Vsebina paketa: 7x60x30 6x60x60<\/strong><\/li>\n<li><strong>Lahko se uporablja tudi kot blazina za sede\u017e in hrbet!<\/strong><\/li>\n<li>Polnilo: mleta pena<\/li>\n<li>Pri izdelavi izdelkov delamo v dimenzijskih tolerancah +\/- 1 cm.<\/li>\n<li><img decoding=\"async\" src=\"https:\/\/www.globaltex.hu\/img\/cms\/MKSZ\/MKSZ%202.JPG\" \/><\/li>\n<li>Stro\u0161ki po\u0161iljanja: 5000 HUF. <strong>(velik paket)<\/strong><\/li>\n<li>Dobavni rok: 5-8 delovnih dni!<\/li>\n<\/ul>\n<p>&nbsp;<\/p>\n<p>&nbsp;<\/p>\n<p>&nbsp;<\/p>\n<h4><a href=\"https:\/\/hungaroonline.hu\/sl\/raklapparna-2\/\">VE\u010c SLIK TUKAJ:<\/a><\/h4>\n<h4><\/h4>\n<p>&nbsp;<\/p>\n<p>&nbsp;<\/p>","protected":false},"excerpt":{"rendered":"<p>&nbsp; Na\u0161e visokokakovostne paletne blazine izdelujemo \u017ee 15 let!    Zakaj izbrati na\u0161e blazine? Izdelan iz trpe\u017enega 240-250 g\/m 100% poliestra, zaradi \u010desar je dovolj mo\u010dan in vzdr\u017eljiv za uporabo na prostem! Na\u0161e paletne blazine se prilegajo vsakemu slogu vrtne sede\u017ene ali zunanje opreme! Zaradi svoje debeline in tkanine, odporne proti obrabi, so primerne tako za notranjo kot zunanjo uporabo! Paletna blazina je izdelana iz zdrobljene pene! [\u2026]<\/p>","protected":false},"featured_media":6851,"comment_status":"closed","ping_status":"closed","template":"","meta":[],"product_brand":[],"product_cat":[126],"product_tag":[],"class_list":{"0":"post-6886","1":"product","2":"type-product","3":"status-publish","4":"has-post-thumbnail","6":"product_cat-raklapparna","7":"product_shipping_class-raklap-parna","9":"first","10":"instock","11":"purchasable","12":"product-type-simple"},"yoast_head":"<!-- This site is optimized with the Yoast SEO plugin v26.6 - https:\/\/yoast.com\/wordpress\/plugins\/seo\/ -->\n<title>7 db-os Raklap b\u00fator p\u00e1rna - HungaroOnline<\/title>\n<meta name=\"description\" content=\"Strapab\u00edr\u00f3 240-250 g\/m\u00a0 100% poli\u00e9szterb\u0151l k\u00e9sz\u00fclt, \u00edgy el\u00e9g er\u0151s \u00e9s tart\u00f3s a k\u00fclt\u00e9ri haszn\u00e1lathoz! Raklapp\u00e1rn\u00e1ink b\u00e1rmilyen kerti \u00fcl\u0151helyhez vagy k\u00fclt\u00e9ri berendez\u00e9si st\u00edlushoz illik. Vastags\u00e1guk \u00e9s kop\u00e1s\u00e1ll\u00f3 sz\u00f6vet\u00fck miatt bel- \u00e9s k\u00fclt\u00e9ri haszn\u00e1latra egyar\u00e1nt alkalmasak! A raklapp\u00e1rn\u00e1t dar\u00e1lt habszivacsb\u00f3l k\u00e9sz\u00edtj\u00fck!\" \/>\n<meta name=\"robots\" content=\"index, follow, max-snippet:-1, max-image-preview:large, max-video-preview:-1\" \/>\n<link rel=\"canonical\" href=\"https:\/\/hungaroonline.hu\/sl\/izdelek\/7-db-os-raklap-butor-parna\/\" \/>\n<meta property=\"og:locale\" content=\"sl_SI\" \/>\n<meta property=\"og:type\" content=\"article\" \/>\n<meta property=\"og:title\" content=\"Raklapp\u00e1rna 50x50x14\" \/>\n<meta property=\"og:description\" content=\"Strapab\u00edr\u00f3 240-250 g\/m\u00a0 100% poli\u00e9szterb\u0151l k\u00e9sz\u00fclt, \u00edgy el\u00e9g er\u0151s \u00e9s tart\u00f3s a k\u00fclt\u00e9ri haszn\u00e1lathoz! Raklapp\u00e1rn\u00e1ink b\u00e1rmilyen kerti \u00fcl\u0151helyhez vagy k\u00fclt\u00e9ri berendez\u00e9si st\u00edlushoz illik. Vastags\u00e1guk \u00e9s kop\u00e1s\u00e1ll\u00f3 sz\u00f6vet\u00fck miatt bel- \u00e9s k\u00fclt\u00e9ri haszn\u00e1latra egyar\u00e1nt alkalmasak! A raklapp\u00e1rn\u00e1t dar\u00e1lt habszivacsb\u00f3l k\u00e9sz\u00edtj\u00fck!\" \/>\n<meta property=\"og:url\" content=\"https:\/\/hungaroonline.hu\/sl\/izdelek\/7-db-os-raklap-butor-parna\/\" \/>\n<meta property=\"og:site_name\" content=\"HungaroOnline\" \/>\n<meta property=\"article:publisher\" content=\"https:\/\/www.facebook.com\/hungaroonline\" \/>\n<meta property=\"article:modified_time\" content=\"2025-07-24T11:12:51+00:00\" \/>\n<meta property=\"og:image\" content=\"https:\/\/hungaroonline.hu\/wp-content\/uploads\/2023\/04\/Raklap-butor-parna-8.jpg\" \/>\n\t<meta property=\"og:image:width\" content=\"1000\" \/>\n\t<meta property=\"og:image:height\" content=\"1000\" \/>\n\t<meta property=\"og:image:type\" content=\"image\/jpeg\" \/>\n<meta name=\"twitter:card\" content=\"summary_large_image\" \/>\n<meta name=\"twitter:label1\" content=\"Est. reading time\" \/>\n\t<meta name=\"twitter:data1\" content=\"3 minute\" \/>\n<script type=\"application\/ld+json\" class=\"yoast-schema-graph\">{\"@context\":\"https:\/\/schema.org\",\"@graph\":[{\"@type\":\"WebPage\",\"@id\":\"https:\/\/hungaroonline.hu\/termek\/7-db-os-raklap-butor-parna\/\",\"url\":\"https:\/\/hungaroonline.hu\/termek\/7-db-os-raklap-butor-parna\/\",\"name\":\"7 db-os Raklap b\u00fator p\u00e1rna - HungaroOnline\",\"isPartOf\":{\"@id\":\"https:\/\/hungaroonline.hu\/#website\"},\"primaryImageOfPage\":{\"@id\":\"https:\/\/hungaroonline.hu\/termek\/7-db-os-raklap-butor-parna\/#primaryimage\"},\"image\":{\"@id\":\"https:\/\/hungaroonline.hu\/termek\/7-db-os-raklap-butor-parna\/#primaryimage\"},\"thumbnailUrl\":\"https:\/\/hungaroonline.hu\/wp-content\/uploads\/2024\/02\/raklap-butor-uj-1.jpg\",\"datePublished\":\"2025-02-23T15:23:14+00:00\",\"dateModified\":\"2025-07-24T11:12:51+00:00\",\"description\":\"Strapab\u00edr\u00f3 240-250 g\/m\u00a0 100% poli\u00e9szterb\u0151l k\u00e9sz\u00fclt, \u00edgy el\u00e9g er\u0151s \u00e9s tart\u00f3s a k\u00fclt\u00e9ri haszn\u00e1lathoz! Raklapp\u00e1rn\u00e1ink b\u00e1rmilyen kerti \u00fcl\u0151helyhez vagy k\u00fclt\u00e9ri berendez\u00e9si st\u00edlushoz illik. Vastags\u00e1guk \u00e9s kop\u00e1s\u00e1ll\u00f3 sz\u00f6vet\u00fck miatt bel- \u00e9s k\u00fclt\u00e9ri haszn\u00e1latra egyar\u00e1nt alkalmasak! A raklapp\u00e1rn\u00e1t dar\u00e1lt habszivacsb\u00f3l k\u00e9sz\u00edtj\u00fck!\",\"breadcrumb\":{\"@id\":\"https:\/\/hungaroonline.hu\/termek\/7-db-os-raklap-butor-parna\/#breadcrumb\"},\"inLanguage\":\"sl-SI\",\"potentialAction\":[{\"@type\":\"ReadAction\",\"target\":[\"https:\/\/hungaroonline.hu\/termek\/7-db-os-raklap-butor-parna\/\"]}]},{\"@type\":\"ImageObject\",\"inLanguage\":\"sl-SI\",\"@id\":\"https:\/\/hungaroonline.hu\/termek\/7-db-os-raklap-butor-parna\/#primaryimage\",\"url\":\"https:\/\/hungaroonline.hu\/wp-content\/uploads\/2024\/02\/raklap-butor-uj-1.jpg\",\"contentUrl\":\"https:\/\/hungaroonline.hu\/wp-content\/uploads\/2024\/02\/raklap-butor-uj-1.jpg\",\"width\":600,\"height\":600,\"caption\":\"Raklap b\u00fator\"},{\"@type\":\"BreadcrumbList\",\"@id\":\"https:\/\/hungaroonline.hu\/termek\/7-db-os-raklap-butor-parna\/#breadcrumb\",\"itemListElement\":[{\"@type\":\"ListItem\",\"position\":1,\"name\":\"Home\",\"item\":\"https:\/\/hungaroonline.hu\/\"},{\"@type\":\"ListItem\",\"position\":2,\"name\":\"\u00dczlet\",\"item\":\"https:\/\/hungaroonline.hu\/uzlet\/\"},{\"@type\":\"ListItem\",\"position\":3,\"name\":\"7 db-os Raklap b\u00fator p\u00e1rna\"}]},{\"@type\":\"WebSite\",\"@id\":\"https:\/\/hungaroonline.hu\/#website\",\"url\":\"https:\/\/hungaroonline.hu\/\",\"name\":\"HungaroOnline\",\"description\":\"Kutyah\u00e1z - Hord\u00f3 - Raklap b\u00fator - Raklapp\u00e1rna Gy\u00e1rt\u00e1sa\",\"publisher\":{\"@id\":\"https:\/\/hungaroonline.hu\/#organization\"},\"potentialAction\":[{\"@type\":\"SearchAction\",\"target\":{\"@type\":\"EntryPoint\",\"urlTemplate\":\"https:\/\/hungaroonline.hu\/?s={search_term_string}\"},\"query-input\":{\"@type\":\"PropertyValueSpecification\",\"valueRequired\":true,\"valueName\":\"search_term_string\"}}],\"inLanguage\":\"sl-SI\"},{\"@type\":\"Organization\",\"@id\":\"https:\/\/hungaroonline.hu\/#organization\",\"name\":\"HungaroOnline\",\"url\":\"https:\/\/hungaroonline.hu\/\",\"logo\":{\"@type\":\"ImageObject\",\"inLanguage\":\"sl-SI\",\"@id\":\"https:\/\/hungaroonline.hu\/#\/schema\/logo\/image\/\",\"url\":\"https:\/\/hungaroonline.hu\/wp-content\/uploads\/2023\/01\/hungaroonline-footer-logo-color-a.png\",\"contentUrl\":\"https:\/\/hungaroonline.hu\/wp-content\/uploads\/2023\/01\/hungaroonline-footer-logo-color-a.png\",\"width\":970,\"height\":86,\"caption\":\"HungaroOnline\"},\"image\":{\"@id\":\"https:\/\/hungaroonline.hu\/#\/schema\/logo\/image\/\"},\"sameAs\":[\"https:\/\/www.facebook.com\/hungaroonline\"]}]}<\/script>\n<!-- \/ Yoast SEO plugin. -->","yoast_head_json":{"title":"7 db-os Raklap b\u00fator p\u00e1rna - HungaroOnline","description":"Strapab\u00edr\u00f3 240-250 g\/m\u00a0 100% poli\u00e9szterb\u0151l k\u00e9sz\u00fclt, \u00edgy el\u00e9g er\u0151s \u00e9s tart\u00f3s a k\u00fclt\u00e9ri haszn\u00e1lathoz! Raklapp\u00e1rn\u00e1ink b\u00e1rmilyen kerti \u00fcl\u0151helyhez vagy k\u00fclt\u00e9ri berendez\u00e9si st\u00edlushoz illik. Vastags\u00e1guk \u00e9s kop\u00e1s\u00e1ll\u00f3 sz\u00f6vet\u00fck miatt bel- \u00e9s k\u00fclt\u00e9ri haszn\u00e1latra egyar\u00e1nt alkalmasak! A raklapp\u00e1rn\u00e1t dar\u00e1lt habszivacsb\u00f3l k\u00e9sz\u00edtj\u00fck!","robots":{"index":"index","follow":"follow","max-snippet":"max-snippet:-1","max-image-preview":"max-image-preview:large","max-video-preview":"max-video-preview:-1"},"canonical":"https:\/\/hungaroonline.hu\/sl\/izdelek\/7-db-os-raklap-butor-parna\/","og_locale":"sl_SI","og_type":"article","og_title":"Raklapp\u00e1rna 50x50x14","og_description":"Strapab\u00edr\u00f3 240-250 g\/m\u00a0 100% poli\u00e9szterb\u0151l k\u00e9sz\u00fclt, \u00edgy el\u00e9g er\u0151s \u00e9s tart\u00f3s a k\u00fclt\u00e9ri haszn\u00e1lathoz! Raklapp\u00e1rn\u00e1ink b\u00e1rmilyen kerti \u00fcl\u0151helyhez vagy k\u00fclt\u00e9ri berendez\u00e9si st\u00edlushoz illik. Vastags\u00e1guk \u00e9s kop\u00e1s\u00e1ll\u00f3 sz\u00f6vet\u00fck miatt bel- \u00e9s k\u00fclt\u00e9ri haszn\u00e1latra egyar\u00e1nt alkalmasak! A raklapp\u00e1rn\u00e1t dar\u00e1lt habszivacsb\u00f3l k\u00e9sz\u00edtj\u00fck!","og_url":"https:\/\/hungaroonline.hu\/sl\/izdelek\/7-db-os-raklap-butor-parna\/","og_site_name":"HungaroOnline","article_publisher":"https:\/\/www.facebook.com\/hungaroonline","article_modified_time":"2025-07-24T11:12:51+00:00","og_image":[{"width":1000,"height":1000,"url":"https:\/\/hungaroonline.hu\/wp-content\/uploads\/2023\/04\/Raklap-butor-parna-8.jpg","type":"image\/jpeg"}],"twitter_card":"summary_large_image","twitter_misc":{"Est. reading time":"3 minute"},"schema":{"@context":"https:\/\/schema.org","@graph":[{"@type":"WebPage","@id":"https:\/\/hungaroonline.hu\/termek\/7-db-os-raklap-butor-parna\/","url":"https:\/\/hungaroonline.hu\/termek\/7-db-os-raklap-butor-parna\/","name":"7 db-os Raklap b\u00fator p\u00e1rna - HungaroOnline","isPartOf":{"@id":"https:\/\/hungaroonline.hu\/#website"},"primaryImageOfPage":{"@id":"https:\/\/hungaroonline.hu\/termek\/7-db-os-raklap-butor-parna\/#primaryimage"},"image":{"@id":"https:\/\/hungaroonline.hu\/termek\/7-db-os-raklap-butor-parna\/#primaryimage"},"thumbnailUrl":"https:\/\/hungaroonline.hu\/wp-content\/uploads\/2024\/02\/raklap-butor-uj-1.jpg","datePublished":"2025-02-23T15:23:14+00:00","dateModified":"2025-07-24T11:12:51+00:00","description":"Strapab\u00edr\u00f3 240-250 g\/m\u00a0 100% poli\u00e9szterb\u0151l k\u00e9sz\u00fclt, \u00edgy el\u00e9g er\u0151s \u00e9s tart\u00f3s a k\u00fclt\u00e9ri haszn\u00e1lathoz! Raklapp\u00e1rn\u00e1ink b\u00e1rmilyen kerti \u00fcl\u0151helyhez vagy k\u00fclt\u00e9ri berendez\u00e9si st\u00edlushoz illik. Vastags\u00e1guk \u00e9s kop\u00e1s\u00e1ll\u00f3 sz\u00f6vet\u00fck miatt bel- \u00e9s k\u00fclt\u00e9ri haszn\u00e1latra egyar\u00e1nt alkalmasak! A raklapp\u00e1rn\u00e1t dar\u00e1lt habszivacsb\u00f3l k\u00e9sz\u00edtj\u00fck!","breadcrumb":{"@id":"https:\/\/hungaroonline.hu\/termek\/7-db-os-raklap-butor-parna\/#breadcrumb"},"inLanguage":"sl-SI","potentialAction":[{"@type":"ReadAction","target":["https:\/\/hungaroonline.hu\/termek\/7-db-os-raklap-butor-parna\/"]}]},{"@type":"ImageObject","inLanguage":"sl-SI","@id":"https:\/\/hungaroonline.hu\/termek\/7-db-os-raklap-butor-parna\/#primaryimage","url":"https:\/\/hungaroonline.hu\/wp-content\/uploads\/2024\/02\/raklap-butor-uj-1.jpg","contentUrl":"https:\/\/hungaroonline.hu\/wp-content\/uploads\/2024\/02\/raklap-butor-uj-1.jpg","width":600,"height":600,"caption":"Raklap b\u00fator"},{"@type":"BreadcrumbList","@id":"https:\/\/hungaroonline.hu\/termek\/7-db-os-raklap-butor-parna\/#breadcrumb","itemListElement":[{"@type":"ListItem","position":1,"name":"Home","item":"https:\/\/hungaroonline.hu\/"},{"@type":"ListItem","position":2,"name":"\u00dczlet","item":"https:\/\/hungaroonline.hu\/uzlet\/"},{"@type":"ListItem","position":3,"name":"7 db-os Raklap b\u00fator p\u00e1rna"}]},{"@type":"WebSite","@id":"https:\/\/hungaroonline.hu\/#website","url":"https:\/\/hungaroonline.hu\/","name":"HungaroOnline","description":"Pasja uta - Sod - Pohi\u0161tvo iz palet - Izdelava blazin iz palet","publisher":{"@id":"https:\/\/hungaroonline.hu\/#organization"},"potentialAction":[{"@type":"SearchAction","target":{"@type":"EntryPoint","urlTemplate":"https:\/\/hungaroonline.hu\/?s={search_term_string}"},"query-input":{"@type":"PropertyValueSpecification","valueRequired":true,"valueName":"search_term_string"}}],"inLanguage":"sl-SI"},{"@type":"Organization","@id":"https:\/\/hungaroonline.hu\/#organization","name":"HungaroOnline","url":"https:\/\/hungaroonline.hu\/","logo":{"@type":"ImageObject","inLanguage":"sl-SI","@id":"https:\/\/hungaroonline.hu\/#\/schema\/logo\/image\/","url":"https:\/\/hungaroonline.hu\/wp-content\/uploads\/2023\/01\/hungaroonline-footer-logo-color-a.png","contentUrl":"https:\/\/hungaroonline.hu\/wp-content\/uploads\/2023\/01\/hungaroonline-footer-logo-color-a.png","width":970,"height":86,"caption":"HungaroOnline"},"image":{"@id":"https:\/\/hungaroonline.hu\/#\/schema\/logo\/image\/"},"sameAs":["https:\/\/www.facebook.com\/hungaroonline"]}]}},"_links":{"self":[{"href":"https:\/\/hungaroonline.hu\/sl\/wp-json\/wp\/v2\/product\/6886","targetHints":{"allow":["GET"]}}],"collection":[{"href":"https:\/\/hungaroonline.hu\/sl\/wp-json\/wp\/v2\/product"}],"about":[{"href":"https:\/\/hungaroonline.hu\/sl\/wp-json\/wp\/v2\/types\/product"}],"replies":[{"embeddable":true,"href":"https:\/\/hungaroonline.hu\/sl\/wp-json\/wp\/v2\/comments?post=6886"}],"version-history":[{"count":5,"href":"https:\/\/hungaroonline.hu\/sl\/wp-json\/wp\/v2\/product\/6886\/revisions"}],"predecessor-version":[{"id":7375,"href":"https:\/\/hungaroonline.hu\/sl\/wp-json\/wp\/v2\/product\/6886\/revisions\/7375"}],"wp:featuredmedia":[{"embeddable":true,"href":"https:\/\/hungaroonline.hu\/sl\/wp-json\/wp\/v2\/media\/6851"}],"wp:attachment":[{"href":"https:\/\/hungaroonline.hu\/sl\/wp-json\/wp\/v2\/media?parent=6886"}],"wp:term":[{"taxonomy":"product_brand","embeddable":true,"href":"https:\/\/hungaroonline.hu\/sl\/wp-json\/wp\/v2\/product_brand?post=6886"},{"taxonomy":"product_cat","embeddable":true,"href":"https:\/\/hungaroonline.hu\/sl\/wp-json\/wp\/v2\/product_cat?post=6886"},{"taxonomy":"product_tag","embeddable":true,"href":"https:\/\/hungaroonline.hu\/sl\/wp-json\/wp\/v2\/product_tag?post=6886"}],"curies":[{"name":"delovni list","href":"https:\/\/api.w.org\/{rel}","templated":true}]}}