{"id":6170,"date":"2023-11-22T10:27:49","date_gmt":"2023-11-22T09:27:49","guid":{"rendered":"https:\/\/hungaroonline.hu\/?post_type=product&#038;p=6170"},"modified":"2025-01-29T08:03:13","modified_gmt":"2025-01-29T07:03:13","slug":"hordo-csap","status":"publish","type":"product","link":"https:\/\/hungaroonline.hu\/sl\/izdelek\/hordo-csap\/","title":{"rendered":"Pipa za sod za 5-10 litrov"},"content":{"rendered":"<p>Lesena pipa za sod za 5-10 litrske sode!<\/p>\n<p>Da\u0161 zama\u0161ek iz plute!<\/p>\n<p>V rubriki za komentarje navedite, za koliko litrskih sodov \u017eelite kupiti pipo!<\/p>\n<p>&nbsp;<\/p>\n<p>&nbsp;<\/p>\n<p>&nbsp;<\/p>\n<p>&nbsp;<\/p>\n<p><em>Stro\u0161ki dostave: 3500 HUF.<\/em><\/p>","protected":false},"excerpt":{"rendered":"<p>Pipa za sod za \u017eganje<\/p>\n<p>\u010cas dostave: <strong>4-8<\/strong>\u00a0delovni dan!<\/p>","protected":false},"featured_media":6172,"comment_status":"closed","ping_status":"closed","template":"","meta":[],"product_brand":[],"product_cat":[41],"product_tag":[],"class_list":{"0":"post-6170","1":"product","2":"type-product","3":"status-publish","4":"has-post-thumbnail","6":"product_cat-eperfa-hordok","7":"product_shipping_class-hordok","9":"first","10":"instock","11":"purchasable","12":"product-type-simple"},"yoast_head":"<!-- This site is optimized with the Yoast SEO plugin v26.6 - https:\/\/yoast.com\/wordpress\/plugins\/seo\/ -->\n<title>Hord\u00f3 csap 5-10 litereshez - HungaroOnline<\/title>\n<meta name=\"robots\" content=\"index, follow, max-snippet:-1, max-image-preview:large, max-video-preview:-1\" \/>\n<link rel=\"canonical\" href=\"https:\/\/hungaroonline.hu\/sl\/izdelek\/hordo-csap\/\" \/>\n<meta property=\"og:locale\" content=\"sl_SI\" \/>\n<meta property=\"og:type\" content=\"article\" \/>\n<meta property=\"og:title\" content=\"Hord\u00f3 csap\" \/>\n<meta property=\"og:description\" content=\"Fa hord\u00f3csap.Parafa z\u00e1r\u00f3 betett\u00e9l!\" \/>\n<meta property=\"og:url\" content=\"https:\/\/hungaroonline.hu\/sl\/izdelek\/hordo-csap\/\" \/>\n<meta property=\"og:site_name\" content=\"HungaroOnline\" \/>\n<meta property=\"article:publisher\" content=\"https:\/\/www.facebook.com\/hungaroonline\" \/>\n<meta property=\"article:modified_time\" content=\"2025-01-29T07:03:13+00:00\" \/>\n<meta property=\"og:image\" content=\"https:\/\/hungaroonline.hu\/wp-content\/uploads\/2023\/11\/Fa-csap-1.jpg\" \/>\n\t<meta property=\"og:image:width\" content=\"1000\" \/>\n\t<meta property=\"og:image:height\" content=\"1000\" \/>\n\t<meta property=\"og:image:type\" content=\"image\/jpeg\" \/>\n<meta name=\"twitter:card\" content=\"summary_large_image\" \/>\n<meta name=\"twitter:label1\" content=\"Est. reading time\" \/>\n\t<meta name=\"twitter:data1\" content=\"1 minuta\" \/>\n<script type=\"application\/ld+json\" class=\"yoast-schema-graph\">{\"@context\":\"https:\/\/schema.org\",\"@graph\":[{\"@type\":\"WebPage\",\"@id\":\"https:\/\/hungaroonline.hu\/termek\/hordo-csap\/\",\"url\":\"https:\/\/hungaroonline.hu\/termek\/hordo-csap\/\",\"name\":\"Hord\u00f3 csap 5-10 litereshez - HungaroOnline\",\"isPartOf\":{\"@id\":\"https:\/\/hungaroonline.hu\/#website\"},\"primaryImageOfPage\":{\"@id\":\"https:\/\/hungaroonline.hu\/termek\/hordo-csap\/#primaryimage\"},\"image\":{\"@id\":\"https:\/\/hungaroonline.hu\/termek\/hordo-csap\/#primaryimage\"},\"thumbnailUrl\":\"https:\/\/hungaroonline.hu\/wp-content\/uploads\/2023\/11\/Fa-csap-1.jpg\",\"datePublished\":\"2023-11-22T09:27:49+00:00\",\"dateModified\":\"2025-01-29T07:03:13+00:00\",\"breadcrumb\":{\"@id\":\"https:\/\/hungaroonline.hu\/termek\/hordo-csap\/#breadcrumb\"},\"inLanguage\":\"sl-SI\",\"potentialAction\":[{\"@type\":\"ReadAction\",\"target\":[\"https:\/\/hungaroonline.hu\/termek\/hordo-csap\/\"]}]},{\"@type\":\"ImageObject\",\"inLanguage\":\"sl-SI\",\"@id\":\"https:\/\/hungaroonline.hu\/termek\/hordo-csap\/#primaryimage\",\"url\":\"https:\/\/hungaroonline.hu\/wp-content\/uploads\/2023\/11\/Fa-csap-1.jpg\",\"contentUrl\":\"https:\/\/hungaroonline.hu\/wp-content\/uploads\/2023\/11\/Fa-csap-1.jpg\",\"width\":1000,\"height\":1000,\"caption\":\"Hord\u00f3 csap\"},{\"@type\":\"BreadcrumbList\",\"@id\":\"https:\/\/hungaroonline.hu\/termek\/hordo-csap\/#breadcrumb\",\"itemListElement\":[{\"@type\":\"ListItem\",\"position\":1,\"name\":\"Home\",\"item\":\"https:\/\/hungaroonline.hu\/\"},{\"@type\":\"ListItem\",\"position\":2,\"name\":\"\u00dczlet\",\"item\":\"https:\/\/hungaroonline.hu\/uzlet\/\"},{\"@type\":\"ListItem\",\"position\":3,\"name\":\"Hord\u00f3 csap 5-10 litereshez\"}]},{\"@type\":\"WebSite\",\"@id\":\"https:\/\/hungaroonline.hu\/#website\",\"url\":\"https:\/\/hungaroonline.hu\/\",\"name\":\"HungaroOnline\",\"description\":\"Kutyah\u00e1z - Hord\u00f3 - Raklap b\u00fator - Raklapp\u00e1rna Gy\u00e1rt\u00e1sa\",\"publisher\":{\"@id\":\"https:\/\/hungaroonline.hu\/#organization\"},\"potentialAction\":[{\"@type\":\"SearchAction\",\"target\":{\"@type\":\"EntryPoint\",\"urlTemplate\":\"https:\/\/hungaroonline.hu\/?s={search_term_string}\"},\"query-input\":{\"@type\":\"PropertyValueSpecification\",\"valueRequired\":true,\"valueName\":\"search_term_string\"}}],\"inLanguage\":\"sl-SI\"},{\"@type\":\"Organization\",\"@id\":\"https:\/\/hungaroonline.hu\/#organization\",\"name\":\"HungaroOnline\",\"url\":\"https:\/\/hungaroonline.hu\/\",\"logo\":{\"@type\":\"ImageObject\",\"inLanguage\":\"sl-SI\",\"@id\":\"https:\/\/hungaroonline.hu\/#\/schema\/logo\/image\/\",\"url\":\"https:\/\/hungaroonline.hu\/wp-content\/uploads\/2023\/01\/hungaroonline-footer-logo-color-a.png\",\"contentUrl\":\"https:\/\/hungaroonline.hu\/wp-content\/uploads\/2023\/01\/hungaroonline-footer-logo-color-a.png\",\"width\":970,\"height\":86,\"caption\":\"HungaroOnline\"},\"image\":{\"@id\":\"https:\/\/hungaroonline.hu\/#\/schema\/logo\/image\/\"},\"sameAs\":[\"https:\/\/www.facebook.com\/hungaroonline\"]}]}<\/script>\n<!-- \/ Yoast SEO plugin. -->","yoast_head_json":{"title":"Hord\u00f3 csap 5-10 litereshez - HungaroOnline","robots":{"index":"index","follow":"follow","max-snippet":"max-snippet:-1","max-image-preview":"max-image-preview:large","max-video-preview":"max-video-preview:-1"},"canonical":"https:\/\/hungaroonline.hu\/sl\/izdelek\/hordo-csap\/","og_locale":"sl_SI","og_type":"article","og_title":"Hord\u00f3 csap","og_description":"Fa hord\u00f3csap.Parafa z\u00e1r\u00f3 betett\u00e9l!","og_url":"https:\/\/hungaroonline.hu\/sl\/izdelek\/hordo-csap\/","og_site_name":"HungaroOnline","article_publisher":"https:\/\/www.facebook.com\/hungaroonline","article_modified_time":"2025-01-29T07:03:13+00:00","og_image":[{"width":1000,"height":1000,"url":"https:\/\/hungaroonline.hu\/wp-content\/uploads\/2023\/11\/Fa-csap-1.jpg","type":"image\/jpeg"}],"twitter_card":"summary_large_image","twitter_misc":{"Est. reading time":"1 minuta"},"schema":{"@context":"https:\/\/schema.org","@graph":[{"@type":"WebPage","@id":"https:\/\/hungaroonline.hu\/termek\/hordo-csap\/","url":"https:\/\/hungaroonline.hu\/termek\/hordo-csap\/","name":"Hord\u00f3 csap 5-10 litereshez - HungaroOnline","isPartOf":{"@id":"https:\/\/hungaroonline.hu\/#website"},"primaryImageOfPage":{"@id":"https:\/\/hungaroonline.hu\/termek\/hordo-csap\/#primaryimage"},"image":{"@id":"https:\/\/hungaroonline.hu\/termek\/hordo-csap\/#primaryimage"},"thumbnailUrl":"https:\/\/hungaroonline.hu\/wp-content\/uploads\/2023\/11\/Fa-csap-1.jpg","datePublished":"2023-11-22T09:27:49+00:00","dateModified":"2025-01-29T07:03:13+00:00","breadcrumb":{"@id":"https:\/\/hungaroonline.hu\/termek\/hordo-csap\/#breadcrumb"},"inLanguage":"sl-SI","potentialAction":[{"@type":"ReadAction","target":["https:\/\/hungaroonline.hu\/termek\/hordo-csap\/"]}]},{"@type":"ImageObject","inLanguage":"sl-SI","@id":"https:\/\/hungaroonline.hu\/termek\/hordo-csap\/#primaryimage","url":"https:\/\/hungaroonline.hu\/wp-content\/uploads\/2023\/11\/Fa-csap-1.jpg","contentUrl":"https:\/\/hungaroonline.hu\/wp-content\/uploads\/2023\/11\/Fa-csap-1.jpg","width":1000,"height":1000,"caption":"Hord\u00f3 csap"},{"@type":"BreadcrumbList","@id":"https:\/\/hungaroonline.hu\/termek\/hordo-csap\/#breadcrumb","itemListElement":[{"@type":"ListItem","position":1,"name":"Home","item":"https:\/\/hungaroonline.hu\/"},{"@type":"ListItem","position":2,"name":"\u00dczlet","item":"https:\/\/hungaroonline.hu\/uzlet\/"},{"@type":"ListItem","position":3,"name":"Hord\u00f3 csap 5-10 litereshez"}]},{"@type":"WebSite","@id":"https:\/\/hungaroonline.hu\/#website","url":"https:\/\/hungaroonline.hu\/","name":"HungaroOnline","description":"Pasja uta - Sod - Pohi\u0161tvo iz palet - Izdelava blazin iz palet","publisher":{"@id":"https:\/\/hungaroonline.hu\/#organization"},"potentialAction":[{"@type":"SearchAction","target":{"@type":"EntryPoint","urlTemplate":"https:\/\/hungaroonline.hu\/?s={search_term_string}"},"query-input":{"@type":"PropertyValueSpecification","valueRequired":true,"valueName":"search_term_string"}}],"inLanguage":"sl-SI"},{"@type":"Organization","@id":"https:\/\/hungaroonline.hu\/#organization","name":"HungaroOnline","url":"https:\/\/hungaroonline.hu\/","logo":{"@type":"ImageObject","inLanguage":"sl-SI","@id":"https:\/\/hungaroonline.hu\/#\/schema\/logo\/image\/","url":"https:\/\/hungaroonline.hu\/wp-content\/uploads\/2023\/01\/hungaroonline-footer-logo-color-a.png","contentUrl":"https:\/\/hungaroonline.hu\/wp-content\/uploads\/2023\/01\/hungaroonline-footer-logo-color-a.png","width":970,"height":86,"caption":"HungaroOnline"},"image":{"@id":"https:\/\/hungaroonline.hu\/#\/schema\/logo\/image\/"},"sameAs":["https:\/\/www.facebook.com\/hungaroonline"]}]}},"_links":{"self":[{"href":"https:\/\/hungaroonline.hu\/sl\/wp-json\/wp\/v2\/product\/6170","targetHints":{"allow":["GET"]}}],"collection":[{"href":"https:\/\/hungaroonline.hu\/sl\/wp-json\/wp\/v2\/product"}],"about":[{"href":"https:\/\/hungaroonline.hu\/sl\/wp-json\/wp\/v2\/types\/product"}],"replies":[{"embeddable":true,"href":"https:\/\/hungaroonline.hu\/sl\/wp-json\/wp\/v2\/comments?post=6170"}],"version-history":[{"count":4,"href":"https:\/\/hungaroonline.hu\/sl\/wp-json\/wp\/v2\/product\/6170\/revisions"}],"predecessor-version":[{"id":6407,"href":"https:\/\/hungaroonline.hu\/sl\/wp-json\/wp\/v2\/product\/6170\/revisions\/6407"}],"wp:featuredmedia":[{"embeddable":true,"href":"https:\/\/hungaroonline.hu\/sl\/wp-json\/wp\/v2\/media\/6172"}],"wp:attachment":[{"href":"https:\/\/hungaroonline.hu\/sl\/wp-json\/wp\/v2\/media?parent=6170"}],"wp:term":[{"taxonomy":"product_brand","embeddable":true,"href":"https:\/\/hungaroonline.hu\/sl\/wp-json\/wp\/v2\/product_brand?post=6170"},{"taxonomy":"product_cat","embeddable":true,"href":"https:\/\/hungaroonline.hu\/sl\/wp-json\/wp\/v2\/product_cat?post=6170"},{"taxonomy":"product_tag","embeddable":true,"href":"https:\/\/hungaroonline.hu\/sl\/wp-json\/wp\/v2\/product_tag?post=6170"}],"curies":[{"name":"delovni list","href":"https:\/\/api.w.org\/{rel}","templated":true}]}}