{"id":2846,"date":"2021-03-08T11:59:18","date_gmt":"2021-03-08T10:59:18","guid":{"rendered":"https:\/\/hungaroonline.hempa.hu\/?post_type=product&#038;p=2846"},"modified":"2025-07-24T10:48:56","modified_gmt":"2025-07-24T08:48:56","slug":"raklap-butor-sarokulo-garnitura-univerzalis-elem","status":"publish","type":"product","link":"https:\/\/hungaroonline.hu\/sl\/izdelek\/raklap-butor-sarokulo-garnitura-univerzalis-elem\/","title":{"rendered":"Kotni univerzalni element"},"content":{"rendered":"<p><img fetchpriority=\"high\" decoding=\"async\" class=\"size-medium wp-image-7188 aligncenter\" src=\"https:\/\/hungaroonline.hu\/wp-content\/uploads\/2024\/02\/raklap-butor-uj-1-5-300x300.jpg\" alt=\"Raklap b\u00fator\" width=\"300\" height=\"300\" srcset=\"https:\/\/hungaroonline.hu\/wp-content\/uploads\/2024\/02\/raklap-butor-uj-1-5-300x300.jpg 300w, https:\/\/hungaroonline.hu\/wp-content\/uploads\/2024\/02\/raklap-butor-uj-1-5-12x12.jpg 12w, https:\/\/hungaroonline.hu\/wp-content\/uploads\/2024\/02\/raklap-butor-uj-1-5-100x100.jpg 100w, https:\/\/hungaroonline.hu\/wp-content\/uploads\/2024\/02\/raklap-butor-uj-1-5.jpg 600w\" sizes=\"(max-width: 300px) 100vw, 300px\" \/><\/p>\n<p>&nbsp;<\/p>\n<p style=\"text-align: center;\"><strong>V na\u0161i mizarski delavnici \u017ee 15 let izdelujemo kvalitetno pohi\u0161tvo iz palet!<\/strong><\/p>\n<p>&nbsp;<\/p>\n<p>&nbsp;<\/p>\n<p>&nbsp;<\/p>\n<p><strong>\u00a0 \u00a0 \u00a0 \u00a0Zakaj izbrati na\u0161e pohi\u0161tvo?<\/strong><\/p>\n<ul>\n<li>Ergonomsko oblikovano pohi\u0161tvo iz palet!<\/li>\n<li>Zahvaljujo\u010d trdnemu lesenemu okvirju je zelo vzdr\u017eljiv!<\/li>\n<li>Pohi\u0161tvo iz palet je brez\u010dasno in zelo trpe\u017eno!<\/li>\n<li>Zahteva malo vzdr\u017eevanja!<\/li>\n<li>Ne gnetemo ga iz palete, torej <strong>veliko <\/strong><strong>bolj mno\u017ei\u010dno!<\/strong><\/li>\n<li>Njegova zasnova je popolnoma zasnovana za uporabo na prostem!<\/li>\n<li>Zagotavljamo 1 leto garancije!<\/li>\n<\/ul>\n<p>&nbsp;<\/p>\n<p>&nbsp;<\/p>\n<p>&nbsp;<\/p>\n<p>Nad dolo\u010denim \u0161tevilom kosov vam na\u0161e pohi\u0161tvo dostavimo zapakirano, kar pomeni, da pride k vam nesestavljeno, zato je ta na\u010din dostave najugodnej\u0161i!<\/p>\n<p>&nbsp;<\/p>\n<p>&nbsp;<\/p>\n<p><strong> Enostaven za sestavljanje!<\/strong><\/p>\n<p>- Dodamo navodila za monta\u017eo.<\/p>\n<p>- Elementi so prikazani s sestavno risbo.<\/p>\n<p>- Predvrtano je.<\/p>\n<p>- Mo\u017ena monta\u017ea z vijakom ene velikosti!<\/p>\n<p>&nbsp;<\/p>\n<p>&nbsp;<\/p>\n<p><em><strong>Upo\u0161tevajte, da je les naraven material, zato se na njem lahko pojavijo nepravilnosti!<\/strong><\/em><\/p>\n<p>&nbsp;<\/p>\n<p>&nbsp;<\/p>\n<p><strong>Splo\u0161ne zna\u010dilnosti:<\/strong><\/p>\n<p>Garancija: 1 leto.<\/p>\n<p>\u0160tevilo kosov: 1.<\/p>\n<p>Barva: Naravna - Nebarvana!<\/p>\n<p>Material: 1,8 cm debel topolov les.<\/p>\n<p>Sedalna povr\u0161ina: \u0161irina 59 cm, dol\u017eina 59 cm.<\/p>\n<p>Tlorisna povr\u0161ina: \u0161irina 59 cm, dol\u017eina 59 cm, vi\u0161ina 37 cm.<\/p>\n<p>Te\u017ea: 25 kg<\/p>\n<p>Dobavni rok: 5-8 delovnih dni!<\/p>\n<p>&nbsp;<\/p>\n<p><strong>Podrobnosti o po\u0161iljanju:<\/strong><\/p>\n<p>Pohi\u0161tvo iz palet je mo\u017een tudi osebni prevzem, zato je lahko stro\u0161ek po\u0161iljanja ugodnej\u0161i!<\/p>\n<p>Nacionalne po\u0161iljke dostavljamo na paletah s kurirsko slu\u017ebo TLS, a <strong>prevelika<\/strong> in <strong>od svoje te\u017ee<\/strong> torej stro\u0161ki po\u0161iljanja: <strong>32000 HUF<\/strong>.<\/p>\n<p><em><strong>Zakaj so stro\u0161ki po\u0161iljanja tako visoki?<\/strong><\/em><\/p>\n<ul>\n<li>1 EURO paleta zavzema tlorisno povr\u0161ino 120\u00d780 cm!<\/li>\n<li>Vi\u0161ina izdelka je med 150-220 cm!<\/li>\n<li>Te\u017ea nad 100 kg!<\/li>\n<\/ul>\n<p>&nbsp;<\/p>\n<p>&nbsp;<\/p>\n<p><strong><a href=\"https:\/\/hungaroonline.hu\/sl\/izdelek\/raklapparna-1x50x50x14-2\/\"><span style=\"color: #0000ff;\">Za naro\u010dilo ustrezne blazine za pohi\u0161tvo iz palet kliknite tukaj:<\/span><\/a><\/strong><\/p>\n<p>&nbsp;<\/p>\n<p>&nbsp;<\/p>\n<p><strong><span style=\"color: #0000ff;\"><a style=\"color: #0000ff;\" href=\"https:\/\/hungaroonline.hu\/sl\/raklap-butor\/?v=baba78b405b0\">VE\u010c SLIK TUKAJ:\u00a0<\/a><\/span><\/strong><\/p>\n<p>&nbsp;<\/p>\n<p>&nbsp;<\/p>\n<p>&nbsp;<\/p>\n<p>&nbsp;<\/p>\n<p>&nbsp;<\/p>","protected":false},"excerpt":{"rendered":"<p>&nbsp; V na\u0161i mizarski delavnici \u017ee 15 let izdelujemo kvalitetno pohi\u0161tvo iz palet!        Zakaj izbrati na\u0161e pohi\u0161tvo? Ergonomsko oblikovano pohi\u0161tvo iz palet! Zahvaljujo\u010d trdnemu lesenemu okvirju je zelo vzdr\u017eljiv! Pohi\u0161tvo iz palet je brez\u010dasno in zelo trpe\u017eno! Zahteva malo vzdr\u017eevanja! Ne gnetemo ga iz palete, zato je veliko bolj trden! Njegova zasnova je popolnoma zasnovana za uporabo na prostem! 1 leto [\u2026]<\/p>","protected":false},"featured_media":2802,"comment_status":"closed","ping_status":"closed","template":"","meta":[],"product_brand":[],"product_cat":[100],"product_tag":[],"class_list":{"0":"post-2846","1":"product","2":"type-product","3":"status-publish","4":"has-post-thumbnail","6":"product_cat-raklap-butor","7":"product_shipping_class-raklap-butor-20-000-ft","9":"first","10":"instock","11":"purchasable","12":"product-type-simple"},"yoast_head":"<!-- This site is optimized with the Yoast SEO plugin v26.6 - https:\/\/yoast.com\/wordpress\/plugins\/seo\/ -->\n<title>Sarok\u00fcl\u0151 univerz\u00e1lis elem - HungaroOnline<\/title>\n<meta name=\"description\" content=\"1 \u00c9V GARANCI\u00c1VAL! ASZTALOSOK\u00a0\u00c1LTAL ELK\u00c9SZ\u00cdTETT TERM\u00c9K! Kerti raklap b\u00fatorunk ide\u00e1lis v\u00e1laszt\u00e1s pihen\u00e9sre \u00e9s kellemes id\u0151t\u00f6lt\u00e9sre csal\u00e1dj\u00e1val vagy bar\u00e1taival. A raklap b\u00fator id\u0151t\u00e1ll\u00f3 kialak\u00edt\u00e1s\u00e1nak k\u00f6sz\u00f6nhet\u0151en a fa rusztikus b\u00e1jt k\u00f6lcs\u00f6n\u00f6z terasz\u00e1nak, kertj\u00e9nek! A kerti garnit\u00fara tart\u00f3s, id\u0151j\u00e1r\u00e1s\u00e1ll\u00f3 \u00e9s k\u00f6rnyezetbar\u00e1t! Ez a garnit\u00fara szil\u00e1rd szerkezet\u0171 \u00e9s kev\u00e9s karbantart\u00e1st ig\u00e9nyel!\" \/>\n<meta name=\"robots\" content=\"index, follow, max-snippet:-1, max-image-preview:large, max-video-preview:-1\" \/>\n<link rel=\"canonical\" href=\"https:\/\/hungaroonline.hu\/sl\/izdelek\/raklap-butor-sarokulo-garnitura-univerzalis-elem\/\" \/>\n<meta property=\"og:locale\" content=\"sl_SI\" \/>\n<meta property=\"og:type\" content=\"article\" \/>\n<meta property=\"og:title\" content=\"Sarok\u00fcl\u0151 univerz\u00e1lis elem - HungaroOnline\" \/>\n<meta property=\"og:description\" content=\"1 \u00c9V GARANCI\u00c1VAL! ASZTALOSOK\u00a0\u00c1LTAL ELK\u00c9SZ\u00cdTETT TERM\u00c9K! Kerti raklap b\u00fatorunk ide\u00e1lis v\u00e1laszt\u00e1s pihen\u00e9sre \u00e9s kellemes id\u0151t\u00f6lt\u00e9sre csal\u00e1dj\u00e1val vagy bar\u00e1taival. A raklap b\u00fator id\u0151t\u00e1ll\u00f3 kialak\u00edt\u00e1s\u00e1nak k\u00f6sz\u00f6nhet\u0151en a fa rusztikus b\u00e1jt k\u00f6lcs\u00f6n\u00f6z terasz\u00e1nak, kertj\u00e9nek! A kerti garnit\u00fara tart\u00f3s, id\u0151j\u00e1r\u00e1s\u00e1ll\u00f3 \u00e9s k\u00f6rnyezetbar\u00e1t! Ez a garnit\u00fara szil\u00e1rd szerkezet\u0171 \u00e9s kev\u00e9s karbantart\u00e1st ig\u00e9nyel!\" \/>\n<meta property=\"og:url\" content=\"https:\/\/hungaroonline.hu\/sl\/izdelek\/raklap-butor-sarokulo-garnitura-univerzalis-elem\/\" \/>\n<meta property=\"og:site_name\" content=\"HungaroOnline\" \/>\n<meta property=\"article:publisher\" content=\"https:\/\/www.facebook.com\/hungaroonline\" \/>\n<meta property=\"article:modified_time\" content=\"2025-07-24T08:48:56+00:00\" \/>\n<meta property=\"og:image\" content=\"https:\/\/hungaroonline.hu\/wp-content\/uploads\/2021\/03\/raklap-butor-2.-1.jpg\" \/>\n\t<meta property=\"og:image:width\" content=\"2500\" \/>\n\t<meta property=\"og:image:height\" content=\"2500\" \/>\n\t<meta property=\"og:image:type\" content=\"image\/jpeg\" \/>\n<meta name=\"twitter:card\" content=\"summary_large_image\" \/>\n<meta name=\"twitter:label1\" content=\"Est. reading time\" \/>\n\t<meta name=\"twitter:data1\" content=\"2 minuti\" \/>\n<script type=\"application\/ld+json\" class=\"yoast-schema-graph\">{\"@context\":\"https:\/\/schema.org\",\"@graph\":[{\"@type\":\"WebPage\",\"@id\":\"https:\/\/hungaroonline.hu\/termek\/raklap-butor-sarokulo-garnitura-univerzalis-elem\/\",\"url\":\"https:\/\/hungaroonline.hu\/termek\/raklap-butor-sarokulo-garnitura-univerzalis-elem\/\",\"name\":\"Sarok\u00fcl\u0151 univerz\u00e1lis elem - HungaroOnline\",\"isPartOf\":{\"@id\":\"https:\/\/hungaroonline.hu\/#website\"},\"primaryImageOfPage\":{\"@id\":\"https:\/\/hungaroonline.hu\/termek\/raklap-butor-sarokulo-garnitura-univerzalis-elem\/#primaryimage\"},\"image\":{\"@id\":\"https:\/\/hungaroonline.hu\/termek\/raklap-butor-sarokulo-garnitura-univerzalis-elem\/#primaryimage\"},\"thumbnailUrl\":\"https:\/\/hungaroonline.hu\/wp-content\/uploads\/2021\/03\/raklap-butor-2.-1.jpg\",\"datePublished\":\"2021-03-08T10:59:18+00:00\",\"dateModified\":\"2025-07-24T08:48:56+00:00\",\"description\":\"1 \u00c9V GARANCI\u00c1VAL! ASZTALOSOK\u00a0\u00c1LTAL ELK\u00c9SZ\u00cdTETT TERM\u00c9K! Kerti raklap b\u00fatorunk ide\u00e1lis v\u00e1laszt\u00e1s pihen\u00e9sre \u00e9s kellemes id\u0151t\u00f6lt\u00e9sre csal\u00e1dj\u00e1val vagy bar\u00e1taival. A raklap b\u00fator id\u0151t\u00e1ll\u00f3 kialak\u00edt\u00e1s\u00e1nak k\u00f6sz\u00f6nhet\u0151en a fa rusztikus b\u00e1jt k\u00f6lcs\u00f6n\u00f6z terasz\u00e1nak, kertj\u00e9nek! A kerti garnit\u00fara tart\u00f3s, id\u0151j\u00e1r\u00e1s\u00e1ll\u00f3 \u00e9s k\u00f6rnyezetbar\u00e1t! Ez a garnit\u00fara szil\u00e1rd szerkezet\u0171 \u00e9s kev\u00e9s karbantart\u00e1st ig\u00e9nyel!\",\"breadcrumb\":{\"@id\":\"https:\/\/hungaroonline.hu\/termek\/raklap-butor-sarokulo-garnitura-univerzalis-elem\/#breadcrumb\"},\"inLanguage\":\"sl-SI\",\"potentialAction\":[{\"@type\":\"ReadAction\",\"target\":[\"https:\/\/hungaroonline.hu\/termek\/raklap-butor-sarokulo-garnitura-univerzalis-elem\/\"]}]},{\"@type\":\"ImageObject\",\"inLanguage\":\"sl-SI\",\"@id\":\"https:\/\/hungaroonline.hu\/termek\/raklap-butor-sarokulo-garnitura-univerzalis-elem\/#primaryimage\",\"url\":\"https:\/\/hungaroonline.hu\/wp-content\/uploads\/2021\/03\/raklap-butor-2.-1.jpg\",\"contentUrl\":\"https:\/\/hungaroonline.hu\/wp-content\/uploads\/2021\/03\/raklap-butor-2.-1.jpg\",\"width\":2500,\"height\":2500},{\"@type\":\"BreadcrumbList\",\"@id\":\"https:\/\/hungaroonline.hu\/termek\/raklap-butor-sarokulo-garnitura-univerzalis-elem\/#breadcrumb\",\"itemListElement\":[{\"@type\":\"ListItem\",\"position\":1,\"name\":\"Home\",\"item\":\"https:\/\/hungaroonline.hu\/\"},{\"@type\":\"ListItem\",\"position\":2,\"name\":\"\u00dczlet\",\"item\":\"https:\/\/hungaroonline.hu\/uzlet\/\"},{\"@type\":\"ListItem\",\"position\":3,\"name\":\"Sarok\u00fcl\u0151 univerz\u00e1lis elem\"}]},{\"@type\":\"WebSite\",\"@id\":\"https:\/\/hungaroonline.hu\/#website\",\"url\":\"https:\/\/hungaroonline.hu\/\",\"name\":\"HungaroOnline\",\"description\":\"Kutyah\u00e1z - Hord\u00f3 - Raklap b\u00fator - Raklapp\u00e1rna Gy\u00e1rt\u00e1sa\",\"publisher\":{\"@id\":\"https:\/\/hungaroonline.hu\/#organization\"},\"potentialAction\":[{\"@type\":\"SearchAction\",\"target\":{\"@type\":\"EntryPoint\",\"urlTemplate\":\"https:\/\/hungaroonline.hu\/?s={search_term_string}\"},\"query-input\":{\"@type\":\"PropertyValueSpecification\",\"valueRequired\":true,\"valueName\":\"search_term_string\"}}],\"inLanguage\":\"sl-SI\"},{\"@type\":\"Organization\",\"@id\":\"https:\/\/hungaroonline.hu\/#organization\",\"name\":\"HungaroOnline\",\"url\":\"https:\/\/hungaroonline.hu\/\",\"logo\":{\"@type\":\"ImageObject\",\"inLanguage\":\"sl-SI\",\"@id\":\"https:\/\/hungaroonline.hu\/#\/schema\/logo\/image\/\",\"url\":\"https:\/\/hungaroonline.hu\/wp-content\/uploads\/2023\/01\/hungaroonline-footer-logo-color-a.png\",\"contentUrl\":\"https:\/\/hungaroonline.hu\/wp-content\/uploads\/2023\/01\/hungaroonline-footer-logo-color-a.png\",\"width\":970,\"height\":86,\"caption\":\"HungaroOnline\"},\"image\":{\"@id\":\"https:\/\/hungaroonline.hu\/#\/schema\/logo\/image\/\"},\"sameAs\":[\"https:\/\/www.facebook.com\/hungaroonline\"]}]}<\/script>\n<!-- \/ Yoast SEO plugin. -->","yoast_head_json":{"title":"Sarok\u00fcl\u0151 univerz\u00e1lis elem - HungaroOnline","description":"1 \u00c9V GARANCI\u00c1VAL! ASZTALOSOK\u00a0\u00c1LTAL ELK\u00c9SZ\u00cdTETT TERM\u00c9K! Kerti raklap b\u00fatorunk ide\u00e1lis v\u00e1laszt\u00e1s pihen\u00e9sre \u00e9s kellemes id\u0151t\u00f6lt\u00e9sre csal\u00e1dj\u00e1val vagy bar\u00e1taival. A raklap b\u00fator id\u0151t\u00e1ll\u00f3 kialak\u00edt\u00e1s\u00e1nak k\u00f6sz\u00f6nhet\u0151en a fa rusztikus b\u00e1jt k\u00f6lcs\u00f6n\u00f6z terasz\u00e1nak, kertj\u00e9nek! A kerti garnit\u00fara tart\u00f3s, id\u0151j\u00e1r\u00e1s\u00e1ll\u00f3 \u00e9s k\u00f6rnyezetbar\u00e1t! Ez a garnit\u00fara szil\u00e1rd szerkezet\u0171 \u00e9s kev\u00e9s karbantart\u00e1st ig\u00e9nyel!","robots":{"index":"index","follow":"follow","max-snippet":"max-snippet:-1","max-image-preview":"max-image-preview:large","max-video-preview":"max-video-preview:-1"},"canonical":"https:\/\/hungaroonline.hu\/sl\/izdelek\/raklap-butor-sarokulo-garnitura-univerzalis-elem\/","og_locale":"sl_SI","og_type":"article","og_title":"Sarok\u00fcl\u0151 univerz\u00e1lis elem - HungaroOnline","og_description":"1 \u00c9V GARANCI\u00c1VAL! ASZTALOSOK\u00a0\u00c1LTAL ELK\u00c9SZ\u00cdTETT TERM\u00c9K! Kerti raklap b\u00fatorunk ide\u00e1lis v\u00e1laszt\u00e1s pihen\u00e9sre \u00e9s kellemes id\u0151t\u00f6lt\u00e9sre csal\u00e1dj\u00e1val vagy bar\u00e1taival. A raklap b\u00fator id\u0151t\u00e1ll\u00f3 kialak\u00edt\u00e1s\u00e1nak k\u00f6sz\u00f6nhet\u0151en a fa rusztikus b\u00e1jt k\u00f6lcs\u00f6n\u00f6z terasz\u00e1nak, kertj\u00e9nek! A kerti garnit\u00fara tart\u00f3s, id\u0151j\u00e1r\u00e1s\u00e1ll\u00f3 \u00e9s k\u00f6rnyezetbar\u00e1t! Ez a garnit\u00fara szil\u00e1rd szerkezet\u0171 \u00e9s kev\u00e9s karbantart\u00e1st ig\u00e9nyel!","og_url":"https:\/\/hungaroonline.hu\/sl\/izdelek\/raklap-butor-sarokulo-garnitura-univerzalis-elem\/","og_site_name":"HungaroOnline","article_publisher":"https:\/\/www.facebook.com\/hungaroonline","article_modified_time":"2025-07-24T08:48:56+00:00","og_image":[{"width":2500,"height":2500,"url":"https:\/\/hungaroonline.hu\/wp-content\/uploads\/2021\/03\/raklap-butor-2.-1.jpg","type":"image\/jpeg"}],"twitter_card":"summary_large_image","twitter_misc":{"Est. reading time":"2 minuti"},"schema":{"@context":"https:\/\/schema.org","@graph":[{"@type":"WebPage","@id":"https:\/\/hungaroonline.hu\/termek\/raklap-butor-sarokulo-garnitura-univerzalis-elem\/","url":"https:\/\/hungaroonline.hu\/termek\/raklap-butor-sarokulo-garnitura-univerzalis-elem\/","name":"Sarok\u00fcl\u0151 univerz\u00e1lis elem - HungaroOnline","isPartOf":{"@id":"https:\/\/hungaroonline.hu\/#website"},"primaryImageOfPage":{"@id":"https:\/\/hungaroonline.hu\/termek\/raklap-butor-sarokulo-garnitura-univerzalis-elem\/#primaryimage"},"image":{"@id":"https:\/\/hungaroonline.hu\/termek\/raklap-butor-sarokulo-garnitura-univerzalis-elem\/#primaryimage"},"thumbnailUrl":"https:\/\/hungaroonline.hu\/wp-content\/uploads\/2021\/03\/raklap-butor-2.-1.jpg","datePublished":"2021-03-08T10:59:18+00:00","dateModified":"2025-07-24T08:48:56+00:00","description":"1 \u00c9V GARANCI\u00c1VAL! ASZTALOSOK\u00a0\u00c1LTAL ELK\u00c9SZ\u00cdTETT TERM\u00c9K! Kerti raklap b\u00fatorunk ide\u00e1lis v\u00e1laszt\u00e1s pihen\u00e9sre \u00e9s kellemes id\u0151t\u00f6lt\u00e9sre csal\u00e1dj\u00e1val vagy bar\u00e1taival. A raklap b\u00fator id\u0151t\u00e1ll\u00f3 kialak\u00edt\u00e1s\u00e1nak k\u00f6sz\u00f6nhet\u0151en a fa rusztikus b\u00e1jt k\u00f6lcs\u00f6n\u00f6z terasz\u00e1nak, kertj\u00e9nek! A kerti garnit\u00fara tart\u00f3s, id\u0151j\u00e1r\u00e1s\u00e1ll\u00f3 \u00e9s k\u00f6rnyezetbar\u00e1t! Ez a garnit\u00fara szil\u00e1rd szerkezet\u0171 \u00e9s kev\u00e9s karbantart\u00e1st ig\u00e9nyel!","breadcrumb":{"@id":"https:\/\/hungaroonline.hu\/termek\/raklap-butor-sarokulo-garnitura-univerzalis-elem\/#breadcrumb"},"inLanguage":"sl-SI","potentialAction":[{"@type":"ReadAction","target":["https:\/\/hungaroonline.hu\/termek\/raklap-butor-sarokulo-garnitura-univerzalis-elem\/"]}]},{"@type":"ImageObject","inLanguage":"sl-SI","@id":"https:\/\/hungaroonline.hu\/termek\/raklap-butor-sarokulo-garnitura-univerzalis-elem\/#primaryimage","url":"https:\/\/hungaroonline.hu\/wp-content\/uploads\/2021\/03\/raklap-butor-2.-1.jpg","contentUrl":"https:\/\/hungaroonline.hu\/wp-content\/uploads\/2021\/03\/raklap-butor-2.-1.jpg","width":2500,"height":2500},{"@type":"BreadcrumbList","@id":"https:\/\/hungaroonline.hu\/termek\/raklap-butor-sarokulo-garnitura-univerzalis-elem\/#breadcrumb","itemListElement":[{"@type":"ListItem","position":1,"name":"Home","item":"https:\/\/hungaroonline.hu\/"},{"@type":"ListItem","position":2,"name":"\u00dczlet","item":"https:\/\/hungaroonline.hu\/uzlet\/"},{"@type":"ListItem","position":3,"name":"Sarok\u00fcl\u0151 univerz\u00e1lis elem"}]},{"@type":"WebSite","@id":"https:\/\/hungaroonline.hu\/#website","url":"https:\/\/hungaroonline.hu\/","name":"HungaroOnline","description":"Pasja uta - Sod - Pohi\u0161tvo iz palet - Izdelava blazin iz palet","publisher":{"@id":"https:\/\/hungaroonline.hu\/#organization"},"potentialAction":[{"@type":"SearchAction","target":{"@type":"EntryPoint","urlTemplate":"https:\/\/hungaroonline.hu\/?s={search_term_string}"},"query-input":{"@type":"PropertyValueSpecification","valueRequired":true,"valueName":"search_term_string"}}],"inLanguage":"sl-SI"},{"@type":"Organization","@id":"https:\/\/hungaroonline.hu\/#organization","name":"HungaroOnline","url":"https:\/\/hungaroonline.hu\/","logo":{"@type":"ImageObject","inLanguage":"sl-SI","@id":"https:\/\/hungaroonline.hu\/#\/schema\/logo\/image\/","url":"https:\/\/hungaroonline.hu\/wp-content\/uploads\/2023\/01\/hungaroonline-footer-logo-color-a.png","contentUrl":"https:\/\/hungaroonline.hu\/wp-content\/uploads\/2023\/01\/hungaroonline-footer-logo-color-a.png","width":970,"height":86,"caption":"HungaroOnline"},"image":{"@id":"https:\/\/hungaroonline.hu\/#\/schema\/logo\/image\/"},"sameAs":["https:\/\/www.facebook.com\/hungaroonline"]}]}},"_links":{"self":[{"href":"https:\/\/hungaroonline.hu\/sl\/wp-json\/wp\/v2\/product\/2846","targetHints":{"allow":["GET"]}}],"collection":[{"href":"https:\/\/hungaroonline.hu\/sl\/wp-json\/wp\/v2\/product"}],"about":[{"href":"https:\/\/hungaroonline.hu\/sl\/wp-json\/wp\/v2\/types\/product"}],"replies":[{"embeddable":true,"href":"https:\/\/hungaroonline.hu\/sl\/wp-json\/wp\/v2\/comments?post=2846"}],"version-history":[{"count":9,"href":"https:\/\/hungaroonline.hu\/sl\/wp-json\/wp\/v2\/product\/2846\/revisions"}],"predecessor-version":[{"id":7311,"href":"https:\/\/hungaroonline.hu\/sl\/wp-json\/wp\/v2\/product\/2846\/revisions\/7311"}],"wp:featuredmedia":[{"embeddable":true,"href":"https:\/\/hungaroonline.hu\/sl\/wp-json\/wp\/v2\/media\/2802"}],"wp:attachment":[{"href":"https:\/\/hungaroonline.hu\/sl\/wp-json\/wp\/v2\/media?parent=2846"}],"wp:term":[{"taxonomy":"product_brand","embeddable":true,"href":"https:\/\/hungaroonline.hu\/sl\/wp-json\/wp\/v2\/product_brand?post=2846"},{"taxonomy":"product_cat","embeddable":true,"href":"https:\/\/hungaroonline.hu\/sl\/wp-json\/wp\/v2\/product_cat?post=2846"},{"taxonomy":"product_tag","embeddable":true,"href":"https:\/\/hungaroonline.hu\/sl\/wp-json\/wp\/v2\/product_tag?post=2846"}],"curies":[{"name":"delovni list","href":"https:\/\/api.w.org\/{rel}","templated":true}]}}