{"id":2673,"date":"2021-02-10T10:40:34","date_gmt":"2021-02-10T09:40:34","guid":{"rendered":"https:\/\/hungaroonline.hempa.hu\/?post_type=product&#038;p=2673"},"modified":"2025-07-24T15:42:48","modified_gmt":"2025-07-24T13:42:48","slug":"extra-nagy-kutyahaz-satortetos-hoszigetelessel","status":"publish","type":"product","link":"https:\/\/hungaroonline.hu\/sl\/izdelek\/extra-nagy-kutyahaz-satortetos-hoszigetelessel\/","title":{"rendered":"(XL) IZJEMNO VELIKA pasja uta s \u0161otorom in toplotno izolacijo"},"content":{"rendered":"<p>&nbsp;<\/p>\n<p><img fetchpriority=\"high\" decoding=\"async\" class=\"wp-image-7319 aligncenter\" src=\"https:\/\/hungaroonline.hu\/wp-content\/uploads\/2021\/02\/kutyahaz-1-1-375x300.jpg\" alt=\"kutyah\u00e1z\" width=\"333\" height=\"266\" srcset=\"https:\/\/hungaroonline.hu\/wp-content\/uploads\/2021\/02\/kutyahaz-1-1-375x300.jpg 375w, https:\/\/hungaroonline.hu\/wp-content\/uploads\/2021\/02\/kutyahaz-1-1-1110x888.jpg 1110w, https:\/\/hungaroonline.hu\/wp-content\/uploads\/2021\/02\/kutyahaz-1-1-768x614.jpg 768w, https:\/\/hungaroonline.hu\/wp-content\/uploads\/2021\/02\/kutyahaz-1-1-1536x1229.jpg 1536w, https:\/\/hungaroonline.hu\/wp-content\/uploads\/2021\/02\/kutyahaz-1-1-2048x1638.jpg 2048w, https:\/\/hungaroonline.hu\/wp-content\/uploads\/2021\/02\/kutyahaz-1-1-15x12.jpg 15w, https:\/\/hungaroonline.hu\/wp-content\/uploads\/2021\/02\/kutyahaz-1-1-1000x800.jpg 1000w\" sizes=\"(max-width: 333px) 100vw, 333px\" \/><\/p>\n<p style=\"text-align: center;\"><strong>V na\u0161i mizarski delavnici \u017ee 15 let izdelujemo kakovostne, na vremenske vplive odporne in trpe\u017ene pasje ute!<\/strong><\/p>\n<p>&nbsp;<\/p>\n<p>&nbsp;<\/p>\n<p>&nbsp;<\/p>\n<p><strong><em>Zakaj izbrati na\u0161e hi\u0161ice za pse?<\/em><\/strong><\/p>\n<ul>\n<li>Izdelujemo ga iz skobljanega 1,5 cm borovega lesa!<\/li>\n<li>Zahvaljujo\u010d trdnemu lesenemu okvirju je zelo vzdr\u017eljiv!<\/li>\n<li>Dno pasje ute je dvignjeno 3 cm od tal!<\/li>\n<li>2 cm stiropora, plus obloga iz vezanega lesa!<\/li>\n<li>Stranska stena in dno sta izolirana!<\/li>\n<li>Njegova zasnova je popolnoma zasnovana za uporabo na prostem!<\/li>\n<li>Zagotavljamo 1 letno garancijo na na\u0161e pasje ute!<\/li>\n<\/ul>\n<p>&nbsp;<\/p>\n<p>&nbsp;<\/p>\n<p>Na\u0161e hi\u0161ice za pse so poslane ravno zapakirane, kar pomeni, da prispejo k vam nesestavljene, zato je ta na\u010din po\u0161iljanja stro\u0161kovno naju\u010dinkovitej\u0161a mo\u017enost!<\/p>\n<p>&nbsp;<\/p>\n<p>&nbsp;<\/p>\n<p><strong>Na\u0161e pasje hi\u0161ice za plosko namestitev so enostavne za sestavo!<\/strong><\/p>\n<p>- Dodali bomo navodila za monta\u017eo!<\/p>\n<p>- Predvrtano je!<\/p>\n<p>- Mo\u017ena monta\u017ea z vijakom ene velikosti!<\/p>\n<p>&nbsp;<\/p>\n<p>&nbsp;<\/p>\n<p>&nbsp;<\/p>\n<p>Velikosti:<\/p>\n<p>Zunanje mere: \u0161irina 80 cm, dol\u017eina 100 cm, vi\u0161ina 90 cm.<\/p>\n<p>&nbsp;<\/p>\n<p>Notranje mere: \u0161irina 76 cm, dol\u017eina 96 cm, vi\u0161ina 85 cm.<\/p>\n<p>&nbsp;<\/p>\n<p>Velikost vhoda: \u0161irina 40 cm, vi\u0161ina 60 cm.<\/p>\n<p>&nbsp;<\/p>\n<p>Barva: Naravna - Nebarvana!<\/p>\n<p>&nbsp;<\/p>\n<p>&nbsp;<\/p>\n<p><em><b>Izjemno velika pasja uta <strong>na primer<\/strong>: <\/b>Priporo\u010damo za rotvajlerja (samca), dobermana (samca), tibetanskega mastifa, bulmastifa, velikega \u0161navcerja, kuvasa, komondorja, cane corsa, moskovskega \u010duvaja.<\/em><\/p>\n<p>&nbsp;<\/p>\n<p>&nbsp;<\/p>\n<p><em>Pasja uta<strong> velikost in<\/strong> <strong>od svoje te\u017ee<\/strong> (63 kg), kar pomeni stro\u0161ke po\u0161iljanja: <strong>8000 HUF<\/strong><\/em><\/p>\n<p>&nbsp;<\/p>\n<p>&nbsp;<\/p>\n<p><a href=\"https:\/\/hungaroonline.hu\/sl\/kutyahazak\/?v=baba78b405b0\"><em><strong><span style=\"color: #3366ff;\">VE\u010c SLIK TUKAJ<\/span><\/strong><\/em><\/a><\/p>\n<p>&nbsp;<\/p>\n<p>&nbsp;<\/p>\n<p>&nbsp;<\/p>\n<p>&nbsp;<\/p>","protected":false},"excerpt":{"rendered":"<p><strong><em>Izdelek, ki ga izdelujejo mizarji!<\/em><\/strong><\/p>\n<p><em>Stranska vrata!<\/em><\/p>\n<p>Dobavni rok: 3-6 delovnih dni!<\/p>\n<p>&nbsp;<\/p>","protected":false},"featured_media":2664,"comment_status":"closed","ping_status":"closed","template":"","meta":[],"product_brand":[],"product_cat":[43],"product_tag":[],"class_list":{"0":"post-2673","1":"product","2":"type-product","3":"status-publish","4":"has-post-thumbnail","6":"product_cat-kutyahazak-tobb-meretben","7":"product_shipping_class-kutyahaz-extra-nagy5","9":"first","10":"instock","11":"purchasable","12":"product-type-simple"},"yoast_head":"<!-- This site is optimized with the Yoast SEO plugin v26.6 - https:\/\/yoast.com\/wordpress\/plugins\/seo\/ -->\n<title>(XL) EXTRA NAGY s\u00e1tortet\u0151s kutyah\u00e1z h\u0151szigetel\u00e9ssel - HungaroOnline<\/title>\n<meta name=\"description\" content=\"MI\u00c9RT J\u00d3 V\u00c1LASZT\u00c1S EZ A KUTYAH\u00c1Z: Asztalosok \u00e1ltal elk\u00e9sz\u00edtett term\u00e9k! Gyalult 1,5 cm feny\u0151fa lamb\u00e9ri\u00e1b\u00f3l k\u00e9sz\u00edtj\u00fck! T\u00f6m\u00f6r fav\u00e1z\u00e1nak k\u00f6sz\u00f6nhet\u0151en nagyon\u00a0 strapab\u00edr\u00f3! A kutyah\u00e1z feneke 3 cm-re el van emelve a f\u00f6ldt\u0151l! 1 \u00e9v j\u00f3t\u00e1ll\u00e1st biztos\u00edtunk!\" \/>\n<meta name=\"robots\" content=\"index, follow, max-snippet:-1, max-image-preview:large, max-video-preview:-1\" \/>\n<link rel=\"canonical\" href=\"https:\/\/hungaroonline.hu\/sl\/izdelek\/extra-nagy-kutyahaz-satortetos-hoszigetelessel\/\" \/>\n<meta property=\"og:locale\" content=\"sl_SI\" \/>\n<meta property=\"og:type\" content=\"article\" \/>\n<meta property=\"og:title\" content=\"Extra nagy s\u00e1tortet\u00f6s kutyah\u00e1z\" \/>\n<meta property=\"og:description\" content=\"MI\u00c9RT J\u00d3 V\u00c1LASZT\u00c1S EZ A KUTYAH\u00c1Z: Asztalosok \u00e1ltal elk\u00e9sz\u00edtett term\u00e9k! Gyalult 1,5 cm feny\u0151fa lamb\u00e9ri\u00e1b\u00f3l k\u00e9sz\u00edtj\u00fck! T\u00f6m\u00f6r fav\u00e1z\u00e1nak k\u00f6sz\u00f6nhet\u0151en nagyon\u00a0 strapab\u00edr\u00f3! A kutyah\u00e1z feneke 3 cm-re el van emelve a f\u00f6ldt\u0151l! 1 \u00e9v j\u00f3t\u00e1ll\u00e1st biztos\u00edtunk!\" \/>\n<meta property=\"og:url\" content=\"https:\/\/hungaroonline.hu\/sl\/izdelek\/extra-nagy-kutyahaz-satortetos-hoszigetelessel\/\" \/>\n<meta property=\"og:site_name\" content=\"HungaroOnline\" \/>\n<meta property=\"article:publisher\" content=\"https:\/\/www.facebook.com\/hungaroonline\" \/>\n<meta property=\"article:modified_time\" content=\"2025-07-24T13:42:48+00:00\" \/>\n<meta property=\"og:image\" content=\"https:\/\/hungaroonline.hu\/wp-content\/uploads\/2021\/02\/kutyahaz-4.jpg\" \/>\n\t<meta property=\"og:image:width\" content=\"960\" \/>\n\t<meta property=\"og:image:height\" content=\"960\" \/>\n\t<meta property=\"og:image:type\" content=\"image\/jpeg\" \/>\n<meta name=\"twitter:card\" content=\"summary_large_image\" \/>\n<meta name=\"twitter:label1\" content=\"Est. reading time\" \/>\n\t<meta name=\"twitter:data1\" content=\"2 minuti\" \/>\n<script type=\"application\/ld+json\" class=\"yoast-schema-graph\">{\"@context\":\"https:\/\/schema.org\",\"@graph\":[{\"@type\":\"WebPage\",\"@id\":\"https:\/\/hungaroonline.hu\/termek\/extra-nagy-kutyahaz-satortetos-hoszigetelessel\/\",\"url\":\"https:\/\/hungaroonline.hu\/termek\/extra-nagy-kutyahaz-satortetos-hoszigetelessel\/\",\"name\":\"(XL) EXTRA NAGY s\u00e1tortet\u0151s kutyah\u00e1z h\u0151szigetel\u00e9ssel - HungaroOnline\",\"isPartOf\":{\"@id\":\"https:\/\/hungaroonline.hu\/#website\"},\"primaryImageOfPage\":{\"@id\":\"https:\/\/hungaroonline.hu\/termek\/extra-nagy-kutyahaz-satortetos-hoszigetelessel\/#primaryimage\"},\"image\":{\"@id\":\"https:\/\/hungaroonline.hu\/termek\/extra-nagy-kutyahaz-satortetos-hoszigetelessel\/#primaryimage\"},\"thumbnailUrl\":\"https:\/\/hungaroonline.hu\/wp-content\/uploads\/2021\/02\/kutyahaz-13-scaled.jpg\",\"datePublished\":\"2021-02-10T09:40:34+00:00\",\"dateModified\":\"2025-07-24T13:42:48+00:00\",\"description\":\"MI\u00c9RT J\u00d3 V\u00c1LASZT\u00c1S EZ A KUTYAH\u00c1Z: Asztalosok \u00e1ltal elk\u00e9sz\u00edtett term\u00e9k! Gyalult 1,5 cm feny\u0151fa lamb\u00e9ri\u00e1b\u00f3l k\u00e9sz\u00edtj\u00fck! T\u00f6m\u00f6r fav\u00e1z\u00e1nak k\u00f6sz\u00f6nhet\u0151en nagyon\u00a0 strapab\u00edr\u00f3! A kutyah\u00e1z feneke 3 cm-re el van emelve a f\u00f6ldt\u0151l! 1 \u00e9v j\u00f3t\u00e1ll\u00e1st biztos\u00edtunk!\",\"breadcrumb\":{\"@id\":\"https:\/\/hungaroonline.hu\/termek\/extra-nagy-kutyahaz-satortetos-hoszigetelessel\/#breadcrumb\"},\"inLanguage\":\"sl-SI\",\"potentialAction\":[{\"@type\":\"ReadAction\",\"target\":[\"https:\/\/hungaroonline.hu\/termek\/extra-nagy-kutyahaz-satortetos-hoszigetelessel\/\"]}]},{\"@type\":\"ImageObject\",\"inLanguage\":\"sl-SI\",\"@id\":\"https:\/\/hungaroonline.hu\/termek\/extra-nagy-kutyahaz-satortetos-hoszigetelessel\/#primaryimage\",\"url\":\"https:\/\/hungaroonline.hu\/wp-content\/uploads\/2021\/02\/kutyahaz-13-scaled.jpg\",\"contentUrl\":\"https:\/\/hungaroonline.hu\/wp-content\/uploads\/2021\/02\/kutyahaz-13-scaled.jpg\",\"width\":2560,\"height\":2560},{\"@type\":\"BreadcrumbList\",\"@id\":\"https:\/\/hungaroonline.hu\/termek\/extra-nagy-kutyahaz-satortetos-hoszigetelessel\/#breadcrumb\",\"itemListElement\":[{\"@type\":\"ListItem\",\"position\":1,\"name\":\"Home\",\"item\":\"https:\/\/hungaroonline.hu\/\"},{\"@type\":\"ListItem\",\"position\":2,\"name\":\"\u00dczlet\",\"item\":\"https:\/\/hungaroonline.hu\/uzlet\/\"},{\"@type\":\"ListItem\",\"position\":3,\"name\":\"(XL) EXTRA NAGY s\u00e1tortet\u0151s kutyah\u00e1z h\u0151szigetel\u00e9ssel\"}]},{\"@type\":\"WebSite\",\"@id\":\"https:\/\/hungaroonline.hu\/#website\",\"url\":\"https:\/\/hungaroonline.hu\/\",\"name\":\"HungaroOnline\",\"description\":\"Kutyah\u00e1z - Hord\u00f3 - Raklap b\u00fator - Raklapp\u00e1rna Gy\u00e1rt\u00e1sa\",\"publisher\":{\"@id\":\"https:\/\/hungaroonline.hu\/#organization\"},\"potentialAction\":[{\"@type\":\"SearchAction\",\"target\":{\"@type\":\"EntryPoint\",\"urlTemplate\":\"https:\/\/hungaroonline.hu\/?s={search_term_string}\"},\"query-input\":{\"@type\":\"PropertyValueSpecification\",\"valueRequired\":true,\"valueName\":\"search_term_string\"}}],\"inLanguage\":\"sl-SI\"},{\"@type\":\"Organization\",\"@id\":\"https:\/\/hungaroonline.hu\/#organization\",\"name\":\"HungaroOnline\",\"url\":\"https:\/\/hungaroonline.hu\/\",\"logo\":{\"@type\":\"ImageObject\",\"inLanguage\":\"sl-SI\",\"@id\":\"https:\/\/hungaroonline.hu\/#\/schema\/logo\/image\/\",\"url\":\"https:\/\/hungaroonline.hu\/wp-content\/uploads\/2023\/01\/hungaroonline-footer-logo-color-a.png\",\"contentUrl\":\"https:\/\/hungaroonline.hu\/wp-content\/uploads\/2023\/01\/hungaroonline-footer-logo-color-a.png\",\"width\":970,\"height\":86,\"caption\":\"HungaroOnline\"},\"image\":{\"@id\":\"https:\/\/hungaroonline.hu\/#\/schema\/logo\/image\/\"},\"sameAs\":[\"https:\/\/www.facebook.com\/hungaroonline\"]}]}<\/script>\n<!-- \/ Yoast SEO plugin. -->","yoast_head_json":{"title":"(XL) EXTRA NAGY s\u00e1tortet\u0151s kutyah\u00e1z h\u0151szigetel\u00e9ssel - HungaroOnline","description":"MI\u00c9RT J\u00d3 V\u00c1LASZT\u00c1S EZ A KUTYAH\u00c1Z: Asztalosok \u00e1ltal elk\u00e9sz\u00edtett term\u00e9k! Gyalult 1,5 cm feny\u0151fa lamb\u00e9ri\u00e1b\u00f3l k\u00e9sz\u00edtj\u00fck! T\u00f6m\u00f6r fav\u00e1z\u00e1nak k\u00f6sz\u00f6nhet\u0151en nagyon\u00a0 strapab\u00edr\u00f3! A kutyah\u00e1z feneke 3 cm-re el van emelve a f\u00f6ldt\u0151l! 1 \u00e9v j\u00f3t\u00e1ll\u00e1st biztos\u00edtunk!","robots":{"index":"index","follow":"follow","max-snippet":"max-snippet:-1","max-image-preview":"max-image-preview:large","max-video-preview":"max-video-preview:-1"},"canonical":"https:\/\/hungaroonline.hu\/sl\/izdelek\/extra-nagy-kutyahaz-satortetos-hoszigetelessel\/","og_locale":"sl_SI","og_type":"article","og_title":"Extra nagy s\u00e1tortet\u00f6s kutyah\u00e1z","og_description":"MI\u00c9RT J\u00d3 V\u00c1LASZT\u00c1S EZ A KUTYAH\u00c1Z: Asztalosok \u00e1ltal elk\u00e9sz\u00edtett term\u00e9k! Gyalult 1,5 cm feny\u0151fa lamb\u00e9ri\u00e1b\u00f3l k\u00e9sz\u00edtj\u00fck! T\u00f6m\u00f6r fav\u00e1z\u00e1nak k\u00f6sz\u00f6nhet\u0151en nagyon\u00a0 strapab\u00edr\u00f3! A kutyah\u00e1z feneke 3 cm-re el van emelve a f\u00f6ldt\u0151l! 1 \u00e9v j\u00f3t\u00e1ll\u00e1st biztos\u00edtunk!","og_url":"https:\/\/hungaroonline.hu\/sl\/izdelek\/extra-nagy-kutyahaz-satortetos-hoszigetelessel\/","og_site_name":"HungaroOnline","article_publisher":"https:\/\/www.facebook.com\/hungaroonline","article_modified_time":"2025-07-24T13:42:48+00:00","og_image":[{"width":960,"height":960,"url":"https:\/\/hungaroonline.hu\/wp-content\/uploads\/2021\/02\/kutyahaz-4.jpg","type":"image\/jpeg"}],"twitter_card":"summary_large_image","twitter_misc":{"Est. reading time":"2 minuti"},"schema":{"@context":"https:\/\/schema.org","@graph":[{"@type":"WebPage","@id":"https:\/\/hungaroonline.hu\/termek\/extra-nagy-kutyahaz-satortetos-hoszigetelessel\/","url":"https:\/\/hungaroonline.hu\/termek\/extra-nagy-kutyahaz-satortetos-hoszigetelessel\/","name":"(XL) EXTRA NAGY s\u00e1tortet\u0151s kutyah\u00e1z h\u0151szigetel\u00e9ssel - HungaroOnline","isPartOf":{"@id":"https:\/\/hungaroonline.hu\/#website"},"primaryImageOfPage":{"@id":"https:\/\/hungaroonline.hu\/termek\/extra-nagy-kutyahaz-satortetos-hoszigetelessel\/#primaryimage"},"image":{"@id":"https:\/\/hungaroonline.hu\/termek\/extra-nagy-kutyahaz-satortetos-hoszigetelessel\/#primaryimage"},"thumbnailUrl":"https:\/\/hungaroonline.hu\/wp-content\/uploads\/2021\/02\/kutyahaz-13-scaled.jpg","datePublished":"2021-02-10T09:40:34+00:00","dateModified":"2025-07-24T13:42:48+00:00","description":"MI\u00c9RT J\u00d3 V\u00c1LASZT\u00c1S EZ A KUTYAH\u00c1Z: Asztalosok \u00e1ltal elk\u00e9sz\u00edtett term\u00e9k! Gyalult 1,5 cm feny\u0151fa lamb\u00e9ri\u00e1b\u00f3l k\u00e9sz\u00edtj\u00fck! T\u00f6m\u00f6r fav\u00e1z\u00e1nak k\u00f6sz\u00f6nhet\u0151en nagyon\u00a0 strapab\u00edr\u00f3! A kutyah\u00e1z feneke 3 cm-re el van emelve a f\u00f6ldt\u0151l! 1 \u00e9v j\u00f3t\u00e1ll\u00e1st biztos\u00edtunk!","breadcrumb":{"@id":"https:\/\/hungaroonline.hu\/termek\/extra-nagy-kutyahaz-satortetos-hoszigetelessel\/#breadcrumb"},"inLanguage":"sl-SI","potentialAction":[{"@type":"ReadAction","target":["https:\/\/hungaroonline.hu\/termek\/extra-nagy-kutyahaz-satortetos-hoszigetelessel\/"]}]},{"@type":"ImageObject","inLanguage":"sl-SI","@id":"https:\/\/hungaroonline.hu\/termek\/extra-nagy-kutyahaz-satortetos-hoszigetelessel\/#primaryimage","url":"https:\/\/hungaroonline.hu\/wp-content\/uploads\/2021\/02\/kutyahaz-13-scaled.jpg","contentUrl":"https:\/\/hungaroonline.hu\/wp-content\/uploads\/2021\/02\/kutyahaz-13-scaled.jpg","width":2560,"height":2560},{"@type":"BreadcrumbList","@id":"https:\/\/hungaroonline.hu\/termek\/extra-nagy-kutyahaz-satortetos-hoszigetelessel\/#breadcrumb","itemListElement":[{"@type":"ListItem","position":1,"name":"Home","item":"https:\/\/hungaroonline.hu\/"},{"@type":"ListItem","position":2,"name":"\u00dczlet","item":"https:\/\/hungaroonline.hu\/uzlet\/"},{"@type":"ListItem","position":3,"name":"(XL) EXTRA NAGY s\u00e1tortet\u0151s kutyah\u00e1z h\u0151szigetel\u00e9ssel"}]},{"@type":"WebSite","@id":"https:\/\/hungaroonline.hu\/#website","url":"https:\/\/hungaroonline.hu\/","name":"HungaroOnline","description":"Pasja uta - Sod - Pohi\u0161tvo iz palet - Izdelava blazin iz palet","publisher":{"@id":"https:\/\/hungaroonline.hu\/#organization"},"potentialAction":[{"@type":"SearchAction","target":{"@type":"EntryPoint","urlTemplate":"https:\/\/hungaroonline.hu\/?s={search_term_string}"},"query-input":{"@type":"PropertyValueSpecification","valueRequired":true,"valueName":"search_term_string"}}],"inLanguage":"sl-SI"},{"@type":"Organization","@id":"https:\/\/hungaroonline.hu\/#organization","name":"HungaroOnline","url":"https:\/\/hungaroonline.hu\/","logo":{"@type":"ImageObject","inLanguage":"sl-SI","@id":"https:\/\/hungaroonline.hu\/#\/schema\/logo\/image\/","url":"https:\/\/hungaroonline.hu\/wp-content\/uploads\/2023\/01\/hungaroonline-footer-logo-color-a.png","contentUrl":"https:\/\/hungaroonline.hu\/wp-content\/uploads\/2023\/01\/hungaroonline-footer-logo-color-a.png","width":970,"height":86,"caption":"HungaroOnline"},"image":{"@id":"https:\/\/hungaroonline.hu\/#\/schema\/logo\/image\/"},"sameAs":["https:\/\/www.facebook.com\/hungaroonline"]}]}},"_links":{"self":[{"href":"https:\/\/hungaroonline.hu\/sl\/wp-json\/wp\/v2\/product\/2673","targetHints":{"allow":["GET"]}}],"collection":[{"href":"https:\/\/hungaroonline.hu\/sl\/wp-json\/wp\/v2\/product"}],"about":[{"href":"https:\/\/hungaroonline.hu\/sl\/wp-json\/wp\/v2\/types\/product"}],"replies":[{"embeddable":true,"href":"https:\/\/hungaroonline.hu\/sl\/wp-json\/wp\/v2\/comments?post=2673"}],"version-history":[{"count":17,"href":"https:\/\/hungaroonline.hu\/sl\/wp-json\/wp\/v2\/product\/2673\/revisions"}],"predecessor-version":[{"id":7404,"href":"https:\/\/hungaroonline.hu\/sl\/wp-json\/wp\/v2\/product\/2673\/revisions\/7404"}],"wp:featuredmedia":[{"embeddable":true,"href":"https:\/\/hungaroonline.hu\/sl\/wp-json\/wp\/v2\/media\/2664"}],"wp:attachment":[{"href":"https:\/\/hungaroonline.hu\/sl\/wp-json\/wp\/v2\/media?parent=2673"}],"wp:term":[{"taxonomy":"product_brand","embeddable":true,"href":"https:\/\/hungaroonline.hu\/sl\/wp-json\/wp\/v2\/product_brand?post=2673"},{"taxonomy":"product_cat","embeddable":true,"href":"https:\/\/hungaroonline.hu\/sl\/wp-json\/wp\/v2\/product_cat?post=2673"},{"taxonomy":"product_tag","embeddable":true,"href":"https:\/\/hungaroonline.hu\/sl\/wp-json\/wp\/v2\/product_tag?post=2673"}],"curies":[{"name":"delovni list","href":"https:\/\/api.w.org\/{rel}","templated":true}]}}