{"id":1492,"date":"2020-04-08T13:47:40","date_gmt":"2020-04-08T11:47:40","guid":{"rendered":"https:\/\/hungaroonline.hempa.hu\/?post_type=product&#038;p=1492"},"modified":"2025-06-19T14:28:33","modified_gmt":"2025-06-19T12:28:33","slug":"tolgyfa-hordo-30-literes-reszletek-itt","status":"publish","type":"product","link":"https:\/\/hungaroonline.hu\/sl\/izdelek\/tolgyfa-hordo-30-literes-reszletek-itt\/","title":{"rendered":"Hrastov sod za \u017eganje 30 l"},"content":{"rendered":"<p>&nbsp;<\/p>\n<p><img fetchpriority=\"high\" decoding=\"async\" class=\"wp-image-5909 aligncenter\" src=\"https:\/\/hungaroonline.hu\/wp-content\/uploads\/2023\/09\/eperfa5l-1-1-300x300.jpg\" alt=\"\" width=\"251\" height=\"251\" srcset=\"https:\/\/hungaroonline.hu\/wp-content\/uploads\/2023\/09\/eperfa5l-1-1-300x300.jpg 300w, https:\/\/hungaroonline.hu\/wp-content\/uploads\/2023\/09\/eperfa5l-1-1-12x12.jpg 12w, https:\/\/hungaroonline.hu\/wp-content\/uploads\/2023\/09\/eperfa5l-1-1-600x600.jpg 600w, https:\/\/hungaroonline.hu\/wp-content\/uploads\/2023\/09\/eperfa5l-1-1-100x100.jpg 100w, https:\/\/hungaroonline.hu\/wp-content\/uploads\/2023\/09\/eperfa5l-1-1.jpg 768w\" sizes=\"(max-width: 251px) 100vw, 251px\" \/><\/p>\n<p>&nbsp;<\/p>\n<p>&nbsp;<\/p>\n<p><img decoding=\"async\" class=\"wp-image-7248 aligncenter\" src=\"https:\/\/hungaroonline.hu\/wp-content\/uploads\/2020\/10\/Eperfa-hordo-5L-side-1-385x300.jpg\" alt=\"Eperfa hord\u00f3\" width=\"258\" height=\"201\" srcset=\"https:\/\/hungaroonline.hu\/wp-content\/uploads\/2020\/10\/Eperfa-hordo-5L-side-1-385x300.jpg 385w, https:\/\/hungaroonline.hu\/wp-content\/uploads\/2020\/10\/Eperfa-hordo-5L-side-1-1110x865.jpg 1110w, https:\/\/hungaroonline.hu\/wp-content\/uploads\/2020\/10\/Eperfa-hordo-5L-side-1-768x598.jpg 768w, https:\/\/hungaroonline.hu\/wp-content\/uploads\/2020\/10\/Eperfa-hordo-5L-side-1-1536x1197.jpg 1536w, https:\/\/hungaroonline.hu\/wp-content\/uploads\/2020\/10\/Eperfa-hordo-5L-side-1-2048x1596.jpg 2048w, https:\/\/hungaroonline.hu\/wp-content\/uploads\/2020\/10\/Eperfa-hordo-5L-side-1-15x12.jpg 15w, https:\/\/hungaroonline.hu\/wp-content\/uploads\/2020\/10\/Eperfa-hordo-5L-side-1-1000x779.jpg 1000w\" sizes=\"(max-width: 258px) 100vw, 258px\" \/><\/p>\n<p><img decoding=\"async\" class=\"wp-image-7250 aligncenter\" src=\"https:\/\/hungaroonline.hu\/wp-content\/uploads\/2020\/10\/Eperfa-hordo-26-1-300x300.jpg\" alt=\"Eperfa hord\u00f3\" width=\"251\" height=\"251\" srcset=\"https:\/\/hungaroonline.hu\/wp-content\/uploads\/2020\/10\/Eperfa-hordo-26-1-300x300.jpg 300w, https:\/\/hungaroonline.hu\/wp-content\/uploads\/2020\/10\/Eperfa-hordo-26-1-1024x1024.jpg 1024w, https:\/\/hungaroonline.hu\/wp-content\/uploads\/2020\/10\/Eperfa-hordo-26-1-768x768.jpg 768w, https:\/\/hungaroonline.hu\/wp-content\/uploads\/2020\/10\/Eperfa-hordo-26-1-1536x1536.jpg 1536w, https:\/\/hungaroonline.hu\/wp-content\/uploads\/2020\/10\/Eperfa-hordo-26-1-12x12.jpg 12w, https:\/\/hungaroonline.hu\/wp-content\/uploads\/2020\/10\/Eperfa-hordo-26-1-600x600.jpg 600w, https:\/\/hungaroonline.hu\/wp-content\/uploads\/2020\/10\/Eperfa-hordo-26-1-1000x1000.jpg 1000w, https:\/\/hungaroonline.hu\/wp-content\/uploads\/2020\/10\/Eperfa-hordo-26-1-100x100.jpg 100w, https:\/\/hungaroonline.hu\/wp-content\/uploads\/2020\/10\/Eperfa-hordo-26-1.jpg 2000w\" sizes=\"(max-width: 251px) 100vw, 251px\" \/><\/p>\n<p>&nbsp;<\/p>\n<p>&nbsp;<\/p>\n<p style=\"text-align: center;\"><strong>P\u00e1linka sodi vrhunske kakovosti \u2013 s 56-letnim strokovnim znanjem!<\/strong><\/p>\n<p>&nbsp;<\/p>\n<p>Z ve\u010d kot polstoletnimi izku\u0161njami izdelujemo na\u0161e visokokakovostne p\u00e1linka sode, ki izpolnjujejo najvi\u0161ja pri\u010dakovanja!<\/p>\n<p>&nbsp;<\/p>\n<p>Na\u0161e izdelke uporabljajo priznane kleti in destilarne p\u00e1linke, z velikim uspehom pa jih prodajamo v \u0161tevilnih evropskih dr\u017eavah!<\/p>\n<p>&nbsp;<\/p>\n<p>&nbsp;<\/p>\n<p>&nbsp;<\/p>\n<p><em><strong>ZAKAJ JE NA\u0160A ZNAMKA ROJENA<\/strong><\/em><em><b>KATERE IZBRATI?<\/b><\/em><\/p>\n<ul>\n<li>Na\u0161e sode izdelujemo s 56-letnimi strokovnimi izku\u0161njami!<\/li>\n<li>Uporabljamo skrbno izbrane kakovostne sestavine!<\/li>\n<li>\u0160ele po ustreznem su\u0161enju se lotimo izdelave soda!<\/li>\n<li>Ti sodi dejansko poznajo funkcijo zorenja p\u00e1linke!<\/li>\n<li>Po zaklju\u010dku se sodi testirajo pod pritiskom!<\/li>\n<li>P\u00e1linka sodi so narejeni s srednjim do srednjim pra\u017eenjem!<\/li>\n<li><strong>ZAGOTAVLJAMO NADOMESTNO GARANCIJO ZA NA\u0160E SODE!<\/strong><\/li>\n<\/ul>\n<p>&nbsp;<\/p>\n<p>&nbsp;<\/p>\n<p>P\u00e1linka, starana v hrastovih sodih, dobi rumenkasto, staro zlato barvo. Njegova aroma je zelo izrazita s taninskim zna\u010dajem hrasta. V njej je priporo\u010dljivo zoriti slive, tropine in kutino. Glede pra\u017eenja priporo\u010damo srednjo. Hrast je eden najdragocenej\u0161ih lesov, primeren za izdelavo sodov, in daje izjemno harmonijo vanj polnjeni palinki. \u010ceprav \u017eganje izgubi vsebnost alkohola, njegov okus izgubi tudi trpkost. P\u00e1linka, starana v hrastovih sodih, dobi zlato rumeno barvo. Iz\u017eareva sladke vonjave vanilije! Hrast daje pija\u010di rumeno barvo in mehak okus! Dve kon\u010dni plo\u0161\u010di sta napolnjeni s parafinom iz \u010debeljega voska, da se zmanj\u0161a izguba teko\u010dine, da \u017eganje ne izhlapi!<\/p>\n<p>&nbsp;<\/p>\n<p>&nbsp;<\/p>\n<p><em><strong>Slika ni ilustracija, sodi dejansko izgledajo tako!<\/strong><\/em><\/p>\n<p>&nbsp;<\/p>\n<p>&nbsp;<\/p>\n<p><em>Zaradi velikosti in te\u017ee soda stro\u0161ek po\u0161iljanja: 3500 HUF.<\/em><\/p>\n<p>&nbsp;<\/p>\n<p><a href=\"https:\/\/hungaroonline.hu\/sl\/palinkas-hordok\/\"><strong><span style=\"color: #0000ff;\">VE\u010c SLIK TUKAJ:<\/span><\/strong><\/a><\/p>\n<p>&nbsp;<\/p>\n<p>&nbsp;<\/p>","protected":false},"excerpt":{"rendered":"<p><em><strong>ZORENJE SOD ZA \u017dGANJENJE!<\/strong><\/em><\/p>\n<p>&nbsp;<\/p>\n<p>Dobavni rok: 6-8 delovnih dni!<\/p>","protected":false},"featured_media":1507,"comment_status":"closed","ping_status":"closed","template":"","meta":[],"product_brand":[],"product_cat":[41],"product_tag":[],"class_list":{"0":"post-1492","1":"product","2":"type-product","3":"status-publish","4":"has-post-thumbnail","6":"product_cat-eperfa-hordok","7":"product_shipping_class-hordok","9":"first","10":"instock","11":"purchasable","12":"product-type-simple"},"yoast_head":"<!-- This site is optimized with the Yoast SEO plugin v26.6 - https:\/\/yoast.com\/wordpress\/plugins\/seo\/ -->\n<title>P\u00e1link\u00e1s t\u00f6lgyfa hord\u00f3 30 literes - HungaroOnline<\/title>\n<meta name=\"description\" content=\"AZ \u00c1R A MIN\u0150S\u00c9GET T\u00dcKR\u00d6ZI!!! Cseregaranci\u00e1t biztos\u00edtunk! MI\u00c9RT IS TUDUNK CSEREGARANCI\u00c1T BIZTOS\u00cdTANI: 56 \u00e9v szakmai tapasztalattal k\u00e9sz\u00edtj\u00fck a hord\u00f3inkat! Gondosan v\u00e1logatott min\u0151s\u00e9gi alapanyagot haszn\u00e1lunk! Csak a megfelel\u0151 kisz\u00e1r\u00edt\u00e1s ut\u00e1n kezdj\u00fck a hord\u00f3 k\u00e9sz\u00edt\u00e9st! Elk\u00e9sz\u00fcl\u00e9s ut\u00e1n a hord\u00f3kat nyom\u00e1spr\u00f3b\u00e1zzuk!\" \/>\n<meta name=\"robots\" content=\"index, follow, max-snippet:-1, max-image-preview:large, max-video-preview:-1\" \/>\n<link rel=\"canonical\" href=\"https:\/\/hungaroonline.hu\/sl\/izdelek\/tolgyfa-hordo-30-literes-reszletek-itt\/\" \/>\n<meta property=\"og:locale\" content=\"sl_SI\" \/>\n<meta property=\"og:type\" content=\"article\" \/>\n<meta property=\"og:title\" content=\"P\u00e1link\u00e1s t\u00f6lgyfa hord\u00f3 30 literes - HungaroOnline\" \/>\n<meta property=\"og:description\" content=\"AZ \u00c1R A MIN\u0150S\u00c9GET T\u00dcKR\u00d6ZI!!! Cseregaranci\u00e1t biztos\u00edtunk! MI\u00c9RT IS TUDUNK CSEREGARANCI\u00c1T BIZTOS\u00cdTANI: 56 \u00e9v szakmai tapasztalattal k\u00e9sz\u00edtj\u00fck a hord\u00f3inkat! Gondosan v\u00e1logatott min\u0151s\u00e9gi alapanyagot haszn\u00e1lunk! Csak a megfelel\u0151 kisz\u00e1r\u00edt\u00e1s ut\u00e1n kezdj\u00fck a hord\u00f3 k\u00e9sz\u00edt\u00e9st! Elk\u00e9sz\u00fcl\u00e9s ut\u00e1n a hord\u00f3kat nyom\u00e1spr\u00f3b\u00e1zzuk!\" \/>\n<meta property=\"og:url\" content=\"https:\/\/hungaroonline.hu\/sl\/izdelek\/tolgyfa-hordo-30-literes-reszletek-itt\/\" \/>\n<meta property=\"og:site_name\" content=\"HungaroOnline\" \/>\n<meta property=\"article:publisher\" content=\"https:\/\/www.facebook.com\/hungaroonline\" \/>\n<meta property=\"article:modified_time\" content=\"2025-06-19T12:28:33+00:00\" \/>\n<meta property=\"og:image\" content=\"https:\/\/hungaroonline.hu\/wp-content\/uploads\/2020\/04\/T\u00f6lgyfa-hord\u00f3-10L-halfprofil-scaled.jpg\" \/>\n\t<meta property=\"og:image:width\" content=\"2560\" \/>\n\t<meta property=\"og:image:height\" content=\"2235\" \/>\n\t<meta property=\"og:image:type\" content=\"image\/jpeg\" \/>\n<meta name=\"twitter:card\" content=\"summary_large_image\" \/>\n<meta name=\"twitter:label1\" content=\"Est. reading time\" \/>\n\t<meta name=\"twitter:data1\" content=\"2 minuti\" \/>\n<script type=\"application\/ld+json\" class=\"yoast-schema-graph\">{\"@context\":\"https:\/\/schema.org\",\"@graph\":[{\"@type\":\"WebPage\",\"@id\":\"https:\/\/hungaroonline.hu\/termek\/tolgyfa-hordo-30-literes-reszletek-itt\/\",\"url\":\"https:\/\/hungaroonline.hu\/termek\/tolgyfa-hordo-30-literes-reszletek-itt\/\",\"name\":\"P\u00e1link\u00e1s t\u00f6lgyfa hord\u00f3 30 literes - HungaroOnline\",\"isPartOf\":{\"@id\":\"https:\/\/hungaroonline.hu\/#website\"},\"primaryImageOfPage\":{\"@id\":\"https:\/\/hungaroonline.hu\/termek\/tolgyfa-hordo-30-literes-reszletek-itt\/#primaryimage\"},\"image\":{\"@id\":\"https:\/\/hungaroonline.hu\/termek\/tolgyfa-hordo-30-literes-reszletek-itt\/#primaryimage\"},\"thumbnailUrl\":\"https:\/\/hungaroonline.hu\/wp-content\/uploads\/2020\/04\/T\u00f6lgyfa-hord\u00f3-10L-halfprofil-scaled.jpg\",\"datePublished\":\"2020-04-08T11:47:40+00:00\",\"dateModified\":\"2025-06-19T12:28:33+00:00\",\"description\":\"AZ \u00c1R A MIN\u0150S\u00c9GET T\u00dcKR\u00d6ZI!!! Cseregaranci\u00e1t biztos\u00edtunk! MI\u00c9RT IS TUDUNK CSEREGARANCI\u00c1T BIZTOS\u00cdTANI: 56 \u00e9v szakmai tapasztalattal k\u00e9sz\u00edtj\u00fck a hord\u00f3inkat! Gondosan v\u00e1logatott min\u0151s\u00e9gi alapanyagot haszn\u00e1lunk! Csak a megfelel\u0151 kisz\u00e1r\u00edt\u00e1s ut\u00e1n kezdj\u00fck a hord\u00f3 k\u00e9sz\u00edt\u00e9st! Elk\u00e9sz\u00fcl\u00e9s ut\u00e1n a hord\u00f3kat nyom\u00e1spr\u00f3b\u00e1zzuk!\",\"breadcrumb\":{\"@id\":\"https:\/\/hungaroonline.hu\/termek\/tolgyfa-hordo-30-literes-reszletek-itt\/#breadcrumb\"},\"inLanguage\":\"sl-SI\",\"potentialAction\":[{\"@type\":\"ReadAction\",\"target\":[\"https:\/\/hungaroonline.hu\/termek\/tolgyfa-hordo-30-literes-reszletek-itt\/\"]}]},{\"@type\":\"ImageObject\",\"inLanguage\":\"sl-SI\",\"@id\":\"https:\/\/hungaroonline.hu\/termek\/tolgyfa-hordo-30-literes-reszletek-itt\/#primaryimage\",\"url\":\"https:\/\/hungaroonline.hu\/wp-content\/uploads\/2020\/04\/T\u00f6lgyfa-hord\u00f3-10L-halfprofil-scaled.jpg\",\"contentUrl\":\"https:\/\/hungaroonline.hu\/wp-content\/uploads\/2020\/04\/T\u00f6lgyfa-hord\u00f3-10L-halfprofil-scaled.jpg\",\"width\":2560,\"height\":2235,\"caption\":\"T\u00f6lgyfa hord\u00f3\"},{\"@type\":\"BreadcrumbList\",\"@id\":\"https:\/\/hungaroonline.hu\/termek\/tolgyfa-hordo-30-literes-reszletek-itt\/#breadcrumb\",\"itemListElement\":[{\"@type\":\"ListItem\",\"position\":1,\"name\":\"Home\",\"item\":\"https:\/\/hungaroonline.hu\/\"},{\"@type\":\"ListItem\",\"position\":2,\"name\":\"\u00dczlet\",\"item\":\"https:\/\/hungaroonline.hu\/uzlet\/\"},{\"@type\":\"ListItem\",\"position\":3,\"name\":\"P\u00e1link\u00e1s t\u00f6lgyfa hord\u00f3 30 literes\"}]},{\"@type\":\"WebSite\",\"@id\":\"https:\/\/hungaroonline.hu\/#website\",\"url\":\"https:\/\/hungaroonline.hu\/\",\"name\":\"HungaroOnline\",\"description\":\"Kutyah\u00e1z - Hord\u00f3 - Raklap b\u00fator - Raklapp\u00e1rna Gy\u00e1rt\u00e1sa\",\"publisher\":{\"@id\":\"https:\/\/hungaroonline.hu\/#organization\"},\"potentialAction\":[{\"@type\":\"SearchAction\",\"target\":{\"@type\":\"EntryPoint\",\"urlTemplate\":\"https:\/\/hungaroonline.hu\/?s={search_term_string}\"},\"query-input\":{\"@type\":\"PropertyValueSpecification\",\"valueRequired\":true,\"valueName\":\"search_term_string\"}}],\"inLanguage\":\"sl-SI\"},{\"@type\":\"Organization\",\"@id\":\"https:\/\/hungaroonline.hu\/#organization\",\"name\":\"HungaroOnline\",\"url\":\"https:\/\/hungaroonline.hu\/\",\"logo\":{\"@type\":\"ImageObject\",\"inLanguage\":\"sl-SI\",\"@id\":\"https:\/\/hungaroonline.hu\/#\/schema\/logo\/image\/\",\"url\":\"https:\/\/hungaroonline.hu\/wp-content\/uploads\/2023\/01\/hungaroonline-footer-logo-color-a.png\",\"contentUrl\":\"https:\/\/hungaroonline.hu\/wp-content\/uploads\/2023\/01\/hungaroonline-footer-logo-color-a.png\",\"width\":970,\"height\":86,\"caption\":\"HungaroOnline\"},\"image\":{\"@id\":\"https:\/\/hungaroonline.hu\/#\/schema\/logo\/image\/\"},\"sameAs\":[\"https:\/\/www.facebook.com\/hungaroonline\"]}]}<\/script>\n<!-- \/ Yoast SEO plugin. -->","yoast_head_json":{"title":"P\u00e1link\u00e1s t\u00f6lgyfa hord\u00f3 30 literes - HungaroOnline","description":"AZ \u00c1R A MIN\u0150S\u00c9GET T\u00dcKR\u00d6ZI!!! Cseregaranci\u00e1t biztos\u00edtunk! MI\u00c9RT IS TUDUNK CSEREGARANCI\u00c1T BIZTOS\u00cdTANI: 56 \u00e9v szakmai tapasztalattal k\u00e9sz\u00edtj\u00fck a hord\u00f3inkat! Gondosan v\u00e1logatott min\u0151s\u00e9gi alapanyagot haszn\u00e1lunk! Csak a megfelel\u0151 kisz\u00e1r\u00edt\u00e1s ut\u00e1n kezdj\u00fck a hord\u00f3 k\u00e9sz\u00edt\u00e9st! Elk\u00e9sz\u00fcl\u00e9s ut\u00e1n a hord\u00f3kat nyom\u00e1spr\u00f3b\u00e1zzuk!","robots":{"index":"index","follow":"follow","max-snippet":"max-snippet:-1","max-image-preview":"max-image-preview:large","max-video-preview":"max-video-preview:-1"},"canonical":"https:\/\/hungaroonline.hu\/sl\/izdelek\/tolgyfa-hordo-30-literes-reszletek-itt\/","og_locale":"sl_SI","og_type":"article","og_title":"P\u00e1link\u00e1s t\u00f6lgyfa hord\u00f3 30 literes - HungaroOnline","og_description":"AZ \u00c1R A MIN\u0150S\u00c9GET T\u00dcKR\u00d6ZI!!! Cseregaranci\u00e1t biztos\u00edtunk! MI\u00c9RT IS TUDUNK CSEREGARANCI\u00c1T BIZTOS\u00cdTANI: 56 \u00e9v szakmai tapasztalattal k\u00e9sz\u00edtj\u00fck a hord\u00f3inkat! Gondosan v\u00e1logatott min\u0151s\u00e9gi alapanyagot haszn\u00e1lunk! Csak a megfelel\u0151 kisz\u00e1r\u00edt\u00e1s ut\u00e1n kezdj\u00fck a hord\u00f3 k\u00e9sz\u00edt\u00e9st! Elk\u00e9sz\u00fcl\u00e9s ut\u00e1n a hord\u00f3kat nyom\u00e1spr\u00f3b\u00e1zzuk!","og_url":"https:\/\/hungaroonline.hu\/sl\/izdelek\/tolgyfa-hordo-30-literes-reszletek-itt\/","og_site_name":"HungaroOnline","article_publisher":"https:\/\/www.facebook.com\/hungaroonline","article_modified_time":"2025-06-19T12:28:33+00:00","og_image":[{"width":2560,"height":2235,"url":"https:\/\/hungaroonline.hu\/wp-content\/uploads\/2020\/04\/T\u00f6lgyfa-hord\u00f3-10L-halfprofil-scaled.jpg","type":"image\/jpeg"}],"twitter_card":"summary_large_image","twitter_misc":{"Est. reading time":"2 minuti"},"schema":{"@context":"https:\/\/schema.org","@graph":[{"@type":"WebPage","@id":"https:\/\/hungaroonline.hu\/termek\/tolgyfa-hordo-30-literes-reszletek-itt\/","url":"https:\/\/hungaroonline.hu\/termek\/tolgyfa-hordo-30-literes-reszletek-itt\/","name":"P\u00e1link\u00e1s t\u00f6lgyfa hord\u00f3 30 literes - HungaroOnline","isPartOf":{"@id":"https:\/\/hungaroonline.hu\/#website"},"primaryImageOfPage":{"@id":"https:\/\/hungaroonline.hu\/termek\/tolgyfa-hordo-30-literes-reszletek-itt\/#primaryimage"},"image":{"@id":"https:\/\/hungaroonline.hu\/termek\/tolgyfa-hordo-30-literes-reszletek-itt\/#primaryimage"},"thumbnailUrl":"https:\/\/hungaroonline.hu\/wp-content\/uploads\/2020\/04\/T\u00f6lgyfa-hord\u00f3-10L-halfprofil-scaled.jpg","datePublished":"2020-04-08T11:47:40+00:00","dateModified":"2025-06-19T12:28:33+00:00","description":"AZ \u00c1R A MIN\u0150S\u00c9GET T\u00dcKR\u00d6ZI!!! Cseregaranci\u00e1t biztos\u00edtunk! MI\u00c9RT IS TUDUNK CSEREGARANCI\u00c1T BIZTOS\u00cdTANI: 56 \u00e9v szakmai tapasztalattal k\u00e9sz\u00edtj\u00fck a hord\u00f3inkat! Gondosan v\u00e1logatott min\u0151s\u00e9gi alapanyagot haszn\u00e1lunk! Csak a megfelel\u0151 kisz\u00e1r\u00edt\u00e1s ut\u00e1n kezdj\u00fck a hord\u00f3 k\u00e9sz\u00edt\u00e9st! Elk\u00e9sz\u00fcl\u00e9s ut\u00e1n a hord\u00f3kat nyom\u00e1spr\u00f3b\u00e1zzuk!","breadcrumb":{"@id":"https:\/\/hungaroonline.hu\/termek\/tolgyfa-hordo-30-literes-reszletek-itt\/#breadcrumb"},"inLanguage":"sl-SI","potentialAction":[{"@type":"ReadAction","target":["https:\/\/hungaroonline.hu\/termek\/tolgyfa-hordo-30-literes-reszletek-itt\/"]}]},{"@type":"ImageObject","inLanguage":"sl-SI","@id":"https:\/\/hungaroonline.hu\/termek\/tolgyfa-hordo-30-literes-reszletek-itt\/#primaryimage","url":"https:\/\/hungaroonline.hu\/wp-content\/uploads\/2020\/04\/T\u00f6lgyfa-hord\u00f3-10L-halfprofil-scaled.jpg","contentUrl":"https:\/\/hungaroonline.hu\/wp-content\/uploads\/2020\/04\/T\u00f6lgyfa-hord\u00f3-10L-halfprofil-scaled.jpg","width":2560,"height":2235,"caption":"T\u00f6lgyfa hord\u00f3"},{"@type":"BreadcrumbList","@id":"https:\/\/hungaroonline.hu\/termek\/tolgyfa-hordo-30-literes-reszletek-itt\/#breadcrumb","itemListElement":[{"@type":"ListItem","position":1,"name":"Home","item":"https:\/\/hungaroonline.hu\/"},{"@type":"ListItem","position":2,"name":"\u00dczlet","item":"https:\/\/hungaroonline.hu\/uzlet\/"},{"@type":"ListItem","position":3,"name":"P\u00e1link\u00e1s t\u00f6lgyfa hord\u00f3 30 literes"}]},{"@type":"WebSite","@id":"https:\/\/hungaroonline.hu\/#website","url":"https:\/\/hungaroonline.hu\/","name":"HungaroOnline","description":"Pasja uta - Sod - Pohi\u0161tvo iz palet - Izdelava blazin iz palet","publisher":{"@id":"https:\/\/hungaroonline.hu\/#organization"},"potentialAction":[{"@type":"SearchAction","target":{"@type":"EntryPoint","urlTemplate":"https:\/\/hungaroonline.hu\/?s={search_term_string}"},"query-input":{"@type":"PropertyValueSpecification","valueRequired":true,"valueName":"search_term_string"}}],"inLanguage":"sl-SI"},{"@type":"Organization","@id":"https:\/\/hungaroonline.hu\/#organization","name":"HungaroOnline","url":"https:\/\/hungaroonline.hu\/","logo":{"@type":"ImageObject","inLanguage":"sl-SI","@id":"https:\/\/hungaroonline.hu\/#\/schema\/logo\/image\/","url":"https:\/\/hungaroonline.hu\/wp-content\/uploads\/2023\/01\/hungaroonline-footer-logo-color-a.png","contentUrl":"https:\/\/hungaroonline.hu\/wp-content\/uploads\/2023\/01\/hungaroonline-footer-logo-color-a.png","width":970,"height":86,"caption":"HungaroOnline"},"image":{"@id":"https:\/\/hungaroonline.hu\/#\/schema\/logo\/image\/"},"sameAs":["https:\/\/www.facebook.com\/hungaroonline"]}]}},"_links":{"self":[{"href":"https:\/\/hungaroonline.hu\/sl\/wp-json\/wp\/v2\/product\/1492","targetHints":{"allow":["GET"]}}],"collection":[{"href":"https:\/\/hungaroonline.hu\/sl\/wp-json\/wp\/v2\/product"}],"about":[{"href":"https:\/\/hungaroonline.hu\/sl\/wp-json\/wp\/v2\/types\/product"}],"replies":[{"embeddable":true,"href":"https:\/\/hungaroonline.hu\/sl\/wp-json\/wp\/v2\/comments?post=1492"}],"version-history":[{"count":15,"href":"https:\/\/hungaroonline.hu\/sl\/wp-json\/wp\/v2\/product\/1492\/revisions"}],"predecessor-version":[{"id":7261,"href":"https:\/\/hungaroonline.hu\/sl\/wp-json\/wp\/v2\/product\/1492\/revisions\/7261"}],"wp:featuredmedia":[{"embeddable":true,"href":"https:\/\/hungaroonline.hu\/sl\/wp-json\/wp\/v2\/media\/1507"}],"wp:attachment":[{"href":"https:\/\/hungaroonline.hu\/sl\/wp-json\/wp\/v2\/media?parent=1492"}],"wp:term":[{"taxonomy":"product_brand","embeddable":true,"href":"https:\/\/hungaroonline.hu\/sl\/wp-json\/wp\/v2\/product_brand?post=1492"},{"taxonomy":"product_cat","embeddable":true,"href":"https:\/\/hungaroonline.hu\/sl\/wp-json\/wp\/v2\/product_cat?post=1492"},{"taxonomy":"product_tag","embeddable":true,"href":"https:\/\/hungaroonline.hu\/sl\/wp-json\/wp\/v2\/product_tag?post=1492"}],"curies":[{"name":"delovni list","href":"https:\/\/api.w.org\/{rel}","templated":true}]}}