{"id":309,"date":"2019-06-12T12:06:21","date_gmt":"2019-06-12T12:06:21","guid":{"rendered":"https:\/\/hungaroonline.hempa.hu\/?page_id=309"},"modified":"2025-01-29T17:55:32","modified_gmt":"2025-01-29T16:55:32","slug":"aszf","status":"publish","type":"page","link":"https:\/\/hungaroonline.hu\/sl\/aszf\/","title":{"rendered":"GTC"},"content":{"rendered":"<p><a href=\"https:\/\/hungaroonline.hu\/wp-content\/uploads\/2020\/11\/HUNGAROONLINE-ASZF-f.pdf\">Splo\u0161ni pogoji<\/a><\/p>\n\n\n\n<p><\/p>\n\n\n\n<p><strong><u>POMEMBNO!!!&nbsp;<\/u><\/strong>V kolikor ni ve\u010d aktualna ali ste si premislili, nam to predhodno sporo\u010dite na to telefonsko \u0161tevilko&nbsp;<strong>+36706361980<\/strong>&nbsp;obsedenost&nbsp;<a href=\"mailto:hungaroonlinekft@gmail.com\" target=\"_blank\" rel=\"noreferrer noopener\">hungaroonlinekft@gmail.com<\/a>&nbsp;na elektronski naslov!<\/p>\n\n\n\n<p><strong><u>PLA\u010cILNA OBVEZNOST<\/u><\/strong>\u00a0Velja tudi, \u010de kurirska slu\u017eba (pri MPL)\u00a0\u00a0<strong><u>ZAVRNITE PREJEM PAKETA!!!\u00a0<\/u><\/strong>\u00a0V vsakem primeru lahko to storite na teh kontaktih\u00a0<strong>+36706361980\u00a0\u00a0<\/strong>obsedenost\u00a0\u00a0<a href=\"mailto:hungaroonlinekft@gmail.com\" target=\"_blank\" rel=\"noreferrer noopener\">hungaroonlinekft@gmail.com<\/a>\u00a0 na elektronski naslov\u00a0\u00a0<strong><u>MORA<\/u><\/strong>\u00a0 sporo\u010dite nam!<\/p>\n\n\n\n<p>\u010ce nas o svoji nameri preklica ne obvestite&nbsp;<strong><u>MORA<\/u><\/strong>&nbsp;povrniti stro\u0161ke po\u0161iljanja&nbsp;<strong><u>Vlada 45\/2014. (II. 26.) Vladni odlok na podlagi zakona o pogodbenih razmerjih med potro\u0161nikom in podjetjem!!!<\/u><\/strong> <\/p>\n\n\n\n<p><strong>\u00c1FSZ je pogodbo sprejel in se seznanil z njo<\/strong> <strong>obveznost!!!<\/strong><\/p>\n\n\n\n<p><\/p>\n\n\n\n<p><\/p>\n\n\n\n<p><\/p>\n\n\n\n<p><strong>Osebni prevzem ali prevzem izdelka ni mo\u017een!<\/strong><\/p>\n\n\n\n<p><\/p>\n\n\n\n<p>1. Proizvajalec je edini lastnik izdelka.&nbsp;<\/p>\n\n\n\n<p>2. Pasja uta, ki jo kupec \u017ee ima <strong>sestavljeno<\/strong> cene ne moremo zamenjati ali povrniti!&nbsp;<\/p>\n\n\n\n<p>3. Ni primeren za va\u0161ega psa <strong>velikost pasje ute<\/strong> in <strong>Termo zavesa<\/strong> naro\u010dilu ne moremo zamenjati ali vra\u010diti cene pasje ute, dimenzije pasje ute <strong>so navedeni!<\/strong> Pozorno preberite in <strong>pomisli na dimenzije!&nbsp;<\/strong><\/p>\n\n\n\n<p>4. Proizvajalec jam\u010di, da bo slu\u017eil distributerju z najve\u010djo proizvodno zmogljivostjo in skladnostjo z ustreznimi zahtevami glede kakovosti.&nbsp;<\/p>\n\n\n\n<p>5. A&nbsp;<a href=\"https:\/\/hungaroonline.hu\/sl\/\" target=\"_blank\" rel=\"noreferrer noopener\">hungaroonline.hu<\/a>&nbsp;Izdelke, ki se prodajajo na spletnem mestu, proizvajajo pogodbeni proizvajalci!&nbsp;<\/p>\n\n\n\n<p>6. Za vsak izdelek, ki se prodaja na hungaroonline.hu, je proizvajalec odgovoren za pravilno kakovost, pakiranje in dostavo izdelka.&nbsp;<\/p>\n\n\n\n<p>7. Hungaroonline.hu, B.HungaroOnline Kft za vsak naro\u010den izdelek v spletni trgovini na hungaroonline.hu kupcu izstavi ra\u010dun!&nbsp;<\/p>\n\n\n\n<p>8. Cena izdelkov v spletni trgovini ne vklju\u010duje <strong>DDV<\/strong>! <strong>AAM cene!<\/strong><\/p>\n\n\n\n<p>9. Proizvajalec se zavezuje, da bo naro\u010den izdelek na dan naro\u010dila, najkasneje v 5-12 delovnih dneh, varno zapakiral in predal kurirski slu\u017ebi.&nbsp;<br>10. Proizvajalec prevzema odgovornost za morebitne po\u0161kodbe ali zlome, ki so posledica neustreznega pakiranja!&nbsp;<\/p>\n\n\n\n<p>11. Stro\u0161ek po\u0161iljanja je odvisen od te\u017ee in velikosti izdelkov!&nbsp;<\/p>\n\n\n\n<p>12. PROIZVAJALEC PREVZEMA JAMSTVO ZA VSE TE\u017dAVE, POVEZANE S KAKOVOSTJO KAKR\u0160NEGA KOLI IZDELKA, POVEZANE S KAKOVOSTJO!&nbsp;<\/p>\n\n\n\n<p>13. Vsako naro\u010dilo iz spletne trgovine Hungaroonline.hu brez posebne utemeljitve <strong>lahko ga izbri\u0161ete!<\/strong><\/p>\n\n\n\n<p>14. <strong>Garancija<\/strong><em>: 1 leto.<\/em><\/p>\n\n\n\n<p>15. <strong>V tem primeru ne morete uporabiti garancije:<\/strong><\/p>\n\n\n\n<p><em>-neupo\u0161tevanje navodil za uporabo in rokovanje!<\/em><\/p>\n\n\n\n<p><em>- nepravilno skladi\u0161\u010denje, nepravilno ravnanje, po\u0161kodbe, \u017eve\u010denje!<\/em><strong><em><\/em><\/strong><\/p>\n\n\n\n<p><strong><em>&#8211;<\/em><\/strong><em>elementarna \u0161koda, ki jo povzro\u010da naravna nesre\u010da!<\/em><\/p>\n\n\n\n<p><em>-brez povr\u0161inske obdelave vsaj 2x!<\/em><\/p>\n\n\n\n<p><em>- nepravilna monta\u017ea!<\/em><\/p>\n\n\n\n<p><em>-napa\u010dna izbira velikosti!<\/em><\/p>\n\n\n\n<p><strong>Po nakupu je AFSZ sprejel in upo\u0161teval pogoje v zvezi z garancijo<em>!<\/em><\/strong><\/p>\n\n\n\n<p><strong><em>Burj\u00e1nHungary Kft<\/em><\/strong><\/p>\n\n\n\n<p>Mati\u010dna \u0161tevilka podjetja: <strong>06-09-027651<\/strong><\/p>\n\n\n\n<p>Sede\u017e: 6914 Pitvaros Mez\u0151hegyesi \u00fat 22.<\/p>\n\n\n\n<p>Po\u0161tni naslov: 6914 Pitvaros Mez\u0151hegyesi \u00fat 22.<\/p>\n\n\n\n<p>Spletna stran:&nbsp;<a href=\"http:\/\/www.hungaroonlin.hu\/\" target=\"_blank\" rel=\"noreferrer noopener\">www.hungaroonlin.hu<\/a><\/p>\n\n\n\n<p>Dav\u010dna \u0161tevilka: <strong>27731464-1-06.<\/strong><\/p>\n\n\n\n<p>Javna dav\u010dna \u0161tevilka: <strong>HU27731464.<\/strong><\/p>\n\n\n\n<p>Telefon: +36706361980<\/p>\n\n\n\n<p>E-naslov:&nbsp;<a href=\"mailto:hungaroonlinekft@gmail.com\" target=\"_blank\" rel=\"noreferrer noopener\">hungaroonlinekft@gmail.com<\/a><\/p>\n\n\n\n<p><br>K&amp;H Bank zrt. <strong>HU50 10402829-50526954-78511008<\/strong><\/p>\n\n\n\n<p><\/p>\n\n\n\n<p>16. <em><strong>Vrtno pohi\u0161tvo lahko dostavimo po vsej dr\u017eavi z dostavo v EUR paletah, zaradi prevelike velikosti in te\u017ee je cena dostave 25.000 HUF!<\/strong><\/em><\/p>\n\n\n\n<p><em><strong>Na eni EUR paleti lahko dostavimo cca 6-7 kosov sestavljenega vrtnega pohi\u0161tva!<\/strong><\/em><\/p>\n\n\n\n<p>17. <strong>Pravne osebe ne morejo uveljavljati 14-dnevne pravice do odstopa po \u010dlenu 45\/2014. (II. 26.) Po dolo\u010dilih vladne uredbe je Civilni zakonik. 8:1. V skladu s 3. \u010dlenom je potro\u0161nik nih\u010de drug kot fizi\u010dna oseba, ki deluje izven svojega poklica, samostojnega poklica ali poslovne dejavnosti, kar pomeni, da pravne osebe in podjetja nimajo pravice do odstopa od pogodbe.<\/strong><\/p>\n\n\n\n<p><strong>Na\u010din re\u0161evanja ugovora s strani podjetja: Zavrnjeno<\/strong><\/p>\n\n\n\n<p><strong>Pravne osebe ne morejo uveljavljati 14-dnevne pravice do odstopa po \u010dlenu 45\/2014. (II. 26.) Po dolo\u010dilih Uredbe vlade.<\/strong>&nbsp;&nbsp;<br><br><strong>Civilni zakonik 8:1. V skladu s 3. \u010dlenom je potro\u0161nik nih\u010de drug kot fizi\u010dna oseba, ki deluje izven svojega poklica, samostojnega poklica ali poslovne dejavnosti, kar pomeni, da pravne osebe in podjetja nimajo pravice do odstopa od pogodbe.<\/strong><\/p>\n\n\n\n<p><a href=\"https:\/\/hungaroonline.hempa.hu\/wp-content\/uploads\/2022\/09\/HUNGAROONLINE-ASZF-f-5.pdf\"><strong>CELOTEN OPIS \u00c1FSZ TUKAJ<\/strong><\/a>:<\/p>\n\n\n\n<p><\/p>\n\n\n\n<p><strong><a href=\"https:\/\/hungaroonline.hu\/wp-content\/uploads\/2023\/10\/MK14030.pdf\">45\/2014. (II. 26.) Govt. Ureditev pogodb med potro\u0161nikom in podjetjem tukaj:<\/a><\/strong><\/p>\n\n\n\n<p><\/p>\n\n\n\n<p><\/p>\n\n\n\n<figure class=\"wp-block-gallery has-nested-images columns-default is-cropped wp-block-gallery-1 is-layout-flex wp-block-gallery-is-layout-flex\"><\/figure>\n\n\n\n<p><\/p>\n\n\n\n<p><\/p>\n\n\n\n<p><strong>SPLETNO PLA\u010cILO Z BAN\u010cNO KARTICO \u00c1FSZ-OFSZ<\/strong>:<\/p>\n\n\n\n<p><strong>Varno:<\/strong>&nbsp;lahko natan\u010dno preverite, od koga kupujete, in va\u0161emu denarju je mogo\u010de slediti: od svoje banke lahko zahtevate SMS, ki vas obve\u0161\u010da o transakcijah, svojo porabo pa lahko preverite tudi na ban\u010dnem izpisku.<\/p>\n\n\n\n<p><strong>Brezpla\u010dno pla\u010dilo:<\/strong>&nbsp;za spletno pla\u010dilo z ban\u010dno kartico ni posebne provizije.<\/p>\n\n\n\n<p><strong>Brezpla\u010dna vra\u010dila:<\/strong>&nbsp;ne glede na na\u010din pla\u010dila, ki ga izberete, lahko izdelke, ki jih prodaja Hungaroonline.hu, brezpla\u010dno vrnete 30 dni brez razloga<sup>*<\/sup>, seveda tudi v primeru pla\u010dila s spletno ban\u010dno kartico (vrnitev kupnine na izdelke pa vam vrnemo v roku 14 dni od prispetja v skladi\u0161\u010de!)<\/p>\n\n\n\n<ul class=\"wp-block-list\">\n<li>Shranite kartico, da vam ob naslednjem spletnem pla\u010dilu ne bo treba znova vna\u0161ati vseh podatkov.<\/li>\n\n\n\n<li>Izberite med na\u010dini pla\u010dila in kliknite na gumb &quot;Naro\u010di&quot;. Pla\u010dilo bo izvedeno samodejno.<\/li>\n<\/ul>\n\n\n\n<p>Vrste ban\u010dnih kartic, ki jih sprejemamo za spletno pla\u010devanje so: VISA (Classic in Electron), Maestro in Mastercard. \u010ce ta nima kode CVV2\/CVC2, je treba ustrezno polje izpolniti s fiktivnimi vrednostmi.<\/p>\n\n\n\n<p>Pomembno je vedeti, da se za naro\u010dilo ne zara\u010duna transakcijska provizija! Hungaroonline.hu zagotavlja varnost pla\u010dil!<\/p>\n\n\n\n<p>\u010ce va\u0161a ban\u010dna kartica ne temelji na HUF, bo znesek odtegnjen glede na dnevni menjalni te\u010daj va\u0161e banke!<\/p>\n\n\n\n<p><\/p>\n\n\n\n<p><\/p>\n\n\n\n<div data-wp-interactive=\"core\/file\" class=\"wp-block-file\"><object data-wp-bind--hidden=\"!state.hasPdfPreview\" hidden class=\"wp-block-file__embed\" data=\"https:\/\/hungaroonline.hu\/wp-content\/uploads\/2024\/12\/OFSZ-ASZF_Elektronikus-hatalyos-20240401.pdf-BANKARTYAS-FIZETES.pdf\" type=\"application\/pdf\" style=\"width:100%;height:630px\" aria-label=\"Vdelava OFSZ-ASZF_Elektronikus-hatalyos-20240401.pdf BANK\u00c1RTY\u00c1S FIZET\u00c9S\"><\/object><a id=\"wp-block-file--media-4b5fd68a-3212-4151-a176-d65e2f9f9880\" href=\"https:\/\/hungaroonline.hu\/wp-content\/uploads\/2024\/12\/OFSZ-ASZF_Elektronikus-hatalyos-20240401.pdf-BANKARTYAS-FIZETES.pdf\">OFSZ-ASZF_Elektronikus-tathalyos-20240401.pdf PLA\u010cILO Z BAN\u010cNO KARTICO<\/a><a href=\"https:\/\/hungaroonline.hu\/wp-content\/uploads\/2024\/12\/OFSZ-ASZF_Elektronikus-hatalyos-20240401.pdf-BANKARTYAS-FIZETES.pdf\" class=\"wp-block-file__button wp-element-button\" download aria-describedby=\"wp-block-file--media-4b5fd68a-3212-4151-a176-d65e2f9f9880\">Prenos<\/a><\/div>","protected":false},"excerpt":{"rendered":"<p>\u00c1ltal\u00e1nos Szerz\u0151d\u00e9si Felt\u00e9telek FONTOS!!!&nbsp;Ha m\u00e1r nem aktu\u00e1lis vagy meggondolta mag\u00e1t azt k\u00e9rem el\u0151re jelezni fel\u00e9nk ezen a telefonsz\u00e1mon&nbsp;+36706361980&nbsp;vagy&nbsp;hungaroonlinekft@gmail.com&nbsp;email c\u00edmen! FIZET\u00c9SI K\u00d6TELEZETTS\u00c9G\u00a0Hat\u00e1lya al\u00e1 esik akkor is ha a fut\u00e1rszolg\u00e1latn\u00e1l az (MPL-n\u00e9l)\u00a0\u00a0TAGADJA\u00a0 MEG\u00a0 A CSOMAG\u00c1TV\u00c9TELT!!!\u00a0\u00a0Ezt minden esetben ezeken az el\u00e9rhet\u0151s\u00e9geken\u00a0+36706361980\u00a0\u00a0vagy\u00a0\u00a0hungaroonlinekft@gmail.com\u00a0 email c\u00edmen\u00a0\u00a0K\u00d6TELES\u00a0 jelezni fel\u00e9nk! Ha nem jelzi fel\u00e9nk az el\u00e1ll\u00e1si sz\u00e1nd\u00e9k\u00e1t&nbsp;K\u00d6TELES&nbsp;megt\u00e9r\u00edteni a sz\u00e1ll\u00edt\u00e1si k\u00f6lts\u00e9get&nbsp;A Korm\u00e1ny 45\/2014. (II. [&hellip;]<\/p>","protected":false},"author":1,"featured_media":0,"parent":0,"menu_order":0,"comment_status":"closed","ping_status":"closed","template":"","meta":{"footnotes":""},"class_list":["post-309","page","type-page","status-publish","hentry"],"yoast_head":"<!-- This site is optimized with the Yoast SEO plugin v26.6 - https:\/\/yoast.com\/wordpress\/plugins\/seo\/ -->\n<title>\u00c1SZF - HungaroOnline<\/title>\n<meta name=\"robots\" content=\"index, follow, max-snippet:-1, max-image-preview:large, max-video-preview:-1\" \/>\n<link rel=\"canonical\" href=\"https:\/\/hungaroonline.hu\/sl\/aszf\/\" \/>\n<meta property=\"og:locale\" content=\"sl_SI\" \/>\n<meta property=\"og:type\" content=\"article\" \/>\n<meta property=\"og:title\" content=\"\u00c1SZF - HungaroOnline\" \/>\n<meta property=\"og:description\" content=\"\u00c1ltal\u00e1nos Szerz\u0151d\u00e9si Felt\u00e9telek FONTOS!!!&nbsp;Ha m\u00e1r nem aktu\u00e1lis vagy meggondolta mag\u00e1t azt k\u00e9rem el\u0151re jelezni fel\u00e9nk ezen a telefonsz\u00e1mon&nbsp;+36706361980&nbsp;vagy&nbsp;hungaroonlinekft@gmail.com&nbsp;email c\u00edmen! FIZET\u00c9SI K\u00d6TELEZETTS\u00c9G\u00a0Hat\u00e1lya al\u00e1 esik akkor is ha a fut\u00e1rszolg\u00e1latn\u00e1l az (MPL-n\u00e9l)\u00a0\u00a0TAGADJA\u00a0 MEG\u00a0 A CSOMAG\u00c1TV\u00c9TELT!!!\u00a0\u00a0Ezt minden esetben ezeken az el\u00e9rhet\u0151s\u00e9geken\u00a0+36706361980\u00a0\u00a0vagy\u00a0\u00a0hungaroonlinekft@gmail.com\u00a0 email c\u00edmen\u00a0\u00a0K\u00d6TELES\u00a0 jelezni fel\u00e9nk! Ha nem jelzi fel\u00e9nk az el\u00e1ll\u00e1si sz\u00e1nd\u00e9k\u00e1t&nbsp;K\u00d6TELES&nbsp;megt\u00e9r\u00edteni a sz\u00e1ll\u00edt\u00e1si k\u00f6lts\u00e9get&nbsp;A Korm\u00e1ny 45\/2014. (II. [&hellip;]\" \/>\n<meta property=\"og:url\" content=\"https:\/\/hungaroonline.hu\/sl\/aszf\/\" \/>\n<meta property=\"og:site_name\" content=\"HungaroOnline\" \/>\n<meta property=\"article:publisher\" content=\"https:\/\/www.facebook.com\/hungaroonline\" \/>\n<meta property=\"article:modified_time\" content=\"2025-01-29T16:55:32+00:00\" \/>\n<meta name=\"twitter:card\" content=\"summary_large_image\" \/>\n<meta name=\"twitter:label1\" content=\"Est. reading time\" \/>\n\t<meta name=\"twitter:data1\" content=\"4 minute\" \/>\n<script type=\"application\/ld+json\" class=\"yoast-schema-graph\">{\"@context\":\"https:\/\/schema.org\",\"@graph\":[{\"@type\":\"WebPage\",\"@id\":\"https:\/\/hungaroonline.hu\/aszf\/\",\"url\":\"https:\/\/hungaroonline.hu\/aszf\/\",\"name\":\"\u00c1SZF - HungaroOnline\",\"isPartOf\":{\"@id\":\"https:\/\/hungaroonline.hu\/#website\"},\"datePublished\":\"2019-06-12T12:06:21+00:00\",\"dateModified\":\"2025-01-29T16:55:32+00:00\",\"breadcrumb\":{\"@id\":\"https:\/\/hungaroonline.hu\/aszf\/#breadcrumb\"},\"inLanguage\":\"sl-SI\",\"potentialAction\":[{\"@type\":\"ReadAction\",\"target\":[\"https:\/\/hungaroonline.hu\/aszf\/\"]}]},{\"@type\":\"BreadcrumbList\",\"@id\":\"https:\/\/hungaroonline.hu\/aszf\/#breadcrumb\",\"itemListElement\":[{\"@type\":\"ListItem\",\"position\":1,\"name\":\"Home\",\"item\":\"https:\/\/hungaroonline.hu\/\"},{\"@type\":\"ListItem\",\"position\":2,\"name\":\"\u00c1SZF\"}]},{\"@type\":\"WebSite\",\"@id\":\"https:\/\/hungaroonline.hu\/#website\",\"url\":\"https:\/\/hungaroonline.hu\/\",\"name\":\"HungaroOnline\",\"description\":\"Kutyah\u00e1z - Hord\u00f3 - Raklap b\u00fator - Raklapp\u00e1rna Gy\u00e1rt\u00e1sa\",\"publisher\":{\"@id\":\"https:\/\/hungaroonline.hu\/#organization\"},\"potentialAction\":[{\"@type\":\"SearchAction\",\"target\":{\"@type\":\"EntryPoint\",\"urlTemplate\":\"https:\/\/hungaroonline.hu\/?s={search_term_string}\"},\"query-input\":{\"@type\":\"PropertyValueSpecification\",\"valueRequired\":true,\"valueName\":\"search_term_string\"}}],\"inLanguage\":\"sl-SI\"},{\"@type\":\"Organization\",\"@id\":\"https:\/\/hungaroonline.hu\/#organization\",\"name\":\"HungaroOnline\",\"url\":\"https:\/\/hungaroonline.hu\/\",\"logo\":{\"@type\":\"ImageObject\",\"inLanguage\":\"sl-SI\",\"@id\":\"https:\/\/hungaroonline.hu\/#\/schema\/logo\/image\/\",\"url\":\"https:\/\/hungaroonline.hu\/wp-content\/uploads\/2023\/01\/hungaroonline-footer-logo-color-a.png\",\"contentUrl\":\"https:\/\/hungaroonline.hu\/wp-content\/uploads\/2023\/01\/hungaroonline-footer-logo-color-a.png\",\"width\":970,\"height\":86,\"caption\":\"HungaroOnline\"},\"image\":{\"@id\":\"https:\/\/hungaroonline.hu\/#\/schema\/logo\/image\/\"},\"sameAs\":[\"https:\/\/www.facebook.com\/hungaroonline\"]}]}<\/script>\n<!-- \/ Yoast SEO plugin. -->","yoast_head_json":{"title":"\u00c1SZF - HungaroOnline","robots":{"index":"index","follow":"follow","max-snippet":"max-snippet:-1","max-image-preview":"max-image-preview:large","max-video-preview":"max-video-preview:-1"},"canonical":"https:\/\/hungaroonline.hu\/sl\/aszf\/","og_locale":"sl_SI","og_type":"article","og_title":"\u00c1SZF - HungaroOnline","og_description":"\u00c1ltal\u00e1nos Szerz\u0151d\u00e9si Felt\u00e9telek FONTOS!!!&nbsp;Ha m\u00e1r nem aktu\u00e1lis vagy meggondolta mag\u00e1t azt k\u00e9rem el\u0151re jelezni fel\u00e9nk ezen a telefonsz\u00e1mon&nbsp;+36706361980&nbsp;vagy&nbsp;hungaroonlinekft@gmail.com&nbsp;email c\u00edmen! FIZET\u00c9SI K\u00d6TELEZETTS\u00c9G\u00a0Hat\u00e1lya al\u00e1 esik akkor is ha a fut\u00e1rszolg\u00e1latn\u00e1l az (MPL-n\u00e9l)\u00a0\u00a0TAGADJA\u00a0 MEG\u00a0 A CSOMAG\u00c1TV\u00c9TELT!!!\u00a0\u00a0Ezt minden esetben ezeken az el\u00e9rhet\u0151s\u00e9geken\u00a0+36706361980\u00a0\u00a0vagy\u00a0\u00a0hungaroonlinekft@gmail.com\u00a0 email c\u00edmen\u00a0\u00a0K\u00d6TELES\u00a0 jelezni fel\u00e9nk! Ha nem jelzi fel\u00e9nk az el\u00e1ll\u00e1si sz\u00e1nd\u00e9k\u00e1t&nbsp;K\u00d6TELES&nbsp;megt\u00e9r\u00edteni a sz\u00e1ll\u00edt\u00e1si k\u00f6lts\u00e9get&nbsp;A Korm\u00e1ny 45\/2014. (II. [&hellip;]","og_url":"https:\/\/hungaroonline.hu\/sl\/aszf\/","og_site_name":"HungaroOnline","article_publisher":"https:\/\/www.facebook.com\/hungaroonline","article_modified_time":"2025-01-29T16:55:32+00:00","twitter_card":"summary_large_image","twitter_misc":{"Est. reading time":"4 minute"},"schema":{"@context":"https:\/\/schema.org","@graph":[{"@type":"WebPage","@id":"https:\/\/hungaroonline.hu\/aszf\/","url":"https:\/\/hungaroonline.hu\/aszf\/","name":"\u00c1SZF - HungaroOnline","isPartOf":{"@id":"https:\/\/hungaroonline.hu\/#website"},"datePublished":"2019-06-12T12:06:21+00:00","dateModified":"2025-01-29T16:55:32+00:00","breadcrumb":{"@id":"https:\/\/hungaroonline.hu\/aszf\/#breadcrumb"},"inLanguage":"sl-SI","potentialAction":[{"@type":"ReadAction","target":["https:\/\/hungaroonline.hu\/aszf\/"]}]},{"@type":"BreadcrumbList","@id":"https:\/\/hungaroonline.hu\/aszf\/#breadcrumb","itemListElement":[{"@type":"ListItem","position":1,"name":"Home","item":"https:\/\/hungaroonline.hu\/"},{"@type":"ListItem","position":2,"name":"\u00c1SZF"}]},{"@type":"WebSite","@id":"https:\/\/hungaroonline.hu\/#website","url":"https:\/\/hungaroonline.hu\/","name":"HungaroOnline","description":"Pasja uta - Sod - Pohi\u0161tvo iz palet - Izdelava blazin iz palet","publisher":{"@id":"https:\/\/hungaroonline.hu\/#organization"},"potentialAction":[{"@type":"SearchAction","target":{"@type":"EntryPoint","urlTemplate":"https:\/\/hungaroonline.hu\/?s={search_term_string}"},"query-input":{"@type":"PropertyValueSpecification","valueRequired":true,"valueName":"search_term_string"}}],"inLanguage":"sl-SI"},{"@type":"Organization","@id":"https:\/\/hungaroonline.hu\/#organization","name":"HungaroOnline","url":"https:\/\/hungaroonline.hu\/","logo":{"@type":"ImageObject","inLanguage":"sl-SI","@id":"https:\/\/hungaroonline.hu\/#\/schema\/logo\/image\/","url":"https:\/\/hungaroonline.hu\/wp-content\/uploads\/2023\/01\/hungaroonline-footer-logo-color-a.png","contentUrl":"https:\/\/hungaroonline.hu\/wp-content\/uploads\/2023\/01\/hungaroonline-footer-logo-color-a.png","width":970,"height":86,"caption":"HungaroOnline"},"image":{"@id":"https:\/\/hungaroonline.hu\/#\/schema\/logo\/image\/"},"sameAs":["https:\/\/www.facebook.com\/hungaroonline"]}]}},"_links":{"self":[{"href":"https:\/\/hungaroonline.hu\/sl\/wp-json\/wp\/v2\/pages\/309","targetHints":{"allow":["GET"]}}],"collection":[{"href":"https:\/\/hungaroonline.hu\/sl\/wp-json\/wp\/v2\/pages"}],"about":[{"href":"https:\/\/hungaroonline.hu\/sl\/wp-json\/wp\/v2\/types\/page"}],"author":[{"embeddable":true,"href":"https:\/\/hungaroonline.hu\/sl\/wp-json\/wp\/v2\/users\/1"}],"replies":[{"embeddable":true,"href":"https:\/\/hungaroonline.hu\/sl\/wp-json\/wp\/v2\/comments?post=309"}],"version-history":[{"count":18,"href":"https:\/\/hungaroonline.hu\/sl\/wp-json\/wp\/v2\/pages\/309\/revisions"}],"predecessor-version":[{"id":6726,"href":"https:\/\/hungaroonline.hu\/sl\/wp-json\/wp\/v2\/pages\/309\/revisions\/6726"}],"wp:attachment":[{"href":"https:\/\/hungaroonline.hu\/sl\/wp-json\/wp\/v2\/media?parent=309"}],"curies":[{"name":"delovni list","href":"https:\/\/api.w.org\/{rel}","templated":true}]}}