{"id":2838,"date":"2021-03-08T11:02:34","date_gmt":"2021-03-08T10:02:34","guid":{"rendered":"https:\/\/hungaroonline.hempa.hu\/?post_type=product&#038;p=2838"},"modified":"2025-07-24T10:54:19","modified_gmt":"2025-07-24T08:54:19","slug":"raklap-butor-ketszemelyes-pad","status":"publish","type":"product","link":"https:\/\/hungaroonline.hu\/sk\/produkt\/raklap-butor-ketszemelyes-pad\/","title":{"rendered":"Kreslo pre dvoch"},"content":{"rendered":"<p><img decoding=\"async\" class=\"alignnone wp-image-6231 aligncenter\" src=\"https:\/\/hungaroonline.hu\/wp-content\/uploads\/2024\/02\/Raklap-butor-2-533x300.jpg\" alt=\"\" width=\"268\" height=\"151\" srcset=\"https:\/\/hungaroonline.hu\/wp-content\/uploads\/2024\/02\/Raklap-butor-2-533x300.jpg 533w, https:\/\/hungaroonline.hu\/wp-content\/uploads\/2024\/02\/Raklap-butor-2-1110x624.jpg 1110w, https:\/\/hungaroonline.hu\/wp-content\/uploads\/2024\/02\/Raklap-butor-2-768x432.jpg 768w, https:\/\/hungaroonline.hu\/wp-content\/uploads\/2024\/02\/Raklap-butor-2-18x10.jpg 18w, https:\/\/hungaroonline.hu\/wp-content\/uploads\/2024\/02\/Raklap-butor-2-1000x563.jpg 1000w, https:\/\/hungaroonline.hu\/wp-content\/uploads\/2024\/02\/Raklap-butor-2.jpg 1152w\" sizes=\"(max-width: 268px) 100vw, 268px\" \/><\/p>\n<p>&nbsp;<\/p>\n<p style=\"text-align: center;\"><strong>V na\u0161ej stol\u00e1rskej dielni vyr\u00e1bame kvalitn\u00fd paletov\u00fd n\u00e1bytok u\u017e 15 rokov!<\/strong><\/p>\n<p>&nbsp;<\/p>\n<p>&nbsp;<\/p>\n<p>&nbsp;<\/p>\n<p><strong>\u00a0 \u00a0 \u00a0 \u00a0Pre\u010do si vybra\u0165 n\u00e1\u0161 n\u00e1bytok?<\/strong><\/p>\n<ul>\n<li>Ergonomicky navrhnut\u00fd paletov\u00fd n\u00e1bytok!<\/li>\n<li>V\u010faka mas\u00edvnemu dreven\u00e9mu r\u00e1mu je ve\u013emi odoln\u00fd!<\/li>\n<li>Paletov\u00fd n\u00e1bytok je nad\u010dasov\u00fd a ve\u013emi odoln\u00fd!<\/li>\n<li>Vy\u017eaduje mal\u00fa \u00fadr\u017ebu!<\/li>\n<li>Nehnetieme ho z palety, tak\u017ee <strong>ve\u013ea <\/strong><strong>mas\u00edvnej\u0161ie!<\/strong><\/li>\n<li>Jeho dizajn je \u00faplne navrhnut\u00fd pre vonkaj\u0161ie pou\u017eitie!<\/li>\n<li>Poskytujeme 1 ro\u010dn\u00fa z\u00e1ruku!<\/li>\n<\/ul>\n<p>&nbsp;<\/p>\n<p>&nbsp;<\/p>\n<p>&nbsp;<\/p>\n<p>Od ur\u010dit\u00e9ho po\u010dtu kusov je n\u00e1\u0161 n\u00e1bytok dod\u00e1van\u00fd plo\u0161ne zabalen\u00fd, to znamen\u00e1, \u017ee k v\u00e1m doraz\u00ed nezmontovan\u00fd. Ke\u010f\u017ee je rozmern\u00fd, je tento sp\u00f4sob doru\u010denia cenovo najefekt\u00edvnej\u0161\u00ed!<\/p>\n<p>&nbsp;<\/p>\n<p>&nbsp;<\/p>\n<p><strong> Jednoduch\u00e9 zostavenie!<\/strong><\/p>\n<p>- Prid\u00e1vame mont\u00e1\u017eny n\u00e1vod.<\/p>\n<p>- Prvky s\u00fa zobrazen\u00e9 s mont\u00e1\u017enym v\u00fdkresom.<\/p>\n<p>- Je to predv\u0155tan\u00e9.<\/p>\n<p>- Mo\u017eno namontova\u0165 pomocou skrutky jednej ve\u013ekosti!<\/p>\n<p>&nbsp;<\/p>\n<p>&nbsp;<\/p>\n<p><em><strong>Upozor\u0148ujeme, \u017ee drevo je pr\u00edrodn\u00fd materi\u00e1l, preto sa na \u0148om m\u00f4\u017eu vyskytn\u00fa\u0165 nedokonalosti!<\/strong><\/em><\/p>\n<p>&nbsp;<\/p>\n<p>&nbsp;<\/p>\n<p><strong>V\u0161eobecn\u00e9 vlastnosti:<\/strong><\/p>\n<p>Z\u00e1ruka: 1 rok.<\/p>\n<p>Po\u010det kusov: 1.<\/p>\n<p>Farba: Pr\u00edrodn\u00e1 - Nelakovan\u00e1!<\/p>\n<p>Materi\u00e1l: 1,8 cm hrub\u00e9 topo\u013eov\u00e9 drevo.<\/p>\n<p>Sedacia plocha: 100 cm \u0161\u00edrka x 50 cm v\u00fd\u0161ka.<br \/>\nOperadlo: 100 cm \u0161\u00edrka x 50 cm v\u00fd\u0161ka.<\/p>\n<p>Podlahov\u00e1 plocha: \u0161\u00edrka 126 cm, d\u013a\u017eka 60 cm, v\u00fd\u0161ka 80 cm.<\/p>\n<p>Hmotnos\u0165: 45 kg.<\/p>\n<p>Dodacia lehota: 5-8 pracovn\u00fdch dn\u00ed!<\/p>\n<p>&nbsp;<\/p>\n<p><strong>Podrobnosti o doru\u010den\u00ed:<\/strong><\/p>\n<p>Paletov\u00fd n\u00e1bytok je mo\u017en\u00e9 vyzdvihn\u00fa\u0165 aj osobne, tak\u017ee cena dopravy m\u00f4\u017ee by\u0165 v\u00fdhodnej\u0161ia!<\/p>\n<p>Vn\u00fatro\u0161t\u00e1tne dod\u00e1vky s\u00fa doru\u010dovan\u00e9 na palet\u00e1ch kuri\u00e9rskou slu\u017ebou TLS, a <strong>nadrozmer<\/strong> a <strong>z jeho hmotnosti<\/strong> preto cena dopravy: <strong>32 000 HUF.<\/strong><\/p>\n<p><em><strong>Pre\u010do s\u00fa n\u00e1klady na dopravu tak\u00e9 vysok\u00e9?<\/strong><\/em><\/p>\n<ul>\n<li>1 EURO paleta zaber\u00e1 podlahov\u00fa plochu 120\u00d780 cm!<\/li>\n<li>V\u00fd\u0161ka produktu je medzi 150-220 cm!<\/li>\n<li>Hmotnos\u0165 nad 100 kg!<\/li>\n<\/ul>\n<p>&nbsp;<\/p>\n<p><strong><a href=\"https:\/\/hungaroonline.hu\/sk\/produkt\/ketszemelyes-pad-raklapparna-100x50x14\/\"><span style=\"color: #0000ff;\">Ak chcete objedna\u0165 zodpovedaj\u00faci vank\u00fa\u0161 na n\u00e1bytok z paliet, kliknite sem:<\/span><\/a><\/strong><\/p>\n<p>&nbsp;<\/p>\n<p>&nbsp;<\/p>\n<p>&nbsp;<\/p>\n<p><span style=\"color: #3366ff;\"><a style=\"color: #3366ff;\" href=\"https:\/\/hungaroonline.hu\/sk\/raklap-butor\/?v=baba78b405b0\"><strong><span style=\"color: #0000ff;\">VIAC OBR\u00c1ZKOV TU:<\/span><\/strong><\/a><\/span><\/p>\n<p>&nbsp;<\/p>\n<p>&nbsp;<\/p>\n<p>&nbsp;<\/p>\n<p>&nbsp;<\/p>","protected":false},"excerpt":{"rendered":"<p>&nbsp; V na\u0161ej stol\u00e1rskej dielni vyr\u00e1bame kvalitn\u00fd paletov\u00fd n\u00e1bytok u\u017e 15 rokov!        Pre\u010do si vybra\u0165 n\u00e1\u0161 n\u00e1bytok? Ergonomicky navrhnut\u00fd paletov\u00fd n\u00e1bytok! V\u010faka mas\u00edvnemu dreven\u00e9mu r\u00e1mu je ve\u013emi odoln\u00fd! Paletov\u00fd n\u00e1bytok je nad\u010dasov\u00fd a ve\u013emi odoln\u00fd! Vy\u017eaduje mal\u00fa \u00fadr\u017ebu! Nehnetieme ho z palety, tak\u017ee je ove\u013ea tuh\u0161ie! Jeho dizajn je \u00faplne navrhnut\u00fd pre vonkaj\u0161ie pou\u017eitie! 1 rok [\u2026]<\/p>","protected":false},"featured_media":4741,"comment_status":"closed","ping_status":"closed","template":"","meta":[],"product_brand":[],"product_cat":[100],"product_tag":[],"class_list":{"0":"post-2838","1":"product","2":"type-product","3":"status-publish","4":"has-post-thumbnail","6":"product_cat-raklap-butor","7":"product_shipping_class-raklap-butor-20-000-ft","9":"first","10":"instock","11":"purchasable","12":"product-type-simple"},"yoast_head":"<!-- This site is optimized with the Yoast SEO plugin v26.6 - https:\/\/yoast.com\/wordpress\/plugins\/seo\/ -->\n<title>K\u00e9tszem\u00e9lyes pad - HungaroOnline<\/title>\n<meta name=\"description\" content=\"1 \u00c9V GARANCI\u00c1VAL! ASZTALOSOK\u00a0\u00c1LTAL ELK\u00c9SZ\u00cdTETT TERM\u00c9K! Kerti raklap b\u00fatorunk ide\u00e1lis v\u00e1laszt\u00e1s pihen\u00e9sre \u00e9s kellemes id\u0151t\u00f6lt\u00e9sre csal\u00e1dj\u00e1val vagy bar\u00e1taival. A raklap b\u00fator id\u0151t\u00e1ll\u00f3 kialak\u00edt\u00e1s\u00e1nak k\u00f6sz\u00f6nhet\u0151en a fa rusztikus b\u00e1jt k\u00f6lcs\u00f6n\u00f6z terasz\u00e1nak, kertj\u00e9nek! A kerti garnit\u00fara tart\u00f3s, id\u0151j\u00e1r\u00e1s\u00e1ll\u00f3 \u00e9s k\u00f6rnyezetbar\u00e1t! Ez a garnit\u00fara szil\u00e1rd szerkezet\u0171 \u00e9s kev\u00e9s karbantart\u00e1st ig\u00e9nyel!\" \/>\n<meta name=\"robots\" content=\"index, follow, max-snippet:-1, max-image-preview:large, max-video-preview:-1\" \/>\n<link rel=\"canonical\" href=\"https:\/\/hungaroonline.hu\/sk\/produkt\/raklap-butor-ketszemelyes-pad\/\" \/>\n<meta property=\"og:locale\" content=\"sk_SK\" \/>\n<meta property=\"og:type\" content=\"article\" \/>\n<meta property=\"og:title\" content=\"K\u00e9tszem\u00e9lyes pad - HungaroOnline\" \/>\n<meta property=\"og:description\" content=\"1 \u00c9V GARANCI\u00c1VAL! ASZTALOSOK\u00a0\u00c1LTAL ELK\u00c9SZ\u00cdTETT TERM\u00c9K! Kerti raklap b\u00fatorunk ide\u00e1lis v\u00e1laszt\u00e1s pihen\u00e9sre \u00e9s kellemes id\u0151t\u00f6lt\u00e9sre csal\u00e1dj\u00e1val vagy bar\u00e1taival. A raklap b\u00fator id\u0151t\u00e1ll\u00f3 kialak\u00edt\u00e1s\u00e1nak k\u00f6sz\u00f6nhet\u0151en a fa rusztikus b\u00e1jt k\u00f6lcs\u00f6n\u00f6z terasz\u00e1nak, kertj\u00e9nek! A kerti garnit\u00fara tart\u00f3s, id\u0151j\u00e1r\u00e1s\u00e1ll\u00f3 \u00e9s k\u00f6rnyezetbar\u00e1t! Ez a garnit\u00fara szil\u00e1rd szerkezet\u0171 \u00e9s kev\u00e9s karbantart\u00e1st ig\u00e9nyel!\" \/>\n<meta property=\"og:url\" content=\"https:\/\/hungaroonline.hu\/sk\/produkt\/raklap-butor-ketszemelyes-pad\/\" \/>\n<meta property=\"og:site_name\" content=\"HungaroOnline\" \/>\n<meta property=\"article:publisher\" content=\"https:\/\/www.facebook.com\/hungaroonline\" \/>\n<meta property=\"article:modified_time\" content=\"2025-07-24T08:54:19+00:00\" \/>\n<meta property=\"og:image\" content=\"https:\/\/hungaroonline.hu\/wp-content\/uploads\/2021\/03\/ketszemelyes-pad.22.2jpg.jpg\" \/>\n\t<meta property=\"og:image:width\" content=\"400\" \/>\n\t<meta property=\"og:image:height\" content=\"400\" \/>\n\t<meta property=\"og:image:type\" content=\"image\/jpeg\" \/>\n<meta name=\"twitter:card\" content=\"summary_large_image\" \/>\n<meta name=\"twitter:label1\" content=\"Predpokladan\u00fd \u010das \u010d\u00edtania\" \/>\n\t<meta name=\"twitter:data1\" content=\"2 min\u00faty\" \/>\n<script type=\"application\/ld+json\" class=\"yoast-schema-graph\">{\"@context\":\"https:\/\/schema.org\",\"@graph\":[{\"@type\":\"WebPage\",\"@id\":\"https:\/\/hungaroonline.hu\/termek\/raklap-butor-ketszemelyes-pad\/\",\"url\":\"https:\/\/hungaroonline.hu\/termek\/raklap-butor-ketszemelyes-pad\/\",\"name\":\"K\u00e9tszem\u00e9lyes pad - HungaroOnline\",\"isPartOf\":{\"@id\":\"https:\/\/hungaroonline.hu\/#website\"},\"primaryImageOfPage\":{\"@id\":\"https:\/\/hungaroonline.hu\/termek\/raklap-butor-ketszemelyes-pad\/#primaryimage\"},\"image\":{\"@id\":\"https:\/\/hungaroonline.hu\/termek\/raklap-butor-ketszemelyes-pad\/#primaryimage\"},\"thumbnailUrl\":\"https:\/\/hungaroonline.hu\/wp-content\/uploads\/2021\/03\/ketszemelyes-pad.22.2jpg.jpg\",\"datePublished\":\"2021-03-08T10:02:34+00:00\",\"dateModified\":\"2025-07-24T08:54:19+00:00\",\"description\":\"1 \u00c9V GARANCI\u00c1VAL! ASZTALOSOK\u00a0\u00c1LTAL ELK\u00c9SZ\u00cdTETT TERM\u00c9K! Kerti raklap b\u00fatorunk ide\u00e1lis v\u00e1laszt\u00e1s pihen\u00e9sre \u00e9s kellemes id\u0151t\u00f6lt\u00e9sre csal\u00e1dj\u00e1val vagy bar\u00e1taival. A raklap b\u00fator id\u0151t\u00e1ll\u00f3 kialak\u00edt\u00e1s\u00e1nak k\u00f6sz\u00f6nhet\u0151en a fa rusztikus b\u00e1jt k\u00f6lcs\u00f6n\u00f6z terasz\u00e1nak, kertj\u00e9nek! A kerti garnit\u00fara tart\u00f3s, id\u0151j\u00e1r\u00e1s\u00e1ll\u00f3 \u00e9s k\u00f6rnyezetbar\u00e1t! Ez a garnit\u00fara szil\u00e1rd szerkezet\u0171 \u00e9s kev\u00e9s karbantart\u00e1st ig\u00e9nyel!\",\"breadcrumb\":{\"@id\":\"https:\/\/hungaroonline.hu\/termek\/raklap-butor-ketszemelyes-pad\/#breadcrumb\"},\"inLanguage\":\"sk-SK\",\"potentialAction\":[{\"@type\":\"ReadAction\",\"target\":[\"https:\/\/hungaroonline.hu\/termek\/raklap-butor-ketszemelyes-pad\/\"]}]},{\"@type\":\"ImageObject\",\"inLanguage\":\"sk-SK\",\"@id\":\"https:\/\/hungaroonline.hu\/termek\/raklap-butor-ketszemelyes-pad\/#primaryimage\",\"url\":\"https:\/\/hungaroonline.hu\/wp-content\/uploads\/2021\/03\/ketszemelyes-pad.22.2jpg.jpg\",\"contentUrl\":\"https:\/\/hungaroonline.hu\/wp-content\/uploads\/2021\/03\/ketszemelyes-pad.22.2jpg.jpg\",\"width\":400,\"height\":400,\"caption\":\"Raklap b\u00fator\"},{\"@type\":\"BreadcrumbList\",\"@id\":\"https:\/\/hungaroonline.hu\/termek\/raklap-butor-ketszemelyes-pad\/#breadcrumb\",\"itemListElement\":[{\"@type\":\"ListItem\",\"position\":1,\"name\":\"Home\",\"item\":\"https:\/\/hungaroonline.hu\/\"},{\"@type\":\"ListItem\",\"position\":2,\"name\":\"\u00dczlet\",\"item\":\"https:\/\/hungaroonline.hu\/uzlet\/\"},{\"@type\":\"ListItem\",\"position\":3,\"name\":\"K\u00e9tszem\u00e9lyes pad\"}]},{\"@type\":\"WebSite\",\"@id\":\"https:\/\/hungaroonline.hu\/#website\",\"url\":\"https:\/\/hungaroonline.hu\/\",\"name\":\"HungaroOnline\",\"description\":\"Kutyah\u00e1z - Hord\u00f3 - Raklap b\u00fator - Raklapp\u00e1rna Gy\u00e1rt\u00e1sa\",\"publisher\":{\"@id\":\"https:\/\/hungaroonline.hu\/#organization\"},\"potentialAction\":[{\"@type\":\"SearchAction\",\"target\":{\"@type\":\"EntryPoint\",\"urlTemplate\":\"https:\/\/hungaroonline.hu\/?s={search_term_string}\"},\"query-input\":{\"@type\":\"PropertyValueSpecification\",\"valueRequired\":true,\"valueName\":\"search_term_string\"}}],\"inLanguage\":\"sk-SK\"},{\"@type\":\"Organization\",\"@id\":\"https:\/\/hungaroonline.hu\/#organization\",\"name\":\"HungaroOnline\",\"url\":\"https:\/\/hungaroonline.hu\/\",\"logo\":{\"@type\":\"ImageObject\",\"inLanguage\":\"sk-SK\",\"@id\":\"https:\/\/hungaroonline.hu\/#\/schema\/logo\/image\/\",\"url\":\"https:\/\/hungaroonline.hu\/wp-content\/uploads\/2023\/01\/hungaroonline-footer-logo-color-a.png\",\"contentUrl\":\"https:\/\/hungaroonline.hu\/wp-content\/uploads\/2023\/01\/hungaroonline-footer-logo-color-a.png\",\"width\":970,\"height\":86,\"caption\":\"HungaroOnline\"},\"image\":{\"@id\":\"https:\/\/hungaroonline.hu\/#\/schema\/logo\/image\/\"},\"sameAs\":[\"https:\/\/www.facebook.com\/hungaroonline\"]}]}<\/script>\n<!-- \/ Yoast SEO plugin. -->","yoast_head_json":{"title":"K\u00e9tszem\u00e9lyes pad - HungaroOnline","description":"1 \u00c9V GARANCI\u00c1VAL! ASZTALOSOK\u00a0\u00c1LTAL ELK\u00c9SZ\u00cdTETT TERM\u00c9K! Kerti raklap b\u00fatorunk ide\u00e1lis v\u00e1laszt\u00e1s pihen\u00e9sre \u00e9s kellemes id\u0151t\u00f6lt\u00e9sre csal\u00e1dj\u00e1val vagy bar\u00e1taival. A raklap b\u00fator id\u0151t\u00e1ll\u00f3 kialak\u00edt\u00e1s\u00e1nak k\u00f6sz\u00f6nhet\u0151en a fa rusztikus b\u00e1jt k\u00f6lcs\u00f6n\u00f6z terasz\u00e1nak, kertj\u00e9nek! A kerti garnit\u00fara tart\u00f3s, id\u0151j\u00e1r\u00e1s\u00e1ll\u00f3 \u00e9s k\u00f6rnyezetbar\u00e1t! Ez a garnit\u00fara szil\u00e1rd szerkezet\u0171 \u00e9s kev\u00e9s karbantart\u00e1st ig\u00e9nyel!","robots":{"index":"index","follow":"follow","max-snippet":"max-snippet:-1","max-image-preview":"max-image-preview:large","max-video-preview":"max-video-preview:-1"},"canonical":"https:\/\/hungaroonline.hu\/sk\/produkt\/raklap-butor-ketszemelyes-pad\/","og_locale":"sk_SK","og_type":"article","og_title":"K\u00e9tszem\u00e9lyes pad - HungaroOnline","og_description":"1 \u00c9V GARANCI\u00c1VAL! ASZTALOSOK\u00a0\u00c1LTAL ELK\u00c9SZ\u00cdTETT TERM\u00c9K! Kerti raklap b\u00fatorunk ide\u00e1lis v\u00e1laszt\u00e1s pihen\u00e9sre \u00e9s kellemes id\u0151t\u00f6lt\u00e9sre csal\u00e1dj\u00e1val vagy bar\u00e1taival. A raklap b\u00fator id\u0151t\u00e1ll\u00f3 kialak\u00edt\u00e1s\u00e1nak k\u00f6sz\u00f6nhet\u0151en a fa rusztikus b\u00e1jt k\u00f6lcs\u00f6n\u00f6z terasz\u00e1nak, kertj\u00e9nek! A kerti garnit\u00fara tart\u00f3s, id\u0151j\u00e1r\u00e1s\u00e1ll\u00f3 \u00e9s k\u00f6rnyezetbar\u00e1t! Ez a garnit\u00fara szil\u00e1rd szerkezet\u0171 \u00e9s kev\u00e9s karbantart\u00e1st ig\u00e9nyel!","og_url":"https:\/\/hungaroonline.hu\/sk\/produkt\/raklap-butor-ketszemelyes-pad\/","og_site_name":"HungaroOnline","article_publisher":"https:\/\/www.facebook.com\/hungaroonline","article_modified_time":"2025-07-24T08:54:19+00:00","og_image":[{"width":400,"height":400,"url":"https:\/\/hungaroonline.hu\/wp-content\/uploads\/2021\/03\/ketszemelyes-pad.22.2jpg.jpg","type":"image\/jpeg"}],"twitter_card":"summary_large_image","twitter_misc":{"Predpokladan\u00fd \u010das \u010d\u00edtania":"2 min\u00faty"},"schema":{"@context":"https:\/\/schema.org","@graph":[{"@type":"WebPage","@id":"https:\/\/hungaroonline.hu\/termek\/raklap-butor-ketszemelyes-pad\/","url":"https:\/\/hungaroonline.hu\/termek\/raklap-butor-ketszemelyes-pad\/","name":"K\u00e9tszem\u00e9lyes pad - HungaroOnline","isPartOf":{"@id":"https:\/\/hungaroonline.hu\/#website"},"primaryImageOfPage":{"@id":"https:\/\/hungaroonline.hu\/termek\/raklap-butor-ketszemelyes-pad\/#primaryimage"},"image":{"@id":"https:\/\/hungaroonline.hu\/termek\/raklap-butor-ketszemelyes-pad\/#primaryimage"},"thumbnailUrl":"https:\/\/hungaroonline.hu\/wp-content\/uploads\/2021\/03\/ketszemelyes-pad.22.2jpg.jpg","datePublished":"2021-03-08T10:02:34+00:00","dateModified":"2025-07-24T08:54:19+00:00","description":"1 \u00c9V GARANCI\u00c1VAL! ASZTALOSOK\u00a0\u00c1LTAL ELK\u00c9SZ\u00cdTETT TERM\u00c9K! Kerti raklap b\u00fatorunk ide\u00e1lis v\u00e1laszt\u00e1s pihen\u00e9sre \u00e9s kellemes id\u0151t\u00f6lt\u00e9sre csal\u00e1dj\u00e1val vagy bar\u00e1taival. A raklap b\u00fator id\u0151t\u00e1ll\u00f3 kialak\u00edt\u00e1s\u00e1nak k\u00f6sz\u00f6nhet\u0151en a fa rusztikus b\u00e1jt k\u00f6lcs\u00f6n\u00f6z terasz\u00e1nak, kertj\u00e9nek! A kerti garnit\u00fara tart\u00f3s, id\u0151j\u00e1r\u00e1s\u00e1ll\u00f3 \u00e9s k\u00f6rnyezetbar\u00e1t! Ez a garnit\u00fara szil\u00e1rd szerkezet\u0171 \u00e9s kev\u00e9s karbantart\u00e1st ig\u00e9nyel!","breadcrumb":{"@id":"https:\/\/hungaroonline.hu\/termek\/raklap-butor-ketszemelyes-pad\/#breadcrumb"},"inLanguage":"sk-SK","potentialAction":[{"@type":"ReadAction","target":["https:\/\/hungaroonline.hu\/termek\/raklap-butor-ketszemelyes-pad\/"]}]},{"@type":"ImageObject","inLanguage":"sk-SK","@id":"https:\/\/hungaroonline.hu\/termek\/raklap-butor-ketszemelyes-pad\/#primaryimage","url":"https:\/\/hungaroonline.hu\/wp-content\/uploads\/2021\/03\/ketszemelyes-pad.22.2jpg.jpg","contentUrl":"https:\/\/hungaroonline.hu\/wp-content\/uploads\/2021\/03\/ketszemelyes-pad.22.2jpg.jpg","width":400,"height":400,"caption":"Raklap b\u00fator"},{"@type":"BreadcrumbList","@id":"https:\/\/hungaroonline.hu\/termek\/raklap-butor-ketszemelyes-pad\/#breadcrumb","itemListElement":[{"@type":"ListItem","position":1,"name":"Home","item":"https:\/\/hungaroonline.hu\/"},{"@type":"ListItem","position":2,"name":"\u00dczlet","item":"https:\/\/hungaroonline.hu\/uzlet\/"},{"@type":"ListItem","position":3,"name":"K\u00e9tszem\u00e9lyes pad"}]},{"@type":"WebSite","@id":"https:\/\/hungaroonline.hu\/#website","url":"https:\/\/hungaroonline.hu\/","name":"HungaroOnline","description":"Psia b\u00fada - Sud - Paletov\u00fd n\u00e1bytok - V\u00fdroba paletov\u00fdch vank\u00fa\u0161ov","publisher":{"@id":"https:\/\/hungaroonline.hu\/#organization"},"potentialAction":[{"@type":"SearchAction","target":{"@type":"EntryPoint","urlTemplate":"https:\/\/hungaroonline.hu\/?s={search_term_string}"},"query-input":{"@type":"PropertyValueSpecification","valueRequired":true,"valueName":"search_term_string"}}],"inLanguage":"sk-SK"},{"@type":"Organization","@id":"https:\/\/hungaroonline.hu\/#organization","name":"HungaroOnline","url":"https:\/\/hungaroonline.hu\/","logo":{"@type":"ImageObject","inLanguage":"sk-SK","@id":"https:\/\/hungaroonline.hu\/#\/schema\/logo\/image\/","url":"https:\/\/hungaroonline.hu\/wp-content\/uploads\/2023\/01\/hungaroonline-footer-logo-color-a.png","contentUrl":"https:\/\/hungaroonline.hu\/wp-content\/uploads\/2023\/01\/hungaroonline-footer-logo-color-a.png","width":970,"height":86,"caption":"HungaroOnline"},"image":{"@id":"https:\/\/hungaroonline.hu\/#\/schema\/logo\/image\/"},"sameAs":["https:\/\/www.facebook.com\/hungaroonline"]}]}},"_links":{"self":[{"href":"https:\/\/hungaroonline.hu\/sk\/wp-json\/wp\/v2\/product\/2838","targetHints":{"allow":["GET"]}}],"collection":[{"href":"https:\/\/hungaroonline.hu\/sk\/wp-json\/wp\/v2\/product"}],"about":[{"href":"https:\/\/hungaroonline.hu\/sk\/wp-json\/wp\/v2\/types\/product"}],"replies":[{"embeddable":true,"href":"https:\/\/hungaroonline.hu\/sk\/wp-json\/wp\/v2\/comments?post=2838"}],"version-history":[{"count":10,"href":"https:\/\/hungaroonline.hu\/sk\/wp-json\/wp\/v2\/product\/2838\/revisions"}],"predecessor-version":[{"id":7316,"href":"https:\/\/hungaroonline.hu\/sk\/wp-json\/wp\/v2\/product\/2838\/revisions\/7316"}],"wp:featuredmedia":[{"embeddable":true,"href":"https:\/\/hungaroonline.hu\/sk\/wp-json\/wp\/v2\/media\/4741"}],"wp:attachment":[{"href":"https:\/\/hungaroonline.hu\/sk\/wp-json\/wp\/v2\/media?parent=2838"}],"wp:term":[{"taxonomy":"product_brand","embeddable":true,"href":"https:\/\/hungaroonline.hu\/sk\/wp-json\/wp\/v2\/product_brand?post=2838"},{"taxonomy":"product_cat","embeddable":true,"href":"https:\/\/hungaroonline.hu\/sk\/wp-json\/wp\/v2\/product_cat?post=2838"},{"taxonomy":"product_tag","embeddable":true,"href":"https:\/\/hungaroonline.hu\/sk\/wp-json\/wp\/v2\/product_tag?post=2838"}],"curies":[{"name":"pracovn\u00fd list","href":"https:\/\/api.w.org\/{rel}","templated":true}]}}