{"id":2657,"date":"2021-02-10T09:59:45","date_gmt":"2021-02-10T08:59:45","guid":{"rendered":"https:\/\/hungaroonline.hempa.hu\/?post_type=product&#038;p=2657"},"modified":"2025-09-21T11:50:05","modified_gmt":"2025-09-21T09:50:05","slug":"nagy-kutyahaz-lapos-tetos-hoszigetelessel","status":"publish","type":"product","link":"https:\/\/hungaroonline.hu\/sk\/produkt\/nagy-kutyahaz-lapos-tetos-hoszigetelessel\/","title":{"rendered":"(L) VE\u013dK\u00c1 b\u00fada pre psov s plochou strechou s tepelnou izol\u00e1ciou"},"content":{"rendered":"<p><img fetchpriority=\"high\" decoding=\"async\" class=\"size-medium wp-image-7493 aligncenter\" src=\"https:\/\/hungaroonline.hu\/wp-content\/uploads\/2025\/01\/laposteto-kutyahaz2-300x300.jpeg\" alt=\"Lapostet\u0151 kutyah\u00e1z\" width=\"300\" height=\"300\" srcset=\"https:\/\/hungaroonline.hu\/wp-content\/uploads\/2025\/01\/laposteto-kutyahaz2-300x300.jpeg 300w, https:\/\/hungaroonline.hu\/wp-content\/uploads\/2025\/01\/laposteto-kutyahaz2-1024x1024.jpeg 1024w, https:\/\/hungaroonline.hu\/wp-content\/uploads\/2025\/01\/laposteto-kutyahaz2-768x768.jpeg 768w, https:\/\/hungaroonline.hu\/wp-content\/uploads\/2025\/01\/laposteto-kutyahaz2-1536x1536.jpeg 1536w, https:\/\/hungaroonline.hu\/wp-content\/uploads\/2025\/01\/laposteto-kutyahaz2-2048x2048.jpeg 2048w, https:\/\/hungaroonline.hu\/wp-content\/uploads\/2025\/01\/laposteto-kutyahaz2-12x12.jpeg 12w, https:\/\/hungaroonline.hu\/wp-content\/uploads\/2025\/01\/laposteto-kutyahaz2-600x600.jpeg 600w, https:\/\/hungaroonline.hu\/wp-content\/uploads\/2025\/01\/laposteto-kutyahaz2-1000x1000.jpeg 1000w, https:\/\/hungaroonline.hu\/wp-content\/uploads\/2025\/01\/laposteto-kutyahaz2-100x100.jpeg 100w\" sizes=\"(max-width: 300px) 100vw, 300px\" \/><\/p>\n<p style=\"text-align: center;\"><strong>U\u017e 15 rokov vyr\u00e1bame v na\u0161ej stol\u00e1rskej dielni kvalitn\u00e9, poveternostne odoln\u00e9 a trv\u00e1cne b\u00fady pre psov!<\/strong><\/p>\n<p>&nbsp;<\/p>\n<p>&nbsp;<\/p>\n<p>&nbsp;<\/p>\n<p><strong><em>Pre\u010do si vybra\u0165 na\u0161e b\u00fady pre psov?<\/em><\/strong><\/p>\n<ul>\n<li>Vyr\u00e1bame ho z hob\u013eovan\u00e9ho 1,5 cm dreven\u00e9ho obkladu z borovice!<\/li>\n<li>V\u010faka mas\u00edvnemu dreven\u00e9mu r\u00e1mu je ve\u013emi odoln\u00fd!<\/li>\n<li>Spodok b\u00fady pre psa je zdvihnut\u00fd o 3 cm nad zemou!<\/li>\n<li>2 cm polystyr\u00e9n plus preglejka!<\/li>\n<li>Bo\u010dn\u00e1 stena a spodok s\u00fa izolovan\u00e9!<\/li>\n<li>Jeho dizajn je \u00faplne navrhnut\u00fd pre vonkaj\u0161ie pou\u017eitie!<\/li>\n<li>Na na\u0161e b\u00fady pre psov poskytujeme z\u00e1ruku 1 rok!<\/li>\n<\/ul>\n<p>&nbsp;<\/p>\n<p>&nbsp;<\/p>\n<p>Na\u0161e b\u00fady pre psov s\u00fa dod\u00e1van\u00e9 v plochom balen\u00ed, \u010do znamen\u00e1, \u017ee k v\u00e1m dorazia nezmontovan\u00e9 Vzh\u013eadom na ich objemnos\u0165 je tento sp\u00f4sob dopravy cenovo najefekt\u00edvnej\u0161\u00ed.<\/p>\n<p>&nbsp;<\/p>\n<p>&nbsp;<\/p>\n<p><strong>Na\u0161e b\u00fady pre psov na ploch\u00fa mont\u00e1\u017e sa \u013eahko montuj\u00fa!<\/strong><\/p>\n<p>- Mont\u00e1\u017eny n\u00e1vod dopln\u00edme!<\/p>\n<p>- Je to predv\u0155tan\u00e9!<\/p>\n<p>- Mo\u017eno namontova\u0165 pomocou skrutky jednej ve\u013ekosti!<\/p>\n<p>&nbsp;<\/p>\n<p>&nbsp;<\/p>\n<p>&nbsp;<\/p>\n<p>Ve\u013ekosti:<\/p>\n<p>Vonkaj\u0161ie rozmery: \u0161\u00edrka 80 cm, d\u013a\u017eka 70 cm, v\u00fd\u0161ka 70 cm.<\/p>\n<p>&nbsp;<\/p>\n<p>Vn\u00fatorn\u00e9 rozmery: \u0161\u00edrka 70 cm, d\u013a\u017eka 60 cm, v\u00fd\u0161ka 65 cm.<\/p>\n<p>&nbsp;<\/p>\n<p>Ve\u013ekos\u0165 vchodu: \u0161\u00edrka 33 cm, v\u00fd\u0161ka 41 cm.<\/p>\n<p>&nbsp;<\/p>\n<p>Farba: Pr\u00edrodn\u00e1 - Nelakovan\u00e1!<\/p>\n<p>&nbsp;<\/p>\n<p>&nbsp;<\/p>\n<p><em><strong><b>Napr\u00edklad ve\u013ek\u00fd dom pre psa: <\/b><\/strong>Odpor\u00fa\u010dan\u00e9 pre rotvajlera (su\u010dku), bernsk\u00e9ho sala\u0161n\u00edckeho psa, dobermana (su\u010dku), huskyho, malamuta, boxera, nemeck\u00e9ho ov\u010diaka.<\/em><\/p>\n<p>&nbsp;<\/p>\n<p><em>Psia b\u00fada <strong>ve\u013ekos\u0165 a hmotnos\u0165<\/strong> (40 kg) z d\u00f4vodu prepravn\u00fdch n\u00e1kladov: <strong>8000 HUF<\/strong><\/em><\/p>\n<p>&nbsp;<\/p>\n<p>&nbsp;<\/p>\n<p><a href=\"https:\/\/hungaroonline.hu\/sk\/kutyahazak\/?v=baba78b405b0\"><em><strong><span style=\"color: #3366ff;\">VIAC OBR\u00c1ZKOV TU<\/span><\/strong><\/em><\/a><\/p>\n<p>&nbsp;<\/p>\n<p>&nbsp;<\/p>","protected":false},"excerpt":{"rendered":"<p><strong><em>V\u00fdrobok vyroben\u00fd stol\u00e1rmi!<\/em><\/strong><\/p>\n<p><em>Bo\u010dn\u00e9 dvere!<\/em><\/p>\n<p>Dodacia lehota: 3-6 pracovn\u00fdch dn\u00ed!<\/p>\n<p>&nbsp;<\/p>","protected":false},"featured_media":2644,"comment_status":"closed","ping_status":"closed","template":"","meta":[],"product_brand":[],"product_cat":[43],"product_tag":[],"class_list":{"0":"post-2657","1":"product","2":"type-product","3":"status-publish","4":"has-post-thumbnail","6":"product_cat-kutyahazak-tobb-meretben","7":"product_shipping_class-kutyahaz-extra-nagy5","9":"first","10":"instock","11":"purchasable","12":"product-type-simple"},"yoast_head":"<!-- This site is optimized with the Yoast SEO plugin v26.6 - https:\/\/yoast.com\/wordpress\/plugins\/seo\/ -->\n<title>(L) NAGY lapostet\u0151s kutyah\u00e1z h\u0151szigetel\u00e9ssel - HungaroOnline<\/title>\n<meta name=\"description\" content=\"MI\u00c9RT J\u00d3 V\u00c1LASZT\u00c1S EZ A KUTYAH\u00c1Z: Asztalosok \u00e1ltal elk\u00e9sz\u00edtett term\u00e9k! Gyalult 1,5 cm feny\u0151fa lamb\u00e9ri\u00e1b\u00f3l k\u00e9sz\u00edtj\u00fck! T\u00f6m\u00f6r fav\u00e1z\u00e1nak k\u00f6sz\u00f6nhet\u0151en nagyon\u00a0 strapab\u00edr\u00f3! A kutyah\u00e1z feneke 3 cm-re el van emelve a f\u00f6ldt\u0151l! 1 \u00e9v j\u00f3t\u00e1ll\u00e1st biztos\u00edtunk!\" \/>\n<meta name=\"robots\" content=\"index, follow, max-snippet:-1, max-image-preview:large, max-video-preview:-1\" \/>\n<link rel=\"canonical\" href=\"https:\/\/hungaroonline.hu\/sk\/produkt\/nagy-kutyahaz-lapos-tetos-hoszigetelessel\/\" \/>\n<meta property=\"og:locale\" content=\"sk_SK\" \/>\n<meta property=\"og:type\" content=\"article\" \/>\n<meta property=\"og:title\" content=\"Nagy lapostet\u0151s kutyah\u00e1z\" \/>\n<meta property=\"og:description\" content=\"MI\u00c9RT J\u00d3 V\u00c1LASZT\u00c1S EZ A KUTYAH\u00c1Z: Asztalosok \u00e1ltal elk\u00e9sz\u00edtett term\u00e9k! Gyalult 1,5 cm feny\u0151fa lamb\u00e9ri\u00e1b\u00f3l k\u00e9sz\u00edtj\u00fck! T\u00f6m\u00f6r fav\u00e1z\u00e1nak k\u00f6sz\u00f6nhet\u0151en nagyon\u00a0 strapab\u00edr\u00f3! A kutyah\u00e1z feneke 3 cm-re el van emelve a f\u00f6ldt\u0151l! 1 \u00e9v j\u00f3t\u00e1ll\u00e1st biztos\u00edtunk!\" \/>\n<meta property=\"og:url\" content=\"https:\/\/hungaroonline.hu\/sk\/produkt\/nagy-kutyahaz-lapos-tetos-hoszigetelessel\/\" \/>\n<meta property=\"og:site_name\" content=\"HungaroOnline\" \/>\n<meta property=\"article:publisher\" content=\"https:\/\/www.facebook.com\/hungaroonline\" \/>\n<meta property=\"article:modified_time\" content=\"2025-09-21T09:50:05+00:00\" \/>\n<meta property=\"og:image\" content=\"https:\/\/hungaroonline.hu\/wp-content\/uploads\/2021\/02\/kutyahaz-17-2-scaled.jpg\" \/>\n\t<meta property=\"og:image:width\" content=\"2560\" \/>\n\t<meta property=\"og:image:height\" content=\"2560\" \/>\n\t<meta property=\"og:image:type\" content=\"image\/jpeg\" \/>\n<meta name=\"twitter:card\" content=\"summary_large_image\" \/>\n<meta name=\"twitter:label1\" content=\"Predpokladan\u00fd \u010das \u010d\u00edtania\" \/>\n\t<meta name=\"twitter:data1\" content=\"2 min\u00faty\" \/>\n<script type=\"application\/ld+json\" class=\"yoast-schema-graph\">{\"@context\":\"https:\/\/schema.org\",\"@graph\":[{\"@type\":\"WebPage\",\"@id\":\"https:\/\/hungaroonline.hu\/termek\/nagy-kutyahaz-lapos-tetos-hoszigetelessel\/\",\"url\":\"https:\/\/hungaroonline.hu\/termek\/nagy-kutyahaz-lapos-tetos-hoszigetelessel\/\",\"name\":\"(L) NAGY lapostet\u0151s kutyah\u00e1z h\u0151szigetel\u00e9ssel - HungaroOnline\",\"isPartOf\":{\"@id\":\"https:\/\/hungaroonline.hu\/#website\"},\"primaryImageOfPage\":{\"@id\":\"https:\/\/hungaroonline.hu\/termek\/nagy-kutyahaz-lapos-tetos-hoszigetelessel\/#primaryimage\"},\"image\":{\"@id\":\"https:\/\/hungaroonline.hu\/termek\/nagy-kutyahaz-lapos-tetos-hoszigetelessel\/#primaryimage\"},\"thumbnailUrl\":\"https:\/\/hungaroonline.hu\/wp-content\/uploads\/2021\/02\/kutyahaz-17-scaled.jpg\",\"datePublished\":\"2021-02-10T08:59:45+00:00\",\"dateModified\":\"2025-09-21T09:50:05+00:00\",\"description\":\"MI\u00c9RT J\u00d3 V\u00c1LASZT\u00c1S EZ A KUTYAH\u00c1Z: Asztalosok \u00e1ltal elk\u00e9sz\u00edtett term\u00e9k! Gyalult 1,5 cm feny\u0151fa lamb\u00e9ri\u00e1b\u00f3l k\u00e9sz\u00edtj\u00fck! T\u00f6m\u00f6r fav\u00e1z\u00e1nak k\u00f6sz\u00f6nhet\u0151en nagyon\u00a0 strapab\u00edr\u00f3! A kutyah\u00e1z feneke 3 cm-re el van emelve a f\u00f6ldt\u0151l! 1 \u00e9v j\u00f3t\u00e1ll\u00e1st biztos\u00edtunk!\",\"breadcrumb\":{\"@id\":\"https:\/\/hungaroonline.hu\/termek\/nagy-kutyahaz-lapos-tetos-hoszigetelessel\/#breadcrumb\"},\"inLanguage\":\"sk-SK\",\"potentialAction\":[{\"@type\":\"ReadAction\",\"target\":[\"https:\/\/hungaroonline.hu\/termek\/nagy-kutyahaz-lapos-tetos-hoszigetelessel\/\"]}]},{\"@type\":\"ImageObject\",\"inLanguage\":\"sk-SK\",\"@id\":\"https:\/\/hungaroonline.hu\/termek\/nagy-kutyahaz-lapos-tetos-hoszigetelessel\/#primaryimage\",\"url\":\"https:\/\/hungaroonline.hu\/wp-content\/uploads\/2021\/02\/kutyahaz-17-scaled.jpg\",\"contentUrl\":\"https:\/\/hungaroonline.hu\/wp-content\/uploads\/2021\/02\/kutyahaz-17-scaled.jpg\",\"width\":2560,\"height\":2560},{\"@type\":\"BreadcrumbList\",\"@id\":\"https:\/\/hungaroonline.hu\/termek\/nagy-kutyahaz-lapos-tetos-hoszigetelessel\/#breadcrumb\",\"itemListElement\":[{\"@type\":\"ListItem\",\"position\":1,\"name\":\"Home\",\"item\":\"https:\/\/hungaroonline.hu\/\"},{\"@type\":\"ListItem\",\"position\":2,\"name\":\"\u00dczlet\",\"item\":\"https:\/\/hungaroonline.hu\/uzlet\/\"},{\"@type\":\"ListItem\",\"position\":3,\"name\":\"(L) NAGY lapostet\u0151s kutyah\u00e1z h\u0151szigetel\u00e9ssel\"}]},{\"@type\":\"WebSite\",\"@id\":\"https:\/\/hungaroonline.hu\/#website\",\"url\":\"https:\/\/hungaroonline.hu\/\",\"name\":\"HungaroOnline\",\"description\":\"Kutyah\u00e1z - Hord\u00f3 - Raklap b\u00fator - Raklapp\u00e1rna Gy\u00e1rt\u00e1sa\",\"publisher\":{\"@id\":\"https:\/\/hungaroonline.hu\/#organization\"},\"potentialAction\":[{\"@type\":\"SearchAction\",\"target\":{\"@type\":\"EntryPoint\",\"urlTemplate\":\"https:\/\/hungaroonline.hu\/?s={search_term_string}\"},\"query-input\":{\"@type\":\"PropertyValueSpecification\",\"valueRequired\":true,\"valueName\":\"search_term_string\"}}],\"inLanguage\":\"sk-SK\"},{\"@type\":\"Organization\",\"@id\":\"https:\/\/hungaroonline.hu\/#organization\",\"name\":\"HungaroOnline\",\"url\":\"https:\/\/hungaroonline.hu\/\",\"logo\":{\"@type\":\"ImageObject\",\"inLanguage\":\"sk-SK\",\"@id\":\"https:\/\/hungaroonline.hu\/#\/schema\/logo\/image\/\",\"url\":\"https:\/\/hungaroonline.hu\/wp-content\/uploads\/2023\/01\/hungaroonline-footer-logo-color-a.png\",\"contentUrl\":\"https:\/\/hungaroonline.hu\/wp-content\/uploads\/2023\/01\/hungaroonline-footer-logo-color-a.png\",\"width\":970,\"height\":86,\"caption\":\"HungaroOnline\"},\"image\":{\"@id\":\"https:\/\/hungaroonline.hu\/#\/schema\/logo\/image\/\"},\"sameAs\":[\"https:\/\/www.facebook.com\/hungaroonline\"]}]}<\/script>\n<!-- \/ Yoast SEO plugin. -->","yoast_head_json":{"title":"(L) NAGY lapostet\u0151s kutyah\u00e1z h\u0151szigetel\u00e9ssel - HungaroOnline","description":"MI\u00c9RT J\u00d3 V\u00c1LASZT\u00c1S EZ A KUTYAH\u00c1Z: Asztalosok \u00e1ltal elk\u00e9sz\u00edtett term\u00e9k! Gyalult 1,5 cm feny\u0151fa lamb\u00e9ri\u00e1b\u00f3l k\u00e9sz\u00edtj\u00fck! T\u00f6m\u00f6r fav\u00e1z\u00e1nak k\u00f6sz\u00f6nhet\u0151en nagyon\u00a0 strapab\u00edr\u00f3! A kutyah\u00e1z feneke 3 cm-re el van emelve a f\u00f6ldt\u0151l! 1 \u00e9v j\u00f3t\u00e1ll\u00e1st biztos\u00edtunk!","robots":{"index":"index","follow":"follow","max-snippet":"max-snippet:-1","max-image-preview":"max-image-preview:large","max-video-preview":"max-video-preview:-1"},"canonical":"https:\/\/hungaroonline.hu\/sk\/produkt\/nagy-kutyahaz-lapos-tetos-hoszigetelessel\/","og_locale":"sk_SK","og_type":"article","og_title":"Nagy lapostet\u0151s kutyah\u00e1z","og_description":"MI\u00c9RT J\u00d3 V\u00c1LASZT\u00c1S EZ A KUTYAH\u00c1Z: Asztalosok \u00e1ltal elk\u00e9sz\u00edtett term\u00e9k! Gyalult 1,5 cm feny\u0151fa lamb\u00e9ri\u00e1b\u00f3l k\u00e9sz\u00edtj\u00fck! T\u00f6m\u00f6r fav\u00e1z\u00e1nak k\u00f6sz\u00f6nhet\u0151en nagyon\u00a0 strapab\u00edr\u00f3! A kutyah\u00e1z feneke 3 cm-re el van emelve a f\u00f6ldt\u0151l! 1 \u00e9v j\u00f3t\u00e1ll\u00e1st biztos\u00edtunk!","og_url":"https:\/\/hungaroonline.hu\/sk\/produkt\/nagy-kutyahaz-lapos-tetos-hoszigetelessel\/","og_site_name":"HungaroOnline","article_publisher":"https:\/\/www.facebook.com\/hungaroonline","article_modified_time":"2025-09-21T09:50:05+00:00","og_image":[{"width":2560,"height":2560,"url":"https:\/\/hungaroonline.hu\/wp-content\/uploads\/2021\/02\/kutyahaz-17-2-scaled.jpg","type":"image\/jpeg"}],"twitter_card":"summary_large_image","twitter_misc":{"Predpokladan\u00fd \u010das \u010d\u00edtania":"2 min\u00faty"},"schema":{"@context":"https:\/\/schema.org","@graph":[{"@type":"WebPage","@id":"https:\/\/hungaroonline.hu\/termek\/nagy-kutyahaz-lapos-tetos-hoszigetelessel\/","url":"https:\/\/hungaroonline.hu\/termek\/nagy-kutyahaz-lapos-tetos-hoszigetelessel\/","name":"(L) NAGY lapostet\u0151s kutyah\u00e1z h\u0151szigetel\u00e9ssel - HungaroOnline","isPartOf":{"@id":"https:\/\/hungaroonline.hu\/#website"},"primaryImageOfPage":{"@id":"https:\/\/hungaroonline.hu\/termek\/nagy-kutyahaz-lapos-tetos-hoszigetelessel\/#primaryimage"},"image":{"@id":"https:\/\/hungaroonline.hu\/termek\/nagy-kutyahaz-lapos-tetos-hoszigetelessel\/#primaryimage"},"thumbnailUrl":"https:\/\/hungaroonline.hu\/wp-content\/uploads\/2021\/02\/kutyahaz-17-scaled.jpg","datePublished":"2021-02-10T08:59:45+00:00","dateModified":"2025-09-21T09:50:05+00:00","description":"MI\u00c9RT J\u00d3 V\u00c1LASZT\u00c1S EZ A KUTYAH\u00c1Z: Asztalosok \u00e1ltal elk\u00e9sz\u00edtett term\u00e9k! Gyalult 1,5 cm feny\u0151fa lamb\u00e9ri\u00e1b\u00f3l k\u00e9sz\u00edtj\u00fck! T\u00f6m\u00f6r fav\u00e1z\u00e1nak k\u00f6sz\u00f6nhet\u0151en nagyon\u00a0 strapab\u00edr\u00f3! A kutyah\u00e1z feneke 3 cm-re el van emelve a f\u00f6ldt\u0151l! 1 \u00e9v j\u00f3t\u00e1ll\u00e1st biztos\u00edtunk!","breadcrumb":{"@id":"https:\/\/hungaroonline.hu\/termek\/nagy-kutyahaz-lapos-tetos-hoszigetelessel\/#breadcrumb"},"inLanguage":"sk-SK","potentialAction":[{"@type":"ReadAction","target":["https:\/\/hungaroonline.hu\/termek\/nagy-kutyahaz-lapos-tetos-hoszigetelessel\/"]}]},{"@type":"ImageObject","inLanguage":"sk-SK","@id":"https:\/\/hungaroonline.hu\/termek\/nagy-kutyahaz-lapos-tetos-hoszigetelessel\/#primaryimage","url":"https:\/\/hungaroonline.hu\/wp-content\/uploads\/2021\/02\/kutyahaz-17-scaled.jpg","contentUrl":"https:\/\/hungaroonline.hu\/wp-content\/uploads\/2021\/02\/kutyahaz-17-scaled.jpg","width":2560,"height":2560},{"@type":"BreadcrumbList","@id":"https:\/\/hungaroonline.hu\/termek\/nagy-kutyahaz-lapos-tetos-hoszigetelessel\/#breadcrumb","itemListElement":[{"@type":"ListItem","position":1,"name":"Home","item":"https:\/\/hungaroonline.hu\/"},{"@type":"ListItem","position":2,"name":"\u00dczlet","item":"https:\/\/hungaroonline.hu\/uzlet\/"},{"@type":"ListItem","position":3,"name":"(L) NAGY lapostet\u0151s kutyah\u00e1z h\u0151szigetel\u00e9ssel"}]},{"@type":"WebSite","@id":"https:\/\/hungaroonline.hu\/#website","url":"https:\/\/hungaroonline.hu\/","name":"HungaroOnline","description":"Psia b\u00fada - Sud - Paletov\u00fd n\u00e1bytok - V\u00fdroba paletov\u00fdch vank\u00fa\u0161ov","publisher":{"@id":"https:\/\/hungaroonline.hu\/#organization"},"potentialAction":[{"@type":"SearchAction","target":{"@type":"EntryPoint","urlTemplate":"https:\/\/hungaroonline.hu\/?s={search_term_string}"},"query-input":{"@type":"PropertyValueSpecification","valueRequired":true,"valueName":"search_term_string"}}],"inLanguage":"sk-SK"},{"@type":"Organization","@id":"https:\/\/hungaroonline.hu\/#organization","name":"HungaroOnline","url":"https:\/\/hungaroonline.hu\/","logo":{"@type":"ImageObject","inLanguage":"sk-SK","@id":"https:\/\/hungaroonline.hu\/#\/schema\/logo\/image\/","url":"https:\/\/hungaroonline.hu\/wp-content\/uploads\/2023\/01\/hungaroonline-footer-logo-color-a.png","contentUrl":"https:\/\/hungaroonline.hu\/wp-content\/uploads\/2023\/01\/hungaroonline-footer-logo-color-a.png","width":970,"height":86,"caption":"HungaroOnline"},"image":{"@id":"https:\/\/hungaroonline.hu\/#\/schema\/logo\/image\/"},"sameAs":["https:\/\/www.facebook.com\/hungaroonline"]}]}},"_links":{"self":[{"href":"https:\/\/hungaroonline.hu\/sk\/wp-json\/wp\/v2\/product\/2657","targetHints":{"allow":["GET"]}}],"collection":[{"href":"https:\/\/hungaroonline.hu\/sk\/wp-json\/wp\/v2\/product"}],"about":[{"href":"https:\/\/hungaroonline.hu\/sk\/wp-json\/wp\/v2\/types\/product"}],"replies":[{"embeddable":true,"href":"https:\/\/hungaroonline.hu\/sk\/wp-json\/wp\/v2\/comments?post=2657"}],"version-history":[{"count":18,"href":"https:\/\/hungaroonline.hu\/sk\/wp-json\/wp\/v2\/product\/2657\/revisions"}],"predecessor-version":[{"id":7501,"href":"https:\/\/hungaroonline.hu\/sk\/wp-json\/wp\/v2\/product\/2657\/revisions\/7501"}],"wp:featuredmedia":[{"embeddable":true,"href":"https:\/\/hungaroonline.hu\/sk\/wp-json\/wp\/v2\/media\/2644"}],"wp:attachment":[{"href":"https:\/\/hungaroonline.hu\/sk\/wp-json\/wp\/v2\/media?parent=2657"}],"wp:term":[{"taxonomy":"product_brand","embeddable":true,"href":"https:\/\/hungaroonline.hu\/sk\/wp-json\/wp\/v2\/product_brand?post=2657"},{"taxonomy":"product_cat","embeddable":true,"href":"https:\/\/hungaroonline.hu\/sk\/wp-json\/wp\/v2\/product_cat?post=2657"},{"taxonomy":"product_tag","embeddable":true,"href":"https:\/\/hungaroonline.hu\/sk\/wp-json\/wp\/v2\/product_tag?post=2657"}],"curies":[{"name":"pracovn\u00fd list","href":"https:\/\/api.w.org\/{rel}","templated":true}]}}