{"id":2197,"date":"2020-10-04T11:26:44","date_gmt":"2020-10-04T09:26:44","guid":{"rendered":"https:\/\/hungaroonline.hempa.hu\/?post_type=product&#038;p=2197"},"modified":"2025-06-19T14:23:46","modified_gmt":"2025-06-19T12:23:46","slug":"tolgyfa-hordo-20-literes-reszletek-itt","status":"publish","type":"product","link":"https:\/\/hungaroonline.hu\/sk\/produkt\/tolgyfa-hordo-20-literes-reszletek-itt\/","title":{"rendered":"Dubov\u00fd sud na brandy 20 litrov"},"content":{"rendered":"<p>&nbsp;<\/p>\n<p><img fetchpriority=\"high\" decoding=\"async\" class=\"wp-image-7255 aligncenter\" src=\"https:\/\/hungaroonline.hu\/wp-content\/uploads\/2020\/04\/eperfa5l-1-300x300.jpg\" alt=\"\" width=\"262\" height=\"262\" srcset=\"https:\/\/hungaroonline.hu\/wp-content\/uploads\/2020\/04\/eperfa5l-1-300x300.jpg 300w, https:\/\/hungaroonline.hu\/wp-content\/uploads\/2020\/04\/eperfa5l-1-12x12.jpg 12w, https:\/\/hungaroonline.hu\/wp-content\/uploads\/2020\/04\/eperfa5l-1-600x600.jpg 600w, https:\/\/hungaroonline.hu\/wp-content\/uploads\/2020\/04\/eperfa5l-1-100x100.jpg 100w, https:\/\/hungaroonline.hu\/wp-content\/uploads\/2020\/04\/eperfa5l-1.jpg 768w\" sizes=\"(max-width: 262px) 100vw, 262px\" \/><\/p>\n<p>&nbsp;<\/p>\n<p>&nbsp;<\/p>\n<p><img decoding=\"async\" class=\"wp-image-7248 aligncenter\" src=\"https:\/\/hungaroonline.hu\/wp-content\/uploads\/2020\/10\/Eperfa-hordo-5L-side-1-385x300.jpg\" alt=\"Eperfa hord\u00f3\" width=\"257\" height=\"200\" srcset=\"https:\/\/hungaroonline.hu\/wp-content\/uploads\/2020\/10\/Eperfa-hordo-5L-side-1-385x300.jpg 385w, https:\/\/hungaroonline.hu\/wp-content\/uploads\/2020\/10\/Eperfa-hordo-5L-side-1-1110x865.jpg 1110w, https:\/\/hungaroonline.hu\/wp-content\/uploads\/2020\/10\/Eperfa-hordo-5L-side-1-768x598.jpg 768w, https:\/\/hungaroonline.hu\/wp-content\/uploads\/2020\/10\/Eperfa-hordo-5L-side-1-1536x1197.jpg 1536w, https:\/\/hungaroonline.hu\/wp-content\/uploads\/2020\/10\/Eperfa-hordo-5L-side-1-2048x1596.jpg 2048w, https:\/\/hungaroonline.hu\/wp-content\/uploads\/2020\/10\/Eperfa-hordo-5L-side-1-15x12.jpg 15w, https:\/\/hungaroonline.hu\/wp-content\/uploads\/2020\/10\/Eperfa-hordo-5L-side-1-1000x779.jpg 1000w\" sizes=\"(max-width: 257px) 100vw, 257px\" \/><\/p>\n<p>&nbsp;<\/p>\n<p>&nbsp;<\/p>\n<p>&nbsp;<\/p>\n<p><img decoding=\"async\" class=\"wp-image-7250 aligncenter\" src=\"https:\/\/hungaroonline.hu\/wp-content\/uploads\/2020\/10\/Eperfa-hordo-26-1-300x300.jpg\" alt=\"Eperfa hord\u00f3\" width=\"247\" height=\"247\" srcset=\"https:\/\/hungaroonline.hu\/wp-content\/uploads\/2020\/10\/Eperfa-hordo-26-1-300x300.jpg 300w, https:\/\/hungaroonline.hu\/wp-content\/uploads\/2020\/10\/Eperfa-hordo-26-1-1024x1024.jpg 1024w, https:\/\/hungaroonline.hu\/wp-content\/uploads\/2020\/10\/Eperfa-hordo-26-1-768x768.jpg 768w, https:\/\/hungaroonline.hu\/wp-content\/uploads\/2020\/10\/Eperfa-hordo-26-1-1536x1536.jpg 1536w, https:\/\/hungaroonline.hu\/wp-content\/uploads\/2020\/10\/Eperfa-hordo-26-1-12x12.jpg 12w, https:\/\/hungaroonline.hu\/wp-content\/uploads\/2020\/10\/Eperfa-hordo-26-1-600x600.jpg 600w, https:\/\/hungaroonline.hu\/wp-content\/uploads\/2020\/10\/Eperfa-hordo-26-1-1000x1000.jpg 1000w, https:\/\/hungaroonline.hu\/wp-content\/uploads\/2020\/10\/Eperfa-hordo-26-1-100x100.jpg 100w, https:\/\/hungaroonline.hu\/wp-content\/uploads\/2020\/10\/Eperfa-hordo-26-1.jpg 2000w\" sizes=\"(max-width: 247px) 100vw, 247px\" \/><\/p>\n<p>&nbsp;<\/p>\n<p>&nbsp;<\/p>\n<p>&nbsp;<\/p>\n<p style=\"text-align: center;\"><strong>Sudy na p\u00e1linku pr\u00e9miovej kvality \u2013 s 56-ro\u010dnou odbornos\u0165ou!<\/strong><\/p>\n<p>&nbsp;<\/p>\n<p>S viac ako polstoro\u010dn\u00fdmi sk\u00fasenos\u0165ami vyr\u00e1bame na\u0161e vysokokvalitn\u00e9 sudy na p\u00e1linku, ktor\u00e9 sp\u013a\u0148aj\u00fa tie najvy\u0161\u0161ie o\u010dak\u00e1vania!<\/p>\n<p>&nbsp;<\/p>\n<p>Na\u0161e produkty pou\u017e\u00edvaj\u00fa renomovan\u00e9 vin\u00e1rstva a p\u00e1lenice a s ve\u013ek\u00fdm \u00faspechom ich pred\u00e1vame v mnoh\u00fdch krajin\u00e1ch Eur\u00f3py!<\/p>\n<p>&nbsp;<\/p>\n<p>&nbsp;<\/p>\n<p><em><strong>PRE\u010cO SA ROD\u00cd NA\u0160A ZNA\u010cKA<\/strong><\/em><em><b>AK\u00c9 SI SI VYBRA\u0164?<\/b><\/em><\/p>\n<ul>\n<li>Na\u0161e sudy vyr\u00e1bame s 56 ro\u010dn\u00fdmi profesion\u00e1lnymi sk\u00fasenos\u0165ami!<\/li>\n<li>Pou\u017e\u00edvame starostlivo vybran\u00e9 kvalitn\u00e9 suroviny!<\/li>\n<li>A\u017e po spr\u00e1vnom vyschnut\u00ed sa pust\u00edme do v\u00fdroby suda!<\/li>\n<li>Tieto sudy vlastne poznaj\u00fa funkciu zrenia p\u00e1linky!<\/li>\n<li>Po dokon\u010den\u00ed s\u00fa sudy tlakovo testovan\u00e9!<\/li>\n<li>Sudy P\u00e1linka s\u00fa vyr\u00e1ban\u00e9 so stredn\u00fdm a\u017e stredn\u00fdm prepe\u010den\u00edm!<\/li>\n<li><strong>NA NA\u0160E SUDY POSKYTUJEME Z\u00c1RUKU V\u00ddMENY!<\/strong><\/li>\n<\/ul>\n<p>&nbsp;<\/p>\n<p>&nbsp;<\/p>\n<p>P\u00e1linka zrej\u00faca v dubov\u00fdch sudoch nadob\u00fada \u017eltkast\u00fa, starozlat\u00fa farbu. Jeho v\u00f4\u0148a je ve\u013emi v\u00fdrazn\u00e1 s charakterom tan\u00ednov\u00e9ho dubu. Vhodn\u00e9 je dozrie\u0165 v nej slivky, v\u00fdlisky, dule. \u010co sa t\u00fdka pra\u017eenia, odpor\u00fa\u010dame stredn\u00e9. Dub je jedn\u00fdm z najcennej\u0161\u00edch drev\u00edn vhodn\u00fdch na v\u00fdrobu sudov a dod\u00e1va p\u00e1linke v \u0148om naplnenej mimoriadnu harm\u00f3niu. Brandy s\u00edce str\u00e1ca obsah alkoholu, ale aj chu\u0165 str\u00e1ca trpkos\u0165. P\u00e1linka zrej\u00faca v dubov\u00fdch sudoch nadob\u00fada zlato\u017elt\u00fa farbu. Vy\u017earuje sladk\u00fa vanilkov\u00fa v\u00f4\u0148u! Dub d\u00e1va n\u00e1poju \u017elt\u00fa farbu a jemn\u00fa chu\u0165! Dva koncov\u00e9 panely s\u00fa vyplnen\u00e9 paraf\u00ednom z v\u010delieho vosku, aby sa minimalizovali straty tekut\u00edn, aby sa brandy neodparilo!<\/p>\n<p>&nbsp;<\/p>\n<p>&nbsp;<\/p>\n<p><em><strong>Obr\u00e1zok nie je ilustra\u010dn\u00fd, sudy v skuto\u010dnosti vyzeraj\u00fa takto!<\/strong><\/em><\/p>\n<p>&nbsp;<\/p>\n<p>&nbsp;<\/p>\n<p><em>Vzh\u013eadom na ve\u013ekos\u0165 a hmotnos\u0165 suda n\u00e1klady na dopravu: 3 500 HUF.<\/em><\/p>\n<p>&nbsp;<\/p>\n<p><a href=\"https:\/\/hungaroonline.hu\/sk\/palinkas-hordok\/\"><strong><span style=\"color: #0000ff;\">VIAC OBR\u00c1ZKOV TU:<\/span><\/strong><\/a><\/p>\n<p>&nbsp;<\/p>","protected":false},"excerpt":{"rendered":"<p><em><strong>STARNUTIE P\u00c1LINKA HORD<\/strong><\/em><strong><em>ON!<\/em><\/strong><\/p>\n<p>&nbsp;<\/p>\n<p>Dodacia lehota: 6-8 pracovn\u00fdch dn\u00ed!<\/p>","protected":false},"featured_media":149,"comment_status":"closed","ping_status":"closed","template":"","meta":[],"product_brand":[],"product_cat":[41],"product_tag":[],"class_list":{"0":"post-2197","1":"product","2":"type-product","3":"status-publish","4":"has-post-thumbnail","6":"product_cat-eperfa-hordok","7":"product_shipping_class-hordok","9":"first","10":"instock","11":"purchasable","12":"product-type-simple"},"yoast_head":"<!-- This site is optimized with the Yoast SEO plugin v26.6 - https:\/\/yoast.com\/wordpress\/plugins\/seo\/ -->\n<title>P\u00e1link\u00e1s t\u00f6lgyfa hord\u00f3 20 literes - HungaroOnline<\/title>\n<meta name=\"description\" content=\"AZ \u00c1R A MIN\u0150S\u00c9GET T\u00dcKR\u00d6ZI!!! Cseregaranci\u00e1t biztos\u00edtunk! MI\u00c9RT IS TUDUNK CSEREGARANCI\u00c1T BIZTOS\u00cdTANI: 56 \u00e9v szakmai tapasztalattal k\u00e9sz\u00edtj\u00fck a hord\u00f3inkat! Gondosan v\u00e1logatott min\u0151s\u00e9gi alapanyagot haszn\u00e1lunk! Csak a megfelel\u0151 kisz\u00e1r\u00edt\u00e1s ut\u00e1n kezdj\u00fck a hord\u00f3 k\u00e9sz\u00edt\u00e9st! Elk\u00e9sz\u00fcl\u00e9s ut\u00e1n a hord\u00f3kat nyom\u00e1spr\u00f3b\u00e1zzuk!\" \/>\n<meta name=\"robots\" content=\"index, follow, max-snippet:-1, max-image-preview:large, max-video-preview:-1\" \/>\n<link rel=\"canonical\" href=\"https:\/\/hungaroonline.hu\/sk\/produkt\/tolgyfa-hordo-20-literes-reszletek-itt\/\" \/>\n<meta property=\"og:locale\" content=\"sk_SK\" \/>\n<meta property=\"og:type\" content=\"article\" \/>\n<meta property=\"og:title\" content=\"P\u00e1link\u00e1s t\u00f6lgyfa hord\u00f3 20 literes - HungaroOnline\" \/>\n<meta property=\"og:description\" content=\"AZ \u00c1R A MIN\u0150S\u00c9GET T\u00dcKR\u00d6ZI!!! Cseregaranci\u00e1t biztos\u00edtunk! MI\u00c9RT IS TUDUNK CSEREGARANCI\u00c1T BIZTOS\u00cdTANI: 56 \u00e9v szakmai tapasztalattal k\u00e9sz\u00edtj\u00fck a hord\u00f3inkat! Gondosan v\u00e1logatott min\u0151s\u00e9gi alapanyagot haszn\u00e1lunk! Csak a megfelel\u0151 kisz\u00e1r\u00edt\u00e1s ut\u00e1n kezdj\u00fck a hord\u00f3 k\u00e9sz\u00edt\u00e9st! Elk\u00e9sz\u00fcl\u00e9s ut\u00e1n a hord\u00f3kat nyom\u00e1spr\u00f3b\u00e1zzuk!\" \/>\n<meta property=\"og:url\" content=\"https:\/\/hungaroonline.hu\/sk\/produkt\/tolgyfa-hordo-20-literes-reszletek-itt\/\" \/>\n<meta property=\"og:site_name\" content=\"HungaroOnline\" \/>\n<meta property=\"article:publisher\" content=\"https:\/\/www.facebook.com\/hungaroonline\" \/>\n<meta property=\"article:modified_time\" content=\"2025-06-19T12:23:46+00:00\" \/>\n<meta property=\"og:image\" content=\"https:\/\/hungaroonline.hu\/wp-content\/uploads\/2019\/05\/tolgyfa10l-1.jpg\" \/>\n\t<meta property=\"og:image:width\" content=\"768\" \/>\n\t<meta property=\"og:image:height\" content=\"768\" \/>\n\t<meta property=\"og:image:type\" content=\"image\/jpeg\" \/>\n<meta name=\"twitter:card\" content=\"summary_large_image\" \/>\n<meta name=\"twitter:label1\" content=\"Predpokladan\u00fd \u010das \u010d\u00edtania\" \/>\n\t<meta name=\"twitter:data1\" content=\"2 min\u00faty\" \/>\n<script type=\"application\/ld+json\" class=\"yoast-schema-graph\">{\"@context\":\"https:\/\/schema.org\",\"@graph\":[{\"@type\":\"WebPage\",\"@id\":\"https:\/\/hungaroonline.hu\/termek\/tolgyfa-hordo-20-literes-reszletek-itt\/\",\"url\":\"https:\/\/hungaroonline.hu\/termek\/tolgyfa-hordo-20-literes-reszletek-itt\/\",\"name\":\"P\u00e1link\u00e1s t\u00f6lgyfa hord\u00f3 20 literes - HungaroOnline\",\"isPartOf\":{\"@id\":\"https:\/\/hungaroonline.hu\/#website\"},\"primaryImageOfPage\":{\"@id\":\"https:\/\/hungaroonline.hu\/termek\/tolgyfa-hordo-20-literes-reszletek-itt\/#primaryimage\"},\"image\":{\"@id\":\"https:\/\/hungaroonline.hu\/termek\/tolgyfa-hordo-20-literes-reszletek-itt\/#primaryimage\"},\"thumbnailUrl\":\"https:\/\/hungaroonline.hu\/wp-content\/uploads\/2019\/05\/tolgyfa10l-1.jpg\",\"datePublished\":\"2020-10-04T09:26:44+00:00\",\"dateModified\":\"2025-06-19T12:23:46+00:00\",\"description\":\"AZ \u00c1R A MIN\u0150S\u00c9GET T\u00dcKR\u00d6ZI!!! Cseregaranci\u00e1t biztos\u00edtunk! MI\u00c9RT IS TUDUNK CSEREGARANCI\u00c1T BIZTOS\u00cdTANI: 56 \u00e9v szakmai tapasztalattal k\u00e9sz\u00edtj\u00fck a hord\u00f3inkat! Gondosan v\u00e1logatott min\u0151s\u00e9gi alapanyagot haszn\u00e1lunk! Csak a megfelel\u0151 kisz\u00e1r\u00edt\u00e1s ut\u00e1n kezdj\u00fck a hord\u00f3 k\u00e9sz\u00edt\u00e9st! Elk\u00e9sz\u00fcl\u00e9s ut\u00e1n a hord\u00f3kat nyom\u00e1spr\u00f3b\u00e1zzuk!\",\"breadcrumb\":{\"@id\":\"https:\/\/hungaroonline.hu\/termek\/tolgyfa-hordo-20-literes-reszletek-itt\/#breadcrumb\"},\"inLanguage\":\"sk-SK\",\"potentialAction\":[{\"@type\":\"ReadAction\",\"target\":[\"https:\/\/hungaroonline.hu\/termek\/tolgyfa-hordo-20-literes-reszletek-itt\/\"]}]},{\"@type\":\"ImageObject\",\"inLanguage\":\"sk-SK\",\"@id\":\"https:\/\/hungaroonline.hu\/termek\/tolgyfa-hordo-20-literes-reszletek-itt\/#primaryimage\",\"url\":\"https:\/\/hungaroonline.hu\/wp-content\/uploads\/2019\/05\/tolgyfa10l-1.jpg\",\"contentUrl\":\"https:\/\/hungaroonline.hu\/wp-content\/uploads\/2019\/05\/tolgyfa10l-1.jpg\",\"width\":768,\"height\":768},{\"@type\":\"BreadcrumbList\",\"@id\":\"https:\/\/hungaroonline.hu\/termek\/tolgyfa-hordo-20-literes-reszletek-itt\/#breadcrumb\",\"itemListElement\":[{\"@type\":\"ListItem\",\"position\":1,\"name\":\"Home\",\"item\":\"https:\/\/hungaroonline.hu\/\"},{\"@type\":\"ListItem\",\"position\":2,\"name\":\"\u00dczlet\",\"item\":\"https:\/\/hungaroonline.hu\/uzlet\/\"},{\"@type\":\"ListItem\",\"position\":3,\"name\":\"P\u00e1link\u00e1s t\u00f6lgyfa hord\u00f3 20 literes\"}]},{\"@type\":\"WebSite\",\"@id\":\"https:\/\/hungaroonline.hu\/#website\",\"url\":\"https:\/\/hungaroonline.hu\/\",\"name\":\"HungaroOnline\",\"description\":\"Kutyah\u00e1z - Hord\u00f3 - Raklap b\u00fator - Raklapp\u00e1rna Gy\u00e1rt\u00e1sa\",\"publisher\":{\"@id\":\"https:\/\/hungaroonline.hu\/#organization\"},\"potentialAction\":[{\"@type\":\"SearchAction\",\"target\":{\"@type\":\"EntryPoint\",\"urlTemplate\":\"https:\/\/hungaroonline.hu\/?s={search_term_string}\"},\"query-input\":{\"@type\":\"PropertyValueSpecification\",\"valueRequired\":true,\"valueName\":\"search_term_string\"}}],\"inLanguage\":\"sk-SK\"},{\"@type\":\"Organization\",\"@id\":\"https:\/\/hungaroonline.hu\/#organization\",\"name\":\"HungaroOnline\",\"url\":\"https:\/\/hungaroonline.hu\/\",\"logo\":{\"@type\":\"ImageObject\",\"inLanguage\":\"sk-SK\",\"@id\":\"https:\/\/hungaroonline.hu\/#\/schema\/logo\/image\/\",\"url\":\"https:\/\/hungaroonline.hu\/wp-content\/uploads\/2023\/01\/hungaroonline-footer-logo-color-a.png\",\"contentUrl\":\"https:\/\/hungaroonline.hu\/wp-content\/uploads\/2023\/01\/hungaroonline-footer-logo-color-a.png\",\"width\":970,\"height\":86,\"caption\":\"HungaroOnline\"},\"image\":{\"@id\":\"https:\/\/hungaroonline.hu\/#\/schema\/logo\/image\/\"},\"sameAs\":[\"https:\/\/www.facebook.com\/hungaroonline\"]}]}<\/script>\n<!-- \/ Yoast SEO plugin. -->","yoast_head_json":{"title":"P\u00e1link\u00e1s t\u00f6lgyfa hord\u00f3 20 literes - HungaroOnline","description":"AZ \u00c1R A MIN\u0150S\u00c9GET T\u00dcKR\u00d6ZI!!! Cseregaranci\u00e1t biztos\u00edtunk! MI\u00c9RT IS TUDUNK CSEREGARANCI\u00c1T BIZTOS\u00cdTANI: 56 \u00e9v szakmai tapasztalattal k\u00e9sz\u00edtj\u00fck a hord\u00f3inkat! Gondosan v\u00e1logatott min\u0151s\u00e9gi alapanyagot haszn\u00e1lunk! Csak a megfelel\u0151 kisz\u00e1r\u00edt\u00e1s ut\u00e1n kezdj\u00fck a hord\u00f3 k\u00e9sz\u00edt\u00e9st! Elk\u00e9sz\u00fcl\u00e9s ut\u00e1n a hord\u00f3kat nyom\u00e1spr\u00f3b\u00e1zzuk!","robots":{"index":"index","follow":"follow","max-snippet":"max-snippet:-1","max-image-preview":"max-image-preview:large","max-video-preview":"max-video-preview:-1"},"canonical":"https:\/\/hungaroonline.hu\/sk\/produkt\/tolgyfa-hordo-20-literes-reszletek-itt\/","og_locale":"sk_SK","og_type":"article","og_title":"P\u00e1link\u00e1s t\u00f6lgyfa hord\u00f3 20 literes - HungaroOnline","og_description":"AZ \u00c1R A MIN\u0150S\u00c9GET T\u00dcKR\u00d6ZI!!! Cseregaranci\u00e1t biztos\u00edtunk! MI\u00c9RT IS TUDUNK CSEREGARANCI\u00c1T BIZTOS\u00cdTANI: 56 \u00e9v szakmai tapasztalattal k\u00e9sz\u00edtj\u00fck a hord\u00f3inkat! Gondosan v\u00e1logatott min\u0151s\u00e9gi alapanyagot haszn\u00e1lunk! Csak a megfelel\u0151 kisz\u00e1r\u00edt\u00e1s ut\u00e1n kezdj\u00fck a hord\u00f3 k\u00e9sz\u00edt\u00e9st! Elk\u00e9sz\u00fcl\u00e9s ut\u00e1n a hord\u00f3kat nyom\u00e1spr\u00f3b\u00e1zzuk!","og_url":"https:\/\/hungaroonline.hu\/sk\/produkt\/tolgyfa-hordo-20-literes-reszletek-itt\/","og_site_name":"HungaroOnline","article_publisher":"https:\/\/www.facebook.com\/hungaroonline","article_modified_time":"2025-06-19T12:23:46+00:00","og_image":[{"width":768,"height":768,"url":"https:\/\/hungaroonline.hu\/wp-content\/uploads\/2019\/05\/tolgyfa10l-1.jpg","type":"image\/jpeg"}],"twitter_card":"summary_large_image","twitter_misc":{"Predpokladan\u00fd \u010das \u010d\u00edtania":"2 min\u00faty"},"schema":{"@context":"https:\/\/schema.org","@graph":[{"@type":"WebPage","@id":"https:\/\/hungaroonline.hu\/termek\/tolgyfa-hordo-20-literes-reszletek-itt\/","url":"https:\/\/hungaroonline.hu\/termek\/tolgyfa-hordo-20-literes-reszletek-itt\/","name":"P\u00e1link\u00e1s t\u00f6lgyfa hord\u00f3 20 literes - HungaroOnline","isPartOf":{"@id":"https:\/\/hungaroonline.hu\/#website"},"primaryImageOfPage":{"@id":"https:\/\/hungaroonline.hu\/termek\/tolgyfa-hordo-20-literes-reszletek-itt\/#primaryimage"},"image":{"@id":"https:\/\/hungaroonline.hu\/termek\/tolgyfa-hordo-20-literes-reszletek-itt\/#primaryimage"},"thumbnailUrl":"https:\/\/hungaroonline.hu\/wp-content\/uploads\/2019\/05\/tolgyfa10l-1.jpg","datePublished":"2020-10-04T09:26:44+00:00","dateModified":"2025-06-19T12:23:46+00:00","description":"AZ \u00c1R A MIN\u0150S\u00c9GET T\u00dcKR\u00d6ZI!!! Cseregaranci\u00e1t biztos\u00edtunk! MI\u00c9RT IS TUDUNK CSEREGARANCI\u00c1T BIZTOS\u00cdTANI: 56 \u00e9v szakmai tapasztalattal k\u00e9sz\u00edtj\u00fck a hord\u00f3inkat! Gondosan v\u00e1logatott min\u0151s\u00e9gi alapanyagot haszn\u00e1lunk! Csak a megfelel\u0151 kisz\u00e1r\u00edt\u00e1s ut\u00e1n kezdj\u00fck a hord\u00f3 k\u00e9sz\u00edt\u00e9st! Elk\u00e9sz\u00fcl\u00e9s ut\u00e1n a hord\u00f3kat nyom\u00e1spr\u00f3b\u00e1zzuk!","breadcrumb":{"@id":"https:\/\/hungaroonline.hu\/termek\/tolgyfa-hordo-20-literes-reszletek-itt\/#breadcrumb"},"inLanguage":"sk-SK","potentialAction":[{"@type":"ReadAction","target":["https:\/\/hungaroonline.hu\/termek\/tolgyfa-hordo-20-literes-reszletek-itt\/"]}]},{"@type":"ImageObject","inLanguage":"sk-SK","@id":"https:\/\/hungaroonline.hu\/termek\/tolgyfa-hordo-20-literes-reszletek-itt\/#primaryimage","url":"https:\/\/hungaroonline.hu\/wp-content\/uploads\/2019\/05\/tolgyfa10l-1.jpg","contentUrl":"https:\/\/hungaroonline.hu\/wp-content\/uploads\/2019\/05\/tolgyfa10l-1.jpg","width":768,"height":768},{"@type":"BreadcrumbList","@id":"https:\/\/hungaroonline.hu\/termek\/tolgyfa-hordo-20-literes-reszletek-itt\/#breadcrumb","itemListElement":[{"@type":"ListItem","position":1,"name":"Home","item":"https:\/\/hungaroonline.hu\/"},{"@type":"ListItem","position":2,"name":"\u00dczlet","item":"https:\/\/hungaroonline.hu\/uzlet\/"},{"@type":"ListItem","position":3,"name":"P\u00e1link\u00e1s t\u00f6lgyfa hord\u00f3 20 literes"}]},{"@type":"WebSite","@id":"https:\/\/hungaroonline.hu\/#website","url":"https:\/\/hungaroonline.hu\/","name":"HungaroOnline","description":"Psia b\u00fada - Sud - Paletov\u00fd n\u00e1bytok - V\u00fdroba paletov\u00fdch vank\u00fa\u0161ov","publisher":{"@id":"https:\/\/hungaroonline.hu\/#organization"},"potentialAction":[{"@type":"SearchAction","target":{"@type":"EntryPoint","urlTemplate":"https:\/\/hungaroonline.hu\/?s={search_term_string}"},"query-input":{"@type":"PropertyValueSpecification","valueRequired":true,"valueName":"search_term_string"}}],"inLanguage":"sk-SK"},{"@type":"Organization","@id":"https:\/\/hungaroonline.hu\/#organization","name":"HungaroOnline","url":"https:\/\/hungaroonline.hu\/","logo":{"@type":"ImageObject","inLanguage":"sk-SK","@id":"https:\/\/hungaroonline.hu\/#\/schema\/logo\/image\/","url":"https:\/\/hungaroonline.hu\/wp-content\/uploads\/2023\/01\/hungaroonline-footer-logo-color-a.png","contentUrl":"https:\/\/hungaroonline.hu\/wp-content\/uploads\/2023\/01\/hungaroonline-footer-logo-color-a.png","width":970,"height":86,"caption":"HungaroOnline"},"image":{"@id":"https:\/\/hungaroonline.hu\/#\/schema\/logo\/image\/"},"sameAs":["https:\/\/www.facebook.com\/hungaroonline"]}]}},"_links":{"self":[{"href":"https:\/\/hungaroonline.hu\/sk\/wp-json\/wp\/v2\/product\/2197","targetHints":{"allow":["GET"]}}],"collection":[{"href":"https:\/\/hungaroonline.hu\/sk\/wp-json\/wp\/v2\/product"}],"about":[{"href":"https:\/\/hungaroonline.hu\/sk\/wp-json\/wp\/v2\/types\/product"}],"replies":[{"embeddable":true,"href":"https:\/\/hungaroonline.hu\/sk\/wp-json\/wp\/v2\/comments?post=2197"}],"version-history":[{"count":16,"href":"https:\/\/hungaroonline.hu\/sk\/wp-json\/wp\/v2\/product\/2197\/revisions"}],"predecessor-version":[{"id":7259,"href":"https:\/\/hungaroonline.hu\/sk\/wp-json\/wp\/v2\/product\/2197\/revisions\/7259"}],"wp:featuredmedia":[{"embeddable":true,"href":"https:\/\/hungaroonline.hu\/sk\/wp-json\/wp\/v2\/media\/149"}],"wp:attachment":[{"href":"https:\/\/hungaroonline.hu\/sk\/wp-json\/wp\/v2\/media?parent=2197"}],"wp:term":[{"taxonomy":"product_brand","embeddable":true,"href":"https:\/\/hungaroonline.hu\/sk\/wp-json\/wp\/v2\/product_brand?post=2197"},{"taxonomy":"product_cat","embeddable":true,"href":"https:\/\/hungaroonline.hu\/sk\/wp-json\/wp\/v2\/product_cat?post=2197"},{"taxonomy":"product_tag","embeddable":true,"href":"https:\/\/hungaroonline.hu\/sk\/wp-json\/wp\/v2\/product_tag?post=2197"}],"curies":[{"name":"pracovn\u00fd list","href":"https:\/\/api.w.org\/{rel}","templated":true}]}}