{"id":2178,"date":"2020-10-03T14:49:45","date_gmt":"2020-10-03T12:49:45","guid":{"rendered":"https:\/\/hungaroonline.hempa.hu\/?post_type=product&#038;p=2178"},"modified":"2025-12-08T20:24:31","modified_gmt":"2025-12-08T19:24:31","slug":"thermo-fuggony-kutyahazra-40-c-extra-nagy-50x70-cm","status":"publish","type":"product","link":"https:\/\/hungaroonline.hu\/sk\/produkt\/thermo-fuggony-kutyahazra-40-c-extra-nagy-50x70-cm\/","title":{"rendered":"IPARI Thermo F\u00fcgg\u00f6ny -40\u00b0C EXTRA NAGY Kutyah\u00e1zra 44X64"},"content":{"rendered":"<p><img decoding=\"async\" class=\"wp-image-6961 aligncenter\" src=\"https:\/\/hungaroonline.hu\/wp-content\/uploads\/2020\/10\/thermo-fuggony-1-470x300.jpg\" alt=\"H\u0151f\u00fcgg\u00f6ny\" width=\"259\" height=\"165\" srcset=\"https:\/\/hungaroonline.hu\/wp-content\/uploads\/2020\/10\/thermo-fuggony-1-470x300.jpg 470w, https:\/\/hungaroonline.hu\/wp-content\/uploads\/2020\/10\/thermo-fuggony-1-1110x708.jpg 1110w, https:\/\/hungaroonline.hu\/wp-content\/uploads\/2020\/10\/thermo-fuggony-1-768x490.jpg 768w, https:\/\/hungaroonline.hu\/wp-content\/uploads\/2020\/10\/thermo-fuggony-1-1536x980.jpg 1536w, https:\/\/hungaroonline.hu\/wp-content\/uploads\/2020\/10\/thermo-fuggony-1-2048x1307.jpg 2048w, https:\/\/hungaroonline.hu\/wp-content\/uploads\/2020\/10\/thermo-fuggony-1-18x12.jpg 18w, https:\/\/hungaroonline.hu\/wp-content\/uploads\/2020\/10\/thermo-fuggony-1-1000x638.jpg 1000w\" sizes=\"(max-width: 259px) 100vw, 259px\" \/><\/p>\n<p>&nbsp;<\/p>\n<p>&nbsp;<\/p>\n<p style=\"text-align: center;\"><em><strong>Priemyseln\u00e1 nemrzn\u00faca PVC p\u00e1ska si zachov\u00e1va svoje fyzik\u00e1lne vlastnosti a\u017e do -40 \u00b0C!<\/strong><\/em><\/p>\n<p>&nbsp;<\/p>\n<p>&nbsp;<\/p>\n<p>&nbsp;<\/p>\n<p>&nbsp;<\/p>\n<p>&nbsp;<\/p>\n<p>PVC p\u00e1sov\u00fd z\u00e1ves vhodn\u00fd na vonkaj\u0161ie aj vn\u00fatorn\u00e9 pou\u017eitie!<\/p>\n<p>Nel\u00e1me sa <strong>\u010d<\/strong> <strong>stvrdne!<\/strong><\/p>\n<p>Z\u00e1ves z PVC p\u00e1sov <strong>dobr\u00fd tepeln\u00fd izolant<\/strong>, jeho pou\u017e\u00edvan\u00edm mo\u017eno dosiahnu\u0165 v\u00fdrazn\u00e9 \u00faspory energie.<\/p>\n<p>Chr\u00e1ni pred prievanom, prachom a hlukom.<\/p>\n<p>Udr\u017ea\u0165 ho v \u010distote je jednoduch\u00e9!<\/p>\n<p>Mrazuvzdorn\u00e1 PVC li\u0161ta je namontovan\u00e1 na pr\u00edrodn\u00e9 borovicov\u00e9 li\u0161ty.<\/p>\n<p><strong>Dod\u00e1vame in\u0161talovan\u00e9 na b\u00fade pre psa,<\/strong>\u00a0 Umiestnite ich na seba s 1-2 cm presahom, zn\u00ed\u017eite tak prievan a prenikanie chladu na minimum!<\/p>\n<p>Prieh\u013eadn\u00e9 PVC p\u00e1siky nebr\u00e1nia v\u00e1\u0161mu psovi vo v\u00fdh\u013eade, ale poskytuj\u00fa v\u00e1\u017enu ochranu pred chladom!<\/p>\n<p>&nbsp;<\/p>\n<p>&nbsp;<\/p>\n<p>&nbsp;<\/p>\n<p>&nbsp;<\/p>\n<p><strong>Pre extra ve\u013ek\u00fa b\u00fadu pre psa!<\/strong><\/p>\n<p>Ve\u013ekos\u0165: \u0161\u00edrka 44 cm x v\u00fd\u0161ka 64 cm.<\/p>\n<p>Hr\u00fabka z\u00e1vesu PVC p\u00e1su: <strong>2 mm!<\/strong><\/p>\n<p>Teplotn\u00fd rozsah: <strong>-40<\/strong> \u00b0C ~<strong>+35<\/strong> \u00b0C<\/p>\n<p>&nbsp;<\/p>\n<p>&nbsp;<\/p>\n<p>&nbsp;<\/p>\n<p>&nbsp;<\/p>\n<p><em><strong>D\u00d4LE\u017dIT\u00c9!!!<\/strong><\/em><\/p>\n<div>\n<div>Termoz\u00e1ves nem\u00e1 \u017eiadne n\u00e1klady na dopravu, len ak je objednan\u00fd spolu s b\u00fadou pre psa!<\/div>\n<div>Ak si chcete k\u00fapi\u0165 iba termo z\u00e1ves, n\u00e1klady na dopravu s\u00fa za\u0148 <strong>3000 HUF<\/strong> brutto, ktor\u00fd vypo\u010d\u00edtame dodato\u010dne!<\/div>\n<\/div>\n<div><\/div>\n<div><strong>\u010eakujem, \u017ee ste pri\u0161li!<\/strong><\/div>\n<p>&nbsp;<\/p>\n<p>&nbsp;<\/p>\n<p>&nbsp;<\/p>","protected":false},"excerpt":{"rendered":"<p>&nbsp;<\/p>\n<p><strong>Extra ve\u013ek\u00e9 <\/strong><b>do psej b\u00fady!<\/b><\/p>\n<p>&nbsp;<\/p>\n<p>Dodacia lehota: 3-7 pracovn\u00fdch dn\u00ed!<\/p>\n<p>&nbsp;<\/p>\n<p>&nbsp;<\/p>","protected":false},"featured_media":3483,"comment_status":"closed","ping_status":"closed","template":"","meta":[],"product_brand":[],"product_cat":[43,93],"product_tag":[],"class_list":{"0":"post-2178","1":"product","2":"type-product","3":"status-publish","4":"has-post-thumbnail","6":"product_cat-kutyahazak-tobb-meretben","7":"product_cat-thermo-fuggony-kutyahazra","8":"product_shipping_class-thermo-fuggony","10":"first","11":"instock","12":"purchasable","13":"product-type-simple"},"yoast_head":"<!-- This site is optimized with the Yoast SEO plugin v26.6 - https:\/\/yoast.com\/wordpress\/plugins\/seo\/ -->\n<title>IPARI Thermo F\u00fcgg\u00f6ny -40\u00b0C EXTRA NAGY Kutyah\u00e1zra 44X64 - HungaroOnline<\/title>\n<meta name=\"description\" content=\"IPARI fagy\u00e1ll\u00f3 PVC szalag -40 \u00b0C h\u0151m\u00e9rs\u00e9kletig meg\u0151rzi fizikai tulajdons\u00e1gait, nem t\u00f6rik, nem kem\u00e9nyedik be, haszn\u00e1lhat\u00f3s\u00e1ga a norm\u00e1lis, fagymentes h\u0151m\u00e9rs\u00e9kleti viszonyoknak megfelel\u0151 marad.\" \/>\n<meta name=\"robots\" content=\"index, follow, max-snippet:-1, max-image-preview:large, max-video-preview:-1\" \/>\n<link rel=\"canonical\" href=\"https:\/\/hungaroonline.hu\/sk\/produkt\/thermo-fuggony-kutyahazra-40-c-extra-nagy-50x70-cm\/\" \/>\n<meta property=\"og:locale\" content=\"sk_SK\" \/>\n<meta property=\"og:type\" content=\"article\" \/>\n<meta property=\"og:title\" content=\"IPARI Thermo F\u00fcgg\u00f6ny -40\u00b0C EXTRA NAGY Kutyah\u00e1zra 44X64 - HungaroOnline\" \/>\n<meta property=\"og:description\" content=\"IPARI fagy\u00e1ll\u00f3 PVC szalag -40 \u00b0C h\u0151m\u00e9rs\u00e9kletig meg\u0151rzi fizikai tulajdons\u00e1gait, nem t\u00f6rik, nem kem\u00e9nyedik be, haszn\u00e1lhat\u00f3s\u00e1ga a norm\u00e1lis, fagymentes h\u0151m\u00e9rs\u00e9kleti viszonyoknak megfelel\u0151 marad.\" \/>\n<meta property=\"og:url\" content=\"https:\/\/hungaroonline.hu\/sk\/produkt\/thermo-fuggony-kutyahazra-40-c-extra-nagy-50x70-cm\/\" \/>\n<meta property=\"og:site_name\" content=\"HungaroOnline\" \/>\n<meta property=\"article:publisher\" content=\"https:\/\/www.facebook.com\/hungaroonline\" \/>\n<meta property=\"article:modified_time\" content=\"2025-12-08T19:24:31+00:00\" \/>\n<meta property=\"og:image\" content=\"https:\/\/hungaroonline.hu\/wp-content\/uploads\/2020\/10\/Thermo-fuggony-3-.jpg\" \/>\n\t<meta property=\"og:image:width\" content=\"350\" \/>\n\t<meta property=\"og:image:height\" content=\"350\" \/>\n\t<meta property=\"og:image:type\" content=\"image\/jpeg\" \/>\n<meta name=\"twitter:card\" content=\"summary_large_image\" \/>\n<meta name=\"twitter:label1\" content=\"Predpokladan\u00fd \u010das \u010d\u00edtania\" \/>\n\t<meta name=\"twitter:data1\" content=\"2 min\u00faty\" \/>\n<script type=\"application\/ld+json\" class=\"yoast-schema-graph\">{\"@context\":\"https:\/\/schema.org\",\"@graph\":[{\"@type\":\"WebPage\",\"@id\":\"https:\/\/hungaroonline.hu\/termek\/thermo-fuggony-kutyahazra-40-c-extra-nagy-50x70-cm\/\",\"url\":\"https:\/\/hungaroonline.hu\/termek\/thermo-fuggony-kutyahazra-40-c-extra-nagy-50x70-cm\/\",\"name\":\"IPARI Thermo F\u00fcgg\u00f6ny -40\u00b0C EXTRA NAGY Kutyah\u00e1zra 44X64 - HungaroOnline\",\"isPartOf\":{\"@id\":\"https:\/\/hungaroonline.hu\/#website\"},\"primaryImageOfPage\":{\"@id\":\"https:\/\/hungaroonline.hu\/termek\/thermo-fuggony-kutyahazra-40-c-extra-nagy-50x70-cm\/#primaryimage\"},\"image\":{\"@id\":\"https:\/\/hungaroonline.hu\/termek\/thermo-fuggony-kutyahazra-40-c-extra-nagy-50x70-cm\/#primaryimage\"},\"thumbnailUrl\":\"https:\/\/hungaroonline.hu\/wp-content\/uploads\/2020\/10\/Thermo-fuggony-3-.jpg\",\"datePublished\":\"2020-10-03T12:49:45+00:00\",\"dateModified\":\"2025-12-08T19:24:31+00:00\",\"description\":\"IPARI fagy\u00e1ll\u00f3 PVC szalag -40 \u00b0C h\u0151m\u00e9rs\u00e9kletig meg\u0151rzi fizikai tulajdons\u00e1gait, nem t\u00f6rik, nem kem\u00e9nyedik be, haszn\u00e1lhat\u00f3s\u00e1ga a norm\u00e1lis, fagymentes h\u0151m\u00e9rs\u00e9kleti viszonyoknak megfelel\u0151 marad.\",\"breadcrumb\":{\"@id\":\"https:\/\/hungaroonline.hu\/termek\/thermo-fuggony-kutyahazra-40-c-extra-nagy-50x70-cm\/#breadcrumb\"},\"inLanguage\":\"sk-SK\",\"potentialAction\":[{\"@type\":\"ReadAction\",\"target\":[\"https:\/\/hungaroonline.hu\/termek\/thermo-fuggony-kutyahazra-40-c-extra-nagy-50x70-cm\/\"]}]},{\"@type\":\"ImageObject\",\"inLanguage\":\"sk-SK\",\"@id\":\"https:\/\/hungaroonline.hu\/termek\/thermo-fuggony-kutyahazra-40-c-extra-nagy-50x70-cm\/#primaryimage\",\"url\":\"https:\/\/hungaroonline.hu\/wp-content\/uploads\/2020\/10\/Thermo-fuggony-3-.jpg\",\"contentUrl\":\"https:\/\/hungaroonline.hu\/wp-content\/uploads\/2020\/10\/Thermo-fuggony-3-.jpg\",\"width\":350,\"height\":350,\"caption\":\"H\u0151f\u00fcgg\u00f6ny\"},{\"@type\":\"BreadcrumbList\",\"@id\":\"https:\/\/hungaroonline.hu\/termek\/thermo-fuggony-kutyahazra-40-c-extra-nagy-50x70-cm\/#breadcrumb\",\"itemListElement\":[{\"@type\":\"ListItem\",\"position\":1,\"name\":\"Home\",\"item\":\"https:\/\/hungaroonline.hu\/\"},{\"@type\":\"ListItem\",\"position\":2,\"name\":\"\u00dczlet\",\"item\":\"https:\/\/hungaroonline.hu\/uzlet\/\"},{\"@type\":\"ListItem\",\"position\":3,\"name\":\"IPARI Thermo F\u00fcgg\u00f6ny -40\u00b0C EXTRA NAGY Kutyah\u00e1zra 44X64\"}]},{\"@type\":\"WebSite\",\"@id\":\"https:\/\/hungaroonline.hu\/#website\",\"url\":\"https:\/\/hungaroonline.hu\/\",\"name\":\"HungaroOnline\",\"description\":\"Kutyah\u00e1z - Hord\u00f3 - Raklap b\u00fator - Raklapp\u00e1rna Gy\u00e1rt\u00e1sa\",\"publisher\":{\"@id\":\"https:\/\/hungaroonline.hu\/#organization\"},\"potentialAction\":[{\"@type\":\"SearchAction\",\"target\":{\"@type\":\"EntryPoint\",\"urlTemplate\":\"https:\/\/hungaroonline.hu\/?s={search_term_string}\"},\"query-input\":{\"@type\":\"PropertyValueSpecification\",\"valueRequired\":true,\"valueName\":\"search_term_string\"}}],\"inLanguage\":\"sk-SK\"},{\"@type\":\"Organization\",\"@id\":\"https:\/\/hungaroonline.hu\/#organization\",\"name\":\"HungaroOnline\",\"url\":\"https:\/\/hungaroonline.hu\/\",\"logo\":{\"@type\":\"ImageObject\",\"inLanguage\":\"sk-SK\",\"@id\":\"https:\/\/hungaroonline.hu\/#\/schema\/logo\/image\/\",\"url\":\"https:\/\/hungaroonline.hu\/wp-content\/uploads\/2023\/01\/hungaroonline-footer-logo-color-a.png\",\"contentUrl\":\"https:\/\/hungaroonline.hu\/wp-content\/uploads\/2023\/01\/hungaroonline-footer-logo-color-a.png\",\"width\":970,\"height\":86,\"caption\":\"HungaroOnline\"},\"image\":{\"@id\":\"https:\/\/hungaroonline.hu\/#\/schema\/logo\/image\/\"},\"sameAs\":[\"https:\/\/www.facebook.com\/hungaroonline\"]}]}<\/script>\n<!-- \/ Yoast SEO plugin. -->","yoast_head_json":{"title":"IPARI Thermo F\u00fcgg\u00f6ny -40\u00b0C EXTRA NAGY Kutyah\u00e1zra 44X64 - HungaroOnline","description":"IPARI fagy\u00e1ll\u00f3 PVC szalag -40 \u00b0C h\u0151m\u00e9rs\u00e9kletig meg\u0151rzi fizikai tulajdons\u00e1gait, nem t\u00f6rik, nem kem\u00e9nyedik be, haszn\u00e1lhat\u00f3s\u00e1ga a norm\u00e1lis, fagymentes h\u0151m\u00e9rs\u00e9kleti viszonyoknak megfelel\u0151 marad.","robots":{"index":"index","follow":"follow","max-snippet":"max-snippet:-1","max-image-preview":"max-image-preview:large","max-video-preview":"max-video-preview:-1"},"canonical":"https:\/\/hungaroonline.hu\/sk\/produkt\/thermo-fuggony-kutyahazra-40-c-extra-nagy-50x70-cm\/","og_locale":"sk_SK","og_type":"article","og_title":"IPARI Thermo F\u00fcgg\u00f6ny -40\u00b0C EXTRA NAGY Kutyah\u00e1zra 44X64 - HungaroOnline","og_description":"IPARI fagy\u00e1ll\u00f3 PVC szalag -40 \u00b0C h\u0151m\u00e9rs\u00e9kletig meg\u0151rzi fizikai tulajdons\u00e1gait, nem t\u00f6rik, nem kem\u00e9nyedik be, haszn\u00e1lhat\u00f3s\u00e1ga a norm\u00e1lis, fagymentes h\u0151m\u00e9rs\u00e9kleti viszonyoknak megfelel\u0151 marad.","og_url":"https:\/\/hungaroonline.hu\/sk\/produkt\/thermo-fuggony-kutyahazra-40-c-extra-nagy-50x70-cm\/","og_site_name":"HungaroOnline","article_publisher":"https:\/\/www.facebook.com\/hungaroonline","article_modified_time":"2025-12-08T19:24:31+00:00","og_image":[{"width":350,"height":350,"url":"https:\/\/hungaroonline.hu\/wp-content\/uploads\/2020\/10\/Thermo-fuggony-3-.jpg","type":"image\/jpeg"}],"twitter_card":"summary_large_image","twitter_misc":{"Predpokladan\u00fd \u010das \u010d\u00edtania":"2 min\u00faty"},"schema":{"@context":"https:\/\/schema.org","@graph":[{"@type":"WebPage","@id":"https:\/\/hungaroonline.hu\/termek\/thermo-fuggony-kutyahazra-40-c-extra-nagy-50x70-cm\/","url":"https:\/\/hungaroonline.hu\/termek\/thermo-fuggony-kutyahazra-40-c-extra-nagy-50x70-cm\/","name":"IPARI Thermo F\u00fcgg\u00f6ny -40\u00b0C EXTRA NAGY Kutyah\u00e1zra 44X64 - HungaroOnline","isPartOf":{"@id":"https:\/\/hungaroonline.hu\/#website"},"primaryImageOfPage":{"@id":"https:\/\/hungaroonline.hu\/termek\/thermo-fuggony-kutyahazra-40-c-extra-nagy-50x70-cm\/#primaryimage"},"image":{"@id":"https:\/\/hungaroonline.hu\/termek\/thermo-fuggony-kutyahazra-40-c-extra-nagy-50x70-cm\/#primaryimage"},"thumbnailUrl":"https:\/\/hungaroonline.hu\/wp-content\/uploads\/2020\/10\/Thermo-fuggony-3-.jpg","datePublished":"2020-10-03T12:49:45+00:00","dateModified":"2025-12-08T19:24:31+00:00","description":"IPARI fagy\u00e1ll\u00f3 PVC szalag -40 \u00b0C h\u0151m\u00e9rs\u00e9kletig meg\u0151rzi fizikai tulajdons\u00e1gait, nem t\u00f6rik, nem kem\u00e9nyedik be, haszn\u00e1lhat\u00f3s\u00e1ga a norm\u00e1lis, fagymentes h\u0151m\u00e9rs\u00e9kleti viszonyoknak megfelel\u0151 marad.","breadcrumb":{"@id":"https:\/\/hungaroonline.hu\/termek\/thermo-fuggony-kutyahazra-40-c-extra-nagy-50x70-cm\/#breadcrumb"},"inLanguage":"sk-SK","potentialAction":[{"@type":"ReadAction","target":["https:\/\/hungaroonline.hu\/termek\/thermo-fuggony-kutyahazra-40-c-extra-nagy-50x70-cm\/"]}]},{"@type":"ImageObject","inLanguage":"sk-SK","@id":"https:\/\/hungaroonline.hu\/termek\/thermo-fuggony-kutyahazra-40-c-extra-nagy-50x70-cm\/#primaryimage","url":"https:\/\/hungaroonline.hu\/wp-content\/uploads\/2020\/10\/Thermo-fuggony-3-.jpg","contentUrl":"https:\/\/hungaroonline.hu\/wp-content\/uploads\/2020\/10\/Thermo-fuggony-3-.jpg","width":350,"height":350,"caption":"H\u0151f\u00fcgg\u00f6ny"},{"@type":"BreadcrumbList","@id":"https:\/\/hungaroonline.hu\/termek\/thermo-fuggony-kutyahazra-40-c-extra-nagy-50x70-cm\/#breadcrumb","itemListElement":[{"@type":"ListItem","position":1,"name":"Home","item":"https:\/\/hungaroonline.hu\/"},{"@type":"ListItem","position":2,"name":"\u00dczlet","item":"https:\/\/hungaroonline.hu\/uzlet\/"},{"@type":"ListItem","position":3,"name":"IPARI Thermo F\u00fcgg\u00f6ny -40\u00b0C EXTRA NAGY Kutyah\u00e1zra 44X64"}]},{"@type":"WebSite","@id":"https:\/\/hungaroonline.hu\/#website","url":"https:\/\/hungaroonline.hu\/","name":"HungaroOnline","description":"Psia b\u00fada - Sud - Paletov\u00fd n\u00e1bytok - V\u00fdroba paletov\u00fdch vank\u00fa\u0161ov","publisher":{"@id":"https:\/\/hungaroonline.hu\/#organization"},"potentialAction":[{"@type":"SearchAction","target":{"@type":"EntryPoint","urlTemplate":"https:\/\/hungaroonline.hu\/?s={search_term_string}"},"query-input":{"@type":"PropertyValueSpecification","valueRequired":true,"valueName":"search_term_string"}}],"inLanguage":"sk-SK"},{"@type":"Organization","@id":"https:\/\/hungaroonline.hu\/#organization","name":"HungaroOnline","url":"https:\/\/hungaroonline.hu\/","logo":{"@type":"ImageObject","inLanguage":"sk-SK","@id":"https:\/\/hungaroonline.hu\/#\/schema\/logo\/image\/","url":"https:\/\/hungaroonline.hu\/wp-content\/uploads\/2023\/01\/hungaroonline-footer-logo-color-a.png","contentUrl":"https:\/\/hungaroonline.hu\/wp-content\/uploads\/2023\/01\/hungaroonline-footer-logo-color-a.png","width":970,"height":86,"caption":"HungaroOnline"},"image":{"@id":"https:\/\/hungaroonline.hu\/#\/schema\/logo\/image\/"},"sameAs":["https:\/\/www.facebook.com\/hungaroonline"]}]}},"_links":{"self":[{"href":"https:\/\/hungaroonline.hu\/sk\/wp-json\/wp\/v2\/product\/2178","targetHints":{"allow":["GET"]}}],"collection":[{"href":"https:\/\/hungaroonline.hu\/sk\/wp-json\/wp\/v2\/product"}],"about":[{"href":"https:\/\/hungaroonline.hu\/sk\/wp-json\/wp\/v2\/types\/product"}],"replies":[{"embeddable":true,"href":"https:\/\/hungaroonline.hu\/sk\/wp-json\/wp\/v2\/comments?post=2178"}],"version-history":[{"count":11,"href":"https:\/\/hungaroonline.hu\/sk\/wp-json\/wp\/v2\/product\/2178\/revisions"}],"predecessor-version":[{"id":7586,"href":"https:\/\/hungaroonline.hu\/sk\/wp-json\/wp\/v2\/product\/2178\/revisions\/7586"}],"wp:featuredmedia":[{"embeddable":true,"href":"https:\/\/hungaroonline.hu\/sk\/wp-json\/wp\/v2\/media\/3483"}],"wp:attachment":[{"href":"https:\/\/hungaroonline.hu\/sk\/wp-json\/wp\/v2\/media?parent=2178"}],"wp:term":[{"taxonomy":"product_brand","embeddable":true,"href":"https:\/\/hungaroonline.hu\/sk\/wp-json\/wp\/v2\/product_brand?post=2178"},{"taxonomy":"product_cat","embeddable":true,"href":"https:\/\/hungaroonline.hu\/sk\/wp-json\/wp\/v2\/product_cat?post=2178"},{"taxonomy":"product_tag","embeddable":true,"href":"https:\/\/hungaroonline.hu\/sk\/wp-json\/wp\/v2\/product_tag?post=2178"}],"curies":[{"name":"pracovn\u00fd list","href":"https:\/\/api.w.org\/{rel}","templated":true}]}}