{"id":1666,"date":"2020-05-24T07:48:44","date_gmt":"2020-05-24T05:48:44","guid":{"rendered":"https:\/\/hungaroonline.hempa.hu\/?post_type=product&#038;p=1666"},"modified":"2025-07-24T11:41:14","modified_gmt":"2025-07-24T09:41:14","slug":"dupla-teteju-kutyahaz-kicsi","status":"publish","type":"product","link":"https:\/\/hungaroonline.hu\/sk\/produkt\/dupla-teteju-kutyahaz-kicsi\/","title":{"rendered":"(S) MAL\u00dd B\u00fada pre psa s dvojitou strechou"},"content":{"rendered":"<p>&nbsp;<\/p>\n<p><img decoding=\"async\" class=\"wp-image-6757 aligncenter\" src=\"https:\/\/hungaroonline.hu\/wp-content\/uploads\/2021\/02\/kutyahaz-5-300x300.jpg\" alt=\"\" width=\"214\" height=\"214\" srcset=\"https:\/\/hungaroonline.hu\/wp-content\/uploads\/2021\/02\/kutyahaz-5-300x300.jpg 300w, https:\/\/hungaroonline.hu\/wp-content\/uploads\/2021\/02\/kutyahaz-5-768x768.jpg 768w, https:\/\/hungaroonline.hu\/wp-content\/uploads\/2021\/02\/kutyahaz-5-12x12.jpg 12w, https:\/\/hungaroonline.hu\/wp-content\/uploads\/2021\/02\/kutyahaz-5-600x600.jpg 600w, https:\/\/hungaroonline.hu\/wp-content\/uploads\/2021\/02\/kutyahaz-5-100x100.jpg 100w, https:\/\/hungaroonline.hu\/wp-content\/uploads\/2021\/02\/kutyahaz-5.jpg 960w\" sizes=\"(max-width: 214px) 100vw, 214px\" \/><\/p>\n<p>&nbsp;<\/p>\n<p style=\"text-align: center;\"><strong>U\u017e 15 rokov vyr\u00e1bame v na\u0161ej stol\u00e1rskej dielni kvalitn\u00e9, poveternostne odoln\u00e9 a trv\u00e1cne b\u00fady pre psov!<\/strong><\/p>\n<p>&nbsp;<\/p>\n<p>&nbsp;<\/p>\n<p>&nbsp;<\/p>\n<p><strong><em>Pre\u010do si vybra\u0165 na\u0161e b\u00fady pre psov?<\/em><\/strong><\/p>\n<ul>\n<li>Extra pevn\u00e9!<\/li>\n<li>4 strany b\u00fady pre psa s\u00fa vyroben\u00e9 z 2 cm hrub\u00e9ho tvrd\u00e9ho dreva a vrchn\u00e1 \u010das\u0165 je vyroben\u00e1 z borovicov\u00e9ho dreva!<\/li>\n<li>V\u010faka mas\u00edvnemu dreven\u00e9mu r\u00e1mu je ve\u013emi odoln\u00fd!<\/li>\n<li>Spodok b\u00fady pre psa je zdvihnut\u00fd 6 cm od zeme!<\/li>\n<li>Jeho dizajn je \u00faplne navrhnut\u00fd pre vonkaj\u0161ie pou\u017eitie!<\/li>\n<li>M\u00e1 dvojit\u00fa strechu s f\u00f3liovou izol\u00e1ciou medzi sebou!<\/li>\n<li>Dod\u00e1van\u00e9 zmontovan\u00e9!<\/li>\n<li>Na na\u0161e b\u00fady pre psov poskytujeme z\u00e1ruku 1 rok!<\/li>\n<\/ul>\n<p>&nbsp;<\/p>\n<p>&nbsp;<\/p>\n<p>Ve\u013ekosti:<\/p>\n<p>Vonkaj\u0161ie rozmery: \u0161\u00edrka 50 cm, d\u013a\u017eka 50 cm, v\u00fd\u0161ka 75 cm.<\/p>\n<p>Vn\u00fatorn\u00e9 rozmery: \u0161\u00edrka 45 cm, d\u013a\u017eka 45 cm, v\u00fd\u0161ka 75 cm.<\/p>\n<p>B\u00fada pre psov o\u0161etren\u00e1 lakom!<\/p>\n<p>&nbsp;<\/p>\n<p>&nbsp;<\/p>\n<p><em><strong><b>Napr\u00edklad mal\u00fd dom\u010dek pre psa: <\/b><\/strong>Odpor\u00fa\u010dame pre franc\u00fazskych buldogov, jazve\u010d\u00edkov, west\u00edkov, foxteri\u00e9rov.<\/em><\/p>\n<p>&nbsp;<\/p>\n<p>&nbsp;<\/p>\n<p><em>Psia b\u00fada <strong>ve\u013ekos\u0165 a hmotnos\u0165<\/strong> (40 kg) z d\u00f4vodu prepravn\u00fdch n\u00e1kladov: <strong>8000 HUF<\/strong><\/em><\/p>\n<p>&nbsp;<\/p>\n<p>&nbsp;<\/p>\n<p>&nbsp;<\/p>\n<p><a href=\"https:\/\/hungaroonline.hu\/sk\/dupla-teteju-kutyahaz\/\"><em><strong>VIAC OBR\u00c1ZKOV TU<\/strong><\/em><\/a><\/p>\n<p>&nbsp;<\/p>\n<p>&nbsp;<\/p>","protected":false},"excerpt":{"rendered":"<p><em><strong>V\u00fdrobok vyroben\u00fd stol\u00e1rmi!<\/strong><\/em><\/p>\n<p>Ve\u013emi pevn\u00e9!<\/p>\n<p>Dodacia lehota: 8-10 pracovn\u00fdch dn\u00ed!<\/p>","protected":false},"featured_media":1699,"comment_status":"closed","ping_status":"closed","template":"","meta":[],"product_brand":[],"product_cat":[83,43],"product_tag":[],"class_list":{"0":"post-1666","1":"product","2":"type-product","3":"status-publish","4":"has-post-thumbnail","6":"product_cat-extra-massziv-dupla-teteju","7":"product_cat-kutyahazak-tobb-meretben","8":"product_shipping_class-kutyahaz-extra-nagy5","10":"first","11":"instock","12":"purchasable","13":"product-type-simple"},"yoast_head":"<!-- This site is optimized with the Yoast SEO plugin v26.6 - https:\/\/yoast.com\/wordpress\/plugins\/seo\/ -->\n<title>(S) KICSI dupla tetej\u0171 kutyah\u00e1z - HungaroOnline<\/title>\n<meta name=\"description\" content=\"KUTYAH\u00c1ZAINK FONTOS JELLEMZ\u0150I: Asztalosok \u00e1ltal elk\u00e9sz\u00edtett term\u00e9k! A kutyah\u00e1zat oldal\u00e1t 2 cm\u00a0kem\u00e9nyf\u00e1b\u00f3l\u00a0 k\u00e9sz\u00edtj\u00fck! T\u00f6m\u00f6r fav\u00e1z\u00e1nak k\u00f6sz\u00f6nhet\u0151en nagyon\u00a0 strapab\u00edr\u00f3! A kutyah\u00e1z feneke 6\u00a0cm-re el van emelve a f\u00f6ldt\u0151l! Szigetel\u00e9s vastags\u00e1ga 2 cm, plusz fabor\u00edt\u00e1s! Oldalfala \u00e9s az alja egyar\u00e1nt szigetelve van! A kialak\u00edt\u00e1sa teljesen k\u00fclt\u00e9ri haszn\u00e1latra van tervezve! Dupla teteje van ami k\u00f6z\u00f6tt f\u00f3lia szigetel\u00e9s tal\u00e1lhat\u00f3! \u00d6sszeszerelt \u00e1llapotban\u00a0sz\u00e1ll\u00edtjuk! 1 \u00e9v j\u00f3t\u00e1ll\u00e1ssal, sz\u00e1ml\u00e1val!\" \/>\n<meta name=\"robots\" content=\"index, follow, max-snippet:-1, max-image-preview:large, max-video-preview:-1\" \/>\n<link rel=\"canonical\" href=\"https:\/\/hungaroonline.hu\/sk\/produkt\/dupla-teteju-kutyahaz-kicsi\/\" \/>\n<meta property=\"og:locale\" content=\"sk_SK\" \/>\n<meta property=\"og:type\" content=\"article\" \/>\n<meta property=\"og:title\" content=\"Kicsi dupla tetej\u0171 kutyah\u00e1z\" \/>\n<meta property=\"og:description\" content=\"Dupla tet\u00f6s kutyah\u00e1zunk nagyon massz\u00edv, t\u00f6lgyf\u00e1b\u00f3l gy\u00e1rtjuk.\" \/>\n<meta property=\"og:url\" content=\"https:\/\/hungaroonline.hu\/sk\/produkt\/dupla-teteju-kutyahaz-kicsi\/\" \/>\n<meta property=\"og:site_name\" content=\"HungaroOnline\" \/>\n<meta property=\"article:publisher\" content=\"https:\/\/www.facebook.com\/hungaroonline\" \/>\n<meta property=\"article:modified_time\" content=\"2025-07-24T09:41:14+00:00\" \/>\n<meta property=\"og:image\" content=\"https:\/\/hungaroonline.hu\/wp-content\/uploads\/2020\/10\/kutyahaz-5.jpg\" \/>\n\t<meta property=\"og:image:width\" content=\"960\" \/>\n\t<meta property=\"og:image:height\" content=\"960\" \/>\n\t<meta property=\"og:image:type\" content=\"image\/jpeg\" \/>\n<meta name=\"twitter:card\" content=\"summary_large_image\" \/>\n<meta name=\"twitter:label1\" content=\"Predpokladan\u00fd \u010das \u010d\u00edtania\" \/>\n\t<meta name=\"twitter:data1\" content=\"2 min\u00faty\" \/>\n<script type=\"application\/ld+json\" class=\"yoast-schema-graph\">{\"@context\":\"https:\/\/schema.org\",\"@graph\":[{\"@type\":\"WebPage\",\"@id\":\"https:\/\/hungaroonline.hu\/termek\/dupla-teteju-kutyahaz-kicsi\/\",\"url\":\"https:\/\/hungaroonline.hu\/termek\/dupla-teteju-kutyahaz-kicsi\/\",\"name\":\"(S) KICSI dupla tetej\u0171 kutyah\u00e1z - HungaroOnline\",\"isPartOf\":{\"@id\":\"https:\/\/hungaroonline.hu\/#website\"},\"primaryImageOfPage\":{\"@id\":\"https:\/\/hungaroonline.hu\/termek\/dupla-teteju-kutyahaz-kicsi\/#primaryimage\"},\"image\":{\"@id\":\"https:\/\/hungaroonline.hu\/termek\/dupla-teteju-kutyahaz-kicsi\/#primaryimage\"},\"thumbnailUrl\":\"https:\/\/hungaroonline.hu\/wp-content\/uploads\/2020\/05\/UjKutyahaz01.jpg\",\"datePublished\":\"2020-05-24T05:48:44+00:00\",\"dateModified\":\"2025-07-24T09:41:14+00:00\",\"description\":\"KUTYAH\u00c1ZAINK FONTOS JELLEMZ\u0150I: Asztalosok \u00e1ltal elk\u00e9sz\u00edtett term\u00e9k! A kutyah\u00e1zat oldal\u00e1t 2 cm\u00a0kem\u00e9nyf\u00e1b\u00f3l\u00a0 k\u00e9sz\u00edtj\u00fck! T\u00f6m\u00f6r fav\u00e1z\u00e1nak k\u00f6sz\u00f6nhet\u0151en nagyon\u00a0 strapab\u00edr\u00f3! A kutyah\u00e1z feneke 6\u00a0cm-re el van emelve a f\u00f6ldt\u0151l! Szigetel\u00e9s vastags\u00e1ga 2 cm, plusz fabor\u00edt\u00e1s! Oldalfala \u00e9s az alja egyar\u00e1nt szigetelve van! A kialak\u00edt\u00e1sa teljesen k\u00fclt\u00e9ri haszn\u00e1latra van tervezve! Dupla teteje van ami k\u00f6z\u00f6tt f\u00f3lia szigetel\u00e9s tal\u00e1lhat\u00f3! \u00d6sszeszerelt \u00e1llapotban\u00a0sz\u00e1ll\u00edtjuk! 1 \u00e9v j\u00f3t\u00e1ll\u00e1ssal, sz\u00e1ml\u00e1val!\",\"breadcrumb\":{\"@id\":\"https:\/\/hungaroonline.hu\/termek\/dupla-teteju-kutyahaz-kicsi\/#breadcrumb\"},\"inLanguage\":\"sk-SK\",\"potentialAction\":[{\"@type\":\"ReadAction\",\"target\":[\"https:\/\/hungaroonline.hu\/termek\/dupla-teteju-kutyahaz-kicsi\/\"]}]},{\"@type\":\"ImageObject\",\"inLanguage\":\"sk-SK\",\"@id\":\"https:\/\/hungaroonline.hu\/termek\/dupla-teteju-kutyahaz-kicsi\/#primaryimage\",\"url\":\"https:\/\/hungaroonline.hu\/wp-content\/uploads\/2020\/05\/UjKutyahaz01.jpg\",\"contentUrl\":\"https:\/\/hungaroonline.hu\/wp-content\/uploads\/2020\/05\/UjKutyahaz01.jpg\",\"width\":2370,\"height\":2370},{\"@type\":\"BreadcrumbList\",\"@id\":\"https:\/\/hungaroonline.hu\/termek\/dupla-teteju-kutyahaz-kicsi\/#breadcrumb\",\"itemListElement\":[{\"@type\":\"ListItem\",\"position\":1,\"name\":\"Home\",\"item\":\"https:\/\/hungaroonline.hu\/\"},{\"@type\":\"ListItem\",\"position\":2,\"name\":\"\u00dczlet\",\"item\":\"https:\/\/hungaroonline.hu\/uzlet\/\"},{\"@type\":\"ListItem\",\"position\":3,\"name\":\"(S) KICSI dupla tetej\u0171 kutyah\u00e1z\"}]},{\"@type\":\"WebSite\",\"@id\":\"https:\/\/hungaroonline.hu\/#website\",\"url\":\"https:\/\/hungaroonline.hu\/\",\"name\":\"HungaroOnline\",\"description\":\"Kutyah\u00e1z - Hord\u00f3 - Raklap b\u00fator - Raklapp\u00e1rna Gy\u00e1rt\u00e1sa\",\"publisher\":{\"@id\":\"https:\/\/hungaroonline.hu\/#organization\"},\"potentialAction\":[{\"@type\":\"SearchAction\",\"target\":{\"@type\":\"EntryPoint\",\"urlTemplate\":\"https:\/\/hungaroonline.hu\/?s={search_term_string}\"},\"query-input\":{\"@type\":\"PropertyValueSpecification\",\"valueRequired\":true,\"valueName\":\"search_term_string\"}}],\"inLanguage\":\"sk-SK\"},{\"@type\":\"Organization\",\"@id\":\"https:\/\/hungaroonline.hu\/#organization\",\"name\":\"HungaroOnline\",\"url\":\"https:\/\/hungaroonline.hu\/\",\"logo\":{\"@type\":\"ImageObject\",\"inLanguage\":\"sk-SK\",\"@id\":\"https:\/\/hungaroonline.hu\/#\/schema\/logo\/image\/\",\"url\":\"https:\/\/hungaroonline.hu\/wp-content\/uploads\/2023\/01\/hungaroonline-footer-logo-color-a.png\",\"contentUrl\":\"https:\/\/hungaroonline.hu\/wp-content\/uploads\/2023\/01\/hungaroonline-footer-logo-color-a.png\",\"width\":970,\"height\":86,\"caption\":\"HungaroOnline\"},\"image\":{\"@id\":\"https:\/\/hungaroonline.hu\/#\/schema\/logo\/image\/\"},\"sameAs\":[\"https:\/\/www.facebook.com\/hungaroonline\"]}]}<\/script>\n<!-- \/ Yoast SEO plugin. -->","yoast_head_json":{"title":"(S) KICSI dupla tetej\u0171 kutyah\u00e1z - HungaroOnline","description":"KUTYAH\u00c1ZAINK FONTOS JELLEMZ\u0150I: Asztalosok \u00e1ltal elk\u00e9sz\u00edtett term\u00e9k! A kutyah\u00e1zat oldal\u00e1t 2 cm\u00a0kem\u00e9nyf\u00e1b\u00f3l\u00a0 k\u00e9sz\u00edtj\u00fck! T\u00f6m\u00f6r fav\u00e1z\u00e1nak k\u00f6sz\u00f6nhet\u0151en nagyon\u00a0 strapab\u00edr\u00f3! A kutyah\u00e1z feneke 6\u00a0cm-re el van emelve a f\u00f6ldt\u0151l! Szigetel\u00e9s vastags\u00e1ga 2 cm, plusz fabor\u00edt\u00e1s! Oldalfala \u00e9s az alja egyar\u00e1nt szigetelve van! A kialak\u00edt\u00e1sa teljesen k\u00fclt\u00e9ri haszn\u00e1latra van tervezve! Dupla teteje van ami k\u00f6z\u00f6tt f\u00f3lia szigetel\u00e9s tal\u00e1lhat\u00f3! \u00d6sszeszerelt \u00e1llapotban\u00a0sz\u00e1ll\u00edtjuk! 1 \u00e9v j\u00f3t\u00e1ll\u00e1ssal, sz\u00e1ml\u00e1val!","robots":{"index":"index","follow":"follow","max-snippet":"max-snippet:-1","max-image-preview":"max-image-preview:large","max-video-preview":"max-video-preview:-1"},"canonical":"https:\/\/hungaroonline.hu\/sk\/produkt\/dupla-teteju-kutyahaz-kicsi\/","og_locale":"sk_SK","og_type":"article","og_title":"Kicsi dupla tetej\u0171 kutyah\u00e1z","og_description":"Dupla tet\u00f6s kutyah\u00e1zunk nagyon massz\u00edv, t\u00f6lgyf\u00e1b\u00f3l gy\u00e1rtjuk.","og_url":"https:\/\/hungaroonline.hu\/sk\/produkt\/dupla-teteju-kutyahaz-kicsi\/","og_site_name":"HungaroOnline","article_publisher":"https:\/\/www.facebook.com\/hungaroonline","article_modified_time":"2025-07-24T09:41:14+00:00","og_image":[{"width":960,"height":960,"url":"https:\/\/hungaroonline.hu\/wp-content\/uploads\/2020\/10\/kutyahaz-5.jpg","type":"image\/jpeg"}],"twitter_card":"summary_large_image","twitter_misc":{"Predpokladan\u00fd \u010das \u010d\u00edtania":"2 min\u00faty"},"schema":{"@context":"https:\/\/schema.org","@graph":[{"@type":"WebPage","@id":"https:\/\/hungaroonline.hu\/termek\/dupla-teteju-kutyahaz-kicsi\/","url":"https:\/\/hungaroonline.hu\/termek\/dupla-teteju-kutyahaz-kicsi\/","name":"(S) KICSI dupla tetej\u0171 kutyah\u00e1z - HungaroOnline","isPartOf":{"@id":"https:\/\/hungaroonline.hu\/#website"},"primaryImageOfPage":{"@id":"https:\/\/hungaroonline.hu\/termek\/dupla-teteju-kutyahaz-kicsi\/#primaryimage"},"image":{"@id":"https:\/\/hungaroonline.hu\/termek\/dupla-teteju-kutyahaz-kicsi\/#primaryimage"},"thumbnailUrl":"https:\/\/hungaroonline.hu\/wp-content\/uploads\/2020\/05\/UjKutyahaz01.jpg","datePublished":"2020-05-24T05:48:44+00:00","dateModified":"2025-07-24T09:41:14+00:00","description":"KUTYAH\u00c1ZAINK FONTOS JELLEMZ\u0150I: Asztalosok \u00e1ltal elk\u00e9sz\u00edtett term\u00e9k! A kutyah\u00e1zat oldal\u00e1t 2 cm\u00a0kem\u00e9nyf\u00e1b\u00f3l\u00a0 k\u00e9sz\u00edtj\u00fck! T\u00f6m\u00f6r fav\u00e1z\u00e1nak k\u00f6sz\u00f6nhet\u0151en nagyon\u00a0 strapab\u00edr\u00f3! A kutyah\u00e1z feneke 6\u00a0cm-re el van emelve a f\u00f6ldt\u0151l! Szigetel\u00e9s vastags\u00e1ga 2 cm, plusz fabor\u00edt\u00e1s! Oldalfala \u00e9s az alja egyar\u00e1nt szigetelve van! A kialak\u00edt\u00e1sa teljesen k\u00fclt\u00e9ri haszn\u00e1latra van tervezve! Dupla teteje van ami k\u00f6z\u00f6tt f\u00f3lia szigetel\u00e9s tal\u00e1lhat\u00f3! \u00d6sszeszerelt \u00e1llapotban\u00a0sz\u00e1ll\u00edtjuk! 1 \u00e9v j\u00f3t\u00e1ll\u00e1ssal, sz\u00e1ml\u00e1val!","breadcrumb":{"@id":"https:\/\/hungaroonline.hu\/termek\/dupla-teteju-kutyahaz-kicsi\/#breadcrumb"},"inLanguage":"sk-SK","potentialAction":[{"@type":"ReadAction","target":["https:\/\/hungaroonline.hu\/termek\/dupla-teteju-kutyahaz-kicsi\/"]}]},{"@type":"ImageObject","inLanguage":"sk-SK","@id":"https:\/\/hungaroonline.hu\/termek\/dupla-teteju-kutyahaz-kicsi\/#primaryimage","url":"https:\/\/hungaroonline.hu\/wp-content\/uploads\/2020\/05\/UjKutyahaz01.jpg","contentUrl":"https:\/\/hungaroonline.hu\/wp-content\/uploads\/2020\/05\/UjKutyahaz01.jpg","width":2370,"height":2370},{"@type":"BreadcrumbList","@id":"https:\/\/hungaroonline.hu\/termek\/dupla-teteju-kutyahaz-kicsi\/#breadcrumb","itemListElement":[{"@type":"ListItem","position":1,"name":"Home","item":"https:\/\/hungaroonline.hu\/"},{"@type":"ListItem","position":2,"name":"\u00dczlet","item":"https:\/\/hungaroonline.hu\/uzlet\/"},{"@type":"ListItem","position":3,"name":"(S) KICSI dupla tetej\u0171 kutyah\u00e1z"}]},{"@type":"WebSite","@id":"https:\/\/hungaroonline.hu\/#website","url":"https:\/\/hungaroonline.hu\/","name":"HungaroOnline","description":"Psia b\u00fada - Sud - Paletov\u00fd n\u00e1bytok - V\u00fdroba paletov\u00fdch vank\u00fa\u0161ov","publisher":{"@id":"https:\/\/hungaroonline.hu\/#organization"},"potentialAction":[{"@type":"SearchAction","target":{"@type":"EntryPoint","urlTemplate":"https:\/\/hungaroonline.hu\/?s={search_term_string}"},"query-input":{"@type":"PropertyValueSpecification","valueRequired":true,"valueName":"search_term_string"}}],"inLanguage":"sk-SK"},{"@type":"Organization","@id":"https:\/\/hungaroonline.hu\/#organization","name":"HungaroOnline","url":"https:\/\/hungaroonline.hu\/","logo":{"@type":"ImageObject","inLanguage":"sk-SK","@id":"https:\/\/hungaroonline.hu\/#\/schema\/logo\/image\/","url":"https:\/\/hungaroonline.hu\/wp-content\/uploads\/2023\/01\/hungaroonline-footer-logo-color-a.png","contentUrl":"https:\/\/hungaroonline.hu\/wp-content\/uploads\/2023\/01\/hungaroonline-footer-logo-color-a.png","width":970,"height":86,"caption":"HungaroOnline"},"image":{"@id":"https:\/\/hungaroonline.hu\/#\/schema\/logo\/image\/"},"sameAs":["https:\/\/www.facebook.com\/hungaroonline"]}]}},"_links":{"self":[{"href":"https:\/\/hungaroonline.hu\/sk\/wp-json\/wp\/v2\/product\/1666","targetHints":{"allow":["GET"]}}],"collection":[{"href":"https:\/\/hungaroonline.hu\/sk\/wp-json\/wp\/v2\/product"}],"about":[{"href":"https:\/\/hungaroonline.hu\/sk\/wp-json\/wp\/v2\/types\/product"}],"replies":[{"embeddable":true,"href":"https:\/\/hungaroonline.hu\/sk\/wp-json\/wp\/v2\/comments?post=1666"}],"version-history":[{"count":13,"href":"https:\/\/hungaroonline.hu\/sk\/wp-json\/wp\/v2\/product\/1666\/revisions"}],"predecessor-version":[{"id":7347,"href":"https:\/\/hungaroonline.hu\/sk\/wp-json\/wp\/v2\/product\/1666\/revisions\/7347"}],"wp:featuredmedia":[{"embeddable":true,"href":"https:\/\/hungaroonline.hu\/sk\/wp-json\/wp\/v2\/media\/1699"}],"wp:attachment":[{"href":"https:\/\/hungaroonline.hu\/sk\/wp-json\/wp\/v2\/media?parent=1666"}],"wp:term":[{"taxonomy":"product_brand","embeddable":true,"href":"https:\/\/hungaroonline.hu\/sk\/wp-json\/wp\/v2\/product_brand?post=1666"},{"taxonomy":"product_cat","embeddable":true,"href":"https:\/\/hungaroonline.hu\/sk\/wp-json\/wp\/v2\/product_cat?post=1666"},{"taxonomy":"product_tag","embeddable":true,"href":"https:\/\/hungaroonline.hu\/sk\/wp-json\/wp\/v2\/product_tag?post=1666"}],"curies":[{"name":"pracovn\u00fd list","href":"https:\/\/api.w.org\/{rel}","templated":true}]}}