{"id":309,"date":"2019-06-12T12:06:21","date_gmt":"2019-06-12T12:06:21","guid":{"rendered":"https:\/\/hungaroonline.hempa.hu\/?page_id=309"},"modified":"2025-01-29T17:55:32","modified_gmt":"2025-01-29T16:55:32","slug":"aszf","status":"publish","type":"page","link":"https:\/\/hungaroonline.hu\/sk\/aszf\/","title":{"rendered":"VOP"},"content":{"rendered":"<p><a href=\"https:\/\/hungaroonline.hu\/wp-content\/uploads\/2020\/11\/HUNGAROONLINE-ASZF-f.pdf\">V\u0161eobecn\u00e9 podmienky<\/a><\/p>\n\n\n\n<p><\/p>\n\n\n\n<p><strong><u>D\u00d4LE\u017dIT\u00c9!!!&nbsp;<\/u><\/strong>Ak u\u017e nie je aktu\u00e1lny alebo ste si to rozmysleli, ozn\u00e1mte n\u00e1m to vopred na tomto telef\u00f3nnom \u010d\u00edsle&nbsp;<strong>+36706361980<\/strong>&nbsp;posadnutos\u0165&nbsp;<a href=\"mailto:hungaroonlinekft@gmail.com\" target=\"_blank\" rel=\"noreferrer noopener\">hungaroonlinekft@gmail.com<\/a>&nbsp;na emailovej adrese!<\/p>\n\n\n\n<p><strong><u>PLATOBN\u00c1 POVINNOS\u0164<\/u><\/strong>\u00a0Plat\u00ed to aj vtedy, ak kuri\u00e9rska slu\u017eba (pri MPL)\u00a0\u00a0<strong><u>ODMIETNU\u0164 PREVZATIE BAL\u00cdKA!!!\u00a0<\/u><\/strong>\u00a0V ka\u017edom pr\u00edpade to m\u00f4\u017eete urobi\u0165 na t\u00fdchto kontaktoch\u00a0<strong>+36706361980\u00a0\u00a0<\/strong>posadnutos\u0165\u00a0\u00a0<a href=\"mailto:hungaroonlinekft@gmail.com\" target=\"_blank\" rel=\"noreferrer noopener\">hungaroonlinekft@gmail.com<\/a>\u00a0 na emailovej adrese\u00a0\u00a0<strong><u>MUSIE\u0164<\/u><\/strong>\u00a0 dajte n\u00e1m vedie\u0165!<\/p>\n\n\n\n<p>Ak n\u00e1m neozn\u00e1mite svoj \u00famysel zru\u0161i\u0165&nbsp;<strong><u>MUSIE\u0164<\/u><\/strong>&nbsp;preplati\u0165 prepravn\u00e9 n\u00e1klady&nbsp;<strong><u>Vl\u00e1da 45\/2014. (II. 26.) Nariadenie vl\u00e1dy na z\u00e1klade z\u00e1kona o zmluv\u00e1ch medzi spotrebite\u013eom a podnikate\u013eom!!!<\/u><\/strong> <\/p>\n\n\n\n<p><strong>\u00c1FSZ zmluvu akceptoval a vzal na vedomie<\/strong> <strong>povinnos\u0165!!!<\/strong><\/p>\n\n\n\n<p><\/p>\n\n\n\n<p><\/p>\n\n\n\n<p><\/p>\n\n\n\n<p><strong>Tovar nie je mo\u017en\u00e9 prevzia\u0165 ani s n\u00edm osobne manipulova\u0165!<\/strong><\/p>\n\n\n\n<p><\/p>\n\n\n\n<p>1. V\u00fdrobca je v\u00fdhradn\u00fdm vlastn\u00edkom v\u00fdrobku.&nbsp;<\/p>\n\n\n\n<p>2. B\u00fadu pre psa, ktor\u00fa u\u017e kupuj\u00faci m\u00e1 <strong>zostaven\u00e9<\/strong> nem\u00f4\u017eeme vymeni\u0165 ani vr\u00e1ti\u0165 cenu!&nbsp;<\/p>\n\n\n\n<p>3. Nevhodn\u00e9 pre v\u00e1\u0161ho psa <strong>ve\u013ekos\u0165 b\u00fady pre psa<\/strong> a <strong>Termo z\u00e1clona<\/strong> objedn\u00e1vky, nevieme vymeni\u0165 ani vr\u00e1ti\u0165 cenu b\u00fady pre psa, rozmery b\u00fad pre psa <strong>s\u00fa uveden\u00e9!<\/strong> Pozorne si pre\u010d\u00edtajte a <strong>mysli na rozmery!&nbsp;<\/strong><\/p>\n\n\n\n<p>4. V\u00fdrobca garantuje, \u017ee bude distrib\u00fatorovi sl\u00fa\u017ei\u0165 s maxim\u00e1lnou v\u00fdrobnou kapacitou a dodr\u017ean\u00edm pr\u00edslu\u0161n\u00fdch kvalitat\u00edvnych po\u017eiadaviek.&nbsp;<\/p>\n\n\n\n<p>5. A&nbsp;<a href=\"https:\/\/hungaroonline.hu\/sk\/\" target=\"_blank\" rel=\"noreferrer noopener\">hungaroonline.hu<\/a>&nbsp;Produkty pred\u00e1van\u00e9 na str\u00e1nke vyr\u00e1baj\u00fa zmluvn\u00ed v\u00fdrobcovia!&nbsp;<\/p>\n\n\n\n<p>6. Za ka\u017ed\u00fd produkt pred\u00e1van\u00fd na hungaroonline.hu je v\u00fdrobca zodpovedn\u00fd za spr\u00e1vnu kvalitu, balenie a dodanie produktu.&nbsp;<\/p>\n\n\n\n<p>7. Hungaroonline.hu, B.HungaroOnline Kft vystav\u00ed z\u00e1kazn\u00edkovi fakt\u00faru za ka\u017ed\u00fd produkt objednan\u00fd v internetovom obchode na hungaroonline.hu!&nbsp;<\/p>\n\n\n\n<p>8. Cena produktov v internetovom obchode nezah\u0155\u0148a <strong>DPH<\/strong>! <strong>Ceny AAM!<\/strong><\/p>\n\n\n\n<p>9. V\u00fdrobca sa zav\u00e4zuje objednan\u00fd produkt v de\u0148 objedn\u00e1vky, maxim\u00e1lne v\u0161ak do 5-12 pracovn\u00fdch dn\u00ed, bezpe\u010dne zabali\u0165 a odovzda\u0165 kuri\u00e9rskej slu\u017ebe.&nbsp;<br>10. V\u00fdrobca preber\u00e1 zodpovednos\u0165 za po\u0161kodenie alebo rozbitie sp\u00f4soben\u00e9 nevhodn\u00fdm balen\u00edm!&nbsp;<\/p>\n\n\n\n<p>11. Cena dopravy je ur\u010den\u00e1 hmotnos\u0165ou a ve\u013ekos\u0165ou produktov!&nbsp;<\/p>\n\n\n\n<p>12. V\u00ddROBCA PREBER\u00c1 Z\u00c1RUKU ZA AK\u00ddKO\u013dVEK PROBL\u00c9M S\u00daVISIACE S KVALITOU AK\u00c9HOKO\u013dVEK PRODUKTU S\u00daVISIACEHO S KVALITOU!&nbsp;<\/p>\n\n\n\n<p>13. Ak\u00e1ko\u013evek objedn\u00e1vka z internetov\u00e9ho obchodu Hungaroonline.hu bez osobitn\u00e9ho od\u00f4vodnenia <strong>m\u00f4\u017ee\u0161 to vymaza\u0165!<\/strong><\/p>\n\n\n\n<p>14. <strong>Z\u00e1ruka<\/strong><em>: Jeden rok.<\/em><\/p>\n\n\n\n<p>15. <strong>V tomto pr\u00edpade nem\u00f4\u017eete pou\u017ei\u0165 z\u00e1ruku:<\/strong><\/p>\n\n\n\n<p><em>-nere\u0161pektovanie n\u00e1vodu na pou\u017eitie a zaobch\u00e1dzanie!<\/em><\/p>\n\n\n\n<p><em>- nespr\u00e1vne skladovanie, nespr\u00e1vna manipul\u00e1cia, po\u0161kodenie, \u017euvanie!<\/em><strong><em><\/em><\/strong><\/p>\n\n\n\n<p><strong><em>&#8211;<\/em><\/strong><em>\u017eiveln\u00e1 \u0161koda sp\u00f4soben\u00e1 pr\u00edrodnou katastrofou!<\/em><\/p>\n\n\n\n<p><em>-bez povrchovej \u00fapravy minim\u00e1lne 2x!<\/em><\/p>\n\n\n\n<p><em>- nespr\u00e1vna mont\u00e1\u017e!<\/em><\/p>\n\n\n\n<p><em>- nespr\u00e1vny v\u00fdber ve\u013ekosti!<\/em><\/p>\n\n\n\n<p><strong>Po zak\u00fapen\u00ed spolo\u010dnos\u0165 AFSZ akceptovala a vzala na vedomie obchodn\u00e9 podmienky s\u00favisiace so z\u00e1rukou<em>!<\/em><\/strong><\/p>\n\n\n\n<p><strong><em>Burj\u00e1nHungary Kft<\/em><\/strong><\/p>\n\n\n\n<p>Registra\u010dn\u00e9 \u010d\u00edslo spolo\u010dnosti: <strong>06-09-027651<\/strong><\/p>\n\n\n\n<p>S\u00eddlo: 6914 Pitvaros Mez\u0151hegyesi \u00fat 22.<\/p>\n\n\n\n<p>Po\u0161tov\u00e1 adresa: 6914 Pitvaros Mez\u0151hegyesi \u00fat 22.<\/p>\n\n\n\n<p>Webstr\u00e1nka:&nbsp;<a href=\"http:\/\/www.hungaroonlin.hu\/\" target=\"_blank\" rel=\"noreferrer noopener\">www.hungaoonlin.hu<\/a><\/p>\n\n\n\n<p>Da\u0148ov\u00e9 identifika\u010dn\u00e9 \u010d\u00edslo: <strong>27731464-1-06.<\/strong><\/p>\n\n\n\n<p>Verejn\u00e9 da\u0148ov\u00e9 identifika\u010dn\u00e9 \u010d\u00edslo: <strong>HU27731464.<\/strong><\/p>\n\n\n\n<p>Telef\u00f3n: +36706361980<\/p>\n\n\n\n<p>E-mail:&nbsp;<a href=\"mailto:hungaroonlinekft@gmail.com\" target=\"_blank\" rel=\"noreferrer noopener\">hungaroonlinekft@gmail.com<\/a><\/p>\n\n\n\n<p><br>K&amp;H Bank zrt. <strong>HU50 10402829-50526954-78511008<\/strong><\/p>\n\n\n\n<p><\/p>\n\n\n\n<p>16. <em><strong>Z\u00e1hradn\u00fd n\u00e1bytok vieme doru\u010di\u0165 po celej SR s dod\u00e1vkou na EUR palety, vzh\u013eadom na jeho nadrozmern\u00e9 rozmery a hmotnos\u0165 je po\u0161tovn\u00e9 25 000 HUF!<\/strong><\/em><\/p>\n\n\n\n<p><em><strong>Na jednej EUR palete vieme doda\u0165 cca 6-7 kusov zmontovan\u00e9ho z\u00e1hradn\u00e9ho n\u00e1bytku!<\/strong><\/em><\/p>\n\n\n\n<p>17. <strong>Pr\u00e1vnick\u00e9 osoby nem\u00f4\u017eu uplatni\u0165 14-d\u0148ov\u00e9 pr\u00e1vo na odst\u00fapenie od zmluvy pod\u013ea \u010dl.45\/2014. (II. 26.) V zmysle ustanoven\u00ed nariadenia vl\u00e1dy, Ob\u010dianskeho z\u00e1konn\u00edka. 8:1. Pod\u013ea \u00a7 3 nie je spotrebite\u013eom in\u00e1 ako fyzick\u00e1 osoba konaj\u00faca mimo r\u00e1mca svojho povolania, samostatn\u00e9ho povolania alebo podnikate\u013eskej \u010dinnosti, t. j. pr\u00e1vnick\u00e9 osoby a firmy nemaj\u00fa pr\u00e1vo na odst\u00fapenie od zmluvy.<\/strong><\/p>\n\n\n\n<p><strong>Sp\u00f4sob vybavenia n\u00e1mietky zo strany podniku: Zamietnut\u00e9<\/strong><\/p>\n\n\n\n<p><strong>Pr\u00e1vnick\u00e9 osoby nem\u00f4\u017eu uplatni\u0165 14-d\u0148ov\u00e9 pr\u00e1vo na odst\u00fapenie od zmluvy pod\u013ea \u010dl.45\/2014. (II. 26.) V zmysle ustanoven\u00ed nariadenia vl\u00e1dy.<\/strong>&nbsp;&nbsp;<br><br><strong>Ob\u010diansky z\u00e1konn\u00edk 8:1. Pod\u013ea \u00a7 3 nie je spotrebite\u013eom in\u00e1 ako fyzick\u00e1 osoba konaj\u00faca mimo r\u00e1mca svojho povolania, samostatn\u00e9ho povolania alebo podnikate\u013eskej \u010dinnosti, t. j. pr\u00e1vnick\u00e9 osoby a firmy nemaj\u00fa pr\u00e1vo na odst\u00fapenie od zmluvy.<\/strong><\/p>\n\n\n\n<p><a href=\"https:\/\/hungaroonline.hempa.hu\/wp-content\/uploads\/2022\/09\/HUNGAROONLINE-ASZF-f-5.pdf\"><strong>\u00daPLN\u00dd POPIS \u00c1FSZ TU<\/strong><\/a>:<\/p>\n\n\n\n<p><\/p>\n\n\n\n<p><strong><a href=\"https:\/\/hungaroonline.hu\/wp-content\/uploads\/2023\/10\/MK14030.pdf\">45\/2014. (II. 26.) Vl\u00e1d. \u00daprava zml\u00fav medzi spotrebite\u013eom a podnikate\u013eom tu:<\/a><\/strong><\/p>\n\n\n\n<p><\/p>\n\n\n\n<p><\/p>\n\n\n\n<figure class=\"wp-block-gallery has-nested-images columns-default is-cropped wp-block-gallery-1 is-layout-flex wp-block-gallery-is-layout-flex\"><\/figure>\n\n\n\n<p><\/p>\n\n\n\n<p><\/p>\n\n\n\n<p><strong>ONLINE PLATBA BANKOVOU KARTOU \u00c1FSZ-OFSZ<\/strong>:<\/p>\n\n\n\n<p><strong>Bezpe\u010dn\u00e9:<\/strong>&nbsp;m\u00f4\u017eete si presne skontrolova\u0165, od koho nakupujete a va\u0161e peniaze je mo\u017en\u00e9 sledova\u0165: m\u00f4\u017eete si od svojej banky vy\u017eiada\u0165 SMS s upozornen\u00edm na transakcie a svoje v\u00fddavky si m\u00f4\u017eete skontrolova\u0165 aj na svojom bankovom v\u00fdpise.<\/p>\n\n\n\n<p><strong>Bezplatn\u00e1 platba:<\/strong>&nbsp;za online platbu bankovou kartou sa neplat\u00ed \u017eiadny osobitn\u00fd poplatok.<\/p>\n\n\n\n<p><strong>Bezplatn\u00e9 vr\u00e1tenie tovaru:<\/strong>&nbsp;bez oh\u013eadu na sp\u00f4sob platby, ktor\u00fd si vyberiete, m\u00f4\u017eete produkty pred\u00e1van\u00e9 Hungaroonline.hu bezplatne vr\u00e1ti\u0165 do 30 dn\u00ed bez udania d\u00f4vodu<sup>*<\/sup>, samozrejme aj v pr\u00edpade online platby bankovou kartou (a k\u00fapna cena bude vr\u00e1ten\u00e1 produktom do 14 dn\u00ed od ich pr\u00edchodu na sklad!<\/p>\n\n\n\n<ul class=\"wp-block-list\">\n<li>Ulo\u017ete si svoju kartu, aby ste pri \u010fal\u0161ej platbe online nemuseli znova zad\u00e1va\u0165 v\u0161etky jej \u00fadaje.<\/li>\n\n\n\n<li>Vyberte si zo sp\u00f4sobov platby a kliknite na tla\u010didlo &quot;Objedna\u0165&quot;. Platba prebehne automaticky.<\/li>\n<\/ul>\n\n\n\n<p>Typy bankov\u00fdch kariet akceptovan\u00e9 na online platby s\u00fa: VISA (Classic a Electron), Maestro a Mastercard. Ak toto nem\u00e1 k\u00f3d CVV2\/CVC2, pr\u00edslu\u0161n\u00e9 pole mus\u00ed by\u0165 vyplnen\u00e9 fikt\u00edvnymi hodnotami.<\/p>\n\n\n\n<p>Je d\u00f4le\u017eit\u00e9 vedie\u0165, \u017ee za objedn\u00e1vku sa ne\u00fa\u010dtuje \u017eiadny transak\u010dn\u00fd poplatok! Hungaroonline.hu garantuje bezpe\u010dnos\u0165 platieb!<\/p>\n\n\n\n<p>Ak va\u0161a bankov\u00e1 karta nie je zalo\u017een\u00e1 na HUF, suma bude odpo\u010d\u00edtan\u00e1 pod\u013ea denn\u00e9ho v\u00fdmenn\u00e9ho kurzu va\u0161ej banky!<\/p>\n\n\n\n<p><\/p>\n\n\n\n<p><\/p>\n\n\n\n<div data-wp-interactive=\"core\/file\" class=\"wp-block-file\"><object data-wp-bind--hidden=\"!state.hasPdfPreview\" hidden class=\"wp-block-file__embed\" data=\"https:\/\/hungaroonline.hu\/wp-content\/uploads\/2024\/12\/OFSZ-ASZF_Elektronikus-hatalyos-20240401.pdf-BANKARTYAS-FIZETES.pdf\" type=\"application\/pdf\" style=\"width:100%;height:630px\" aria-label=\"Vlo\u017ei\u0165 OFSZ-ASZF_Elektronikus-hatalyos-20240401.pdf BANK\u00c1RTY\u00c1S FIZET\u00c9S.\"><\/object><a id=\"wp-block-file--media-4b5fd68a-3212-4151-a176-d65e2f9f9880\" href=\"https:\/\/hungaroonline.hu\/wp-content\/uploads\/2024\/12\/OFSZ-ASZF_Elektronikus-hatalyos-20240401.pdf-BANKARTYAS-FIZETES.pdf\">OFSZ-ASZF_Elektronikus-tathalyos-20240401.pdf PLATBA BANKOVOU KARTOU<\/a><a href=\"https:\/\/hungaroonline.hu\/wp-content\/uploads\/2024\/12\/OFSZ-ASZF_Elektronikus-hatalyos-20240401.pdf-BANKARTYAS-FIZETES.pdf\" class=\"wp-block-file__button wp-element-button\" download aria-describedby=\"wp-block-file--media-4b5fd68a-3212-4151-a176-d65e2f9f9880\">Stiahnu\u0165<\/a><\/div>","protected":false},"excerpt":{"rendered":"<p>\u00c1ltal\u00e1nos Szerz\u0151d\u00e9si Felt\u00e9telek FONTOS!!!&nbsp;Ha m\u00e1r nem aktu\u00e1lis vagy meggondolta mag\u00e1t azt k\u00e9rem el\u0151re jelezni fel\u00e9nk ezen a telefonsz\u00e1mon&nbsp;+36706361980&nbsp;vagy&nbsp;hungaroonlinekft@gmail.com&nbsp;email c\u00edmen! FIZET\u00c9SI K\u00d6TELEZETTS\u00c9G\u00a0Hat\u00e1lya al\u00e1 esik akkor is ha a fut\u00e1rszolg\u00e1latn\u00e1l az (MPL-n\u00e9l)\u00a0\u00a0TAGADJA\u00a0 MEG\u00a0 A CSOMAG\u00c1TV\u00c9TELT!!!\u00a0\u00a0Ezt minden esetben ezeken az el\u00e9rhet\u0151s\u00e9geken\u00a0+36706361980\u00a0\u00a0vagy\u00a0\u00a0hungaroonlinekft@gmail.com\u00a0 email c\u00edmen\u00a0\u00a0K\u00d6TELES\u00a0 jelezni fel\u00e9nk! Ha nem jelzi fel\u00e9nk az el\u00e1ll\u00e1si sz\u00e1nd\u00e9k\u00e1t&nbsp;K\u00d6TELES&nbsp;megt\u00e9r\u00edteni a sz\u00e1ll\u00edt\u00e1si k\u00f6lts\u00e9get&nbsp;A Korm\u00e1ny 45\/2014. (II. [&hellip;]<\/p>","protected":false},"author":1,"featured_media":0,"parent":0,"menu_order":0,"comment_status":"closed","ping_status":"closed","template":"","meta":{"footnotes":""},"class_list":["post-309","page","type-page","status-publish","hentry"],"yoast_head":"<!-- This site is optimized with the Yoast SEO plugin v26.6 - https:\/\/yoast.com\/wordpress\/plugins\/seo\/ -->\n<title>\u00c1SZF - HungaroOnline<\/title>\n<meta name=\"robots\" content=\"index, follow, max-snippet:-1, max-image-preview:large, max-video-preview:-1\" \/>\n<link rel=\"canonical\" href=\"https:\/\/hungaroonline.hu\/sk\/aszf\/\" \/>\n<meta property=\"og:locale\" content=\"sk_SK\" \/>\n<meta property=\"og:type\" content=\"article\" \/>\n<meta property=\"og:title\" content=\"\u00c1SZF - HungaroOnline\" \/>\n<meta property=\"og:description\" content=\"\u00c1ltal\u00e1nos Szerz\u0151d\u00e9si Felt\u00e9telek FONTOS!!!&nbsp;Ha m\u00e1r nem aktu\u00e1lis vagy meggondolta mag\u00e1t azt k\u00e9rem el\u0151re jelezni fel\u00e9nk ezen a telefonsz\u00e1mon&nbsp;+36706361980&nbsp;vagy&nbsp;hungaroonlinekft@gmail.com&nbsp;email c\u00edmen! FIZET\u00c9SI K\u00d6TELEZETTS\u00c9G\u00a0Hat\u00e1lya al\u00e1 esik akkor is ha a fut\u00e1rszolg\u00e1latn\u00e1l az (MPL-n\u00e9l)\u00a0\u00a0TAGADJA\u00a0 MEG\u00a0 A CSOMAG\u00c1TV\u00c9TELT!!!\u00a0\u00a0Ezt minden esetben ezeken az el\u00e9rhet\u0151s\u00e9geken\u00a0+36706361980\u00a0\u00a0vagy\u00a0\u00a0hungaroonlinekft@gmail.com\u00a0 email c\u00edmen\u00a0\u00a0K\u00d6TELES\u00a0 jelezni fel\u00e9nk! Ha nem jelzi fel\u00e9nk az el\u00e1ll\u00e1si sz\u00e1nd\u00e9k\u00e1t&nbsp;K\u00d6TELES&nbsp;megt\u00e9r\u00edteni a sz\u00e1ll\u00edt\u00e1si k\u00f6lts\u00e9get&nbsp;A Korm\u00e1ny 45\/2014. (II. [&hellip;]\" \/>\n<meta property=\"og:url\" content=\"https:\/\/hungaroonline.hu\/sk\/aszf\/\" \/>\n<meta property=\"og:site_name\" content=\"HungaroOnline\" \/>\n<meta property=\"article:publisher\" content=\"https:\/\/www.facebook.com\/hungaroonline\" \/>\n<meta property=\"article:modified_time\" content=\"2025-01-29T16:55:32+00:00\" \/>\n<meta name=\"twitter:card\" content=\"summary_large_image\" \/>\n<meta name=\"twitter:label1\" content=\"Predpokladan\u00fd \u010das \u010d\u00edtania\" \/>\n\t<meta name=\"twitter:data1\" content=\"4 min\u00faty\" \/>\n<script type=\"application\/ld+json\" class=\"yoast-schema-graph\">{\"@context\":\"https:\/\/schema.org\",\"@graph\":[{\"@type\":\"WebPage\",\"@id\":\"https:\/\/hungaroonline.hu\/aszf\/\",\"url\":\"https:\/\/hungaroonline.hu\/aszf\/\",\"name\":\"\u00c1SZF - HungaroOnline\",\"isPartOf\":{\"@id\":\"https:\/\/hungaroonline.hu\/#website\"},\"datePublished\":\"2019-06-12T12:06:21+00:00\",\"dateModified\":\"2025-01-29T16:55:32+00:00\",\"breadcrumb\":{\"@id\":\"https:\/\/hungaroonline.hu\/aszf\/#breadcrumb\"},\"inLanguage\":\"sk-SK\",\"potentialAction\":[{\"@type\":\"ReadAction\",\"target\":[\"https:\/\/hungaroonline.hu\/aszf\/\"]}]},{\"@type\":\"BreadcrumbList\",\"@id\":\"https:\/\/hungaroonline.hu\/aszf\/#breadcrumb\",\"itemListElement\":[{\"@type\":\"ListItem\",\"position\":1,\"name\":\"Home\",\"item\":\"https:\/\/hungaroonline.hu\/\"},{\"@type\":\"ListItem\",\"position\":2,\"name\":\"\u00c1SZF\"}]},{\"@type\":\"WebSite\",\"@id\":\"https:\/\/hungaroonline.hu\/#website\",\"url\":\"https:\/\/hungaroonline.hu\/\",\"name\":\"HungaroOnline\",\"description\":\"Kutyah\u00e1z - Hord\u00f3 - Raklap b\u00fator - Raklapp\u00e1rna Gy\u00e1rt\u00e1sa\",\"publisher\":{\"@id\":\"https:\/\/hungaroonline.hu\/#organization\"},\"potentialAction\":[{\"@type\":\"SearchAction\",\"target\":{\"@type\":\"EntryPoint\",\"urlTemplate\":\"https:\/\/hungaroonline.hu\/?s={search_term_string}\"},\"query-input\":{\"@type\":\"PropertyValueSpecification\",\"valueRequired\":true,\"valueName\":\"search_term_string\"}}],\"inLanguage\":\"sk-SK\"},{\"@type\":\"Organization\",\"@id\":\"https:\/\/hungaroonline.hu\/#organization\",\"name\":\"HungaroOnline\",\"url\":\"https:\/\/hungaroonline.hu\/\",\"logo\":{\"@type\":\"ImageObject\",\"inLanguage\":\"sk-SK\",\"@id\":\"https:\/\/hungaroonline.hu\/#\/schema\/logo\/image\/\",\"url\":\"https:\/\/hungaroonline.hu\/wp-content\/uploads\/2023\/01\/hungaroonline-footer-logo-color-a.png\",\"contentUrl\":\"https:\/\/hungaroonline.hu\/wp-content\/uploads\/2023\/01\/hungaroonline-footer-logo-color-a.png\",\"width\":970,\"height\":86,\"caption\":\"HungaroOnline\"},\"image\":{\"@id\":\"https:\/\/hungaroonline.hu\/#\/schema\/logo\/image\/\"},\"sameAs\":[\"https:\/\/www.facebook.com\/hungaroonline\"]}]}<\/script>\n<!-- \/ Yoast SEO plugin. -->","yoast_head_json":{"title":"\u00c1SZF - HungaroOnline","robots":{"index":"index","follow":"follow","max-snippet":"max-snippet:-1","max-image-preview":"max-image-preview:large","max-video-preview":"max-video-preview:-1"},"canonical":"https:\/\/hungaroonline.hu\/sk\/aszf\/","og_locale":"sk_SK","og_type":"article","og_title":"\u00c1SZF - HungaroOnline","og_description":"\u00c1ltal\u00e1nos Szerz\u0151d\u00e9si Felt\u00e9telek FONTOS!!!&nbsp;Ha m\u00e1r nem aktu\u00e1lis vagy meggondolta mag\u00e1t azt k\u00e9rem el\u0151re jelezni fel\u00e9nk ezen a telefonsz\u00e1mon&nbsp;+36706361980&nbsp;vagy&nbsp;hungaroonlinekft@gmail.com&nbsp;email c\u00edmen! FIZET\u00c9SI K\u00d6TELEZETTS\u00c9G\u00a0Hat\u00e1lya al\u00e1 esik akkor is ha a fut\u00e1rszolg\u00e1latn\u00e1l az (MPL-n\u00e9l)\u00a0\u00a0TAGADJA\u00a0 MEG\u00a0 A CSOMAG\u00c1TV\u00c9TELT!!!\u00a0\u00a0Ezt minden esetben ezeken az el\u00e9rhet\u0151s\u00e9geken\u00a0+36706361980\u00a0\u00a0vagy\u00a0\u00a0hungaroonlinekft@gmail.com\u00a0 email c\u00edmen\u00a0\u00a0K\u00d6TELES\u00a0 jelezni fel\u00e9nk! Ha nem jelzi fel\u00e9nk az el\u00e1ll\u00e1si sz\u00e1nd\u00e9k\u00e1t&nbsp;K\u00d6TELES&nbsp;megt\u00e9r\u00edteni a sz\u00e1ll\u00edt\u00e1si k\u00f6lts\u00e9get&nbsp;A Korm\u00e1ny 45\/2014. (II. [&hellip;]","og_url":"https:\/\/hungaroonline.hu\/sk\/aszf\/","og_site_name":"HungaroOnline","article_publisher":"https:\/\/www.facebook.com\/hungaroonline","article_modified_time":"2025-01-29T16:55:32+00:00","twitter_card":"summary_large_image","twitter_misc":{"Predpokladan\u00fd \u010das \u010d\u00edtania":"4 min\u00faty"},"schema":{"@context":"https:\/\/schema.org","@graph":[{"@type":"WebPage","@id":"https:\/\/hungaroonline.hu\/aszf\/","url":"https:\/\/hungaroonline.hu\/aszf\/","name":"\u00c1SZF - HungaroOnline","isPartOf":{"@id":"https:\/\/hungaroonline.hu\/#website"},"datePublished":"2019-06-12T12:06:21+00:00","dateModified":"2025-01-29T16:55:32+00:00","breadcrumb":{"@id":"https:\/\/hungaroonline.hu\/aszf\/#breadcrumb"},"inLanguage":"sk-SK","potentialAction":[{"@type":"ReadAction","target":["https:\/\/hungaroonline.hu\/aszf\/"]}]},{"@type":"BreadcrumbList","@id":"https:\/\/hungaroonline.hu\/aszf\/#breadcrumb","itemListElement":[{"@type":"ListItem","position":1,"name":"Home","item":"https:\/\/hungaroonline.hu\/"},{"@type":"ListItem","position":2,"name":"\u00c1SZF"}]},{"@type":"WebSite","@id":"https:\/\/hungaroonline.hu\/#website","url":"https:\/\/hungaroonline.hu\/","name":"HungaroOnline","description":"Psia b\u00fada - Sud - Paletov\u00fd n\u00e1bytok - V\u00fdroba paletov\u00fdch vank\u00fa\u0161ov","publisher":{"@id":"https:\/\/hungaroonline.hu\/#organization"},"potentialAction":[{"@type":"SearchAction","target":{"@type":"EntryPoint","urlTemplate":"https:\/\/hungaroonline.hu\/?s={search_term_string}"},"query-input":{"@type":"PropertyValueSpecification","valueRequired":true,"valueName":"search_term_string"}}],"inLanguage":"sk-SK"},{"@type":"Organization","@id":"https:\/\/hungaroonline.hu\/#organization","name":"HungaroOnline","url":"https:\/\/hungaroonline.hu\/","logo":{"@type":"ImageObject","inLanguage":"sk-SK","@id":"https:\/\/hungaroonline.hu\/#\/schema\/logo\/image\/","url":"https:\/\/hungaroonline.hu\/wp-content\/uploads\/2023\/01\/hungaroonline-footer-logo-color-a.png","contentUrl":"https:\/\/hungaroonline.hu\/wp-content\/uploads\/2023\/01\/hungaroonline-footer-logo-color-a.png","width":970,"height":86,"caption":"HungaroOnline"},"image":{"@id":"https:\/\/hungaroonline.hu\/#\/schema\/logo\/image\/"},"sameAs":["https:\/\/www.facebook.com\/hungaroonline"]}]}},"_links":{"self":[{"href":"https:\/\/hungaroonline.hu\/sk\/wp-json\/wp\/v2\/pages\/309","targetHints":{"allow":["GET"]}}],"collection":[{"href":"https:\/\/hungaroonline.hu\/sk\/wp-json\/wp\/v2\/pages"}],"about":[{"href":"https:\/\/hungaroonline.hu\/sk\/wp-json\/wp\/v2\/types\/page"}],"author":[{"embeddable":true,"href":"https:\/\/hungaroonline.hu\/sk\/wp-json\/wp\/v2\/users\/1"}],"replies":[{"embeddable":true,"href":"https:\/\/hungaroonline.hu\/sk\/wp-json\/wp\/v2\/comments?post=309"}],"version-history":[{"count":18,"href":"https:\/\/hungaroonline.hu\/sk\/wp-json\/wp\/v2\/pages\/309\/revisions"}],"predecessor-version":[{"id":6726,"href":"https:\/\/hungaroonline.hu\/sk\/wp-json\/wp\/v2\/pages\/309\/revisions\/6726"}],"wp:attachment":[{"href":"https:\/\/hungaroonline.hu\/sk\/wp-json\/wp\/v2\/media?parent=309"}],"curies":[{"name":"pracovn\u00fd list","href":"https:\/\/api.w.org\/{rel}","templated":true}]}}