{"id":278,"date":"2019-05-30T10:20:33","date_gmt":"2019-05-30T10:20:33","guid":{"rendered":"https:\/\/hungaroonline.hempa.hu\/?page_id=278"},"modified":"2023-10-23T11:05:01","modified_gmt":"2023-10-23T09:05:01","slug":"szallitasi-es-fizetesi-informaciok","status":"publish","type":"page","link":"https:\/\/hungaroonline.hu\/sk\/szallitasi-es-fizetesi-informaciok\/","title":{"rendered":"Inform\u00e1cie o dodan\u00ed a platbe"},"content":{"rendered":"<div data-elementor-type=\"wp-page\" data-elementor-id=\"278\" class=\"elementor elementor-278\" data-elementor-post-type=\"page\">\n\t\t\t\t<div class=\"elementor-element elementor-element-bbb1795 e-flex e-con-boxed e-con e-parent\" data-id=\"bbb1795\" data-element_type=\"container\">\n\t\t\t\t\t<div class=\"e-con-inner\">\n\t\t<div class=\"elementor-element elementor-element-9ca283e e-con-full e-flex e-con e-child\" data-id=\"9ca283e\" data-element_type=\"container\">\n\t\t\t\t<div class=\"elementor-element elementor-element-5ef312f elementor-widget elementor-widget-text-editor\" data-id=\"5ef312f\" data-element_type=\"widget\" data-widget_type=\"text-editor.default\">\n\t\t\t\t<div class=\"elementor-widget-container\">\n\t\t\t\t\t\t\t\t\t<p><\/p>\n<h2 class=\"wp-block-heading\">Doprava<\/h2>\n<p><\/p>\n<p><\/p>\n<p><\/p>\n<p><\/p>\n<p><\/p>\n<p>Objednan\u00e9 bal\u00edky doru\u010dujeme kuri\u00e9rskou slu\u017ebou MPL.<\/p>\n<p>Predpokladan\u00e1 doba dodania: 3-6 pracovn\u00fdch dn\u00ed.<\/p>\n<p><em>Vzh\u013eadom na ve\u013ekos\u0165 a hmotnos\u0165 b\u00fady pre psa je prepravn\u00e9 4 000 HUF do 27 kg.<\/em><\/p>\n<p><em>5 000 HUF nad 27 kg.<\/em><\/p>\n<p><\/p>\n<p>Doru\u010denie prebieha v pracovn\u00fdch d\u0148och od 9:00 do 17:00.<\/p>\n<p>O za\u010dat\u00ed doru\u010dovania V\u00e1s budeme informova\u0165 v e-mailovej spr\u00e1ve.<\/p>\n<p><\/p>\n<p><\/p>\n<p>N\u00e1klady na dopravu sa ur\u010duj\u00fa na z\u00e1klade cie\u013eovej krajiny a hmotnosti bal\u00edka, ktor\u00fa je mo\u017en\u00e9 vypo\u010d\u00edta\u0165 po zadan\u00ed objedn\u00e1vky.<\/p>\n<p>Cena dopravy je na fakt\u00fare uveden\u00e1 ako samostatn\u00e1 polo\u017eka.<br>Reklam\u00e1ciu obsahu bal\u00edka m\u00f4\u017eeme akceptova\u0165 len vtedy, ak je nedostatok alebo po\u0161kodenie zaznamenan\u00e9 na prepravnom liste v pr\u00edtomnosti kuri\u00e9ra.<\/p>\n<p><\/p>\n<p><\/p>\n<p><\/p>\n<h2 class=\"wp-block-heading\">Priamy bankov\u00fd prevod<\/h2>\n<p><\/p>\n<p><\/p>\n<p><\/p>\n<p>Platbou priamym bankov\u00fdm prevodom m\u00f4\u017eete v na\u0161om obchode nakupova\u0165 pohodlne a bezpe\u010dne!<\/p>\n<p><\/p>\n<p>Po objednan\u00ed vybran\u00e9ho tovaru na\u0161im z\u00e1kazn\u00edkom sta\u010d\u00ed, ak pri v\u00fdbere sp\u00f4sobu platby klikn\u00fa na n\u00e1pis \u201eplatba prevodom na \u00fa\u010det\u201c, n\u00e1sledne im bude e-mailom doru\u010den\u00fd \u017eiadate\u013e o poplatok a v\u0161etky potrebn\u00e9 \u00fadaje. k dispoz\u00edcii na zaplatenie presnej sumy n\u00e1kupu!<\/p>\n<p>\u017diados\u0165 o cenu obsahuje nasleduj\u00face \u00fadaje:<\/p>\n<p>- Meno majite\u013ea \u00fa\u010dtu:&nbsp;<\/p>\n<p>-Da\u0148ov\u00e9 identifika\u010dn\u00e9 \u010d\u00edslo:&nbsp;<\/p>\n<p>- S\u00e9riov\u00e9 \u010d\u00edslo \u017eiadate\u013ea o udelenie ceny:<\/p>\n<p>-\u010c\u00edslo objedn\u00e1vky:<br>-D\u00e1tum ukon\u010denia:&nbsp;<br>- D\u00e1tum v\u00fdstavy:<\/p>\n<p>- Term\u00edn splatnosti:<\/p>\n<p>- Celkov\u00e1 suma<\/p>\n<p>- n\u00e1zov banky:&nbsp;<\/p>\n<p>-\u010c\u00edslo \u00fa\u010dtu:<\/p>\n<p>- Pozn\u00e1mka (skop\u00edrujte ID objedn\u00e1vky)<\/p>\n<p><\/p>\n<p><\/p>\t\t\t\t\t\t\t\t<\/div>\n\t\t\t\t<\/div>\n\t\t\t\t<\/div>\n\t\t\t\t\t<\/div>\n\t\t\t\t<\/div>\n\t\t\t\t<\/div>","protected":false},"excerpt":{"rendered":"<p>Doru\u010denie Objednan\u00e9 bal\u00edky doru\u010dujeme kuri\u00e9rskou slu\u017ebou MPL. Predpokladan\u00e1 dodacia lehota: 3-6 pracovn\u00fdch dn\u00ed. Vzh\u013eadom na ve\u013ekos\u0165 a hmotnos\u0165 b\u00fady pre psa je cena dodania 4 000 HUF do 27 kg 5 000 HUF pri hmotnosti nad 27 kg. O za\u010dat\u00ed doru\u010dovania V\u00e1s budeme informova\u0165 v e-mailovej spr\u00e1ve. N\u00e1klady na dopravu sa ur\u010duj\u00fa na z\u00e1klade krajiny ur\u010denia a hmotnosti bal\u00edka, [...]<\/p>","protected":false},"author":1,"featured_media":0,"parent":0,"menu_order":0,"comment_status":"closed","ping_status":"closed","template":"elementor_header_footer","meta":{"footnotes":""},"class_list":["post-278","page","type-page","status-publish","hentry"],"yoast_head":"<!-- This site is optimized with the Yoast SEO plugin v26.6 - https:\/\/yoast.com\/wordpress\/plugins\/seo\/ -->\n<title>Sz\u00e1ll\u00edt\u00e1si \u00e9s fizet\u00e9si inform\u00e1ci\u00f3k - HungaroOnline<\/title>\n<meta name=\"robots\" content=\"index, follow, max-snippet:-1, max-image-preview:large, max-video-preview:-1\" \/>\n<link rel=\"canonical\" href=\"https:\/\/hungaroonline.hu\/sk\/szallitasi-es-fizetesi-informaciok\/\" \/>\n<meta property=\"og:locale\" content=\"sk_SK\" \/>\n<meta property=\"og:type\" content=\"article\" \/>\n<meta property=\"og:title\" content=\"Sz\u00e1ll\u00edt\u00e1si \u00e9s fizet\u00e9si inform\u00e1ci\u00f3k - HungaroOnline\" \/>\n<meta property=\"og:description\" content=\"Sz\u00e1ll\u00edt\u00e1s MPL fut\u00e1rszolg\u00e1lattal sz\u00e1ll\u00edtjuk a megrendelt csomagokat. V\u00e1rhat\u00f3 sz\u00e1ll\u00edt\u00e1si id\u0151: 3-6 munkanap. Kutyah\u00e1z m\u00e9rete \u00e9s a s\u00faly\u00e1b\u00f3l&nbsp; ad\u00f3d\u00f3an a sz\u00e1ll\u00edt\u00e1si k\u00f6lts\u00e9g 27 kg-ig 4000 Ft. 27 kg felett 5000 Ft. A kisz\u00e1ll\u00edt\u00e1s munkanapon 9-17 \u00f3ra k\u00f6z\u00f6tt t\u00f6rt\u00e9nik. A kisz\u00e1ll\u00edt\u00e1s megkezd\u00e9s\u00e9r\u0151l e-mail \u00fczenetben t\u00e1j\u00e9koztatjuk. A sz\u00e1ll\u00edt\u00e1si k\u00f6lts\u00e9g a c\u00e9lorsz\u00e1g \u00e9s a csomag s\u00falya alapj\u00e1n ker\u00fcl meg\u00e1llap\u00edt\u00e1sra, [&hellip;]\" \/>\n<meta property=\"og:url\" content=\"https:\/\/hungaroonline.hu\/sk\/szallitasi-es-fizetesi-informaciok\/\" \/>\n<meta property=\"og:site_name\" content=\"HungaroOnline\" \/>\n<meta property=\"article:publisher\" content=\"https:\/\/www.facebook.com\/hungaroonline\" \/>\n<meta property=\"article:modified_time\" content=\"2023-10-23T09:05:01+00:00\" \/>\n<meta name=\"twitter:card\" content=\"summary_large_image\" \/>\n<meta name=\"twitter:label1\" content=\"Predpokladan\u00fd \u010das \u010d\u00edtania\" \/>\n\t<meta name=\"twitter:data1\" content=\"1 min\u00fata\" \/>\n<script type=\"application\/ld+json\" class=\"yoast-schema-graph\">{\"@context\":\"https:\/\/schema.org\",\"@graph\":[{\"@type\":\"WebPage\",\"@id\":\"https:\/\/hungaroonline.hu\/szallitasi-es-fizetesi-informaciok\/\",\"url\":\"https:\/\/hungaroonline.hu\/szallitasi-es-fizetesi-informaciok\/\",\"name\":\"Sz\u00e1ll\u00edt\u00e1si \u00e9s fizet\u00e9si inform\u00e1ci\u00f3k - HungaroOnline\",\"isPartOf\":{\"@id\":\"https:\/\/hungaroonline.hu\/#website\"},\"datePublished\":\"2019-05-30T10:20:33+00:00\",\"dateModified\":\"2023-10-23T09:05:01+00:00\",\"breadcrumb\":{\"@id\":\"https:\/\/hungaroonline.hu\/szallitasi-es-fizetesi-informaciok\/#breadcrumb\"},\"inLanguage\":\"sk-SK\",\"potentialAction\":[{\"@type\":\"ReadAction\",\"target\":[\"https:\/\/hungaroonline.hu\/szallitasi-es-fizetesi-informaciok\/\"]}]},{\"@type\":\"BreadcrumbList\",\"@id\":\"https:\/\/hungaroonline.hu\/szallitasi-es-fizetesi-informaciok\/#breadcrumb\",\"itemListElement\":[{\"@type\":\"ListItem\",\"position\":1,\"name\":\"Home\",\"item\":\"https:\/\/hungaroonline.hu\/\"},{\"@type\":\"ListItem\",\"position\":2,\"name\":\"Sz\u00e1ll\u00edt\u00e1si \u00e9s fizet\u00e9si inform\u00e1ci\u00f3k\"}]},{\"@type\":\"WebSite\",\"@id\":\"https:\/\/hungaroonline.hu\/#website\",\"url\":\"https:\/\/hungaroonline.hu\/\",\"name\":\"HungaroOnline\",\"description\":\"Kutyah\u00e1z - Hord\u00f3 - Raklap b\u00fator - Raklapp\u00e1rna Gy\u00e1rt\u00e1sa\",\"publisher\":{\"@id\":\"https:\/\/hungaroonline.hu\/#organization\"},\"potentialAction\":[{\"@type\":\"SearchAction\",\"target\":{\"@type\":\"EntryPoint\",\"urlTemplate\":\"https:\/\/hungaroonline.hu\/?s={search_term_string}\"},\"query-input\":{\"@type\":\"PropertyValueSpecification\",\"valueRequired\":true,\"valueName\":\"search_term_string\"}}],\"inLanguage\":\"sk-SK\"},{\"@type\":\"Organization\",\"@id\":\"https:\/\/hungaroonline.hu\/#organization\",\"name\":\"HungaroOnline\",\"url\":\"https:\/\/hungaroonline.hu\/\",\"logo\":{\"@type\":\"ImageObject\",\"inLanguage\":\"sk-SK\",\"@id\":\"https:\/\/hungaroonline.hu\/#\/schema\/logo\/image\/\",\"url\":\"https:\/\/hungaroonline.hu\/wp-content\/uploads\/2023\/01\/hungaroonline-footer-logo-color-a.png\",\"contentUrl\":\"https:\/\/hungaroonline.hu\/wp-content\/uploads\/2023\/01\/hungaroonline-footer-logo-color-a.png\",\"width\":970,\"height\":86,\"caption\":\"HungaroOnline\"},\"image\":{\"@id\":\"https:\/\/hungaroonline.hu\/#\/schema\/logo\/image\/\"},\"sameAs\":[\"https:\/\/www.facebook.com\/hungaroonline\"]}]}<\/script>\n<!-- \/ Yoast SEO plugin. -->","yoast_head_json":{"title":"Inform\u00e1cie o doprave a platbe - HungaroOnline","robots":{"index":"index","follow":"follow","max-snippet":"max-snippet:-1","max-image-preview":"max-image-preview:large","max-video-preview":"max-video-preview:-1"},"canonical":"https:\/\/hungaroonline.hu\/sk\/szallitasi-es-fizetesi-informaciok\/","og_locale":"sk_SK","og_type":"article","og_title":"Sz\u00e1ll\u00edt\u00e1si \u00e9s fizet\u00e9si inform\u00e1ci\u00f3k - HungaroOnline","og_description":"Sz\u00e1ll\u00edt\u00e1s MPL fut\u00e1rszolg\u00e1lattal sz\u00e1ll\u00edtjuk a megrendelt csomagokat. V\u00e1rhat\u00f3 sz\u00e1ll\u00edt\u00e1si id\u0151: 3-6 munkanap. Kutyah\u00e1z m\u00e9rete \u00e9s a s\u00faly\u00e1b\u00f3l&nbsp; ad\u00f3d\u00f3an a sz\u00e1ll\u00edt\u00e1si k\u00f6lts\u00e9g 27 kg-ig 4000 Ft. 27 kg felett 5000 Ft. A kisz\u00e1ll\u00edt\u00e1s munkanapon 9-17 \u00f3ra k\u00f6z\u00f6tt t\u00f6rt\u00e9nik. A kisz\u00e1ll\u00edt\u00e1s megkezd\u00e9s\u00e9r\u0151l e-mail \u00fczenetben t\u00e1j\u00e9koztatjuk. A sz\u00e1ll\u00edt\u00e1si k\u00f6lts\u00e9g a c\u00e9lorsz\u00e1g \u00e9s a csomag s\u00falya alapj\u00e1n ker\u00fcl meg\u00e1llap\u00edt\u00e1sra, [&hellip;]","og_url":"https:\/\/hungaroonline.hu\/sk\/szallitasi-es-fizetesi-informaciok\/","og_site_name":"HungaroOnline","article_publisher":"https:\/\/www.facebook.com\/hungaroonline","article_modified_time":"2023-10-23T09:05:01+00:00","twitter_card":"summary_large_image","twitter_misc":{"Predpokladan\u00fd \u010das \u010d\u00edtania":"1 min\u00fata"},"schema":{"@context":"https:\/\/schema.org","@graph":[{"@type":"WebPage","@id":"https:\/\/hungaroonline.hu\/szallitasi-es-fizetesi-informaciok\/","url":"https:\/\/hungaroonline.hu\/szallitasi-es-fizetesi-informaciok\/","name":"Inform\u00e1cie o doprave a platbe - HungaroOnline","isPartOf":{"@id":"https:\/\/hungaroonline.hu\/#website"},"datePublished":"2019-05-30T10:20:33+00:00","dateModified":"2023-10-23T09:05:01+00:00","breadcrumb":{"@id":"https:\/\/hungaroonline.hu\/szallitasi-es-fizetesi-informaciok\/#breadcrumb"},"inLanguage":"sk-SK","potentialAction":[{"@type":"ReadAction","target":["https:\/\/hungaroonline.hu\/szallitasi-es-fizetesi-informaciok\/"]}]},{"@type":"BreadcrumbList","@id":"https:\/\/hungaroonline.hu\/szallitasi-es-fizetesi-informaciok\/#breadcrumb","itemListElement":[{"@type":"ListItem","position":1,"name":"Home","item":"https:\/\/hungaroonline.hu\/"},{"@type":"ListItem","position":2,"name":"Sz\u00e1ll\u00edt\u00e1si \u00e9s fizet\u00e9si inform\u00e1ci\u00f3k"}]},{"@type":"WebSite","@id":"https:\/\/hungaroonline.hu\/#website","url":"https:\/\/hungaroonline.hu\/","name":"HungaroOnline","description":"Psia b\u00fada - Sud - Paletov\u00fd n\u00e1bytok - V\u00fdroba paletov\u00fdch vank\u00fa\u0161ov","publisher":{"@id":"https:\/\/hungaroonline.hu\/#organization"},"potentialAction":[{"@type":"SearchAction","target":{"@type":"EntryPoint","urlTemplate":"https:\/\/hungaroonline.hu\/?s={search_term_string}"},"query-input":{"@type":"PropertyValueSpecification","valueRequired":true,"valueName":"search_term_string"}}],"inLanguage":"sk-SK"},{"@type":"Organization","@id":"https:\/\/hungaroonline.hu\/#organization","name":"HungaroOnline","url":"https:\/\/hungaroonline.hu\/","logo":{"@type":"ImageObject","inLanguage":"sk-SK","@id":"https:\/\/hungaroonline.hu\/#\/schema\/logo\/image\/","url":"https:\/\/hungaroonline.hu\/wp-content\/uploads\/2023\/01\/hungaroonline-footer-logo-color-a.png","contentUrl":"https:\/\/hungaroonline.hu\/wp-content\/uploads\/2023\/01\/hungaroonline-footer-logo-color-a.png","width":970,"height":86,"caption":"HungaroOnline"},"image":{"@id":"https:\/\/hungaroonline.hu\/#\/schema\/logo\/image\/"},"sameAs":["https:\/\/www.facebook.com\/hungaroonline"]}]}},"_links":{"self":[{"href":"https:\/\/hungaroonline.hu\/sk\/wp-json\/wp\/v2\/pages\/278","targetHints":{"allow":["GET"]}}],"collection":[{"href":"https:\/\/hungaroonline.hu\/sk\/wp-json\/wp\/v2\/pages"}],"about":[{"href":"https:\/\/hungaroonline.hu\/sk\/wp-json\/wp\/v2\/types\/page"}],"author":[{"embeddable":true,"href":"https:\/\/hungaroonline.hu\/sk\/wp-json\/wp\/v2\/users\/1"}],"replies":[{"embeddable":true,"href":"https:\/\/hungaroonline.hu\/sk\/wp-json\/wp\/v2\/comments?post=278"}],"version-history":[{"count":12,"href":"https:\/\/hungaroonline.hu\/sk\/wp-json\/wp\/v2\/pages\/278\/revisions"}],"predecessor-version":[{"id":6116,"href":"https:\/\/hungaroonline.hu\/sk\/wp-json\/wp\/v2\/pages\/278\/revisions\/6116"}],"wp:attachment":[{"href":"https:\/\/hungaroonline.hu\/sk\/wp-json\/wp\/v2\/media?parent=278"}],"curies":[{"name":"pracovn\u00fd list","href":"https:\/\/api.w.org\/{rel}","templated":true}]}}