{"id":6243,"date":"2024-02-27T16:46:09","date_gmt":"2024-02-27T15:46:09","guid":{"rendered":"https:\/\/hungaroonline.hu\/?post_type=product&#038;p=6243"},"modified":"2025-07-24T10:44:44","modified_gmt":"2025-07-24T08:44:44","slug":"11-db-os-raklap-butor","status":"publish","type":"product","link":"https:\/\/hungaroonline.hu\/ro\/produs\/11-db-os-raklap-butor\/","title":{"rendered":"Mobilier din paleti 11 piese"},"content":{"rendered":"<p><img fetchpriority=\"high\" decoding=\"async\" class=\"size-medium wp-image-7064 aligncenter\" src=\"https:\/\/hungaroonline.hu\/wp-content\/uploads\/2022\/10\/raklap-butor-uj-1-300x300.jpg\" alt=\"\" width=\"300\" height=\"300\" srcset=\"https:\/\/hungaroonline.hu\/wp-content\/uploads\/2022\/10\/raklap-butor-uj-1-300x300.jpg 300w, https:\/\/hungaroonline.hu\/wp-content\/uploads\/2022\/10\/raklap-butor-uj-1-12x12.jpg 12w, https:\/\/hungaroonline.hu\/wp-content\/uploads\/2022\/10\/raklap-butor-uj-1-100x100.jpg 100w, https:\/\/hungaroonline.hu\/wp-content\/uploads\/2022\/10\/raklap-butor-uj-1.jpg 600w\" sizes=\"(max-width: 300px) 100vw, 300px\" \/><\/p>\n<p>&nbsp;<\/p>\n<p style=\"text-align: center;\"><strong>De 15 ani producem mobilier cu pale\u021bi de \u00eenalt\u0103 calitate \u00een atelierul nostru de t\u00e2mpl\u0103rie!<\/strong><\/p>\n<p>&nbsp;<\/p>\n<p>&nbsp;<\/p>\n<p>&nbsp;<\/p>\n<p><strong>\u00a0 \u00a0 \u00a0 \u00a0De ce s\u0103 ne alegem mobila?<\/strong><\/p>\n<ul>\n<li>Mobilier cu pale\u021bi cu design ergonomic!<\/li>\n<li>Datorit\u0103 cadrului din lemn masiv, este foarte durabil!<\/li>\n<li>Mobilierul cu pale\u021bi este atemporal \u0219i foarte durabil!<\/li>\n<li>Necesit\u0103 pu\u021bin\u0103 \u00eentre\u021binere!<\/li>\n<li>Nu o fr\u0103m\u00e2nt\u0103m de pe un palet, deci <strong>mult <\/strong><strong>mai masiv!<\/strong><\/li>\n<li>Designul s\u0103u este complet conceput pentru utilizare \u00een aer liber!<\/li>\n<li>Oferim 1 an garantie!<\/li>\n<\/ul>\n<p>&nbsp;<\/p>\n<p>&nbsp;<\/p>\n<p>&nbsp;<\/p>\n<p>Peste un anumit num\u0103r de piese, mobilierul nostru este livrat la pachet, adic\u0103 v\u0103 ajunge neasamblat Deoarece este voluminos, aceast\u0103 metod\u0103 de livrare este cea mai rentabil\u0103 op\u021biune!<\/p>\n<p>&nbsp;<\/p>\n<p><strong> Usor de asamblat!<\/strong><\/p>\n<p>- Ad\u0103ug\u0103m instruc\u021biuni de asamblare.<\/p>\n<p>- Elementele sunt prezentate cu un desen de ansamblu.<\/p>\n<p>- Este pre-g\u0103urit.<\/p>\n<p>- Poate fi montat cu \u0219urub de o singur\u0103 dimensiune!<\/p>\n<p>&nbsp;<\/p>\n<p>&nbsp;<\/p>\n<p><em><strong>V\u0103 rug\u0103m s\u0103 re\u021bine\u021bi c\u0103 lemnul este un material natural, a\u0219a c\u0103 pot ap\u0103rea imperfec\u021biuni pe el!<\/strong><\/em><\/p>\n<p>&nbsp;<\/p>\n<p><strong>Caracteristici generale:<\/strong><\/p>\n<p>Garantie: 1 an.<\/p>\n<p>Numar de piese: 11.<\/p>\n<p>Culoare: Natural - Nu vopsit!<\/p>\n<p>Material: lemn de plop cu grosimea de 1,8 cm.<\/p>\n<p>&nbsp;<\/p>\n<p><strong>Scaun de colt:<\/strong> Scaun: 60 cm latime x 60 cm inaltime.<br \/>\nSp\u0103tar: 2 buc\u0103\u021bi 60 cm l\u0103\u021bime x 26 cm \u00een\u0103l\u021bime.<\/p>\n<p>Spa\u021biu la podea: 72 cm l\u0103\u021bime, 72 cm lungime, 65 cm \u00een\u0103l\u021bime.<\/p>\n<p>Greutate: 35 kg.<\/p>\n<p>&nbsp;<\/p>\n<p><strong>Element suplimentar: <\/strong>Scaun: 60 cm latime x 60 cm inaltime.<br \/>\nSp\u0103tar: 60 cm l\u0103\u021bime x 26 cm \u00een\u0103l\u021bime.<\/p>\n<p>Spa\u021biu la podea: 59 cm l\u0103\u021bime, 72 cm lungime, 65 cm \u00een\u0103l\u021bime.<\/p>\n<p>Greutate: 30 kg<\/p>\n<p>&nbsp;<\/p>\n<p><strong>Fotoliu:<\/strong> Scaun: 60 cm latime x 60 cm inaltime.<br \/>\nSp\u0103tar: 60 cm l\u0103\u021bime x 26 cm \u00een\u0103l\u021bime.<\/p>\n<p>Suprafata podea: 72 cm latime, 84 cm lungime, 65 cm inaltime.<\/p>\n<p>Greutate: 40 kg.<\/p>\n<p>&nbsp;<\/p>\n<p><strong>Masa:<\/strong> Suprafata podea: 59 cm latime, 59 cm lungime, 50 cm inaltime.<\/p>\n<p>Greutate: 25 kg.<\/p>\n<p>&nbsp;<\/p>\n<p><b>Pachetul include 2 elemente de colt, 6 elemente de extensie, 3 elemente universale!<\/b><\/p>\n<p><strong>Zona de baz\u0103 a scaunului de col\u021b: 190 cm x 321 cm x 190 cm.<\/strong><\/p>\n<p>&nbsp;<\/p>\n<p>Termen de livrare: 5-8 zile lucratoare!<\/p>\n<p>&nbsp;<\/p>\n<p><strong>Detalii de livrare:<\/strong><\/p>\n<p>Mobilierul cu pale\u021bi poate fi ridicat \u0219i personal, astfel \u00eenc\u00e2t costul de transport poate fi mai favorabil!<\/p>\n<p>Livr\u0103rile na\u021bionale se livreaz\u0103 pe pale\u021bi cu serviciul de curierat TLS, a\u00a0<strong>supradimensionat<\/strong>\u00a0si\u00a0<strong>din greutatea sa<\/strong> deci costul de transport: <strong>32000 HUF.<\/strong><\/p>\n<p><em><strong>De ce cost\u0103 transportul at\u00e2t de mult???<\/strong><\/em><\/p>\n<ul>\n<li>1 palet EURO ocup\u0103 o suprafa\u021b\u0103 de podea de 120\u00d780 cm!<\/li>\n<li>Inaltimea produsului este intre 150-220 cm!<\/li>\n<li>Greutate peste 100 kg!<\/li>\n<\/ul>\n<p>&nbsp;<\/p>\n<p>&nbsp;<\/p>\n<p><a href=\"https:\/\/hungaroonline.hu\/ro\/produs\/11-db-os-raklap-butor-parna\/\">\u00a0<span style=\"color: #3366ff;\"><strong>Pentru a comanda perna de mobilier din pale\u021bi din 11 piese, face\u021bi clic aici:<\/strong><\/span><\/a><\/p>\n<p>&nbsp;<\/p>\n<p>&nbsp;<\/p>\n<p><strong><a href=\"https:\/\/hungaroonline.hu\/ro\/raklap-butor\/?v=baba78b405b0\"><span style=\"color: #0000ff;\">MAI MULTE IMAGINI AICI:<\/span><\/a><\/strong><\/p>\n<p>&nbsp;<\/p>\n<div class=\"disclaimer-section\"><\/div>\n<p>&nbsp;<\/p>\n<p>&nbsp;<\/p>\n<p>&nbsp;<\/p>","protected":false},"excerpt":{"rendered":"<p>&nbsp; \u00cen atelierul nostru de t\u00e2mpl\u0103rie producem mobilier cu pale\u021bi de \u00eenalt\u0103 calitate de 15 ani!        De ce s\u0103 ne alegem mobila? Mobilier cu pale\u021bi cu design ergonomic! Datorit\u0103 cadrului din lemn masiv, este foarte durabil! Mobilierul cu pale\u021bi este atemporal \u0219i foarte durabil! Necesit\u0103 pu\u021bin\u0103 \u00eentre\u021binere! Nu-l framantam din paleti, deci este mult mai solid! Designul s\u0103u este complet conceput pentru utilizare \u00een aer liber! 1 an [\u2026]<\/p>","protected":false},"featured_media":7218,"comment_status":"closed","ping_status":"closed","template":"","meta":[],"product_brand":[],"product_cat":[100],"product_tag":[],"class_list":{"0":"post-6243","1":"product","2":"type-product","3":"status-publish","4":"has-post-thumbnail","6":"product_cat-raklap-butor","7":"product_shipping_class-raklap-butor-20-000-ft","9":"first","10":"instock","11":"purchasable","12":"product-type-simple"},"yoast_head":"<!-- This site is optimized with the Yoast SEO plugin v26.6 - https:\/\/yoast.com\/wordpress\/plugins\/seo\/ -->\n<title>11 db-os Raklap b\u00fator - HungaroOnline<\/title>\n<meta name=\"description\" content=\"1 \u00c9V GARANCI\u00c1VAL! ASZTALOSOK\u00a0\u00c1LTAL ELK\u00c9SZ\u00cdTETT TERM\u00c9K! Kerti raklap b\u00fatorunk ide\u00e1lis v\u00e1laszt\u00e1s pihen\u00e9sre \u00e9s kellemes id\u0151t\u00f6lt\u00e9sre csal\u00e1dj\u00e1val vagy bar\u00e1taival. A raklap b\u00fator id\u0151t\u00e1ll\u00f3 kialak\u00edt\u00e1s\u00e1nak k\u00f6sz\u00f6nhet\u0151en a fa rusztikus b\u00e1jt k\u00f6lcs\u00f6n\u00f6z terasz\u00e1nak, kertj\u00e9nek! A kerti garnit\u00fara tart\u00f3s, id\u0151j\u00e1r\u00e1s\u00e1ll\u00f3 \u00e9s k\u00f6rnyezetbar\u00e1t! Ez a garnit\u00fara szil\u00e1rd szerkezet\u0171 \u00e9s kev\u00e9s karbantart\u00e1st ig\u00e9nyel!\" \/>\n<meta name=\"robots\" content=\"index, follow, max-snippet:-1, max-image-preview:large, max-video-preview:-1\" \/>\n<link rel=\"canonical\" href=\"https:\/\/hungaroonline.hu\/ro\/produs\/11-db-os-raklap-butor\/\" \/>\n<meta property=\"og:locale\" content=\"ro_RO\" \/>\n<meta property=\"og:type\" content=\"article\" \/>\n<meta property=\"og:title\" content=\"11 db-os Raklap b\u00fator - HungaroOnline\" \/>\n<meta property=\"og:description\" content=\"1 \u00c9V GARANCI\u00c1VAL! ASZTALOSOK\u00a0\u00c1LTAL ELK\u00c9SZ\u00cdTETT TERM\u00c9K! Kerti raklap b\u00fatorunk ide\u00e1lis v\u00e1laszt\u00e1s pihen\u00e9sre \u00e9s kellemes id\u0151t\u00f6lt\u00e9sre csal\u00e1dj\u00e1val vagy bar\u00e1taival. A raklap b\u00fator id\u0151t\u00e1ll\u00f3 kialak\u00edt\u00e1s\u00e1nak k\u00f6sz\u00f6nhet\u0151en a fa rusztikus b\u00e1jt k\u00f6lcs\u00f6n\u00f6z terasz\u00e1nak, kertj\u00e9nek! A kerti garnit\u00fara tart\u00f3s, id\u0151j\u00e1r\u00e1s\u00e1ll\u00f3 \u00e9s k\u00f6rnyezetbar\u00e1t! Ez a garnit\u00fara szil\u00e1rd szerkezet\u0171 \u00e9s kev\u00e9s karbantart\u00e1st ig\u00e9nyel!\" \/>\n<meta property=\"og:url\" content=\"https:\/\/hungaroonline.hu\/ro\/produs\/11-db-os-raklap-butor\/\" \/>\n<meta property=\"og:site_name\" content=\"HungaroOnline\" \/>\n<meta property=\"article:publisher\" content=\"https:\/\/www.facebook.com\/hungaroonline\" \/>\n<meta property=\"article:modified_time\" content=\"2025-07-24T08:44:44+00:00\" \/>\n<meta property=\"og:image\" content=\"https:\/\/hungaroonline.hu\/wp-content\/uploads\/2021\/03\/raklap-butor-19-1.jpg\" \/>\n\t<meta property=\"og:image:width\" content=\"1200\" \/>\n\t<meta property=\"og:image:height\" content=\"1000\" \/>\n\t<meta property=\"og:image:type\" content=\"image\/jpeg\" \/>\n<meta name=\"twitter:card\" content=\"summary_large_image\" \/>\n<meta name=\"twitter:label1\" content=\"Timp estimat pentru citire\" \/>\n\t<meta name=\"twitter:data1\" content=\"3 minute\" \/>\n<script type=\"application\/ld+json\" class=\"yoast-schema-graph\">{\"@context\":\"https:\/\/schema.org\",\"@graph\":[{\"@type\":\"WebPage\",\"@id\":\"https:\/\/hungaroonline.hu\/termek\/11-db-os-raklap-butor\/\",\"url\":\"https:\/\/hungaroonline.hu\/termek\/11-db-os-raklap-butor\/\",\"name\":\"11 db-os Raklap b\u00fator - HungaroOnline\",\"isPartOf\":{\"@id\":\"https:\/\/hungaroonline.hu\/#website\"},\"primaryImageOfPage\":{\"@id\":\"https:\/\/hungaroonline.hu\/termek\/11-db-os-raklap-butor\/#primaryimage\"},\"image\":{\"@id\":\"https:\/\/hungaroonline.hu\/termek\/11-db-os-raklap-butor\/#primaryimage\"},\"thumbnailUrl\":\"https:\/\/hungaroonline.hu\/wp-content\/uploads\/2021\/03\/raklap-butor-19-1.jpg\",\"datePublished\":\"2024-02-27T15:46:09+00:00\",\"dateModified\":\"2025-07-24T08:44:44+00:00\",\"description\":\"1 \u00c9V GARANCI\u00c1VAL! ASZTALOSOK\u00a0\u00c1LTAL ELK\u00c9SZ\u00cdTETT TERM\u00c9K! Kerti raklap b\u00fatorunk ide\u00e1lis v\u00e1laszt\u00e1s pihen\u00e9sre \u00e9s kellemes id\u0151t\u00f6lt\u00e9sre csal\u00e1dj\u00e1val vagy bar\u00e1taival. A raklap b\u00fator id\u0151t\u00e1ll\u00f3 kialak\u00edt\u00e1s\u00e1nak k\u00f6sz\u00f6nhet\u0151en a fa rusztikus b\u00e1jt k\u00f6lcs\u00f6n\u00f6z terasz\u00e1nak, kertj\u00e9nek! A kerti garnit\u00fara tart\u00f3s, id\u0151j\u00e1r\u00e1s\u00e1ll\u00f3 \u00e9s k\u00f6rnyezetbar\u00e1t! Ez a garnit\u00fara szil\u00e1rd szerkezet\u0171 \u00e9s kev\u00e9s karbantart\u00e1st ig\u00e9nyel!\",\"breadcrumb\":{\"@id\":\"https:\/\/hungaroonline.hu\/termek\/11-db-os-raklap-butor\/#breadcrumb\"},\"inLanguage\":\"ro-RO\",\"potentialAction\":[{\"@type\":\"ReadAction\",\"target\":[\"https:\/\/hungaroonline.hu\/termek\/11-db-os-raklap-butor\/\"]}]},{\"@type\":\"ImageObject\",\"inLanguage\":\"ro-RO\",\"@id\":\"https:\/\/hungaroonline.hu\/termek\/11-db-os-raklap-butor\/#primaryimage\",\"url\":\"https:\/\/hungaroonline.hu\/wp-content\/uploads\/2021\/03\/raklap-butor-19-1.jpg\",\"contentUrl\":\"https:\/\/hungaroonline.hu\/wp-content\/uploads\/2021\/03\/raklap-butor-19-1.jpg\",\"width\":1200,\"height\":1000,\"caption\":\"Raklap b\u00fator\"},{\"@type\":\"BreadcrumbList\",\"@id\":\"https:\/\/hungaroonline.hu\/termek\/11-db-os-raklap-butor\/#breadcrumb\",\"itemListElement\":[{\"@type\":\"ListItem\",\"position\":1,\"name\":\"Home\",\"item\":\"https:\/\/hungaroonline.hu\/\"},{\"@type\":\"ListItem\",\"position\":2,\"name\":\"\u00dczlet\",\"item\":\"https:\/\/hungaroonline.hu\/uzlet\/\"},{\"@type\":\"ListItem\",\"position\":3,\"name\":\"11 db-os Raklap b\u00fator\"}]},{\"@type\":\"WebSite\",\"@id\":\"https:\/\/hungaroonline.hu\/#website\",\"url\":\"https:\/\/hungaroonline.hu\/\",\"name\":\"HungaroOnline\",\"description\":\"Kutyah\u00e1z - Hord\u00f3 - Raklap b\u00fator - Raklapp\u00e1rna Gy\u00e1rt\u00e1sa\",\"publisher\":{\"@id\":\"https:\/\/hungaroonline.hu\/#organization\"},\"potentialAction\":[{\"@type\":\"SearchAction\",\"target\":{\"@type\":\"EntryPoint\",\"urlTemplate\":\"https:\/\/hungaroonline.hu\/?s={search_term_string}\"},\"query-input\":{\"@type\":\"PropertyValueSpecification\",\"valueRequired\":true,\"valueName\":\"search_term_string\"}}],\"inLanguage\":\"ro-RO\"},{\"@type\":\"Organization\",\"@id\":\"https:\/\/hungaroonline.hu\/#organization\",\"name\":\"HungaroOnline\",\"url\":\"https:\/\/hungaroonline.hu\/\",\"logo\":{\"@type\":\"ImageObject\",\"inLanguage\":\"ro-RO\",\"@id\":\"https:\/\/hungaroonline.hu\/#\/schema\/logo\/image\/\",\"url\":\"https:\/\/hungaroonline.hu\/wp-content\/uploads\/2023\/01\/hungaroonline-footer-logo-color-a.png\",\"contentUrl\":\"https:\/\/hungaroonline.hu\/wp-content\/uploads\/2023\/01\/hungaroonline-footer-logo-color-a.png\",\"width\":970,\"height\":86,\"caption\":\"HungaroOnline\"},\"image\":{\"@id\":\"https:\/\/hungaroonline.hu\/#\/schema\/logo\/image\/\"},\"sameAs\":[\"https:\/\/www.facebook.com\/hungaroonline\"]}]}<\/script>\n<!-- \/ Yoast SEO plugin. -->","yoast_head_json":{"title":"11 db-os Raklap b\u00fator - HungaroOnline","description":"1 \u00c9V GARANCI\u00c1VAL! ASZTALOSOK\u00a0\u00c1LTAL ELK\u00c9SZ\u00cdTETT TERM\u00c9K! Kerti raklap b\u00fatorunk ide\u00e1lis v\u00e1laszt\u00e1s pihen\u00e9sre \u00e9s kellemes id\u0151t\u00f6lt\u00e9sre csal\u00e1dj\u00e1val vagy bar\u00e1taival. A raklap b\u00fator id\u0151t\u00e1ll\u00f3 kialak\u00edt\u00e1s\u00e1nak k\u00f6sz\u00f6nhet\u0151en a fa rusztikus b\u00e1jt k\u00f6lcs\u00f6n\u00f6z terasz\u00e1nak, kertj\u00e9nek! A kerti garnit\u00fara tart\u00f3s, id\u0151j\u00e1r\u00e1s\u00e1ll\u00f3 \u00e9s k\u00f6rnyezetbar\u00e1t! Ez a garnit\u00fara szil\u00e1rd szerkezet\u0171 \u00e9s kev\u00e9s karbantart\u00e1st ig\u00e9nyel!","robots":{"index":"index","follow":"follow","max-snippet":"max-snippet:-1","max-image-preview":"max-image-preview:large","max-video-preview":"max-video-preview:-1"},"canonical":"https:\/\/hungaroonline.hu\/ro\/produs\/11-db-os-raklap-butor\/","og_locale":"ro_RO","og_type":"article","og_title":"11 db-os Raklap b\u00fator - HungaroOnline","og_description":"1 \u00c9V GARANCI\u00c1VAL! ASZTALOSOK\u00a0\u00c1LTAL ELK\u00c9SZ\u00cdTETT TERM\u00c9K! Kerti raklap b\u00fatorunk ide\u00e1lis v\u00e1laszt\u00e1s pihen\u00e9sre \u00e9s kellemes id\u0151t\u00f6lt\u00e9sre csal\u00e1dj\u00e1val vagy bar\u00e1taival. A raklap b\u00fator id\u0151t\u00e1ll\u00f3 kialak\u00edt\u00e1s\u00e1nak k\u00f6sz\u00f6nhet\u0151en a fa rusztikus b\u00e1jt k\u00f6lcs\u00f6n\u00f6z terasz\u00e1nak, kertj\u00e9nek! A kerti garnit\u00fara tart\u00f3s, id\u0151j\u00e1r\u00e1s\u00e1ll\u00f3 \u00e9s k\u00f6rnyezetbar\u00e1t! Ez a garnit\u00fara szil\u00e1rd szerkezet\u0171 \u00e9s kev\u00e9s karbantart\u00e1st ig\u00e9nyel!","og_url":"https:\/\/hungaroonline.hu\/ro\/produs\/11-db-os-raklap-butor\/","og_site_name":"HungaroOnline","article_publisher":"https:\/\/www.facebook.com\/hungaroonline","article_modified_time":"2025-07-24T08:44:44+00:00","og_image":[{"width":1200,"height":1000,"url":"https:\/\/hungaroonline.hu\/wp-content\/uploads\/2021\/03\/raklap-butor-19-1.jpg","type":"image\/jpeg"}],"twitter_card":"summary_large_image","twitter_misc":{"Timp estimat pentru citire":"3 minute"},"schema":{"@context":"https:\/\/schema.org","@graph":[{"@type":"WebPage","@id":"https:\/\/hungaroonline.hu\/termek\/11-db-os-raklap-butor\/","url":"https:\/\/hungaroonline.hu\/termek\/11-db-os-raklap-butor\/","name":"11 db-os Raklap b\u00fator - HungaroOnline","isPartOf":{"@id":"https:\/\/hungaroonline.hu\/#website"},"primaryImageOfPage":{"@id":"https:\/\/hungaroonline.hu\/termek\/11-db-os-raklap-butor\/#primaryimage"},"image":{"@id":"https:\/\/hungaroonline.hu\/termek\/11-db-os-raklap-butor\/#primaryimage"},"thumbnailUrl":"https:\/\/hungaroonline.hu\/wp-content\/uploads\/2021\/03\/raklap-butor-19-1.jpg","datePublished":"2024-02-27T15:46:09+00:00","dateModified":"2025-07-24T08:44:44+00:00","description":"1 \u00c9V GARANCI\u00c1VAL! ASZTALOSOK\u00a0\u00c1LTAL ELK\u00c9SZ\u00cdTETT TERM\u00c9K! Kerti raklap b\u00fatorunk ide\u00e1lis v\u00e1laszt\u00e1s pihen\u00e9sre \u00e9s kellemes id\u0151t\u00f6lt\u00e9sre csal\u00e1dj\u00e1val vagy bar\u00e1taival. A raklap b\u00fator id\u0151t\u00e1ll\u00f3 kialak\u00edt\u00e1s\u00e1nak k\u00f6sz\u00f6nhet\u0151en a fa rusztikus b\u00e1jt k\u00f6lcs\u00f6n\u00f6z terasz\u00e1nak, kertj\u00e9nek! A kerti garnit\u00fara tart\u00f3s, id\u0151j\u00e1r\u00e1s\u00e1ll\u00f3 \u00e9s k\u00f6rnyezetbar\u00e1t! Ez a garnit\u00fara szil\u00e1rd szerkezet\u0171 \u00e9s kev\u00e9s karbantart\u00e1st ig\u00e9nyel!","breadcrumb":{"@id":"https:\/\/hungaroonline.hu\/termek\/11-db-os-raklap-butor\/#breadcrumb"},"inLanguage":"ro-RO","potentialAction":[{"@type":"ReadAction","target":["https:\/\/hungaroonline.hu\/termek\/11-db-os-raklap-butor\/"]}]},{"@type":"ImageObject","inLanguage":"ro-RO","@id":"https:\/\/hungaroonline.hu\/termek\/11-db-os-raklap-butor\/#primaryimage","url":"https:\/\/hungaroonline.hu\/wp-content\/uploads\/2021\/03\/raklap-butor-19-1.jpg","contentUrl":"https:\/\/hungaroonline.hu\/wp-content\/uploads\/2021\/03\/raklap-butor-19-1.jpg","width":1200,"height":1000,"caption":"Raklap b\u00fator"},{"@type":"BreadcrumbList","@id":"https:\/\/hungaroonline.hu\/termek\/11-db-os-raklap-butor\/#breadcrumb","itemListElement":[{"@type":"ListItem","position":1,"name":"Home","item":"https:\/\/hungaroonline.hu\/"},{"@type":"ListItem","position":2,"name":"\u00dczlet","item":"https:\/\/hungaroonline.hu\/uzlet\/"},{"@type":"ListItem","position":3,"name":"11 db-os Raklap b\u00fator"}]},{"@type":"WebSite","@id":"https:\/\/hungaroonline.hu\/#website","url":"https:\/\/hungaroonline.hu\/","name":"HungaroOnline","description":"Cu\u0219c\u0103 pentru c\u00e2ini - Butoi - Mobilier din pale\u021bi - Produc\u021bie de perne din pale\u021bi","publisher":{"@id":"https:\/\/hungaroonline.hu\/#organization"},"potentialAction":[{"@type":"SearchAction","target":{"@type":"EntryPoint","urlTemplate":"https:\/\/hungaroonline.hu\/?s={search_term_string}"},"query-input":{"@type":"PropertyValueSpecification","valueRequired":true,"valueName":"search_term_string"}}],"inLanguage":"ro-RO"},{"@type":"Organization","@id":"https:\/\/hungaroonline.hu\/#organization","name":"HungaroOnline","url":"https:\/\/hungaroonline.hu\/","logo":{"@type":"ImageObject","inLanguage":"ro-RO","@id":"https:\/\/hungaroonline.hu\/#\/schema\/logo\/image\/","url":"https:\/\/hungaroonline.hu\/wp-content\/uploads\/2023\/01\/hungaroonline-footer-logo-color-a.png","contentUrl":"https:\/\/hungaroonline.hu\/wp-content\/uploads\/2023\/01\/hungaroonline-footer-logo-color-a.png","width":970,"height":86,"caption":"HungaroOnline"},"image":{"@id":"https:\/\/hungaroonline.hu\/#\/schema\/logo\/image\/"},"sameAs":["https:\/\/www.facebook.com\/hungaroonline"]}]}},"_links":{"self":[{"href":"https:\/\/hungaroonline.hu\/ro\/wp-json\/wp\/v2\/product\/6243","targetHints":{"allow":["GET"]}}],"collection":[{"href":"https:\/\/hungaroonline.hu\/ro\/wp-json\/wp\/v2\/product"}],"about":[{"href":"https:\/\/hungaroonline.hu\/ro\/wp-json\/wp\/v2\/types\/product"}],"replies":[{"embeddable":true,"href":"https:\/\/hungaroonline.hu\/ro\/wp-json\/wp\/v2\/comments?post=6243"}],"version-history":[{"count":13,"href":"https:\/\/hungaroonline.hu\/ro\/wp-json\/wp\/v2\/product\/6243\/revisions"}],"predecessor-version":[{"id":7307,"href":"https:\/\/hungaroonline.hu\/ro\/wp-json\/wp\/v2\/product\/6243\/revisions\/7307"}],"wp:featuredmedia":[{"embeddable":true,"href":"https:\/\/hungaroonline.hu\/ro\/wp-json\/wp\/v2\/media\/7218"}],"wp:attachment":[{"href":"https:\/\/hungaroonline.hu\/ro\/wp-json\/wp\/v2\/media?parent=6243"}],"wp:term":[{"taxonomy":"product_brand","embeddable":true,"href":"https:\/\/hungaroonline.hu\/ro\/wp-json\/wp\/v2\/product_brand?post=6243"},{"taxonomy":"product_cat","embeddable":true,"href":"https:\/\/hungaroonline.hu\/ro\/wp-json\/wp\/v2\/product_cat?post=6243"},{"taxonomy":"product_tag","embeddable":true,"href":"https:\/\/hungaroonline.hu\/ro\/wp-json\/wp\/v2\/product_tag?post=6243"}],"curies":[{"name":"wp","href":"https:\/\/api.w.org\/{rel}","templated":true}]}}