{"id":2676,"date":"2021-02-10T10:58:33","date_gmt":"2021-02-10T09:58:33","guid":{"rendered":"https:\/\/hungaroonline.hempa.hu\/?post_type=product&#038;p=2676"},"modified":"2025-09-21T11:46:45","modified_gmt":"2025-09-21T09:46:45","slug":"extra-nagy-lapos-tetos-hoszigetelessel","status":"publish","type":"product","link":"https:\/\/hungaroonline.hu\/ro\/produs\/extra-nagy-lapos-tetos-hoszigetelessel\/","title":{"rendered":"(XL) C\u0103su\u021b\u0103 EXTRA MARE pentru c\u00e2ini cu acoperi\u0219 plat, cu izola\u021bie termic\u0103"},"content":{"rendered":"<p><img fetchpriority=\"high\" decoding=\"async\" class=\"wp-image-7493 aligncenter\" src=\"https:\/\/hungaroonline.hu\/wp-content\/uploads\/2025\/01\/laposteto-kutyahaz2-300x300.jpeg\" alt=\"Lapostet\u0151 kutyah\u00e1z\" width=\"302\" height=\"302\" srcset=\"https:\/\/hungaroonline.hu\/wp-content\/uploads\/2025\/01\/laposteto-kutyahaz2-300x300.jpeg 300w, https:\/\/hungaroonline.hu\/wp-content\/uploads\/2025\/01\/laposteto-kutyahaz2-1024x1024.jpeg 1024w, https:\/\/hungaroonline.hu\/wp-content\/uploads\/2025\/01\/laposteto-kutyahaz2-768x768.jpeg 768w, https:\/\/hungaroonline.hu\/wp-content\/uploads\/2025\/01\/laposteto-kutyahaz2-1536x1536.jpeg 1536w, https:\/\/hungaroonline.hu\/wp-content\/uploads\/2025\/01\/laposteto-kutyahaz2-2048x2048.jpeg 2048w, https:\/\/hungaroonline.hu\/wp-content\/uploads\/2025\/01\/laposteto-kutyahaz2-12x12.jpeg 12w, https:\/\/hungaroonline.hu\/wp-content\/uploads\/2025\/01\/laposteto-kutyahaz2-600x600.jpeg 600w, https:\/\/hungaroonline.hu\/wp-content\/uploads\/2025\/01\/laposteto-kutyahaz2-1000x1000.jpeg 1000w, https:\/\/hungaroonline.hu\/wp-content\/uploads\/2025\/01\/laposteto-kutyahaz2-100x100.jpeg 100w\" sizes=\"(max-width: 302px) 100vw, 302px\" \/><\/p>\n<p>&nbsp;<\/p>\n<p style=\"text-align: center;\"><strong>De 15 ani producem case pentru c\u00e2ini de \u00eenalt\u0103 calitate, rezistente la intemperii \u0219i durabile \u00een atelierul nostru de t\u00e2mpl\u0103rie!<\/strong><\/p>\n<p>&nbsp;<\/p>\n<p>&nbsp;<\/p>\n<p>&nbsp;<\/p>\n<p><strong><em>De ce s\u0103 ne alegem casele pentru c\u00e2ini?<\/em><\/strong><\/p>\n<ul>\n<li>O facem din lambriu din lemn de pin rindeluit de 1,5 cm!<\/li>\n<li>Datorit\u0103 cadrului din lemn masiv, este foarte durabil!<\/li>\n<li>Fundul c\u0103su\u021bei pentru c\u00e2ini este ridicat la 3 cm de la sol!<\/li>\n<li>Styrofoam de 2 cm, plus acoperire din placaj!<\/li>\n<li>Peretele lateral \u0219i fundul sunt ambele izolate!<\/li>\n<li>Designul s\u0103u este complet conceput pentru utilizare \u00een aer liber!<\/li>\n<li>Oferim o garan\u021bie de 1 an pentru casele noastre pentru c\u00e2ini!<\/li>\n<\/ul>\n<p>&nbsp;<\/p>\n<p>&nbsp;<\/p>\n<p>Casele noastre pentru c\u00e2ini sunt expediate la pachet, ceea ce \u00eenseamn\u0103 c\u0103 ajung la tine neasamblate. Datorit\u0103 naturii lor voluminoase, aceast\u0103 metod\u0103 de transport este cea mai rentabil\u0103 op\u021biune!<\/p>\n<p>&nbsp;<\/p>\n<p>&nbsp;<\/p>\n<p><strong>C\u0103su\u021bele noastre pentru c\u00e2ini montate \u00een plat sunt u\u0219or de asamblat!<\/strong><\/p>\n<p>- Vom adauga instructiuni de asamblare!<\/p>\n<p>- Este pre-forat!<\/p>\n<p>- Poate fi montat cu \u0219urub de o singur\u0103 dimensiune!<\/p>\n<p>&nbsp;<\/p>\n<p>&nbsp;<\/p>\n<p>Dimensiuni:<\/p>\n<p>Dimensiuni exterioare: 100 cm latime, 80 cm lungime, 90 cm inaltime.<\/p>\n<p>&nbsp;<\/p>\n<p>Dimensiuni interioare: 90 cm latime, 70 cm lungime, 85 cm inaltime.<\/p>\n<p>&nbsp;<\/p>\n<p>Dimensiune intrare: 40 cm latime, 60 cm inaltime.<\/p>\n<p>&nbsp;<\/p>\n<p>Culoare: Natural - Nu vopsit!<\/p>\n<p>&nbsp;<\/p>\n<p>&nbsp;<\/p>\n<p>&nbsp;<\/p>\n<p><em><b>Cas\u0103 pentru c\u00e2ini foarte mare <strong>de exemplu<\/strong>: <\/b>\u00cel recomand\u0103m pentru Rottweiler (mascul), Dobermann (mascul), Mastiff Tibetan, Bullmastiff, Schnauzer uria\u0219, Kuvasz, Komondor, Cane Corso, Moscow Watchdog.<\/em><\/p>\n<p>&nbsp;<\/p>\n<p>&nbsp;<\/p>\n<p><em>Casa pentru c\u00e2ini <strong>dimensiune \u0219i greutate<\/strong> (<strong>63<\/strong> <strong>kg<\/strong>) rezult\u00e2nd costul de transport: <strong>8000 HUF<\/strong><\/em><\/p>\n<p>&nbsp;<\/p>\n<p>&nbsp;<\/p>\n<p>&nbsp;<\/p>\n<p><a href=\"https:\/\/hungaroonline.hu\/ro\/kutyahazak\/?v=baba78b405b0\"><em><strong><span style=\"color: #3366ff;\">MAI MULTE IMAGINI AICI<\/span><\/strong><\/em><\/a><\/p>\n<p>&nbsp;<\/p>\n<p>&nbsp;<\/p>","protected":false},"excerpt":{"rendered":"<p><strong><em>Produs realizat de t\u00e2mplari!<\/em><\/strong><\/p>\n<p><em>Usa laterala!<\/em><\/p>\n<p>Termen de livrare: 3-6 zile lucratoare!<\/p>\n<p>&nbsp;<\/p>","protected":false},"featured_media":2644,"comment_status":"closed","ping_status":"closed","template":"","meta":[],"product_brand":[],"product_cat":[43],"product_tag":[],"class_list":{"0":"post-2676","1":"product","2":"type-product","3":"status-publish","4":"has-post-thumbnail","6":"product_cat-kutyahazak-tobb-meretben","7":"product_shipping_class-kutyahaz-extra-nagy5","9":"first","10":"instock","11":"purchasable","12":"product-type-simple"},"yoast_head":"<!-- This site is optimized with the Yoast SEO plugin v26.6 - https:\/\/yoast.com\/wordpress\/plugins\/seo\/ -->\n<title>(XL) EXTRA NAGY lapostet\u0151s kutyah\u00e1z h\u0151szigetel\u00e9ssel - HungaroOnline<\/title>\n<meta name=\"description\" content=\"MI\u00c9RT J\u00d3 V\u00c1LASZT\u00c1S EZ A KUTYAH\u00c1Z: Asztalosok \u00e1ltal elk\u00e9sz\u00edtett term\u00e9k! Gyalult 1,5 cm feny\u0151fa lamb\u00e9ri\u00e1b\u00f3l k\u00e9sz\u00edtj\u00fck! T\u00f6m\u00f6r fav\u00e1z\u00e1nak k\u00f6sz\u00f6nhet\u0151en nagyon\u00a0 strapab\u00edr\u00f3! A kutyah\u00e1z feneke 3 cm-re el van emelve a f\u00f6ldt\u0151l! 1 \u00e9v j\u00f3t\u00e1ll\u00e1st biztos\u00edtunk!\" \/>\n<meta name=\"robots\" content=\"index, follow, max-snippet:-1, max-image-preview:large, max-video-preview:-1\" \/>\n<link rel=\"canonical\" href=\"https:\/\/hungaroonline.hu\/ro\/produs\/extra-nagy-lapos-tetos-hoszigetelessel\/\" \/>\n<meta property=\"og:locale\" content=\"ro_RO\" \/>\n<meta property=\"og:type\" content=\"article\" \/>\n<meta property=\"og:title\" content=\"Extra nagy kutyah\u00e1z\" \/>\n<meta property=\"og:description\" content=\"MI\u00c9RT J\u00d3 V\u00c1LASZT\u00c1S EZ A KUTYAH\u00c1Z: Asztalosok \u00e1ltal elk\u00e9sz\u00edtett term\u00e9k! Gyalult 1,5 cm feny\u0151fa lamb\u00e9ri\u00e1b\u00f3l k\u00e9sz\u00edtj\u00fck! T\u00f6m\u00f6r fav\u00e1z\u00e1nak k\u00f6sz\u00f6nhet\u0151en nagyon\u00a0 strapab\u00edr\u00f3! A kutyah\u00e1z feneke 3 cm-re el van emelve a f\u00f6ldt\u0151l! 1 \u00e9v j\u00f3t\u00e1ll\u00e1st biztos\u00edtunk!\" \/>\n<meta property=\"og:url\" content=\"https:\/\/hungaroonline.hu\/ro\/produs\/extra-nagy-lapos-tetos-hoszigetelessel\/\" \/>\n<meta property=\"og:site_name\" content=\"HungaroOnline\" \/>\n<meta property=\"article:publisher\" content=\"https:\/\/www.facebook.com\/hungaroonline\" \/>\n<meta property=\"article:modified_time\" content=\"2025-09-21T09:46:45+00:00\" \/>\n<meta property=\"og:image\" content=\"https:\/\/hungaroonline.hu\/wp-content\/uploads\/2021\/02\/kutyahaz-17-2-scaled.jpg\" \/>\n\t<meta property=\"og:image:width\" content=\"2560\" \/>\n\t<meta property=\"og:image:height\" content=\"2560\" \/>\n\t<meta property=\"og:image:type\" content=\"image\/jpeg\" \/>\n<meta name=\"twitter:card\" content=\"summary_large_image\" \/>\n<meta name=\"twitter:label1\" content=\"Timp estimat pentru citire\" \/>\n\t<meta name=\"twitter:data1\" content=\"2 minute\" \/>\n<script type=\"application\/ld+json\" class=\"yoast-schema-graph\">{\"@context\":\"https:\/\/schema.org\",\"@graph\":[{\"@type\":\"WebPage\",\"@id\":\"https:\/\/hungaroonline.hu\/termek\/extra-nagy-lapos-tetos-hoszigetelessel\/\",\"url\":\"https:\/\/hungaroonline.hu\/termek\/extra-nagy-lapos-tetos-hoszigetelessel\/\",\"name\":\"(XL) EXTRA NAGY lapostet\u0151s kutyah\u00e1z h\u0151szigetel\u00e9ssel - HungaroOnline\",\"isPartOf\":{\"@id\":\"https:\/\/hungaroonline.hu\/#website\"},\"primaryImageOfPage\":{\"@id\":\"https:\/\/hungaroonline.hu\/termek\/extra-nagy-lapos-tetos-hoszigetelessel\/#primaryimage\"},\"image\":{\"@id\":\"https:\/\/hungaroonline.hu\/termek\/extra-nagy-lapos-tetos-hoszigetelessel\/#primaryimage\"},\"thumbnailUrl\":\"https:\/\/hungaroonline.hu\/wp-content\/uploads\/2021\/02\/kutyahaz-17-scaled.jpg\",\"datePublished\":\"2021-02-10T09:58:33+00:00\",\"dateModified\":\"2025-09-21T09:46:45+00:00\",\"description\":\"MI\u00c9RT J\u00d3 V\u00c1LASZT\u00c1S EZ A KUTYAH\u00c1Z: Asztalosok \u00e1ltal elk\u00e9sz\u00edtett term\u00e9k! Gyalult 1,5 cm feny\u0151fa lamb\u00e9ri\u00e1b\u00f3l k\u00e9sz\u00edtj\u00fck! T\u00f6m\u00f6r fav\u00e1z\u00e1nak k\u00f6sz\u00f6nhet\u0151en nagyon\u00a0 strapab\u00edr\u00f3! A kutyah\u00e1z feneke 3 cm-re el van emelve a f\u00f6ldt\u0151l! 1 \u00e9v j\u00f3t\u00e1ll\u00e1st biztos\u00edtunk!\",\"breadcrumb\":{\"@id\":\"https:\/\/hungaroonline.hu\/termek\/extra-nagy-lapos-tetos-hoszigetelessel\/#breadcrumb\"},\"inLanguage\":\"ro-RO\",\"potentialAction\":[{\"@type\":\"ReadAction\",\"target\":[\"https:\/\/hungaroonline.hu\/termek\/extra-nagy-lapos-tetos-hoszigetelessel\/\"]}]},{\"@type\":\"ImageObject\",\"inLanguage\":\"ro-RO\",\"@id\":\"https:\/\/hungaroonline.hu\/termek\/extra-nagy-lapos-tetos-hoszigetelessel\/#primaryimage\",\"url\":\"https:\/\/hungaroonline.hu\/wp-content\/uploads\/2021\/02\/kutyahaz-17-scaled.jpg\",\"contentUrl\":\"https:\/\/hungaroonline.hu\/wp-content\/uploads\/2021\/02\/kutyahaz-17-scaled.jpg\",\"width\":2560,\"height\":2560},{\"@type\":\"BreadcrumbList\",\"@id\":\"https:\/\/hungaroonline.hu\/termek\/extra-nagy-lapos-tetos-hoszigetelessel\/#breadcrumb\",\"itemListElement\":[{\"@type\":\"ListItem\",\"position\":1,\"name\":\"Home\",\"item\":\"https:\/\/hungaroonline.hu\/\"},{\"@type\":\"ListItem\",\"position\":2,\"name\":\"\u00dczlet\",\"item\":\"https:\/\/hungaroonline.hu\/uzlet\/\"},{\"@type\":\"ListItem\",\"position\":3,\"name\":\"(XL) EXTRA NAGY lapostet\u0151s kutyah\u00e1z h\u0151szigetel\u00e9ssel\"}]},{\"@type\":\"WebSite\",\"@id\":\"https:\/\/hungaroonline.hu\/#website\",\"url\":\"https:\/\/hungaroonline.hu\/\",\"name\":\"HungaroOnline\",\"description\":\"Kutyah\u00e1z - Hord\u00f3 - Raklap b\u00fator - Raklapp\u00e1rna Gy\u00e1rt\u00e1sa\",\"publisher\":{\"@id\":\"https:\/\/hungaroonline.hu\/#organization\"},\"potentialAction\":[{\"@type\":\"SearchAction\",\"target\":{\"@type\":\"EntryPoint\",\"urlTemplate\":\"https:\/\/hungaroonline.hu\/?s={search_term_string}\"},\"query-input\":{\"@type\":\"PropertyValueSpecification\",\"valueRequired\":true,\"valueName\":\"search_term_string\"}}],\"inLanguage\":\"ro-RO\"},{\"@type\":\"Organization\",\"@id\":\"https:\/\/hungaroonline.hu\/#organization\",\"name\":\"HungaroOnline\",\"url\":\"https:\/\/hungaroonline.hu\/\",\"logo\":{\"@type\":\"ImageObject\",\"inLanguage\":\"ro-RO\",\"@id\":\"https:\/\/hungaroonline.hu\/#\/schema\/logo\/image\/\",\"url\":\"https:\/\/hungaroonline.hu\/wp-content\/uploads\/2023\/01\/hungaroonline-footer-logo-color-a.png\",\"contentUrl\":\"https:\/\/hungaroonline.hu\/wp-content\/uploads\/2023\/01\/hungaroonline-footer-logo-color-a.png\",\"width\":970,\"height\":86,\"caption\":\"HungaroOnline\"},\"image\":{\"@id\":\"https:\/\/hungaroonline.hu\/#\/schema\/logo\/image\/\"},\"sameAs\":[\"https:\/\/www.facebook.com\/hungaroonline\"]}]}<\/script>\n<!-- \/ Yoast SEO plugin. -->","yoast_head_json":{"title":"(XL) EXTRA NAGY lapostet\u0151s kutyah\u00e1z h\u0151szigetel\u00e9ssel - HungaroOnline","description":"MI\u00c9RT J\u00d3 V\u00c1LASZT\u00c1S EZ A KUTYAH\u00c1Z: Asztalosok \u00e1ltal elk\u00e9sz\u00edtett term\u00e9k! Gyalult 1,5 cm feny\u0151fa lamb\u00e9ri\u00e1b\u00f3l k\u00e9sz\u00edtj\u00fck! T\u00f6m\u00f6r fav\u00e1z\u00e1nak k\u00f6sz\u00f6nhet\u0151en nagyon\u00a0 strapab\u00edr\u00f3! A kutyah\u00e1z feneke 3 cm-re el van emelve a f\u00f6ldt\u0151l! 1 \u00e9v j\u00f3t\u00e1ll\u00e1st biztos\u00edtunk!","robots":{"index":"index","follow":"follow","max-snippet":"max-snippet:-1","max-image-preview":"max-image-preview:large","max-video-preview":"max-video-preview:-1"},"canonical":"https:\/\/hungaroonline.hu\/ro\/produs\/extra-nagy-lapos-tetos-hoszigetelessel\/","og_locale":"ro_RO","og_type":"article","og_title":"Extra nagy kutyah\u00e1z","og_description":"MI\u00c9RT J\u00d3 V\u00c1LASZT\u00c1S EZ A KUTYAH\u00c1Z: Asztalosok \u00e1ltal elk\u00e9sz\u00edtett term\u00e9k! Gyalult 1,5 cm feny\u0151fa lamb\u00e9ri\u00e1b\u00f3l k\u00e9sz\u00edtj\u00fck! T\u00f6m\u00f6r fav\u00e1z\u00e1nak k\u00f6sz\u00f6nhet\u0151en nagyon\u00a0 strapab\u00edr\u00f3! A kutyah\u00e1z feneke 3 cm-re el van emelve a f\u00f6ldt\u0151l! 1 \u00e9v j\u00f3t\u00e1ll\u00e1st biztos\u00edtunk!","og_url":"https:\/\/hungaroonline.hu\/ro\/produs\/extra-nagy-lapos-tetos-hoszigetelessel\/","og_site_name":"HungaroOnline","article_publisher":"https:\/\/www.facebook.com\/hungaroonline","article_modified_time":"2025-09-21T09:46:45+00:00","og_image":[{"width":2560,"height":2560,"url":"https:\/\/hungaroonline.hu\/wp-content\/uploads\/2021\/02\/kutyahaz-17-2-scaled.jpg","type":"image\/jpeg"}],"twitter_card":"summary_large_image","twitter_misc":{"Timp estimat pentru citire":"2 minute"},"schema":{"@context":"https:\/\/schema.org","@graph":[{"@type":"WebPage","@id":"https:\/\/hungaroonline.hu\/termek\/extra-nagy-lapos-tetos-hoszigetelessel\/","url":"https:\/\/hungaroonline.hu\/termek\/extra-nagy-lapos-tetos-hoszigetelessel\/","name":"(XL) EXTRA NAGY lapostet\u0151s kutyah\u00e1z h\u0151szigetel\u00e9ssel - HungaroOnline","isPartOf":{"@id":"https:\/\/hungaroonline.hu\/#website"},"primaryImageOfPage":{"@id":"https:\/\/hungaroonline.hu\/termek\/extra-nagy-lapos-tetos-hoszigetelessel\/#primaryimage"},"image":{"@id":"https:\/\/hungaroonline.hu\/termek\/extra-nagy-lapos-tetos-hoszigetelessel\/#primaryimage"},"thumbnailUrl":"https:\/\/hungaroonline.hu\/wp-content\/uploads\/2021\/02\/kutyahaz-17-scaled.jpg","datePublished":"2021-02-10T09:58:33+00:00","dateModified":"2025-09-21T09:46:45+00:00","description":"MI\u00c9RT J\u00d3 V\u00c1LASZT\u00c1S EZ A KUTYAH\u00c1Z: Asztalosok \u00e1ltal elk\u00e9sz\u00edtett term\u00e9k! Gyalult 1,5 cm feny\u0151fa lamb\u00e9ri\u00e1b\u00f3l k\u00e9sz\u00edtj\u00fck! T\u00f6m\u00f6r fav\u00e1z\u00e1nak k\u00f6sz\u00f6nhet\u0151en nagyon\u00a0 strapab\u00edr\u00f3! A kutyah\u00e1z feneke 3 cm-re el van emelve a f\u00f6ldt\u0151l! 1 \u00e9v j\u00f3t\u00e1ll\u00e1st biztos\u00edtunk!","breadcrumb":{"@id":"https:\/\/hungaroonline.hu\/termek\/extra-nagy-lapos-tetos-hoszigetelessel\/#breadcrumb"},"inLanguage":"ro-RO","potentialAction":[{"@type":"ReadAction","target":["https:\/\/hungaroonline.hu\/termek\/extra-nagy-lapos-tetos-hoszigetelessel\/"]}]},{"@type":"ImageObject","inLanguage":"ro-RO","@id":"https:\/\/hungaroonline.hu\/termek\/extra-nagy-lapos-tetos-hoszigetelessel\/#primaryimage","url":"https:\/\/hungaroonline.hu\/wp-content\/uploads\/2021\/02\/kutyahaz-17-scaled.jpg","contentUrl":"https:\/\/hungaroonline.hu\/wp-content\/uploads\/2021\/02\/kutyahaz-17-scaled.jpg","width":2560,"height":2560},{"@type":"BreadcrumbList","@id":"https:\/\/hungaroonline.hu\/termek\/extra-nagy-lapos-tetos-hoszigetelessel\/#breadcrumb","itemListElement":[{"@type":"ListItem","position":1,"name":"Home","item":"https:\/\/hungaroonline.hu\/"},{"@type":"ListItem","position":2,"name":"\u00dczlet","item":"https:\/\/hungaroonline.hu\/uzlet\/"},{"@type":"ListItem","position":3,"name":"(XL) EXTRA NAGY lapostet\u0151s kutyah\u00e1z h\u0151szigetel\u00e9ssel"}]},{"@type":"WebSite","@id":"https:\/\/hungaroonline.hu\/#website","url":"https:\/\/hungaroonline.hu\/","name":"HungaroOnline","description":"Cu\u0219c\u0103 pentru c\u00e2ini - Butoi - Mobilier din pale\u021bi - Produc\u021bie de perne din pale\u021bi","publisher":{"@id":"https:\/\/hungaroonline.hu\/#organization"},"potentialAction":[{"@type":"SearchAction","target":{"@type":"EntryPoint","urlTemplate":"https:\/\/hungaroonline.hu\/?s={search_term_string}"},"query-input":{"@type":"PropertyValueSpecification","valueRequired":true,"valueName":"search_term_string"}}],"inLanguage":"ro-RO"},{"@type":"Organization","@id":"https:\/\/hungaroonline.hu\/#organization","name":"HungaroOnline","url":"https:\/\/hungaroonline.hu\/","logo":{"@type":"ImageObject","inLanguage":"ro-RO","@id":"https:\/\/hungaroonline.hu\/#\/schema\/logo\/image\/","url":"https:\/\/hungaroonline.hu\/wp-content\/uploads\/2023\/01\/hungaroonline-footer-logo-color-a.png","contentUrl":"https:\/\/hungaroonline.hu\/wp-content\/uploads\/2023\/01\/hungaroonline-footer-logo-color-a.png","width":970,"height":86,"caption":"HungaroOnline"},"image":{"@id":"https:\/\/hungaroonline.hu\/#\/schema\/logo\/image\/"},"sameAs":["https:\/\/www.facebook.com\/hungaroonline"]}]}},"_links":{"self":[{"href":"https:\/\/hungaroonline.hu\/ro\/wp-json\/wp\/v2\/product\/2676","targetHints":{"allow":["GET"]}}],"collection":[{"href":"https:\/\/hungaroonline.hu\/ro\/wp-json\/wp\/v2\/product"}],"about":[{"href":"https:\/\/hungaroonline.hu\/ro\/wp-json\/wp\/v2\/types\/product"}],"replies":[{"embeddable":true,"href":"https:\/\/hungaroonline.hu\/ro\/wp-json\/wp\/v2\/comments?post=2676"}],"version-history":[{"count":29,"href":"https:\/\/hungaroonline.hu\/ro\/wp-json\/wp\/v2\/product\/2676\/revisions"}],"predecessor-version":[{"id":7499,"href":"https:\/\/hungaroonline.hu\/ro\/wp-json\/wp\/v2\/product\/2676\/revisions\/7499"}],"wp:featuredmedia":[{"embeddable":true,"href":"https:\/\/hungaroonline.hu\/ro\/wp-json\/wp\/v2\/media\/2644"}],"wp:attachment":[{"href":"https:\/\/hungaroonline.hu\/ro\/wp-json\/wp\/v2\/media?parent=2676"}],"wp:term":[{"taxonomy":"product_brand","embeddable":true,"href":"https:\/\/hungaroonline.hu\/ro\/wp-json\/wp\/v2\/product_brand?post=2676"},{"taxonomy":"product_cat","embeddable":true,"href":"https:\/\/hungaroonline.hu\/ro\/wp-json\/wp\/v2\/product_cat?post=2676"},{"taxonomy":"product_tag","embeddable":true,"href":"https:\/\/hungaroonline.hu\/ro\/wp-json\/wp\/v2\/product_tag?post=2676"}],"curies":[{"name":"wp","href":"https:\/\/api.w.org\/{rel}","templated":true}]}}