{"id":2175,"date":"2020-10-03T14:33:29","date_gmt":"2020-10-03T12:33:29","guid":{"rendered":"https:\/\/hungaroonline.hempa.hu\/?post_type=product&#038;p=2175"},"modified":"2025-03-01T06:20:06","modified_gmt":"2025-03-01T05:20:06","slug":"thermo-fuggony-kutyahazra-40-c-kozepes-40x60-cm","status":"publish","type":"product","link":"https:\/\/hungaroonline.hu\/ro\/produs\/thermo-fuggony-kutyahazra-40-c-kozepes-40x60-cm\/","title":{"rendered":"PERDEA TERMICA INDUSTRIAL\u0102 -40\u00b0C MARE Pentru C\u0103su\u021b\u0103 40X54"},"content":{"rendered":"<p><img decoding=\"async\" class=\"wp-image-6961 aligncenter\" src=\"https:\/\/hungaroonline.hu\/wp-content\/uploads\/2020\/10\/thermo-fuggony-1-470x300.jpg\" alt=\"H\u0151f\u00fcgg\u00f6ny\" width=\"252\" height=\"161\" srcset=\"https:\/\/hungaroonline.hu\/wp-content\/uploads\/2020\/10\/thermo-fuggony-1-470x300.jpg 470w, https:\/\/hungaroonline.hu\/wp-content\/uploads\/2020\/10\/thermo-fuggony-1-1110x708.jpg 1110w, https:\/\/hungaroonline.hu\/wp-content\/uploads\/2020\/10\/thermo-fuggony-1-768x490.jpg 768w, https:\/\/hungaroonline.hu\/wp-content\/uploads\/2020\/10\/thermo-fuggony-1-1536x980.jpg 1536w, https:\/\/hungaroonline.hu\/wp-content\/uploads\/2020\/10\/thermo-fuggony-1-2048x1307.jpg 2048w, https:\/\/hungaroonline.hu\/wp-content\/uploads\/2020\/10\/thermo-fuggony-1-18x12.jpg 18w, https:\/\/hungaroonline.hu\/wp-content\/uploads\/2020\/10\/thermo-fuggony-1-1000x638.jpg 1000w\" sizes=\"(max-width: 252px) 100vw, 252px\" \/><\/p>\n<p>&nbsp;<\/p>\n<p>&nbsp;<\/p>\n<p>&nbsp;<\/p>\n<p style=\"text-align: center;\"><em><strong>Banda din PVC anti\u00eenghe\u021b industrial \u00ee\u0219i p\u0103streaz\u0103 propriet\u0103\u021bile fizice p\u00e2n\u0103 la -40 \u00b0C!<\/strong><\/em><\/p>\n<p>&nbsp;<\/p>\n<p>&nbsp;<\/p>\n<p>&nbsp;<\/p>\n<p>&nbsp;<\/p>\n<p>&nbsp;<\/p>\n<p>Perdele cu band\u0103 din PVC potrivit\u0103 at\u00e2t pentru exterior, c\u00e2t \u0219i pentru interior!<\/p>\n<p>Nu se rupe <strong>Nu<\/strong> <strong>se intareste!<\/strong><\/p>\n<p>Perdeaua cu band\u0103 din PVC <strong>bun izolator termic<\/strong>, prin utilizarea acestuia se pot realiza economii semnificative de energie.<\/p>\n<p>Protejeaz\u0103 \u00eempotriva curen\u021bilor, prafului \u0219i zgomotului.<\/p>\n<p>P\u0103strarea curat\u0103 este u\u0219or!<\/p>\n<p>Banda din PVC rezistenta la inghet este montata pe sipci de pin natural.<\/p>\n<p><strong>\u00cel livr\u0103m instalat pe c\u0103su\u021ba pentru c\u00e2ini,<\/strong>\u00a0 Asezati-le unul peste altul cu o suprapunere de 1-2 cm, reducand astfel curentul si patrunderea frigului la minim!<\/p>\n<p>Benzile transparente din PVC nu blocheaza vederea cainelui tau, dar ofera o protectie serioasa impotriva frigului!<\/p>\n<p>&nbsp;<\/p>\n<p>&nbsp;<\/p>\n<p>&nbsp;<\/p>\n<p>&nbsp;<\/p>\n<p><strong>Cas\u0103 mare pentru c\u00e2ini!<\/strong><\/p>\n<p>Dimensiune: 40 cm latime x 54 cm inaltime.<\/p>\n<p>Grosimea cortinei benzi din PVC: <strong>2 mm!<\/strong><\/p>\n<p>Interval de temperatur\u0103: <strong>-40<\/strong> \u00b0C ~<strong>+35<\/strong> \u00b0C<\/p>\n<p>&nbsp;<\/p>\n<p>&nbsp;<\/p>\n<p>&nbsp;<\/p>\n<p>&nbsp;<\/p>\n<p>&nbsp;<\/p>\n<p><em><strong>IMPORTANT!!!<\/strong><\/em><\/p>\n<div>\n<div>Perdeaua termic\u0103 nu are costuri de transport doar dac\u0103 este comandat\u0103 \u00eempreun\u0103 cu o c\u0103su\u021b\u0103 pentru c\u00e2ini!<\/div>\n<div>Daca vrei sa cumperi doar perdeaua termica, atunci costurile de transport sunt pentru ea <strong>3000 HUF<\/strong> brut, pe care \u00eel calcul\u0103m ulterior!<\/div>\n<\/div>\n<div><\/div>\n<div><strong>Multumesc ca ati venit!<\/strong><\/div>\n<p>&nbsp;<\/p>\n<p>&nbsp;<\/p>\n<p>&nbsp;<\/p>","protected":false},"excerpt":{"rendered":"<p>&nbsp;<\/p>\n<p><strong>Mare <\/strong><b>la cubana!<\/b><\/p>\n<p>&nbsp;<\/p>\n<p>Termen de livrare: 3-7 zile lucratoare!<\/p>\n<p>&nbsp;<\/p>\n<p>&nbsp;<\/p>","protected":false},"featured_media":3483,"comment_status":"closed","ping_status":"closed","template":"","meta":[],"product_brand":[],"product_cat":[43,93],"product_tag":[],"class_list":{"0":"post-2175","1":"product","2":"type-product","3":"status-publish","4":"has-post-thumbnail","6":"product_cat-kutyahazak-tobb-meretben","7":"product_cat-thermo-fuggony-kutyahazra","8":"product_shipping_class-thermo-fuggony","10":"first","11":"instock","12":"purchasable","13":"product-type-simple"},"yoast_head":"<!-- This site is optimized with the Yoast SEO plugin v26.6 - https:\/\/yoast.com\/wordpress\/plugins\/seo\/ -->\n<title>IPARI Thermo F\u00fcgg\u00f6ny -40\u00b0C NAGY Kutyah\u00e1zra 40X54 - HungaroOnline<\/title>\n<meta name=\"description\" content=\"IPARI fagy\u00e1ll\u00f3 PVC szalag -40 \u00b0C h\u0151m\u00e9rs\u00e9kletig meg\u0151rzi fizikai tulajdons\u00e1gait, nem t\u00f6rik, nem kem\u00e9nyedik be, haszn\u00e1lhat\u00f3s\u00e1ga a norm\u00e1lis, fagymentes h\u0151m\u00e9rs\u00e9kleti viszonyoknak megfelel\u0151 marad.\" \/>\n<meta name=\"robots\" content=\"index, follow, max-snippet:-1, max-image-preview:large, max-video-preview:-1\" \/>\n<link rel=\"canonical\" href=\"https:\/\/hungaroonline.hu\/ro\/produs\/thermo-fuggony-kutyahazra-40-c-kozepes-40x60-cm\/\" \/>\n<meta property=\"og:locale\" content=\"ro_RO\" \/>\n<meta property=\"og:type\" content=\"article\" \/>\n<meta property=\"og:title\" content=\"IPARI Thermo F\u00fcgg\u00f6ny -40\u00b0C NAGY Kutyah\u00e1zra 40X54 - HungaroOnline\" \/>\n<meta property=\"og:description\" content=\"IPARI fagy\u00e1ll\u00f3 PVC szalag -40 \u00b0C h\u0151m\u00e9rs\u00e9kletig meg\u0151rzi fizikai tulajdons\u00e1gait, nem t\u00f6rik, nem kem\u00e9nyedik be, haszn\u00e1lhat\u00f3s\u00e1ga a norm\u00e1lis, fagymentes h\u0151m\u00e9rs\u00e9kleti viszonyoknak megfelel\u0151 marad.\" \/>\n<meta property=\"og:url\" content=\"https:\/\/hungaroonline.hu\/ro\/produs\/thermo-fuggony-kutyahazra-40-c-kozepes-40x60-cm\/\" \/>\n<meta property=\"og:site_name\" content=\"HungaroOnline\" \/>\n<meta property=\"article:publisher\" content=\"https:\/\/www.facebook.com\/hungaroonline\" \/>\n<meta property=\"article:modified_time\" content=\"2025-03-01T05:20:06+00:00\" \/>\n<meta property=\"og:image\" content=\"https:\/\/hungaroonline.hu\/wp-content\/uploads\/2020\/10\/Thermo-fuggony-3-.jpg\" \/>\n\t<meta property=\"og:image:width\" content=\"350\" \/>\n\t<meta property=\"og:image:height\" content=\"350\" \/>\n\t<meta property=\"og:image:type\" content=\"image\/jpeg\" \/>\n<meta name=\"twitter:card\" content=\"summary_large_image\" \/>\n<meta name=\"twitter:label1\" content=\"Timp estimat pentru citire\" \/>\n\t<meta name=\"twitter:data1\" content=\"2 minute\" \/>\n<script type=\"application\/ld+json\" class=\"yoast-schema-graph\">{\"@context\":\"https:\/\/schema.org\",\"@graph\":[{\"@type\":\"WebPage\",\"@id\":\"https:\/\/hungaroonline.hu\/termek\/thermo-fuggony-kutyahazra-40-c-kozepes-40x60-cm\/\",\"url\":\"https:\/\/hungaroonline.hu\/termek\/thermo-fuggony-kutyahazra-40-c-kozepes-40x60-cm\/\",\"name\":\"IPARI Thermo F\u00fcgg\u00f6ny -40\u00b0C NAGY Kutyah\u00e1zra 40X54 - HungaroOnline\",\"isPartOf\":{\"@id\":\"https:\/\/hungaroonline.hu\/#website\"},\"primaryImageOfPage\":{\"@id\":\"https:\/\/hungaroonline.hu\/termek\/thermo-fuggony-kutyahazra-40-c-kozepes-40x60-cm\/#primaryimage\"},\"image\":{\"@id\":\"https:\/\/hungaroonline.hu\/termek\/thermo-fuggony-kutyahazra-40-c-kozepes-40x60-cm\/#primaryimage\"},\"thumbnailUrl\":\"https:\/\/hungaroonline.hu\/wp-content\/uploads\/2020\/10\/Thermo-fuggony-3-.jpg\",\"datePublished\":\"2020-10-03T12:33:29+00:00\",\"dateModified\":\"2025-03-01T05:20:06+00:00\",\"description\":\"IPARI fagy\u00e1ll\u00f3 PVC szalag -40 \u00b0C h\u0151m\u00e9rs\u00e9kletig meg\u0151rzi fizikai tulajdons\u00e1gait, nem t\u00f6rik, nem kem\u00e9nyedik be, haszn\u00e1lhat\u00f3s\u00e1ga a norm\u00e1lis, fagymentes h\u0151m\u00e9rs\u00e9kleti viszonyoknak megfelel\u0151 marad.\",\"breadcrumb\":{\"@id\":\"https:\/\/hungaroonline.hu\/termek\/thermo-fuggony-kutyahazra-40-c-kozepes-40x60-cm\/#breadcrumb\"},\"inLanguage\":\"ro-RO\",\"potentialAction\":[{\"@type\":\"ReadAction\",\"target\":[\"https:\/\/hungaroonline.hu\/termek\/thermo-fuggony-kutyahazra-40-c-kozepes-40x60-cm\/\"]}]},{\"@type\":\"ImageObject\",\"inLanguage\":\"ro-RO\",\"@id\":\"https:\/\/hungaroonline.hu\/termek\/thermo-fuggony-kutyahazra-40-c-kozepes-40x60-cm\/#primaryimage\",\"url\":\"https:\/\/hungaroonline.hu\/wp-content\/uploads\/2020\/10\/Thermo-fuggony-3-.jpg\",\"contentUrl\":\"https:\/\/hungaroonline.hu\/wp-content\/uploads\/2020\/10\/Thermo-fuggony-3-.jpg\",\"width\":350,\"height\":350,\"caption\":\"H\u0151f\u00fcgg\u00f6ny\"},{\"@type\":\"BreadcrumbList\",\"@id\":\"https:\/\/hungaroonline.hu\/termek\/thermo-fuggony-kutyahazra-40-c-kozepes-40x60-cm\/#breadcrumb\",\"itemListElement\":[{\"@type\":\"ListItem\",\"position\":1,\"name\":\"Home\",\"item\":\"https:\/\/hungaroonline.hu\/\"},{\"@type\":\"ListItem\",\"position\":2,\"name\":\"\u00dczlet\",\"item\":\"https:\/\/hungaroonline.hu\/uzlet\/\"},{\"@type\":\"ListItem\",\"position\":3,\"name\":\"IPARI Thermo F\u00fcgg\u00f6ny -40\u00b0C NAGY Kutyah\u00e1zra 40X54\"}]},{\"@type\":\"WebSite\",\"@id\":\"https:\/\/hungaroonline.hu\/#website\",\"url\":\"https:\/\/hungaroonline.hu\/\",\"name\":\"HungaroOnline\",\"description\":\"Kutyah\u00e1z - Hord\u00f3 - Raklap b\u00fator - Raklapp\u00e1rna Gy\u00e1rt\u00e1sa\",\"publisher\":{\"@id\":\"https:\/\/hungaroonline.hu\/#organization\"},\"potentialAction\":[{\"@type\":\"SearchAction\",\"target\":{\"@type\":\"EntryPoint\",\"urlTemplate\":\"https:\/\/hungaroonline.hu\/?s={search_term_string}\"},\"query-input\":{\"@type\":\"PropertyValueSpecification\",\"valueRequired\":true,\"valueName\":\"search_term_string\"}}],\"inLanguage\":\"ro-RO\"},{\"@type\":\"Organization\",\"@id\":\"https:\/\/hungaroonline.hu\/#organization\",\"name\":\"HungaroOnline\",\"url\":\"https:\/\/hungaroonline.hu\/\",\"logo\":{\"@type\":\"ImageObject\",\"inLanguage\":\"ro-RO\",\"@id\":\"https:\/\/hungaroonline.hu\/#\/schema\/logo\/image\/\",\"url\":\"https:\/\/hungaroonline.hu\/wp-content\/uploads\/2023\/01\/hungaroonline-footer-logo-color-a.png\",\"contentUrl\":\"https:\/\/hungaroonline.hu\/wp-content\/uploads\/2023\/01\/hungaroonline-footer-logo-color-a.png\",\"width\":970,\"height\":86,\"caption\":\"HungaroOnline\"},\"image\":{\"@id\":\"https:\/\/hungaroonline.hu\/#\/schema\/logo\/image\/\"},\"sameAs\":[\"https:\/\/www.facebook.com\/hungaroonline\"]}]}<\/script>\n<!-- \/ Yoast SEO plugin. -->","yoast_head_json":{"title":"IPARI Thermo F\u00fcgg\u00f6ny -40\u00b0C NAGY Kutyah\u00e1zra 40X54 - HungaroOnline","description":"IPARI fagy\u00e1ll\u00f3 PVC szalag -40 \u00b0C h\u0151m\u00e9rs\u00e9kletig meg\u0151rzi fizikai tulajdons\u00e1gait, nem t\u00f6rik, nem kem\u00e9nyedik be, haszn\u00e1lhat\u00f3s\u00e1ga a norm\u00e1lis, fagymentes h\u0151m\u00e9rs\u00e9kleti viszonyoknak megfelel\u0151 marad.","robots":{"index":"index","follow":"follow","max-snippet":"max-snippet:-1","max-image-preview":"max-image-preview:large","max-video-preview":"max-video-preview:-1"},"canonical":"https:\/\/hungaroonline.hu\/ro\/produs\/thermo-fuggony-kutyahazra-40-c-kozepes-40x60-cm\/","og_locale":"ro_RO","og_type":"article","og_title":"IPARI Thermo F\u00fcgg\u00f6ny -40\u00b0C NAGY Kutyah\u00e1zra 40X54 - HungaroOnline","og_description":"IPARI fagy\u00e1ll\u00f3 PVC szalag -40 \u00b0C h\u0151m\u00e9rs\u00e9kletig meg\u0151rzi fizikai tulajdons\u00e1gait, nem t\u00f6rik, nem kem\u00e9nyedik be, haszn\u00e1lhat\u00f3s\u00e1ga a norm\u00e1lis, fagymentes h\u0151m\u00e9rs\u00e9kleti viszonyoknak megfelel\u0151 marad.","og_url":"https:\/\/hungaroonline.hu\/ro\/produs\/thermo-fuggony-kutyahazra-40-c-kozepes-40x60-cm\/","og_site_name":"HungaroOnline","article_publisher":"https:\/\/www.facebook.com\/hungaroonline","article_modified_time":"2025-03-01T05:20:06+00:00","og_image":[{"width":350,"height":350,"url":"https:\/\/hungaroonline.hu\/wp-content\/uploads\/2020\/10\/Thermo-fuggony-3-.jpg","type":"image\/jpeg"}],"twitter_card":"summary_large_image","twitter_misc":{"Timp estimat pentru citire":"2 minute"},"schema":{"@context":"https:\/\/schema.org","@graph":[{"@type":"WebPage","@id":"https:\/\/hungaroonline.hu\/termek\/thermo-fuggony-kutyahazra-40-c-kozepes-40x60-cm\/","url":"https:\/\/hungaroonline.hu\/termek\/thermo-fuggony-kutyahazra-40-c-kozepes-40x60-cm\/","name":"IPARI Thermo F\u00fcgg\u00f6ny -40\u00b0C NAGY Kutyah\u00e1zra 40X54 - HungaroOnline","isPartOf":{"@id":"https:\/\/hungaroonline.hu\/#website"},"primaryImageOfPage":{"@id":"https:\/\/hungaroonline.hu\/termek\/thermo-fuggony-kutyahazra-40-c-kozepes-40x60-cm\/#primaryimage"},"image":{"@id":"https:\/\/hungaroonline.hu\/termek\/thermo-fuggony-kutyahazra-40-c-kozepes-40x60-cm\/#primaryimage"},"thumbnailUrl":"https:\/\/hungaroonline.hu\/wp-content\/uploads\/2020\/10\/Thermo-fuggony-3-.jpg","datePublished":"2020-10-03T12:33:29+00:00","dateModified":"2025-03-01T05:20:06+00:00","description":"IPARI fagy\u00e1ll\u00f3 PVC szalag -40 \u00b0C h\u0151m\u00e9rs\u00e9kletig meg\u0151rzi fizikai tulajdons\u00e1gait, nem t\u00f6rik, nem kem\u00e9nyedik be, haszn\u00e1lhat\u00f3s\u00e1ga a norm\u00e1lis, fagymentes h\u0151m\u00e9rs\u00e9kleti viszonyoknak megfelel\u0151 marad.","breadcrumb":{"@id":"https:\/\/hungaroonline.hu\/termek\/thermo-fuggony-kutyahazra-40-c-kozepes-40x60-cm\/#breadcrumb"},"inLanguage":"ro-RO","potentialAction":[{"@type":"ReadAction","target":["https:\/\/hungaroonline.hu\/termek\/thermo-fuggony-kutyahazra-40-c-kozepes-40x60-cm\/"]}]},{"@type":"ImageObject","inLanguage":"ro-RO","@id":"https:\/\/hungaroonline.hu\/termek\/thermo-fuggony-kutyahazra-40-c-kozepes-40x60-cm\/#primaryimage","url":"https:\/\/hungaroonline.hu\/wp-content\/uploads\/2020\/10\/Thermo-fuggony-3-.jpg","contentUrl":"https:\/\/hungaroonline.hu\/wp-content\/uploads\/2020\/10\/Thermo-fuggony-3-.jpg","width":350,"height":350,"caption":"H\u0151f\u00fcgg\u00f6ny"},{"@type":"BreadcrumbList","@id":"https:\/\/hungaroonline.hu\/termek\/thermo-fuggony-kutyahazra-40-c-kozepes-40x60-cm\/#breadcrumb","itemListElement":[{"@type":"ListItem","position":1,"name":"Home","item":"https:\/\/hungaroonline.hu\/"},{"@type":"ListItem","position":2,"name":"\u00dczlet","item":"https:\/\/hungaroonline.hu\/uzlet\/"},{"@type":"ListItem","position":3,"name":"IPARI Thermo F\u00fcgg\u00f6ny -40\u00b0C NAGY Kutyah\u00e1zra 40X54"}]},{"@type":"WebSite","@id":"https:\/\/hungaroonline.hu\/#website","url":"https:\/\/hungaroonline.hu\/","name":"HungaroOnline","description":"Cu\u0219c\u0103 pentru c\u00e2ini - Butoi - Mobilier din pale\u021bi - Produc\u021bie de perne din pale\u021bi","publisher":{"@id":"https:\/\/hungaroonline.hu\/#organization"},"potentialAction":[{"@type":"SearchAction","target":{"@type":"EntryPoint","urlTemplate":"https:\/\/hungaroonline.hu\/?s={search_term_string}"},"query-input":{"@type":"PropertyValueSpecification","valueRequired":true,"valueName":"search_term_string"}}],"inLanguage":"ro-RO"},{"@type":"Organization","@id":"https:\/\/hungaroonline.hu\/#organization","name":"HungaroOnline","url":"https:\/\/hungaroonline.hu\/","logo":{"@type":"ImageObject","inLanguage":"ro-RO","@id":"https:\/\/hungaroonline.hu\/#\/schema\/logo\/image\/","url":"https:\/\/hungaroonline.hu\/wp-content\/uploads\/2023\/01\/hungaroonline-footer-logo-color-a.png","contentUrl":"https:\/\/hungaroonline.hu\/wp-content\/uploads\/2023\/01\/hungaroonline-footer-logo-color-a.png","width":970,"height":86,"caption":"HungaroOnline"},"image":{"@id":"https:\/\/hungaroonline.hu\/#\/schema\/logo\/image\/"},"sameAs":["https:\/\/www.facebook.com\/hungaroonline"]}]}},"_links":{"self":[{"href":"https:\/\/hungaroonline.hu\/ro\/wp-json\/wp\/v2\/product\/2175","targetHints":{"allow":["GET"]}}],"collection":[{"href":"https:\/\/hungaroonline.hu\/ro\/wp-json\/wp\/v2\/product"}],"about":[{"href":"https:\/\/hungaroonline.hu\/ro\/wp-json\/wp\/v2\/types\/product"}],"replies":[{"embeddable":true,"href":"https:\/\/hungaroonline.hu\/ro\/wp-json\/wp\/v2\/comments?post=2175"}],"version-history":[{"count":10,"href":"https:\/\/hungaroonline.hu\/ro\/wp-json\/wp\/v2\/product\/2175\/revisions"}],"predecessor-version":[{"id":6988,"href":"https:\/\/hungaroonline.hu\/ro\/wp-json\/wp\/v2\/product\/2175\/revisions\/6988"}],"wp:featuredmedia":[{"embeddable":true,"href":"https:\/\/hungaroonline.hu\/ro\/wp-json\/wp\/v2\/media\/3483"}],"wp:attachment":[{"href":"https:\/\/hungaroonline.hu\/ro\/wp-json\/wp\/v2\/media?parent=2175"}],"wp:term":[{"taxonomy":"product_brand","embeddable":true,"href":"https:\/\/hungaroonline.hu\/ro\/wp-json\/wp\/v2\/product_brand?post=2175"},{"taxonomy":"product_cat","embeddable":true,"href":"https:\/\/hungaroonline.hu\/ro\/wp-json\/wp\/v2\/product_cat?post=2175"},{"taxonomy":"product_tag","embeddable":true,"href":"https:\/\/hungaroonline.hu\/ro\/wp-json\/wp\/v2\/product_tag?post=2175"}],"curies":[{"name":"wp","href":"https:\/\/api.w.org\/{rel}","templated":true}]}}