{"id":1666,"date":"2020-05-24T07:48:44","date_gmt":"2020-05-24T05:48:44","guid":{"rendered":"https:\/\/hungaroonline.hempa.hu\/?post_type=product&#038;p=1666"},"modified":"2025-07-24T11:41:14","modified_gmt":"2025-07-24T09:41:14","slug":"dupla-teteju-kutyahaz-kicsi","status":"publish","type":"product","link":"https:\/\/hungaroonline.hu\/ro\/produs\/dupla-teteju-kutyahaz-kicsi\/","title":{"rendered":"(S) Cas\u0103 MIC\u0102 pentru c\u00e2ini cu acoperi\u0219 dublu"},"content":{"rendered":"<p>&nbsp;<\/p>\n<p><img decoding=\"async\" class=\"wp-image-6757 aligncenter\" src=\"https:\/\/hungaroonline.hu\/wp-content\/uploads\/2021\/02\/kutyahaz-5-300x300.jpg\" alt=\"\" width=\"214\" height=\"214\" srcset=\"https:\/\/hungaroonline.hu\/wp-content\/uploads\/2021\/02\/kutyahaz-5-300x300.jpg 300w, https:\/\/hungaroonline.hu\/wp-content\/uploads\/2021\/02\/kutyahaz-5-768x768.jpg 768w, https:\/\/hungaroonline.hu\/wp-content\/uploads\/2021\/02\/kutyahaz-5-12x12.jpg 12w, https:\/\/hungaroonline.hu\/wp-content\/uploads\/2021\/02\/kutyahaz-5-600x600.jpg 600w, https:\/\/hungaroonline.hu\/wp-content\/uploads\/2021\/02\/kutyahaz-5-100x100.jpg 100w, https:\/\/hungaroonline.hu\/wp-content\/uploads\/2021\/02\/kutyahaz-5.jpg 960w\" sizes=\"(max-width: 214px) 100vw, 214px\" \/><\/p>\n<p>&nbsp;<\/p>\n<p style=\"text-align: center;\"><strong>De 15 ani producem case pentru c\u00e2ini de \u00eenalt\u0103 calitate, rezistente la intemperii \u0219i durabile \u00een atelierul nostru de t\u00e2mpl\u0103rie!<\/strong><\/p>\n<p>&nbsp;<\/p>\n<p>&nbsp;<\/p>\n<p>&nbsp;<\/p>\n<p><strong><em>De ce s\u0103 ne alegem casele pentru c\u00e2ini?<\/em><\/strong><\/p>\n<ul>\n<li>Extra solid!<\/li>\n<li>Cele 4 laturi ale casei pentru caini sunt din lemn de esenta tare cu grosimea de 2 cm iar blatul este din lemn de pin!<\/li>\n<li>Datorit\u0103 cadrului din lemn masiv, este foarte durabil!<\/li>\n<li>Fundul c\u0103su\u021bei pentru c\u00e2ini este ridicat la 6 cm de la sol!<\/li>\n<li>Designul s\u0103u este complet conceput pentru utilizare \u00een aer liber!<\/li>\n<li>Are un acoperi\u0219 dublu cu izola\u021bie din folie \u00eentre el!<\/li>\n<li>Livrat asamblat!<\/li>\n<li>Oferim o garan\u021bie de 1 an pentru casele noastre pentru c\u00e2ini!<\/li>\n<\/ul>\n<p>&nbsp;<\/p>\n<p>&nbsp;<\/p>\n<p>Dimensiuni:<\/p>\n<p>Dimensiuni exterioare: 50 cm latime, 50 cm lungime, 75 cm inaltime.<\/p>\n<p>Dimensiuni interioare: 45 cm latime, 45 cm lungime, 75 cm inaltime.<\/p>\n<p>C\u0103su\u021b\u0103 tratat\u0103 cu vopsea lac!<\/p>\n<p>&nbsp;<\/p>\n<p>&nbsp;<\/p>\n<p><em><strong><b>De exemplu, o cas\u0103 mic\u0103 pentru c\u00e2ini: <\/b><\/strong>\u00cel recomand\u0103m pentru buldogi francezi, teckel, westties, fox terrier.<\/em><\/p>\n<p>&nbsp;<\/p>\n<p>&nbsp;<\/p>\n<p><em>Cas\u0103 pentru c\u00e2ini <strong>dimensiune \u0219i greutate<\/strong> (40 kg) din cauza costului de transport: <strong>8000 HUF<\/strong><\/em><\/p>\n<p>&nbsp;<\/p>\n<p>&nbsp;<\/p>\n<p>&nbsp;<\/p>\n<p><a href=\"https:\/\/hungaroonline.hu\/ro\/dupla-teteju-kutyahaz\/\"><em><strong>MAI MULTE IMAGINI AICI<\/strong><\/em><\/a><\/p>\n<p>&nbsp;<\/p>\n<p>&nbsp;<\/p>","protected":false},"excerpt":{"rendered":"<p><em><strong>Produs realizat de t\u00e2mplari!<\/strong><\/em><\/p>\n<p>Foarte solid!<\/p>\n<p>Termen de livrare: 8-10 zile lucratoare!<\/p>","protected":false},"featured_media":1699,"comment_status":"closed","ping_status":"closed","template":"","meta":[],"product_brand":[],"product_cat":[83,43],"product_tag":[],"class_list":{"0":"post-1666","1":"product","2":"type-product","3":"status-publish","4":"has-post-thumbnail","6":"product_cat-extra-massziv-dupla-teteju","7":"product_cat-kutyahazak-tobb-meretben","8":"product_shipping_class-kutyahaz-extra-nagy5","10":"first","11":"instock","12":"purchasable","13":"product-type-simple"},"yoast_head":"<!-- This site is optimized with the Yoast SEO plugin v26.6 - https:\/\/yoast.com\/wordpress\/plugins\/seo\/ -->\n<title>(S) KICSI dupla tetej\u0171 kutyah\u00e1z - HungaroOnline<\/title>\n<meta name=\"description\" content=\"KUTYAH\u00c1ZAINK FONTOS JELLEMZ\u0150I: Asztalosok \u00e1ltal elk\u00e9sz\u00edtett term\u00e9k! A kutyah\u00e1zat oldal\u00e1t 2 cm\u00a0kem\u00e9nyf\u00e1b\u00f3l\u00a0 k\u00e9sz\u00edtj\u00fck! T\u00f6m\u00f6r fav\u00e1z\u00e1nak k\u00f6sz\u00f6nhet\u0151en nagyon\u00a0 strapab\u00edr\u00f3! A kutyah\u00e1z feneke 6\u00a0cm-re el van emelve a f\u00f6ldt\u0151l! Szigetel\u00e9s vastags\u00e1ga 2 cm, plusz fabor\u00edt\u00e1s! Oldalfala \u00e9s az alja egyar\u00e1nt szigetelve van! A kialak\u00edt\u00e1sa teljesen k\u00fclt\u00e9ri haszn\u00e1latra van tervezve! Dupla teteje van ami k\u00f6z\u00f6tt f\u00f3lia szigetel\u00e9s tal\u00e1lhat\u00f3! \u00d6sszeszerelt \u00e1llapotban\u00a0sz\u00e1ll\u00edtjuk! 1 \u00e9v j\u00f3t\u00e1ll\u00e1ssal, sz\u00e1ml\u00e1val!\" \/>\n<meta name=\"robots\" content=\"index, follow, max-snippet:-1, max-image-preview:large, max-video-preview:-1\" \/>\n<link rel=\"canonical\" href=\"https:\/\/hungaroonline.hu\/ro\/produs\/dupla-teteju-kutyahaz-kicsi\/\" \/>\n<meta property=\"og:locale\" content=\"ro_RO\" \/>\n<meta property=\"og:type\" content=\"article\" \/>\n<meta property=\"og:title\" content=\"Kicsi dupla tetej\u0171 kutyah\u00e1z\" \/>\n<meta property=\"og:description\" content=\"Dupla tet\u00f6s kutyah\u00e1zunk nagyon massz\u00edv, t\u00f6lgyf\u00e1b\u00f3l gy\u00e1rtjuk.\" \/>\n<meta property=\"og:url\" content=\"https:\/\/hungaroonline.hu\/ro\/produs\/dupla-teteju-kutyahaz-kicsi\/\" \/>\n<meta property=\"og:site_name\" content=\"HungaroOnline\" \/>\n<meta property=\"article:publisher\" content=\"https:\/\/www.facebook.com\/hungaroonline\" \/>\n<meta property=\"article:modified_time\" content=\"2025-07-24T09:41:14+00:00\" \/>\n<meta property=\"og:image\" content=\"https:\/\/hungaroonline.hu\/wp-content\/uploads\/2020\/10\/kutyahaz-5.jpg\" \/>\n\t<meta property=\"og:image:width\" content=\"960\" \/>\n\t<meta property=\"og:image:height\" content=\"960\" \/>\n\t<meta property=\"og:image:type\" content=\"image\/jpeg\" \/>\n<meta name=\"twitter:card\" content=\"summary_large_image\" \/>\n<meta name=\"twitter:label1\" content=\"Timp estimat pentru citire\" \/>\n\t<meta name=\"twitter:data1\" content=\"2 minute\" \/>\n<script type=\"application\/ld+json\" class=\"yoast-schema-graph\">{\"@context\":\"https:\/\/schema.org\",\"@graph\":[{\"@type\":\"WebPage\",\"@id\":\"https:\/\/hungaroonline.hu\/termek\/dupla-teteju-kutyahaz-kicsi\/\",\"url\":\"https:\/\/hungaroonline.hu\/termek\/dupla-teteju-kutyahaz-kicsi\/\",\"name\":\"(S) KICSI dupla tetej\u0171 kutyah\u00e1z - HungaroOnline\",\"isPartOf\":{\"@id\":\"https:\/\/hungaroonline.hu\/#website\"},\"primaryImageOfPage\":{\"@id\":\"https:\/\/hungaroonline.hu\/termek\/dupla-teteju-kutyahaz-kicsi\/#primaryimage\"},\"image\":{\"@id\":\"https:\/\/hungaroonline.hu\/termek\/dupla-teteju-kutyahaz-kicsi\/#primaryimage\"},\"thumbnailUrl\":\"https:\/\/hungaroonline.hu\/wp-content\/uploads\/2020\/05\/UjKutyahaz01.jpg\",\"datePublished\":\"2020-05-24T05:48:44+00:00\",\"dateModified\":\"2025-07-24T09:41:14+00:00\",\"description\":\"KUTYAH\u00c1ZAINK FONTOS JELLEMZ\u0150I: Asztalosok \u00e1ltal elk\u00e9sz\u00edtett term\u00e9k! A kutyah\u00e1zat oldal\u00e1t 2 cm\u00a0kem\u00e9nyf\u00e1b\u00f3l\u00a0 k\u00e9sz\u00edtj\u00fck! T\u00f6m\u00f6r fav\u00e1z\u00e1nak k\u00f6sz\u00f6nhet\u0151en nagyon\u00a0 strapab\u00edr\u00f3! A kutyah\u00e1z feneke 6\u00a0cm-re el van emelve a f\u00f6ldt\u0151l! Szigetel\u00e9s vastags\u00e1ga 2 cm, plusz fabor\u00edt\u00e1s! Oldalfala \u00e9s az alja egyar\u00e1nt szigetelve van! A kialak\u00edt\u00e1sa teljesen k\u00fclt\u00e9ri haszn\u00e1latra van tervezve! Dupla teteje van ami k\u00f6z\u00f6tt f\u00f3lia szigetel\u00e9s tal\u00e1lhat\u00f3! \u00d6sszeszerelt \u00e1llapotban\u00a0sz\u00e1ll\u00edtjuk! 1 \u00e9v j\u00f3t\u00e1ll\u00e1ssal, sz\u00e1ml\u00e1val!\",\"breadcrumb\":{\"@id\":\"https:\/\/hungaroonline.hu\/termek\/dupla-teteju-kutyahaz-kicsi\/#breadcrumb\"},\"inLanguage\":\"ro-RO\",\"potentialAction\":[{\"@type\":\"ReadAction\",\"target\":[\"https:\/\/hungaroonline.hu\/termek\/dupla-teteju-kutyahaz-kicsi\/\"]}]},{\"@type\":\"ImageObject\",\"inLanguage\":\"ro-RO\",\"@id\":\"https:\/\/hungaroonline.hu\/termek\/dupla-teteju-kutyahaz-kicsi\/#primaryimage\",\"url\":\"https:\/\/hungaroonline.hu\/wp-content\/uploads\/2020\/05\/UjKutyahaz01.jpg\",\"contentUrl\":\"https:\/\/hungaroonline.hu\/wp-content\/uploads\/2020\/05\/UjKutyahaz01.jpg\",\"width\":2370,\"height\":2370},{\"@type\":\"BreadcrumbList\",\"@id\":\"https:\/\/hungaroonline.hu\/termek\/dupla-teteju-kutyahaz-kicsi\/#breadcrumb\",\"itemListElement\":[{\"@type\":\"ListItem\",\"position\":1,\"name\":\"Home\",\"item\":\"https:\/\/hungaroonline.hu\/\"},{\"@type\":\"ListItem\",\"position\":2,\"name\":\"\u00dczlet\",\"item\":\"https:\/\/hungaroonline.hu\/uzlet\/\"},{\"@type\":\"ListItem\",\"position\":3,\"name\":\"(S) KICSI dupla tetej\u0171 kutyah\u00e1z\"}]},{\"@type\":\"WebSite\",\"@id\":\"https:\/\/hungaroonline.hu\/#website\",\"url\":\"https:\/\/hungaroonline.hu\/\",\"name\":\"HungaroOnline\",\"description\":\"Kutyah\u00e1z - Hord\u00f3 - Raklap b\u00fator - Raklapp\u00e1rna Gy\u00e1rt\u00e1sa\",\"publisher\":{\"@id\":\"https:\/\/hungaroonline.hu\/#organization\"},\"potentialAction\":[{\"@type\":\"SearchAction\",\"target\":{\"@type\":\"EntryPoint\",\"urlTemplate\":\"https:\/\/hungaroonline.hu\/?s={search_term_string}\"},\"query-input\":{\"@type\":\"PropertyValueSpecification\",\"valueRequired\":true,\"valueName\":\"search_term_string\"}}],\"inLanguage\":\"ro-RO\"},{\"@type\":\"Organization\",\"@id\":\"https:\/\/hungaroonline.hu\/#organization\",\"name\":\"HungaroOnline\",\"url\":\"https:\/\/hungaroonline.hu\/\",\"logo\":{\"@type\":\"ImageObject\",\"inLanguage\":\"ro-RO\",\"@id\":\"https:\/\/hungaroonline.hu\/#\/schema\/logo\/image\/\",\"url\":\"https:\/\/hungaroonline.hu\/wp-content\/uploads\/2023\/01\/hungaroonline-footer-logo-color-a.png\",\"contentUrl\":\"https:\/\/hungaroonline.hu\/wp-content\/uploads\/2023\/01\/hungaroonline-footer-logo-color-a.png\",\"width\":970,\"height\":86,\"caption\":\"HungaroOnline\"},\"image\":{\"@id\":\"https:\/\/hungaroonline.hu\/#\/schema\/logo\/image\/\"},\"sameAs\":[\"https:\/\/www.facebook.com\/hungaroonline\"]}]}<\/script>\n<!-- \/ Yoast SEO plugin. -->","yoast_head_json":{"title":"(S) KICSI dupla tetej\u0171 kutyah\u00e1z - HungaroOnline","description":"KUTYAH\u00c1ZAINK FONTOS JELLEMZ\u0150I: Asztalosok \u00e1ltal elk\u00e9sz\u00edtett term\u00e9k! A kutyah\u00e1zat oldal\u00e1t 2 cm\u00a0kem\u00e9nyf\u00e1b\u00f3l\u00a0 k\u00e9sz\u00edtj\u00fck! T\u00f6m\u00f6r fav\u00e1z\u00e1nak k\u00f6sz\u00f6nhet\u0151en nagyon\u00a0 strapab\u00edr\u00f3! A kutyah\u00e1z feneke 6\u00a0cm-re el van emelve a f\u00f6ldt\u0151l! Szigetel\u00e9s vastags\u00e1ga 2 cm, plusz fabor\u00edt\u00e1s! Oldalfala \u00e9s az alja egyar\u00e1nt szigetelve van! A kialak\u00edt\u00e1sa teljesen k\u00fclt\u00e9ri haszn\u00e1latra van tervezve! Dupla teteje van ami k\u00f6z\u00f6tt f\u00f3lia szigetel\u00e9s tal\u00e1lhat\u00f3! \u00d6sszeszerelt \u00e1llapotban\u00a0sz\u00e1ll\u00edtjuk! 1 \u00e9v j\u00f3t\u00e1ll\u00e1ssal, sz\u00e1ml\u00e1val!","robots":{"index":"index","follow":"follow","max-snippet":"max-snippet:-1","max-image-preview":"max-image-preview:large","max-video-preview":"max-video-preview:-1"},"canonical":"https:\/\/hungaroonline.hu\/ro\/produs\/dupla-teteju-kutyahaz-kicsi\/","og_locale":"ro_RO","og_type":"article","og_title":"Kicsi dupla tetej\u0171 kutyah\u00e1z","og_description":"Dupla tet\u00f6s kutyah\u00e1zunk nagyon massz\u00edv, t\u00f6lgyf\u00e1b\u00f3l gy\u00e1rtjuk.","og_url":"https:\/\/hungaroonline.hu\/ro\/produs\/dupla-teteju-kutyahaz-kicsi\/","og_site_name":"HungaroOnline","article_publisher":"https:\/\/www.facebook.com\/hungaroonline","article_modified_time":"2025-07-24T09:41:14+00:00","og_image":[{"width":960,"height":960,"url":"https:\/\/hungaroonline.hu\/wp-content\/uploads\/2020\/10\/kutyahaz-5.jpg","type":"image\/jpeg"}],"twitter_card":"summary_large_image","twitter_misc":{"Timp estimat pentru citire":"2 minute"},"schema":{"@context":"https:\/\/schema.org","@graph":[{"@type":"WebPage","@id":"https:\/\/hungaroonline.hu\/termek\/dupla-teteju-kutyahaz-kicsi\/","url":"https:\/\/hungaroonline.hu\/termek\/dupla-teteju-kutyahaz-kicsi\/","name":"(S) KICSI dupla tetej\u0171 kutyah\u00e1z - HungaroOnline","isPartOf":{"@id":"https:\/\/hungaroonline.hu\/#website"},"primaryImageOfPage":{"@id":"https:\/\/hungaroonline.hu\/termek\/dupla-teteju-kutyahaz-kicsi\/#primaryimage"},"image":{"@id":"https:\/\/hungaroonline.hu\/termek\/dupla-teteju-kutyahaz-kicsi\/#primaryimage"},"thumbnailUrl":"https:\/\/hungaroonline.hu\/wp-content\/uploads\/2020\/05\/UjKutyahaz01.jpg","datePublished":"2020-05-24T05:48:44+00:00","dateModified":"2025-07-24T09:41:14+00:00","description":"KUTYAH\u00c1ZAINK FONTOS JELLEMZ\u0150I: Asztalosok \u00e1ltal elk\u00e9sz\u00edtett term\u00e9k! A kutyah\u00e1zat oldal\u00e1t 2 cm\u00a0kem\u00e9nyf\u00e1b\u00f3l\u00a0 k\u00e9sz\u00edtj\u00fck! T\u00f6m\u00f6r fav\u00e1z\u00e1nak k\u00f6sz\u00f6nhet\u0151en nagyon\u00a0 strapab\u00edr\u00f3! A kutyah\u00e1z feneke 6\u00a0cm-re el van emelve a f\u00f6ldt\u0151l! Szigetel\u00e9s vastags\u00e1ga 2 cm, plusz fabor\u00edt\u00e1s! Oldalfala \u00e9s az alja egyar\u00e1nt szigetelve van! A kialak\u00edt\u00e1sa teljesen k\u00fclt\u00e9ri haszn\u00e1latra van tervezve! Dupla teteje van ami k\u00f6z\u00f6tt f\u00f3lia szigetel\u00e9s tal\u00e1lhat\u00f3! \u00d6sszeszerelt \u00e1llapotban\u00a0sz\u00e1ll\u00edtjuk! 1 \u00e9v j\u00f3t\u00e1ll\u00e1ssal, sz\u00e1ml\u00e1val!","breadcrumb":{"@id":"https:\/\/hungaroonline.hu\/termek\/dupla-teteju-kutyahaz-kicsi\/#breadcrumb"},"inLanguage":"ro-RO","potentialAction":[{"@type":"ReadAction","target":["https:\/\/hungaroonline.hu\/termek\/dupla-teteju-kutyahaz-kicsi\/"]}]},{"@type":"ImageObject","inLanguage":"ro-RO","@id":"https:\/\/hungaroonline.hu\/termek\/dupla-teteju-kutyahaz-kicsi\/#primaryimage","url":"https:\/\/hungaroonline.hu\/wp-content\/uploads\/2020\/05\/UjKutyahaz01.jpg","contentUrl":"https:\/\/hungaroonline.hu\/wp-content\/uploads\/2020\/05\/UjKutyahaz01.jpg","width":2370,"height":2370},{"@type":"BreadcrumbList","@id":"https:\/\/hungaroonline.hu\/termek\/dupla-teteju-kutyahaz-kicsi\/#breadcrumb","itemListElement":[{"@type":"ListItem","position":1,"name":"Home","item":"https:\/\/hungaroonline.hu\/"},{"@type":"ListItem","position":2,"name":"\u00dczlet","item":"https:\/\/hungaroonline.hu\/uzlet\/"},{"@type":"ListItem","position":3,"name":"(S) KICSI dupla tetej\u0171 kutyah\u00e1z"}]},{"@type":"WebSite","@id":"https:\/\/hungaroonline.hu\/#website","url":"https:\/\/hungaroonline.hu\/","name":"HungaroOnline","description":"Cu\u0219c\u0103 pentru c\u00e2ini - Butoi - Mobilier din pale\u021bi - Produc\u021bie de perne din pale\u021bi","publisher":{"@id":"https:\/\/hungaroonline.hu\/#organization"},"potentialAction":[{"@type":"SearchAction","target":{"@type":"EntryPoint","urlTemplate":"https:\/\/hungaroonline.hu\/?s={search_term_string}"},"query-input":{"@type":"PropertyValueSpecification","valueRequired":true,"valueName":"search_term_string"}}],"inLanguage":"ro-RO"},{"@type":"Organization","@id":"https:\/\/hungaroonline.hu\/#organization","name":"HungaroOnline","url":"https:\/\/hungaroonline.hu\/","logo":{"@type":"ImageObject","inLanguage":"ro-RO","@id":"https:\/\/hungaroonline.hu\/#\/schema\/logo\/image\/","url":"https:\/\/hungaroonline.hu\/wp-content\/uploads\/2023\/01\/hungaroonline-footer-logo-color-a.png","contentUrl":"https:\/\/hungaroonline.hu\/wp-content\/uploads\/2023\/01\/hungaroonline-footer-logo-color-a.png","width":970,"height":86,"caption":"HungaroOnline"},"image":{"@id":"https:\/\/hungaroonline.hu\/#\/schema\/logo\/image\/"},"sameAs":["https:\/\/www.facebook.com\/hungaroonline"]}]}},"_links":{"self":[{"href":"https:\/\/hungaroonline.hu\/ro\/wp-json\/wp\/v2\/product\/1666","targetHints":{"allow":["GET"]}}],"collection":[{"href":"https:\/\/hungaroonline.hu\/ro\/wp-json\/wp\/v2\/product"}],"about":[{"href":"https:\/\/hungaroonline.hu\/ro\/wp-json\/wp\/v2\/types\/product"}],"replies":[{"embeddable":true,"href":"https:\/\/hungaroonline.hu\/ro\/wp-json\/wp\/v2\/comments?post=1666"}],"version-history":[{"count":13,"href":"https:\/\/hungaroonline.hu\/ro\/wp-json\/wp\/v2\/product\/1666\/revisions"}],"predecessor-version":[{"id":7347,"href":"https:\/\/hungaroonline.hu\/ro\/wp-json\/wp\/v2\/product\/1666\/revisions\/7347"}],"wp:featuredmedia":[{"embeddable":true,"href":"https:\/\/hungaroonline.hu\/ro\/wp-json\/wp\/v2\/media\/1699"}],"wp:attachment":[{"href":"https:\/\/hungaroonline.hu\/ro\/wp-json\/wp\/v2\/media?parent=1666"}],"wp:term":[{"taxonomy":"product_brand","embeddable":true,"href":"https:\/\/hungaroonline.hu\/ro\/wp-json\/wp\/v2\/product_brand?post=1666"},{"taxonomy":"product_cat","embeddable":true,"href":"https:\/\/hungaroonline.hu\/ro\/wp-json\/wp\/v2\/product_cat?post=1666"},{"taxonomy":"product_tag","embeddable":true,"href":"https:\/\/hungaroonline.hu\/ro\/wp-json\/wp\/v2\/product_tag?post=1666"}],"curies":[{"name":"wp","href":"https:\/\/api.w.org\/{rel}","templated":true}]}}