{"id":137,"date":"2019-05-22T09:37:38","date_gmt":"2019-05-22T07:37:38","guid":{"rendered":"https:\/\/hungaroonline.hempa.hu\/?post_type=product&#038;p=137"},"modified":"2026-04-09T18:26:57","modified_gmt":"2026-04-09T16:26:57","slug":"eperfa-hordo","status":"publish","type":"product","link":"https:\/\/hungaroonline.hu\/ro\/produs\/eperfa-hordo\/","title":{"rendered":"Butoi de dud coniac 5 litri"},"content":{"rendered":"<p><img fetchpriority=\"high\" decoding=\"async\" class=\"size-medium wp-image-7129 aligncenter\" src=\"https:\/\/hungaroonline.hu\/wp-content\/uploads\/2020\/10\/Eperfa-hordo-24-180x300.jpg\" alt=\"EPERFA HORD\u00d3\" width=\"180\" height=\"300\" srcset=\"https:\/\/hungaroonline.hu\/wp-content\/uploads\/2020\/10\/Eperfa-hordo-24-180x300.jpg 180w, https:\/\/hungaroonline.hu\/wp-content\/uploads\/2020\/10\/Eperfa-hordo-24-614x1024.jpg 614w, https:\/\/hungaroonline.hu\/wp-content\/uploads\/2020\/10\/Eperfa-hordo-24-768x1280.jpg 768w, https:\/\/hungaroonline.hu\/wp-content\/uploads\/2020\/10\/Eperfa-hordo-24-922x1536.jpg 922w, https:\/\/hungaroonline.hu\/wp-content\/uploads\/2020\/10\/Eperfa-hordo-24-1229x2048.jpg 1229w, https:\/\/hungaroonline.hu\/wp-content\/uploads\/2020\/10\/Eperfa-hordo-24-7x12.jpg 7w, https:\/\/hungaroonline.hu\/wp-content\/uploads\/2020\/10\/Eperfa-hordo-24-1000x1667.jpg 1000w, https:\/\/hungaroonline.hu\/wp-content\/uploads\/2020\/10\/Eperfa-hordo-24.jpg 1500w\" sizes=\"(max-width: 180px) 100vw, 180px\" \/><\/p>\n<p>&nbsp;<\/p>\n<p>&nbsp;<\/p>\n<p>&nbsp;<\/p>\n<p style=\"text-align: center;\"><strong>Butoaie de p\u00e1linka de calitate premium \u2013 cu 56 de ani de experien\u021b\u0103!<\/strong><\/p>\n<p>&nbsp;<\/p>\n<p>Cu peste o jum\u0103tate de secol de experien\u021b\u0103, producem butoaiele noastre de p\u00e1linka de \u00eenalt\u0103 calitate, care \u00eendeplinesc cele mai \u00eenalte a\u0219tept\u0103ri!<\/p>\n<p>&nbsp;<\/p>\n<p>Produsele noastre sunt folosite de crame renumite \u0219i distilerii p\u00e1linka \u0219i le vindem cu mare succes \u00een multe \u021b\u0103ri europene!<\/p>\n<p>&nbsp;<\/p>\n<p>&nbsp;<\/p>\n<p>&nbsp;<\/p>\n<p><em><strong>DE CE SE NA\u0218TE BRANDUL NOSTRU<\/strong><\/em><em><b>PE CARE TREBUIE S\u0102 ALEGE\u021aI?<\/b><\/em><\/p>\n<ul>\n<li>Ne fabric\u0103m butoaiele cu 56 de ani de experien\u021b\u0103 profesional\u0103!<\/li>\n<li>Folosim ingrediente de calitate atent selectionate!<\/li>\n<li>Abia dup\u0103 uscarea corespunz\u0103toare \u00eencepem s\u0103 facem butoiul!<\/li>\n<li>Aceste butoaie cunosc de fapt func\u021bia de maturare a p\u00e1linkei!<\/li>\n<li>Dup\u0103 finalizare, butoaiele sunt testate la presiune!<\/li>\n<li>Butoaiele P\u00e1linka sunt f\u0103cute cu o pr\u0103jire medie spre medie!<\/li>\n<li><strong>OFERIM O GARAN\u021aIE DE \u00ceNLOCUIRE PENTRU BUTOIILE NOASTRE!<\/strong><\/li>\n<\/ul>\n<p>&nbsp;<\/p>\n<p>&nbsp;<\/p>\n<p>De obicei, b\u0103uturile spirtoase de fructe mai aromate, de ex. se adaug\u0103 \u021buic\u0103 de pere sau caise. Dudul este unul dintre cele mai valoroase lemne potrivite pentru fabricarea butoaielor \u0219i confer\u0103 o armonie extraordinar\u0103 p\u00e1linkei umplute \u00een el. De\u0219i \u021buica \u00ee\u0219i pierde con\u021binutul de alcool, gustul \u00ee\u0219i pierde \u0219i din acri\u0219iunea. Palinka depozitat\u0103 \u00een butoaie de dud este de culoare aurie \u0219i limpede. Dudul ofer\u0103 b\u0103uturii o culoare galben\u0103 \u0219i o arom\u0103 bl\u00e2nd\u0103! Dou\u0103 panouri de cap\u0103t sunt umplute cu parafin\u0103 de cear\u0103 de albine, pentru a minimiza pierderile de lichid, astfel \u00eenc\u00e2t \u021buica s\u0103 nu se evapore!<\/p>\n<p>&nbsp;<\/p>\n<p>&nbsp;<\/p>\n<p><em><strong>Poza nu este o ilustra\u021bie, butoaiele chiar arat\u0103 a\u0219a!<\/strong><\/em><\/p>\n<p>&nbsp;<\/p>\n<p>&nbsp;<\/p>\n<p><em>Datorit\u0103 dimensiunii \u0219i greut\u0103\u021bii butoiului, costul de transport: 3.500 HUF.<\/em><\/p>\n<p>&nbsp;<\/p>\n<p><a href=\"https:\/\/hungaroonline.hu\/ro\/palinkas-hordok\/\"><strong><span style=\"color: #0000ff;\">MAI MULTE POZE AICI:<\/span><\/strong><\/a><\/p>\n<p>&nbsp;<\/p>","protected":false},"excerpt":{"rendered":"<p><em><strong>\u00ceMB\u0102TR\u00c2NIREA P\u00c1LINKA HORD<\/strong><\/em><strong><em>EL!<\/em><\/strong><\/p>\n<p>&nbsp;<\/p>\n<p>Termen de livrare: 6-8 zile lucratoare!<\/p>","protected":false},"featured_media":136,"comment_status":"closed","ping_status":"closed","template":"","meta":[],"product_brand":[],"product_cat":[41],"product_tag":[],"class_list":{"0":"post-137","1":"product","2":"type-product","3":"status-publish","4":"has-post-thumbnail","6":"product_cat-eperfa-hordok","7":"product_shipping_class-hordok","9":"first","10":"instock","11":"purchasable","12":"product-type-simple"},"yoast_head":"<!-- This site is optimized with the Yoast SEO plugin v26.6 - https:\/\/yoast.com\/wordpress\/plugins\/seo\/ -->\n<title>P\u00e1link\u00e1s eperfa hord\u00f3 5 literes - HungaroOnline<\/title>\n<meta name=\"description\" content=\"AZ \u00c1R A MIN\u0150S\u00c9GET T\u00dcKR\u00d6ZI!!! Cseregaranci\u00e1t biztos\u00edtunk! MI\u00c9RT IS TUDUNK CSEREGARANCI\u00c1T BIZTOS\u00cdTANI: 56 \u00e9v szakmai tapasztalattal k\u00e9sz\u00edtj\u00fck a hord\u00f3inkat! Gondosan v\u00e1logatott min\u0151s\u00e9gi alapanyagot haszn\u00e1lunk! Csak a megfelel\u0151 kisz\u00e1r\u00edt\u00e1s ut\u00e1n kezdj\u00fck a hord\u00f3 k\u00e9sz\u00edt\u00e9st! Elk\u00e9sz\u00fcl\u00e9s ut\u00e1n a hord\u00f3kat nyom\u00e1spr\u00f3b\u00e1zzuk!\" \/>\n<meta name=\"robots\" content=\"index, follow, max-snippet:-1, max-image-preview:large, max-video-preview:-1\" \/>\n<link rel=\"canonical\" href=\"https:\/\/hungaroonline.hu\/ro\/categorie-produs\/eperfa-hordok\/\" \/>\n<meta property=\"og:locale\" content=\"ro_RO\" \/>\n<meta property=\"og:type\" content=\"article\" \/>\n<meta property=\"og:title\" content=\"\u00c9rlel\u0151 eperfa hord\u00f3\" \/>\n<meta property=\"og:description\" content=\"56 \u00e9v tapasztalat\u00e1val k\u00e1d\u00e1r mesterek gy\u00e1rtj\u00e1k, \u00e9rlel\u0151 p\u00e1link\u00e1s eperfa hord\u00f3k.\" \/>\n<meta property=\"og:url\" content=\"https:\/\/hungaroonline.hu\/ro\/categorie-produs\/eperfa-hordok\/\" \/>\n<meta property=\"og:site_name\" content=\"HungaroOnline\" \/>\n<meta property=\"article:publisher\" content=\"https:\/\/www.facebook.com\/hungaroonline\" \/>\n<meta property=\"article:modified_time\" content=\"2026-04-09T16:26:57+00:00\" \/>\n<meta property=\"og:image\" content=\"https:\/\/hungaroonline.hu\/wp-content\/uploads\/2019\/05\/eperfa5l-1-1.jpg\" \/>\n\t<meta property=\"og:image:width\" content=\"768\" \/>\n\t<meta property=\"og:image:height\" content=\"768\" \/>\n\t<meta property=\"og:image:type\" content=\"image\/jpeg\" \/>\n<meta name=\"twitter:card\" content=\"summary_large_image\" \/>\n<meta name=\"twitter:label1\" content=\"Timp estimat pentru citire\" \/>\n\t<meta name=\"twitter:data1\" content=\"2 minute\" \/>\n<script type=\"application\/ld+json\" class=\"yoast-schema-graph\">{\"@context\":\"https:\/\/schema.org\",\"@graph\":[{\"@type\":\"WebPage\",\"@id\":\"https:\/\/hungaroonline.hu\/termek\/eperfa-hordo\/\",\"url\":\"https:\/\/hungaroonline.hu\/termekkategoria\/eperfa-hordok\/\",\"name\":\"P\u00e1link\u00e1s eperfa hord\u00f3 5 literes - HungaroOnline\",\"isPartOf\":{\"@id\":\"https:\/\/hungaroonline.hu\/#website\"},\"primaryImageOfPage\":{\"@id\":\"https:\/\/hungaroonline.hu\/termekkategoria\/eperfa-hordok\/#primaryimage\"},\"image\":{\"@id\":\"https:\/\/hungaroonline.hu\/termekkategoria\/eperfa-hordok\/#primaryimage\"},\"thumbnailUrl\":\"https:\/\/hungaroonline.hu\/wp-content\/uploads\/2019\/05\/eperfa5l-1.jpg\",\"datePublished\":\"2019-05-22T07:37:38+00:00\",\"dateModified\":\"2026-04-09T16:26:57+00:00\",\"description\":\"AZ \u00c1R A MIN\u0150S\u00c9GET T\u00dcKR\u00d6ZI!!! Cseregaranci\u00e1t biztos\u00edtunk! MI\u00c9RT IS TUDUNK CSEREGARANCI\u00c1T BIZTOS\u00cdTANI: 56 \u00e9v szakmai tapasztalattal k\u00e9sz\u00edtj\u00fck a hord\u00f3inkat! Gondosan v\u00e1logatott min\u0151s\u00e9gi alapanyagot haszn\u00e1lunk! Csak a megfelel\u0151 kisz\u00e1r\u00edt\u00e1s ut\u00e1n kezdj\u00fck a hord\u00f3 k\u00e9sz\u00edt\u00e9st! Elk\u00e9sz\u00fcl\u00e9s ut\u00e1n a hord\u00f3kat nyom\u00e1spr\u00f3b\u00e1zzuk!\",\"breadcrumb\":{\"@id\":\"https:\/\/hungaroonline.hu\/termekkategoria\/eperfa-hordok\/#breadcrumb\"},\"inLanguage\":\"ro-RO\",\"potentialAction\":[{\"@type\":\"ReadAction\",\"target\":[\"https:\/\/hungaroonline.hu\/termekkategoria\/eperfa-hordok\/\"]}]},{\"@type\":\"ImageObject\",\"inLanguage\":\"ro-RO\",\"@id\":\"https:\/\/hungaroonline.hu\/termekkategoria\/eperfa-hordok\/#primaryimage\",\"url\":\"https:\/\/hungaroonline.hu\/wp-content\/uploads\/2019\/05\/eperfa5l-1.jpg\",\"contentUrl\":\"https:\/\/hungaroonline.hu\/wp-content\/uploads\/2019\/05\/eperfa5l-1.jpg\",\"width\":768,\"height\":768},{\"@type\":\"BreadcrumbList\",\"@id\":\"https:\/\/hungaroonline.hu\/termekkategoria\/eperfa-hordok\/#breadcrumb\",\"itemListElement\":[{\"@type\":\"ListItem\",\"position\":1,\"name\":\"Home\",\"item\":\"https:\/\/hungaroonline.hu\/\"},{\"@type\":\"ListItem\",\"position\":2,\"name\":\"\u00dczlet\",\"item\":\"https:\/\/hungaroonline.hu\/uzlet\/\"},{\"@type\":\"ListItem\",\"position\":3,\"name\":\"P\u00e1link\u00e1s eperfa hord\u00f3 5 literes\"}]},{\"@type\":\"WebSite\",\"@id\":\"https:\/\/hungaroonline.hu\/#website\",\"url\":\"https:\/\/hungaroonline.hu\/\",\"name\":\"HungaroOnline\",\"description\":\"Kutyah\u00e1z - Hord\u00f3 - Raklap b\u00fator - Raklapp\u00e1rna Gy\u00e1rt\u00e1sa\",\"publisher\":{\"@id\":\"https:\/\/hungaroonline.hu\/#organization\"},\"potentialAction\":[{\"@type\":\"SearchAction\",\"target\":{\"@type\":\"EntryPoint\",\"urlTemplate\":\"https:\/\/hungaroonline.hu\/?s={search_term_string}\"},\"query-input\":{\"@type\":\"PropertyValueSpecification\",\"valueRequired\":true,\"valueName\":\"search_term_string\"}}],\"inLanguage\":\"ro-RO\"},{\"@type\":\"Organization\",\"@id\":\"https:\/\/hungaroonline.hu\/#organization\",\"name\":\"HungaroOnline\",\"url\":\"https:\/\/hungaroonline.hu\/\",\"logo\":{\"@type\":\"ImageObject\",\"inLanguage\":\"ro-RO\",\"@id\":\"https:\/\/hungaroonline.hu\/#\/schema\/logo\/image\/\",\"url\":\"https:\/\/hungaroonline.hu\/wp-content\/uploads\/2023\/01\/hungaroonline-footer-logo-color-a.png\",\"contentUrl\":\"https:\/\/hungaroonline.hu\/wp-content\/uploads\/2023\/01\/hungaroonline-footer-logo-color-a.png\",\"width\":970,\"height\":86,\"caption\":\"HungaroOnline\"},\"image\":{\"@id\":\"https:\/\/hungaroonline.hu\/#\/schema\/logo\/image\/\"},\"sameAs\":[\"https:\/\/www.facebook.com\/hungaroonline\"]}]}<\/script>\n<!-- \/ Yoast SEO plugin. -->","yoast_head_json":{"title":"P\u00e1link\u00e1s eperfa hord\u00f3 5 literes - HungaroOnline","description":"AZ \u00c1R A MIN\u0150S\u00c9GET T\u00dcKR\u00d6ZI!!! Cseregaranci\u00e1t biztos\u00edtunk! MI\u00c9RT IS TUDUNK CSEREGARANCI\u00c1T BIZTOS\u00cdTANI: 56 \u00e9v szakmai tapasztalattal k\u00e9sz\u00edtj\u00fck a hord\u00f3inkat! Gondosan v\u00e1logatott min\u0151s\u00e9gi alapanyagot haszn\u00e1lunk! Csak a megfelel\u0151 kisz\u00e1r\u00edt\u00e1s ut\u00e1n kezdj\u00fck a hord\u00f3 k\u00e9sz\u00edt\u00e9st! Elk\u00e9sz\u00fcl\u00e9s ut\u00e1n a hord\u00f3kat nyom\u00e1spr\u00f3b\u00e1zzuk!","robots":{"index":"index","follow":"follow","max-snippet":"max-snippet:-1","max-image-preview":"max-image-preview:large","max-video-preview":"max-video-preview:-1"},"canonical":"https:\/\/hungaroonline.hu\/ro\/categorie-produs\/eperfa-hordok\/","og_locale":"ro_RO","og_type":"article","og_title":"\u00c9rlel\u0151 eperfa hord\u00f3","og_description":"56 \u00e9v tapasztalat\u00e1val k\u00e1d\u00e1r mesterek gy\u00e1rtj\u00e1k, \u00e9rlel\u0151 p\u00e1link\u00e1s eperfa hord\u00f3k.","og_url":"https:\/\/hungaroonline.hu\/ro\/categorie-produs\/eperfa-hordok\/","og_site_name":"HungaroOnline","article_publisher":"https:\/\/www.facebook.com\/hungaroonline","article_modified_time":"2026-04-09T16:26:57+00:00","og_image":[{"width":768,"height":768,"url":"https:\/\/hungaroonline.hu\/wp-content\/uploads\/2019\/05\/eperfa5l-1-1.jpg","type":"image\/jpeg"}],"twitter_card":"summary_large_image","twitter_misc":{"Timp estimat pentru citire":"2 minute"},"schema":{"@context":"https:\/\/schema.org","@graph":[{"@type":"WebPage","@id":"https:\/\/hungaroonline.hu\/termek\/eperfa-hordo\/","url":"https:\/\/hungaroonline.hu\/termekkategoria\/eperfa-hordok\/","name":"P\u00e1link\u00e1s eperfa hord\u00f3 5 literes - HungaroOnline","isPartOf":{"@id":"https:\/\/hungaroonline.hu\/#website"},"primaryImageOfPage":{"@id":"https:\/\/hungaroonline.hu\/termekkategoria\/eperfa-hordok\/#primaryimage"},"image":{"@id":"https:\/\/hungaroonline.hu\/termekkategoria\/eperfa-hordok\/#primaryimage"},"thumbnailUrl":"https:\/\/hungaroonline.hu\/wp-content\/uploads\/2019\/05\/eperfa5l-1.jpg","datePublished":"2019-05-22T07:37:38+00:00","dateModified":"2026-04-09T16:26:57+00:00","description":"AZ \u00c1R A MIN\u0150S\u00c9GET T\u00dcKR\u00d6ZI!!! Cseregaranci\u00e1t biztos\u00edtunk! MI\u00c9RT IS TUDUNK CSEREGARANCI\u00c1T BIZTOS\u00cdTANI: 56 \u00e9v szakmai tapasztalattal k\u00e9sz\u00edtj\u00fck a hord\u00f3inkat! Gondosan v\u00e1logatott min\u0151s\u00e9gi alapanyagot haszn\u00e1lunk! Csak a megfelel\u0151 kisz\u00e1r\u00edt\u00e1s ut\u00e1n kezdj\u00fck a hord\u00f3 k\u00e9sz\u00edt\u00e9st! Elk\u00e9sz\u00fcl\u00e9s ut\u00e1n a hord\u00f3kat nyom\u00e1spr\u00f3b\u00e1zzuk!","breadcrumb":{"@id":"https:\/\/hungaroonline.hu\/termekkategoria\/eperfa-hordok\/#breadcrumb"},"inLanguage":"ro-RO","potentialAction":[{"@type":"ReadAction","target":["https:\/\/hungaroonline.hu\/termekkategoria\/eperfa-hordok\/"]}]},{"@type":"ImageObject","inLanguage":"ro-RO","@id":"https:\/\/hungaroonline.hu\/termekkategoria\/eperfa-hordok\/#primaryimage","url":"https:\/\/hungaroonline.hu\/wp-content\/uploads\/2019\/05\/eperfa5l-1.jpg","contentUrl":"https:\/\/hungaroonline.hu\/wp-content\/uploads\/2019\/05\/eperfa5l-1.jpg","width":768,"height":768},{"@type":"BreadcrumbList","@id":"https:\/\/hungaroonline.hu\/termekkategoria\/eperfa-hordok\/#breadcrumb","itemListElement":[{"@type":"ListItem","position":1,"name":"Home","item":"https:\/\/hungaroonline.hu\/"},{"@type":"ListItem","position":2,"name":"\u00dczlet","item":"https:\/\/hungaroonline.hu\/uzlet\/"},{"@type":"ListItem","position":3,"name":"P\u00e1link\u00e1s eperfa hord\u00f3 5 literes"}]},{"@type":"WebSite","@id":"https:\/\/hungaroonline.hu\/#website","url":"https:\/\/hungaroonline.hu\/","name":"HungaroOnline","description":"Cu\u0219c\u0103 pentru c\u00e2ini - Butoi - Mobilier din pale\u021bi - Produc\u021bie de perne din pale\u021bi","publisher":{"@id":"https:\/\/hungaroonline.hu\/#organization"},"potentialAction":[{"@type":"SearchAction","target":{"@type":"EntryPoint","urlTemplate":"https:\/\/hungaroonline.hu\/?s={search_term_string}"},"query-input":{"@type":"PropertyValueSpecification","valueRequired":true,"valueName":"search_term_string"}}],"inLanguage":"ro-RO"},{"@type":"Organization","@id":"https:\/\/hungaroonline.hu\/#organization","name":"HungaroOnline","url":"https:\/\/hungaroonline.hu\/","logo":{"@type":"ImageObject","inLanguage":"ro-RO","@id":"https:\/\/hungaroonline.hu\/#\/schema\/logo\/image\/","url":"https:\/\/hungaroonline.hu\/wp-content\/uploads\/2023\/01\/hungaroonline-footer-logo-color-a.png","contentUrl":"https:\/\/hungaroonline.hu\/wp-content\/uploads\/2023\/01\/hungaroonline-footer-logo-color-a.png","width":970,"height":86,"caption":"HungaroOnline"},"image":{"@id":"https:\/\/hungaroonline.hu\/#\/schema\/logo\/image\/"},"sameAs":["https:\/\/www.facebook.com\/hungaroonline"]}]}},"_links":{"self":[{"href":"https:\/\/hungaroonline.hu\/ro\/wp-json\/wp\/v2\/product\/137","targetHints":{"allow":["GET"]}}],"collection":[{"href":"https:\/\/hungaroonline.hu\/ro\/wp-json\/wp\/v2\/product"}],"about":[{"href":"https:\/\/hungaroonline.hu\/ro\/wp-json\/wp\/v2\/types\/product"}],"replies":[{"embeddable":true,"href":"https:\/\/hungaroonline.hu\/ro\/wp-json\/wp\/v2\/comments?post=137"}],"version-history":[{"count":34,"href":"https:\/\/hungaroonline.hu\/ro\/wp-json\/wp\/v2\/product\/137\/revisions"}],"predecessor-version":[{"id":7649,"href":"https:\/\/hungaroonline.hu\/ro\/wp-json\/wp\/v2\/product\/137\/revisions\/7649"}],"wp:featuredmedia":[{"embeddable":true,"href":"https:\/\/hungaroonline.hu\/ro\/wp-json\/wp\/v2\/media\/136"}],"wp:attachment":[{"href":"https:\/\/hungaroonline.hu\/ro\/wp-json\/wp\/v2\/media?parent=137"}],"wp:term":[{"taxonomy":"product_brand","embeddable":true,"href":"https:\/\/hungaroonline.hu\/ro\/wp-json\/wp\/v2\/product_brand?post=137"},{"taxonomy":"product_cat","embeddable":true,"href":"https:\/\/hungaroonline.hu\/ro\/wp-json\/wp\/v2\/product_cat?post=137"},{"taxonomy":"product_tag","embeddable":true,"href":"https:\/\/hungaroonline.hu\/ro\/wp-json\/wp\/v2\/product_tag?post=137"}],"curies":[{"name":"wp","href":"https:\/\/api.w.org\/{rel}","templated":true}]}}