{"id":4369,"date":"2023-01-21T17:35:16","date_gmt":"2023-01-21T16:35:16","guid":{"rendered":"https:\/\/hungaroonline.hempa.hu\/?page_id=4369"},"modified":"2023-04-06T09:49:04","modified_gmt":"2023-04-06T07:49:04","slug":"termekkategoriak","status":"publish","type":"page","link":"https:\/\/hungaroonline.hu\/ro\/termekkategoriak\/","title":{"rendered":"Categorii de produse"},"content":{"rendered":"<div data-elementor-type=\"wp-page\" data-elementor-id=\"4369\" class=\"elementor elementor-4369\" data-elementor-post-type=\"page\">\n\t\t\t\t<div class=\"elementor-element elementor-element-b617276 e-flex e-con-boxed e-con e-parent\" data-id=\"b617276\" data-element_type=\"container\">\n\t\t\t\t\t<div class=\"e-con-inner\">\n\t\t\t\t\t<\/div>\n\t\t\t\t<\/div>\n\t\t<div class=\"elementor-element elementor-element-8b1f283 e-flex e-con-boxed e-con e-parent\" data-id=\"8b1f283\" data-element_type=\"container\">\n\t\t\t\t\t<div class=\"e-con-inner\">\n\t\t\t\t<div class=\"elementor-element elementor-element-6f254d9 elementor-widget elementor-widget-jet-woo-categories\" data-id=\"6f254d9\" data-element_type=\"widget\" data-settings=\"{&quot;columns&quot;:&quot;3&quot;,&quot;columns_tablet&quot;:2,&quot;columns_mobile&quot;:1}\" data-widget_type=\"jet-woo-categories.default\">\n\t\t\t\t<div class=\"elementor-widget-container\">\n\t\t\t\t\t<div class=\"elementor-jet-woo-categories jet-woo-builder\"><div class=\"jet-woo-categories jet-woo-categories--preset-5 col-row  jet-equal-cols\" data-mobile-hover=\"\">\n<div class=\"jet-woo-categories__item\">\n\t<div class=\"jet-woo-categories__inner-box jet-woo-item-overlay-wrap\" data-url=\"https:\/\/hungaroonline.hu\/ro\/categorie-produs\/extra-massziv-dupla-teteju\/\" >\n\t\t\n<div class=\"jet-woo-categories-thumbnail__wrap\">\n\t\n<div class=\"jet-woo-category-thumbnail\">\n\t<a href=\"https:\/\/hungaroonline.hu\/ro\/categorie-produs\/extra-massziv-dupla-teteju\/\"  rel=\"bookmark\">\n\t\t<img fetchpriority=\"high\" decoding=\"async\" width=\"600\" height=\"600\" src=\"https:\/\/hungaroonline.hu\/wp-content\/uploads\/2020\/05\/UjKutyahaz01-600x600.jpg\" class=\"attachment-woocommerce_thumbnail size-woocommerce_thumbnail\" alt=\"\" \/>\t<\/a>\n\t<div class=\"jet-woo-category-img-overlay\"><\/div>\n\t<div class=\"jet-woo-category-img-overlay__hover\"><\/div>\n<\/div><\/div>\n\n<div class=\"jet-woo-categories-content\">\n\t<div class=\"jet-woo-category-content__inner\">\n\t\t<h5 class=\"jet-woo-category-title\" ><a href=\"https:\/\/hungaroonline.hu\/ro\/categorie-produs\/extra-massziv-dupla-teteju\/\" class=\"jet-woo-category-title__link\" >Cas\u0103 pentru c\u00e2ini cu acoperi\u0219 dublu<\/a><\/h5>\t<\/div>\n\n\t<div class=\"jet-woo-category-count__wrap\">\n\t\t<span class=\"jet-woo-category-count\">( 6 )<\/span>\t<\/div>\n<\/div>\t<\/div>\n\n\t\t\t<a href=\"https:\/\/hungaroonline.hu\/ro\/categorie-produs\/extra-massziv-dupla-teteju\/\" class=\"jet-woo-item-overlay-link\"  ><\/a>\n\t<\/div>\n<div class=\"jet-woo-categories__item\">\n\t<div class=\"jet-woo-categories__inner-box jet-woo-item-overlay-wrap\" data-url=\"https:\/\/hungaroonline.hu\/ro\/categorie-produs\/kutyahazak-tobb-meretben\/\" >\n\t\t\n<div class=\"jet-woo-categories-thumbnail__wrap\">\n\t\n<div class=\"jet-woo-category-thumbnail\">\n\t<a href=\"https:\/\/hungaroonline.hu\/ro\/categorie-produs\/kutyahazak-tobb-meretben\/\"  rel=\"bookmark\">\n\t\t<img decoding=\"async\" width=\"600\" height=\"600\" src=\"https:\/\/hungaroonline.hu\/wp-content\/uploads\/2021\/02\/kutyahaz-17-4-600x600.jpg\" class=\"attachment-woocommerce_thumbnail size-woocommerce_thumbnail\" alt=\"\" \/>\t<\/a>\n\t<div class=\"jet-woo-category-img-overlay\"><\/div>\n\t<div class=\"jet-woo-category-img-overlay__hover\"><\/div>\n<\/div><\/div>\n\n<div class=\"jet-woo-categories-content\">\n\t<div class=\"jet-woo-category-content__inner\">\n\t\t<h5 class=\"jet-woo-category-title\" ><a href=\"https:\/\/hungaroonline.hu\/ro\/categorie-produs\/kutyahazak-tobb-meretben\/\" class=\"jet-woo-category-title__link\" >Case pentru c\u00e2ini<\/a><\/h5>\t<\/div>\n\n\t<div class=\"jet-woo-category-count__wrap\">\n\t\t<span class=\"jet-woo-category-count\">( 26 )<\/span>\t<\/div>\n<\/div>\t<\/div>\n\n\t\t\t<a href=\"https:\/\/hungaroonline.hu\/ro\/categorie-produs\/kutyahazak-tobb-meretben\/\" class=\"jet-woo-item-overlay-link\"  ><\/a>\n\t<\/div>\n<div class=\"jet-woo-categories__item\">\n\t<div class=\"jet-woo-categories__inner-box jet-woo-item-overlay-wrap\" data-url=\"https:\/\/hungaroonline.hu\/ro\/categorie-produs\/eperfa-hordok\/\" >\n\t\t\n<div class=\"jet-woo-categories-thumbnail__wrap\">\n\t\n<div class=\"jet-woo-category-thumbnail\">\n\t<a href=\"https:\/\/hungaroonline.hu\/ro\/categorie-produs\/eperfa-hordok\/\"  rel=\"bookmark\">\n\t\t<img decoding=\"async\" width=\"600\" height=\"600\" src=\"https:\/\/hungaroonline.hu\/wp-content\/uploads\/2019\/11\/eperfa5l-1-1-600x600.jpg\" class=\"attachment-woocommerce_thumbnail size-woocommerce_thumbnail\" alt=\"\" \/>\t<\/a>\n\t<div class=\"jet-woo-category-img-overlay\"><\/div>\n\t<div class=\"jet-woo-category-img-overlay__hover\"><\/div>\n<\/div><\/div>\n\n<div class=\"jet-woo-categories-content\">\n\t<div class=\"jet-woo-category-content__inner\">\n\t\t<h5 class=\"jet-woo-category-title\" ><a href=\"https:\/\/hungaroonline.hu\/ro\/categorie-produs\/eperfa-hordok\/\" class=\"jet-woo-category-title__link\" >Butoaie de rachiu<\/a><\/h5>\t<\/div>\n\n\t<div class=\"jet-woo-category-count__wrap\">\n\t\t<span class=\"jet-woo-category-count\">( 12 )<\/span>\t<\/div>\n<\/div>\t<\/div>\n\n\t\t\t<a href=\"https:\/\/hungaroonline.hu\/ro\/categorie-produs\/eperfa-hordok\/\" class=\"jet-woo-item-overlay-link\"  ><\/a>\n\t<\/div>\n<div class=\"jet-woo-categories__item\">\n\t<div class=\"jet-woo-categories__inner-box jet-woo-item-overlay-wrap\" data-url=\"https:\/\/hungaroonline.hu\/ro\/categorie-produs\/raklap-butor\/\" >\n\t\t\n<div class=\"jet-woo-categories-thumbnail__wrap\">\n\t\n<div class=\"jet-woo-category-thumbnail\">\n\t<a href=\"https:\/\/hungaroonline.hu\/ro\/categorie-produs\/raklap-butor\/\"  rel=\"bookmark\">\n\t\t<img loading=\"lazy\" decoding=\"async\" width=\"600\" height=\"600\" src=\"https:\/\/hungaroonline.hu\/wp-content\/uploads\/2021\/03\/raklap-butor-3.-1-600x600.jpg\" class=\"attachment-woocommerce_thumbnail size-woocommerce_thumbnail\" alt=\"\" \/>\t<\/a>\n\t<div class=\"jet-woo-category-img-overlay\"><\/div>\n\t<div class=\"jet-woo-category-img-overlay__hover\"><\/div>\n<\/div><\/div>\n\n<div class=\"jet-woo-categories-content\">\n\t<div class=\"jet-woo-category-content__inner\">\n\t\t<h5 class=\"jet-woo-category-title\" ><a href=\"https:\/\/hungaroonline.hu\/ro\/categorie-produs\/raklap-butor\/\" class=\"jet-woo-category-title__link\" >Mobilier cu paleti<\/a><\/h5>\t<\/div>\n\n\t<div class=\"jet-woo-category-count__wrap\">\n\t\t<span class=\"jet-woo-category-count\">( 11 )<\/span>\t<\/div>\n<\/div>\t<\/div>\n\n\t\t\t<a href=\"https:\/\/hungaroonline.hu\/ro\/categorie-produs\/raklap-butor\/\" class=\"jet-woo-item-overlay-link\"  ><\/a>\n\t<\/div>\n<div class=\"jet-woo-categories__item\">\n\t<div class=\"jet-woo-categories__inner-box jet-woo-item-overlay-wrap\" data-url=\"https:\/\/hungaroonline.hu\/ro\/categorie-produs\/raklapparna\/\" >\n\t\t\n<div class=\"jet-woo-categories-thumbnail__wrap\">\n\t\n<div class=\"jet-woo-category-thumbnail\">\n\t<a href=\"https:\/\/hungaroonline.hu\/ro\/categorie-produs\/raklapparna\/\"  rel=\"bookmark\">\n\t\t<img loading=\"lazy\" decoding=\"async\" width=\"500\" height=\"500\" src=\"https:\/\/hungaroonline.hu\/wp-content\/uploads\/2023\/04\/Raklapparna-3.jpg\" class=\"attachment-woocommerce_thumbnail size-woocommerce_thumbnail\" alt=\"Raklapp\u00e1rna\" \/>\t<\/a>\n\t<div class=\"jet-woo-category-img-overlay\"><\/div>\n\t<div class=\"jet-woo-category-img-overlay__hover\"><\/div>\n<\/div><\/div>\n\n<div class=\"jet-woo-categories-content\">\n\t<div class=\"jet-woo-category-content__inner\">\n\t\t<h5 class=\"jet-woo-category-title\" ><a href=\"https:\/\/hungaroonline.hu\/ro\/categorie-produs\/raklapparna\/\" class=\"jet-woo-category-title__link\" >Pern\u0103 pentru pale\u021bi<\/a><\/h5>\t<\/div>\n\n\t<div class=\"jet-woo-category-count__wrap\">\n\t\t<span class=\"jet-woo-category-count\">( 26 )<\/span>\t<\/div>\n<\/div>\t<\/div>\n\n\t\t\t<a href=\"https:\/\/hungaroonline.hu\/ro\/categorie-produs\/raklapparna\/\" class=\"jet-woo-item-overlay-link\"  ><\/a>\n\t<\/div>\n<div class=\"jet-woo-categories__item\">\n\t<div class=\"jet-woo-categories__inner-box jet-woo-item-overlay-wrap\" data-url=\"https:\/\/hungaroonline.hu\/ro\/categorie-produs\/thermo-fuggony-kutyahazra\/\" >\n\t\t\n<div class=\"jet-woo-categories-thumbnail__wrap\">\n\t\n<div class=\"jet-woo-category-thumbnail\">\n\t<a href=\"https:\/\/hungaroonline.hu\/ro\/categorie-produs\/thermo-fuggony-kutyahazra\/\"  rel=\"bookmark\">\n\t\t<img loading=\"lazy\" decoding=\"async\" width=\"600\" height=\"600\" src=\"https:\/\/hungaroonline.hu\/wp-content\/uploads\/2020\/10\/86102-1-25m-roll-transparent-pvc-strip-curtain-30cm-3mm-600x600.jpg\" class=\"attachment-woocommerce_thumbnail size-woocommerce_thumbnail\" alt=\"\" \/>\t<\/a>\n\t<div class=\"jet-woo-category-img-overlay\"><\/div>\n\t<div class=\"jet-woo-category-img-overlay__hover\"><\/div>\n<\/div><\/div>\n\n<div class=\"jet-woo-categories-content\">\n\t<div class=\"jet-woo-category-content__inner\">\n\t\t<h5 class=\"jet-woo-category-title\" ><a href=\"https:\/\/hungaroonline.hu\/ro\/categorie-produs\/thermo-fuggony-kutyahazra\/\" class=\"jet-woo-category-title__link\" >Cortina termic\u0103 pentru c\u0103su\u021b\u0103<\/a><\/h5>\t<\/div>\n\n\t<div class=\"jet-woo-category-count__wrap\">\n\t\t<span class=\"jet-woo-category-count\">( 4 )<\/span>\t<\/div>\n<\/div>\t<\/div>\n\n\t\t\t<a href=\"https:\/\/hungaroonline.hu\/ro\/categorie-produs\/thermo-fuggony-kutyahazra\/\" class=\"jet-woo-item-overlay-link\"  ><\/a>\n\t<\/div><\/div>\n<\/div>\t\t\t\t<\/div>\n\t\t\t\t<\/div>\n\t\t\t\t\t<\/div>\n\t\t\t\t<\/div>\n\t\t\t\t<\/div>","protected":false},"excerpt":{"rendered":"<p>Cas\u0103 pentru c\u00e2ini cu acoperi\u0219 dublu (6) C\u0103su\u021be pentru c\u00e2ini (27) Cump\u0103r\u0103 c\u0103su\u021be pentru c\u00e2ini (1) Butoaie de coniac (10) Mobilier cu pale\u021bi (13) Pern\u0103 pentru pale\u021bi (6) Cortina termic\u0103 pentru c\u0103su\u021b\u0103 (4)<\/p>","protected":false},"author":1,"featured_media":0,"parent":0,"menu_order":0,"comment_status":"closed","ping_status":"closed","template":"elementor_header_footer","meta":{"footnotes":""},"class_list":["post-4369","page","type-page","status-publish","hentry"],"yoast_head":"<!-- This site is optimized with the Yoast SEO plugin v26.6 - https:\/\/yoast.com\/wordpress\/plugins\/seo\/ -->\n<title>Term\u00e9kkateg\u00f3ri\u00e1k - HungaroOnline<\/title>\n<meta name=\"robots\" content=\"index, follow, max-snippet:-1, max-image-preview:large, max-video-preview:-1\" \/>\n<link rel=\"canonical\" href=\"https:\/\/hungaroonline.hu\/ro\/termekkategoriak\/\" \/>\n<meta property=\"og:locale\" content=\"ro_RO\" \/>\n<meta property=\"og:type\" content=\"article\" \/>\n<meta property=\"og:title\" content=\"Term\u00e9kkateg\u00f3ri\u00e1k - HungaroOnline\" \/>\n<meta property=\"og:description\" content=\"Dupla tetej\u0171 kutyah\u00e1z ( 6 ) Kutyah\u00e1zak ( 27 ) Kutyah\u00e1zak v\u00e1s\u00e1rl\u00e1sa ( 1 ) P\u00e1link\u00e1s hord\u00f3k ( 10 ) Raklap b\u00fator ( 13 ) Raklapp\u00e1rna ( 6 ) Thermo F\u00fcgg\u00f6ny Kutyah\u00e1zra ( 4 )\" \/>\n<meta property=\"og:url\" content=\"https:\/\/hungaroonline.hu\/ro\/termekkategoriak\/\" \/>\n<meta property=\"og:site_name\" content=\"HungaroOnline\" \/>\n<meta property=\"article:publisher\" content=\"https:\/\/www.facebook.com\/hungaroonline\" \/>\n<meta property=\"article:modified_time\" content=\"2023-04-06T07:49:04+00:00\" \/>\n<meta property=\"og:image\" content=\"https:\/\/hungaroonline.hu\/wp-content\/uploads\/2020\/05\/UjKutyahaz01-600x600.jpg\" \/>\n<meta name=\"twitter:card\" content=\"summary_large_image\" \/>\n<meta name=\"twitter:label1\" content=\"Timp estimat pentru citire\" \/>\n\t<meta name=\"twitter:data1\" content=\"2 minute\" \/>\n<script type=\"application\/ld+json\" class=\"yoast-schema-graph\">{\"@context\":\"https:\/\/schema.org\",\"@graph\":[{\"@type\":\"WebPage\",\"@id\":\"https:\/\/hungaroonline.hu\/termekkategoriak\/\",\"url\":\"https:\/\/hungaroonline.hu\/termekkategoriak\/\",\"name\":\"Term\u00e9kkateg\u00f3ri\u00e1k - HungaroOnline\",\"isPartOf\":{\"@id\":\"https:\/\/hungaroonline.hu\/#website\"},\"primaryImageOfPage\":{\"@id\":\"https:\/\/hungaroonline.hu\/termekkategoriak\/#primaryimage\"},\"image\":{\"@id\":\"https:\/\/hungaroonline.hu\/termekkategoriak\/#primaryimage\"},\"thumbnailUrl\":\"https:\/\/hungaroonline.hu\/wp-content\/uploads\/2020\/05\/UjKutyahaz01-600x600.jpg\",\"datePublished\":\"2023-01-21T16:35:16+00:00\",\"dateModified\":\"2023-04-06T07:49:04+00:00\",\"breadcrumb\":{\"@id\":\"https:\/\/hungaroonline.hu\/termekkategoriak\/#breadcrumb\"},\"inLanguage\":\"ro-RO\",\"potentialAction\":[{\"@type\":\"ReadAction\",\"target\":[\"https:\/\/hungaroonline.hu\/termekkategoriak\/\"]}]},{\"@type\":\"ImageObject\",\"inLanguage\":\"ro-RO\",\"@id\":\"https:\/\/hungaroonline.hu\/termekkategoriak\/#primaryimage\",\"url\":\"https:\/\/hungaroonline.hu\/wp-content\/uploads\/2020\/05\/UjKutyahaz01-600x600.jpg\",\"contentUrl\":\"https:\/\/hungaroonline.hu\/wp-content\/uploads\/2020\/05\/UjKutyahaz01-600x600.jpg\"},{\"@type\":\"BreadcrumbList\",\"@id\":\"https:\/\/hungaroonline.hu\/termekkategoriak\/#breadcrumb\",\"itemListElement\":[{\"@type\":\"ListItem\",\"position\":1,\"name\":\"Home\",\"item\":\"https:\/\/hungaroonline.hu\/\"},{\"@type\":\"ListItem\",\"position\":2,\"name\":\"Term\u00e9kkateg\u00f3ri\u00e1k\"}]},{\"@type\":\"WebSite\",\"@id\":\"https:\/\/hungaroonline.hu\/#website\",\"url\":\"https:\/\/hungaroonline.hu\/\",\"name\":\"HungaroOnline\",\"description\":\"Kutyah\u00e1z - Hord\u00f3 - Raklap b\u00fator - Raklapp\u00e1rna Gy\u00e1rt\u00e1sa\",\"publisher\":{\"@id\":\"https:\/\/hungaroonline.hu\/#organization\"},\"potentialAction\":[{\"@type\":\"SearchAction\",\"target\":{\"@type\":\"EntryPoint\",\"urlTemplate\":\"https:\/\/hungaroonline.hu\/?s={search_term_string}\"},\"query-input\":{\"@type\":\"PropertyValueSpecification\",\"valueRequired\":true,\"valueName\":\"search_term_string\"}}],\"inLanguage\":\"ro-RO\"},{\"@type\":\"Organization\",\"@id\":\"https:\/\/hungaroonline.hu\/#organization\",\"name\":\"HungaroOnline\",\"url\":\"https:\/\/hungaroonline.hu\/\",\"logo\":{\"@type\":\"ImageObject\",\"inLanguage\":\"ro-RO\",\"@id\":\"https:\/\/hungaroonline.hu\/#\/schema\/logo\/image\/\",\"url\":\"https:\/\/hungaroonline.hu\/wp-content\/uploads\/2023\/01\/hungaroonline-footer-logo-color-a.png\",\"contentUrl\":\"https:\/\/hungaroonline.hu\/wp-content\/uploads\/2023\/01\/hungaroonline-footer-logo-color-a.png\",\"width\":970,\"height\":86,\"caption\":\"HungaroOnline\"},\"image\":{\"@id\":\"https:\/\/hungaroonline.hu\/#\/schema\/logo\/image\/\"},\"sameAs\":[\"https:\/\/www.facebook.com\/hungaroonline\"]}]}<\/script>\n<!-- \/ Yoast SEO plugin. -->","yoast_head_json":{"title":"Term\u00e9kkateg\u00f3ri\u00e1k - HungaroOnline","robots":{"index":"index","follow":"follow","max-snippet":"max-snippet:-1","max-image-preview":"max-image-preview:large","max-video-preview":"max-video-preview:-1"},"canonical":"https:\/\/hungaroonline.hu\/ro\/termekkategoriak\/","og_locale":"ro_RO","og_type":"article","og_title":"Term\u00e9kkateg\u00f3ri\u00e1k - HungaroOnline","og_description":"Dupla tetej\u0171 kutyah\u00e1z ( 6 ) Kutyah\u00e1zak ( 27 ) Kutyah\u00e1zak v\u00e1s\u00e1rl\u00e1sa ( 1 ) P\u00e1link\u00e1s hord\u00f3k ( 10 ) Raklap b\u00fator ( 13 ) Raklapp\u00e1rna ( 6 ) Thermo F\u00fcgg\u00f6ny Kutyah\u00e1zra ( 4 )","og_url":"https:\/\/hungaroonline.hu\/ro\/termekkategoriak\/","og_site_name":"HungaroOnline","article_publisher":"https:\/\/www.facebook.com\/hungaroonline","article_modified_time":"2023-04-06T07:49:04+00:00","og_image":[{"url":"https:\/\/hungaroonline.hu\/wp-content\/uploads\/2020\/05\/UjKutyahaz01-600x600.jpg","type":"","width":"","height":""}],"twitter_card":"summary_large_image","twitter_misc":{"Timp estimat pentru citire":"2 minute"},"schema":{"@context":"https:\/\/schema.org","@graph":[{"@type":"WebPage","@id":"https:\/\/hungaroonline.hu\/termekkategoriak\/","url":"https:\/\/hungaroonline.hu\/termekkategoriak\/","name":"Term\u00e9kkateg\u00f3ri\u00e1k - HungaroOnline","isPartOf":{"@id":"https:\/\/hungaroonline.hu\/#website"},"primaryImageOfPage":{"@id":"https:\/\/hungaroonline.hu\/termekkategoriak\/#primaryimage"},"image":{"@id":"https:\/\/hungaroonline.hu\/termekkategoriak\/#primaryimage"},"thumbnailUrl":"https:\/\/hungaroonline.hu\/wp-content\/uploads\/2020\/05\/UjKutyahaz01-600x600.jpg","datePublished":"2023-01-21T16:35:16+00:00","dateModified":"2023-04-06T07:49:04+00:00","breadcrumb":{"@id":"https:\/\/hungaroonline.hu\/termekkategoriak\/#breadcrumb"},"inLanguage":"ro-RO","potentialAction":[{"@type":"ReadAction","target":["https:\/\/hungaroonline.hu\/termekkategoriak\/"]}]},{"@type":"ImageObject","inLanguage":"ro-RO","@id":"https:\/\/hungaroonline.hu\/termekkategoriak\/#primaryimage","url":"https:\/\/hungaroonline.hu\/wp-content\/uploads\/2020\/05\/UjKutyahaz01-600x600.jpg","contentUrl":"https:\/\/hungaroonline.hu\/wp-content\/uploads\/2020\/05\/UjKutyahaz01-600x600.jpg"},{"@type":"BreadcrumbList","@id":"https:\/\/hungaroonline.hu\/termekkategoriak\/#breadcrumb","itemListElement":[{"@type":"ListItem","position":1,"name":"Home","item":"https:\/\/hungaroonline.hu\/"},{"@type":"ListItem","position":2,"name":"Term\u00e9kkateg\u00f3ri\u00e1k"}]},{"@type":"WebSite","@id":"https:\/\/hungaroonline.hu\/#website","url":"https:\/\/hungaroonline.hu\/","name":"HungaroOnline","description":"Cu\u0219c\u0103 pentru c\u00e2ini - Butoi - Mobilier din pale\u021bi - Produc\u021bie de perne din pale\u021bi","publisher":{"@id":"https:\/\/hungaroonline.hu\/#organization"},"potentialAction":[{"@type":"SearchAction","target":{"@type":"EntryPoint","urlTemplate":"https:\/\/hungaroonline.hu\/?s={search_term_string}"},"query-input":{"@type":"PropertyValueSpecification","valueRequired":true,"valueName":"search_term_string"}}],"inLanguage":"ro-RO"},{"@type":"Organization","@id":"https:\/\/hungaroonline.hu\/#organization","name":"HungaroOnline","url":"https:\/\/hungaroonline.hu\/","logo":{"@type":"ImageObject","inLanguage":"ro-RO","@id":"https:\/\/hungaroonline.hu\/#\/schema\/logo\/image\/","url":"https:\/\/hungaroonline.hu\/wp-content\/uploads\/2023\/01\/hungaroonline-footer-logo-color-a.png","contentUrl":"https:\/\/hungaroonline.hu\/wp-content\/uploads\/2023\/01\/hungaroonline-footer-logo-color-a.png","width":970,"height":86,"caption":"HungaroOnline"},"image":{"@id":"https:\/\/hungaroonline.hu\/#\/schema\/logo\/image\/"},"sameAs":["https:\/\/www.facebook.com\/hungaroonline"]}]}},"_links":{"self":[{"href":"https:\/\/hungaroonline.hu\/ro\/wp-json\/wp\/v2\/pages\/4369","targetHints":{"allow":["GET"]}}],"collection":[{"href":"https:\/\/hungaroonline.hu\/ro\/wp-json\/wp\/v2\/pages"}],"about":[{"href":"https:\/\/hungaroonline.hu\/ro\/wp-json\/wp\/v2\/types\/page"}],"author":[{"embeddable":true,"href":"https:\/\/hungaroonline.hu\/ro\/wp-json\/wp\/v2\/users\/1"}],"replies":[{"embeddable":true,"href":"https:\/\/hungaroonline.hu\/ro\/wp-json\/wp\/v2\/comments?post=4369"}],"version-history":[{"count":3,"href":"https:\/\/hungaroonline.hu\/ro\/wp-json\/wp\/v2\/pages\/4369\/revisions"}],"predecessor-version":[{"id":4833,"href":"https:\/\/hungaroonline.hu\/ro\/wp-json\/wp\/v2\/pages\/4369\/revisions\/4833"}],"wp:attachment":[{"href":"https:\/\/hungaroonline.hu\/ro\/wp-json\/wp\/v2\/media?parent=4369"}],"curies":[{"name":"wp","href":"https:\/\/api.w.org\/{rel}","templated":true}]}}