{"id":309,"date":"2019-06-12T12:06:21","date_gmt":"2019-06-12T12:06:21","guid":{"rendered":"https:\/\/hungaroonline.hempa.hu\/?page_id=309"},"modified":"2025-01-29T17:55:32","modified_gmt":"2025-01-29T16:55:32","slug":"aszf","status":"publish","type":"page","link":"https:\/\/hungaroonline.hu\/ro\/aszf\/","title":{"rendered":"GTC"},"content":{"rendered":"<p><a href=\"https:\/\/hungaroonline.hu\/wp-content\/uploads\/2020\/11\/HUNGAROONLINE-ASZF-f.pdf\">Termeni si Conditii Generale<\/a><\/p>\n\n\n\n<p><\/p>\n\n\n\n<p><strong><u>IMPORTANT!!!&nbsp;<\/u><\/strong>Dac\u0103 nu mai este actual sau v-a\u021bi r\u0103zg\u00e2ndit, v\u0103 rug\u0103m s\u0103 ne anun\u021ba\u021bi \u00een prealabil la acest num\u0103r de telefon&nbsp;<strong>+36706361980<\/strong>&nbsp;obsesie&nbsp;<a href=\"mailto:hungaroonlinekft@gmail.com\" target=\"_blank\" rel=\"noreferrer noopener\">hungaroonlinekft@gmail.com<\/a>&nbsp;la adresa de email!<\/p>\n\n\n\n<p><strong><u>OBLIGA\u021aIA DE PLAT\u0102<\/u><\/strong>\u00a0Se aplic\u0103 \u0219i dac\u0103 serviciul de curierat (la MPL)\u00a0\u00a0<strong><u>REFUZ\u0102 S\u0102 PRIMI\u021aI PACEA!!!\u00a0<\/u><\/strong>\u00a0\u00cen orice caz, pute\u021bi face acest lucru la aceste contacte\u00a0<strong>+36706361980\u00a0\u00a0<\/strong>obsesie\u00a0\u00a0<a href=\"mailto:hungaroonlinekft@gmail.com\" target=\"_blank\" rel=\"noreferrer noopener\">hungaroonlinekft@gmail.com<\/a>\u00a0 la adresa de email\u00a0\u00a0<strong><u>TREBUIE SA<\/u><\/strong>\u00a0 anun\u021b\u0103-ne!<\/p>\n\n\n\n<p>Dac\u0103 nu ne notifica\u021bi inten\u021bia dvs. de a anula&nbsp;<strong><u>TREBUIE SA<\/u><\/strong>&nbsp;ramburseaza costul de transport&nbsp;<strong><u>Guvernul 45\/2014. (II. 26.) Hot\u0103r\u00e2re guvernamental\u0103 \u00een baza legii contractelor dintre consumator \u0219i \u00eentreprindere!!!<\/u><\/strong> <\/p>\n\n\n\n<p><strong>\u00c1FSZ a acceptat \u0219i a luat act de contract<\/strong> <strong>obliga\u0163ie!!!<\/strong><\/p>\n\n\n\n<p><\/p>\n\n\n\n<p><\/p>\n\n\n\n<p><\/p>\n\n\n\n<p><strong>Nu este posibil s\u0103 primi\u021bi produsul sau s\u0103 \u00eel manipula\u021bi personal!<\/strong><\/p>\n\n\n\n<p><\/p>\n\n\n\n<p>1. Produc\u0103torul este unicul proprietar al produsului.&nbsp;<\/p>\n\n\n\n<p>2. Casa pentru c\u00e2ini pe care cump\u0103r\u0103torul o are deja <strong>asamblate<\/strong> nu putem schimba sau rambursa pre\u021bul!&nbsp;<\/p>\n\n\n\n<p>3. Nu este potrivit pentru c\u00e2inele dvs <strong>casa pentru caini de marime<\/strong> \u0219i <strong>Cortina termic\u0103<\/strong> comand\u0103, nu putem schimba sau rambursa pre\u021bul casei pentru c\u00e2ini, dimensiunile c\u0103su\u021belor <strong>sunt afi\u0219ate!<\/strong> V\u0103 rug\u0103m s\u0103 citi\u021bi cu aten\u021bie \u0219i <strong>gandeste-te la dimensiuni!&nbsp;<\/strong><\/p>\n\n\n\n<p>4. Produc\u0103torul garanteaz\u0103 deservirea distribuitorului, cu capacitate maxim\u0103 de produc\u021bie \u0219i respectarea cerin\u021belor de calitate corespunz\u0103toare.&nbsp;<\/p>\n\n\n\n<p>5. A&nbsp;<a href=\"https:\/\/hungaroonline.hu\/ro\/\" target=\"_blank\" rel=\"noreferrer noopener\">hungaroonline.hu<\/a>&nbsp;Produsele comercializate pe site sunt produse de producatorii contractati!&nbsp;<\/p>\n\n\n\n<p>6. Pentru fiecare produs v\u00e2ndut pe hungaroonline.hu, produc\u0103torul este responsabil pentru calitatea, ambalarea \u0219i livrarea corespunz\u0103toare a produsului.&nbsp;<\/p>\n\n\n\n<p>7. Hungaroonline.hu, B.HungaroOnline Kft emite o factur\u0103 c\u0103tre client pentru fiecare produs comandat din magazinul online de pe hungaroonline.hu!&nbsp;<\/p>\n\n\n\n<p>8. Pretul produselor din magazinul web nu include <strong>CUV\u0102<\/strong>! <strong>Preturi AAM!<\/strong><\/p>\n\n\n\n<p>9. Produc\u0103torul se oblig\u0103 s\u0103 ambaleze \u00een siguran\u021b\u0103 produsul comandat \u00een ziua comenzii, dar \u00een cel mult 5-12 zile lucr\u0103toare, \u0219i s\u0103 \u00eel predea serviciului de curierat.&nbsp;<br>10. Produc\u0103torul \u00ee\u0219i asum\u0103 responsabilitatea pentru orice deteriorare sau spargere rezultat\u0103 din ambalarea necorespunz\u0103toare!&nbsp;<\/p>\n\n\n\n<p>11. Costul de transport este determinat de greutatea si marimea produselor!&nbsp;<\/p>\n\n\n\n<p>12. PRODUCATORUL ASUMA GARAN\u021aIA PENTRU ORICE PROBLEME LEGATE DE CALITATEA ORICE PRODUS LEGAT DE CALITATE!&nbsp;<\/p>\n\n\n\n<p>13. Orice comand\u0103 din magazinul online Hungaroonline.hu f\u0103r\u0103 nicio justificare special\u0103 <strong>il poti sterge!<\/strong><\/p>\n\n\n\n<p>14. <strong>garan\u021bie<\/strong><em>: 1 an.<\/em><\/p>\n\n\n\n<p>15. <strong>\u00cen acest caz, nu pute\u021bi utiliza garan\u021bia:<\/strong><\/p>\n\n\n\n<p><em>-nerespectarea instructiunilor de utilizare si manipulare!<\/em><\/p>\n\n\n\n<p><em>- depozitare necorespunz\u0103toare, manipulare necorespunz\u0103toare, deteriorare, mestecare!<\/em><strong><em><\/em><\/strong><\/p>\n\n\n\n<p><strong><em>&#8211;<\/em><\/strong><em>daune elementare, cauzate de un dezastru natural!<\/em><\/p>\n\n\n\n<p><em>-fara tratament de suprafata de cel putin 2x!<\/em><\/p>\n\n\n\n<p><em>- asamblare gre\u0219it\u0103!<\/em><\/p>\n\n\n\n<p><em>-selectare incorect\u0103 a m\u0103rimii!<\/em><\/p>\n\n\n\n<p><strong>Dup\u0103 cump\u0103rare, AFSZ a acceptat \u0219i a luat not\u0103 de termenii \u0219i condi\u021biile legate de garan\u021bie<em>!<\/em><\/strong><\/p>\n\n\n\n<p><strong><em>Burj\u00e1nHungary Kft<\/em><\/strong><\/p>\n\n\n\n<p>Num\u0103r de \u00eenregistrare al companiei: <strong>06-09-027651<\/strong><\/p>\n\n\n\n<p>Sediu central: 6914 Pitvaros Mez\u0151hegyesi \u00fat 22.<\/p>\n\n\n\n<p>Adres\u0103 po\u0219tal\u0103: 6914 Pitvaros Mez\u0151hegyesi \u00fat 22.<\/p>\n\n\n\n<p>Site:&nbsp;<a href=\"http:\/\/www.hungaroonlin.hu\/\" target=\"_blank\" rel=\"noreferrer noopener\">www.hungaroonlin.hu<\/a><\/p>\n\n\n\n<p>Cod fiscal: <strong>27731464-1-06.<\/strong><\/p>\n\n\n\n<p>Codul fiscal public: <strong>HU27731464.<\/strong><\/p>\n\n\n\n<p>Telefon: +36706361980<\/p>\n\n\n\n<p>E-mail:&nbsp;<a href=\"mailto:hungaroonlinekft@gmail.com\" target=\"_blank\" rel=\"noreferrer noopener\">hungaroonlinekft@gmail.com<\/a><\/p>\n\n\n\n<p><br>K&amp;H Bank zrt. <strong>HU50 10402829-50526954-78511008<\/strong><\/p>\n\n\n\n<p><\/p>\n\n\n\n<p>16. <em><strong>Putem livra mobila de gradina in toata tara cu livrare EUR paleti, datorita dimensiunilor si greutatii sale supradimensionate, taxa de livrare este de 25.000 HUF!<\/strong><\/em><\/p>\n\n\n\n<p><em><strong>Putem livra aproximativ 6-7 piese de mobilier de gr\u0103din\u0103 asamblate pe un palet EUR!<\/strong><\/em><\/p>\n\n\n\n<p>17. <strong>Persoanele juridice nu pot exercita un drept de retragere de 14 zile conform Art. 45\/2014. (II. 26.) \u00cen conformitate cu prevederile Hot\u0103r\u00e2rii Guvernului, Codul civil. 8:1. Potrivit \u00a7 3, un consumator nu este altul dec\u00e2t o persoan\u0103 fizic\u0103 care ac\u021bioneaz\u0103 \u00een afara domeniului s\u0103u de activitate, ocupa\u021bie independent\u0103 sau activitate comercial\u0103, adic\u0103 persoanele juridice \u0219i companiile nu au dreptul de retragere.<\/strong><\/p>\n\n\n\n<p><strong>Modalitate de solu\u021bionare a obiec\u021biei din partea \u00eentreprinderii: Respins<\/strong><\/p>\n\n\n\n<p><strong>Persoanele juridice nu pot exercita un drept de retragere de 14 zile conform Art. 45\/2014. (II. 26.) \u00cen conformitate cu prevederile Hot\u0103r\u00e2rii Guvernului.<\/strong>&nbsp;&nbsp;<br><br><strong>Codul civil 8:1. Potrivit \u00a7 3, un consumator nu este altul dec\u00e2t o persoan\u0103 fizic\u0103 care ac\u021bioneaz\u0103 \u00een afara domeniului s\u0103u de activitate, ocupa\u021bie independent\u0103 sau activitate comercial\u0103, adic\u0103 persoanele juridice \u0219i companiile nu au dreptul de retragere.<\/strong><\/p>\n\n\n\n<p><a href=\"https:\/\/hungaroonline.hempa.hu\/wp-content\/uploads\/2022\/09\/HUNGAROONLINE-ASZF-f-5.pdf\"><strong>DESCRIEREA COMPLET\u0102 A \u00c1FSZ AICI<\/strong><\/a>:<\/p>\n\n\n\n<p><\/p>\n\n\n\n<p><strong><a href=\"https:\/\/hungaroonline.hu\/wp-content\/uploads\/2023\/10\/MK14030.pdf\">45\/2014. (II. 26.) Guvern. Reglementarea contractelor dintre consumator \u0219i \u00eentreprindere aici:<\/a><\/strong><\/p>\n\n\n\n<p><\/p>\n\n\n\n<p><\/p>\n\n\n\n<figure class=\"wp-block-gallery has-nested-images columns-default is-cropped wp-block-gallery-1 is-layout-flex wp-block-gallery-is-layout-flex\"><\/figure>\n\n\n\n<p><\/p>\n\n\n\n<p><\/p>\n\n\n\n<p><strong>PLATA ONLINE CU CARD BANCAR \u00c1FSZ-OFSZ<\/strong>:<\/p>\n\n\n\n<p><strong>Seif:<\/strong>&nbsp;poti verifica exact de la cine cumperi si banii tai pot fi urmariti: poti solicita un SMS de la banca ta care te anunta despre tranzactii si iti poti verifica cheltuielile si pe extrasul tau bancar.<\/p>\n\n\n\n<p><strong>Plata gratuita:<\/strong>&nbsp;nu exist\u0103 nicio tax\u0103 separat\u0103 pentru plata online cu cardul bancar.<\/p>\n\n\n\n<p><strong>Retururi gratuite:<\/strong>&nbsp;indiferent de modalitatea de plat\u0103 pe care o alege\u021bi, pute\u021bi returna produsele v\u00e2ndute de Hungaroonline.hu gratuit timp de 30 de zile f\u0103r\u0103 motiv<sup>*<\/sup>, bineinteles si in cazul platii online cu cardul bancar (iar pretul de achizitie va fi rambursat produselor in termen de 14 zile de la sosirea acestora la depozit!<\/p>\n\n\n\n<ul class=\"wp-block-list\">\n<li>Salveaz\u0103-\u021bi cardul, astfel \u00eenc\u00e2t s\u0103 nu fii nevoit s\u0103-i introduci din nou toate datele data viitoare c\u00e2nd pl\u0103te\u0219ti online.<\/li>\n\n\n\n<li>Alege\u021bi dintre metodele de plat\u0103 \u0219i face\u021bi clic pe butonul \u201eComanda\u201d. Plata se va face automat.<\/li>\n<\/ul>\n\n\n\n<p>Tipurile de carduri bancare acceptate pentru plata online sunt: VISA (Classic \u0219i Electron), Maestro \u0219i Mastercard. Dac\u0103 acesta nu are un cod CVV2\/CVC2, atunci c\u00e2mpul relevant trebuie completat cu valori fictive.<\/p>\n\n\n\n<p>Este important de \u0219tiut c\u0103 nu se percepe nicio tax\u0103 de tranzac\u021bie pentru comand\u0103! Hungaroonline.hu garanteaz\u0103 securitatea pl\u0103\u021bii!<\/p>\n\n\n\n<p>Dac\u0103 cardul dvs. bancar nu este bazat pe HUF, suma va fi dedus\u0103 \u00een func\u021bie de cursul de schimb zilnic al b\u0103ncii dvs.!<\/p>\n\n\n\n<p><\/p>\n\n\n\n<p><\/p>\n\n\n\n<div data-wp-interactive=\"core\/file\" class=\"wp-block-file\"><object data-wp-bind--hidden=\"!state.hasPdfPreview\" hidden class=\"wp-block-file__embed\" data=\"https:\/\/hungaroonline.hu\/wp-content\/uploads\/2024\/12\/OFSZ-ASZF_Elektronikus-hatalyos-20240401.pdf-BANKARTYAS-FIZETES.pdf\" type=\"application\/pdf\" style=\"width:100%;height:630px\" aria-label=\"\u00cenglobare pentru OFSZ-ASZF_Elektronikus-hatalyos-20240401.pdf BANK\u00c1RTY\u00c1S FIZET\u00c9S.\"><\/object><a id=\"wp-block-file--media-4b5fd68a-3212-4151-a176-d65e2f9f9880\" href=\"https:\/\/hungaroonline.hu\/wp-content\/uploads\/2024\/12\/OFSZ-ASZF_Elektronikus-hatalyos-20240401.pdf-BANKARTYAS-FIZETES.pdf\">OFSZ-ASZF_Elektronikus-tathalyos-20240401.pdf PLATA CU CARD BANCAR<\/a><a href=\"https:\/\/hungaroonline.hu\/wp-content\/uploads\/2024\/12\/OFSZ-ASZF_Elektronikus-hatalyos-20240401.pdf-BANKARTYAS-FIZETES.pdf\" class=\"wp-block-file__button wp-element-button\" download aria-describedby=\"wp-block-file--media-4b5fd68a-3212-4151-a176-d65e2f9f9880\">Desc\u0103rca\u021bi<\/a><\/div>","protected":false},"excerpt":{"rendered":"<p>\u00c1ltal\u00e1nos Szerz\u0151d\u00e9si Felt\u00e9telek FONTOS!!!&nbsp;Ha m\u00e1r nem aktu\u00e1lis vagy meggondolta mag\u00e1t azt k\u00e9rem el\u0151re jelezni fel\u00e9nk ezen a telefonsz\u00e1mon&nbsp;+36706361980&nbsp;vagy&nbsp;hungaroonlinekft@gmail.com&nbsp;email c\u00edmen! FIZET\u00c9SI K\u00d6TELEZETTS\u00c9G\u00a0Hat\u00e1lya al\u00e1 esik akkor is ha a fut\u00e1rszolg\u00e1latn\u00e1l az (MPL-n\u00e9l)\u00a0\u00a0TAGADJA\u00a0 MEG\u00a0 A CSOMAG\u00c1TV\u00c9TELT!!!\u00a0\u00a0Ezt minden esetben ezeken az el\u00e9rhet\u0151s\u00e9geken\u00a0+36706361980\u00a0\u00a0vagy\u00a0\u00a0hungaroonlinekft@gmail.com\u00a0 email c\u00edmen\u00a0\u00a0K\u00d6TELES\u00a0 jelezni fel\u00e9nk! Ha nem jelzi fel\u00e9nk az el\u00e1ll\u00e1si sz\u00e1nd\u00e9k\u00e1t&nbsp;K\u00d6TELES&nbsp;megt\u00e9r\u00edteni a sz\u00e1ll\u00edt\u00e1si k\u00f6lts\u00e9get&nbsp;A Korm\u00e1ny 45\/2014. (II. [&hellip;]<\/p>","protected":false},"author":1,"featured_media":0,"parent":0,"menu_order":0,"comment_status":"closed","ping_status":"closed","template":"","meta":{"footnotes":""},"class_list":["post-309","page","type-page","status-publish","hentry"],"yoast_head":"<!-- This site is optimized with the Yoast SEO plugin v26.6 - https:\/\/yoast.com\/wordpress\/plugins\/seo\/ -->\n<title>\u00c1SZF - HungaroOnline<\/title>\n<meta name=\"robots\" content=\"index, follow, max-snippet:-1, max-image-preview:large, max-video-preview:-1\" \/>\n<link rel=\"canonical\" href=\"https:\/\/hungaroonline.hu\/ro\/aszf\/\" \/>\n<meta property=\"og:locale\" content=\"ro_RO\" \/>\n<meta property=\"og:type\" content=\"article\" \/>\n<meta property=\"og:title\" content=\"\u00c1SZF - HungaroOnline\" \/>\n<meta property=\"og:description\" content=\"\u00c1ltal\u00e1nos Szerz\u0151d\u00e9si Felt\u00e9telek FONTOS!!!&nbsp;Ha m\u00e1r nem aktu\u00e1lis vagy meggondolta mag\u00e1t azt k\u00e9rem el\u0151re jelezni fel\u00e9nk ezen a telefonsz\u00e1mon&nbsp;+36706361980&nbsp;vagy&nbsp;hungaroonlinekft@gmail.com&nbsp;email c\u00edmen! FIZET\u00c9SI K\u00d6TELEZETTS\u00c9G\u00a0Hat\u00e1lya al\u00e1 esik akkor is ha a fut\u00e1rszolg\u00e1latn\u00e1l az (MPL-n\u00e9l)\u00a0\u00a0TAGADJA\u00a0 MEG\u00a0 A CSOMAG\u00c1TV\u00c9TELT!!!\u00a0\u00a0Ezt minden esetben ezeken az el\u00e9rhet\u0151s\u00e9geken\u00a0+36706361980\u00a0\u00a0vagy\u00a0\u00a0hungaroonlinekft@gmail.com\u00a0 email c\u00edmen\u00a0\u00a0K\u00d6TELES\u00a0 jelezni fel\u00e9nk! Ha nem jelzi fel\u00e9nk az el\u00e1ll\u00e1si sz\u00e1nd\u00e9k\u00e1t&nbsp;K\u00d6TELES&nbsp;megt\u00e9r\u00edteni a sz\u00e1ll\u00edt\u00e1si k\u00f6lts\u00e9get&nbsp;A Korm\u00e1ny 45\/2014. (II. [&hellip;]\" \/>\n<meta property=\"og:url\" content=\"https:\/\/hungaroonline.hu\/ro\/aszf\/\" \/>\n<meta property=\"og:site_name\" content=\"HungaroOnline\" \/>\n<meta property=\"article:publisher\" content=\"https:\/\/www.facebook.com\/hungaroonline\" \/>\n<meta property=\"article:modified_time\" content=\"2025-01-29T16:55:32+00:00\" \/>\n<meta name=\"twitter:card\" content=\"summary_large_image\" \/>\n<meta name=\"twitter:label1\" content=\"Timp estimat pentru citire\" \/>\n\t<meta name=\"twitter:data1\" content=\"4 minute\" \/>\n<script type=\"application\/ld+json\" class=\"yoast-schema-graph\">{\"@context\":\"https:\/\/schema.org\",\"@graph\":[{\"@type\":\"WebPage\",\"@id\":\"https:\/\/hungaroonline.hu\/aszf\/\",\"url\":\"https:\/\/hungaroonline.hu\/aszf\/\",\"name\":\"\u00c1SZF - HungaroOnline\",\"isPartOf\":{\"@id\":\"https:\/\/hungaroonline.hu\/#website\"},\"datePublished\":\"2019-06-12T12:06:21+00:00\",\"dateModified\":\"2025-01-29T16:55:32+00:00\",\"breadcrumb\":{\"@id\":\"https:\/\/hungaroonline.hu\/aszf\/#breadcrumb\"},\"inLanguage\":\"ro-RO\",\"potentialAction\":[{\"@type\":\"ReadAction\",\"target\":[\"https:\/\/hungaroonline.hu\/aszf\/\"]}]},{\"@type\":\"BreadcrumbList\",\"@id\":\"https:\/\/hungaroonline.hu\/aszf\/#breadcrumb\",\"itemListElement\":[{\"@type\":\"ListItem\",\"position\":1,\"name\":\"Home\",\"item\":\"https:\/\/hungaroonline.hu\/\"},{\"@type\":\"ListItem\",\"position\":2,\"name\":\"\u00c1SZF\"}]},{\"@type\":\"WebSite\",\"@id\":\"https:\/\/hungaroonline.hu\/#website\",\"url\":\"https:\/\/hungaroonline.hu\/\",\"name\":\"HungaroOnline\",\"description\":\"Kutyah\u00e1z - Hord\u00f3 - Raklap b\u00fator - Raklapp\u00e1rna Gy\u00e1rt\u00e1sa\",\"publisher\":{\"@id\":\"https:\/\/hungaroonline.hu\/#organization\"},\"potentialAction\":[{\"@type\":\"SearchAction\",\"target\":{\"@type\":\"EntryPoint\",\"urlTemplate\":\"https:\/\/hungaroonline.hu\/?s={search_term_string}\"},\"query-input\":{\"@type\":\"PropertyValueSpecification\",\"valueRequired\":true,\"valueName\":\"search_term_string\"}}],\"inLanguage\":\"ro-RO\"},{\"@type\":\"Organization\",\"@id\":\"https:\/\/hungaroonline.hu\/#organization\",\"name\":\"HungaroOnline\",\"url\":\"https:\/\/hungaroonline.hu\/\",\"logo\":{\"@type\":\"ImageObject\",\"inLanguage\":\"ro-RO\",\"@id\":\"https:\/\/hungaroonline.hu\/#\/schema\/logo\/image\/\",\"url\":\"https:\/\/hungaroonline.hu\/wp-content\/uploads\/2023\/01\/hungaroonline-footer-logo-color-a.png\",\"contentUrl\":\"https:\/\/hungaroonline.hu\/wp-content\/uploads\/2023\/01\/hungaroonline-footer-logo-color-a.png\",\"width\":970,\"height\":86,\"caption\":\"HungaroOnline\"},\"image\":{\"@id\":\"https:\/\/hungaroonline.hu\/#\/schema\/logo\/image\/\"},\"sameAs\":[\"https:\/\/www.facebook.com\/hungaroonline\"]}]}<\/script>\n<!-- \/ Yoast SEO plugin. -->","yoast_head_json":{"title":"\u00c1SZF - HungaroOnline","robots":{"index":"index","follow":"follow","max-snippet":"max-snippet:-1","max-image-preview":"max-image-preview:large","max-video-preview":"max-video-preview:-1"},"canonical":"https:\/\/hungaroonline.hu\/ro\/aszf\/","og_locale":"ro_RO","og_type":"article","og_title":"\u00c1SZF - HungaroOnline","og_description":"\u00c1ltal\u00e1nos Szerz\u0151d\u00e9si Felt\u00e9telek FONTOS!!!&nbsp;Ha m\u00e1r nem aktu\u00e1lis vagy meggondolta mag\u00e1t azt k\u00e9rem el\u0151re jelezni fel\u00e9nk ezen a telefonsz\u00e1mon&nbsp;+36706361980&nbsp;vagy&nbsp;hungaroonlinekft@gmail.com&nbsp;email c\u00edmen! FIZET\u00c9SI K\u00d6TELEZETTS\u00c9G\u00a0Hat\u00e1lya al\u00e1 esik akkor is ha a fut\u00e1rszolg\u00e1latn\u00e1l az (MPL-n\u00e9l)\u00a0\u00a0TAGADJA\u00a0 MEG\u00a0 A CSOMAG\u00c1TV\u00c9TELT!!!\u00a0\u00a0Ezt minden esetben ezeken az el\u00e9rhet\u0151s\u00e9geken\u00a0+36706361980\u00a0\u00a0vagy\u00a0\u00a0hungaroonlinekft@gmail.com\u00a0 email c\u00edmen\u00a0\u00a0K\u00d6TELES\u00a0 jelezni fel\u00e9nk! Ha nem jelzi fel\u00e9nk az el\u00e1ll\u00e1si sz\u00e1nd\u00e9k\u00e1t&nbsp;K\u00d6TELES&nbsp;megt\u00e9r\u00edteni a sz\u00e1ll\u00edt\u00e1si k\u00f6lts\u00e9get&nbsp;A Korm\u00e1ny 45\/2014. (II. [&hellip;]","og_url":"https:\/\/hungaroonline.hu\/ro\/aszf\/","og_site_name":"HungaroOnline","article_publisher":"https:\/\/www.facebook.com\/hungaroonline","article_modified_time":"2025-01-29T16:55:32+00:00","twitter_card":"summary_large_image","twitter_misc":{"Timp estimat pentru citire":"4 minute"},"schema":{"@context":"https:\/\/schema.org","@graph":[{"@type":"WebPage","@id":"https:\/\/hungaroonline.hu\/aszf\/","url":"https:\/\/hungaroonline.hu\/aszf\/","name":"\u00c1SZF - HungaroOnline","isPartOf":{"@id":"https:\/\/hungaroonline.hu\/#website"},"datePublished":"2019-06-12T12:06:21+00:00","dateModified":"2025-01-29T16:55:32+00:00","breadcrumb":{"@id":"https:\/\/hungaroonline.hu\/aszf\/#breadcrumb"},"inLanguage":"ro-RO","potentialAction":[{"@type":"ReadAction","target":["https:\/\/hungaroonline.hu\/aszf\/"]}]},{"@type":"BreadcrumbList","@id":"https:\/\/hungaroonline.hu\/aszf\/#breadcrumb","itemListElement":[{"@type":"ListItem","position":1,"name":"Home","item":"https:\/\/hungaroonline.hu\/"},{"@type":"ListItem","position":2,"name":"\u00c1SZF"}]},{"@type":"WebSite","@id":"https:\/\/hungaroonline.hu\/#website","url":"https:\/\/hungaroonline.hu\/","name":"HungaroOnline","description":"Cu\u0219c\u0103 pentru c\u00e2ini - Butoi - Mobilier din pale\u021bi - Produc\u021bie de perne din pale\u021bi","publisher":{"@id":"https:\/\/hungaroonline.hu\/#organization"},"potentialAction":[{"@type":"SearchAction","target":{"@type":"EntryPoint","urlTemplate":"https:\/\/hungaroonline.hu\/?s={search_term_string}"},"query-input":{"@type":"PropertyValueSpecification","valueRequired":true,"valueName":"search_term_string"}}],"inLanguage":"ro-RO"},{"@type":"Organization","@id":"https:\/\/hungaroonline.hu\/#organization","name":"HungaroOnline","url":"https:\/\/hungaroonline.hu\/","logo":{"@type":"ImageObject","inLanguage":"ro-RO","@id":"https:\/\/hungaroonline.hu\/#\/schema\/logo\/image\/","url":"https:\/\/hungaroonline.hu\/wp-content\/uploads\/2023\/01\/hungaroonline-footer-logo-color-a.png","contentUrl":"https:\/\/hungaroonline.hu\/wp-content\/uploads\/2023\/01\/hungaroonline-footer-logo-color-a.png","width":970,"height":86,"caption":"HungaroOnline"},"image":{"@id":"https:\/\/hungaroonline.hu\/#\/schema\/logo\/image\/"},"sameAs":["https:\/\/www.facebook.com\/hungaroonline"]}]}},"_links":{"self":[{"href":"https:\/\/hungaroonline.hu\/ro\/wp-json\/wp\/v2\/pages\/309","targetHints":{"allow":["GET"]}}],"collection":[{"href":"https:\/\/hungaroonline.hu\/ro\/wp-json\/wp\/v2\/pages"}],"about":[{"href":"https:\/\/hungaroonline.hu\/ro\/wp-json\/wp\/v2\/types\/page"}],"author":[{"embeddable":true,"href":"https:\/\/hungaroonline.hu\/ro\/wp-json\/wp\/v2\/users\/1"}],"replies":[{"embeddable":true,"href":"https:\/\/hungaroonline.hu\/ro\/wp-json\/wp\/v2\/comments?post=309"}],"version-history":[{"count":18,"href":"https:\/\/hungaroonline.hu\/ro\/wp-json\/wp\/v2\/pages\/309\/revisions"}],"predecessor-version":[{"id":6726,"href":"https:\/\/hungaroonline.hu\/ro\/wp-json\/wp\/v2\/pages\/309\/revisions\/6726"}],"wp:attachment":[{"href":"https:\/\/hungaroonline.hu\/ro\/wp-json\/wp\/v2\/media?parent=309"}],"curies":[{"name":"wp","href":"https:\/\/api.w.org\/{rel}","templated":true}]}}