{"id":278,"date":"2019-05-30T10:20:33","date_gmt":"2019-05-30T10:20:33","guid":{"rendered":"https:\/\/hungaroonline.hempa.hu\/?page_id=278"},"modified":"2023-10-23T11:05:01","modified_gmt":"2023-10-23T09:05:01","slug":"szallitasi-es-fizetesi-informaciok","status":"publish","type":"page","link":"https:\/\/hungaroonline.hu\/ro\/szallitasi-es-fizetesi-informaciok\/","title":{"rendered":"Informa\u021bii despre livrare \u0219i plat\u0103"},"content":{"rendered":"<div data-elementor-type=\"wp-page\" data-elementor-id=\"278\" class=\"elementor elementor-278\" data-elementor-post-type=\"page\">\n\t\t\t\t<div class=\"elementor-element elementor-element-bbb1795 e-flex e-con-boxed e-con e-parent\" data-id=\"bbb1795\" data-element_type=\"container\">\n\t\t\t\t\t<div class=\"e-con-inner\">\n\t\t<div class=\"elementor-element elementor-element-9ca283e e-con-full e-flex e-con e-child\" data-id=\"9ca283e\" data-element_type=\"container\">\n\t\t\t\t<div class=\"elementor-element elementor-element-5ef312f elementor-widget elementor-widget-text-editor\" data-id=\"5ef312f\" data-element_type=\"widget\" data-widget_type=\"text-editor.default\">\n\t\t\t\t<div class=\"elementor-widget-container\">\n\t\t\t\t\t\t\t\t\t<p><\/p>\n<h2 class=\"wp-block-heading\">Transport<\/h2>\n<p><\/p>\n<p><\/p>\n<p><\/p>\n<p><\/p>\n<p><\/p>\n<p>Livr\u0103m coletele comandate cu serviciul de curierat MPL.<\/p>\n<p>Timp de livrare estimat: 3-6 zile lucratoare.<\/p>\n<p><em>Datorit\u0103 dimensiunii \u0219i greut\u0103\u021bii casei pentru c\u00e2ini, costul de transport este de la 4.000 HUF p\u00e2n\u0103 la 27 kg.<\/em><\/p>\n<p><em>5.000 HUF peste 27 kg.<\/em><\/p>\n<p><\/p>\n<p>Livrarea are loc in zilele lucratoare intre orele 9:00 si 17:00.<\/p>\n<p>V\u0103 vom informa despre \u00eenceperea livr\u0103rii printr-un mesaj de e-mail.<\/p>\n<p><\/p>\n<p><\/p>\n<p>Costul de transport este determinat \u00een func\u021bie de \u021bara de destina\u021bie \u0219i de greutatea coletului, care poate fi calculat\u0103 dup\u0103 plasarea comenzii.<\/p>\n<p>Costul de transport este afi\u0219at ca articol separat pe factur\u0103.<br>Putem accepta reclama\u021bii cu privire la con\u021binutul coletului doar dac\u0103 lipsa sau deteriorarea este consemnat\u0103 pe scrisoarea de transport \u00een prezen\u021ba curierului.<\/p>\n<p><\/p>\n<p><\/p>\n<p><\/p>\n<h2 class=\"wp-block-heading\">Transfer bancar direct<\/h2>\n<p><\/p>\n<p><\/p>\n<p><\/p>\n<p>Prin plata prin transfer bancar direct, pute\u021bi face cump\u0103r\u0103turi confortabil \u0219i \u00een siguran\u021b\u0103 \u00een magazinul nostru!<\/p>\n<p><\/p>\n<p>Dup\u0103 comandarea m\u0103rfurilor selectate, tot ce trebuie s\u0103 fac\u0103 clien\u021bii no\u0219tri este s\u0103 apese pe inscrip\u021bia \u201eplat\u0103 prin transfer bancar direct\u201d la alegerea modului de plat\u0103, dup\u0103 care vor primi pe e-mail solicitantul taxei \u0219i toate datele necesare vor fi disponibil pentru a pl\u0103ti suma exact\u0103 de achizi\u021bie!<\/p>\n<p>Cererea de pre\u021b include urm\u0103toarele date:<\/p>\n<p>-Numele proprietarului contului:&nbsp;<\/p>\n<p>-Cod fiscal:&nbsp;<\/p>\n<p>- Num\u0103rul de serie al solicitantului de atribuire:<\/p>\n<p>-Num\u0103r de ordine:<br>-Data completarii:&nbsp;<br>- Data expozitiei:<\/p>\n<p>-Termen de plata:<\/p>\n<p>- Valoare total\u0103<\/p>\n<p>-numele bancii:&nbsp;<\/p>\n<p>-Num\u0103rul de cont:<\/p>\n<p>-Not\u0103 (copia\u021bi ID-ul comenzii)<\/p>\n<p><\/p>\n<p><\/p>\t\t\t\t\t\t\t\t<\/div>\n\t\t\t\t<\/div>\n\t\t\t\t<\/div>\n\t\t\t\t\t<\/div>\n\t\t\t\t<\/div>\n\t\t\t\t<\/div>","protected":false},"excerpt":{"rendered":"<p>Livrare Livr\u0103m pachetele comandate cu serviciul de curierat MPL. Timp de livrare estimat: 3-6 zile lucratoare. Datorit\u0103 dimensiunii \u0219i greut\u0103\u021bii casei pentru c\u00e2ini, costul de livrare este de 4.000 HUF p\u00e2n\u0103 la 27 kg. Livrarea are loc \u00een zilele lucr\u0103toare \u00eentre orele 9:00 \u0219i 17:00. V\u0103 vom informa despre \u00eenceperea livr\u0103rii printr-un mesaj de e-mail. Costul de transport este determinat \u00een func\u021bie de \u021bara de destina\u021bie \u0219i de greutatea coletului, [...]<\/p>","protected":false},"author":1,"featured_media":0,"parent":0,"menu_order":0,"comment_status":"closed","ping_status":"closed","template":"elementor_header_footer","meta":{"footnotes":""},"class_list":["post-278","page","type-page","status-publish","hentry"],"yoast_head":"<!-- This site is optimized with the Yoast SEO plugin v26.6 - https:\/\/yoast.com\/wordpress\/plugins\/seo\/ -->\n<title>Sz\u00e1ll\u00edt\u00e1si \u00e9s fizet\u00e9si inform\u00e1ci\u00f3k - HungaroOnline<\/title>\n<meta name=\"robots\" content=\"index, follow, max-snippet:-1, max-image-preview:large, max-video-preview:-1\" \/>\n<link rel=\"canonical\" href=\"https:\/\/hungaroonline.hu\/ro\/szallitasi-es-fizetesi-informaciok\/\" \/>\n<meta property=\"og:locale\" content=\"ro_RO\" \/>\n<meta property=\"og:type\" content=\"article\" \/>\n<meta property=\"og:title\" content=\"Sz\u00e1ll\u00edt\u00e1si \u00e9s fizet\u00e9si inform\u00e1ci\u00f3k - HungaroOnline\" \/>\n<meta property=\"og:description\" content=\"Sz\u00e1ll\u00edt\u00e1s MPL fut\u00e1rszolg\u00e1lattal sz\u00e1ll\u00edtjuk a megrendelt csomagokat. V\u00e1rhat\u00f3 sz\u00e1ll\u00edt\u00e1si id\u0151: 3-6 munkanap. Kutyah\u00e1z m\u00e9rete \u00e9s a s\u00faly\u00e1b\u00f3l&nbsp; ad\u00f3d\u00f3an a sz\u00e1ll\u00edt\u00e1si k\u00f6lts\u00e9g 27 kg-ig 4000 Ft. 27 kg felett 5000 Ft. A kisz\u00e1ll\u00edt\u00e1s munkanapon 9-17 \u00f3ra k\u00f6z\u00f6tt t\u00f6rt\u00e9nik. A kisz\u00e1ll\u00edt\u00e1s megkezd\u00e9s\u00e9r\u0151l e-mail \u00fczenetben t\u00e1j\u00e9koztatjuk. A sz\u00e1ll\u00edt\u00e1si k\u00f6lts\u00e9g a c\u00e9lorsz\u00e1g \u00e9s a csomag s\u00falya alapj\u00e1n ker\u00fcl meg\u00e1llap\u00edt\u00e1sra, [&hellip;]\" \/>\n<meta property=\"og:url\" content=\"https:\/\/hungaroonline.hu\/ro\/szallitasi-es-fizetesi-informaciok\/\" \/>\n<meta property=\"og:site_name\" content=\"HungaroOnline\" \/>\n<meta property=\"article:publisher\" content=\"https:\/\/www.facebook.com\/hungaroonline\" \/>\n<meta property=\"article:modified_time\" content=\"2023-10-23T09:05:01+00:00\" \/>\n<meta name=\"twitter:card\" content=\"summary_large_image\" \/>\n<meta name=\"twitter:label1\" content=\"Timp estimat pentru citire\" \/>\n\t<meta name=\"twitter:data1\" content=\"1 minut\" \/>\n<script type=\"application\/ld+json\" class=\"yoast-schema-graph\">{\"@context\":\"https:\/\/schema.org\",\"@graph\":[{\"@type\":\"WebPage\",\"@id\":\"https:\/\/hungaroonline.hu\/szallitasi-es-fizetesi-informaciok\/\",\"url\":\"https:\/\/hungaroonline.hu\/szallitasi-es-fizetesi-informaciok\/\",\"name\":\"Sz\u00e1ll\u00edt\u00e1si \u00e9s fizet\u00e9si inform\u00e1ci\u00f3k - HungaroOnline\",\"isPartOf\":{\"@id\":\"https:\/\/hungaroonline.hu\/#website\"},\"datePublished\":\"2019-05-30T10:20:33+00:00\",\"dateModified\":\"2023-10-23T09:05:01+00:00\",\"breadcrumb\":{\"@id\":\"https:\/\/hungaroonline.hu\/szallitasi-es-fizetesi-informaciok\/#breadcrumb\"},\"inLanguage\":\"ro-RO\",\"potentialAction\":[{\"@type\":\"ReadAction\",\"target\":[\"https:\/\/hungaroonline.hu\/szallitasi-es-fizetesi-informaciok\/\"]}]},{\"@type\":\"BreadcrumbList\",\"@id\":\"https:\/\/hungaroonline.hu\/szallitasi-es-fizetesi-informaciok\/#breadcrumb\",\"itemListElement\":[{\"@type\":\"ListItem\",\"position\":1,\"name\":\"Home\",\"item\":\"https:\/\/hungaroonline.hu\/\"},{\"@type\":\"ListItem\",\"position\":2,\"name\":\"Sz\u00e1ll\u00edt\u00e1si \u00e9s fizet\u00e9si inform\u00e1ci\u00f3k\"}]},{\"@type\":\"WebSite\",\"@id\":\"https:\/\/hungaroonline.hu\/#website\",\"url\":\"https:\/\/hungaroonline.hu\/\",\"name\":\"HungaroOnline\",\"description\":\"Kutyah\u00e1z - Hord\u00f3 - Raklap b\u00fator - Raklapp\u00e1rna Gy\u00e1rt\u00e1sa\",\"publisher\":{\"@id\":\"https:\/\/hungaroonline.hu\/#organization\"},\"potentialAction\":[{\"@type\":\"SearchAction\",\"target\":{\"@type\":\"EntryPoint\",\"urlTemplate\":\"https:\/\/hungaroonline.hu\/?s={search_term_string}\"},\"query-input\":{\"@type\":\"PropertyValueSpecification\",\"valueRequired\":true,\"valueName\":\"search_term_string\"}}],\"inLanguage\":\"ro-RO\"},{\"@type\":\"Organization\",\"@id\":\"https:\/\/hungaroonline.hu\/#organization\",\"name\":\"HungaroOnline\",\"url\":\"https:\/\/hungaroonline.hu\/\",\"logo\":{\"@type\":\"ImageObject\",\"inLanguage\":\"ro-RO\",\"@id\":\"https:\/\/hungaroonline.hu\/#\/schema\/logo\/image\/\",\"url\":\"https:\/\/hungaroonline.hu\/wp-content\/uploads\/2023\/01\/hungaroonline-footer-logo-color-a.png\",\"contentUrl\":\"https:\/\/hungaroonline.hu\/wp-content\/uploads\/2023\/01\/hungaroonline-footer-logo-color-a.png\",\"width\":970,\"height\":86,\"caption\":\"HungaroOnline\"},\"image\":{\"@id\":\"https:\/\/hungaroonline.hu\/#\/schema\/logo\/image\/\"},\"sameAs\":[\"https:\/\/www.facebook.com\/hungaroonline\"]}]}<\/script>\n<!-- \/ Yoast SEO plugin. -->","yoast_head_json":{"title":"Sz\u00e1ll\u00edt\u00e1si \u00e9s fizet\u00e9si inform\u00e1ci\u00f3k - HungaroOnline","robots":{"index":"index","follow":"follow","max-snippet":"max-snippet:-1","max-image-preview":"max-image-preview:large","max-video-preview":"max-video-preview:-1"},"canonical":"https:\/\/hungaroonline.hu\/ro\/szallitasi-es-fizetesi-informaciok\/","og_locale":"ro_RO","og_type":"article","og_title":"Sz\u00e1ll\u00edt\u00e1si \u00e9s fizet\u00e9si inform\u00e1ci\u00f3k - HungaroOnline","og_description":"Sz\u00e1ll\u00edt\u00e1s MPL fut\u00e1rszolg\u00e1lattal sz\u00e1ll\u00edtjuk a megrendelt csomagokat. V\u00e1rhat\u00f3 sz\u00e1ll\u00edt\u00e1si id\u0151: 3-6 munkanap. Kutyah\u00e1z m\u00e9rete \u00e9s a s\u00faly\u00e1b\u00f3l&nbsp; ad\u00f3d\u00f3an a sz\u00e1ll\u00edt\u00e1si k\u00f6lts\u00e9g 27 kg-ig 4000 Ft. 27 kg felett 5000 Ft. A kisz\u00e1ll\u00edt\u00e1s munkanapon 9-17 \u00f3ra k\u00f6z\u00f6tt t\u00f6rt\u00e9nik. A kisz\u00e1ll\u00edt\u00e1s megkezd\u00e9s\u00e9r\u0151l e-mail \u00fczenetben t\u00e1j\u00e9koztatjuk. A sz\u00e1ll\u00edt\u00e1si k\u00f6lts\u00e9g a c\u00e9lorsz\u00e1g \u00e9s a csomag s\u00falya alapj\u00e1n ker\u00fcl meg\u00e1llap\u00edt\u00e1sra, [&hellip;]","og_url":"https:\/\/hungaroonline.hu\/ro\/szallitasi-es-fizetesi-informaciok\/","og_site_name":"HungaroOnline","article_publisher":"https:\/\/www.facebook.com\/hungaroonline","article_modified_time":"2023-10-23T09:05:01+00:00","twitter_card":"summary_large_image","twitter_misc":{"Timp estimat pentru citire":"1 minut"},"schema":{"@context":"https:\/\/schema.org","@graph":[{"@type":"WebPage","@id":"https:\/\/hungaroonline.hu\/szallitasi-es-fizetesi-informaciok\/","url":"https:\/\/hungaroonline.hu\/szallitasi-es-fizetesi-informaciok\/","name":"Sz\u00e1ll\u00edt\u00e1si \u00e9s fizet\u00e9si inform\u00e1ci\u00f3k - HungaroOnline","isPartOf":{"@id":"https:\/\/hungaroonline.hu\/#website"},"datePublished":"2019-05-30T10:20:33+00:00","dateModified":"2023-10-23T09:05:01+00:00","breadcrumb":{"@id":"https:\/\/hungaroonline.hu\/szallitasi-es-fizetesi-informaciok\/#breadcrumb"},"inLanguage":"ro-RO","potentialAction":[{"@type":"ReadAction","target":["https:\/\/hungaroonline.hu\/szallitasi-es-fizetesi-informaciok\/"]}]},{"@type":"BreadcrumbList","@id":"https:\/\/hungaroonline.hu\/szallitasi-es-fizetesi-informaciok\/#breadcrumb","itemListElement":[{"@type":"ListItem","position":1,"name":"Home","item":"https:\/\/hungaroonline.hu\/"},{"@type":"ListItem","position":2,"name":"Sz\u00e1ll\u00edt\u00e1si \u00e9s fizet\u00e9si inform\u00e1ci\u00f3k"}]},{"@type":"WebSite","@id":"https:\/\/hungaroonline.hu\/#website","url":"https:\/\/hungaroonline.hu\/","name":"HungaroOnline","description":"Cu\u0219c\u0103 pentru c\u00e2ini - Butoi - Mobilier din pale\u021bi - Produc\u021bie de perne din pale\u021bi","publisher":{"@id":"https:\/\/hungaroonline.hu\/#organization"},"potentialAction":[{"@type":"SearchAction","target":{"@type":"EntryPoint","urlTemplate":"https:\/\/hungaroonline.hu\/?s={search_term_string}"},"query-input":{"@type":"PropertyValueSpecification","valueRequired":true,"valueName":"search_term_string"}}],"inLanguage":"ro-RO"},{"@type":"Organization","@id":"https:\/\/hungaroonline.hu\/#organization","name":"HungaroOnline","url":"https:\/\/hungaroonline.hu\/","logo":{"@type":"ImageObject","inLanguage":"ro-RO","@id":"https:\/\/hungaroonline.hu\/#\/schema\/logo\/image\/","url":"https:\/\/hungaroonline.hu\/wp-content\/uploads\/2023\/01\/hungaroonline-footer-logo-color-a.png","contentUrl":"https:\/\/hungaroonline.hu\/wp-content\/uploads\/2023\/01\/hungaroonline-footer-logo-color-a.png","width":970,"height":86,"caption":"HungaroOnline"},"image":{"@id":"https:\/\/hungaroonline.hu\/#\/schema\/logo\/image\/"},"sameAs":["https:\/\/www.facebook.com\/hungaroonline"]}]}},"_links":{"self":[{"href":"https:\/\/hungaroonline.hu\/ro\/wp-json\/wp\/v2\/pages\/278","targetHints":{"allow":["GET"]}}],"collection":[{"href":"https:\/\/hungaroonline.hu\/ro\/wp-json\/wp\/v2\/pages"}],"about":[{"href":"https:\/\/hungaroonline.hu\/ro\/wp-json\/wp\/v2\/types\/page"}],"author":[{"embeddable":true,"href":"https:\/\/hungaroonline.hu\/ro\/wp-json\/wp\/v2\/users\/1"}],"replies":[{"embeddable":true,"href":"https:\/\/hungaroonline.hu\/ro\/wp-json\/wp\/v2\/comments?post=278"}],"version-history":[{"count":12,"href":"https:\/\/hungaroonline.hu\/ro\/wp-json\/wp\/v2\/pages\/278\/revisions"}],"predecessor-version":[{"id":6116,"href":"https:\/\/hungaroonline.hu\/ro\/wp-json\/wp\/v2\/pages\/278\/revisions\/6116"}],"wp:attachment":[{"href":"https:\/\/hungaroonline.hu\/ro\/wp-json\/wp\/v2\/media?parent=278"}],"curies":[{"name":"wp","href":"https:\/\/api.w.org\/{rel}","templated":true}]}}