{"id":6240,"date":"2024-02-27T16:30:00","date_gmt":"2024-02-27T15:30:00","guid":{"rendered":"https:\/\/hungaroonline.hu\/?post_type=product&#038;p=6240"},"modified":"2025-07-24T10:46:17","modified_gmt":"2025-07-24T08:46:17","slug":"7-db-os-raklap-butor","status":"publish","type":"product","link":"https:\/\/hungaroonline.hu\/hr\/proizvod\/7-db-os-raklap-butor\/","title":{"rendered":"7-dijelni namje\u0161taj od paleta"},"content":{"rendered":"<p><img fetchpriority=\"high\" decoding=\"async\" class=\"alignnone wp-image-6851 aligncenter\" src=\"https:\/\/hungaroonline.hu\/wp-content\/uploads\/2024\/02\/raklap-butor-uj-1-300x300.jpg\" alt=\"Raklap b\u00fator\" width=\"253\" height=\"253\" srcset=\"https:\/\/hungaroonline.hu\/wp-content\/uploads\/2024\/02\/raklap-butor-uj-1-300x300.jpg 300w, https:\/\/hungaroonline.hu\/wp-content\/uploads\/2024\/02\/raklap-butor-uj-1-12x12.jpg 12w, https:\/\/hungaroonline.hu\/wp-content\/uploads\/2024\/02\/raklap-butor-uj-1-100x100.jpg 100w, https:\/\/hungaroonline.hu\/wp-content\/uploads\/2024\/02\/raklap-butor-uj-1.jpg 600w\" sizes=\"(max-width: 253px) 100vw, 253px\" \/><\/p>\n<p>&nbsp;<\/p>\n<p style=\"text-align: center;\"><strong>U na\u0161oj stolarskoj radionici ve\u0107 15 godina proizvodimo visokokvalitetni namje\u0161taj od paleta!<\/strong><\/p>\n<p>&nbsp;<\/p>\n<p>&nbsp;<\/p>\n<p>&nbsp;<\/p>\n<p><strong>\u00a0 \u00a0 \u00a0 \u00a0Za\u0161to odabrati na\u0161 namje\u0161taj?<\/strong><\/p>\n<ul>\n<li>Ergonomski dizajniran namje\u0161taj od paleta!<\/li>\n<li>Zahvaljuju\u0107i \u010dvrstom drvenom okviru, vrlo je izdr\u017eljiv!<\/li>\n<li>Namje\u0161taj od paleta bezvremenski je i vrlo izdr\u017eljiv!<\/li>\n<li>Zahtijeva malo odr\u017eavanja!<\/li>\n<li>Ne mijesimo ga sa palete, dakle <strong>mnogo <\/strong><strong>masivniji!<\/strong><\/li>\n<li>Njegov dizajn je u potpunosti dizajniran za vanjsku upotrebu!<\/li>\n<li>Dajemo 1 godinu jamstva!<\/li>\n<\/ul>\n<p>&nbsp;<\/p>\n<p>&nbsp;<\/p>\n<p>&nbsp;<\/p>\n<p>Iznad odre\u0111enog broja komada, na\u0161 namje\u0161taj se isporu\u010duje raspakiran, \u0161to zna\u010di da vam dolazi nesastavljen, jer je glomazan, ovaj na\u010din dostave je najisplativija opcija!<\/p>\n<p>&nbsp;<\/p>\n<p>&nbsp;<\/p>\n<p><strong>Jednostavan za sklapanje!<\/strong><\/p>\n<p>- Dodamo upute za monta\u017eu.<\/p>\n<p>- Elementi su prikazani monta\u017enim crte\u017eom.<\/p>\n<p>- Prethodno je izbu\u0161eno.<\/p>\n<p>- Mo\u017ee se montirati jednim vijkom!<\/p>\n<p>&nbsp;<\/p>\n<p>&nbsp;<\/p>\n<p><em><strong>Imajte na umu da je drvo prirodan materijal pa se na njemu mogu pojaviti nesavr\u0161enosti!<\/strong><\/em><\/p>\n<p>&nbsp;<\/p>\n<p>&nbsp;<\/p>\n<p><strong>Osnovne zna\u010dajke:<\/strong><\/p>\n<p>Jamstvo: 1 godina.<\/p>\n<p>Broj komada: 7.<\/p>\n<p>Boja: Prirodna - Nelakirana!<\/p>\n<p>Materijal: drvo topole debljine 1,8 cm.<\/p>\n<p>&nbsp;<\/p>\n<p><strong>Kutno sjedalo:<\/strong> Sjedalo: 60 cm \u0161irine x 60 cm visine.<br \/>\nNaslon za le\u0111a: 2 komada 60 cm \u0161irine x 26 cm visine.<\/p>\n<p>Podna povr\u0161ina: \u0161irina 72 cm, du\u017eina 72 cm, visina 65 cm.<\/p>\n<p>Te\u017eina: 35 kg.<\/p>\n<p>&nbsp;<\/p>\n<p><strong>Dodatni element: <\/strong>Sjedalo: 60 cm \u0161irine x 60 cm visine.<br \/>\nNaslon za le\u0111a: 60 cm \u0161irine x 26 cm visine.<\/p>\n<p>Podna povr\u0161ina: \u0161irina 59 cm, du\u017eina 72 cm, visina 65 cm.<\/p>\n<p>Te\u017eina: 30 kg<\/p>\n<p>&nbsp;<\/p>\n<p><strong>Fotelja:<\/strong> Sjedalo: 60 cm \u0161irine x 60 cm visine.<br \/>\nNaslon za le\u0111a: 60 cm \u0161irine x 26 cm visine.<\/p>\n<p>Tlocrtna povr\u0161ina: \u0161irina 72 cm, du\u017eina 84 cm, visina 65 cm.<\/p>\n<p>Te\u017eina: 40 kg.<\/p>\n<p>&nbsp;<\/p>\n<p><strong>Stol:<\/strong> Podna povr\u0161ina: \u0161irina 59 cm, du\u017eina 59 cm, visina 50 cm.<\/p>\n<p>Te\u017eina: 25 kg.<\/p>\n<p>&nbsp;<\/p>\n<p><strong>Paket uklju\u010duje 1 kutni element za sjedenje, 4 produ\u017ena elementa, 1 fotelju, 1 stol!<\/strong><\/p>\n<p><strong>Osnovna povr\u0161ina kutnog sjedala: 190 cm x 190 cm.<\/strong><\/p>\n<p>&nbsp;<\/p>\n<p>Rok isporuke: 5-8 radnih dana!<\/p>\n<p>&nbsp;<\/p>\n<p><strong>Detalji dostave:<\/strong><\/p>\n<p>Namje\u0161taj od paleta mogu\u0107e je i osobno preuzimanje pa cijena dostave mo\u017ee biti povoljnija!<\/p>\n<p>Nacionalne isporuke dostavljaju se na paletama kurirskom slu\u017ebom TLS, a <strong>prevelik<\/strong> i <strong>od svoje te\u017eine<\/strong> dakle tro\u0161ak dostave: <strong>32000 HUF.<\/strong><\/p>\n<p><em><strong>Za\u0161to je dostava tolika???<\/strong><\/em><\/p>\n<ul>\n<li>1 EURO paleta zauzima podnu povr\u0161inu od 120\u00d780 cm!<\/li>\n<li>Visina proizvoda je izme\u0111u 150-220 cm!<\/li>\n<li>Te\u017eina preko 100 kg!<\/li>\n<\/ul>\n<p>&nbsp;<\/p>\n<p>&nbsp;<\/p>\n<p><a href=\"https:\/\/hungaroonline.hu\/hr\/proizvod\/7-db-os-raklap-butor-parna\/\"><span style=\"color: #3366ff;\"><strong>Za naru\u010divanje pripadaju\u0107eg jastuka za namje\u0161taj od paleta od 7 dijelova kliknite ovdje:<\/strong><\/span><\/a><\/p>\n<p>&nbsp;<\/p>\n<p>&nbsp;<\/p>\n<p><strong><span style=\"color: #3366ff;\"><a style=\"color: #3366ff;\" href=\"https:\/\/hungaroonline.hu\/hr\/raklap-butor\/?v=baba78b405b0\"><span style=\"color: #0000ff;\">VI\u0160E SLIKA OVDJE:<\/span><\/a><\/span><\/strong><\/p>\n<p>&nbsp;<\/p>\n<div class=\"disclaimer-section\"><\/div>\n<p>&nbsp;<\/p>\n<p>&nbsp;<\/p>","protected":false},"excerpt":{"rendered":"<p>&nbsp; Ve\u0107 15 godina proizvodimo visokokvalitetni namje\u0161taj od paleta u na\u0161oj stolarskoj radionici!        Za\u0161to odabrati na\u0161 namje\u0161taj? Ergonomski dizajniran namje\u0161taj od paleta! Zahvaljuju\u0107i \u010dvrstom drvenom okviru, vrlo je izdr\u017eljiv! Namje\u0161taj od paleta je bezvremenski i vrlo izdr\u017eljiv! Zahtijeva malo odr\u017eavanja! Ne mijesimo ga s palete, pa je puno \u010dvr\u0161\u0107i! Njegov dizajn je u potpunosti namijenjen za vanjsku upotrebu! 1 godina [\u2026]<\/p>","protected":false},"featured_media":6851,"comment_status":"closed","ping_status":"closed","template":"","meta":[],"product_brand":[],"product_cat":[100],"product_tag":[],"class_list":{"0":"post-6240","1":"product","2":"type-product","3":"status-publish","4":"has-post-thumbnail","6":"product_cat-raklap-butor","7":"product_shipping_class-raklap-butor-20-000-ft","9":"first","10":"instock","11":"purchasable","12":"product-type-simple"},"yoast_head":"<!-- This site is optimized with the Yoast SEO plugin v26.6 - https:\/\/yoast.com\/wordpress\/plugins\/seo\/ -->\n<title>7 db-os Raklap b\u00fator - HungaroOnline<\/title>\n<meta name=\"description\" content=\"1 \u00c9V GARANCI\u00c1VAL! ASZTALOSOK\u00a0\u00c1LTAL ELK\u00c9SZ\u00cdTETT TERM\u00c9K! Kerti raklap b\u00fatorunk ide\u00e1lis v\u00e1laszt\u00e1s pihen\u00e9sre \u00e9s kellemes id\u0151t\u00f6lt\u00e9sre csal\u00e1dj\u00e1val vagy bar\u00e1taival. A raklap b\u00fator id\u0151t\u00e1ll\u00f3 kialak\u00edt\u00e1s\u00e1nak k\u00f6sz\u00f6nhet\u0151en a fa rusztikus b\u00e1jt k\u00f6lcs\u00f6n\u00f6z terasz\u00e1nak, kertj\u00e9nek! A kerti garnit\u00fara tart\u00f3s, id\u0151j\u00e1r\u00e1s\u00e1ll\u00f3 \u00e9s k\u00f6rnyezetbar\u00e1t! Ez a garnit\u00fara szil\u00e1rd szerkezet\u0171 \u00e9s kev\u00e9s karbantart\u00e1st ig\u00e9nyel!\" \/>\n<meta name=\"robots\" content=\"index, follow, max-snippet:-1, max-image-preview:large, max-video-preview:-1\" \/>\n<link rel=\"canonical\" href=\"https:\/\/hungaroonline.hu\/hr\/proizvod\/7-db-os-raklap-butor\/\" \/>\n<meta property=\"og:locale\" content=\"hr_HR\" \/>\n<meta property=\"og:type\" content=\"article\" \/>\n<meta property=\"og:title\" content=\"7 db-os Raklap b\u00fator - HungaroOnline\" \/>\n<meta property=\"og:description\" content=\"1 \u00c9V GARANCI\u00c1VAL! ASZTALOSOK\u00a0\u00c1LTAL ELK\u00c9SZ\u00cdTETT TERM\u00c9K! Kerti raklap b\u00fatorunk ide\u00e1lis v\u00e1laszt\u00e1s pihen\u00e9sre \u00e9s kellemes id\u0151t\u00f6lt\u00e9sre csal\u00e1dj\u00e1val vagy bar\u00e1taival. A raklap b\u00fator id\u0151t\u00e1ll\u00f3 kialak\u00edt\u00e1s\u00e1nak k\u00f6sz\u00f6nhet\u0151en a fa rusztikus b\u00e1jt k\u00f6lcs\u00f6n\u00f6z terasz\u00e1nak, kertj\u00e9nek! A kerti garnit\u00fara tart\u00f3s, id\u0151j\u00e1r\u00e1s\u00e1ll\u00f3 \u00e9s k\u00f6rnyezetbar\u00e1t! Ez a garnit\u00fara szil\u00e1rd szerkezet\u0171 \u00e9s kev\u00e9s karbantart\u00e1st ig\u00e9nyel!\" \/>\n<meta property=\"og:url\" content=\"https:\/\/hungaroonline.hu\/hr\/proizvod\/7-db-os-raklap-butor\/\" \/>\n<meta property=\"og:site_name\" content=\"HungaroOnline\" \/>\n<meta property=\"article:publisher\" content=\"https:\/\/www.facebook.com\/hungaroonline\" \/>\n<meta property=\"article:modified_time\" content=\"2025-07-24T08:46:17+00:00\" \/>\n<meta property=\"og:image\" content=\"https:\/\/hungaroonline.hu\/wp-content\/uploads\/2024\/02\/raklap-butor-uj-1.jpg\" \/>\n\t<meta property=\"og:image:width\" content=\"600\" \/>\n\t<meta property=\"og:image:height\" content=\"600\" \/>\n\t<meta property=\"og:image:type\" content=\"image\/jpeg\" \/>\n<meta name=\"twitter:card\" content=\"summary_large_image\" \/>\n<meta name=\"twitter:label1\" content=\"Procijenjeno vrijeme \u010ditanja\" \/>\n\t<meta name=\"twitter:data1\" content=\"3 minute\" \/>\n<script type=\"application\/ld+json\" class=\"yoast-schema-graph\">{\"@context\":\"https:\/\/schema.org\",\"@graph\":[{\"@type\":\"WebPage\",\"@id\":\"https:\/\/hungaroonline.hu\/termek\/7-db-os-raklap-butor\/\",\"url\":\"https:\/\/hungaroonline.hu\/termek\/7-db-os-raklap-butor\/\",\"name\":\"7 db-os Raklap b\u00fator - HungaroOnline\",\"isPartOf\":{\"@id\":\"https:\/\/hungaroonline.hu\/#website\"},\"primaryImageOfPage\":{\"@id\":\"https:\/\/hungaroonline.hu\/termek\/7-db-os-raklap-butor\/#primaryimage\"},\"image\":{\"@id\":\"https:\/\/hungaroonline.hu\/termek\/7-db-os-raklap-butor\/#primaryimage\"},\"thumbnailUrl\":\"https:\/\/hungaroonline.hu\/wp-content\/uploads\/2024\/02\/raklap-butor-uj-1.jpg\",\"datePublished\":\"2024-02-27T15:30:00+00:00\",\"dateModified\":\"2025-07-24T08:46:17+00:00\",\"description\":\"1 \u00c9V GARANCI\u00c1VAL! ASZTALOSOK\u00a0\u00c1LTAL ELK\u00c9SZ\u00cdTETT TERM\u00c9K! Kerti raklap b\u00fatorunk ide\u00e1lis v\u00e1laszt\u00e1s pihen\u00e9sre \u00e9s kellemes id\u0151t\u00f6lt\u00e9sre csal\u00e1dj\u00e1val vagy bar\u00e1taival. A raklap b\u00fator id\u0151t\u00e1ll\u00f3 kialak\u00edt\u00e1s\u00e1nak k\u00f6sz\u00f6nhet\u0151en a fa rusztikus b\u00e1jt k\u00f6lcs\u00f6n\u00f6z terasz\u00e1nak, kertj\u00e9nek! A kerti garnit\u00fara tart\u00f3s, id\u0151j\u00e1r\u00e1s\u00e1ll\u00f3 \u00e9s k\u00f6rnyezetbar\u00e1t! Ez a garnit\u00fara szil\u00e1rd szerkezet\u0171 \u00e9s kev\u00e9s karbantart\u00e1st ig\u00e9nyel!\",\"breadcrumb\":{\"@id\":\"https:\/\/hungaroonline.hu\/termek\/7-db-os-raklap-butor\/#breadcrumb\"},\"inLanguage\":\"hr\",\"potentialAction\":[{\"@type\":\"ReadAction\",\"target\":[\"https:\/\/hungaroonline.hu\/termek\/7-db-os-raklap-butor\/\"]}]},{\"@type\":\"ImageObject\",\"inLanguage\":\"hr\",\"@id\":\"https:\/\/hungaroonline.hu\/termek\/7-db-os-raklap-butor\/#primaryimage\",\"url\":\"https:\/\/hungaroonline.hu\/wp-content\/uploads\/2024\/02\/raklap-butor-uj-1.jpg\",\"contentUrl\":\"https:\/\/hungaroonline.hu\/wp-content\/uploads\/2024\/02\/raklap-butor-uj-1.jpg\",\"width\":600,\"height\":600,\"caption\":\"Raklap b\u00fator\"},{\"@type\":\"BreadcrumbList\",\"@id\":\"https:\/\/hungaroonline.hu\/termek\/7-db-os-raklap-butor\/#breadcrumb\",\"itemListElement\":[{\"@type\":\"ListItem\",\"position\":1,\"name\":\"Home\",\"item\":\"https:\/\/hungaroonline.hu\/\"},{\"@type\":\"ListItem\",\"position\":2,\"name\":\"\u00dczlet\",\"item\":\"https:\/\/hungaroonline.hu\/uzlet\/\"},{\"@type\":\"ListItem\",\"position\":3,\"name\":\"7 db-os Raklap b\u00fator\"}]},{\"@type\":\"WebSite\",\"@id\":\"https:\/\/hungaroonline.hu\/#website\",\"url\":\"https:\/\/hungaroonline.hu\/\",\"name\":\"HungaroOnline\",\"description\":\"Kutyah\u00e1z - Hord\u00f3 - Raklap b\u00fator - Raklapp\u00e1rna Gy\u00e1rt\u00e1sa\",\"publisher\":{\"@id\":\"https:\/\/hungaroonline.hu\/#organization\"},\"potentialAction\":[{\"@type\":\"SearchAction\",\"target\":{\"@type\":\"EntryPoint\",\"urlTemplate\":\"https:\/\/hungaroonline.hu\/?s={search_term_string}\"},\"query-input\":{\"@type\":\"PropertyValueSpecification\",\"valueRequired\":true,\"valueName\":\"search_term_string\"}}],\"inLanguage\":\"hr\"},{\"@type\":\"Organization\",\"@id\":\"https:\/\/hungaroonline.hu\/#organization\",\"name\":\"HungaroOnline\",\"url\":\"https:\/\/hungaroonline.hu\/\",\"logo\":{\"@type\":\"ImageObject\",\"inLanguage\":\"hr\",\"@id\":\"https:\/\/hungaroonline.hu\/#\/schema\/logo\/image\/\",\"url\":\"https:\/\/hungaroonline.hu\/wp-content\/uploads\/2023\/01\/hungaroonline-footer-logo-color-a.png\",\"contentUrl\":\"https:\/\/hungaroonline.hu\/wp-content\/uploads\/2023\/01\/hungaroonline-footer-logo-color-a.png\",\"width\":970,\"height\":86,\"caption\":\"HungaroOnline\"},\"image\":{\"@id\":\"https:\/\/hungaroonline.hu\/#\/schema\/logo\/image\/\"},\"sameAs\":[\"https:\/\/www.facebook.com\/hungaroonline\"]}]}<\/script>\n<!-- \/ Yoast SEO plugin. -->","yoast_head_json":{"title":"7 db-os Raklap b\u00fator - HungaroOnline","description":"1 \u00c9V GARANCI\u00c1VAL! ASZTALOSOK\u00a0\u00c1LTAL ELK\u00c9SZ\u00cdTETT TERM\u00c9K! Kerti raklap b\u00fatorunk ide\u00e1lis v\u00e1laszt\u00e1s pihen\u00e9sre \u00e9s kellemes id\u0151t\u00f6lt\u00e9sre csal\u00e1dj\u00e1val vagy bar\u00e1taival. A raklap b\u00fator id\u0151t\u00e1ll\u00f3 kialak\u00edt\u00e1s\u00e1nak k\u00f6sz\u00f6nhet\u0151en a fa rusztikus b\u00e1jt k\u00f6lcs\u00f6n\u00f6z terasz\u00e1nak, kertj\u00e9nek! A kerti garnit\u00fara tart\u00f3s, id\u0151j\u00e1r\u00e1s\u00e1ll\u00f3 \u00e9s k\u00f6rnyezetbar\u00e1t! Ez a garnit\u00fara szil\u00e1rd szerkezet\u0171 \u00e9s kev\u00e9s karbantart\u00e1st ig\u00e9nyel!","robots":{"index":"index","follow":"follow","max-snippet":"max-snippet:-1","max-image-preview":"max-image-preview:large","max-video-preview":"max-video-preview:-1"},"canonical":"https:\/\/hungaroonline.hu\/hr\/proizvod\/7-db-os-raklap-butor\/","og_locale":"hr_HR","og_type":"article","og_title":"7 db-os Raklap b\u00fator - HungaroOnline","og_description":"1 \u00c9V GARANCI\u00c1VAL! ASZTALOSOK\u00a0\u00c1LTAL ELK\u00c9SZ\u00cdTETT TERM\u00c9K! Kerti raklap b\u00fatorunk ide\u00e1lis v\u00e1laszt\u00e1s pihen\u00e9sre \u00e9s kellemes id\u0151t\u00f6lt\u00e9sre csal\u00e1dj\u00e1val vagy bar\u00e1taival. A raklap b\u00fator id\u0151t\u00e1ll\u00f3 kialak\u00edt\u00e1s\u00e1nak k\u00f6sz\u00f6nhet\u0151en a fa rusztikus b\u00e1jt k\u00f6lcs\u00f6n\u00f6z terasz\u00e1nak, kertj\u00e9nek! A kerti garnit\u00fara tart\u00f3s, id\u0151j\u00e1r\u00e1s\u00e1ll\u00f3 \u00e9s k\u00f6rnyezetbar\u00e1t! Ez a garnit\u00fara szil\u00e1rd szerkezet\u0171 \u00e9s kev\u00e9s karbantart\u00e1st ig\u00e9nyel!","og_url":"https:\/\/hungaroonline.hu\/hr\/proizvod\/7-db-os-raklap-butor\/","og_site_name":"HungaroOnline","article_publisher":"https:\/\/www.facebook.com\/hungaroonline","article_modified_time":"2025-07-24T08:46:17+00:00","og_image":[{"width":600,"height":600,"url":"https:\/\/hungaroonline.hu\/wp-content\/uploads\/2024\/02\/raklap-butor-uj-1.jpg","type":"image\/jpeg"}],"twitter_card":"summary_large_image","twitter_misc":{"Procijenjeno vrijeme \u010ditanja":"3 minute"},"schema":{"@context":"https:\/\/schema.org","@graph":[{"@type":"WebPage","@id":"https:\/\/hungaroonline.hu\/termek\/7-db-os-raklap-butor\/","url":"https:\/\/hungaroonline.hu\/termek\/7-db-os-raklap-butor\/","name":"7 db-os Raklap b\u00fator - HungaroOnline","isPartOf":{"@id":"https:\/\/hungaroonline.hu\/#website"},"primaryImageOfPage":{"@id":"https:\/\/hungaroonline.hu\/termek\/7-db-os-raklap-butor\/#primaryimage"},"image":{"@id":"https:\/\/hungaroonline.hu\/termek\/7-db-os-raklap-butor\/#primaryimage"},"thumbnailUrl":"https:\/\/hungaroonline.hu\/wp-content\/uploads\/2024\/02\/raklap-butor-uj-1.jpg","datePublished":"2024-02-27T15:30:00+00:00","dateModified":"2025-07-24T08:46:17+00:00","description":"1 \u00c9V GARANCI\u00c1VAL! ASZTALOSOK\u00a0\u00c1LTAL ELK\u00c9SZ\u00cdTETT TERM\u00c9K! Kerti raklap b\u00fatorunk ide\u00e1lis v\u00e1laszt\u00e1s pihen\u00e9sre \u00e9s kellemes id\u0151t\u00f6lt\u00e9sre csal\u00e1dj\u00e1val vagy bar\u00e1taival. A raklap b\u00fator id\u0151t\u00e1ll\u00f3 kialak\u00edt\u00e1s\u00e1nak k\u00f6sz\u00f6nhet\u0151en a fa rusztikus b\u00e1jt k\u00f6lcs\u00f6n\u00f6z terasz\u00e1nak, kertj\u00e9nek! A kerti garnit\u00fara tart\u00f3s, id\u0151j\u00e1r\u00e1s\u00e1ll\u00f3 \u00e9s k\u00f6rnyezetbar\u00e1t! Ez a garnit\u00fara szil\u00e1rd szerkezet\u0171 \u00e9s kev\u00e9s karbantart\u00e1st ig\u00e9nyel!","breadcrumb":{"@id":"https:\/\/hungaroonline.hu\/termek\/7-db-os-raklap-butor\/#breadcrumb"},"inLanguage":"hr","potentialAction":[{"@type":"ReadAction","target":["https:\/\/hungaroonline.hu\/termek\/7-db-os-raklap-butor\/"]}]},{"@type":"ImageObject","inLanguage":"hr","@id":"https:\/\/hungaroonline.hu\/termek\/7-db-os-raklap-butor\/#primaryimage","url":"https:\/\/hungaroonline.hu\/wp-content\/uploads\/2024\/02\/raklap-butor-uj-1.jpg","contentUrl":"https:\/\/hungaroonline.hu\/wp-content\/uploads\/2024\/02\/raklap-butor-uj-1.jpg","width":600,"height":600,"caption":"Raklap b\u00fator"},{"@type":"BreadcrumbList","@id":"https:\/\/hungaroonline.hu\/termek\/7-db-os-raklap-butor\/#breadcrumb","itemListElement":[{"@type":"ListItem","position":1,"name":"Home","item":"https:\/\/hungaroonline.hu\/"},{"@type":"ListItem","position":2,"name":"\u00dczlet","item":"https:\/\/hungaroonline.hu\/uzlet\/"},{"@type":"ListItem","position":3,"name":"7 db-os Raklap b\u00fator"}]},{"@type":"WebSite","@id":"https:\/\/hungaroonline.hu\/#website","url":"https:\/\/hungaroonline.hu\/","name":"HungaroOnline","description":"Ku\u0107ica za pse - Ba\u010dva - Namje\u0161taj od paleta - Proizvodnja jastuka od paleta","publisher":{"@id":"https:\/\/hungaroonline.hu\/#organization"},"potentialAction":[{"@type":"SearchAction","target":{"@type":"EntryPoint","urlTemplate":"https:\/\/hungaroonline.hu\/?s={search_term_string}"},"query-input":{"@type":"PropertyValueSpecification","valueRequired":true,"valueName":"search_term_string"}}],"inLanguage":"hr"},{"@type":"Organization","@id":"https:\/\/hungaroonline.hu\/#organization","name":"HungaroOnline","url":"https:\/\/hungaroonline.hu\/","logo":{"@type":"ImageObject","inLanguage":"hr","@id":"https:\/\/hungaroonline.hu\/#\/schema\/logo\/image\/","url":"https:\/\/hungaroonline.hu\/wp-content\/uploads\/2023\/01\/hungaroonline-footer-logo-color-a.png","contentUrl":"https:\/\/hungaroonline.hu\/wp-content\/uploads\/2023\/01\/hungaroonline-footer-logo-color-a.png","width":970,"height":86,"caption":"HungaroOnline"},"image":{"@id":"https:\/\/hungaroonline.hu\/#\/schema\/logo\/image\/"},"sameAs":["https:\/\/www.facebook.com\/hungaroonline"]}]}},"_links":{"self":[{"href":"https:\/\/hungaroonline.hu\/hr\/wp-json\/wp\/v2\/product\/6240","targetHints":{"allow":["GET"]}}],"collection":[{"href":"https:\/\/hungaroonline.hu\/hr\/wp-json\/wp\/v2\/product"}],"about":[{"href":"https:\/\/hungaroonline.hu\/hr\/wp-json\/wp\/v2\/types\/product"}],"replies":[{"embeddable":true,"href":"https:\/\/hungaroonline.hu\/hr\/wp-json\/wp\/v2\/comments?post=6240"}],"version-history":[{"count":11,"href":"https:\/\/hungaroonline.hu\/hr\/wp-json\/wp\/v2\/product\/6240\/revisions"}],"predecessor-version":[{"id":7308,"href":"https:\/\/hungaroonline.hu\/hr\/wp-json\/wp\/v2\/product\/6240\/revisions\/7308"}],"wp:featuredmedia":[{"embeddable":true,"href":"https:\/\/hungaroonline.hu\/hr\/wp-json\/wp\/v2\/media\/6851"}],"wp:attachment":[{"href":"https:\/\/hungaroonline.hu\/hr\/wp-json\/wp\/v2\/media?parent=6240"}],"wp:term":[{"taxonomy":"product_brand","embeddable":true,"href":"https:\/\/hungaroonline.hu\/hr\/wp-json\/wp\/v2\/product_brand?post=6240"},{"taxonomy":"product_cat","embeddable":true,"href":"https:\/\/hungaroonline.hu\/hr\/wp-json\/wp\/v2\/product_cat?post=6240"},{"taxonomy":"product_tag","embeddable":true,"href":"https:\/\/hungaroonline.hu\/hr\/wp-json\/wp\/v2\/product_tag?post=6240"}],"curies":[{"name":"wp","href":"https:\/\/api.w.org\/{rel}","templated":true}]}}