{"id":2670,"date":"2021-02-10T10:27:21","date_gmt":"2021-02-10T09:27:21","guid":{"rendered":"https:\/\/hungaroonline.hempa.hu\/?post_type=product&#038;p=2670"},"modified":"2025-07-24T15:47:20","modified_gmt":"2025-07-24T13:47:20","slug":"kicsi-kutyahaz-satortetos-hoszigetelessel","status":"publish","type":"product","link":"https:\/\/hungaroonline.hu\/hr\/proizvod\/kicsi-kutyahaz-satortetos-hoszigetelessel\/","title":{"rendered":"(S) MALA ku\u0107ica za pse s \u0161atorskim krovom s toplinskom izolacijom"},"content":{"rendered":"<p><img fetchpriority=\"high\" decoding=\"async\" class=\"wp-image-7353 aligncenter\" src=\"https:\/\/hungaroonline.hu\/wp-content\/uploads\/2025\/01\/kutyahaz-15-386x300.jpeg\" alt=\"Kutyah\u00e1z\" width=\"313\" height=\"243\" srcset=\"https:\/\/hungaroonline.hu\/wp-content\/uploads\/2025\/01\/kutyahaz-15-386x300.jpeg 386w, https:\/\/hungaroonline.hu\/wp-content\/uploads\/2025\/01\/kutyahaz-15-1110x863.jpeg 1110w, https:\/\/hungaroonline.hu\/wp-content\/uploads\/2025\/01\/kutyahaz-15-768x597.jpeg 768w, https:\/\/hungaroonline.hu\/wp-content\/uploads\/2025\/01\/kutyahaz-15-1536x1195.jpeg 1536w, https:\/\/hungaroonline.hu\/wp-content\/uploads\/2025\/01\/kutyahaz-15-2048x1593.jpeg 2048w, https:\/\/hungaroonline.hu\/wp-content\/uploads\/2025\/01\/kutyahaz-15-15x12.jpeg 15w, https:\/\/hungaroonline.hu\/wp-content\/uploads\/2025\/01\/kutyahaz-15-1000x778.jpeg 1000w\" sizes=\"(max-width: 313px) 100vw, 313px\" \/><\/p>\n<p>&nbsp;<\/p>\n<p style=\"text-align: center;\"><strong>U na\u0161oj stolarskoj radionici ve\u0107 15 godina proizvodimo kvalitetne, na vremenske uvjete i izdr\u017eljive ku\u0107ice za pse!<\/strong><\/p>\n<p>&nbsp;<\/p>\n<p>&nbsp;<\/p>\n<p>&nbsp;<\/p>\n<p><strong><em>Za\u0161to odabrati na\u0161e ku\u0107ice za pse?<\/em><\/strong><\/p>\n<ul>\n<li>Izra\u0111ujemo od blanjane borove lamperije debljine 1,5 cm!<\/li>\n<li>Zahvaljuju\u0107i \u010dvrstom drvenom okviru, vrlo je izdr\u017eljiv!<\/li>\n<li>Dno ku\u0107ice za pse je podignuto 3 cm od tla!<\/li>\n<li>2 cm stiropora, plus obloga od \u0161perplo\u010de!<\/li>\n<li>Bo\u010dna stijenka i dno su izolirani!<\/li>\n<li>Njegov dizajn je u potpunosti dizajniran za vanjsku upotrebu!<\/li>\n<li>Na na\u0161e ku\u0107ice za pse dajemo jamstvo od 1 godine!<\/li>\n<\/ul>\n<p>&nbsp;<\/p>\n<p>&nbsp;<\/p>\n<p>Na\u0161e ku\u0107ice za pse isporu\u010duju se zapakirane, \u0161to zna\u010di da vam sti\u017eu nesastavljene, zbog svoje glomaznosti, ovaj na\u010din dostave je najisplativija opcija!<\/p>\n<p>&nbsp;<\/p>\n<p>&nbsp;<\/p>\n<p><strong>Na\u0161e ku\u0107ice za pse koje se montiraju na ravnu povr\u0161inu lako se sastavljaju!<\/strong><\/p>\n<p>- Dodat \u0107emo upute za sastavljanje!<\/p>\n<p>- Prethodno je izbu\u0161eno!<\/p>\n<p>- Mo\u017ee se montirati jednim vijkom!<\/p>\n<p>&nbsp;<\/p>\n<p>&nbsp;<\/p>\n<p>&nbsp;<\/p>\n<p>Veli\u010dine:<\/p>\n<p>Vanjske dimenzije: \u0161irina 50 cm, du\u017eina 50 cm, visina 60 cm.<\/p>\n<p>&nbsp;<\/p>\n<p>Unutarnje dimenzije: \u0161irina 40 cm, du\u017eina 40 cm, visina 55 cm.<\/p>\n<p>&nbsp;<\/p>\n<p>Veli\u010dina ulaza: \u0161irina 17 cm, visina 26 cm.<\/p>\n<p>&nbsp;<\/p>\n<p>Boja: Prirodna - Nelakirana!<\/p>\n<p>&nbsp;<\/p>\n<p>&nbsp;<\/p>\n<p><em><strong><b>Na primjer, mala ku\u0107ica za pse: <\/b><\/strong>Preporu\u010dujemo ga za francuske buldoge, jazav\u010dare, westies, foksterijere.<\/em><\/p>\n<p>&nbsp;<\/p>\n<p>&nbsp;<\/p>\n<p><em>Ku\u0107ica za pse <strong>veli\u010dina i te\u017eina<\/strong> (22 kg), tro\u0161ak dostave je: <strong>7000 HUF<\/strong><\/em><\/p>\n<p>&nbsp;<\/p>\n<p>&nbsp;<\/p>\n<p><a href=\"https:\/\/hungaroonline.hu\/hr\/kutyahazak\/?v=baba78b405b0\"><em><strong><span style=\"color: #3366ff;\">VI\u0160E SLIKA OVDJE<\/span><\/strong><\/em><\/a><\/p>\n<p>&nbsp;<\/p>\n<p>&nbsp;<\/p>\n<p>&nbsp;<\/p>","protected":false},"excerpt":{"rendered":"<p><strong><em>Proizvod izra\u0111en od strane stolara!<\/em><\/strong><\/p>\n<p><em>Bo\u010dna vrata!<\/em><\/p>\n<p>Rok isporuke: 3-6 radnih dana!<\/p>\n<p>&nbsp;<\/p>","protected":false},"featured_media":2659,"comment_status":"closed","ping_status":"closed","template":"","meta":[],"product_brand":[],"product_cat":[43],"product_tag":[],"class_list":{"0":"post-2670","1":"product","2":"type-product","3":"status-publish","4":"has-post-thumbnail","6":"product_cat-kutyahazak-tobb-meretben","7":"product_shipping_class-kutyahazak","9":"first","10":"instock","11":"purchasable","12":"product-type-simple"},"yoast_head":"<!-- This site is optimized with the Yoast SEO plugin v26.6 - https:\/\/yoast.com\/wordpress\/plugins\/seo\/ -->\n<title>(S) KICSI s\u00e1tortet\u0151s kutyah\u00e1z h\u0151szigetel\u00e9ssel - HungaroOnline<\/title>\n<meta name=\"description\" content=\"MI\u00c9RT J\u00d3 V\u00c1LASZT\u00c1S EZ A KUTYAH\u00c1Z: Asztalosok \u00e1ltal elk\u00e9sz\u00edtett term\u00e9k! Gyalult 1,5 cm feny\u0151fa lamb\u00e9ri\u00e1b\u00f3l k\u00e9sz\u00edtj\u00fck! T\u00f6m\u00f6r fav\u00e1z\u00e1nak k\u00f6sz\u00f6nhet\u0151en nagyon\u00a0 strapab\u00edr\u00f3! A kutyah\u00e1z feneke 3 cm-re el van emelve a f\u00f6ldt\u0151l! 1 \u00e9v j\u00f3t\u00e1ll\u00e1st biztos\u00edtunk!\" \/>\n<meta name=\"robots\" content=\"index, follow, max-snippet:-1, max-image-preview:large, max-video-preview:-1\" \/>\n<link rel=\"canonical\" href=\"https:\/\/hungaroonline.hu\/hr\/proizvod\/kicsi-kutyahaz-satortetos-hoszigetelessel\/\" \/>\n<meta property=\"og:locale\" content=\"hr_HR\" \/>\n<meta property=\"og:type\" content=\"article\" \/>\n<meta property=\"og:title\" content=\"Kicsi kutyah\u00e1z\" \/>\n<meta property=\"og:description\" content=\"MI\u00c9RT J\u00d3 V\u00c1LASZT\u00c1S EZ A KUTYAH\u00c1Z: Asztalosok \u00e1ltal elk\u00e9sz\u00edtett term\u00e9k! Gyalult 1,5 cm feny\u0151fa lamb\u00e9ri\u00e1b\u00f3l k\u00e9sz\u00edtj\u00fck! T\u00f6m\u00f6r fav\u00e1z\u00e1nak k\u00f6sz\u00f6nhet\u0151en nagyon\u00a0 strapab\u00edr\u00f3! A kutyah\u00e1z feneke 3 cm-re el van emelve a f\u00f6ldt\u0151l! 1 \u00e9v j\u00f3t\u00e1ll\u00e1st biztos\u00edtunk!\" \/>\n<meta property=\"og:url\" content=\"https:\/\/hungaroonline.hu\/hr\/proizvod\/kicsi-kutyahaz-satortetos-hoszigetelessel\/\" \/>\n<meta property=\"og:site_name\" content=\"HungaroOnline\" \/>\n<meta property=\"article:publisher\" content=\"https:\/\/www.facebook.com\/hungaroonline\" \/>\n<meta property=\"article:modified_time\" content=\"2025-07-24T13:47:20+00:00\" \/>\n<meta property=\"og:image\" content=\"https:\/\/hungaroonline.hu\/wp-content\/uploads\/2021\/02\/kutyahaz-9-1-scaled.jpg\" \/>\n\t<meta property=\"og:image:width\" content=\"2560\" \/>\n\t<meta property=\"og:image:height\" content=\"2560\" \/>\n\t<meta property=\"og:image:type\" content=\"image\/jpeg\" \/>\n<meta name=\"twitter:card\" content=\"summary_large_image\" \/>\n<meta name=\"twitter:label1\" content=\"Procijenjeno vrijeme \u010ditanja\" \/>\n\t<meta name=\"twitter:data1\" content=\"2 minute\" \/>\n<script type=\"application\/ld+json\" class=\"yoast-schema-graph\">{\"@context\":\"https:\/\/schema.org\",\"@graph\":[{\"@type\":\"WebPage\",\"@id\":\"https:\/\/hungaroonline.hu\/termek\/kicsi-kutyahaz-satortetos-hoszigetelessel\/\",\"url\":\"https:\/\/hungaroonline.hu\/termek\/kicsi-kutyahaz-satortetos-hoszigetelessel\/\",\"name\":\"(S) KICSI s\u00e1tortet\u0151s kutyah\u00e1z h\u0151szigetel\u00e9ssel - HungaroOnline\",\"isPartOf\":{\"@id\":\"https:\/\/hungaroonline.hu\/#website\"},\"primaryImageOfPage\":{\"@id\":\"https:\/\/hungaroonline.hu\/termek\/kicsi-kutyahaz-satortetos-hoszigetelessel\/#primaryimage\"},\"image\":{\"@id\":\"https:\/\/hungaroonline.hu\/termek\/kicsi-kutyahaz-satortetos-hoszigetelessel\/#primaryimage\"},\"thumbnailUrl\":\"https:\/\/hungaroonline.hu\/wp-content\/uploads\/2021\/02\/kutyahaz-9-scaled.jpg\",\"datePublished\":\"2021-02-10T09:27:21+00:00\",\"dateModified\":\"2025-07-24T13:47:20+00:00\",\"description\":\"MI\u00c9RT J\u00d3 V\u00c1LASZT\u00c1S EZ A KUTYAH\u00c1Z: Asztalosok \u00e1ltal elk\u00e9sz\u00edtett term\u00e9k! Gyalult 1,5 cm feny\u0151fa lamb\u00e9ri\u00e1b\u00f3l k\u00e9sz\u00edtj\u00fck! T\u00f6m\u00f6r fav\u00e1z\u00e1nak k\u00f6sz\u00f6nhet\u0151en nagyon\u00a0 strapab\u00edr\u00f3! A kutyah\u00e1z feneke 3 cm-re el van emelve a f\u00f6ldt\u0151l! 1 \u00e9v j\u00f3t\u00e1ll\u00e1st biztos\u00edtunk!\",\"breadcrumb\":{\"@id\":\"https:\/\/hungaroonline.hu\/termek\/kicsi-kutyahaz-satortetos-hoszigetelessel\/#breadcrumb\"},\"inLanguage\":\"hr\",\"potentialAction\":[{\"@type\":\"ReadAction\",\"target\":[\"https:\/\/hungaroonline.hu\/termek\/kicsi-kutyahaz-satortetos-hoszigetelessel\/\"]}]},{\"@type\":\"ImageObject\",\"inLanguage\":\"hr\",\"@id\":\"https:\/\/hungaroonline.hu\/termek\/kicsi-kutyahaz-satortetos-hoszigetelessel\/#primaryimage\",\"url\":\"https:\/\/hungaroonline.hu\/wp-content\/uploads\/2021\/02\/kutyahaz-9-scaled.jpg\",\"contentUrl\":\"https:\/\/hungaroonline.hu\/wp-content\/uploads\/2021\/02\/kutyahaz-9-scaled.jpg\",\"width\":2560,\"height\":2560},{\"@type\":\"BreadcrumbList\",\"@id\":\"https:\/\/hungaroonline.hu\/termek\/kicsi-kutyahaz-satortetos-hoszigetelessel\/#breadcrumb\",\"itemListElement\":[{\"@type\":\"ListItem\",\"position\":1,\"name\":\"Home\",\"item\":\"https:\/\/hungaroonline.hu\/\"},{\"@type\":\"ListItem\",\"position\":2,\"name\":\"\u00dczlet\",\"item\":\"https:\/\/hungaroonline.hu\/uzlet\/\"},{\"@type\":\"ListItem\",\"position\":3,\"name\":\"(S) KICSI s\u00e1tortet\u0151s kutyah\u00e1z h\u0151szigetel\u00e9ssel\"}]},{\"@type\":\"WebSite\",\"@id\":\"https:\/\/hungaroonline.hu\/#website\",\"url\":\"https:\/\/hungaroonline.hu\/\",\"name\":\"HungaroOnline\",\"description\":\"Kutyah\u00e1z - Hord\u00f3 - Raklap b\u00fator - Raklapp\u00e1rna Gy\u00e1rt\u00e1sa\",\"publisher\":{\"@id\":\"https:\/\/hungaroonline.hu\/#organization\"},\"potentialAction\":[{\"@type\":\"SearchAction\",\"target\":{\"@type\":\"EntryPoint\",\"urlTemplate\":\"https:\/\/hungaroonline.hu\/?s={search_term_string}\"},\"query-input\":{\"@type\":\"PropertyValueSpecification\",\"valueRequired\":true,\"valueName\":\"search_term_string\"}}],\"inLanguage\":\"hr\"},{\"@type\":\"Organization\",\"@id\":\"https:\/\/hungaroonline.hu\/#organization\",\"name\":\"HungaroOnline\",\"url\":\"https:\/\/hungaroonline.hu\/\",\"logo\":{\"@type\":\"ImageObject\",\"inLanguage\":\"hr\",\"@id\":\"https:\/\/hungaroonline.hu\/#\/schema\/logo\/image\/\",\"url\":\"https:\/\/hungaroonline.hu\/wp-content\/uploads\/2023\/01\/hungaroonline-footer-logo-color-a.png\",\"contentUrl\":\"https:\/\/hungaroonline.hu\/wp-content\/uploads\/2023\/01\/hungaroonline-footer-logo-color-a.png\",\"width\":970,\"height\":86,\"caption\":\"HungaroOnline\"},\"image\":{\"@id\":\"https:\/\/hungaroonline.hu\/#\/schema\/logo\/image\/\"},\"sameAs\":[\"https:\/\/www.facebook.com\/hungaroonline\"]}]}<\/script>\n<!-- \/ Yoast SEO plugin. -->","yoast_head_json":{"title":"(S) KICSI s\u00e1tortet\u0151s kutyah\u00e1z h\u0151szigetel\u00e9ssel - HungaroOnline","description":"MI\u00c9RT J\u00d3 V\u00c1LASZT\u00c1S EZ A KUTYAH\u00c1Z: Asztalosok \u00e1ltal elk\u00e9sz\u00edtett term\u00e9k! Gyalult 1,5 cm feny\u0151fa lamb\u00e9ri\u00e1b\u00f3l k\u00e9sz\u00edtj\u00fck! T\u00f6m\u00f6r fav\u00e1z\u00e1nak k\u00f6sz\u00f6nhet\u0151en nagyon\u00a0 strapab\u00edr\u00f3! A kutyah\u00e1z feneke 3 cm-re el van emelve a f\u00f6ldt\u0151l! 1 \u00e9v j\u00f3t\u00e1ll\u00e1st biztos\u00edtunk!","robots":{"index":"index","follow":"follow","max-snippet":"max-snippet:-1","max-image-preview":"max-image-preview:large","max-video-preview":"max-video-preview:-1"},"canonical":"https:\/\/hungaroonline.hu\/hr\/proizvod\/kicsi-kutyahaz-satortetos-hoszigetelessel\/","og_locale":"hr_HR","og_type":"article","og_title":"Kicsi kutyah\u00e1z","og_description":"MI\u00c9RT J\u00d3 V\u00c1LASZT\u00c1S EZ A KUTYAH\u00c1Z: Asztalosok \u00e1ltal elk\u00e9sz\u00edtett term\u00e9k! Gyalult 1,5 cm feny\u0151fa lamb\u00e9ri\u00e1b\u00f3l k\u00e9sz\u00edtj\u00fck! T\u00f6m\u00f6r fav\u00e1z\u00e1nak k\u00f6sz\u00f6nhet\u0151en nagyon\u00a0 strapab\u00edr\u00f3! A kutyah\u00e1z feneke 3 cm-re el van emelve a f\u00f6ldt\u0151l! 1 \u00e9v j\u00f3t\u00e1ll\u00e1st biztos\u00edtunk!","og_url":"https:\/\/hungaroonline.hu\/hr\/proizvod\/kicsi-kutyahaz-satortetos-hoszigetelessel\/","og_site_name":"HungaroOnline","article_publisher":"https:\/\/www.facebook.com\/hungaroonline","article_modified_time":"2025-07-24T13:47:20+00:00","og_image":[{"width":2560,"height":2560,"url":"https:\/\/hungaroonline.hu\/wp-content\/uploads\/2021\/02\/kutyahaz-9-1-scaled.jpg","type":"image\/jpeg"}],"twitter_card":"summary_large_image","twitter_misc":{"Procijenjeno vrijeme \u010ditanja":"2 minute"},"schema":{"@context":"https:\/\/schema.org","@graph":[{"@type":"WebPage","@id":"https:\/\/hungaroonline.hu\/termek\/kicsi-kutyahaz-satortetos-hoszigetelessel\/","url":"https:\/\/hungaroonline.hu\/termek\/kicsi-kutyahaz-satortetos-hoszigetelessel\/","name":"(S) KICSI s\u00e1tortet\u0151s kutyah\u00e1z h\u0151szigetel\u00e9ssel - HungaroOnline","isPartOf":{"@id":"https:\/\/hungaroonline.hu\/#website"},"primaryImageOfPage":{"@id":"https:\/\/hungaroonline.hu\/termek\/kicsi-kutyahaz-satortetos-hoszigetelessel\/#primaryimage"},"image":{"@id":"https:\/\/hungaroonline.hu\/termek\/kicsi-kutyahaz-satortetos-hoszigetelessel\/#primaryimage"},"thumbnailUrl":"https:\/\/hungaroonline.hu\/wp-content\/uploads\/2021\/02\/kutyahaz-9-scaled.jpg","datePublished":"2021-02-10T09:27:21+00:00","dateModified":"2025-07-24T13:47:20+00:00","description":"MI\u00c9RT J\u00d3 V\u00c1LASZT\u00c1S EZ A KUTYAH\u00c1Z: Asztalosok \u00e1ltal elk\u00e9sz\u00edtett term\u00e9k! Gyalult 1,5 cm feny\u0151fa lamb\u00e9ri\u00e1b\u00f3l k\u00e9sz\u00edtj\u00fck! T\u00f6m\u00f6r fav\u00e1z\u00e1nak k\u00f6sz\u00f6nhet\u0151en nagyon\u00a0 strapab\u00edr\u00f3! A kutyah\u00e1z feneke 3 cm-re el van emelve a f\u00f6ldt\u0151l! 1 \u00e9v j\u00f3t\u00e1ll\u00e1st biztos\u00edtunk!","breadcrumb":{"@id":"https:\/\/hungaroonline.hu\/termek\/kicsi-kutyahaz-satortetos-hoszigetelessel\/#breadcrumb"},"inLanguage":"hr","potentialAction":[{"@type":"ReadAction","target":["https:\/\/hungaroonline.hu\/termek\/kicsi-kutyahaz-satortetos-hoszigetelessel\/"]}]},{"@type":"ImageObject","inLanguage":"hr","@id":"https:\/\/hungaroonline.hu\/termek\/kicsi-kutyahaz-satortetos-hoszigetelessel\/#primaryimage","url":"https:\/\/hungaroonline.hu\/wp-content\/uploads\/2021\/02\/kutyahaz-9-scaled.jpg","contentUrl":"https:\/\/hungaroonline.hu\/wp-content\/uploads\/2021\/02\/kutyahaz-9-scaled.jpg","width":2560,"height":2560},{"@type":"BreadcrumbList","@id":"https:\/\/hungaroonline.hu\/termek\/kicsi-kutyahaz-satortetos-hoszigetelessel\/#breadcrumb","itemListElement":[{"@type":"ListItem","position":1,"name":"Home","item":"https:\/\/hungaroonline.hu\/"},{"@type":"ListItem","position":2,"name":"\u00dczlet","item":"https:\/\/hungaroonline.hu\/uzlet\/"},{"@type":"ListItem","position":3,"name":"(S) KICSI s\u00e1tortet\u0151s kutyah\u00e1z h\u0151szigetel\u00e9ssel"}]},{"@type":"WebSite","@id":"https:\/\/hungaroonline.hu\/#website","url":"https:\/\/hungaroonline.hu\/","name":"HungaroOnline","description":"Ku\u0107ica za pse - Ba\u010dva - Namje\u0161taj od paleta - Proizvodnja jastuka od paleta","publisher":{"@id":"https:\/\/hungaroonline.hu\/#organization"},"potentialAction":[{"@type":"SearchAction","target":{"@type":"EntryPoint","urlTemplate":"https:\/\/hungaroonline.hu\/?s={search_term_string}"},"query-input":{"@type":"PropertyValueSpecification","valueRequired":true,"valueName":"search_term_string"}}],"inLanguage":"hr"},{"@type":"Organization","@id":"https:\/\/hungaroonline.hu\/#organization","name":"HungaroOnline","url":"https:\/\/hungaroonline.hu\/","logo":{"@type":"ImageObject","inLanguage":"hr","@id":"https:\/\/hungaroonline.hu\/#\/schema\/logo\/image\/","url":"https:\/\/hungaroonline.hu\/wp-content\/uploads\/2023\/01\/hungaroonline-footer-logo-color-a.png","contentUrl":"https:\/\/hungaroonline.hu\/wp-content\/uploads\/2023\/01\/hungaroonline-footer-logo-color-a.png","width":970,"height":86,"caption":"HungaroOnline"},"image":{"@id":"https:\/\/hungaroonline.hu\/#\/schema\/logo\/image\/"},"sameAs":["https:\/\/www.facebook.com\/hungaroonline"]}]}},"_links":{"self":[{"href":"https:\/\/hungaroonline.hu\/hr\/wp-json\/wp\/v2\/product\/2670","targetHints":{"allow":["GET"]}}],"collection":[{"href":"https:\/\/hungaroonline.hu\/hr\/wp-json\/wp\/v2\/product"}],"about":[{"href":"https:\/\/hungaroonline.hu\/hr\/wp-json\/wp\/v2\/types\/product"}],"replies":[{"embeddable":true,"href":"https:\/\/hungaroonline.hu\/hr\/wp-json\/wp\/v2\/comments?post=2670"}],"version-history":[{"count":15,"href":"https:\/\/hungaroonline.hu\/hr\/wp-json\/wp\/v2\/product\/2670\/revisions"}],"predecessor-version":[{"id":7408,"href":"https:\/\/hungaroonline.hu\/hr\/wp-json\/wp\/v2\/product\/2670\/revisions\/7408"}],"wp:featuredmedia":[{"embeddable":true,"href":"https:\/\/hungaroonline.hu\/hr\/wp-json\/wp\/v2\/media\/2659"}],"wp:attachment":[{"href":"https:\/\/hungaroonline.hu\/hr\/wp-json\/wp\/v2\/media?parent=2670"}],"wp:term":[{"taxonomy":"product_brand","embeddable":true,"href":"https:\/\/hungaroonline.hu\/hr\/wp-json\/wp\/v2\/product_brand?post=2670"},{"taxonomy":"product_cat","embeddable":true,"href":"https:\/\/hungaroonline.hu\/hr\/wp-json\/wp\/v2\/product_cat?post=2670"},{"taxonomy":"product_tag","embeddable":true,"href":"https:\/\/hungaroonline.hu\/hr\/wp-json\/wp\/v2\/product_tag?post=2670"}],"curies":[{"name":"wp","href":"https:\/\/api.w.org\/{rel}","templated":true}]}}