{"id":2214,"date":"2020-10-06T09:16:09","date_gmt":"2020-10-06T07:16:09","guid":{"rendered":"https:\/\/hungaroonline.hempa.hu\/?post_type=product&#038;p=2214"},"modified":"2025-03-01T06:08:51","modified_gmt":"2025-03-01T05:08:51","slug":"thermo-fuggony-cicahazra-40-c-20x20","status":"publish","type":"product","link":"https:\/\/hungaroonline.hu\/hr\/proizvod\/thermo-fuggony-cicahazra-40-c-20x20\/","title":{"rendered":"INDUSTRIAL Termo zavjesa -40\u00b0C za MALE ku\u0107ice za pse 24X30"},"content":{"rendered":"<p><img decoding=\"async\" class=\"wp-image-6961 aligncenter\" src=\"https:\/\/hungaroonline.hu\/wp-content\/uploads\/2020\/10\/thermo-fuggony-1-470x300.jpg\" alt=\"H\u0151f\u00fcgg\u00f6ny\" width=\"258\" height=\"165\" srcset=\"https:\/\/hungaroonline.hu\/wp-content\/uploads\/2020\/10\/thermo-fuggony-1-470x300.jpg 470w, https:\/\/hungaroonline.hu\/wp-content\/uploads\/2020\/10\/thermo-fuggony-1-1110x708.jpg 1110w, https:\/\/hungaroonline.hu\/wp-content\/uploads\/2020\/10\/thermo-fuggony-1-768x490.jpg 768w, https:\/\/hungaroonline.hu\/wp-content\/uploads\/2020\/10\/thermo-fuggony-1-1536x980.jpg 1536w, https:\/\/hungaroonline.hu\/wp-content\/uploads\/2020\/10\/thermo-fuggony-1-2048x1307.jpg 2048w, https:\/\/hungaroonline.hu\/wp-content\/uploads\/2020\/10\/thermo-fuggony-1-18x12.jpg 18w, https:\/\/hungaroonline.hu\/wp-content\/uploads\/2020\/10\/thermo-fuggony-1-1000x638.jpg 1000w\" sizes=\"(max-width: 258px) 100vw, 258px\" \/><\/p>\n<p>&nbsp;<\/p>\n<p>&nbsp;<\/p>\n<p style=\"text-align: center;\"><em><strong>Industrijska PVC traka protiv smrzavanja zadr\u017eava fizikalna svojstva do -40 \u00b0C!<\/strong><\/em><\/p>\n<p>&nbsp;<\/p>\n<p>&nbsp;<\/p>\n<p>&nbsp;<\/p>\n<p>&nbsp;<\/p>\n<p>PVC trakasta zavjesa pogodna za vanjsku i unutarnju upotrebu!<\/p>\n<p>Ne kvari se <strong>Ne<\/strong> <strong>stvrdne se!<\/strong><\/p>\n<p>PVC trakasta zavjesa <strong>dobar toplinski izolator<\/strong>, njegovom upotrebom mogu se posti\u0107i zna\u010dajne u\u0161tede energije.<\/p>\n<p>\u0160titi od propuha, pra\u0161ine i buke.<\/p>\n<p>Lako ga je odr\u017eavati \u010distim!<\/p>\n<p>PVC traka otporna na smrzavanje montirana je na letvice od prirodnog bora.<\/p>\n<p><strong>Isporu\u010dujemo montiranu na ku\u0107icu za psa,<\/strong>\u00a0 Stavite ih jednu na drugu s preklopom od 1-2 cm, \u010dime se propuh i prodor hladno\u0107e svedu na minimum!<\/p>\n<p>Prozirne PVC trake ne zaklanjaju pogled va\u0161em psu, ali pru\u017eaju ozbiljnu za\u0161titu od hladno\u0107e!<\/p>\n<p>&nbsp;<\/p>\n<p>&nbsp;<\/p>\n<p>&nbsp;<\/p>\n<p>&nbsp;<\/p>\n<p><strong>Za malu ku\u0107icu za pse!<\/strong><\/p>\n<p>Veli\u010dina: 24 cm \u0161irina x 30 cm visina.<\/p>\n<p>Debljina PVC trakaste zavjese: <strong>2 mm!<\/strong><\/p>\n<p>Raspon temperature: <strong>-40<\/strong> \u00b0C ~<strong>+35<\/strong> \u00b0C<\/p>\n<p>&nbsp;<\/p>\n<p>&nbsp;<\/p>\n<p>&nbsp;<\/p>\n<p>&nbsp;<\/p>\n<p><em><strong> VA\u017dNO!!!<\/strong><\/em><\/p>\n<div>\n<div>Termo zavjesa nema tro\u0161kove dostave jedino ako se naru\u010duje uz ku\u0107icu za psa!<\/div>\n<div>Ako \u017eelite kupiti samo termo zavjesu, onda se tro\u0161kovi dostave odnose na nju <strong>3000 HUF<\/strong> bruto, \u0161to naknadno obra\u010dunavamo!<\/div>\n<\/div>\n<div><\/div>\n<div><strong>Hvala na dolasku!<\/strong><\/div>\n<p>&nbsp;<\/p>\n<p>&nbsp;<\/p>","protected":false},"excerpt":{"rendered":"<p>&nbsp;<\/p>\n<p><b>Za malu ku\u0107icu za pse!<\/b><\/p>\n<p>&nbsp;<\/p>\n<p>Rok isporuke: 3-7 radnih dana!<\/p>\n<p>&nbsp;<\/p>","protected":false},"featured_media":3483,"comment_status":"closed","ping_status":"closed","template":"","meta":[],"product_brand":[],"product_cat":[43,93],"product_tag":[],"class_list":{"0":"post-2214","1":"product","2":"type-product","3":"status-publish","4":"has-post-thumbnail","6":"product_cat-kutyahazak-tobb-meretben","7":"product_cat-thermo-fuggony-kutyahazra","8":"product_shipping_class-thermo-fuggony","10":"first","11":"instock","12":"purchasable","13":"product-type-simple"},"yoast_head":"<!-- This site is optimized with the Yoast SEO plugin v26.6 - https:\/\/yoast.com\/wordpress\/plugins\/seo\/ -->\n<title>IPARI Thermo F\u00fcgg\u00f6ny -40\u00b0C KICSI kutyah\u00e1zra 24X30 - HungaroOnline<\/title>\n<meta name=\"description\" content=\"IPARI fagy\u00e1ll\u00f3 PVC szalag -40 \u00b0C h\u0151m\u00e9rs\u00e9kletig meg\u0151rzi fizikai tulajdons\u00e1gait, nem t\u00f6rik, nem kem\u00e9nyedik be, haszn\u00e1lhat\u00f3s\u00e1ga a norm\u00e1lis, fagymentes h\u0151m\u00e9rs\u00e9kleti viszonyoknak megfelel\u0151 marad.\" \/>\n<meta name=\"robots\" content=\"index, follow, max-snippet:-1, max-image-preview:large, max-video-preview:-1\" \/>\n<link rel=\"canonical\" href=\"https:\/\/hungaroonline.hu\/hr\/proizvod\/thermo-fuggony-cicahazra-40-c-20x20\/\" \/>\n<meta property=\"og:locale\" content=\"hr_HR\" \/>\n<meta property=\"og:type\" content=\"article\" \/>\n<meta property=\"og:title\" content=\"IPARI Thermo F\u00fcgg\u00f6ny -40\u00b0C KICSI kutyah\u00e1zra 24X30 - HungaroOnline\" \/>\n<meta property=\"og:description\" content=\"IPARI fagy\u00e1ll\u00f3 PVC szalag -40 \u00b0C h\u0151m\u00e9rs\u00e9kletig meg\u0151rzi fizikai tulajdons\u00e1gait, nem t\u00f6rik, nem kem\u00e9nyedik be, haszn\u00e1lhat\u00f3s\u00e1ga a norm\u00e1lis, fagymentes h\u0151m\u00e9rs\u00e9kleti viszonyoknak megfelel\u0151 marad.\" \/>\n<meta property=\"og:url\" content=\"https:\/\/hungaroonline.hu\/hr\/proizvod\/thermo-fuggony-cicahazra-40-c-20x20\/\" \/>\n<meta property=\"og:site_name\" content=\"HungaroOnline\" \/>\n<meta property=\"article:publisher\" content=\"https:\/\/www.facebook.com\/hungaroonline\" \/>\n<meta property=\"article:modified_time\" content=\"2025-03-01T05:08:51+00:00\" \/>\n<meta property=\"og:image\" content=\"https:\/\/hungaroonline.hu\/wp-content\/uploads\/2020\/10\/Thermo-fuggony-3-.jpg\" \/>\n\t<meta property=\"og:image:width\" content=\"350\" \/>\n\t<meta property=\"og:image:height\" content=\"350\" \/>\n\t<meta property=\"og:image:type\" content=\"image\/jpeg\" \/>\n<meta name=\"twitter:card\" content=\"summary_large_image\" \/>\n<meta name=\"twitter:label1\" content=\"Procijenjeno vrijeme \u010ditanja\" \/>\n\t<meta name=\"twitter:data1\" content=\"2 minute\" \/>\n<script type=\"application\/ld+json\" class=\"yoast-schema-graph\">{\"@context\":\"https:\/\/schema.org\",\"@graph\":[{\"@type\":\"WebPage\",\"@id\":\"https:\/\/hungaroonline.hu\/termek\/thermo-fuggony-cicahazra-40-c-20x20\/\",\"url\":\"https:\/\/hungaroonline.hu\/termek\/thermo-fuggony-cicahazra-40-c-20x20\/\",\"name\":\"IPARI Thermo F\u00fcgg\u00f6ny -40\u00b0C KICSI kutyah\u00e1zra 24X30 - HungaroOnline\",\"isPartOf\":{\"@id\":\"https:\/\/hungaroonline.hu\/#website\"},\"primaryImageOfPage\":{\"@id\":\"https:\/\/hungaroonline.hu\/termek\/thermo-fuggony-cicahazra-40-c-20x20\/#primaryimage\"},\"image\":{\"@id\":\"https:\/\/hungaroonline.hu\/termek\/thermo-fuggony-cicahazra-40-c-20x20\/#primaryimage\"},\"thumbnailUrl\":\"https:\/\/hungaroonline.hu\/wp-content\/uploads\/2020\/10\/Thermo-fuggony-3-.jpg\",\"datePublished\":\"2020-10-06T07:16:09+00:00\",\"dateModified\":\"2025-03-01T05:08:51+00:00\",\"description\":\"IPARI fagy\u00e1ll\u00f3 PVC szalag -40 \u00b0C h\u0151m\u00e9rs\u00e9kletig meg\u0151rzi fizikai tulajdons\u00e1gait, nem t\u00f6rik, nem kem\u00e9nyedik be, haszn\u00e1lhat\u00f3s\u00e1ga a norm\u00e1lis, fagymentes h\u0151m\u00e9rs\u00e9kleti viszonyoknak megfelel\u0151 marad.\",\"breadcrumb\":{\"@id\":\"https:\/\/hungaroonline.hu\/termek\/thermo-fuggony-cicahazra-40-c-20x20\/#breadcrumb\"},\"inLanguage\":\"hr\",\"potentialAction\":[{\"@type\":\"ReadAction\",\"target\":[\"https:\/\/hungaroonline.hu\/termek\/thermo-fuggony-cicahazra-40-c-20x20\/\"]}]},{\"@type\":\"ImageObject\",\"inLanguage\":\"hr\",\"@id\":\"https:\/\/hungaroonline.hu\/termek\/thermo-fuggony-cicahazra-40-c-20x20\/#primaryimage\",\"url\":\"https:\/\/hungaroonline.hu\/wp-content\/uploads\/2020\/10\/Thermo-fuggony-3-.jpg\",\"contentUrl\":\"https:\/\/hungaroonline.hu\/wp-content\/uploads\/2020\/10\/Thermo-fuggony-3-.jpg\",\"width\":350,\"height\":350,\"caption\":\"H\u0151f\u00fcgg\u00f6ny\"},{\"@type\":\"BreadcrumbList\",\"@id\":\"https:\/\/hungaroonline.hu\/termek\/thermo-fuggony-cicahazra-40-c-20x20\/#breadcrumb\",\"itemListElement\":[{\"@type\":\"ListItem\",\"position\":1,\"name\":\"Home\",\"item\":\"https:\/\/hungaroonline.hu\/\"},{\"@type\":\"ListItem\",\"position\":2,\"name\":\"\u00dczlet\",\"item\":\"https:\/\/hungaroonline.hu\/uzlet\/\"},{\"@type\":\"ListItem\",\"position\":3,\"name\":\"IPARI Thermo F\u00fcgg\u00f6ny -40\u00b0C KICSI kutyah\u00e1zra 24X30\"}]},{\"@type\":\"WebSite\",\"@id\":\"https:\/\/hungaroonline.hu\/#website\",\"url\":\"https:\/\/hungaroonline.hu\/\",\"name\":\"HungaroOnline\",\"description\":\"Kutyah\u00e1z - Hord\u00f3 - Raklap b\u00fator - Raklapp\u00e1rna Gy\u00e1rt\u00e1sa\",\"publisher\":{\"@id\":\"https:\/\/hungaroonline.hu\/#organization\"},\"potentialAction\":[{\"@type\":\"SearchAction\",\"target\":{\"@type\":\"EntryPoint\",\"urlTemplate\":\"https:\/\/hungaroonline.hu\/?s={search_term_string}\"},\"query-input\":{\"@type\":\"PropertyValueSpecification\",\"valueRequired\":true,\"valueName\":\"search_term_string\"}}],\"inLanguage\":\"hr\"},{\"@type\":\"Organization\",\"@id\":\"https:\/\/hungaroonline.hu\/#organization\",\"name\":\"HungaroOnline\",\"url\":\"https:\/\/hungaroonline.hu\/\",\"logo\":{\"@type\":\"ImageObject\",\"inLanguage\":\"hr\",\"@id\":\"https:\/\/hungaroonline.hu\/#\/schema\/logo\/image\/\",\"url\":\"https:\/\/hungaroonline.hu\/wp-content\/uploads\/2023\/01\/hungaroonline-footer-logo-color-a.png\",\"contentUrl\":\"https:\/\/hungaroonline.hu\/wp-content\/uploads\/2023\/01\/hungaroonline-footer-logo-color-a.png\",\"width\":970,\"height\":86,\"caption\":\"HungaroOnline\"},\"image\":{\"@id\":\"https:\/\/hungaroonline.hu\/#\/schema\/logo\/image\/\"},\"sameAs\":[\"https:\/\/www.facebook.com\/hungaroonline\"]}]}<\/script>\n<!-- \/ Yoast SEO plugin. -->","yoast_head_json":{"title":"IPARI Thermo F\u00fcgg\u00f6ny -40\u00b0C KICSI kutyah\u00e1zra 24X30 - HungaroOnline","description":"IPARI fagy\u00e1ll\u00f3 PVC szalag -40 \u00b0C h\u0151m\u00e9rs\u00e9kletig meg\u0151rzi fizikai tulajdons\u00e1gait, nem t\u00f6rik, nem kem\u00e9nyedik be, haszn\u00e1lhat\u00f3s\u00e1ga a norm\u00e1lis, fagymentes h\u0151m\u00e9rs\u00e9kleti viszonyoknak megfelel\u0151 marad.","robots":{"index":"index","follow":"follow","max-snippet":"max-snippet:-1","max-image-preview":"max-image-preview:large","max-video-preview":"max-video-preview:-1"},"canonical":"https:\/\/hungaroonline.hu\/hr\/proizvod\/thermo-fuggony-cicahazra-40-c-20x20\/","og_locale":"hr_HR","og_type":"article","og_title":"IPARI Thermo F\u00fcgg\u00f6ny -40\u00b0C KICSI kutyah\u00e1zra 24X30 - HungaroOnline","og_description":"IPARI fagy\u00e1ll\u00f3 PVC szalag -40 \u00b0C h\u0151m\u00e9rs\u00e9kletig meg\u0151rzi fizikai tulajdons\u00e1gait, nem t\u00f6rik, nem kem\u00e9nyedik be, haszn\u00e1lhat\u00f3s\u00e1ga a norm\u00e1lis, fagymentes h\u0151m\u00e9rs\u00e9kleti viszonyoknak megfelel\u0151 marad.","og_url":"https:\/\/hungaroonline.hu\/hr\/proizvod\/thermo-fuggony-cicahazra-40-c-20x20\/","og_site_name":"HungaroOnline","article_publisher":"https:\/\/www.facebook.com\/hungaroonline","article_modified_time":"2025-03-01T05:08:51+00:00","og_image":[{"width":350,"height":350,"url":"https:\/\/hungaroonline.hu\/wp-content\/uploads\/2020\/10\/Thermo-fuggony-3-.jpg","type":"image\/jpeg"}],"twitter_card":"summary_large_image","twitter_misc":{"Procijenjeno vrijeme \u010ditanja":"2 minute"},"schema":{"@context":"https:\/\/schema.org","@graph":[{"@type":"WebPage","@id":"https:\/\/hungaroonline.hu\/termek\/thermo-fuggony-cicahazra-40-c-20x20\/","url":"https:\/\/hungaroonline.hu\/termek\/thermo-fuggony-cicahazra-40-c-20x20\/","name":"IPARI Thermo F\u00fcgg\u00f6ny -40\u00b0C KICSI kutyah\u00e1zra 24X30 - HungaroOnline","isPartOf":{"@id":"https:\/\/hungaroonline.hu\/#website"},"primaryImageOfPage":{"@id":"https:\/\/hungaroonline.hu\/termek\/thermo-fuggony-cicahazra-40-c-20x20\/#primaryimage"},"image":{"@id":"https:\/\/hungaroonline.hu\/termek\/thermo-fuggony-cicahazra-40-c-20x20\/#primaryimage"},"thumbnailUrl":"https:\/\/hungaroonline.hu\/wp-content\/uploads\/2020\/10\/Thermo-fuggony-3-.jpg","datePublished":"2020-10-06T07:16:09+00:00","dateModified":"2025-03-01T05:08:51+00:00","description":"IPARI fagy\u00e1ll\u00f3 PVC szalag -40 \u00b0C h\u0151m\u00e9rs\u00e9kletig meg\u0151rzi fizikai tulajdons\u00e1gait, nem t\u00f6rik, nem kem\u00e9nyedik be, haszn\u00e1lhat\u00f3s\u00e1ga a norm\u00e1lis, fagymentes h\u0151m\u00e9rs\u00e9kleti viszonyoknak megfelel\u0151 marad.","breadcrumb":{"@id":"https:\/\/hungaroonline.hu\/termek\/thermo-fuggony-cicahazra-40-c-20x20\/#breadcrumb"},"inLanguage":"hr","potentialAction":[{"@type":"ReadAction","target":["https:\/\/hungaroonline.hu\/termek\/thermo-fuggony-cicahazra-40-c-20x20\/"]}]},{"@type":"ImageObject","inLanguage":"hr","@id":"https:\/\/hungaroonline.hu\/termek\/thermo-fuggony-cicahazra-40-c-20x20\/#primaryimage","url":"https:\/\/hungaroonline.hu\/wp-content\/uploads\/2020\/10\/Thermo-fuggony-3-.jpg","contentUrl":"https:\/\/hungaroonline.hu\/wp-content\/uploads\/2020\/10\/Thermo-fuggony-3-.jpg","width":350,"height":350,"caption":"H\u0151f\u00fcgg\u00f6ny"},{"@type":"BreadcrumbList","@id":"https:\/\/hungaroonline.hu\/termek\/thermo-fuggony-cicahazra-40-c-20x20\/#breadcrumb","itemListElement":[{"@type":"ListItem","position":1,"name":"Home","item":"https:\/\/hungaroonline.hu\/"},{"@type":"ListItem","position":2,"name":"\u00dczlet","item":"https:\/\/hungaroonline.hu\/uzlet\/"},{"@type":"ListItem","position":3,"name":"IPARI Thermo F\u00fcgg\u00f6ny -40\u00b0C KICSI kutyah\u00e1zra 24X30"}]},{"@type":"WebSite","@id":"https:\/\/hungaroonline.hu\/#website","url":"https:\/\/hungaroonline.hu\/","name":"HungaroOnline","description":"Ku\u0107ica za pse - Ba\u010dva - Namje\u0161taj od paleta - Proizvodnja jastuka od paleta","publisher":{"@id":"https:\/\/hungaroonline.hu\/#organization"},"potentialAction":[{"@type":"SearchAction","target":{"@type":"EntryPoint","urlTemplate":"https:\/\/hungaroonline.hu\/?s={search_term_string}"},"query-input":{"@type":"PropertyValueSpecification","valueRequired":true,"valueName":"search_term_string"}}],"inLanguage":"hr"},{"@type":"Organization","@id":"https:\/\/hungaroonline.hu\/#organization","name":"HungaroOnline","url":"https:\/\/hungaroonline.hu\/","logo":{"@type":"ImageObject","inLanguage":"hr","@id":"https:\/\/hungaroonline.hu\/#\/schema\/logo\/image\/","url":"https:\/\/hungaroonline.hu\/wp-content\/uploads\/2023\/01\/hungaroonline-footer-logo-color-a.png","contentUrl":"https:\/\/hungaroonline.hu\/wp-content\/uploads\/2023\/01\/hungaroonline-footer-logo-color-a.png","width":970,"height":86,"caption":"HungaroOnline"},"image":{"@id":"https:\/\/hungaroonline.hu\/#\/schema\/logo\/image\/"},"sameAs":["https:\/\/www.facebook.com\/hungaroonline"]}]}},"_links":{"self":[{"href":"https:\/\/hungaroonline.hu\/hr\/wp-json\/wp\/v2\/product\/2214","targetHints":{"allow":["GET"]}}],"collection":[{"href":"https:\/\/hungaroonline.hu\/hr\/wp-json\/wp\/v2\/product"}],"about":[{"href":"https:\/\/hungaroonline.hu\/hr\/wp-json\/wp\/v2\/types\/product"}],"replies":[{"embeddable":true,"href":"https:\/\/hungaroonline.hu\/hr\/wp-json\/wp\/v2\/comments?post=2214"}],"version-history":[{"count":11,"href":"https:\/\/hungaroonline.hu\/hr\/wp-json\/wp\/v2\/product\/2214\/revisions"}],"predecessor-version":[{"id":6984,"href":"https:\/\/hungaroonline.hu\/hr\/wp-json\/wp\/v2\/product\/2214\/revisions\/6984"}],"wp:featuredmedia":[{"embeddable":true,"href":"https:\/\/hungaroonline.hu\/hr\/wp-json\/wp\/v2\/media\/3483"}],"wp:attachment":[{"href":"https:\/\/hungaroonline.hu\/hr\/wp-json\/wp\/v2\/media?parent=2214"}],"wp:term":[{"taxonomy":"product_brand","embeddable":true,"href":"https:\/\/hungaroonline.hu\/hr\/wp-json\/wp\/v2\/product_brand?post=2214"},{"taxonomy":"product_cat","embeddable":true,"href":"https:\/\/hungaroonline.hu\/hr\/wp-json\/wp\/v2\/product_cat?post=2214"},{"taxonomy":"product_tag","embeddable":true,"href":"https:\/\/hungaroonline.hu\/hr\/wp-json\/wp\/v2\/product_tag?post=2214"}],"curies":[{"name":"wp","href":"https:\/\/api.w.org\/{rel}","templated":true}]}}