{"id":600,"date":"2022-01-12T11:39:00","date_gmt":"2022-01-12T10:39:00","guid":{"rendered":"https:\/\/hungaroonline.hempa.hu\/?page_id=600"},"modified":"2026-01-08T08:08:47","modified_gmt":"2026-01-08T07:08:47","slug":"azert-mert-magyar","status":"publish","type":"page","link":"https:\/\/hungaroonline.hu\/hr\/","title":{"rendered":"HungaroOnline.hu"},"content":{"rendered":"<div data-elementor-type=\"wp-page\" data-elementor-id=\"600\" class=\"elementor elementor-600\" data-elementor-post-type=\"page\">\n\t\t\t\t<div class=\"elementor-element elementor-element-d72d799 e-con-full e-flex e-con e-parent\" data-id=\"d72d799\" data-element_type=\"container\" data-settings=\"{&quot;background_background&quot;:&quot;classic&quot;}\">\n\t\t\t\t<div class=\"elementor-element elementor-element-9503eba elementor-widget__width-initial elementor-widget-tablet__width-initial elementor-widget elementor-widget-heading\" data-id=\"9503eba\" data-element_type=\"widget\" data-widget_type=\"heading.default\">\n\t\t\t\t<div class=\"elementor-widget-container\">\n\t\t\t\t\t<h2 class=\"elementor-heading-title elementor-size-default\">Ljubav prema drvu u kombinaciji sa stru\u010dno\u0161\u0107u!\n<\/h2>\t\t\t\t<\/div>\n\t\t\t\t<\/div>\n\t\t\t\t<\/div>\n\t\t<div class=\"elementor-element elementor-element-3af466f e-flex e-con-boxed e-con e-parent\" data-id=\"3af466f\" data-element_type=\"container\" data-settings=\"{&quot;background_background&quot;:&quot;classic&quot;}\">\n\t\t\t\t\t<div class=\"e-con-inner\">\n\t\t\t\t\t<\/div>\n\t\t\t\t<\/div>\n\t\t<div class=\"elementor-element elementor-element-bbd0144 e-con-full e-flex e-con e-parent\" data-id=\"bbd0144\" data-element_type=\"container\">\n\t\t\t\t<div class=\"elementor-element elementor-element-f2cde9f elementor-product-loop-item--align-center elementor-grid-mobile-1 elementor-widget__width-initial elementor-widget-mobile__width-initial elementor-grid-tablet-2 elementor-widget-tablet__width-initial elementor-grid-4 elementor-products-grid elementor-wc-products elementor-widget elementor-widget-wc-categories\" data-id=\"f2cde9f\" data-element_type=\"widget\" data-widget_type=\"wc-categories.default\">\n\t\t\t\t<div class=\"elementor-widget-container\">\n\t\t\t\t\t<div class=\"woocommerce columns-4\"><ul class=\"products elementor-grid columns-4\">\n<li class=\"product-category product first\">\n\t<a aria-label=\"Posjetite kategoriju proizvoda Kutyah\u00e1zak\" href=\"https:\/\/hungaroonline.hu\/hr\/kategorija-proizvoda\/kutyahazak-tobb-meretben\/\" data-no-translation-aria-label=\"\"><img fetchpriority=\"high\" decoding=\"async\" src=\"https:\/\/hungaroonline.hu\/wp-content\/uploads\/2025\/07\/ChatGPT-Image-2025.-jul.-28.-13_55_56-600x600.png\" alt=\"Kutyah\u00e1zak\" width=\"600\" height=\"600\" srcset=\"https:\/\/hungaroonline.hu\/wp-content\/uploads\/2025\/07\/ChatGPT-Image-2025.-jul.-28.-13_55_56-600x600.png 600w, https:\/\/hungaroonline.hu\/wp-content\/uploads\/2025\/07\/ChatGPT-Image-2025.-jul.-28.-13_55_56-100x100.png 100w\" sizes=\"(max-width: 600px) 100vw, 600px\" \/>\t\t<h2 class=\"woocommerce-loop-category__title\">\n\t\t\tKu\u0107ice za pse <mark class=\"count\">(26)<\/mark>\t\t<\/h2>\n\t\t<\/a><\/li>\n<li class=\"product-category product\">\n\t<a aria-label=\"Posjetite kategoriju proizvoda Raklapp\u00e1rna\" href=\"https:\/\/hungaroonline.hu\/hr\/kategorija-proizvoda\/raklapparna\/\" data-no-translation-aria-label=\"\"><img decoding=\"async\" src=\"https:\/\/hungaroonline.hu\/wp-content\/uploads\/2025\/07\/ChatGPT-Image-2025.-jul.-26.-11_09_37-1-600x600.png\" alt=\"Raklapp\u00e1rna\" width=\"600\" height=\"600\" srcset=\"https:\/\/hungaroonline.hu\/wp-content\/uploads\/2025\/07\/ChatGPT-Image-2025.-jul.-26.-11_09_37-1-600x600.png 600w, https:\/\/hungaroonline.hu\/wp-content\/uploads\/2025\/07\/ChatGPT-Image-2025.-jul.-26.-11_09_37-1-100x100.png 100w\" sizes=\"(max-width: 600px) 100vw, 600px\" \/>\t\t<h2 class=\"woocommerce-loop-category__title\">\n\t\t\tJastuk od paleta <mark class=\"count\">(25)<\/mark>\t\t<\/h2>\n\t\t<\/a><\/li>\n<li class=\"product-category product\">\n\t<a aria-label=\"Posjetite kategoriju proizvoda P\u00e1link\u00e1s hord\u00f3k\" href=\"https:\/\/hungaroonline.hu\/hr\/kategorija-proizvoda\/eperfa-hordok\/\" data-no-translation-aria-label=\"\"><img decoding=\"async\" src=\"https:\/\/hungaroonline.hu\/wp-content\/uploads\/2025\/07\/ChatGPT-Image-2025.-jul.-29.-20_41_06-600x600.png\" alt=\"P\u00e1link\u00e1s hord\u00f3k\" width=\"600\" height=\"600\" srcset=\"https:\/\/hungaroonline.hu\/wp-content\/uploads\/2025\/07\/ChatGPT-Image-2025.-jul.-29.-20_41_06-600x600.png 600w, https:\/\/hungaroonline.hu\/wp-content\/uploads\/2025\/07\/ChatGPT-Image-2025.-jul.-29.-20_41_06-100x100.png 100w\" sizes=\"(max-width: 600px) 100vw, 600px\" \/>\t\t<h2 class=\"woocommerce-loop-category__title\">\n\t\t\tBa\u010dve za rakiju <mark class=\"count\">(12)<\/mark>\t\t<\/h2>\n\t\t<\/a><\/li>\n<li class=\"product-category product last\">\n\t<a aria-label=\"Posjetite kategoriju proizvoda Raklap b\u00fator\" href=\"https:\/\/hungaroonline.hu\/hr\/kategorija-proizvoda\/raklap-butor\/\" data-no-translation-aria-label=\"\"><img loading=\"lazy\" decoding=\"async\" src=\"https:\/\/hungaroonline.hu\/wp-content\/uploads\/2025\/07\/ChatGPT-Image-2025.-jul.-28.-14_01_23-600x600.png\" alt=\"Raklap b\u00fator\" width=\"600\" height=\"600\" srcset=\"https:\/\/hungaroonline.hu\/wp-content\/uploads\/2025\/07\/ChatGPT-Image-2025.-jul.-28.-14_01_23-600x600.png 600w, https:\/\/hungaroonline.hu\/wp-content\/uploads\/2025\/07\/ChatGPT-Image-2025.-jul.-28.-14_01_23-300x300.png 300w, https:\/\/hungaroonline.hu\/wp-content\/uploads\/2025\/07\/ChatGPT-Image-2025.-jul.-28.-14_01_23-768x768.png 768w, https:\/\/hungaroonline.hu\/wp-content\/uploads\/2025\/07\/ChatGPT-Image-2025.-jul.-28.-14_01_23-12x12.png 12w, https:\/\/hungaroonline.hu\/wp-content\/uploads\/2025\/07\/ChatGPT-Image-2025.-jul.-28.-14_01_23-1000x1000.png 1000w, https:\/\/hungaroonline.hu\/wp-content\/uploads\/2025\/07\/ChatGPT-Image-2025.-jul.-28.-14_01_23-100x100.png 100w, https:\/\/hungaroonline.hu\/wp-content\/uploads\/2025\/07\/ChatGPT-Image-2025.-jul.-28.-14_01_23.png 1024w\" sizes=\"(max-width: 600px) 100vw, 600px\" \/>\t\t<h2 class=\"woocommerce-loop-category__title\">\n\t\t\tNamje\u0161taj od paleta <mark class=\"count\">(11)<\/mark>\t\t<\/h2>\n\t\t<\/a><\/li>\n<\/ul>\n<\/div>\t\t\t\t<\/div>\n\t\t\t\t<\/div>\n\t\t\t\t<\/div>\n\t\t<div class=\"elementor-element elementor-element-e247c1e e-flex e-con-boxed e-con e-parent\" data-id=\"e247c1e\" data-element_type=\"container\">\n\t\t\t\t\t<div class=\"e-con-inner\">\n\t\t\t\t<div class=\"elementor-element elementor-element-8e600e3 elementor-widget__width-initial elementor-widget elementor-widget-image\" data-id=\"8e600e3\" data-element_type=\"widget\" data-widget_type=\"image.default\">\n\t\t\t\t<div class=\"elementor-widget-container\">\n\t\t\t\t\t\t\t\t\t\t\t\t\t\t\t<img loading=\"lazy\" decoding=\"async\" width=\"350\" height=\"350\" src=\"https:\/\/hungaroonline.hu\/wp-content\/uploads\/2024\/12\/Magyartermek.jpg\" class=\"attachment-large size-large wp-image-6610\" alt=\"Kutyah\u00e1z-Eperfa hord\u00f3-Raklapb\u00fator-Raklapp\u00e1rna\" srcset=\"https:\/\/hungaroonline.hu\/wp-content\/uploads\/2024\/12\/Magyartermek.jpg 350w, https:\/\/hungaroonline.hu\/wp-content\/uploads\/2024\/12\/Magyartermek-300x300.jpg 300w, https:\/\/hungaroonline.hu\/wp-content\/uploads\/2024\/12\/Magyartermek-12x12.jpg 12w, https:\/\/hungaroonline.hu\/wp-content\/uploads\/2024\/12\/Magyartermek-100x100.jpg 100w\" sizes=\"(max-width: 350px) 100vw, 350px\" \/>\t\t\t\t\t\t\t\t\t\t\t\t\t\t\t<\/div>\n\t\t\t\t<\/div>\n\t\t\t\t<div class=\"elementor-element elementor-element-5b44676 elementor-widget-divider--view-line elementor-widget elementor-widget-divider\" data-id=\"5b44676\" data-element_type=\"widget\" data-widget_type=\"divider.default\">\n\t\t\t\t<div class=\"elementor-widget-container\">\n\t\t\t\t\t\t\t<div class=\"elementor-divider\">\n\t\t\t<span class=\"elementor-divider-separator\">\n\t\t\t\t\t\t<\/span>\n\t\t<\/div>\n\t\t\t\t\t\t<\/div>\n\t\t\t\t<\/div>\n\t\t\t\t\t<\/div>\n\t\t\t\t<\/div>\n\t\t<div class=\"elementor-element elementor-element-f4bd7b2 e-flex e-con-boxed e-con e-parent\" data-id=\"f4bd7b2\" data-element_type=\"container\">\n\t\t\t\t\t<div class=\"e-con-inner\">\n\t\t\t\t<div class=\"elementor-element elementor-element-7c60390 elementor-widget__width-initial elementor-widget elementor-widget-gallery\" data-id=\"7c60390\" data-element_type=\"widget\" data-settings=\"{&quot;gap&quot;:{&quot;unit&quot;:&quot;px&quot;,&quot;size&quot;:100,&quot;sizes&quot;:[]},&quot;aspect_ratio&quot;:&quot;4:3&quot;,&quot;columns_tablet&quot;:4,&quot;columns_mobile&quot;:4,&quot;gap_mobile&quot;:{&quot;unit&quot;:&quot;px&quot;,&quot;size&quot;:36,&quot;sizes&quot;:[]},&quot;gap_tablet&quot;:{&quot;unit&quot;:&quot;px&quot;,&quot;size&quot;:66,&quot;sizes&quot;:[]},&quot;lazyload&quot;:&quot;yes&quot;,&quot;gallery_layout&quot;:&quot;grid&quot;,&quot;columns&quot;:4,&quot;link_to&quot;:&quot;file&quot;,&quot;overlay_background&quot;:&quot;yes&quot;,&quot;content_hover_animation&quot;:&quot;fade-in&quot;}\" data-widget_type=\"gallery.default\">\n\t\t\t\t<div class=\"elementor-widget-container\">\n\t\t\t\t\t\t\t<div class=\"elementor-gallery__container\">\n\t\t\t\t\t\t\t<a class=\"e-gallery-item elementor-gallery-item elementor-animated-content\" href=\"https:\/\/hungaroonline.hu\/wp-content\/uploads\/2023\/01\/Hungaroonline.hu-mpl-1.jpg\" data-elementor-open-lightbox=\"no\">\n\t\t\t\t\t<div class=\"e-gallery-image elementor-gallery-item__image\" data-thumbnail=\"https:\/\/hungaroonline.hu\/wp-content\/uploads\/2023\/01\/Hungaroonline.hu-mpl-1.jpg\" data-width=\"200\" data-height=\"148\" aria-label=\"\" role=\"img\" ><\/div>\n\t\t\t\t\t\t\t\t\t\t\t<div class=\"elementor-gallery-item__overlay\"><\/div>\n\t\t\t\t\t\t\t\t\t\t\t\t\t\t<\/a>\n\t\t\t\t\t\t\t<a class=\"e-gallery-item elementor-gallery-item elementor-animated-content\" href=\"https:\/\/hungaroonline.hu\/wp-content\/uploads\/2024\/12\/visamaster.png\" data-elementor-open-lightbox=\"no\">\n\t\t\t\t\t<div class=\"e-gallery-image elementor-gallery-item__image\" data-thumbnail=\"https:\/\/hungaroonline.hu\/wp-content\/uploads\/2024\/12\/visamaster-768x611.png\" data-width=\"768\" data-height=\"611\" aria-label=\"\" role=\"img\" ><\/div>\n\t\t\t\t\t\t\t\t\t\t\t<div class=\"elementor-gallery-item__overlay\"><\/div>\n\t\t\t\t\t\t\t\t\t\t\t\t\t\t<\/a>\n\t\t\t\t\t\t\t<a class=\"e-gallery-item elementor-gallery-item elementor-animated-content\" href=\"https:\/\/hungaroonline.hu\/wp-content\/uploads\/2023\/01\/Hungaroonline.hu-KH-1.png\" data-elementor-open-lightbox=\"no\">\n\t\t\t\t\t<div class=\"e-gallery-image elementor-gallery-item__image\" data-thumbnail=\"https:\/\/hungaroonline.hu\/wp-content\/uploads\/2023\/01\/Hungaroonline.hu-KH-1.png\" data-width=\"512\" data-height=\"512\" aria-label=\"\" role=\"img\" ><\/div>\n\t\t\t\t\t\t\t\t\t\t\t<div class=\"elementor-gallery-item__overlay\"><\/div>\n\t\t\t\t\t\t\t\t\t\t\t\t\t\t<\/a>\n\t\t\t\t\t\t\t<a class=\"e-gallery-item elementor-gallery-item elementor-animated-content\" href=\"https:\/\/hungaroonline.hu\/wp-content\/uploads\/2024\/12\/GLS-1.png\" data-elementor-open-lightbox=\"no\">\n\t\t\t\t\t<div class=\"e-gallery-image elementor-gallery-item__image\" data-thumbnail=\"https:\/\/hungaroonline.hu\/wp-content\/uploads\/2024\/12\/GLS-1-768x768.png\" data-width=\"768\" data-height=\"768\" aria-label=\"\" role=\"img\" ><\/div>\n\t\t\t\t\t\t\t\t\t\t\t<div class=\"elementor-gallery-item__overlay\"><\/div>\n\t\t\t\t\t\t\t\t\t\t\t\t\t\t<\/a>\n\t\t\t\t\t<\/div>\n\t\t\t\t\t<\/div>\n\t\t\t\t<\/div>\n\t\t\t\t\t<\/div>\n\t\t\t\t<\/div>\n\t\t\t\t<\/div>","protected":false},"excerpt":{"rendered":"<p>Ljubav prema drvu u kombinaciji sa stru\u010dno\u0161\u0107u!<\/p>","protected":false},"author":1,"featured_media":4726,"parent":0,"menu_order":0,"comment_status":"closed","ping_status":"closed","template":"elementor_header_footer","meta":{"footnotes":""},"class_list":["post-600","page","type-page","status-publish","has-post-thumbnail","hentry"],"yoast_head":"<!-- This site is optimized with the Yoast SEO plugin v26.6 - https:\/\/yoast.com\/wordpress\/plugins\/seo\/ -->\n<title>HungaroOnline.hu - HungaroOnline<\/title>\n<meta name=\"description\" content=\"AZ\u00c9RT MERT MAGYAR! Kutyah\u00e1zak, P\u00e1link\u00e1s eperfa hord\u00f3k, Ak\u00e1cfa vir\u00e1gd\u00e9zs\u00e1k, K\u00e9zzel k\u00e9sz\u00fclt zsebk\u00e9sek, Vad\u00e1szt\u0151r\u00f6k, Cicah\u00e1z, Raklapp\u00e1rna, Gerenda kerti b\u00fator, Gerenda \u00e1gy\" \/>\n<meta name=\"robots\" content=\"index, follow, max-snippet:-1, max-image-preview:large, max-video-preview:-1\" \/>\n<link rel=\"canonical\" href=\"https:\/\/hungaroonline.hu\/hr\/\" \/>\n<meta property=\"og:locale\" content=\"hr_HR\" \/>\n<meta property=\"og:type\" content=\"article\" \/>\n<meta property=\"og:title\" content=\"HungaroOnline.hu - HungaroOnline\" \/>\n<meta property=\"og:description\" content=\"AZ\u00c9RT MERT MAGYAR! Kutyah\u00e1zak, P\u00e1link\u00e1s eperfa hord\u00f3k, Ak\u00e1cfa vir\u00e1gd\u00e9zs\u00e1k, K\u00e9zzel k\u00e9sz\u00fclt zsebk\u00e9sek, Vad\u00e1szt\u0151r\u00f6k, Cicah\u00e1z, Raklapp\u00e1rna, Gerenda kerti b\u00fator, Gerenda \u00e1gy\" \/>\n<meta property=\"og:url\" content=\"https:\/\/hungaroonline.hu\/hr\/\" \/>\n<meta property=\"og:site_name\" content=\"HungaroOnline\" \/>\n<meta property=\"article:publisher\" content=\"https:\/\/www.facebook.com\/hungaroonline\" \/>\n<meta property=\"article:modified_time\" content=\"2026-01-08T07:08:47+00:00\" \/>\n<meta property=\"og:image\" content=\"https:\/\/hungaroonline.hu\/wp-content\/uploads\/2023\/03\/HungaroOnline.hu-2.jpg\" \/>\n\t<meta property=\"og:image:width\" content=\"610\" \/>\n\t<meta property=\"og:image:height\" content=\"610\" \/>\n\t<meta property=\"og:image:type\" content=\"image\/jpeg\" \/>\n<meta name=\"twitter:card\" content=\"summary_large_image\" \/>\n<meta name=\"twitter:label1\" content=\"Procijenjeno vrijeme \u010ditanja\" \/>\n\t<meta name=\"twitter:data1\" content=\"2 minute\" \/>\n<script type=\"application\/ld+json\" class=\"yoast-schema-graph\">{\"@context\":\"https:\/\/schema.org\",\"@graph\":[{\"@type\":\"WebPage\",\"@id\":\"https:\/\/hungaroonline.hu\/\",\"url\":\"https:\/\/hungaroonline.hu\/\",\"name\":\"HungaroOnline.hu - HungaroOnline\",\"isPartOf\":{\"@id\":\"https:\/\/hungaroonline.hu\/#website\"},\"primaryImageOfPage\":{\"@id\":\"https:\/\/hungaroonline.hu\/#primaryimage\"},\"image\":{\"@id\":\"https:\/\/hungaroonline.hu\/#primaryimage\"},\"thumbnailUrl\":\"https:\/\/hungaroonline.hu\/wp-content\/uploads\/2023\/03\/HungaroOnline.hu-2.jpg\",\"datePublished\":\"2022-01-12T10:39:00+00:00\",\"dateModified\":\"2026-01-08T07:08:47+00:00\",\"description\":\"AZ\u00c9RT MERT MAGYAR! Kutyah\u00e1zak, P\u00e1link\u00e1s eperfa hord\u00f3k, Ak\u00e1cfa vir\u00e1gd\u00e9zs\u00e1k, K\u00e9zzel k\u00e9sz\u00fclt zsebk\u00e9sek, Vad\u00e1szt\u0151r\u00f6k, Cicah\u00e1z, Raklapp\u00e1rna, Gerenda kerti b\u00fator, Gerenda \u00e1gy\",\"breadcrumb\":{\"@id\":\"https:\/\/hungaroonline.hu\/#breadcrumb\"},\"inLanguage\":\"hr\",\"potentialAction\":[{\"@type\":\"ReadAction\",\"target\":[\"https:\/\/hungaroonline.hu\/\"]}]},{\"@type\":\"ImageObject\",\"inLanguage\":\"hr\",\"@id\":\"https:\/\/hungaroonline.hu\/#primaryimage\",\"url\":\"https:\/\/hungaroonline.hu\/wp-content\/uploads\/2023\/03\/HungaroOnline.hu-2.jpg\",\"contentUrl\":\"https:\/\/hungaroonline.hu\/wp-content\/uploads\/2023\/03\/HungaroOnline.hu-2.jpg\",\"width\":610,\"height\":610},{\"@type\":\"BreadcrumbList\",\"@id\":\"https:\/\/hungaroonline.hu\/#breadcrumb\",\"itemListElement\":[{\"@type\":\"ListItem\",\"position\":1,\"name\":\"Home\",\"item\":\"https:\/\/hungaroonline.hu\/\"},{\"@type\":\"ListItem\",\"position\":2,\"name\":\"HungaroOnline.hu\"}]},{\"@type\":\"WebSite\",\"@id\":\"https:\/\/hungaroonline.hu\/#website\",\"url\":\"https:\/\/hungaroonline.hu\/\",\"name\":\"HungaroOnline\",\"description\":\"Kutyah\u00e1z - Hord\u00f3 - Raklap b\u00fator - Raklapp\u00e1rna Gy\u00e1rt\u00e1sa\",\"publisher\":{\"@id\":\"https:\/\/hungaroonline.hu\/#organization\"},\"potentialAction\":[{\"@type\":\"SearchAction\",\"target\":{\"@type\":\"EntryPoint\",\"urlTemplate\":\"https:\/\/hungaroonline.hu\/?s={search_term_string}\"},\"query-input\":{\"@type\":\"PropertyValueSpecification\",\"valueRequired\":true,\"valueName\":\"search_term_string\"}}],\"inLanguage\":\"hr\"},{\"@type\":\"Organization\",\"@id\":\"https:\/\/hungaroonline.hu\/#organization\",\"name\":\"HungaroOnline\",\"url\":\"https:\/\/hungaroonline.hu\/\",\"logo\":{\"@type\":\"ImageObject\",\"inLanguage\":\"hr\",\"@id\":\"https:\/\/hungaroonline.hu\/#\/schema\/logo\/image\/\",\"url\":\"https:\/\/hungaroonline.hu\/wp-content\/uploads\/2023\/01\/hungaroonline-footer-logo-color-a.png\",\"contentUrl\":\"https:\/\/hungaroonline.hu\/wp-content\/uploads\/2023\/01\/hungaroonline-footer-logo-color-a.png\",\"width\":970,\"height\":86,\"caption\":\"HungaroOnline\"},\"image\":{\"@id\":\"https:\/\/hungaroonline.hu\/#\/schema\/logo\/image\/\"},\"sameAs\":[\"https:\/\/www.facebook.com\/hungaroonline\"]}]}<\/script>\n<!-- \/ Yoast SEO plugin. -->","yoast_head_json":{"title":"HungaroOnline.hu - HungaroOnline","description":"AZ\u00c9RT MERT MAGYAR! Kutyah\u00e1zak, P\u00e1link\u00e1s eperfa hord\u00f3k, Ak\u00e1cfa vir\u00e1gd\u00e9zs\u00e1k, K\u00e9zzel k\u00e9sz\u00fclt zsebk\u00e9sek, Vad\u00e1szt\u0151r\u00f6k, Cicah\u00e1z, Raklapp\u00e1rna, Gerenda kerti b\u00fator, Gerenda \u00e1gy","robots":{"index":"index","follow":"follow","max-snippet":"max-snippet:-1","max-image-preview":"max-image-preview:large","max-video-preview":"max-video-preview:-1"},"canonical":"https:\/\/hungaroonline.hu\/hr\/","og_locale":"hr_HR","og_type":"article","og_title":"HungaroOnline.hu - HungaroOnline","og_description":"AZ\u00c9RT MERT MAGYAR! Kutyah\u00e1zak, P\u00e1link\u00e1s eperfa hord\u00f3k, Ak\u00e1cfa vir\u00e1gd\u00e9zs\u00e1k, K\u00e9zzel k\u00e9sz\u00fclt zsebk\u00e9sek, Vad\u00e1szt\u0151r\u00f6k, Cicah\u00e1z, Raklapp\u00e1rna, Gerenda kerti b\u00fator, Gerenda \u00e1gy","og_url":"https:\/\/hungaroonline.hu\/hr\/","og_site_name":"HungaroOnline","article_publisher":"https:\/\/www.facebook.com\/hungaroonline","article_modified_time":"2026-01-08T07:08:47+00:00","og_image":[{"width":610,"height":610,"url":"https:\/\/hungaroonline.hu\/wp-content\/uploads\/2023\/03\/HungaroOnline.hu-2.jpg","type":"image\/jpeg"}],"twitter_card":"summary_large_image","twitter_misc":{"Procijenjeno vrijeme \u010ditanja":"2 minute"},"schema":{"@context":"https:\/\/schema.org","@graph":[{"@type":"WebPage","@id":"https:\/\/hungaroonline.hu\/","url":"https:\/\/hungaroonline.hu\/","name":"HungaroOnline.hu - HungaroOnline","isPartOf":{"@id":"https:\/\/hungaroonline.hu\/#website"},"primaryImageOfPage":{"@id":"https:\/\/hungaroonline.hu\/#primaryimage"},"image":{"@id":"https:\/\/hungaroonline.hu\/#primaryimage"},"thumbnailUrl":"https:\/\/hungaroonline.hu\/wp-content\/uploads\/2023\/03\/HungaroOnline.hu-2.jpg","datePublished":"2022-01-12T10:39:00+00:00","dateModified":"2026-01-08T07:08:47+00:00","description":"AZ\u00c9RT MERT MAGYAR! Kutyah\u00e1zak, P\u00e1link\u00e1s eperfa hord\u00f3k, Ak\u00e1cfa vir\u00e1gd\u00e9zs\u00e1k, K\u00e9zzel k\u00e9sz\u00fclt zsebk\u00e9sek, Vad\u00e1szt\u0151r\u00f6k, Cicah\u00e1z, Raklapp\u00e1rna, Gerenda kerti b\u00fator, Gerenda \u00e1gy","breadcrumb":{"@id":"https:\/\/hungaroonline.hu\/#breadcrumb"},"inLanguage":"hr","potentialAction":[{"@type":"ReadAction","target":["https:\/\/hungaroonline.hu\/"]}]},{"@type":"ImageObject","inLanguage":"hr","@id":"https:\/\/hungaroonline.hu\/#primaryimage","url":"https:\/\/hungaroonline.hu\/wp-content\/uploads\/2023\/03\/HungaroOnline.hu-2.jpg","contentUrl":"https:\/\/hungaroonline.hu\/wp-content\/uploads\/2023\/03\/HungaroOnline.hu-2.jpg","width":610,"height":610},{"@type":"BreadcrumbList","@id":"https:\/\/hungaroonline.hu\/#breadcrumb","itemListElement":[{"@type":"ListItem","position":1,"name":"Home","item":"https:\/\/hungaroonline.hu\/"},{"@type":"ListItem","position":2,"name":"HungaroOnline.hu"}]},{"@type":"WebSite","@id":"https:\/\/hungaroonline.hu\/#website","url":"https:\/\/hungaroonline.hu\/","name":"HungaroOnline","description":"Ku\u0107ica za pse - Ba\u010dva - Namje\u0161taj od paleta - Proizvodnja jastuka od paleta","publisher":{"@id":"https:\/\/hungaroonline.hu\/#organization"},"potentialAction":[{"@type":"SearchAction","target":{"@type":"EntryPoint","urlTemplate":"https:\/\/hungaroonline.hu\/?s={search_term_string}"},"query-input":{"@type":"PropertyValueSpecification","valueRequired":true,"valueName":"search_term_string"}}],"inLanguage":"hr"},{"@type":"Organization","@id":"https:\/\/hungaroonline.hu\/#organization","name":"HungaroOnline","url":"https:\/\/hungaroonline.hu\/","logo":{"@type":"ImageObject","inLanguage":"hr","@id":"https:\/\/hungaroonline.hu\/#\/schema\/logo\/image\/","url":"https:\/\/hungaroonline.hu\/wp-content\/uploads\/2023\/01\/hungaroonline-footer-logo-color-a.png","contentUrl":"https:\/\/hungaroonline.hu\/wp-content\/uploads\/2023\/01\/hungaroonline-footer-logo-color-a.png","width":970,"height":86,"caption":"HungaroOnline"},"image":{"@id":"https:\/\/hungaroonline.hu\/#\/schema\/logo\/image\/"},"sameAs":["https:\/\/www.facebook.com\/hungaroonline"]}]}},"_links":{"self":[{"href":"https:\/\/hungaroonline.hu\/hr\/wp-json\/wp\/v2\/pages\/600","targetHints":{"allow":["GET"]}}],"collection":[{"href":"https:\/\/hungaroonline.hu\/hr\/wp-json\/wp\/v2\/pages"}],"about":[{"href":"https:\/\/hungaroonline.hu\/hr\/wp-json\/wp\/v2\/types\/page"}],"author":[{"embeddable":true,"href":"https:\/\/hungaroonline.hu\/hr\/wp-json\/wp\/v2\/users\/1"}],"replies":[{"embeddable":true,"href":"https:\/\/hungaroonline.hu\/hr\/wp-json\/wp\/v2\/comments?post=600"}],"version-history":[{"count":317,"href":"https:\/\/hungaroonline.hu\/hr\/wp-json\/wp\/v2\/pages\/600\/revisions"}],"predecessor-version":[{"id":7618,"href":"https:\/\/hungaroonline.hu\/hr\/wp-json\/wp\/v2\/pages\/600\/revisions\/7618"}],"wp:featuredmedia":[{"embeddable":true,"href":"https:\/\/hungaroonline.hu\/hr\/wp-json\/wp\/v2\/media\/4726"}],"wp:attachment":[{"href":"https:\/\/hungaroonline.hu\/hr\/wp-json\/wp\/v2\/media?parent=600"}],"curies":[{"name":"wp","href":"https:\/\/api.w.org\/{rel}","templated":true}]}}