{"id":309,"date":"2019-06-12T12:06:21","date_gmt":"2019-06-12T12:06:21","guid":{"rendered":"https:\/\/hungaroonline.hempa.hu\/?page_id=309"},"modified":"2025-01-29T17:55:32","modified_gmt":"2025-01-29T16:55:32","slug":"aszf","status":"publish","type":"page","link":"https:\/\/hungaroonline.hu\/hr\/aszf\/","title":{"rendered":"GTC"},"content":{"rendered":"<p><a href=\"https:\/\/hungaroonline.hu\/wp-content\/uploads\/2020\/11\/HUNGAROONLINE-ASZF-f.pdf\">Op\u0107i uvjeti poslovanja<\/a><\/p>\n\n\n\n<p><\/p>\n\n\n\n<p><strong><u>VA\u017dNO!!!&nbsp;<\/u><\/strong>Ukoliko vi\u0161e nije aktualan ili ste se predomislili, javite nam se unaprijed na ovaj broj telefona&nbsp;<strong>+36706361980<\/strong>&nbsp;opsesija&nbsp;<a href=\"mailto:hungaroonlinekft@gmail.com\" target=\"_blank\" rel=\"noreferrer noopener\">hungaroonlinekft@gmail.com<\/a>&nbsp;na email adresu!<\/p>\n\n\n\n<p><strong><u>OBVEZA PLA\u0106ANJA<\/u><\/strong>\u00a0Tako\u0111er se primjenjuje ako kurirska slu\u017eba (kod MPL-a)\u00a0\u00a0<strong><u>ODBIJATE PRIJEM PAKETA!!!\u00a0<\/u><\/strong>\u00a0U svakom slu\u010daju to mo\u017eete u\u010diniti na ovim kontaktima\u00a0<strong>+36706361980\u00a0\u00a0<\/strong>opsesija\u00a0\u00a0<a href=\"mailto:hungaroonlinekft@gmail.com\" target=\"_blank\" rel=\"noreferrer noopener\">hungaroonlinekft@gmail.com<\/a>\u00a0 na email adresu\u00a0\u00a0<strong><u>MORA<\/u><\/strong>\u00a0 javite nam!<\/p>\n\n\n\n<p>Ako nas ne obavijestite o svojoj namjeri otkazivanja&nbsp;<strong><u>MORA<\/u><\/strong>&nbsp;nadoknaditi tro\u0161kove dostave&nbsp;<strong><u>Vlada 45\/2014. (II. 26.) Uredba Vlade na temelju zakona o ugovorima izme\u0111u potro\u0161a\u010da i poduzetnika!!!<\/u><\/strong> <\/p>\n\n\n\n<p><strong>\u00c1FSZ je prihvatio i primio na znanje ugovor<\/strong> <strong>obaveza!!!<\/strong><\/p>\n\n\n\n<p><\/p>\n\n\n\n<p><\/p>\n\n\n\n<p><\/p>\n\n\n\n<p><strong>Proizvod nije mogu\u0107e preuzeti niti osobno preuzeti!<\/strong><\/p>\n\n\n\n<p><\/p>\n\n\n\n<p>1. Proizvo\u0111a\u010d je jedini vlasnik proizvoda.&nbsp;<\/p>\n\n\n\n<p>2. Ku\u0107icu za psa koju kupac ve\u0107 ima <strong>sastavljen<\/strong> nismo u mogu\u0107nosti zamijeniti ili vratiti cijenu!&nbsp;<\/p>\n\n\n\n<p>3. Nije prikladno za va\u0161eg psa <strong>veli\u010dina ku\u0107ice za pse<\/strong> i <strong>Termo zavjesa<\/strong> narud\u017ebe, nismo u mogu\u0107nosti zamijeniti niti vratiti cijenu ku\u0107ice za pse, dimenzije ku\u0107ice za pse <strong>su navedeni!<\/strong> Pa\u017eljivo pro\u010ditajte i <strong>razmislite o dimenzijama!&nbsp;<\/strong><\/p>\n\n\n\n<p>4. Proizvo\u0111a\u010d jam\u010di da \u0107e slu\u017eiti distributeru, s maksimalnim proizvodnim kapacitetom i uskla\u0111eno\u0161\u0107u s odgovaraju\u0107im zahtjevima kvalitete.&nbsp;<\/p>\n\n\n\n<p>5. A&nbsp;<a href=\"https:\/\/hungaroonline.hu\/hr\/\" target=\"_blank\" rel=\"noreferrer noopener\">hungaroonline.hu<\/a>&nbsp;Proizvodi koji se prodaju na stranici proizvode ugovoreni proizvo\u0111a\u010di!&nbsp;<\/p>\n\n\n\n<p>6. Za svaki proizvod koji se prodaje na hungaroonline.hu, proizvo\u0111a\u010d je odgovoran za odgovaraju\u0107u kvalitetu, pakiranje i dostavu proizvoda.&nbsp;<\/p>\n\n\n\n<p>7. Hungaroonline.hu, B.HungaroOnline Kft ispostavlja kupcu ra\u010dun za svaki naru\u010deni proizvod iz online trgovine na hungaroonline.hu!&nbsp;<\/p>\n\n\n\n<p>8. Cijena proizvoda u web trgovini ne uklju\u010duje <strong>PDV<\/strong>! <strong>AAM cijene!<\/strong><\/p>\n\n\n\n<p>9. Proizvo\u0111a\u010d se obvezuje naru\u010deni proizvod na dan narud\u017ebe, a najkasnije u roku od 5-12 radnih dana sigurno zapakirati i predati kurirskoj slu\u017ebi.&nbsp;<br>10. Proizvo\u0111a\u010d preuzima odgovornost za bilo kakva o\u0161te\u0107enja ili lomove nastale nepravilnim pakiranjem!&nbsp;<\/p>\n\n\n\n<p>11. Cijena dostave odre\u0111ena je te\u017einom i veli\u010dinom proizvoda!&nbsp;<\/p>\n\n\n\n<p>12. PROIZVO\u0110A\u010c PREUZIMA JAMSTVO ZA SVAKI PROBLEM VEZAN S KVALITETOM BILO KOG PROIZVODA VEZANOG S KVALITETOM!&nbsp;<\/p>\n\n\n\n<p>13. Svaka narud\u017eba iz online trgovine Hungaroonline.hu bez posebnog obrazlo\u017eenja <strong>mo\u017eete ga izbrisati!<\/strong><\/p>\n\n\n\n<p>14. <strong>Jamstvo<\/strong><em>: 1 godina.<\/em><\/p>\n\n\n\n<p>15. <strong>U tom slu\u010daju ne mo\u017eete koristiti Jamstvo:<\/strong><\/p>\n\n\n\n<p><em>-nepo\u0161tivanje uputa za uporabu i rukovanje!<\/em><\/p>\n\n\n\n<p><em>- nepravilno skladi\u0161tenje, nepravilno rukovanje, o\u0161te\u0107enje, \u017evakanje!<\/em><strong><em><\/em><\/strong><\/p>\n\n\n\n<p><strong><em>&#8211;<\/em><\/strong><em>elementarne \u0161tete, uzrokovane elementarnom nepogodom!<\/em><\/p>\n\n\n\n<p><em>-bez povr\u0161inske obrade najmanje 2x!<\/em><\/p>\n\n\n\n<p><em>- neispravna monta\u017ea!<\/em><\/p>\n\n\n\n<p><em>-nepravilan odabir veli\u010dine!<\/em><\/p>\n\n\n\n<p><strong>Nakon kupnje, AFSZ je prihvatio i primio na znanje uvjete i odredbe vezane uz jamstvo<em>!<\/em><\/strong><\/p>\n\n\n\n<p><strong><em>Burj\u00e1nHungary Kft<\/em><\/strong><\/p>\n\n\n\n<p>Registarski broj: <strong>06-09-027651<\/strong><\/p>\n\n\n\n<p>Sjedi\u0161te: 6914 Pitvaros Mez\u0151hegyesi \u00fat 22.<\/p>\n\n\n\n<p>Po\u0161tanska adresa: 6914 Pitvaros Mez\u0151hegyesi \u00fat 22.<\/p>\n\n\n\n<p>Web stranica:&nbsp;<a href=\"http:\/\/www.hungaroonlin.hu\/\" target=\"_blank\" rel=\"noreferrer noopener\">www.hungaroonlin.hu<\/a><\/p>\n\n\n\n<p>Porezni broj: <strong>27731464-1-06.<\/strong><\/p>\n\n\n\n<p>Javni porezni broj: <strong>HU27731464.<\/strong><\/p>\n\n\n\n<p>Telefon: +36706361980<\/p>\n\n\n\n<p>E-mail:&nbsp;<a href=\"mailto:hungaroonlinekft@gmail.com\" target=\"_blank\" rel=\"noreferrer noopener\">hungaroonlinekft@gmail.com<\/a><\/p>\n\n\n\n<p><br>K&amp;H Bank zrt. <strong>HU50 10402829-50526954-78511008<\/strong><\/p>\n\n\n\n<p><\/p>\n\n\n\n<p>16. <em><strong>Vrtni namje\u0161taj mo\u017eemo isporu\u010diti u cijeloj zemlji s isporukom na EUR paletama, zbog prevelike veli\u010dine i te\u017eine, cijena dostave iznosi 25.000 HUF!<\/strong><\/em><\/p>\n\n\n\n<p><em><strong>Na jednoj EUR paleti mo\u017eemo isporu\u010diti cca 6-7 komada montiranog vrtnog namje\u0161taja!<\/strong><\/em><\/p>\n\n\n\n<p>17. <strong>Pravne osobe ne mogu ostvariti pravo na odustanak od 14 dana prema \u010dl.45\/2014. (II. 26.) Na temelju odredaba vladine uredbe Gra\u0111anski zakonik. 8:1. Prema \u00a7 3., potro\u0161a\u010d je fizi\u010dka osoba koja djeluje izvan okvira svoje profesije, samostalnog zanimanja ili poslovne djelatnosti, tj. pravne osobe i tvrtke nemaju pravo na odustanak.<\/strong><\/p>\n\n\n\n<p><strong>Na\u010din rje\u0161avanja prigovora od strane poduzetnika: Odbija se<\/strong><\/p>\n\n\n\n<p><strong>Pravne osobe ne mogu ostvariti pravo na odustanak od 14 dana prema \u010dl.45\/2014. (II. 26.) Sukladno odredbama Uredbe Vlade.<\/strong>&nbsp;&nbsp;<br><br><strong>Gra\u0111anski zakonik 8:1. Prema \u00a7 3., potro\u0161a\u010d je fizi\u010dka osoba koja djeluje izvan okvira svoje profesije, samostalnog zanimanja ili poslovne djelatnosti, tj. pravne osobe i tvrtke nemaju pravo na odustanak.<\/strong><\/p>\n\n\n\n<p><a href=\"https:\/\/hungaroonline.hempa.hu\/wp-content\/uploads\/2022\/09\/HUNGAROONLINE-ASZF-f-5.pdf\"><strong>POTPUNI OPIS \u00c1FSZ-a OVDJE<\/strong><\/a>:<\/p>\n\n\n\n<p><\/p>\n\n\n\n<p><strong><a href=\"https:\/\/hungaroonline.hu\/wp-content\/uploads\/2023\/10\/MK14030.pdf\">45\/2014. (II. 26.) Govt. Uredba o ugovorima izme\u0111u potro\u0161a\u010da i poduzetnika ovdje:<\/a><\/strong><\/p>\n\n\n\n<p><\/p>\n\n\n\n<p><\/p>\n\n\n\n<figure class=\"wp-block-gallery has-nested-images columns-default is-cropped wp-block-gallery-1 is-layout-flex wp-block-gallery-is-layout-flex\"><\/figure>\n\n\n\n<p><\/p>\n\n\n\n<p><\/p>\n\n\n\n<p><strong>ONLINE PLA\u0106ANJE BANKOVNOM KARTICOM \u00c1FSZ-OFSZ<\/strong>:<\/p>\n\n\n\n<p><strong>Sef:<\/strong>&nbsp;mo\u017eete to\u010dno provjeriti od koga kupujete i va\u0161 se novac mo\u017ee pratiti: mo\u017eete zatra\u017eiti SMS od svoje banke s obavijesti o transakcijama, a tako\u0111er mo\u017eete provjeriti svoju potro\u0161nju na bankovnom izvodu.<\/p>\n\n\n\n<p><strong>Besplatno pla\u0107anje:<\/strong>&nbsp;nema posebne naknade za online pla\u0107anje bankovnom karticom.<\/p>\n\n\n\n<p><strong>Besplatni povrati:<\/strong>&nbsp;Bez obzira koji na\u010din pla\u0107anja odaberete, proizvode koje prodaje Hungaroonline.hu mo\u017eete besplatno vratiti 30 dana bez razloga<sup>*<\/sup>, naravno i u slu\u010daju online pla\u0107anja bankovnom karticom (a kupoprodajna cijena \u0107e biti vra\u0107ena na proizvode unutar 14 dana od njihovog dolaska na skladi\u0161te!<\/p>\n\n\n\n<ul class=\"wp-block-list\">\n<li>Sa\u010duvajte svoju karticu kako pri sljede\u0107em online pla\u0107anju ne biste morali ponovno unositi sve podatke.<\/li>\n\n\n\n<li>Odaberite neki od na\u010dina pla\u0107anja i kliknite na gumb &quot;Naru\u010di&quot;. Pla\u0107anje \u0107e se izvr\u0161iti automatski.<\/li>\n<\/ul>\n\n\n\n<p>Vrste bankovnih kartica koje se prihva\u0107aju za online pla\u0107anje su: VISA (Classic i Electron), Maestro i Mastercard. Ako ovo nema kod CVV2\/CVC2, tada se odgovaraju\u0107e polje mora ispuniti fiktivnim vrijednostima.<\/p>\n\n\n\n<p>Va\u017eno je znati da se za narud\u017ebu ne napla\u0107uje transakcijska naknada! Hungaroonline.hu jam\u010di sigurnost pla\u0107anja!<\/p>\n\n\n\n<p>Ako va\u0161a bankovna kartica nije bazirana na HUF, iznos \u0107e biti odbijen prema dnevnom te\u010daju va\u0161e banke!<\/p>\n\n\n\n<p><\/p>\n\n\n\n<p><\/p>\n\n\n\n<div data-wp-interactive=\"core\/file\" class=\"wp-block-file\"><object data-wp-bind--hidden=\"!state.hasPdfPreview\" hidden class=\"wp-block-file__embed\" data=\"https:\/\/hungaroonline.hu\/wp-content\/uploads\/2024\/12\/OFSZ-ASZF_Elektronikus-hatalyos-20240401.pdf-BANKARTYAS-FIZETES.pdf\" type=\"application\/pdf\" style=\"width:100%;height:630px\" aria-label=\"Ugra\u0111eno OFSZ-ASZF_Elektronikus-hatalyos-20240401.pdf BANK\u00c1RTY\u00c1S FIZET\u00c9S.\"><\/object><a id=\"wp-block-file--media-4b5fd68a-3212-4151-a176-d65e2f9f9880\" href=\"https:\/\/hungaroonline.hu\/wp-content\/uploads\/2024\/12\/OFSZ-ASZF_Elektronikus-hatalyos-20240401.pdf-BANKARTYAS-FIZETES.pdf\">OFSZ-ASZF_Elektronikus-tathalyos-20240401.pdf PLA\u0106ANJE BANKOVNOM KARTICOM<\/a><a href=\"https:\/\/hungaroonline.hu\/wp-content\/uploads\/2024\/12\/OFSZ-ASZF_Elektronikus-hatalyos-20240401.pdf-BANKARTYAS-FIZETES.pdf\" class=\"wp-block-file__button wp-element-button\" download aria-describedby=\"wp-block-file--media-4b5fd68a-3212-4151-a176-d65e2f9f9880\">preuzimanje<\/a><\/div>","protected":false},"excerpt":{"rendered":"<p>\u00c1ltal\u00e1nos Szerz\u0151d\u00e9si Felt\u00e9telek FONTOS!!!&nbsp;Ha m\u00e1r nem aktu\u00e1lis vagy meggondolta mag\u00e1t azt k\u00e9rem el\u0151re jelezni fel\u00e9nk ezen a telefonsz\u00e1mon&nbsp;+36706361980&nbsp;vagy&nbsp;hungaroonlinekft@gmail.com&nbsp;email c\u00edmen! FIZET\u00c9SI K\u00d6TELEZETTS\u00c9G\u00a0Hat\u00e1lya al\u00e1 esik akkor is ha a fut\u00e1rszolg\u00e1latn\u00e1l az (MPL-n\u00e9l)\u00a0\u00a0TAGADJA\u00a0 MEG\u00a0 A CSOMAG\u00c1TV\u00c9TELT!!!\u00a0\u00a0Ezt minden esetben ezeken az el\u00e9rhet\u0151s\u00e9geken\u00a0+36706361980\u00a0\u00a0vagy\u00a0\u00a0hungaroonlinekft@gmail.com\u00a0 email c\u00edmen\u00a0\u00a0K\u00d6TELES\u00a0 jelezni fel\u00e9nk! Ha nem jelzi fel\u00e9nk az el\u00e1ll\u00e1si sz\u00e1nd\u00e9k\u00e1t&nbsp;K\u00d6TELES&nbsp;megt\u00e9r\u00edteni a sz\u00e1ll\u00edt\u00e1si k\u00f6lts\u00e9get&nbsp;A Korm\u00e1ny 45\/2014. (II. [&hellip;]<\/p>","protected":false},"author":1,"featured_media":0,"parent":0,"menu_order":0,"comment_status":"closed","ping_status":"closed","template":"","meta":{"footnotes":""},"class_list":["post-309","page","type-page","status-publish","hentry"],"yoast_head":"<!-- This site is optimized with the Yoast SEO plugin v26.6 - https:\/\/yoast.com\/wordpress\/plugins\/seo\/ -->\n<title>\u00c1SZF - HungaroOnline<\/title>\n<meta name=\"robots\" content=\"index, follow, max-snippet:-1, max-image-preview:large, max-video-preview:-1\" \/>\n<link rel=\"canonical\" href=\"https:\/\/hungaroonline.hu\/hr\/aszf\/\" \/>\n<meta property=\"og:locale\" content=\"hr_HR\" \/>\n<meta property=\"og:type\" content=\"article\" \/>\n<meta property=\"og:title\" content=\"\u00c1SZF - HungaroOnline\" \/>\n<meta property=\"og:description\" content=\"\u00c1ltal\u00e1nos Szerz\u0151d\u00e9si Felt\u00e9telek FONTOS!!!&nbsp;Ha m\u00e1r nem aktu\u00e1lis vagy meggondolta mag\u00e1t azt k\u00e9rem el\u0151re jelezni fel\u00e9nk ezen a telefonsz\u00e1mon&nbsp;+36706361980&nbsp;vagy&nbsp;hungaroonlinekft@gmail.com&nbsp;email c\u00edmen! FIZET\u00c9SI K\u00d6TELEZETTS\u00c9G\u00a0Hat\u00e1lya al\u00e1 esik akkor is ha a fut\u00e1rszolg\u00e1latn\u00e1l az (MPL-n\u00e9l)\u00a0\u00a0TAGADJA\u00a0 MEG\u00a0 A CSOMAG\u00c1TV\u00c9TELT!!!\u00a0\u00a0Ezt minden esetben ezeken az el\u00e9rhet\u0151s\u00e9geken\u00a0+36706361980\u00a0\u00a0vagy\u00a0\u00a0hungaroonlinekft@gmail.com\u00a0 email c\u00edmen\u00a0\u00a0K\u00d6TELES\u00a0 jelezni fel\u00e9nk! Ha nem jelzi fel\u00e9nk az el\u00e1ll\u00e1si sz\u00e1nd\u00e9k\u00e1t&nbsp;K\u00d6TELES&nbsp;megt\u00e9r\u00edteni a sz\u00e1ll\u00edt\u00e1si k\u00f6lts\u00e9get&nbsp;A Korm\u00e1ny 45\/2014. (II. [&hellip;]\" \/>\n<meta property=\"og:url\" content=\"https:\/\/hungaroonline.hu\/hr\/aszf\/\" \/>\n<meta property=\"og:site_name\" content=\"HungaroOnline\" \/>\n<meta property=\"article:publisher\" content=\"https:\/\/www.facebook.com\/hungaroonline\" \/>\n<meta property=\"article:modified_time\" content=\"2025-01-29T16:55:32+00:00\" \/>\n<meta name=\"twitter:card\" content=\"summary_large_image\" \/>\n<meta name=\"twitter:label1\" content=\"Procijenjeno vrijeme \u010ditanja\" \/>\n\t<meta name=\"twitter:data1\" content=\"4 minute\" \/>\n<script type=\"application\/ld+json\" class=\"yoast-schema-graph\">{\"@context\":\"https:\/\/schema.org\",\"@graph\":[{\"@type\":\"WebPage\",\"@id\":\"https:\/\/hungaroonline.hu\/aszf\/\",\"url\":\"https:\/\/hungaroonline.hu\/aszf\/\",\"name\":\"\u00c1SZF - HungaroOnline\",\"isPartOf\":{\"@id\":\"https:\/\/hungaroonline.hu\/#website\"},\"datePublished\":\"2019-06-12T12:06:21+00:00\",\"dateModified\":\"2025-01-29T16:55:32+00:00\",\"breadcrumb\":{\"@id\":\"https:\/\/hungaroonline.hu\/aszf\/#breadcrumb\"},\"inLanguage\":\"hr\",\"potentialAction\":[{\"@type\":\"ReadAction\",\"target\":[\"https:\/\/hungaroonline.hu\/aszf\/\"]}]},{\"@type\":\"BreadcrumbList\",\"@id\":\"https:\/\/hungaroonline.hu\/aszf\/#breadcrumb\",\"itemListElement\":[{\"@type\":\"ListItem\",\"position\":1,\"name\":\"Home\",\"item\":\"https:\/\/hungaroonline.hu\/\"},{\"@type\":\"ListItem\",\"position\":2,\"name\":\"\u00c1SZF\"}]},{\"@type\":\"WebSite\",\"@id\":\"https:\/\/hungaroonline.hu\/#website\",\"url\":\"https:\/\/hungaroonline.hu\/\",\"name\":\"HungaroOnline\",\"description\":\"Kutyah\u00e1z - Hord\u00f3 - Raklap b\u00fator - Raklapp\u00e1rna Gy\u00e1rt\u00e1sa\",\"publisher\":{\"@id\":\"https:\/\/hungaroonline.hu\/#organization\"},\"potentialAction\":[{\"@type\":\"SearchAction\",\"target\":{\"@type\":\"EntryPoint\",\"urlTemplate\":\"https:\/\/hungaroonline.hu\/?s={search_term_string}\"},\"query-input\":{\"@type\":\"PropertyValueSpecification\",\"valueRequired\":true,\"valueName\":\"search_term_string\"}}],\"inLanguage\":\"hr\"},{\"@type\":\"Organization\",\"@id\":\"https:\/\/hungaroonline.hu\/#organization\",\"name\":\"HungaroOnline\",\"url\":\"https:\/\/hungaroonline.hu\/\",\"logo\":{\"@type\":\"ImageObject\",\"inLanguage\":\"hr\",\"@id\":\"https:\/\/hungaroonline.hu\/#\/schema\/logo\/image\/\",\"url\":\"https:\/\/hungaroonline.hu\/wp-content\/uploads\/2023\/01\/hungaroonline-footer-logo-color-a.png\",\"contentUrl\":\"https:\/\/hungaroonline.hu\/wp-content\/uploads\/2023\/01\/hungaroonline-footer-logo-color-a.png\",\"width\":970,\"height\":86,\"caption\":\"HungaroOnline\"},\"image\":{\"@id\":\"https:\/\/hungaroonline.hu\/#\/schema\/logo\/image\/\"},\"sameAs\":[\"https:\/\/www.facebook.com\/hungaroonline\"]}]}<\/script>\n<!-- \/ Yoast SEO plugin. -->","yoast_head_json":{"title":"\u00c1SZF - HungaroOnline","robots":{"index":"index","follow":"follow","max-snippet":"max-snippet:-1","max-image-preview":"max-image-preview:large","max-video-preview":"max-video-preview:-1"},"canonical":"https:\/\/hungaroonline.hu\/hr\/aszf\/","og_locale":"hr_HR","og_type":"article","og_title":"\u00c1SZF - HungaroOnline","og_description":"\u00c1ltal\u00e1nos Szerz\u0151d\u00e9si Felt\u00e9telek FONTOS!!!&nbsp;Ha m\u00e1r nem aktu\u00e1lis vagy meggondolta mag\u00e1t azt k\u00e9rem el\u0151re jelezni fel\u00e9nk ezen a telefonsz\u00e1mon&nbsp;+36706361980&nbsp;vagy&nbsp;hungaroonlinekft@gmail.com&nbsp;email c\u00edmen! FIZET\u00c9SI K\u00d6TELEZETTS\u00c9G\u00a0Hat\u00e1lya al\u00e1 esik akkor is ha a fut\u00e1rszolg\u00e1latn\u00e1l az (MPL-n\u00e9l)\u00a0\u00a0TAGADJA\u00a0 MEG\u00a0 A CSOMAG\u00c1TV\u00c9TELT!!!\u00a0\u00a0Ezt minden esetben ezeken az el\u00e9rhet\u0151s\u00e9geken\u00a0+36706361980\u00a0\u00a0vagy\u00a0\u00a0hungaroonlinekft@gmail.com\u00a0 email c\u00edmen\u00a0\u00a0K\u00d6TELES\u00a0 jelezni fel\u00e9nk! Ha nem jelzi fel\u00e9nk az el\u00e1ll\u00e1si sz\u00e1nd\u00e9k\u00e1t&nbsp;K\u00d6TELES&nbsp;megt\u00e9r\u00edteni a sz\u00e1ll\u00edt\u00e1si k\u00f6lts\u00e9get&nbsp;A Korm\u00e1ny 45\/2014. (II. [&hellip;]","og_url":"https:\/\/hungaroonline.hu\/hr\/aszf\/","og_site_name":"HungaroOnline","article_publisher":"https:\/\/www.facebook.com\/hungaroonline","article_modified_time":"2025-01-29T16:55:32+00:00","twitter_card":"summary_large_image","twitter_misc":{"Procijenjeno vrijeme \u010ditanja":"4 minute"},"schema":{"@context":"https:\/\/schema.org","@graph":[{"@type":"WebPage","@id":"https:\/\/hungaroonline.hu\/aszf\/","url":"https:\/\/hungaroonline.hu\/aszf\/","name":"\u00c1SZF - HungaroOnline","isPartOf":{"@id":"https:\/\/hungaroonline.hu\/#website"},"datePublished":"2019-06-12T12:06:21+00:00","dateModified":"2025-01-29T16:55:32+00:00","breadcrumb":{"@id":"https:\/\/hungaroonline.hu\/aszf\/#breadcrumb"},"inLanguage":"hr","potentialAction":[{"@type":"ReadAction","target":["https:\/\/hungaroonline.hu\/aszf\/"]}]},{"@type":"BreadcrumbList","@id":"https:\/\/hungaroonline.hu\/aszf\/#breadcrumb","itemListElement":[{"@type":"ListItem","position":1,"name":"Home","item":"https:\/\/hungaroonline.hu\/"},{"@type":"ListItem","position":2,"name":"\u00c1SZF"}]},{"@type":"WebSite","@id":"https:\/\/hungaroonline.hu\/#website","url":"https:\/\/hungaroonline.hu\/","name":"HungaroOnline","description":"Ku\u0107ica za pse - Ba\u010dva - Namje\u0161taj od paleta - Proizvodnja jastuka od paleta","publisher":{"@id":"https:\/\/hungaroonline.hu\/#organization"},"potentialAction":[{"@type":"SearchAction","target":{"@type":"EntryPoint","urlTemplate":"https:\/\/hungaroonline.hu\/?s={search_term_string}"},"query-input":{"@type":"PropertyValueSpecification","valueRequired":true,"valueName":"search_term_string"}}],"inLanguage":"hr"},{"@type":"Organization","@id":"https:\/\/hungaroonline.hu\/#organization","name":"HungaroOnline","url":"https:\/\/hungaroonline.hu\/","logo":{"@type":"ImageObject","inLanguage":"hr","@id":"https:\/\/hungaroonline.hu\/#\/schema\/logo\/image\/","url":"https:\/\/hungaroonline.hu\/wp-content\/uploads\/2023\/01\/hungaroonline-footer-logo-color-a.png","contentUrl":"https:\/\/hungaroonline.hu\/wp-content\/uploads\/2023\/01\/hungaroonline-footer-logo-color-a.png","width":970,"height":86,"caption":"HungaroOnline"},"image":{"@id":"https:\/\/hungaroonline.hu\/#\/schema\/logo\/image\/"},"sameAs":["https:\/\/www.facebook.com\/hungaroonline"]}]}},"_links":{"self":[{"href":"https:\/\/hungaroonline.hu\/hr\/wp-json\/wp\/v2\/pages\/309","targetHints":{"allow":["GET"]}}],"collection":[{"href":"https:\/\/hungaroonline.hu\/hr\/wp-json\/wp\/v2\/pages"}],"about":[{"href":"https:\/\/hungaroonline.hu\/hr\/wp-json\/wp\/v2\/types\/page"}],"author":[{"embeddable":true,"href":"https:\/\/hungaroonline.hu\/hr\/wp-json\/wp\/v2\/users\/1"}],"replies":[{"embeddable":true,"href":"https:\/\/hungaroonline.hu\/hr\/wp-json\/wp\/v2\/comments?post=309"}],"version-history":[{"count":18,"href":"https:\/\/hungaroonline.hu\/hr\/wp-json\/wp\/v2\/pages\/309\/revisions"}],"predecessor-version":[{"id":6726,"href":"https:\/\/hungaroonline.hu\/hr\/wp-json\/wp\/v2\/pages\/309\/revisions\/6726"}],"wp:attachment":[{"href":"https:\/\/hungaroonline.hu\/hr\/wp-json\/wp\/v2\/media?parent=309"}],"curies":[{"name":"wp","href":"https:\/\/api.w.org\/{rel}","templated":true}]}}