{"id":278,"date":"2019-05-30T10:20:33","date_gmt":"2019-05-30T10:20:33","guid":{"rendered":"https:\/\/hungaroonline.hempa.hu\/?page_id=278"},"modified":"2023-10-23T11:05:01","modified_gmt":"2023-10-23T09:05:01","slug":"szallitasi-es-fizetesi-informaciok","status":"publish","type":"page","link":"https:\/\/hungaroonline.hu\/hr\/szallitasi-es-fizetesi-informaciok\/","title":{"rendered":"Informacije o otpremi i pla\u0107anju"},"content":{"rendered":"<div data-elementor-type=\"wp-page\" data-elementor-id=\"278\" class=\"elementor elementor-278\" data-elementor-post-type=\"page\">\n\t\t\t\t<div class=\"elementor-element elementor-element-bbb1795 e-flex e-con-boxed e-con e-parent\" data-id=\"bbb1795\" data-element_type=\"container\">\n\t\t\t\t\t<div class=\"e-con-inner\">\n\t\t<div class=\"elementor-element elementor-element-9ca283e e-con-full e-flex e-con e-child\" data-id=\"9ca283e\" data-element_type=\"container\">\n\t\t\t\t<div class=\"elementor-element elementor-element-5ef312f elementor-widget elementor-widget-text-editor\" data-id=\"5ef312f\" data-element_type=\"widget\" data-widget_type=\"text-editor.default\">\n\t\t\t\t<div class=\"elementor-widget-container\">\n\t\t\t\t\t\t\t\t\t<p><\/p>\n<h2 class=\"wp-block-heading\">Prijevoz<\/h2>\n<p><\/p>\n<p><\/p>\n<p><\/p>\n<p><\/p>\n<p><\/p>\n<p>Naru\u010dene pakete dostavljamo kurirskom slu\u017ebom MPL.<\/p>\n<p>O\u010dekivano vrijeme isporuke: 3-6 radnih dana.<\/p>\n<p><em>Zbog veli\u010dine i te\u017eine ku\u0107ice za pse, tro\u0161ak dostave iznosi 4000 HUF do 27 kg.<\/em><\/p>\n<p><em>5000 HUF za 27 kg.<\/em><\/p>\n<p><\/p>\n<p>Dostava se vr\u0161i radnim danom od 9 do 17 sati.<\/p>\n<p>O po\u010detku isporuke obavijestit \u0107emo vas e-mail porukom.<\/p>\n<p><\/p>\n<p><\/p>\n<p>Tro\u0161ak dostave odre\u0111uje se na temelju zemlje odredi\u0161ta i te\u017eine paketa, koja se mo\u017ee izra\u010dunati nakon slanja narud\u017ebe.<\/p>\n<p>Tro\u0161ak dostave prikazan je kao posebna stavka na ra\u010dunu.<br>Reklamacije na sadr\u017eaj paketa mo\u017eemo prihvatiti samo ako je \u010dinjenica nedostatka ili o\u0161te\u0107enja evidentirana na tovarnom listu u prisustvu kurira.<\/p>\n<p><\/p>\n<p><\/p>\n<p><\/p>\n<h2 class=\"wp-block-heading\">Izravni bankovni prijenos<\/h2>\n<p><\/p>\n<p><\/p>\n<p><\/p>\n<p>Pla\u0107anjem izravnom bankovnom doznakom mo\u017eete udobno i sigurno kupovati u na\u0161oj trgovini!<\/p>\n<p><\/p>\n<p>Nakon narud\u017ebe odabrane robe, sve \u0161to na\u0161i kupci trebaju napraviti je kliknuti na natpis &quot;pla\u0107anje direktnom virmanom&quot; prilikom odabira na\u010dina pla\u0107anja, nakon \u010dega \u0107e na e-mail dobiti Zahtjevatelja naknade i svi potrebni podaci na raspolaganju za pla\u0107anje to\u010dnog iznosa kupnje!<\/p>\n<p>Zahtjev za cijenu uklju\u010duje sljede\u0107e podatke:<\/p>\n<p>-Ime vlasnika ra\u010duna:&nbsp;<\/p>\n<p>-Porezni broj:&nbsp;<\/p>\n<p>- Serijski broj podnositelja nagrade:<\/p>\n<p>-Broj narud\u017ebe:<br>-Datum zavr\u0161etka:&nbsp;<br>- Datum izlo\u017ebe:<\/p>\n<p>-Rok pla\u0107anja:<\/p>\n<p>- Ukupni iznos<\/p>\n<p>- Naziv banke:&nbsp;<\/p>\n<p>-Broj ra\u010duna:<\/p>\n<p>- Napomena (kopirajte ID narud\u017ebe)<\/p>\n<p><\/p>\n<p><\/p>\t\t\t\t\t\t\t\t<\/div>\n\t\t\t\t<\/div>\n\t\t\t\t<\/div>\n\t\t\t\t\t<\/div>\n\t\t\t\t<\/div>\n\t\t\t\t<\/div>","protected":false},"excerpt":{"rendered":"<p>Dostava Naru\u010dene pakete dostavljamo kurirskom slu\u017ebom MPL. O\u010dekivano vrijeme isporuke: 3-6 radnih dana. S obzirom na veli\u010dinu i te\u017einu ku\u0107ice za pse, cijena dostave iznosi 4.000 HUF do 5.000 HUF za preko 27 kg. O po\u010detku isporuke obavijestit \u0107emo vas e-mail porukom. Tro\u0161ak dostave odre\u0111uje se na temelju zemlje odredi\u0161ta i te\u017eine paketa, [...]<\/p>","protected":false},"author":1,"featured_media":0,"parent":0,"menu_order":0,"comment_status":"closed","ping_status":"closed","template":"elementor_header_footer","meta":{"footnotes":""},"class_list":["post-278","page","type-page","status-publish","hentry"],"yoast_head":"<!-- This site is optimized with the Yoast SEO plugin v26.6 - https:\/\/yoast.com\/wordpress\/plugins\/seo\/ -->\n<title>Sz\u00e1ll\u00edt\u00e1si \u00e9s fizet\u00e9si inform\u00e1ci\u00f3k - HungaroOnline<\/title>\n<meta name=\"robots\" content=\"index, follow, max-snippet:-1, max-image-preview:large, max-video-preview:-1\" \/>\n<link rel=\"canonical\" href=\"https:\/\/hungaroonline.hu\/hr\/szallitasi-es-fizetesi-informaciok\/\" \/>\n<meta property=\"og:locale\" content=\"hr_HR\" \/>\n<meta property=\"og:type\" content=\"article\" \/>\n<meta property=\"og:title\" content=\"Sz\u00e1ll\u00edt\u00e1si \u00e9s fizet\u00e9si inform\u00e1ci\u00f3k - HungaroOnline\" \/>\n<meta property=\"og:description\" content=\"Sz\u00e1ll\u00edt\u00e1s MPL fut\u00e1rszolg\u00e1lattal sz\u00e1ll\u00edtjuk a megrendelt csomagokat. V\u00e1rhat\u00f3 sz\u00e1ll\u00edt\u00e1si id\u0151: 3-6 munkanap. Kutyah\u00e1z m\u00e9rete \u00e9s a s\u00faly\u00e1b\u00f3l&nbsp; ad\u00f3d\u00f3an a sz\u00e1ll\u00edt\u00e1si k\u00f6lts\u00e9g 27 kg-ig 4000 Ft. 27 kg felett 5000 Ft. A kisz\u00e1ll\u00edt\u00e1s munkanapon 9-17 \u00f3ra k\u00f6z\u00f6tt t\u00f6rt\u00e9nik. A kisz\u00e1ll\u00edt\u00e1s megkezd\u00e9s\u00e9r\u0151l e-mail \u00fczenetben t\u00e1j\u00e9koztatjuk. A sz\u00e1ll\u00edt\u00e1si k\u00f6lts\u00e9g a c\u00e9lorsz\u00e1g \u00e9s a csomag s\u00falya alapj\u00e1n ker\u00fcl meg\u00e1llap\u00edt\u00e1sra, [&hellip;]\" \/>\n<meta property=\"og:url\" content=\"https:\/\/hungaroonline.hu\/hr\/szallitasi-es-fizetesi-informaciok\/\" \/>\n<meta property=\"og:site_name\" content=\"HungaroOnline\" \/>\n<meta property=\"article:publisher\" content=\"https:\/\/www.facebook.com\/hungaroonline\" \/>\n<meta property=\"article:modified_time\" content=\"2023-10-23T09:05:01+00:00\" \/>\n<meta name=\"twitter:card\" content=\"summary_large_image\" \/>\n<meta name=\"twitter:label1\" content=\"Procijenjeno vrijeme \u010ditanja\" \/>\n\t<meta name=\"twitter:data1\" content=\"1 minuta\" \/>\n<script type=\"application\/ld+json\" class=\"yoast-schema-graph\">{\"@context\":\"https:\/\/schema.org\",\"@graph\":[{\"@type\":\"WebPage\",\"@id\":\"https:\/\/hungaroonline.hu\/szallitasi-es-fizetesi-informaciok\/\",\"url\":\"https:\/\/hungaroonline.hu\/szallitasi-es-fizetesi-informaciok\/\",\"name\":\"Sz\u00e1ll\u00edt\u00e1si \u00e9s fizet\u00e9si inform\u00e1ci\u00f3k - HungaroOnline\",\"isPartOf\":{\"@id\":\"https:\/\/hungaroonline.hu\/#website\"},\"datePublished\":\"2019-05-30T10:20:33+00:00\",\"dateModified\":\"2023-10-23T09:05:01+00:00\",\"breadcrumb\":{\"@id\":\"https:\/\/hungaroonline.hu\/szallitasi-es-fizetesi-informaciok\/#breadcrumb\"},\"inLanguage\":\"hr\",\"potentialAction\":[{\"@type\":\"ReadAction\",\"target\":[\"https:\/\/hungaroonline.hu\/szallitasi-es-fizetesi-informaciok\/\"]}]},{\"@type\":\"BreadcrumbList\",\"@id\":\"https:\/\/hungaroonline.hu\/szallitasi-es-fizetesi-informaciok\/#breadcrumb\",\"itemListElement\":[{\"@type\":\"ListItem\",\"position\":1,\"name\":\"Home\",\"item\":\"https:\/\/hungaroonline.hu\/\"},{\"@type\":\"ListItem\",\"position\":2,\"name\":\"Sz\u00e1ll\u00edt\u00e1si \u00e9s fizet\u00e9si inform\u00e1ci\u00f3k\"}]},{\"@type\":\"WebSite\",\"@id\":\"https:\/\/hungaroonline.hu\/#website\",\"url\":\"https:\/\/hungaroonline.hu\/\",\"name\":\"HungaroOnline\",\"description\":\"Kutyah\u00e1z - Hord\u00f3 - Raklap b\u00fator - Raklapp\u00e1rna Gy\u00e1rt\u00e1sa\",\"publisher\":{\"@id\":\"https:\/\/hungaroonline.hu\/#organization\"},\"potentialAction\":[{\"@type\":\"SearchAction\",\"target\":{\"@type\":\"EntryPoint\",\"urlTemplate\":\"https:\/\/hungaroonline.hu\/?s={search_term_string}\"},\"query-input\":{\"@type\":\"PropertyValueSpecification\",\"valueRequired\":true,\"valueName\":\"search_term_string\"}}],\"inLanguage\":\"hr\"},{\"@type\":\"Organization\",\"@id\":\"https:\/\/hungaroonline.hu\/#organization\",\"name\":\"HungaroOnline\",\"url\":\"https:\/\/hungaroonline.hu\/\",\"logo\":{\"@type\":\"ImageObject\",\"inLanguage\":\"hr\",\"@id\":\"https:\/\/hungaroonline.hu\/#\/schema\/logo\/image\/\",\"url\":\"https:\/\/hungaroonline.hu\/wp-content\/uploads\/2023\/01\/hungaroonline-footer-logo-color-a.png\",\"contentUrl\":\"https:\/\/hungaroonline.hu\/wp-content\/uploads\/2023\/01\/hungaroonline-footer-logo-color-a.png\",\"width\":970,\"height\":86,\"caption\":\"HungaroOnline\"},\"image\":{\"@id\":\"https:\/\/hungaroonline.hu\/#\/schema\/logo\/image\/\"},\"sameAs\":[\"https:\/\/www.facebook.com\/hungaroonline\"]}]}<\/script>\n<!-- \/ Yoast SEO plugin. -->","yoast_head_json":{"title":"Sz\u00e1ll\u00edt\u00e1si \u00e9s fizet\u00e9si inform\u00e1ci\u00f3k - HungaroOnline","robots":{"index":"index","follow":"follow","max-snippet":"max-snippet:-1","max-image-preview":"max-image-preview:large","max-video-preview":"max-video-preview:-1"},"canonical":"https:\/\/hungaroonline.hu\/hr\/szallitasi-es-fizetesi-informaciok\/","og_locale":"hr_HR","og_type":"article","og_title":"Sz\u00e1ll\u00edt\u00e1si \u00e9s fizet\u00e9si inform\u00e1ci\u00f3k - HungaroOnline","og_description":"Sz\u00e1ll\u00edt\u00e1s MPL fut\u00e1rszolg\u00e1lattal sz\u00e1ll\u00edtjuk a megrendelt csomagokat. V\u00e1rhat\u00f3 sz\u00e1ll\u00edt\u00e1si id\u0151: 3-6 munkanap. Kutyah\u00e1z m\u00e9rete \u00e9s a s\u00faly\u00e1b\u00f3l&nbsp; ad\u00f3d\u00f3an a sz\u00e1ll\u00edt\u00e1si k\u00f6lts\u00e9g 27 kg-ig 4000 Ft. 27 kg felett 5000 Ft. A kisz\u00e1ll\u00edt\u00e1s munkanapon 9-17 \u00f3ra k\u00f6z\u00f6tt t\u00f6rt\u00e9nik. A kisz\u00e1ll\u00edt\u00e1s megkezd\u00e9s\u00e9r\u0151l e-mail \u00fczenetben t\u00e1j\u00e9koztatjuk. A sz\u00e1ll\u00edt\u00e1si k\u00f6lts\u00e9g a c\u00e9lorsz\u00e1g \u00e9s a csomag s\u00falya alapj\u00e1n ker\u00fcl meg\u00e1llap\u00edt\u00e1sra, [&hellip;]","og_url":"https:\/\/hungaroonline.hu\/hr\/szallitasi-es-fizetesi-informaciok\/","og_site_name":"HungaroOnline","article_publisher":"https:\/\/www.facebook.com\/hungaroonline","article_modified_time":"2023-10-23T09:05:01+00:00","twitter_card":"summary_large_image","twitter_misc":{"Procijenjeno vrijeme \u010ditanja":"1 minuta"},"schema":{"@context":"https:\/\/schema.org","@graph":[{"@type":"WebPage","@id":"https:\/\/hungaroonline.hu\/szallitasi-es-fizetesi-informaciok\/","url":"https:\/\/hungaroonline.hu\/szallitasi-es-fizetesi-informaciok\/","name":"Sz\u00e1ll\u00edt\u00e1si \u00e9s fizet\u00e9si inform\u00e1ci\u00f3k - HungaroOnline","isPartOf":{"@id":"https:\/\/hungaroonline.hu\/#website"},"datePublished":"2019-05-30T10:20:33+00:00","dateModified":"2023-10-23T09:05:01+00:00","breadcrumb":{"@id":"https:\/\/hungaroonline.hu\/szallitasi-es-fizetesi-informaciok\/#breadcrumb"},"inLanguage":"hr","potentialAction":[{"@type":"ReadAction","target":["https:\/\/hungaroonline.hu\/szallitasi-es-fizetesi-informaciok\/"]}]},{"@type":"BreadcrumbList","@id":"https:\/\/hungaroonline.hu\/szallitasi-es-fizetesi-informaciok\/#breadcrumb","itemListElement":[{"@type":"ListItem","position":1,"name":"Home","item":"https:\/\/hungaroonline.hu\/"},{"@type":"ListItem","position":2,"name":"Sz\u00e1ll\u00edt\u00e1si \u00e9s fizet\u00e9si inform\u00e1ci\u00f3k"}]},{"@type":"WebSite","@id":"https:\/\/hungaroonline.hu\/#website","url":"https:\/\/hungaroonline.hu\/","name":"HungaroOnline","description":"Ku\u0107ica za pse - Ba\u010dva - Namje\u0161taj od paleta - Proizvodnja jastuka od paleta","publisher":{"@id":"https:\/\/hungaroonline.hu\/#organization"},"potentialAction":[{"@type":"SearchAction","target":{"@type":"EntryPoint","urlTemplate":"https:\/\/hungaroonline.hu\/?s={search_term_string}"},"query-input":{"@type":"PropertyValueSpecification","valueRequired":true,"valueName":"search_term_string"}}],"inLanguage":"hr"},{"@type":"Organization","@id":"https:\/\/hungaroonline.hu\/#organization","name":"HungaroOnline","url":"https:\/\/hungaroonline.hu\/","logo":{"@type":"ImageObject","inLanguage":"hr","@id":"https:\/\/hungaroonline.hu\/#\/schema\/logo\/image\/","url":"https:\/\/hungaroonline.hu\/wp-content\/uploads\/2023\/01\/hungaroonline-footer-logo-color-a.png","contentUrl":"https:\/\/hungaroonline.hu\/wp-content\/uploads\/2023\/01\/hungaroonline-footer-logo-color-a.png","width":970,"height":86,"caption":"HungaroOnline"},"image":{"@id":"https:\/\/hungaroonline.hu\/#\/schema\/logo\/image\/"},"sameAs":["https:\/\/www.facebook.com\/hungaroonline"]}]}},"_links":{"self":[{"href":"https:\/\/hungaroonline.hu\/hr\/wp-json\/wp\/v2\/pages\/278","targetHints":{"allow":["GET"]}}],"collection":[{"href":"https:\/\/hungaroonline.hu\/hr\/wp-json\/wp\/v2\/pages"}],"about":[{"href":"https:\/\/hungaroonline.hu\/hr\/wp-json\/wp\/v2\/types\/page"}],"author":[{"embeddable":true,"href":"https:\/\/hungaroonline.hu\/hr\/wp-json\/wp\/v2\/users\/1"}],"replies":[{"embeddable":true,"href":"https:\/\/hungaroonline.hu\/hr\/wp-json\/wp\/v2\/comments?post=278"}],"version-history":[{"count":12,"href":"https:\/\/hungaroonline.hu\/hr\/wp-json\/wp\/v2\/pages\/278\/revisions"}],"predecessor-version":[{"id":6116,"href":"https:\/\/hungaroonline.hu\/hr\/wp-json\/wp\/v2\/pages\/278\/revisions\/6116"}],"wp:attachment":[{"href":"https:\/\/hungaroonline.hu\/hr\/wp-json\/wp\/v2\/media?parent=278"}],"curies":[{"name":"wp","href":"https:\/\/api.w.org\/{rel}","templated":true}]}}