{"id":14,"date":"2019-05-07T12:44:26","date_gmt":"2019-05-07T10:44:26","guid":{"rendered":"http:\/\/hungaria.fingerprint.hu\/kosar\/"},"modified":"2023-01-24T09:14:12","modified_gmt":"2023-01-24T08:14:12","slug":"kosar","status":"publish","type":"page","link":"https:\/\/hungaroonline.hu\/hr\/kosar\/","title":{"rendered":"Ko\u0161ara"},"content":{"rendered":"<div data-elementor-type=\"wp-page\" data-elementor-id=\"14\" class=\"elementor elementor-14\" data-elementor-post-type=\"page\">\n\t\t\t\t<div class=\"elementor-element elementor-element-2f2b32c e-flex e-con-boxed e-con e-parent\" data-id=\"2f2b32c\" data-element_type=\"container\" data-settings=\"{&quot;background_background&quot;:&quot;classic&quot;}\">\n\t\t\t\t\t<div class=\"e-con-inner\">\n\t\t\t\t\t<\/div>\n\t\t\t\t<\/div>\n\t\t\t\t<\/div>","protected":false},"excerpt":{"rendered":"<p>Elem elt\u00e1vol\u00edt\u00e1sa Thumbnail image Term\u00e9k \u00c1r Mennyis\u00e9g R\u00e9sz\u00f6sszeg &times; P\u00e1link\u00e1s eperfa hord\u00f3 30 literes. 69.000&#70;&#116; P\u00e1link\u00e1s eperfa hord\u00f3 30 literes. mennyis\u00e9g 69.000&#70;&#116; (\u00c1FA-val) Kos\u00e1r \u00f6sszeg R\u00e9sz\u00f6sszeg 69.000&#70;&#116; (\u00c1FA-val) Sz\u00e1ll\u00edt\u00e1s Sz\u00e1ll\u00edt\u00e1s d\u00edj: 3.500&#70;&#116; (\u00c1FA-val) Sz\u00e1ll\u00edt\u00e1s ide: Szeged, Szabadkai \u00fat 9\/A, 6729. C\u00edmv\u00e1ltoztat\u00e1s Country \/ region: V\u00e1lassz egy orsz\u00e1g\/r\u00e9gi\u00f3t&hellip;AusztriaCsehorsz\u00e1gHorv\u00e1torsz\u00e1gLengyelorsz\u00e1gMagyarorsz\u00e1gN\u00e9metorsz\u00e1gRom\u00e1niaSzlov\u00e1kiaSzlov\u00e9nia \u00c1llam \/ Megye: V\u00e1lassz egy opci\u00f3t&hellip;B\u00e1cs-KiskunB\u00e9k\u00e9sBaranyaBorsod-Aba\u00faj-Zempl\u00e9nBudapestCsongr\u00e1d-Csan\u00e1dFej\u00e9rGy\u0151r-Moson-SopronHajd\u00fa-BiharHevesJ\u00e1sz-Nagykun-SzolnokKom\u00e1rom-EsztergomN\u00f3gr\u00e1dPestSomogySzabolcs-Szatm\u00e1r-BeregTolnaVasVeszpr\u00e9mZala City: Postcode [&hellip;]<\/p>","protected":false},"author":1,"featured_media":0,"parent":0,"menu_order":0,"comment_status":"closed","ping_status":"closed","template":"elementor_header_footer","meta":{"footnotes":""},"class_list":["post-14","page","type-page","status-publish","hentry"],"yoast_head":"<!-- This site is optimized with the Yoast SEO plugin v26.6 - https:\/\/yoast.com\/wordpress\/plugins\/seo\/ -->\n<title>Kos\u00e1r - HungaroOnline<\/title>\n<meta name=\"robots\" content=\"noindex, nofollow\" \/>\n<meta property=\"og:locale\" content=\"hr_HR\" \/>\n<meta property=\"og:type\" content=\"article\" \/>\n<meta property=\"og:title\" content=\"Kos\u00e1r - HungaroOnline\" \/>\n<meta property=\"og:description\" content=\"Elem elt\u00e1vol\u00edt\u00e1sa Thumbnail image Term\u00e9k \u00c1r Mennyis\u00e9g R\u00e9sz\u00f6sszeg &times; P\u00e1link\u00e1s eperfa hord\u00f3 30 literes. 69.000&#070;&#116; P\u00e1link\u00e1s eperfa hord\u00f3 30 literes. mennyis\u00e9g 69.000&#070;&#116; (\u00c1FA-val) Kos\u00e1r \u00f6sszeg R\u00e9sz\u00f6sszeg 69.000&#070;&#116; (\u00c1FA-val) Sz\u00e1ll\u00edt\u00e1s Sz\u00e1ll\u00edt\u00e1s d\u00edj: 3.500&#070;&#116; (\u00c1FA-val) Sz\u00e1ll\u00edt\u00e1s ide: Szeged, Szabadkai \u00fat 9\/A, 6729. C\u00edmv\u00e1ltoztat\u00e1s Country \/ region: V\u00e1lassz egy orsz\u00e1g\/r\u00e9gi\u00f3t&hellip;AusztriaCsehorsz\u00e1gHorv\u00e1torsz\u00e1gLengyelorsz\u00e1gMagyarorsz\u00e1gN\u00e9metorsz\u00e1gRom\u00e1niaSzlov\u00e1kiaSzlov\u00e9nia \u00c1llam \/ Megye: V\u00e1lassz egy opci\u00f3t&hellip;B\u00e1cs-KiskunB\u00e9k\u00e9sBaranyaBorsod-Aba\u00faj-Zempl\u00e9nBudapestCsongr\u00e1d-Csan\u00e1dFej\u00e9rGy\u0151r-Moson-SopronHajd\u00fa-BiharHevesJ\u00e1sz-Nagykun-SzolnokKom\u00e1rom-EsztergomN\u00f3gr\u00e1dPestSomogySzabolcs-Szatm\u00e1r-BeregTolnaVasVeszpr\u00e9mZala City: Postcode [&hellip;]\" \/>\n<meta property=\"og:url\" content=\"https:\/\/hungaroonline.hu\/hr\/kosar\/\" \/>\n<meta property=\"og:site_name\" content=\"HungaroOnline\" \/>\n<meta property=\"article:publisher\" content=\"https:\/\/www.facebook.com\/hungaroonline\" \/>\n<meta property=\"article:modified_time\" content=\"2023-01-24T08:14:12+00:00\" \/>\n<meta name=\"twitter:card\" content=\"summary_large_image\" \/>\n<meta name=\"twitter:label1\" content=\"Procijenjeno vrijeme \u010ditanja\" \/>\n\t<meta name=\"twitter:data1\" content=\"1 minuta\" \/>\n<script type=\"application\/ld+json\" class=\"yoast-schema-graph\">{\"@context\":\"https:\/\/schema.org\",\"@graph\":[{\"@type\":\"WebPage\",\"@id\":\"https:\/\/hungaroonline.hu\/en\/kosar\/\",\"url\":\"https:\/\/hungaroonline.hu\/en\/kosar\/\",\"name\":\"Kos\u00e1r - HungaroOnline\",\"isPartOf\":{\"@id\":\"https:\/\/hungaroonline.hu\/#website\"},\"datePublished\":\"2019-05-07T10:44:26+00:00\",\"dateModified\":\"2023-01-24T08:14:12+00:00\",\"breadcrumb\":{\"@id\":\"https:\/\/hungaroonline.hu\/en\/kosar\/#breadcrumb\"},\"inLanguage\":\"hr\",\"potentialAction\":[{\"@type\":\"ReadAction\",\"target\":[\"https:\/\/hungaroonline.hu\/en\/kosar\/\"]}]},{\"@type\":\"BreadcrumbList\",\"@id\":\"https:\/\/hungaroonline.hu\/en\/kosar\/#breadcrumb\",\"itemListElement\":[{\"@type\":\"ListItem\",\"position\":1,\"name\":\"Home\",\"item\":\"https:\/\/hungaroonline.hu\/\"},{\"@type\":\"ListItem\",\"position\":2,\"name\":\"Kos\u00e1r\"}]},{\"@type\":\"WebSite\",\"@id\":\"https:\/\/hungaroonline.hu\/#website\",\"url\":\"https:\/\/hungaroonline.hu\/\",\"name\":\"HungaroOnline\",\"description\":\"Kutyah\u00e1z - Hord\u00f3 - Raklap b\u00fator - Raklapp\u00e1rna Gy\u00e1rt\u00e1sa\",\"publisher\":{\"@id\":\"https:\/\/hungaroonline.hu\/#organization\"},\"potentialAction\":[{\"@type\":\"SearchAction\",\"target\":{\"@type\":\"EntryPoint\",\"urlTemplate\":\"https:\/\/hungaroonline.hu\/?s={search_term_string}\"},\"query-input\":{\"@type\":\"PropertyValueSpecification\",\"valueRequired\":true,\"valueName\":\"search_term_string\"}}],\"inLanguage\":\"hr\"},{\"@type\":\"Organization\",\"@id\":\"https:\/\/hungaroonline.hu\/#organization\",\"name\":\"HungaroOnline\",\"url\":\"https:\/\/hungaroonline.hu\/\",\"logo\":{\"@type\":\"ImageObject\",\"inLanguage\":\"hr\",\"@id\":\"https:\/\/hungaroonline.hu\/#\/schema\/logo\/image\/\",\"url\":\"https:\/\/hungaroonline.hu\/wp-content\/uploads\/2023\/01\/hungaroonline-footer-logo-color-a.png\",\"contentUrl\":\"https:\/\/hungaroonline.hu\/wp-content\/uploads\/2023\/01\/hungaroonline-footer-logo-color-a.png\",\"width\":970,\"height\":86,\"caption\":\"HungaroOnline\"},\"image\":{\"@id\":\"https:\/\/hungaroonline.hu\/#\/schema\/logo\/image\/\"},\"sameAs\":[\"https:\/\/www.facebook.com\/hungaroonline\"]}]}<\/script>\n<!-- \/ Yoast SEO plugin. -->","yoast_head_json":{"title":"Kos\u00e1r - HungaroOnline","robots":{"index":"noindex","follow":"nofollow"},"og_locale":"hr_HR","og_type":"article","og_title":"Kos\u00e1r - HungaroOnline","og_description":"Elem elt\u00e1vol\u00edt\u00e1sa Thumbnail image Term\u00e9k \u00c1r Mennyis\u00e9g R\u00e9sz\u00f6sszeg &times; P\u00e1link\u00e1s eperfa hord\u00f3 30 literes. 69.000&#70;&#116; P\u00e1link\u00e1s eperfa hord\u00f3 30 literes. mennyis\u00e9g 69.000&#70;&#116; (\u00c1FA-val) Kos\u00e1r \u00f6sszeg R\u00e9sz\u00f6sszeg 69.000&#70;&#116; (\u00c1FA-val) Sz\u00e1ll\u00edt\u00e1s Sz\u00e1ll\u00edt\u00e1s d\u00edj: 3.500&#70;&#116; (\u00c1FA-val) Sz\u00e1ll\u00edt\u00e1s ide: Szeged, Szabadkai \u00fat 9\/A, 6729. C\u00edmv\u00e1ltoztat\u00e1s Country \/ region: V\u00e1lassz egy orsz\u00e1g\/r\u00e9gi\u00f3t&hellip;AusztriaCsehorsz\u00e1gHorv\u00e1torsz\u00e1gLengyelorsz\u00e1gMagyarorsz\u00e1gN\u00e9metorsz\u00e1gRom\u00e1niaSzlov\u00e1kiaSzlov\u00e9nia \u00c1llam \/ Megye: V\u00e1lassz egy opci\u00f3t&hellip;B\u00e1cs-KiskunB\u00e9k\u00e9sBaranyaBorsod-Aba\u00faj-Zempl\u00e9nBudapestCsongr\u00e1d-Csan\u00e1dFej\u00e9rGy\u0151r-Moson-SopronHajd\u00fa-BiharHevesJ\u00e1sz-Nagykun-SzolnokKom\u00e1rom-EsztergomN\u00f3gr\u00e1dPestSomogySzabolcs-Szatm\u00e1r-BeregTolnaVasVeszpr\u00e9mZala City: Postcode [&hellip;]","og_url":"https:\/\/hungaroonline.hu\/hr\/kosar\/","og_site_name":"HungaroOnline","article_publisher":"https:\/\/www.facebook.com\/hungaroonline","article_modified_time":"2023-01-24T08:14:12+00:00","twitter_card":"summary_large_image","twitter_misc":{"Procijenjeno vrijeme \u010ditanja":"1 minuta"},"schema":{"@context":"https:\/\/schema.org","@graph":[{"@type":"WebPage","@id":"https:\/\/hungaroonline.hu\/en\/kosar\/","url":"https:\/\/hungaroonline.hu\/en\/kosar\/","name":"Kos\u00e1r - HungaroOnline","isPartOf":{"@id":"https:\/\/hungaroonline.hu\/#website"},"datePublished":"2019-05-07T10:44:26+00:00","dateModified":"2023-01-24T08:14:12+00:00","breadcrumb":{"@id":"https:\/\/hungaroonline.hu\/en\/kosar\/#breadcrumb"},"inLanguage":"hr","potentialAction":[{"@type":"ReadAction","target":["https:\/\/hungaroonline.hu\/en\/kosar\/"]}]},{"@type":"BreadcrumbList","@id":"https:\/\/hungaroonline.hu\/en\/kosar\/#breadcrumb","itemListElement":[{"@type":"ListItem","position":1,"name":"Home","item":"https:\/\/hungaroonline.hu\/"},{"@type":"ListItem","position":2,"name":"Kos\u00e1r"}]},{"@type":"WebSite","@id":"https:\/\/hungaroonline.hu\/#website","url":"https:\/\/hungaroonline.hu\/","name":"HungaroOnline","description":"Ku\u0107ica za pse - Ba\u010dva - Namje\u0161taj od paleta - Proizvodnja jastuka od paleta","publisher":{"@id":"https:\/\/hungaroonline.hu\/#organization"},"potentialAction":[{"@type":"SearchAction","target":{"@type":"EntryPoint","urlTemplate":"https:\/\/hungaroonline.hu\/?s={search_term_string}"},"query-input":{"@type":"PropertyValueSpecification","valueRequired":true,"valueName":"search_term_string"}}],"inLanguage":"hr"},{"@type":"Organization","@id":"https:\/\/hungaroonline.hu\/#organization","name":"HungaroOnline","url":"https:\/\/hungaroonline.hu\/","logo":{"@type":"ImageObject","inLanguage":"hr","@id":"https:\/\/hungaroonline.hu\/#\/schema\/logo\/image\/","url":"https:\/\/hungaroonline.hu\/wp-content\/uploads\/2023\/01\/hungaroonline-footer-logo-color-a.png","contentUrl":"https:\/\/hungaroonline.hu\/wp-content\/uploads\/2023\/01\/hungaroonline-footer-logo-color-a.png","width":970,"height":86,"caption":"HungaroOnline"},"image":{"@id":"https:\/\/hungaroonline.hu\/#\/schema\/logo\/image\/"},"sameAs":["https:\/\/www.facebook.com\/hungaroonline"]}]}},"_links":{"self":[{"href":"https:\/\/hungaroonline.hu\/hr\/wp-json\/wp\/v2\/pages\/14","targetHints":{"allow":["GET"]}}],"collection":[{"href":"https:\/\/hungaroonline.hu\/hr\/wp-json\/wp\/v2\/pages"}],"about":[{"href":"https:\/\/hungaroonline.hu\/hr\/wp-json\/wp\/v2\/types\/page"}],"author":[{"embeddable":true,"href":"https:\/\/hungaroonline.hu\/hr\/wp-json\/wp\/v2\/users\/1"}],"replies":[{"embeddable":true,"href":"https:\/\/hungaroonline.hu\/hr\/wp-json\/wp\/v2\/comments?post=14"}],"version-history":[{"count":0,"href":"https:\/\/hungaroonline.hu\/hr\/wp-json\/wp\/v2\/pages\/14\/revisions"}],"wp:attachment":[{"href":"https:\/\/hungaroonline.hu\/hr\/wp-json\/wp\/v2\/media?parent=14"}],"curies":[{"name":"wp","href":"https:\/\/api.w.org\/{rel}","templated":true}]}}