{"id":2843,"date":"2021-03-08T11:41:38","date_gmt":"2021-03-08T10:41:38","guid":{"rendered":"https:\/\/hungaroonline.hempa.hu\/?post_type=product&#038;p=2843"},"modified":"2025-07-24T10:51:23","modified_gmt":"2025-07-24T08:51:23","slug":"raklap-butor-sarokulo-garnitura-fotel","status":"publish","type":"product","link":"https:\/\/hungaroonline.hu\/en\/product\/raklap-butor-sarokulo-garnitura-fotel\/","title":{"rendered":"Corner armchair"},"content":{"rendered":"<p><img fetchpriority=\"high\" decoding=\"async\" class=\"size-medium wp-image-7188 aligncenter\" src=\"https:\/\/hungaroonline.hu\/wp-content\/uploads\/2024\/02\/raklap-butor-uj-1-5-300x300.jpg\" alt=\"Raklap b\u00fator\" width=\"300\" height=\"300\" srcset=\"https:\/\/hungaroonline.hu\/wp-content\/uploads\/2024\/02\/raklap-butor-uj-1-5-300x300.jpg 300w, https:\/\/hungaroonline.hu\/wp-content\/uploads\/2024\/02\/raklap-butor-uj-1-5-12x12.jpg 12w, https:\/\/hungaroonline.hu\/wp-content\/uploads\/2024\/02\/raklap-butor-uj-1-5-100x100.jpg 100w, https:\/\/hungaroonline.hu\/wp-content\/uploads\/2024\/02\/raklap-butor-uj-1-5.jpg 600w\" sizes=\"(max-width: 300px) 100vw, 300px\" \/><\/p>\n<p>&nbsp;<\/p>\n<p>&nbsp;<\/p>\n<p style=\"text-align: center;\"><strong>We have been producing high-quality pallet furniture in our carpentry workshop for 15 years!<\/strong><\/p>\n<p>&nbsp;<\/p>\n<p>&nbsp;<\/p>\n<p>&nbsp;<\/p>\n<p><strong>\u00a0 \u00a0 \u00a0 \u00a0Why choose our furniture?<\/strong><\/p>\n<ul>\n<li>Ergonomically designed pallet furniture!<\/li>\n<li>Thanks to its solid wooden frame, it is very durable!<\/li>\n<li>Pallet furniture is timeless and very durable!<\/li>\n<li>Requires little maintenance!<\/li>\n<li>We don&#039;t knead it from a pallet, so <strong>much <\/strong><strong>more massive!<\/strong><\/li>\n<li>Its design is completely designed for outdoor use!<\/li>\n<li>We provide a 1 year warranty!<\/li>\n<\/ul>\n<p>&nbsp;<\/p>\n<p>&nbsp;<\/p>\n<p>&nbsp;<\/p>\n<p>Above a certain number of pieces, our furniture is delivered flat-packed, meaning it arrives to you unassembled. Since it is bulky, this delivery method is the most cost-effective option!<\/p>\n<p>&nbsp;<\/p>\n<p>&nbsp;<\/p>\n<p><strong> Easy to assemble!<\/strong><\/p>\n<p>- We add assembly instructions.<\/p>\n<p>- The elements are shown with an assembly drawing.<\/p>\n<p>- It&#039;s pre-drilled.<\/p>\n<p>- Can be mounted with one size screw!<\/p>\n<p>&nbsp;<\/p>\n<p>&nbsp;<\/p>\n<p><em><strong>Please note that wood is a natural material, so imperfections may occur on it!<\/strong><\/em><\/p>\n<p>&nbsp;<\/p>\n<p>&nbsp;<\/p>\n<p><strong>General features:<\/strong><\/p>\n<p>Warranty: 1 year.<\/p>\n<p>Number of pieces: 1.<\/p>\n<p>Color: Natural - Not painted!<\/p>\n<p>Material: 1.8 cm thick poplar wood.<\/p>\n<p>Seat: 60 cm wide x 60 cm high.<br \/>\nBackrest: 60 cm wide x 26 cm high.<\/p>\n<p>Floor area: 72 cm wide, 84 cm long, 65 cm high.<\/p>\n<p>Weight: 40 kg.<\/p>\n<p>Delivery time: 5-8 working days!<\/p>\n<p>&nbsp;<\/p>\n<p><strong>Shipping details:<\/strong><\/p>\n<p>National deliveries are delivered on pallets with the TLS courier service, a <strong>oversize<\/strong> and the <strong>from its weight<\/strong> therefore the shipping cost: <strong>32000 HUF.<\/strong><\/p>\n<p><em><strong>Why is the shipping cost so high?<\/strong><\/em><\/p>\n<ul>\n<li>1 EURO pallet occupies a floor area of 120\u00d780 cm!<\/li>\n<li>The height of the product is between 150-220 cm!<\/li>\n<li>Weight over 100 kg!<\/li>\n<\/ul>\n<p>&nbsp;<\/p>\n<p><span style=\"color: #3366ff;\"><strong><a style=\"color: #3366ff;\" href=\"https:\/\/hungaroonline.hu\/en\/product\/sarokulo-fotel-raklapparna-60x60x14\/\">To order the matching pallet furniture cushion, click here:<\/a><\/strong><\/span><\/p>\n<p>&nbsp;<\/p>\n<p>&nbsp;<\/p>\n<p><a href=\"https:\/\/hungaroonline.hu\/en\/raklap-butor\/?v=baba78b405b0\"><strong><span style=\"color: #0000ff;\">MORE PICTURES HERE:<\/span><\/strong><\/a><\/p>\n<div class=\"pad-top-sm\"><\/div>\n<div class=\"disclaimer-section\"><\/div>\n<p>&nbsp;<\/p>\n<p>&nbsp;<\/p>\n<p>&nbsp;<\/p>","protected":false},"excerpt":{"rendered":"<p>&nbsp; &nbsp; We have been producing high-quality pallet furniture in our carpentry workshop for 15 years! Why choose our furniture? Ergonomically designed pallet furniture! Thanks to its solid wooden frame, it is very durable! Pallet furniture is durable and very durable! It requires little maintenance! We do not knead it from pallets, so it is much more solid! Its design is completely designed for outdoor use! 1 [\u2026]<\/p>","protected":false},"featured_media":2785,"comment_status":"closed","ping_status":"closed","template":"","meta":[],"product_brand":[],"product_cat":[100],"product_tag":[],"class_list":{"0":"post-2843","1":"product","2":"type-product","3":"status-publish","4":"has-post-thumbnail","6":"product_cat-raklap-butor","7":"product_shipping_class-raklap-butor-20-000-ft","9":"first","10":"instock","11":"purchasable","12":"product-type-simple"},"yoast_head":"<!-- This site is optimized with the Yoast SEO plugin v26.6 - https:\/\/yoast.com\/wordpress\/plugins\/seo\/ -->\n<title>Sarok\u00fcl\u0151 fotel - HungaroOnline<\/title>\n<meta name=\"description\" content=\"1 \u00c9V GARANCI\u00c1VAL! ASZTALOSOK\u00a0\u00c1LTAL ELK\u00c9SZ\u00cdTETT TERM\u00c9K! Kerti raklap b\u00fatorunk ide\u00e1lis v\u00e1laszt\u00e1s pihen\u00e9sre \u00e9s kellemes id\u0151t\u00f6lt\u00e9sre csal\u00e1dj\u00e1val vagy bar\u00e1taival. A raklap b\u00fator id\u0151t\u00e1ll\u00f3 kialak\u00edt\u00e1s\u00e1nak k\u00f6sz\u00f6nhet\u0151en a fa rusztikus b\u00e1jt k\u00f6lcs\u00f6n\u00f6z terasz\u00e1nak, kertj\u00e9nek! A kerti garnit\u00fara tart\u00f3s, id\u0151j\u00e1r\u00e1s\u00e1ll\u00f3 \u00e9s k\u00f6rnyezetbar\u00e1t! Ez a garnit\u00fara szil\u00e1rd szerkezet\u0171 \u00e9s kev\u00e9s karbantart\u00e1st ig\u00e9nyel!\" \/>\n<meta name=\"robots\" content=\"index, follow, max-snippet:-1, max-image-preview:large, max-video-preview:-1\" \/>\n<link rel=\"canonical\" href=\"https:\/\/hungaroonline.hu\/en\/product\/raklap-butor-sarokulo-garnitura-fotel\/\" \/>\n<meta property=\"og:locale\" content=\"en_US\" \/>\n<meta property=\"og:type\" content=\"article\" \/>\n<meta property=\"og:title\" content=\"Raklap b\u00fator\" \/>\n<meta property=\"og:description\" content=\"Massz\u00edv raklap b\u00fator garanci\u00e1val\" \/>\n<meta property=\"og:url\" content=\"https:\/\/hungaroonline.hu\/en\/product\/raklap-butor-sarokulo-garnitura-fotel\/\" \/>\n<meta property=\"og:site_name\" content=\"HungaroOnline\" \/>\n<meta property=\"article:publisher\" content=\"https:\/\/www.facebook.com\/hungaroonline\" \/>\n<meta property=\"article:modified_time\" content=\"2025-07-24T08:51:23+00:00\" \/>\n<meta property=\"og:image\" content=\"https:\/\/hungaroonline.hu\/wp-content\/uploads\/2021\/03\/raklap-butor-4-4.jpg\" \/>\n\t<meta property=\"og:image:width\" content=\"1200\" \/>\n\t<meta property=\"og:image:height\" content=\"1200\" \/>\n\t<meta property=\"og:image:type\" content=\"image\/jpeg\" \/>\n<meta name=\"twitter:card\" content=\"summary_large_image\" \/>\n<meta name=\"twitter:label1\" content=\"Est. reading time\" \/>\n\t<meta name=\"twitter:data1\" content=\"2 minutes\" \/>\n<script type=\"application\/ld+json\" class=\"yoast-schema-graph\">{\"@context\":\"https:\/\/schema.org\",\"@graph\":[{\"@type\":\"WebPage\",\"@id\":\"https:\/\/hungaroonline.hu\/termek\/raklap-butor-sarokulo-garnitura-fotel\/\",\"url\":\"https:\/\/hungaroonline.hu\/termek\/raklap-butor-sarokulo-garnitura-fotel\/\",\"name\":\"Sarok\u00fcl\u0151 fotel - HungaroOnline\",\"isPartOf\":{\"@id\":\"https:\/\/hungaroonline.hu\/#website\"},\"primaryImageOfPage\":{\"@id\":\"https:\/\/hungaroonline.hu\/termek\/raklap-butor-sarokulo-garnitura-fotel\/#primaryimage\"},\"image\":{\"@id\":\"https:\/\/hungaroonline.hu\/termek\/raklap-butor-sarokulo-garnitura-fotel\/#primaryimage\"},\"thumbnailUrl\":\"https:\/\/hungaroonline.hu\/wp-content\/uploads\/2021\/03\/raklap-butor-16.-scaled.jpg\",\"datePublished\":\"2021-03-08T10:41:38+00:00\",\"dateModified\":\"2025-07-24T08:51:23+00:00\",\"description\":\"1 \u00c9V GARANCI\u00c1VAL! ASZTALOSOK\u00a0\u00c1LTAL ELK\u00c9SZ\u00cdTETT TERM\u00c9K! Kerti raklap b\u00fatorunk ide\u00e1lis v\u00e1laszt\u00e1s pihen\u00e9sre \u00e9s kellemes id\u0151t\u00f6lt\u00e9sre csal\u00e1dj\u00e1val vagy bar\u00e1taival. A raklap b\u00fator id\u0151t\u00e1ll\u00f3 kialak\u00edt\u00e1s\u00e1nak k\u00f6sz\u00f6nhet\u0151en a fa rusztikus b\u00e1jt k\u00f6lcs\u00f6n\u00f6z terasz\u00e1nak, kertj\u00e9nek! A kerti garnit\u00fara tart\u00f3s, id\u0151j\u00e1r\u00e1s\u00e1ll\u00f3 \u00e9s k\u00f6rnyezetbar\u00e1t! Ez a garnit\u00fara szil\u00e1rd szerkezet\u0171 \u00e9s kev\u00e9s karbantart\u00e1st ig\u00e9nyel!\",\"breadcrumb\":{\"@id\":\"https:\/\/hungaroonline.hu\/termek\/raklap-butor-sarokulo-garnitura-fotel\/#breadcrumb\"},\"inLanguage\":\"en-US\",\"potentialAction\":[{\"@type\":\"ReadAction\",\"target\":[\"https:\/\/hungaroonline.hu\/termek\/raklap-butor-sarokulo-garnitura-fotel\/\"]}]},{\"@type\":\"ImageObject\",\"inLanguage\":\"en-US\",\"@id\":\"https:\/\/hungaroonline.hu\/termek\/raklap-butor-sarokulo-garnitura-fotel\/#primaryimage\",\"url\":\"https:\/\/hungaroonline.hu\/wp-content\/uploads\/2021\/03\/raklap-butor-16.-scaled.jpg\",\"contentUrl\":\"https:\/\/hungaroonline.hu\/wp-content\/uploads\/2021\/03\/raklap-butor-16.-scaled.jpg\",\"width\":2560,\"height\":2560},{\"@type\":\"BreadcrumbList\",\"@id\":\"https:\/\/hungaroonline.hu\/termek\/raklap-butor-sarokulo-garnitura-fotel\/#breadcrumb\",\"itemListElement\":[{\"@type\":\"ListItem\",\"position\":1,\"name\":\"Home\",\"item\":\"https:\/\/hungaroonline.hu\/\"},{\"@type\":\"ListItem\",\"position\":2,\"name\":\"\u00dczlet\",\"item\":\"https:\/\/hungaroonline.hu\/uzlet\/\"},{\"@type\":\"ListItem\",\"position\":3,\"name\":\"Sarok\u00fcl\u0151 fotel\"}]},{\"@type\":\"WebSite\",\"@id\":\"https:\/\/hungaroonline.hu\/#website\",\"url\":\"https:\/\/hungaroonline.hu\/\",\"name\":\"HungaroOnline\",\"description\":\"Kutyah\u00e1z - Hord\u00f3 - Raklap b\u00fator - Raklapp\u00e1rna Gy\u00e1rt\u00e1sa\",\"publisher\":{\"@id\":\"https:\/\/hungaroonline.hu\/#organization\"},\"potentialAction\":[{\"@type\":\"SearchAction\",\"target\":{\"@type\":\"EntryPoint\",\"urlTemplate\":\"https:\/\/hungaroonline.hu\/?s={search_term_string}\"},\"query-input\":{\"@type\":\"PropertyValueSpecification\",\"valueRequired\":true,\"valueName\":\"search_term_string\"}}],\"inLanguage\":\"en-US\"},{\"@type\":\"Organization\",\"@id\":\"https:\/\/hungaroonline.hu\/#organization\",\"name\":\"HungaroOnline\",\"url\":\"https:\/\/hungaroonline.hu\/\",\"logo\":{\"@type\":\"ImageObject\",\"inLanguage\":\"en-US\",\"@id\":\"https:\/\/hungaroonline.hu\/#\/schema\/logo\/image\/\",\"url\":\"https:\/\/hungaroonline.hu\/wp-content\/uploads\/2023\/01\/hungaroonline-footer-logo-color-a.png\",\"contentUrl\":\"https:\/\/hungaroonline.hu\/wp-content\/uploads\/2023\/01\/hungaroonline-footer-logo-color-a.png\",\"width\":970,\"height\":86,\"caption\":\"HungaroOnline\"},\"image\":{\"@id\":\"https:\/\/hungaroonline.hu\/#\/schema\/logo\/image\/\"},\"sameAs\":[\"https:\/\/www.facebook.com\/hungaroonline\"]}]}<\/script>\n<!-- \/ Yoast SEO plugin. -->","yoast_head_json":{"title":"Sarok\u00fcl\u0151 fotel - HungaroOnline","description":"1 \u00c9V GARANCI\u00c1VAL! ASZTALOSOK\u00a0\u00c1LTAL ELK\u00c9SZ\u00cdTETT TERM\u00c9K! Kerti raklap b\u00fatorunk ide\u00e1lis v\u00e1laszt\u00e1s pihen\u00e9sre \u00e9s kellemes id\u0151t\u00f6lt\u00e9sre csal\u00e1dj\u00e1val vagy bar\u00e1taival. A raklap b\u00fator id\u0151t\u00e1ll\u00f3 kialak\u00edt\u00e1s\u00e1nak k\u00f6sz\u00f6nhet\u0151en a fa rusztikus b\u00e1jt k\u00f6lcs\u00f6n\u00f6z terasz\u00e1nak, kertj\u00e9nek! A kerti garnit\u00fara tart\u00f3s, id\u0151j\u00e1r\u00e1s\u00e1ll\u00f3 \u00e9s k\u00f6rnyezetbar\u00e1t! Ez a garnit\u00fara szil\u00e1rd szerkezet\u0171 \u00e9s kev\u00e9s karbantart\u00e1st ig\u00e9nyel!","robots":{"index":"index","follow":"follow","max-snippet":"max-snippet:-1","max-image-preview":"max-image-preview:large","max-video-preview":"max-video-preview:-1"},"canonical":"https:\/\/hungaroonline.hu\/en\/product\/raklap-butor-sarokulo-garnitura-fotel\/","og_locale":"en_US","og_type":"article","og_title":"Raklap b\u00fator","og_description":"Massz\u00edv raklap b\u00fator garanci\u00e1val","og_url":"https:\/\/hungaroonline.hu\/en\/product\/raklap-butor-sarokulo-garnitura-fotel\/","og_site_name":"HungaroOnline","article_publisher":"https:\/\/www.facebook.com\/hungaroonline","article_modified_time":"2025-07-24T08:51:23+00:00","og_image":[{"width":1200,"height":1200,"url":"https:\/\/hungaroonline.hu\/wp-content\/uploads\/2021\/03\/raklap-butor-4-4.jpg","type":"image\/jpeg"}],"twitter_card":"summary_large_image","twitter_misc":{"Est. reading time":"2 minutes"},"schema":{"@context":"https:\/\/schema.org","@graph":[{"@type":"WebPage","@id":"https:\/\/hungaroonline.hu\/termek\/raklap-butor-sarokulo-garnitura-fotel\/","url":"https:\/\/hungaroonline.hu\/termek\/raklap-butor-sarokulo-garnitura-fotel\/","name":"Sarok\u00fcl\u0151 fotel - HungaroOnline","isPartOf":{"@id":"https:\/\/hungaroonline.hu\/#website"},"primaryImageOfPage":{"@id":"https:\/\/hungaroonline.hu\/termek\/raklap-butor-sarokulo-garnitura-fotel\/#primaryimage"},"image":{"@id":"https:\/\/hungaroonline.hu\/termek\/raklap-butor-sarokulo-garnitura-fotel\/#primaryimage"},"thumbnailUrl":"https:\/\/hungaroonline.hu\/wp-content\/uploads\/2021\/03\/raklap-butor-16.-scaled.jpg","datePublished":"2021-03-08T10:41:38+00:00","dateModified":"2025-07-24T08:51:23+00:00","description":"1 \u00c9V GARANCI\u00c1VAL! ASZTALOSOK\u00a0\u00c1LTAL ELK\u00c9SZ\u00cdTETT TERM\u00c9K! Kerti raklap b\u00fatorunk ide\u00e1lis v\u00e1laszt\u00e1s pihen\u00e9sre \u00e9s kellemes id\u0151t\u00f6lt\u00e9sre csal\u00e1dj\u00e1val vagy bar\u00e1taival. A raklap b\u00fator id\u0151t\u00e1ll\u00f3 kialak\u00edt\u00e1s\u00e1nak k\u00f6sz\u00f6nhet\u0151en a fa rusztikus b\u00e1jt k\u00f6lcs\u00f6n\u00f6z terasz\u00e1nak, kertj\u00e9nek! A kerti garnit\u00fara tart\u00f3s, id\u0151j\u00e1r\u00e1s\u00e1ll\u00f3 \u00e9s k\u00f6rnyezetbar\u00e1t! Ez a garnit\u00fara szil\u00e1rd szerkezet\u0171 \u00e9s kev\u00e9s karbantart\u00e1st ig\u00e9nyel!","breadcrumb":{"@id":"https:\/\/hungaroonline.hu\/termek\/raklap-butor-sarokulo-garnitura-fotel\/#breadcrumb"},"inLanguage":"en-US","potentialAction":[{"@type":"ReadAction","target":["https:\/\/hungaroonline.hu\/termek\/raklap-butor-sarokulo-garnitura-fotel\/"]}]},{"@type":"ImageObject","inLanguage":"en-US","@id":"https:\/\/hungaroonline.hu\/termek\/raklap-butor-sarokulo-garnitura-fotel\/#primaryimage","url":"https:\/\/hungaroonline.hu\/wp-content\/uploads\/2021\/03\/raklap-butor-16.-scaled.jpg","contentUrl":"https:\/\/hungaroonline.hu\/wp-content\/uploads\/2021\/03\/raklap-butor-16.-scaled.jpg","width":2560,"height":2560},{"@type":"BreadcrumbList","@id":"https:\/\/hungaroonline.hu\/termek\/raklap-butor-sarokulo-garnitura-fotel\/#breadcrumb","itemListElement":[{"@type":"ListItem","position":1,"name":"Home","item":"https:\/\/hungaroonline.hu\/"},{"@type":"ListItem","position":2,"name":"\u00dczlet","item":"https:\/\/hungaroonline.hu\/uzlet\/"},{"@type":"ListItem","position":3,"name":"Sarok\u00fcl\u0151 fotel"}]},{"@type":"WebSite","@id":"https:\/\/hungaroonline.hu\/#website","url":"https:\/\/hungaroonline.hu\/","name":"HungaroOnline","description":"Dog House - Barrel - Pallet Furniture - Pallet Cushion Production","publisher":{"@id":"https:\/\/hungaroonline.hu\/#organization"},"potentialAction":[{"@type":"SearchAction","target":{"@type":"EntryPoint","urlTemplate":"https:\/\/hungaroonline.hu\/?s={search_term_string}"},"query-input":{"@type":"PropertyValueSpecification","valueRequired":true,"valueName":"search_term_string"}}],"inLanguage":"en-US"},{"@type":"Organization","@id":"https:\/\/hungaroonline.hu\/#organization","name":"HungaroOnline","url":"https:\/\/hungaroonline.hu\/","logo":{"@type":"ImageObject","inLanguage":"en-US","@id":"https:\/\/hungaroonline.hu\/#\/schema\/logo\/image\/","url":"https:\/\/hungaroonline.hu\/wp-content\/uploads\/2023\/01\/hungaroonline-footer-logo-color-a.png","contentUrl":"https:\/\/hungaroonline.hu\/wp-content\/uploads\/2023\/01\/hungaroonline-footer-logo-color-a.png","width":970,"height":86,"caption":"HungaroOnline"},"image":{"@id":"https:\/\/hungaroonline.hu\/#\/schema\/logo\/image\/"},"sameAs":["https:\/\/www.facebook.com\/hungaroonline"]}]}},"_links":{"self":[{"href":"https:\/\/hungaroonline.hu\/en\/wp-json\/wp\/v2\/product\/2843","targetHints":{"allow":["GET"]}}],"collection":[{"href":"https:\/\/hungaroonline.hu\/en\/wp-json\/wp\/v2\/product"}],"about":[{"href":"https:\/\/hungaroonline.hu\/en\/wp-json\/wp\/v2\/types\/product"}],"replies":[{"embeddable":true,"href":"https:\/\/hungaroonline.hu\/en\/wp-json\/wp\/v2\/comments?post=2843"}],"version-history":[{"count":12,"href":"https:\/\/hungaroonline.hu\/en\/wp-json\/wp\/v2\/product\/2843\/revisions"}],"predecessor-version":[{"id":7314,"href":"https:\/\/hungaroonline.hu\/en\/wp-json\/wp\/v2\/product\/2843\/revisions\/7314"}],"wp:featuredmedia":[{"embeddable":true,"href":"https:\/\/hungaroonline.hu\/en\/wp-json\/wp\/v2\/media\/2785"}],"wp:attachment":[{"href":"https:\/\/hungaroonline.hu\/en\/wp-json\/wp\/v2\/media?parent=2843"}],"wp:term":[{"taxonomy":"product_brand","embeddable":true,"href":"https:\/\/hungaroonline.hu\/en\/wp-json\/wp\/v2\/product_brand?post=2843"},{"taxonomy":"product_cat","embeddable":true,"href":"https:\/\/hungaroonline.hu\/en\/wp-json\/wp\/v2\/product_cat?post=2843"},{"taxonomy":"product_tag","embeddable":true,"href":"https:\/\/hungaroonline.hu\/en\/wp-json\/wp\/v2\/product_tag?post=2843"}],"curies":[{"name":"wp","href":"https:\/\/api.w.org\/{rel}","templated":true}]}}