{"id":1678,"date":"2020-05-24T08:11:12","date_gmt":"2020-05-24T06:11:12","guid":{"rendered":"https:\/\/hungaroonline.hempa.hu\/?post_type=product&#038;p=1678"},"modified":"2025-07-24T11:39:16","modified_gmt":"2025-07-24T09:39:16","slug":"dupla-teteju-kutyahaz-kicsi-szigetelessel","status":"publish","type":"product","link":"https:\/\/hungaroonline.hu\/en\/product\/dupla-teteju-kutyahaz-kicsi-szigetelessel\/","title":{"rendered":"(S) SMALL double-roofed dog house with thermal insulation"},"content":{"rendered":"<p>&nbsp;<\/p>\n<p><img fetchpriority=\"high\" decoding=\"async\" class=\"wp-image-6757 aligncenter\" src=\"https:\/\/hungaroonline.hu\/wp-content\/uploads\/2021\/02\/kutyahaz-5-300x300.jpg\" alt=\"\" width=\"229\" height=\"229\" srcset=\"https:\/\/hungaroonline.hu\/wp-content\/uploads\/2021\/02\/kutyahaz-5-300x300.jpg 300w, https:\/\/hungaroonline.hu\/wp-content\/uploads\/2021\/02\/kutyahaz-5-768x768.jpg 768w, https:\/\/hungaroonline.hu\/wp-content\/uploads\/2021\/02\/kutyahaz-5-12x12.jpg 12w, https:\/\/hungaroonline.hu\/wp-content\/uploads\/2021\/02\/kutyahaz-5-600x600.jpg 600w, https:\/\/hungaroonline.hu\/wp-content\/uploads\/2021\/02\/kutyahaz-5-100x100.jpg 100w, https:\/\/hungaroonline.hu\/wp-content\/uploads\/2021\/02\/kutyahaz-5.jpg 960w\" sizes=\"(max-width: 229px) 100vw, 229px\" \/><\/p>\n<p>&nbsp;<\/p>\n<p style=\"text-align: center;\"><strong>We have been producing high-quality, weather-resistant and durable dog houses in our carpentry workshop for 15 years!<\/strong><\/p>\n<p>&nbsp;<\/p>\n<p>&nbsp;<\/p>\n<p>&nbsp;<\/p>\n<p><strong><em>Why choose our dog houses?<\/em><\/strong><\/p>\n<ul>\n<li>Extra solid!<\/li>\n<li>The 4 sides of the dog house are made of 2 cm thick hardwood and the top is made of pine wood!<\/li>\n<li>Thanks to its solid wooden frame, it is very durable!<\/li>\n<li>The bottom of the dog house is raised 6 cm off the ground!<\/li>\n<li>Insulation thickness 2 cm, plus wooden cladding!<\/li>\n<li>The side wall and the bottom are both insulated!<\/li>\n<li>Its design is completely designed for outdoor use!<\/li>\n<li>It has a double roof with foil insulation between it!<\/li>\n<li>Delivered assembled!<\/li>\n<li>We provide a 1 year warranty on our dog houses!<\/li>\n<\/ul>\n<p>&nbsp;<\/p>\n<p>&nbsp;<\/p>\n<p>Sizes:<\/p>\n<p>External dimensions: 50 cm wide, 50 cm long, 75 cm high.<\/p>\n<p>Internal dimensions: 40 cm wide, 40 cm long, 70 cm high.<\/p>\n<p>Doghouse treated with lacquer paint!<\/p>\n<p>&nbsp;<\/p>\n<p>&nbsp;<\/p>\n<p>&nbsp;<\/p>\n<p><em><strong><b>For example, a small dog house: <\/b><\/strong>We recommend it for French bulldogs, dachshunds, westies, fox terriers.<\/em><\/p>\n<p>&nbsp;<\/p>\n<p>&nbsp;<\/p>\n<p><em>Dog house <strong>size and weight<\/strong> <strong>(35 kg)<\/strong> therefore the shipping cost: <strong>8000 HUF<\/strong><\/em><\/p>\n<p>&nbsp;<\/p>\n<p>&nbsp;<\/p>\n<p><a href=\"https:\/\/hungaroonline.hu\/en\/dupla-teteju-kutyahaz\/\"><em><strong>MORE PICTURES HERE<\/strong><\/em><\/a><\/p>\n<p>&nbsp;<\/p>\n<p>&nbsp;<\/p>","protected":false},"excerpt":{"rendered":"<p><em><strong>Product made by carpenters!<\/strong><\/em><\/p>\n<p>Very solid!<\/p>\n<p>Delivery time: 8-10 working days!<\/p>","protected":false},"featured_media":1699,"comment_status":"closed","ping_status":"closed","template":"","meta":[],"product_brand":[],"product_cat":[83,43],"product_tag":[],"class_list":{"0":"post-1678","1":"product","2":"type-product","3":"status-publish","4":"has-post-thumbnail","6":"product_cat-extra-massziv-dupla-teteju","7":"product_cat-kutyahazak-tobb-meretben","8":"product_shipping_class-kutyahaz-extra-nagy5","10":"first","11":"instock","12":"purchasable","13":"product-type-simple"},"yoast_head":"<!-- This site is optimized with the Yoast SEO plugin v26.6 - https:\/\/yoast.com\/wordpress\/plugins\/seo\/ -->\n<title>(S) KICSI dupla tetej\u0171 kutyah\u00e1z h\u0151szigetel\u00e9ssel - HungaroOnline<\/title>\n<meta name=\"description\" content=\"KUTYAH\u00c1ZAINK FONTOS JELLEMZ\u0150I: Asztalosok \u00e1ltal elk\u00e9sz\u00edtett term\u00e9k! A kutyah\u00e1zat oldal\u00e1t 2 cm\u00a0kem\u00e9nyf\u00e1b\u00f3l\u00a0 k\u00e9sz\u00edtj\u00fck! T\u00f6m\u00f6r fav\u00e1z\u00e1nak k\u00f6sz\u00f6nhet\u0151en nagyon\u00a0 strapab\u00edr\u00f3! A kutyah\u00e1z feneke 6\u00a0cm-re el van emelve a f\u00f6ldt\u0151l! Szigetel\u00e9s vastags\u00e1ga 2 cm, plusz fabor\u00edt\u00e1s! Oldalfala \u00e9s az alja egyar\u00e1nt szigetelve van! A kialak\u00edt\u00e1sa teljesen k\u00fclt\u00e9ri haszn\u00e1latra van tervezve! Dupla teteje van ami k\u00f6z\u00f6tt f\u00f3lia szigetel\u00e9s tal\u00e1lhat\u00f3! \u00d6sszeszerelt \u00e1llapotban\u00a0sz\u00e1ll\u00edtjuk!1 \u00e9v j\u00f3t\u00e1ll\u00e1ssal, sz\u00e1ml\u00e1val!\" \/>\n<meta name=\"robots\" content=\"index, follow, max-snippet:-1, max-image-preview:large, max-video-preview:-1\" \/>\n<link rel=\"canonical\" href=\"https:\/\/hungaroonline.hu\/en\/product-category\/kutyahazak-tobb-meretben\/\" \/>\n<meta property=\"og:locale\" content=\"en_US\" \/>\n<meta property=\"og:type\" content=\"article\" \/>\n<meta property=\"og:title\" content=\"Nagy dupla tetej\u0171 kutyah\u00e1z\" \/>\n<meta property=\"og:description\" content=\"KUTYAH\u00c1ZAINK FONTOS JELLEMZ\u0150I: Asztalosok \u00e1ltal elk\u00e9sz\u00edtett term\u00e9k! A kutyah\u00e1zat oldal\u00e1t 2 cm\u00a0kem\u00e9nyf\u00e1b\u00f3l\u00a0 k\u00e9sz\u00edtj\u00fck! T\u00f6m\u00f6r fav\u00e1z\u00e1nak k\u00f6sz\u00f6nhet\u0151en nagyon\u00a0 strapab\u00edr\u00f3! A kutyah\u00e1z feneke 6\u00a0cm-re el van emelve a f\u00f6ldt\u0151l! Szigetel\u00e9s vastags\u00e1ga 2 cm, plusz fabor\u00edt\u00e1s! Oldalfala \u00e9s az alja egyar\u00e1nt szigetelve van! A kialak\u00edt\u00e1sa teljesen k\u00fclt\u00e9ri haszn\u00e1latra van tervezve! Dupla teteje van ami k\u00f6z\u00f6tt f\u00f3lia szigetel\u00e9s tal\u00e1lhat\u00f3! \u00d6sszeszerelt \u00e1llapotban\u00a0sz\u00e1ll\u00edtjuk!1 \u00e9v j\u00f3t\u00e1ll\u00e1ssal, sz\u00e1ml\u00e1val!\" \/>\n<meta property=\"og:url\" content=\"https:\/\/hungaroonline.hu\/en\/product-category\/kutyahazak-tobb-meretben\/\" \/>\n<meta property=\"og:site_name\" content=\"HungaroOnline\" \/>\n<meta property=\"article:publisher\" content=\"https:\/\/www.facebook.com\/hungaroonline\" \/>\n<meta property=\"article:modified_time\" content=\"2025-07-24T09:39:16+00:00\" \/>\n<meta property=\"og:image\" content=\"https:\/\/hungaroonline.hu\/wp-content\/uploads\/2020\/10\/kutyahaz-5.jpg\" \/>\n\t<meta property=\"og:image:width\" content=\"960\" \/>\n\t<meta property=\"og:image:height\" content=\"960\" \/>\n\t<meta property=\"og:image:type\" content=\"image\/jpeg\" \/>\n<meta name=\"twitter:card\" content=\"summary_large_image\" \/>\n<meta name=\"twitter:label1\" content=\"Est. reading time\" \/>\n\t<meta name=\"twitter:data1\" content=\"2 minutes\" \/>\n<script type=\"application\/ld+json\" class=\"yoast-schema-graph\">{\"@context\":\"https:\/\/schema.org\",\"@graph\":[{\"@type\":\"WebPage\",\"@id\":\"https:\/\/hungaroonline.hu\/termek\/dupla-teteju-kutyahaz-kicsi-szigetelessel\/\",\"url\":\"https:\/\/hungaroonline.hu\/termekkategoria\/kutyahazak-tobb-meretben\/\",\"name\":\"(S) KICSI dupla tetej\u0171 kutyah\u00e1z h\u0151szigetel\u00e9ssel - HungaroOnline\",\"isPartOf\":{\"@id\":\"https:\/\/hungaroonline.hu\/#website\"},\"primaryImageOfPage\":{\"@id\":\"https:\/\/hungaroonline.hu\/termekkategoria\/kutyahazak-tobb-meretben\/#primaryimage\"},\"image\":{\"@id\":\"https:\/\/hungaroonline.hu\/termekkategoria\/kutyahazak-tobb-meretben\/#primaryimage\"},\"thumbnailUrl\":\"https:\/\/hungaroonline.hu\/wp-content\/uploads\/2020\/05\/UjKutyahaz01.jpg\",\"datePublished\":\"2020-05-24T06:11:12+00:00\",\"dateModified\":\"2025-07-24T09:39:16+00:00\",\"description\":\"KUTYAH\u00c1ZAINK FONTOS JELLEMZ\u0150I: Asztalosok \u00e1ltal elk\u00e9sz\u00edtett term\u00e9k! A kutyah\u00e1zat oldal\u00e1t 2 cm\u00a0kem\u00e9nyf\u00e1b\u00f3l\u00a0 k\u00e9sz\u00edtj\u00fck! T\u00f6m\u00f6r fav\u00e1z\u00e1nak k\u00f6sz\u00f6nhet\u0151en nagyon\u00a0 strapab\u00edr\u00f3! A kutyah\u00e1z feneke 6\u00a0cm-re el van emelve a f\u00f6ldt\u0151l! Szigetel\u00e9s vastags\u00e1ga 2 cm, plusz fabor\u00edt\u00e1s! Oldalfala \u00e9s az alja egyar\u00e1nt szigetelve van! A kialak\u00edt\u00e1sa teljesen k\u00fclt\u00e9ri haszn\u00e1latra van tervezve! Dupla teteje van ami k\u00f6z\u00f6tt f\u00f3lia szigetel\u00e9s tal\u00e1lhat\u00f3! \u00d6sszeszerelt \u00e1llapotban\u00a0sz\u00e1ll\u00edtjuk!1 \u00e9v j\u00f3t\u00e1ll\u00e1ssal, sz\u00e1ml\u00e1val!\",\"breadcrumb\":{\"@id\":\"https:\/\/hungaroonline.hu\/termekkategoria\/kutyahazak-tobb-meretben\/#breadcrumb\"},\"inLanguage\":\"en-US\",\"potentialAction\":[{\"@type\":\"ReadAction\",\"target\":[\"https:\/\/hungaroonline.hu\/termekkategoria\/kutyahazak-tobb-meretben\/\"]}]},{\"@type\":\"ImageObject\",\"inLanguage\":\"en-US\",\"@id\":\"https:\/\/hungaroonline.hu\/termekkategoria\/kutyahazak-tobb-meretben\/#primaryimage\",\"url\":\"https:\/\/hungaroonline.hu\/wp-content\/uploads\/2020\/05\/UjKutyahaz01.jpg\",\"contentUrl\":\"https:\/\/hungaroonline.hu\/wp-content\/uploads\/2020\/05\/UjKutyahaz01.jpg\",\"width\":2370,\"height\":2370},{\"@type\":\"BreadcrumbList\",\"@id\":\"https:\/\/hungaroonline.hu\/termekkategoria\/kutyahazak-tobb-meretben\/#breadcrumb\",\"itemListElement\":[{\"@type\":\"ListItem\",\"position\":1,\"name\":\"Home\",\"item\":\"https:\/\/hungaroonline.hu\/\"},{\"@type\":\"ListItem\",\"position\":2,\"name\":\"\u00dczlet\",\"item\":\"https:\/\/hungaroonline.hu\/uzlet\/\"},{\"@type\":\"ListItem\",\"position\":3,\"name\":\"(S) KICSI dupla tetej\u0171 kutyah\u00e1z h\u0151szigetel\u00e9ssel\"}]},{\"@type\":\"WebSite\",\"@id\":\"https:\/\/hungaroonline.hu\/#website\",\"url\":\"https:\/\/hungaroonline.hu\/\",\"name\":\"HungaroOnline\",\"description\":\"Kutyah\u00e1z - Hord\u00f3 - Raklap b\u00fator - Raklapp\u00e1rna Gy\u00e1rt\u00e1sa\",\"publisher\":{\"@id\":\"https:\/\/hungaroonline.hu\/#organization\"},\"potentialAction\":[{\"@type\":\"SearchAction\",\"target\":{\"@type\":\"EntryPoint\",\"urlTemplate\":\"https:\/\/hungaroonline.hu\/?s={search_term_string}\"},\"query-input\":{\"@type\":\"PropertyValueSpecification\",\"valueRequired\":true,\"valueName\":\"search_term_string\"}}],\"inLanguage\":\"en-US\"},{\"@type\":\"Organization\",\"@id\":\"https:\/\/hungaroonline.hu\/#organization\",\"name\":\"HungaroOnline\",\"url\":\"https:\/\/hungaroonline.hu\/\",\"logo\":{\"@type\":\"ImageObject\",\"inLanguage\":\"en-US\",\"@id\":\"https:\/\/hungaroonline.hu\/#\/schema\/logo\/image\/\",\"url\":\"https:\/\/hungaroonline.hu\/wp-content\/uploads\/2023\/01\/hungaroonline-footer-logo-color-a.png\",\"contentUrl\":\"https:\/\/hungaroonline.hu\/wp-content\/uploads\/2023\/01\/hungaroonline-footer-logo-color-a.png\",\"width\":970,\"height\":86,\"caption\":\"HungaroOnline\"},\"image\":{\"@id\":\"https:\/\/hungaroonline.hu\/#\/schema\/logo\/image\/\"},\"sameAs\":[\"https:\/\/www.facebook.com\/hungaroonline\"]}]}<\/script>\n<!-- \/ Yoast SEO plugin. -->","yoast_head_json":{"title":"(S) KICSI dupla tetej\u0171 kutyah\u00e1z h\u0151szigetel\u00e9ssel - HungaroOnline","description":"KUTYAH\u00c1ZAINK FONTOS JELLEMZ\u0150I: Asztalosok \u00e1ltal elk\u00e9sz\u00edtett term\u00e9k! A kutyah\u00e1zat oldal\u00e1t 2 cm\u00a0kem\u00e9nyf\u00e1b\u00f3l\u00a0 k\u00e9sz\u00edtj\u00fck! T\u00f6m\u00f6r fav\u00e1z\u00e1nak k\u00f6sz\u00f6nhet\u0151en nagyon\u00a0 strapab\u00edr\u00f3! A kutyah\u00e1z feneke 6\u00a0cm-re el van emelve a f\u00f6ldt\u0151l! Szigetel\u00e9s vastags\u00e1ga 2 cm, plusz fabor\u00edt\u00e1s! Oldalfala \u00e9s az alja egyar\u00e1nt szigetelve van! A kialak\u00edt\u00e1sa teljesen k\u00fclt\u00e9ri haszn\u00e1latra van tervezve! Dupla teteje van ami k\u00f6z\u00f6tt f\u00f3lia szigetel\u00e9s tal\u00e1lhat\u00f3! \u00d6sszeszerelt \u00e1llapotban\u00a0sz\u00e1ll\u00edtjuk!1 \u00e9v j\u00f3t\u00e1ll\u00e1ssal, sz\u00e1ml\u00e1val!","robots":{"index":"index","follow":"follow","max-snippet":"max-snippet:-1","max-image-preview":"max-image-preview:large","max-video-preview":"max-video-preview:-1"},"canonical":"https:\/\/hungaroonline.hu\/en\/product-category\/kutyahazak-tobb-meretben\/","og_locale":"en_US","og_type":"article","og_title":"Nagy dupla tetej\u0171 kutyah\u00e1z","og_description":"KUTYAH\u00c1ZAINK FONTOS JELLEMZ\u0150I: Asztalosok \u00e1ltal elk\u00e9sz\u00edtett term\u00e9k! A kutyah\u00e1zat oldal\u00e1t 2 cm\u00a0kem\u00e9nyf\u00e1b\u00f3l\u00a0 k\u00e9sz\u00edtj\u00fck! T\u00f6m\u00f6r fav\u00e1z\u00e1nak k\u00f6sz\u00f6nhet\u0151en nagyon\u00a0 strapab\u00edr\u00f3! A kutyah\u00e1z feneke 6\u00a0cm-re el van emelve a f\u00f6ldt\u0151l! Szigetel\u00e9s vastags\u00e1ga 2 cm, plusz fabor\u00edt\u00e1s! Oldalfala \u00e9s az alja egyar\u00e1nt szigetelve van! A kialak\u00edt\u00e1sa teljesen k\u00fclt\u00e9ri haszn\u00e1latra van tervezve! Dupla teteje van ami k\u00f6z\u00f6tt f\u00f3lia szigetel\u00e9s tal\u00e1lhat\u00f3! \u00d6sszeszerelt \u00e1llapotban\u00a0sz\u00e1ll\u00edtjuk!1 \u00e9v j\u00f3t\u00e1ll\u00e1ssal, sz\u00e1ml\u00e1val!","og_url":"https:\/\/hungaroonline.hu\/en\/product-category\/kutyahazak-tobb-meretben\/","og_site_name":"HungaroOnline","article_publisher":"https:\/\/www.facebook.com\/hungaroonline","article_modified_time":"2025-07-24T09:39:16+00:00","og_image":[{"width":960,"height":960,"url":"https:\/\/hungaroonline.hu\/wp-content\/uploads\/2020\/10\/kutyahaz-5.jpg","type":"image\/jpeg"}],"twitter_card":"summary_large_image","twitter_misc":{"Est. reading time":"2 minutes"},"schema":{"@context":"https:\/\/schema.org","@graph":[{"@type":"WebPage","@id":"https:\/\/hungaroonline.hu\/termek\/dupla-teteju-kutyahaz-kicsi-szigetelessel\/","url":"https:\/\/hungaroonline.hu\/termekkategoria\/kutyahazak-tobb-meretben\/","name":"(S) KICSI dupla tetej\u0171 kutyah\u00e1z h\u0151szigetel\u00e9ssel - HungaroOnline","isPartOf":{"@id":"https:\/\/hungaroonline.hu\/#website"},"primaryImageOfPage":{"@id":"https:\/\/hungaroonline.hu\/termekkategoria\/kutyahazak-tobb-meretben\/#primaryimage"},"image":{"@id":"https:\/\/hungaroonline.hu\/termekkategoria\/kutyahazak-tobb-meretben\/#primaryimage"},"thumbnailUrl":"https:\/\/hungaroonline.hu\/wp-content\/uploads\/2020\/05\/UjKutyahaz01.jpg","datePublished":"2020-05-24T06:11:12+00:00","dateModified":"2025-07-24T09:39:16+00:00","description":"KUTYAH\u00c1ZAINK FONTOS JELLEMZ\u0150I: Asztalosok \u00e1ltal elk\u00e9sz\u00edtett term\u00e9k! A kutyah\u00e1zat oldal\u00e1t 2 cm\u00a0kem\u00e9nyf\u00e1b\u00f3l\u00a0 k\u00e9sz\u00edtj\u00fck! T\u00f6m\u00f6r fav\u00e1z\u00e1nak k\u00f6sz\u00f6nhet\u0151en nagyon\u00a0 strapab\u00edr\u00f3! A kutyah\u00e1z feneke 6\u00a0cm-re el van emelve a f\u00f6ldt\u0151l! Szigetel\u00e9s vastags\u00e1ga 2 cm, plusz fabor\u00edt\u00e1s! Oldalfala \u00e9s az alja egyar\u00e1nt szigetelve van! A kialak\u00edt\u00e1sa teljesen k\u00fclt\u00e9ri haszn\u00e1latra van tervezve! Dupla teteje van ami k\u00f6z\u00f6tt f\u00f3lia szigetel\u00e9s tal\u00e1lhat\u00f3! \u00d6sszeszerelt \u00e1llapotban\u00a0sz\u00e1ll\u00edtjuk!1 \u00e9v j\u00f3t\u00e1ll\u00e1ssal, sz\u00e1ml\u00e1val!","breadcrumb":{"@id":"https:\/\/hungaroonline.hu\/termekkategoria\/kutyahazak-tobb-meretben\/#breadcrumb"},"inLanguage":"en-US","potentialAction":[{"@type":"ReadAction","target":["https:\/\/hungaroonline.hu\/termekkategoria\/kutyahazak-tobb-meretben\/"]}]},{"@type":"ImageObject","inLanguage":"en-US","@id":"https:\/\/hungaroonline.hu\/termekkategoria\/kutyahazak-tobb-meretben\/#primaryimage","url":"https:\/\/hungaroonline.hu\/wp-content\/uploads\/2020\/05\/UjKutyahaz01.jpg","contentUrl":"https:\/\/hungaroonline.hu\/wp-content\/uploads\/2020\/05\/UjKutyahaz01.jpg","width":2370,"height":2370},{"@type":"BreadcrumbList","@id":"https:\/\/hungaroonline.hu\/termekkategoria\/kutyahazak-tobb-meretben\/#breadcrumb","itemListElement":[{"@type":"ListItem","position":1,"name":"Home","item":"https:\/\/hungaroonline.hu\/"},{"@type":"ListItem","position":2,"name":"\u00dczlet","item":"https:\/\/hungaroonline.hu\/uzlet\/"},{"@type":"ListItem","position":3,"name":"(S) KICSI dupla tetej\u0171 kutyah\u00e1z h\u0151szigetel\u00e9ssel"}]},{"@type":"WebSite","@id":"https:\/\/hungaroonline.hu\/#website","url":"https:\/\/hungaroonline.hu\/","name":"HungaroOnline","description":"Dog House - Barrel - Pallet Furniture - Pallet Cushion Production","publisher":{"@id":"https:\/\/hungaroonline.hu\/#organization"},"potentialAction":[{"@type":"SearchAction","target":{"@type":"EntryPoint","urlTemplate":"https:\/\/hungaroonline.hu\/?s={search_term_string}"},"query-input":{"@type":"PropertyValueSpecification","valueRequired":true,"valueName":"search_term_string"}}],"inLanguage":"en-US"},{"@type":"Organization","@id":"https:\/\/hungaroonline.hu\/#organization","name":"HungaroOnline","url":"https:\/\/hungaroonline.hu\/","logo":{"@type":"ImageObject","inLanguage":"en-US","@id":"https:\/\/hungaroonline.hu\/#\/schema\/logo\/image\/","url":"https:\/\/hungaroonline.hu\/wp-content\/uploads\/2023\/01\/hungaroonline-footer-logo-color-a.png","contentUrl":"https:\/\/hungaroonline.hu\/wp-content\/uploads\/2023\/01\/hungaroonline-footer-logo-color-a.png","width":970,"height":86,"caption":"HungaroOnline"},"image":{"@id":"https:\/\/hungaroonline.hu\/#\/schema\/logo\/image\/"},"sameAs":["https:\/\/www.facebook.com\/hungaroonline"]}]}},"_links":{"self":[{"href":"https:\/\/hungaroonline.hu\/en\/wp-json\/wp\/v2\/product\/1678","targetHints":{"allow":["GET"]}}],"collection":[{"href":"https:\/\/hungaroonline.hu\/en\/wp-json\/wp\/v2\/product"}],"about":[{"href":"https:\/\/hungaroonline.hu\/en\/wp-json\/wp\/v2\/types\/product"}],"replies":[{"embeddable":true,"href":"https:\/\/hungaroonline.hu\/en\/wp-json\/wp\/v2\/comments?post=1678"}],"version-history":[{"count":14,"href":"https:\/\/hungaroonline.hu\/en\/wp-json\/wp\/v2\/product\/1678\/revisions"}],"predecessor-version":[{"id":7344,"href":"https:\/\/hungaroonline.hu\/en\/wp-json\/wp\/v2\/product\/1678\/revisions\/7344"}],"wp:featuredmedia":[{"embeddable":true,"href":"https:\/\/hungaroonline.hu\/en\/wp-json\/wp\/v2\/media\/1699"}],"wp:attachment":[{"href":"https:\/\/hungaroonline.hu\/en\/wp-json\/wp\/v2\/media?parent=1678"}],"wp:term":[{"taxonomy":"product_brand","embeddable":true,"href":"https:\/\/hungaroonline.hu\/en\/wp-json\/wp\/v2\/product_brand?post=1678"},{"taxonomy":"product_cat","embeddable":true,"href":"https:\/\/hungaroonline.hu\/en\/wp-json\/wp\/v2\/product_cat?post=1678"},{"taxonomy":"product_tag","embeddable":true,"href":"https:\/\/hungaroonline.hu\/en\/wp-json\/wp\/v2\/product_tag?post=1678"}],"curies":[{"name":"wp","href":"https:\/\/api.w.org\/{rel}","templated":true}]}}