{"id":140,"date":"2019-05-22T09:39:33","date_gmt":"2019-05-22T07:39:33","guid":{"rendered":"https:\/\/hungaroonline.hempa.hu\/?post_type=product&#038;p=140"},"modified":"2025-06-19T14:35:52","modified_gmt":"2025-06-19T12:35:52","slug":"eperfa-hordo-10-literes","status":"publish","type":"product","link":"https:\/\/hungaroonline.hu\/en\/product\/eperfa-hordo-10-literes\/","title":{"rendered":"Brandy mulberry barrel 10 liters"},"content":{"rendered":"<p>&nbsp;<\/p>\n<p><img fetchpriority=\"high\" decoding=\"async\" class=\"wp-image-5909 aligncenter\" src=\"https:\/\/hungaroonline.hu\/wp-content\/uploads\/2023\/09\/eperfa5l-1-1-300x300.jpg\" alt=\"\" width=\"250\" height=\"250\" srcset=\"https:\/\/hungaroonline.hu\/wp-content\/uploads\/2023\/09\/eperfa5l-1-1-300x300.jpg 300w, https:\/\/hungaroonline.hu\/wp-content\/uploads\/2023\/09\/eperfa5l-1-1-12x12.jpg 12w, https:\/\/hungaroonline.hu\/wp-content\/uploads\/2023\/09\/eperfa5l-1-1-600x600.jpg 600w, https:\/\/hungaroonline.hu\/wp-content\/uploads\/2023\/09\/eperfa5l-1-1-100x100.jpg 100w, https:\/\/hungaroonline.hu\/wp-content\/uploads\/2023\/09\/eperfa5l-1-1.jpg 768w\" sizes=\"(max-width: 250px) 100vw, 250px\" \/><\/p>\n<p>&nbsp;<\/p>\n<p><img decoding=\"async\" class=\"wp-image-7248 aligncenter\" src=\"https:\/\/hungaroonline.hu\/wp-content\/uploads\/2020\/10\/Eperfa-hordo-5L-side-1-385x300.jpg\" alt=\"Eperfa hord\u00f3\" width=\"254\" height=\"198\" srcset=\"https:\/\/hungaroonline.hu\/wp-content\/uploads\/2020\/10\/Eperfa-hordo-5L-side-1-385x300.jpg 385w, https:\/\/hungaroonline.hu\/wp-content\/uploads\/2020\/10\/Eperfa-hordo-5L-side-1-1110x865.jpg 1110w, https:\/\/hungaroonline.hu\/wp-content\/uploads\/2020\/10\/Eperfa-hordo-5L-side-1-768x598.jpg 768w, https:\/\/hungaroonline.hu\/wp-content\/uploads\/2020\/10\/Eperfa-hordo-5L-side-1-1536x1197.jpg 1536w, https:\/\/hungaroonline.hu\/wp-content\/uploads\/2020\/10\/Eperfa-hordo-5L-side-1-2048x1596.jpg 2048w, https:\/\/hungaroonline.hu\/wp-content\/uploads\/2020\/10\/Eperfa-hordo-5L-side-1-15x12.jpg 15w, https:\/\/hungaroonline.hu\/wp-content\/uploads\/2020\/10\/Eperfa-hordo-5L-side-1-1000x779.jpg 1000w\" sizes=\"(max-width: 254px) 100vw, 254px\" \/><\/p>\n<p><img decoding=\"async\" class=\"wp-image-7250 aligncenter\" src=\"https:\/\/hungaroonline.hu\/wp-content\/uploads\/2020\/10\/Eperfa-hordo-26-1-300x300.jpg\" alt=\"Eperfa hord\u00f3\" width=\"243\" height=\"243\" srcset=\"https:\/\/hungaroonline.hu\/wp-content\/uploads\/2020\/10\/Eperfa-hordo-26-1-300x300.jpg 300w, https:\/\/hungaroonline.hu\/wp-content\/uploads\/2020\/10\/Eperfa-hordo-26-1-1024x1024.jpg 1024w, https:\/\/hungaroonline.hu\/wp-content\/uploads\/2020\/10\/Eperfa-hordo-26-1-768x768.jpg 768w, https:\/\/hungaroonline.hu\/wp-content\/uploads\/2020\/10\/Eperfa-hordo-26-1-1536x1536.jpg 1536w, https:\/\/hungaroonline.hu\/wp-content\/uploads\/2020\/10\/Eperfa-hordo-26-1-12x12.jpg 12w, https:\/\/hungaroonline.hu\/wp-content\/uploads\/2020\/10\/Eperfa-hordo-26-1-600x600.jpg 600w, https:\/\/hungaroonline.hu\/wp-content\/uploads\/2020\/10\/Eperfa-hordo-26-1-1000x1000.jpg 1000w, https:\/\/hungaroonline.hu\/wp-content\/uploads\/2020\/10\/Eperfa-hordo-26-1-100x100.jpg 100w, https:\/\/hungaroonline.hu\/wp-content\/uploads\/2020\/10\/Eperfa-hordo-26-1.jpg 2000w\" sizes=\"(max-width: 243px) 100vw, 243px\" \/><\/p>\n<p>&nbsp;<\/p>\n<p style=\"text-align: center;\"><strong>Premium quality p\u00e1linka barrels \u2013 with 56 years of expertise!<\/strong><\/p>\n<p>&nbsp;<\/p>\n<p>With more than half a century of experience, we produce our high-quality p\u00e1linka barrels, which meet the highest expectations!<\/p>\n<p>&nbsp;<\/p>\n<p>Our products are used by renowned wineries and p\u00e1linka distilleries, and we sell them with great success in many European countries!<\/p>\n<p>&nbsp;<\/p>\n<p>&nbsp;<\/p>\n<p><em><strong>WHY OUR BRAND IS BORN<\/strong><\/em><em><b>WHICH ONES SHOULD YOU CHOOSE?<\/b><\/em><\/p>\n<ul>\n<li>We make our barrels with 56 years of professional experience!<\/li>\n<li>We use carefully selected quality ingredients!<\/li>\n<li>Only after proper drying do we start making the barrel!<\/li>\n<li>These barrels actually know the function of maturing p\u00e1linka!<\/li>\n<li>After completion, the barrels are pressure tested!<\/li>\n<li>P\u00e1linka barrels are made with a medium to medium toasting!<\/li>\n<li><strong>WE PROVIDE A REPLACEMENT GUARANTEE FOR OUR BARRELS!<\/strong><\/li>\n<\/ul>\n<p>&nbsp;<\/p>\n<p>&nbsp;<\/p>\n<p>Usually, the more succulent fruit spirits, e.g. pear or apricot p\u00e1linkas, are used. Mulberry is one of the most valuable types of wood suitable for making barrels, and it gives extraordinary harmony to the p\u00e1linka filled in it. Although the p\u00e1linka loses its alcohol content, its taste also loses its sharpness. P\u00e1linka stored in a mulberry barrel is golden and crystal clear. Mulberry gives the drink a yellow color and a soft taste! Two end panels are poured with beeswax paraffin, in order to minimize liquid loss, the p\u00e1linka does not evaporate!<\/p>\n<p>&nbsp;<\/p>\n<p>&nbsp;<\/p>\n<p><em><strong>The picture is not an illustration, the barrels actually look like this!<\/strong><\/em><\/p>\n<p>&nbsp;<\/p>\n<p>&nbsp;<\/p>\n<p><em>Due to the size and weight of the barrel, the shipping cost: HUF 3,500.<\/em><\/p>\n<p>&nbsp;<\/p>\n<p><a href=\"https:\/\/hungaroonline.hu\/en\/palinkas-hordok\/\"><strong><span style=\"color: #0000ff;\">MORE PICTURES HERE:<\/span><\/strong><\/a><\/p>\n<p>&nbsp;<\/p>","protected":false},"excerpt":{"rendered":"<p><em><strong>AGING P\u00c1LINKA HORD<\/strong><\/em><strong><em>HE!<\/em><\/strong><\/p>\n<p>&nbsp;<\/p>\n<p>Delivery time: 6-8 working days!<\/p>","protected":false},"featured_media":141,"comment_status":"closed","ping_status":"closed","template":"","meta":[],"product_brand":[],"product_cat":[41],"product_tag":[],"class_list":{"0":"post-140","1":"product","2":"type-product","3":"status-publish","4":"has-post-thumbnail","6":"product_cat-eperfa-hordok","7":"product_shipping_class-hordok","9":"first","10":"instock","11":"purchasable","12":"product-type-simple"},"yoast_head":"<!-- This site is optimized with the Yoast SEO plugin v26.6 - https:\/\/yoast.com\/wordpress\/plugins\/seo\/ -->\n<title>P\u00e1link\u00e1s eperfa hord\u00f3 10 literes - HungaroOnline<\/title>\n<meta name=\"description\" content=\"AZ \u00c1R A MIN\u0150S\u00c9GET T\u00dcKR\u00d6ZI!!! Cseregaranci\u00e1t biztos\u00edtunk! MI\u00c9RT IS TUDUNK CSEREGARANCI\u00c1T BIZTOS\u00cdTANI: 56 \u00e9v szakmai tapasztalattal k\u00e9sz\u00edtj\u00fck a hord\u00f3inkat! Gondosan v\u00e1logatott min\u0151s\u00e9gi alapanyagot haszn\u00e1lunk! Csak a megfelel\u0151 kisz\u00e1r\u00edt\u00e1s ut\u00e1n kezdj\u00fck a hord\u00f3 k\u00e9sz\u00edt\u00e9st! Elk\u00e9sz\u00fcl\u00e9s ut\u00e1n a hord\u00f3kat nyom\u00e1spr\u00f3b\u00e1zzuk!\" \/>\n<meta name=\"robots\" content=\"index, follow, max-snippet:-1, max-image-preview:large, max-video-preview:-1\" \/>\n<link rel=\"canonical\" href=\"https:\/\/hungaroonline.hu\/en\/product-category\/eperfa-hordok\/\" \/>\n<meta property=\"og:locale\" content=\"en_US\" \/>\n<meta property=\"og:type\" content=\"article\" \/>\n<meta property=\"og:title\" content=\"P\u00e1link\u00e1s eperfa hord\u00f3 10 literes - HungaroOnline\" \/>\n<meta property=\"og:description\" content=\"AZ \u00c1R A MIN\u0150S\u00c9GET T\u00dcKR\u00d6ZI!!! Cseregaranci\u00e1t biztos\u00edtunk! MI\u00c9RT IS TUDUNK CSEREGARANCI\u00c1T BIZTOS\u00cdTANI: 56 \u00e9v szakmai tapasztalattal k\u00e9sz\u00edtj\u00fck a hord\u00f3inkat! Gondosan v\u00e1logatott min\u0151s\u00e9gi alapanyagot haszn\u00e1lunk! Csak a megfelel\u0151 kisz\u00e1r\u00edt\u00e1s ut\u00e1n kezdj\u00fck a hord\u00f3 k\u00e9sz\u00edt\u00e9st! Elk\u00e9sz\u00fcl\u00e9s ut\u00e1n a hord\u00f3kat nyom\u00e1spr\u00f3b\u00e1zzuk!\" \/>\n<meta property=\"og:url\" content=\"https:\/\/hungaroonline.hu\/en\/product-category\/eperfa-hordok\/\" \/>\n<meta property=\"og:site_name\" content=\"HungaroOnline\" \/>\n<meta property=\"article:publisher\" content=\"https:\/\/www.facebook.com\/hungaroonline\" \/>\n<meta property=\"article:modified_time\" content=\"2025-06-19T12:35:52+00:00\" \/>\n<meta property=\"og:image\" content=\"https:\/\/hungaroonline.hu\/wp-content\/uploads\/2019\/05\/eperfa5l-1-1.jpg\" \/>\n\t<meta property=\"og:image:width\" content=\"768\" \/>\n\t<meta property=\"og:image:height\" content=\"768\" \/>\n\t<meta property=\"og:image:type\" content=\"image\/jpeg\" \/>\n<meta name=\"twitter:card\" content=\"summary_large_image\" \/>\n<meta name=\"twitter:label1\" content=\"Est. reading time\" \/>\n\t<meta name=\"twitter:data1\" content=\"2 minutes\" \/>\n<script type=\"application\/ld+json\" class=\"yoast-schema-graph\">{\"@context\":\"https:\/\/schema.org\",\"@graph\":[{\"@type\":\"WebPage\",\"@id\":\"https:\/\/hungaroonline.hu\/termek\/eperfa-hordo-10-literes\/\",\"url\":\"https:\/\/hungaroonline.hu\/termekkategoria\/eperfa-hordok\/\",\"name\":\"P\u00e1link\u00e1s eperfa hord\u00f3 10 literes - HungaroOnline\",\"isPartOf\":{\"@id\":\"https:\/\/hungaroonline.hu\/#website\"},\"primaryImageOfPage\":{\"@id\":\"https:\/\/hungaroonline.hu\/termekkategoria\/eperfa-hordok\/#primaryimage\"},\"image\":{\"@id\":\"https:\/\/hungaroonline.hu\/termekkategoria\/eperfa-hordok\/#primaryimage\"},\"thumbnailUrl\":\"https:\/\/hungaroonline.hu\/wp-content\/uploads\/2019\/05\/eperfa10l-1.jpg\",\"datePublished\":\"2019-05-22T07:39:33+00:00\",\"dateModified\":\"2025-06-19T12:35:52+00:00\",\"description\":\"AZ \u00c1R A MIN\u0150S\u00c9GET T\u00dcKR\u00d6ZI!!! Cseregaranci\u00e1t biztos\u00edtunk! MI\u00c9RT IS TUDUNK CSEREGARANCI\u00c1T BIZTOS\u00cdTANI: 56 \u00e9v szakmai tapasztalattal k\u00e9sz\u00edtj\u00fck a hord\u00f3inkat! Gondosan v\u00e1logatott min\u0151s\u00e9gi alapanyagot haszn\u00e1lunk! Csak a megfelel\u0151 kisz\u00e1r\u00edt\u00e1s ut\u00e1n kezdj\u00fck a hord\u00f3 k\u00e9sz\u00edt\u00e9st! Elk\u00e9sz\u00fcl\u00e9s ut\u00e1n a hord\u00f3kat nyom\u00e1spr\u00f3b\u00e1zzuk!\",\"breadcrumb\":{\"@id\":\"https:\/\/hungaroonline.hu\/termekkategoria\/eperfa-hordok\/#breadcrumb\"},\"inLanguage\":\"en-US\",\"potentialAction\":[{\"@type\":\"ReadAction\",\"target\":[\"https:\/\/hungaroonline.hu\/termekkategoria\/eperfa-hordok\/\"]}]},{\"@type\":\"ImageObject\",\"inLanguage\":\"en-US\",\"@id\":\"https:\/\/hungaroonline.hu\/termekkategoria\/eperfa-hordok\/#primaryimage\",\"url\":\"https:\/\/hungaroonline.hu\/wp-content\/uploads\/2019\/05\/eperfa10l-1.jpg\",\"contentUrl\":\"https:\/\/hungaroonline.hu\/wp-content\/uploads\/2019\/05\/eperfa10l-1.jpg\",\"width\":768,\"height\":768},{\"@type\":\"BreadcrumbList\",\"@id\":\"https:\/\/hungaroonline.hu\/termekkategoria\/eperfa-hordok\/#breadcrumb\",\"itemListElement\":[{\"@type\":\"ListItem\",\"position\":1,\"name\":\"Home\",\"item\":\"https:\/\/hungaroonline.hu\/\"},{\"@type\":\"ListItem\",\"position\":2,\"name\":\"\u00dczlet\",\"item\":\"https:\/\/hungaroonline.hu\/uzlet\/\"},{\"@type\":\"ListItem\",\"position\":3,\"name\":\"P\u00e1link\u00e1s eperfa hord\u00f3 10 literes\"}]},{\"@type\":\"WebSite\",\"@id\":\"https:\/\/hungaroonline.hu\/#website\",\"url\":\"https:\/\/hungaroonline.hu\/\",\"name\":\"HungaroOnline\",\"description\":\"Kutyah\u00e1z - Hord\u00f3 - Raklap b\u00fator - Raklapp\u00e1rna Gy\u00e1rt\u00e1sa\",\"publisher\":{\"@id\":\"https:\/\/hungaroonline.hu\/#organization\"},\"potentialAction\":[{\"@type\":\"SearchAction\",\"target\":{\"@type\":\"EntryPoint\",\"urlTemplate\":\"https:\/\/hungaroonline.hu\/?s={search_term_string}\"},\"query-input\":{\"@type\":\"PropertyValueSpecification\",\"valueRequired\":true,\"valueName\":\"search_term_string\"}}],\"inLanguage\":\"en-US\"},{\"@type\":\"Organization\",\"@id\":\"https:\/\/hungaroonline.hu\/#organization\",\"name\":\"HungaroOnline\",\"url\":\"https:\/\/hungaroonline.hu\/\",\"logo\":{\"@type\":\"ImageObject\",\"inLanguage\":\"en-US\",\"@id\":\"https:\/\/hungaroonline.hu\/#\/schema\/logo\/image\/\",\"url\":\"https:\/\/hungaroonline.hu\/wp-content\/uploads\/2023\/01\/hungaroonline-footer-logo-color-a.png\",\"contentUrl\":\"https:\/\/hungaroonline.hu\/wp-content\/uploads\/2023\/01\/hungaroonline-footer-logo-color-a.png\",\"width\":970,\"height\":86,\"caption\":\"HungaroOnline\"},\"image\":{\"@id\":\"https:\/\/hungaroonline.hu\/#\/schema\/logo\/image\/\"},\"sameAs\":[\"https:\/\/www.facebook.com\/hungaroonline\"]}]}<\/script>\n<!-- \/ Yoast SEO plugin. -->","yoast_head_json":{"title":"P\u00e1link\u00e1s eperfa hord\u00f3 10 literes - HungaroOnline","description":"AZ \u00c1R A MIN\u0150S\u00c9GET T\u00dcKR\u00d6ZI!!! Cseregaranci\u00e1t biztos\u00edtunk! MI\u00c9RT IS TUDUNK CSEREGARANCI\u00c1T BIZTOS\u00cdTANI: 56 \u00e9v szakmai tapasztalattal k\u00e9sz\u00edtj\u00fck a hord\u00f3inkat! Gondosan v\u00e1logatott min\u0151s\u00e9gi alapanyagot haszn\u00e1lunk! Csak a megfelel\u0151 kisz\u00e1r\u00edt\u00e1s ut\u00e1n kezdj\u00fck a hord\u00f3 k\u00e9sz\u00edt\u00e9st! Elk\u00e9sz\u00fcl\u00e9s ut\u00e1n a hord\u00f3kat nyom\u00e1spr\u00f3b\u00e1zzuk!","robots":{"index":"index","follow":"follow","max-snippet":"max-snippet:-1","max-image-preview":"max-image-preview:large","max-video-preview":"max-video-preview:-1"},"canonical":"https:\/\/hungaroonline.hu\/en\/product-category\/eperfa-hordok\/","og_locale":"en_US","og_type":"article","og_title":"P\u00e1link\u00e1s eperfa hord\u00f3 10 literes - HungaroOnline","og_description":"AZ \u00c1R A MIN\u0150S\u00c9GET T\u00dcKR\u00d6ZI!!! Cseregaranci\u00e1t biztos\u00edtunk! MI\u00c9RT IS TUDUNK CSEREGARANCI\u00c1T BIZTOS\u00cdTANI: 56 \u00e9v szakmai tapasztalattal k\u00e9sz\u00edtj\u00fck a hord\u00f3inkat! Gondosan v\u00e1logatott min\u0151s\u00e9gi alapanyagot haszn\u00e1lunk! Csak a megfelel\u0151 kisz\u00e1r\u00edt\u00e1s ut\u00e1n kezdj\u00fck a hord\u00f3 k\u00e9sz\u00edt\u00e9st! Elk\u00e9sz\u00fcl\u00e9s ut\u00e1n a hord\u00f3kat nyom\u00e1spr\u00f3b\u00e1zzuk!","og_url":"https:\/\/hungaroonline.hu\/en\/product-category\/eperfa-hordok\/","og_site_name":"HungaroOnline","article_publisher":"https:\/\/www.facebook.com\/hungaroonline","article_modified_time":"2025-06-19T12:35:52+00:00","og_image":[{"width":768,"height":768,"url":"https:\/\/hungaroonline.hu\/wp-content\/uploads\/2019\/05\/eperfa5l-1-1.jpg","type":"image\/jpeg"}],"twitter_card":"summary_large_image","twitter_misc":{"Est. reading time":"2 minutes"},"schema":{"@context":"https:\/\/schema.org","@graph":[{"@type":"WebPage","@id":"https:\/\/hungaroonline.hu\/termek\/eperfa-hordo-10-literes\/","url":"https:\/\/hungaroonline.hu\/termekkategoria\/eperfa-hordok\/","name":"P\u00e1link\u00e1s eperfa hord\u00f3 10 literes - HungaroOnline","isPartOf":{"@id":"https:\/\/hungaroonline.hu\/#website"},"primaryImageOfPage":{"@id":"https:\/\/hungaroonline.hu\/termekkategoria\/eperfa-hordok\/#primaryimage"},"image":{"@id":"https:\/\/hungaroonline.hu\/termekkategoria\/eperfa-hordok\/#primaryimage"},"thumbnailUrl":"https:\/\/hungaroonline.hu\/wp-content\/uploads\/2019\/05\/eperfa10l-1.jpg","datePublished":"2019-05-22T07:39:33+00:00","dateModified":"2025-06-19T12:35:52+00:00","description":"AZ \u00c1R A MIN\u0150S\u00c9GET T\u00dcKR\u00d6ZI!!! Cseregaranci\u00e1t biztos\u00edtunk! MI\u00c9RT IS TUDUNK CSEREGARANCI\u00c1T BIZTOS\u00cdTANI: 56 \u00e9v szakmai tapasztalattal k\u00e9sz\u00edtj\u00fck a hord\u00f3inkat! Gondosan v\u00e1logatott min\u0151s\u00e9gi alapanyagot haszn\u00e1lunk! Csak a megfelel\u0151 kisz\u00e1r\u00edt\u00e1s ut\u00e1n kezdj\u00fck a hord\u00f3 k\u00e9sz\u00edt\u00e9st! Elk\u00e9sz\u00fcl\u00e9s ut\u00e1n a hord\u00f3kat nyom\u00e1spr\u00f3b\u00e1zzuk!","breadcrumb":{"@id":"https:\/\/hungaroonline.hu\/termekkategoria\/eperfa-hordok\/#breadcrumb"},"inLanguage":"en-US","potentialAction":[{"@type":"ReadAction","target":["https:\/\/hungaroonline.hu\/termekkategoria\/eperfa-hordok\/"]}]},{"@type":"ImageObject","inLanguage":"en-US","@id":"https:\/\/hungaroonline.hu\/termekkategoria\/eperfa-hordok\/#primaryimage","url":"https:\/\/hungaroonline.hu\/wp-content\/uploads\/2019\/05\/eperfa10l-1.jpg","contentUrl":"https:\/\/hungaroonline.hu\/wp-content\/uploads\/2019\/05\/eperfa10l-1.jpg","width":768,"height":768},{"@type":"BreadcrumbList","@id":"https:\/\/hungaroonline.hu\/termekkategoria\/eperfa-hordok\/#breadcrumb","itemListElement":[{"@type":"ListItem","position":1,"name":"Home","item":"https:\/\/hungaroonline.hu\/"},{"@type":"ListItem","position":2,"name":"\u00dczlet","item":"https:\/\/hungaroonline.hu\/uzlet\/"},{"@type":"ListItem","position":3,"name":"P\u00e1link\u00e1s eperfa hord\u00f3 10 literes"}]},{"@type":"WebSite","@id":"https:\/\/hungaroonline.hu\/#website","url":"https:\/\/hungaroonline.hu\/","name":"HungaroOnline","description":"Dog House - Barrel - Pallet Furniture - Pallet Cushion Production","publisher":{"@id":"https:\/\/hungaroonline.hu\/#organization"},"potentialAction":[{"@type":"SearchAction","target":{"@type":"EntryPoint","urlTemplate":"https:\/\/hungaroonline.hu\/?s={search_term_string}"},"query-input":{"@type":"PropertyValueSpecification","valueRequired":true,"valueName":"search_term_string"}}],"inLanguage":"en-US"},{"@type":"Organization","@id":"https:\/\/hungaroonline.hu\/#organization","name":"HungaroOnline","url":"https:\/\/hungaroonline.hu\/","logo":{"@type":"ImageObject","inLanguage":"en-US","@id":"https:\/\/hungaroonline.hu\/#\/schema\/logo\/image\/","url":"https:\/\/hungaroonline.hu\/wp-content\/uploads\/2023\/01\/hungaroonline-footer-logo-color-a.png","contentUrl":"https:\/\/hungaroonline.hu\/wp-content\/uploads\/2023\/01\/hungaroonline-footer-logo-color-a.png","width":970,"height":86,"caption":"HungaroOnline"},"image":{"@id":"https:\/\/hungaroonline.hu\/#\/schema\/logo\/image\/"},"sameAs":["https:\/\/www.facebook.com\/hungaroonline"]}]}},"_links":{"self":[{"href":"https:\/\/hungaroonline.hu\/en\/wp-json\/wp\/v2\/product\/140","targetHints":{"allow":["GET"]}}],"collection":[{"href":"https:\/\/hungaroonline.hu\/en\/wp-json\/wp\/v2\/product"}],"about":[{"href":"https:\/\/hungaroonline.hu\/en\/wp-json\/wp\/v2\/types\/product"}],"replies":[{"embeddable":true,"href":"https:\/\/hungaroonline.hu\/en\/wp-json\/wp\/v2\/comments?post=140"}],"version-history":[{"count":20,"href":"https:\/\/hungaroonline.hu\/en\/wp-json\/wp\/v2\/product\/140\/revisions"}],"predecessor-version":[{"id":7265,"href":"https:\/\/hungaroonline.hu\/en\/wp-json\/wp\/v2\/product\/140\/revisions\/7265"}],"wp:featuredmedia":[{"embeddable":true,"href":"https:\/\/hungaroonline.hu\/en\/wp-json\/wp\/v2\/media\/141"}],"wp:attachment":[{"href":"https:\/\/hungaroonline.hu\/en\/wp-json\/wp\/v2\/media?parent=140"}],"wp:term":[{"taxonomy":"product_brand","embeddable":true,"href":"https:\/\/hungaroonline.hu\/en\/wp-json\/wp\/v2\/product_brand?post=140"},{"taxonomy":"product_cat","embeddable":true,"href":"https:\/\/hungaroonline.hu\/en\/wp-json\/wp\/v2\/product_cat?post=140"},{"taxonomy":"product_tag","embeddable":true,"href":"https:\/\/hungaroonline.hu\/en\/wp-json\/wp\/v2\/product_tag?post=140"}],"curies":[{"name":"wp","href":"https:\/\/api.w.org\/{rel}","templated":true}]}}