{"id":309,"date":"2019-06-12T12:06:21","date_gmt":"2019-06-12T12:06:21","guid":{"rendered":"https:\/\/hungaroonline.hempa.hu\/?page_id=309"},"modified":"2025-01-29T17:55:32","modified_gmt":"2025-01-29T16:55:32","slug":"aszf","status":"publish","type":"page","link":"https:\/\/hungaroonline.hu\/en\/aszf\/","title":{"rendered":"GTC"},"content":{"rendered":"<p><a href=\"https:\/\/hungaroonline.hu\/wp-content\/uploads\/2020\/11\/HUNGAROONLINE-ASZF-f.pdf\">General terms and conditions<\/a><\/p>\n\n\n\n<p><\/p>\n\n\n\n<p><strong><u>IMPORTANT!!!&nbsp;<\/u><\/strong>If it is no longer current or you have changed your mind, please let us know in advance on this phone number&nbsp;<strong>+36706361980<\/strong>&nbsp;obsession&nbsp;<a href=\"mailto:hungaroonlinekft@gmail.com\" target=\"_blank\" rel=\"noreferrer noopener\">hungaroonlinekft@gmail.com<\/a>&nbsp;at email address!<\/p>\n\n\n\n<p><strong><u>PAYMENT OBLIGATION<\/u><\/strong>\u00a0It also applies if the courier service (at MPL)\u00a0\u00a0<strong><u>REFUSE TO RECEIVE THE PACKAGE!!!\u00a0<\/u><\/strong>\u00a0In any case, you can do this at these contacts\u00a0<strong>+36706361980\u00a0\u00a0<\/strong>obsession\u00a0\u00a0<a href=\"mailto:hungaroonlinekft@gmail.com\" target=\"_blank\" rel=\"noreferrer noopener\">hungaroonlinekft@gmail.com<\/a>\u00a0 at email address\u00a0\u00a0<strong><u>MUST<\/u><\/strong>\u00a0 let us know!<\/p>\n\n\n\n<p>If you do not notify us of your intention to cancel&nbsp;<strong><u>MUST<\/u><\/strong>&nbsp;reimburse the shipping cost&nbsp;<strong><u>The Government 45\/2014. (II. 26.) Government decree based on the law on contracts between the consumer and the business!!!<\/u><\/strong> <\/p>\n\n\n\n<p><strong>The \u00c1FSZ accepted and took note of the contract<\/strong> <strong>obligation!!!<\/strong><\/p>\n\n\n\n<p><\/p>\n\n\n\n<p><\/p>\n\n\n\n<p><\/p>\n\n\n\n<p><strong>It is not possible to receive the product or handle it in person!<\/strong><\/p>\n\n\n\n<p><\/p>\n\n\n\n<p>1. The manufacturer is the sole owner of the product.&nbsp;<\/p>\n\n\n\n<p>2. The dog house that the buyer already has <strong>assembled<\/strong> we are unable to exchange or refund the price!&nbsp;<\/p>\n\n\n\n<p>3. Not suitable for your dog <strong>size dog house<\/strong> and <strong>Thermo Curtain<\/strong> order, we are unable to exchange or refund the price of the dog house, the dimensions of the dog houses <strong>are listed!<\/strong> Please read carefully and <strong>think about the dimensions!&nbsp;<\/strong><\/p>\n\n\n\n<p>4. The manufacturer guarantees to serve the distributor, with maximum production capacity and compliance with the appropriate quality requirements.&nbsp;<\/p>\n\n\n\n<p>5. A&nbsp;<a href=\"https:\/\/hungaroonline.hu\/en\/\" target=\"_blank\" rel=\"noreferrer noopener\">hungaroonline.hu<\/a>&nbsp;The products sold on the site are produced by the contracted manufacturers!&nbsp;<\/p>\n\n\n\n<p>6. For every product sold on hungaroonline.hu, the manufacturer is responsible for the proper quality, packaging, and delivery of the product.&nbsp;<\/p>\n\n\n\n<p>7. Hungaroonline.hu, B.HungaroOnline Kft issues an invoice to the customer for each product ordered from the online store on hungaroonline.hu!&nbsp;<\/p>\n\n\n\n<p>8. The price of the products in the web store does not include <strong>VAT<\/strong>! <strong>AAM Prices!<\/strong><\/p>\n\n\n\n<p>9. The manufacturer undertakes to safely package the ordered product on the day of the order, but within 5-12 working days at most, and hand it over to the courier service.&nbsp;<br>10. The manufacturer assumes responsibility for any damage or breakage resulting from improper packaging!&nbsp;<\/p>\n\n\n\n<p>11. The shipping cost is determined by the weight and size of the products!&nbsp;<\/p>\n\n\n\n<p>12. The MANUFACTURER ASSUMES THE GUARANTEE FOR ANY PROBLEM RELATED TO THE QUALITY OF ANY PRODUCT RELATED TO THE QUALITY!&nbsp;<\/p>\n\n\n\n<p>13. Any order from the Hungaroonline.hu online store without any particular justification <strong>you can delete it!<\/strong><\/p>\n\n\n\n<p>14. <strong>Warranty<\/strong><em>: One year.<\/em><\/p>\n\n\n\n<p>15. <strong>In this case, you cannot use the Warranty:<\/strong><\/p>\n\n\n\n<p><em>-disregarding the instructions for use and handling!<\/em><\/p>\n\n\n\n<p><em>- improper storage, improper handling, damage, chewing!<\/em><strong><em><\/em><\/strong><\/p>\n\n\n\n<p><strong><em>&#8211;<\/em><\/strong><em>elemental damage, caused by a natural disaster!<\/em><\/p>\n\n\n\n<p><em>-no surface treatment at least 2x!<\/em><\/p>\n\n\n\n<p><em>- incorrect assembly!<\/em><\/p>\n\n\n\n<p><em>-incorrect size selection!<\/em><\/p>\n\n\n\n<p><strong>After purchase, AFSZ accepted and took note of the terms and conditions related to the warranty<em>!<\/em><\/strong><\/p>\n\n\n\n<p><strong><em>Burj\u00e1nHungary Kft<\/em><\/strong><\/p>\n\n\n\n<p>Company register number: <strong>06-09-027651<\/strong><\/p>\n\n\n\n<p>Headquarters: 6914 Pitvaros Mez\u0151hegyesi \u00fat 22.<\/p>\n\n\n\n<p>Postal address: 6914 Pitvaros Mez\u0151hegyesi \u00fat 22.<\/p>\n\n\n\n<p>Website:&nbsp;<a href=\"http:\/\/www.hungaroonlin.hu\/\" target=\"_blank\" rel=\"noreferrer noopener\">www.hungaroonlin.hu<\/a><\/p>\n\n\n\n<p>Tax number: <strong>27731464-1-06.<\/strong><\/p>\n\n\n\n<p>Public tax ID number: <strong>HU27731464.<\/strong><\/p>\n\n\n\n<p>Phone: +36706361980<\/p>\n\n\n\n<p>E-mail:&nbsp;<a href=\"mailto:hungaroonlinekft@gmail.com\" target=\"_blank\" rel=\"noreferrer noopener\">hungaroonlinekft@gmail.com<\/a><\/p>\n\n\n\n<p><br>K&amp;H Bank zrt. <strong>HU50 10402829-50526954-78511008<\/strong><\/p>\n\n\n\n<p><\/p>\n\n\n\n<p>16. <em><strong>We can deliver the garden furniture nationwide with EUR pallet delivery, due to its oversized size and weight, the delivery fee is HUF 25,000!<\/strong><\/em><\/p>\n\n\n\n<p><em><strong>We can deliver about 6-7 pieces of assembled garden furniture on one EUR pallet!<\/strong><\/em><\/p>\n\n\n\n<p>17. <strong>Legal entities may not exercise a 14-day right of withdrawal pursuant to Art. 45\/2014. (II. 26.) Pursuant to the provisions of the Government Decree, the Civil Code. 8:1. According to \u00a7 3, a consumer is no other than a natural person acting outside the scope of his profession, independent occupation or business activity, i.e. legal persons and companies are not entitled to the right of withdrawal.<\/strong><\/p>\n\n\n\n<p><strong>Method of settling the objection on the part of the enterprise: Rejected<\/strong><\/p>\n\n\n\n<p><strong>Legal entities may not exercise a 14-day right of withdrawal pursuant to Art. 45\/2014. (II. 26.) Pursuant to the provisions of the Government Decree.<\/strong>&nbsp;&nbsp;<br><br><strong>The Civil Code 8:1. According to \u00a7 3, a consumer is no other than a natural person acting outside the scope of his profession, independent occupation or business activity, i.e. legal persons and companies are not entitled to the right of withdrawal.<\/strong><\/p>\n\n\n\n<p><a href=\"https:\/\/hungaroonline.hempa.hu\/wp-content\/uploads\/2022\/09\/HUNGAROONLINE-ASZF-f-5.pdf\"><strong>FULL DESCRIPTION OF \u00c1FSZ HERE<\/strong><\/a>:<\/p>\n\n\n\n<p><\/p>\n\n\n\n<p><strong><a href=\"https:\/\/hungaroonline.hu\/wp-content\/uploads\/2023\/10\/MK14030.pdf\">45\/2014. (II. 26.) Govt. Regulation of contracts between the consumer and the business here:<\/a><\/strong><\/p>\n\n\n\n<p><\/p>\n\n\n\n<p><\/p>\n\n\n\n<figure class=\"wp-block-gallery has-nested-images columns-default is-cropped wp-block-gallery-1 is-layout-flex wp-block-gallery-is-layout-flex\"><\/figure>\n\n\n\n<p><\/p>\n\n\n\n<p><\/p>\n\n\n\n<p><strong>ONLINE PAYMENT BY BANK CARD \u00c1FSZ-OFSZ<\/strong>:<\/p>\n\n\n\n<p><strong>Safe:<\/strong>&nbsp;you can check exactly who you buy from and your money can be tracked: you can request an SMS from your bank notifying you of transactions, and you can also check your spending on your bank statement.<\/p>\n\n\n\n<p><strong>Free payment:<\/strong>&nbsp;there is no separate fee for online bank card payment.<\/p>\n\n\n\n<p><strong>Free returns:<\/strong>&nbsp;whichever payment method you choose, you can return the products sold by Hungaroonline.hu free of charge for 30 days without reason<sup>*<\/sup>, of course also in the case of online bank card payment (and the purchase price will be refunded to the products within 14 days of their arrival at the warehouse!<\/p>\n\n\n\n<ul class=\"wp-block-list\">\n<li>Save your card so that you don&#039;t have to enter all its data again the next time you pay online.<\/li>\n\n\n\n<li>Choose from the payment methods and click on the &quot;Order&quot; button. The payment will be made automatically.<\/li>\n<\/ul>\n\n\n\n<p>Bank card types accepted for online payment are: VISA (Classic and Electron), Maestro and Mastercard. If this does not have a CVV2\/CVC2 code, then the relevant field must be filled in with fictitious values.<\/p>\n\n\n\n<p>It is important to know that no transaction fee is charged for the order! Hungaroonline.hu guarantees payment security!<\/p>\n\n\n\n<p>If your bank card is not HUF-based, the amount will be deducted according to your bank&#039;s daily exchange rate!<\/p>\n\n\n\n<p><\/p>\n\n\n\n<p><\/p>\n\n\n\n<div data-wp-interactive=\"core\/file\" class=\"wp-block-file\"><object data-wp-bind--hidden=\"!state.hasPdfPreview\" hidden class=\"wp-block-file__embed\" data=\"https:\/\/hungaroonline.hu\/wp-content\/uploads\/2024\/12\/OFSZ-ASZF_Elektronikus-hatalyos-20240401.pdf-BANKARTYAS-FIZETES.pdf\" type=\"application\/pdf\" style=\"width:100%;height:630px\" aria-label=\"Embed of OFSZ-ASZF_Elektronikus-hatalyos-20240401.pdf BANK\u00c1RTY\u00c1S FIZET\u00c9S.\"><\/object><a id=\"wp-block-file--media-4b5fd68a-3212-4151-a176-d65e2f9f9880\" href=\"https:\/\/hungaroonline.hu\/wp-content\/uploads\/2024\/12\/OFSZ-ASZF_Elektronikus-hatalyos-20240401.pdf-BANKARTYAS-FIZETES.pdf\">OFSZ-ASZF_Elektronikus-tathalyos-20240401.pdf BANK CARD PAYMENT<\/a><a href=\"https:\/\/hungaroonline.hu\/wp-content\/uploads\/2024\/12\/OFSZ-ASZF_Elektronikus-hatalyos-20240401.pdf-BANKARTYAS-FIZETES.pdf\" class=\"wp-block-file__button wp-element-button\" download aria-describedby=\"wp-block-file--media-4b5fd68a-3212-4151-a176-d65e2f9f9880\">Download<\/a><\/div>","protected":false},"excerpt":{"rendered":"<p>\u00c1ltal\u00e1nos Szerz\u0151d\u00e9si Felt\u00e9telek FONTOS!!!&nbsp;Ha m\u00e1r nem aktu\u00e1lis vagy meggondolta mag\u00e1t azt k\u00e9rem el\u0151re jelezni fel\u00e9nk ezen a telefonsz\u00e1mon&nbsp;+36706361980&nbsp;vagy&nbsp;hungaroonlinekft@gmail.com&nbsp;email c\u00edmen! FIZET\u00c9SI K\u00d6TELEZETTS\u00c9G\u00a0Hat\u00e1lya al\u00e1 esik akkor is ha a fut\u00e1rszolg\u00e1latn\u00e1l az (MPL-n\u00e9l)\u00a0\u00a0TAGADJA\u00a0 MEG\u00a0 A CSOMAG\u00c1TV\u00c9TELT!!!\u00a0\u00a0Ezt minden esetben ezeken az el\u00e9rhet\u0151s\u00e9geken\u00a0+36706361980\u00a0\u00a0vagy\u00a0\u00a0hungaroonlinekft@gmail.com\u00a0 email c\u00edmen\u00a0\u00a0K\u00d6TELES\u00a0 jelezni fel\u00e9nk! Ha nem jelzi fel\u00e9nk az el\u00e1ll\u00e1si sz\u00e1nd\u00e9k\u00e1t&nbsp;K\u00d6TELES&nbsp;megt\u00e9r\u00edteni a sz\u00e1ll\u00edt\u00e1si k\u00f6lts\u00e9get&nbsp;A Korm\u00e1ny 45\/2014. (II. [&hellip;]<\/p>","protected":false},"author":1,"featured_media":0,"parent":0,"menu_order":0,"comment_status":"closed","ping_status":"closed","template":"","meta":{"footnotes":""},"class_list":["post-309","page","type-page","status-publish","hentry"],"yoast_head":"<!-- This site is optimized with the Yoast SEO plugin v26.6 - https:\/\/yoast.com\/wordpress\/plugins\/seo\/ -->\n<title>\u00c1SZF - HungaroOnline<\/title>\n<meta name=\"robots\" content=\"index, follow, max-snippet:-1, max-image-preview:large, max-video-preview:-1\" \/>\n<link rel=\"canonical\" href=\"https:\/\/hungaroonline.hu\/en\/aszf\/\" \/>\n<meta property=\"og:locale\" content=\"en_US\" \/>\n<meta property=\"og:type\" content=\"article\" \/>\n<meta property=\"og:title\" content=\"\u00c1SZF - HungaroOnline\" \/>\n<meta property=\"og:description\" content=\"\u00c1ltal\u00e1nos Szerz\u0151d\u00e9si Felt\u00e9telek FONTOS!!!&nbsp;Ha m\u00e1r nem aktu\u00e1lis vagy meggondolta mag\u00e1t azt k\u00e9rem el\u0151re jelezni fel\u00e9nk ezen a telefonsz\u00e1mon&nbsp;+36706361980&nbsp;vagy&nbsp;hungaroonlinekft@gmail.com&nbsp;email c\u00edmen! FIZET\u00c9SI K\u00d6TELEZETTS\u00c9G\u00a0Hat\u00e1lya al\u00e1 esik akkor is ha a fut\u00e1rszolg\u00e1latn\u00e1l az (MPL-n\u00e9l)\u00a0\u00a0TAGADJA\u00a0 MEG\u00a0 A CSOMAG\u00c1TV\u00c9TELT!!!\u00a0\u00a0Ezt minden esetben ezeken az el\u00e9rhet\u0151s\u00e9geken\u00a0+36706361980\u00a0\u00a0vagy\u00a0\u00a0hungaroonlinekft@gmail.com\u00a0 email c\u00edmen\u00a0\u00a0K\u00d6TELES\u00a0 jelezni fel\u00e9nk! Ha nem jelzi fel\u00e9nk az el\u00e1ll\u00e1si sz\u00e1nd\u00e9k\u00e1t&nbsp;K\u00d6TELES&nbsp;megt\u00e9r\u00edteni a sz\u00e1ll\u00edt\u00e1si k\u00f6lts\u00e9get&nbsp;A Korm\u00e1ny 45\/2014. (II. [&hellip;]\" \/>\n<meta property=\"og:url\" content=\"https:\/\/hungaroonline.hu\/en\/aszf\/\" \/>\n<meta property=\"og:site_name\" content=\"HungaroOnline\" \/>\n<meta property=\"article:publisher\" content=\"https:\/\/www.facebook.com\/hungaroonline\" \/>\n<meta property=\"article:modified_time\" content=\"2025-01-29T16:55:32+00:00\" \/>\n<meta name=\"twitter:card\" content=\"summary_large_image\" \/>\n<meta name=\"twitter:label1\" content=\"Est. reading time\" \/>\n\t<meta name=\"twitter:data1\" content=\"4 minutes\" \/>\n<script type=\"application\/ld+json\" class=\"yoast-schema-graph\">{\"@context\":\"https:\/\/schema.org\",\"@graph\":[{\"@type\":\"WebPage\",\"@id\":\"https:\/\/hungaroonline.hu\/aszf\/\",\"url\":\"https:\/\/hungaroonline.hu\/aszf\/\",\"name\":\"\u00c1SZF - HungaroOnline\",\"isPartOf\":{\"@id\":\"https:\/\/hungaroonline.hu\/#website\"},\"datePublished\":\"2019-06-12T12:06:21+00:00\",\"dateModified\":\"2025-01-29T16:55:32+00:00\",\"breadcrumb\":{\"@id\":\"https:\/\/hungaroonline.hu\/aszf\/#breadcrumb\"},\"inLanguage\":\"en-US\",\"potentialAction\":[{\"@type\":\"ReadAction\",\"target\":[\"https:\/\/hungaroonline.hu\/aszf\/\"]}]},{\"@type\":\"BreadcrumbList\",\"@id\":\"https:\/\/hungaroonline.hu\/aszf\/#breadcrumb\",\"itemListElement\":[{\"@type\":\"ListItem\",\"position\":1,\"name\":\"Home\",\"item\":\"https:\/\/hungaroonline.hu\/\"},{\"@type\":\"ListItem\",\"position\":2,\"name\":\"\u00c1SZF\"}]},{\"@type\":\"WebSite\",\"@id\":\"https:\/\/hungaroonline.hu\/#website\",\"url\":\"https:\/\/hungaroonline.hu\/\",\"name\":\"HungaroOnline\",\"description\":\"Kutyah\u00e1z - Hord\u00f3 - Raklap b\u00fator - Raklapp\u00e1rna Gy\u00e1rt\u00e1sa\",\"publisher\":{\"@id\":\"https:\/\/hungaroonline.hu\/#organization\"},\"potentialAction\":[{\"@type\":\"SearchAction\",\"target\":{\"@type\":\"EntryPoint\",\"urlTemplate\":\"https:\/\/hungaroonline.hu\/?s={search_term_string}\"},\"query-input\":{\"@type\":\"PropertyValueSpecification\",\"valueRequired\":true,\"valueName\":\"search_term_string\"}}],\"inLanguage\":\"en-US\"},{\"@type\":\"Organization\",\"@id\":\"https:\/\/hungaroonline.hu\/#organization\",\"name\":\"HungaroOnline\",\"url\":\"https:\/\/hungaroonline.hu\/\",\"logo\":{\"@type\":\"ImageObject\",\"inLanguage\":\"en-US\",\"@id\":\"https:\/\/hungaroonline.hu\/#\/schema\/logo\/image\/\",\"url\":\"https:\/\/hungaroonline.hu\/wp-content\/uploads\/2023\/01\/hungaroonline-footer-logo-color-a.png\",\"contentUrl\":\"https:\/\/hungaroonline.hu\/wp-content\/uploads\/2023\/01\/hungaroonline-footer-logo-color-a.png\",\"width\":970,\"height\":86,\"caption\":\"HungaroOnline\"},\"image\":{\"@id\":\"https:\/\/hungaroonline.hu\/#\/schema\/logo\/image\/\"},\"sameAs\":[\"https:\/\/www.facebook.com\/hungaroonline\"]}]}<\/script>\n<!-- \/ Yoast SEO plugin. -->","yoast_head_json":{"title":"\u00c1SZF - HungaroOnline","robots":{"index":"index","follow":"follow","max-snippet":"max-snippet:-1","max-image-preview":"max-image-preview:large","max-video-preview":"max-video-preview:-1"},"canonical":"https:\/\/hungaroonline.hu\/en\/aszf\/","og_locale":"en_US","og_type":"article","og_title":"\u00c1SZF - HungaroOnline","og_description":"\u00c1ltal\u00e1nos Szerz\u0151d\u00e9si Felt\u00e9telek FONTOS!!!&nbsp;Ha m\u00e1r nem aktu\u00e1lis vagy meggondolta mag\u00e1t azt k\u00e9rem el\u0151re jelezni fel\u00e9nk ezen a telefonsz\u00e1mon&nbsp;+36706361980&nbsp;vagy&nbsp;hungaroonlinekft@gmail.com&nbsp;email c\u00edmen! FIZET\u00c9SI K\u00d6TELEZETTS\u00c9G\u00a0Hat\u00e1lya al\u00e1 esik akkor is ha a fut\u00e1rszolg\u00e1latn\u00e1l az (MPL-n\u00e9l)\u00a0\u00a0TAGADJA\u00a0 MEG\u00a0 A CSOMAG\u00c1TV\u00c9TELT!!!\u00a0\u00a0Ezt minden esetben ezeken az el\u00e9rhet\u0151s\u00e9geken\u00a0+36706361980\u00a0\u00a0vagy\u00a0\u00a0hungaroonlinekft@gmail.com\u00a0 email c\u00edmen\u00a0\u00a0K\u00d6TELES\u00a0 jelezni fel\u00e9nk! Ha nem jelzi fel\u00e9nk az el\u00e1ll\u00e1si sz\u00e1nd\u00e9k\u00e1t&nbsp;K\u00d6TELES&nbsp;megt\u00e9r\u00edteni a sz\u00e1ll\u00edt\u00e1si k\u00f6lts\u00e9get&nbsp;A Korm\u00e1ny 45\/2014. (II. [&hellip;]","og_url":"https:\/\/hungaroonline.hu\/en\/aszf\/","og_site_name":"HungaroOnline","article_publisher":"https:\/\/www.facebook.com\/hungaroonline","article_modified_time":"2025-01-29T16:55:32+00:00","twitter_card":"summary_large_image","twitter_misc":{"Est. reading time":"4 minutes"},"schema":{"@context":"https:\/\/schema.org","@graph":[{"@type":"WebPage","@id":"https:\/\/hungaroonline.hu\/aszf\/","url":"https:\/\/hungaroonline.hu\/aszf\/","name":"\u00c1SZF - HungaroOnline","isPartOf":{"@id":"https:\/\/hungaroonline.hu\/#website"},"datePublished":"2019-06-12T12:06:21+00:00","dateModified":"2025-01-29T16:55:32+00:00","breadcrumb":{"@id":"https:\/\/hungaroonline.hu\/aszf\/#breadcrumb"},"inLanguage":"en-US","potentialAction":[{"@type":"ReadAction","target":["https:\/\/hungaroonline.hu\/aszf\/"]}]},{"@type":"BreadcrumbList","@id":"https:\/\/hungaroonline.hu\/aszf\/#breadcrumb","itemListElement":[{"@type":"ListItem","position":1,"name":"Home","item":"https:\/\/hungaroonline.hu\/"},{"@type":"ListItem","position":2,"name":"\u00c1SZF"}]},{"@type":"WebSite","@id":"https:\/\/hungaroonline.hu\/#website","url":"https:\/\/hungaroonline.hu\/","name":"HungaroOnline","description":"Dog House - Barrel - Pallet Furniture - Pallet Cushion Production","publisher":{"@id":"https:\/\/hungaroonline.hu\/#organization"},"potentialAction":[{"@type":"SearchAction","target":{"@type":"EntryPoint","urlTemplate":"https:\/\/hungaroonline.hu\/?s={search_term_string}"},"query-input":{"@type":"PropertyValueSpecification","valueRequired":true,"valueName":"search_term_string"}}],"inLanguage":"en-US"},{"@type":"Organization","@id":"https:\/\/hungaroonline.hu\/#organization","name":"HungaroOnline","url":"https:\/\/hungaroonline.hu\/","logo":{"@type":"ImageObject","inLanguage":"en-US","@id":"https:\/\/hungaroonline.hu\/#\/schema\/logo\/image\/","url":"https:\/\/hungaroonline.hu\/wp-content\/uploads\/2023\/01\/hungaroonline-footer-logo-color-a.png","contentUrl":"https:\/\/hungaroonline.hu\/wp-content\/uploads\/2023\/01\/hungaroonline-footer-logo-color-a.png","width":970,"height":86,"caption":"HungaroOnline"},"image":{"@id":"https:\/\/hungaroonline.hu\/#\/schema\/logo\/image\/"},"sameAs":["https:\/\/www.facebook.com\/hungaroonline"]}]}},"_links":{"self":[{"href":"https:\/\/hungaroonline.hu\/en\/wp-json\/wp\/v2\/pages\/309","targetHints":{"allow":["GET"]}}],"collection":[{"href":"https:\/\/hungaroonline.hu\/en\/wp-json\/wp\/v2\/pages"}],"about":[{"href":"https:\/\/hungaroonline.hu\/en\/wp-json\/wp\/v2\/types\/page"}],"author":[{"embeddable":true,"href":"https:\/\/hungaroonline.hu\/en\/wp-json\/wp\/v2\/users\/1"}],"replies":[{"embeddable":true,"href":"https:\/\/hungaroonline.hu\/en\/wp-json\/wp\/v2\/comments?post=309"}],"version-history":[{"count":18,"href":"https:\/\/hungaroonline.hu\/en\/wp-json\/wp\/v2\/pages\/309\/revisions"}],"predecessor-version":[{"id":6726,"href":"https:\/\/hungaroonline.hu\/en\/wp-json\/wp\/v2\/pages\/309\/revisions\/6726"}],"wp:attachment":[{"href":"https:\/\/hungaroonline.hu\/en\/wp-json\/wp\/v2\/media?parent=309"}],"curies":[{"name":"wp","href":"https:\/\/api.w.org\/{rel}","templated":true}]}}