{"id":278,"date":"2019-05-30T10:20:33","date_gmt":"2019-05-30T10:20:33","guid":{"rendered":"https:\/\/hungaroonline.hempa.hu\/?page_id=278"},"modified":"2023-10-23T11:05:01","modified_gmt":"2023-10-23T09:05:01","slug":"szallitasi-es-fizetesi-informaciok","status":"publish","type":"page","link":"https:\/\/hungaroonline.hu\/en\/szallitasi-es-fizetesi-informaciok\/","title":{"rendered":"Shipping and Payment Information"},"content":{"rendered":"<div data-elementor-type=\"wp-page\" data-elementor-id=\"278\" class=\"elementor elementor-278\" data-elementor-post-type=\"page\">\n\t\t\t\t<div class=\"elementor-element elementor-element-bbb1795 e-flex e-con-boxed e-con e-parent\" data-id=\"bbb1795\" data-element_type=\"container\">\n\t\t\t\t\t<div class=\"e-con-inner\">\n\t\t<div class=\"elementor-element elementor-element-9ca283e e-con-full e-flex e-con e-child\" data-id=\"9ca283e\" data-element_type=\"container\">\n\t\t\t\t<div class=\"elementor-element elementor-element-5ef312f elementor-widget elementor-widget-text-editor\" data-id=\"5ef312f\" data-element_type=\"widget\" data-widget_type=\"text-editor.default\">\n\t\t\t\t<div class=\"elementor-widget-container\">\n\t\t\t\t\t\t\t\t\t<p><\/p>\n<h2 class=\"wp-block-heading\">Transport<\/h2>\n<p><\/p>\n<p><\/p>\n<p><\/p>\n<p><\/p>\n<p><\/p>\n<p>We deliver the ordered packages with the MPL courier service.<\/p>\n<p>Expected delivery time: 3-6 working days.<\/p>\n<p><em>Due to the size and weight of the dog house, the shipping cost is HUF 4,000 up to 27 kg.<\/em><\/p>\n<p><em>HUF 5,000 over 27 kg.<\/em><\/p>\n<p><\/p>\n<p>Delivery takes place on working days between 9:00 and 17:00.<\/p>\n<p>We will inform you about the start of delivery in an e-mail message.<\/p>\n<p><\/p>\n<p><\/p>\n<p>The shipping cost is determined based on the destination country and the weight of the package, which can be calculated after the order is placed.<\/p>\n<p>The shipping cost is shown as a separate item on the invoice.<br>We can only accept complaints about the contents of the package if the fact of the lack or damage is recorded on the waybill in the presence of the courier.<\/p>\n<p><\/p>\n<p><\/p>\n<p><\/p>\n<h2 class=\"wp-block-heading\">Direct bank transfer<\/h2>\n<p><\/p>\n<p><\/p>\n<p><\/p>\n<p>By paying by direct bank transfer, you can shop comfortably and safely in our store!<\/p>\n<p><\/p>\n<p>After ordering the selected goods, all our customers have to do is to click on the inscription &quot;payment by direct bank transfer&quot; when choosing the payment method, after which they will receive the fee requester by e-mail and all the necessary data will be available for you to pay the exact purchase amount!<\/p>\n<p>The price request includes the following data:<\/p>\n<p>-Name of the account owner:&nbsp;<\/p>\n<p>-Tax number:&nbsp;<\/p>\n<p>- Award applicant serial number:<\/p>\n<p>-Order number:<br>-Date of Completion:&nbsp;<br>- Exhibition date:<\/p>\n<p>-Payment deadline:<\/p>\n<p>- Total amount<\/p>\n<p>-Bank&#039;s name:&nbsp;<\/p>\n<p>-Account number:<\/p>\n<p>-Note (copy the order ID)<\/p>\n<p><\/p>\n<p><\/p>\t\t\t\t\t\t\t\t<\/div>\n\t\t\t\t<\/div>\n\t\t\t\t<\/div>\n\t\t\t\t\t<\/div>\n\t\t\t\t<\/div>\n\t\t\t\t<\/div>","protected":false},"excerpt":{"rendered":"<p>Delivery We deliver the ordered packages with the MPL courier service. Expected delivery time: 3-6 working days. Due to the size and weight of the dog house, the delivery cost is HUF 4,000 up to 27 kg. HUF 5,000 for more than 27 kg. Delivery takes place on working days between 9 a.m. and 5 p.m. We will inform you about the start of delivery in an e-mail message. The shipping cost is determined based on the destination country and the weight of the package, [...]<\/p>","protected":false},"author":1,"featured_media":0,"parent":0,"menu_order":0,"comment_status":"closed","ping_status":"closed","template":"elementor_header_footer","meta":{"footnotes":""},"class_list":["post-278","page","type-page","status-publish","hentry"],"yoast_head":"<!-- This site is optimized with the Yoast SEO plugin v26.6 - https:\/\/yoast.com\/wordpress\/plugins\/seo\/ -->\n<title>Sz\u00e1ll\u00edt\u00e1si \u00e9s fizet\u00e9si inform\u00e1ci\u00f3k - HungaroOnline<\/title>\n<meta name=\"robots\" content=\"index, follow, max-snippet:-1, max-image-preview:large, max-video-preview:-1\" \/>\n<link rel=\"canonical\" href=\"https:\/\/hungaroonline.hu\/en\/szallitasi-es-fizetesi-informaciok\/\" \/>\n<meta property=\"og:locale\" content=\"en_US\" \/>\n<meta property=\"og:type\" content=\"article\" \/>\n<meta property=\"og:title\" content=\"Sz\u00e1ll\u00edt\u00e1si \u00e9s fizet\u00e9si inform\u00e1ci\u00f3k - HungaroOnline\" \/>\n<meta property=\"og:description\" content=\"Sz\u00e1ll\u00edt\u00e1s MPL fut\u00e1rszolg\u00e1lattal sz\u00e1ll\u00edtjuk a megrendelt csomagokat. V\u00e1rhat\u00f3 sz\u00e1ll\u00edt\u00e1si id\u0151: 3-6 munkanap. Kutyah\u00e1z m\u00e9rete \u00e9s a s\u00faly\u00e1b\u00f3l&nbsp; ad\u00f3d\u00f3an a sz\u00e1ll\u00edt\u00e1si k\u00f6lts\u00e9g 27 kg-ig 4000 Ft. 27 kg felett 5000 Ft. A kisz\u00e1ll\u00edt\u00e1s munkanapon 9-17 \u00f3ra k\u00f6z\u00f6tt t\u00f6rt\u00e9nik. A kisz\u00e1ll\u00edt\u00e1s megkezd\u00e9s\u00e9r\u0151l e-mail \u00fczenetben t\u00e1j\u00e9koztatjuk. A sz\u00e1ll\u00edt\u00e1si k\u00f6lts\u00e9g a c\u00e9lorsz\u00e1g \u00e9s a csomag s\u00falya alapj\u00e1n ker\u00fcl meg\u00e1llap\u00edt\u00e1sra, [&hellip;]\" \/>\n<meta property=\"og:url\" content=\"https:\/\/hungaroonline.hu\/en\/szallitasi-es-fizetesi-informaciok\/\" \/>\n<meta property=\"og:site_name\" content=\"HungaroOnline\" \/>\n<meta property=\"article:publisher\" content=\"https:\/\/www.facebook.com\/hungaroonline\" \/>\n<meta property=\"article:modified_time\" content=\"2023-10-23T09:05:01+00:00\" \/>\n<meta name=\"twitter:card\" content=\"summary_large_image\" \/>\n<meta name=\"twitter:label1\" content=\"Est. reading time\" \/>\n\t<meta name=\"twitter:data1\" content=\"1 minute\" \/>\n<script type=\"application\/ld+json\" class=\"yoast-schema-graph\">{\"@context\":\"https:\/\/schema.org\",\"@graph\":[{\"@type\":\"WebPage\",\"@id\":\"https:\/\/hungaroonline.hu\/szallitasi-es-fizetesi-informaciok\/\",\"url\":\"https:\/\/hungaroonline.hu\/szallitasi-es-fizetesi-informaciok\/\",\"name\":\"Sz\u00e1ll\u00edt\u00e1si \u00e9s fizet\u00e9si inform\u00e1ci\u00f3k - HungaroOnline\",\"isPartOf\":{\"@id\":\"https:\/\/hungaroonline.hu\/#website\"},\"datePublished\":\"2019-05-30T10:20:33+00:00\",\"dateModified\":\"2023-10-23T09:05:01+00:00\",\"breadcrumb\":{\"@id\":\"https:\/\/hungaroonline.hu\/szallitasi-es-fizetesi-informaciok\/#breadcrumb\"},\"inLanguage\":\"en-US\",\"potentialAction\":[{\"@type\":\"ReadAction\",\"target\":[\"https:\/\/hungaroonline.hu\/szallitasi-es-fizetesi-informaciok\/\"]}]},{\"@type\":\"BreadcrumbList\",\"@id\":\"https:\/\/hungaroonline.hu\/szallitasi-es-fizetesi-informaciok\/#breadcrumb\",\"itemListElement\":[{\"@type\":\"ListItem\",\"position\":1,\"name\":\"Home\",\"item\":\"https:\/\/hungaroonline.hu\/\"},{\"@type\":\"ListItem\",\"position\":2,\"name\":\"Sz\u00e1ll\u00edt\u00e1si \u00e9s fizet\u00e9si inform\u00e1ci\u00f3k\"}]},{\"@type\":\"WebSite\",\"@id\":\"https:\/\/hungaroonline.hu\/#website\",\"url\":\"https:\/\/hungaroonline.hu\/\",\"name\":\"HungaroOnline\",\"description\":\"Kutyah\u00e1z - Hord\u00f3 - Raklap b\u00fator - Raklapp\u00e1rna Gy\u00e1rt\u00e1sa\",\"publisher\":{\"@id\":\"https:\/\/hungaroonline.hu\/#organization\"},\"potentialAction\":[{\"@type\":\"SearchAction\",\"target\":{\"@type\":\"EntryPoint\",\"urlTemplate\":\"https:\/\/hungaroonline.hu\/?s={search_term_string}\"},\"query-input\":{\"@type\":\"PropertyValueSpecification\",\"valueRequired\":true,\"valueName\":\"search_term_string\"}}],\"inLanguage\":\"en-US\"},{\"@type\":\"Organization\",\"@id\":\"https:\/\/hungaroonline.hu\/#organization\",\"name\":\"HungaroOnline\",\"url\":\"https:\/\/hungaroonline.hu\/\",\"logo\":{\"@type\":\"ImageObject\",\"inLanguage\":\"en-US\",\"@id\":\"https:\/\/hungaroonline.hu\/#\/schema\/logo\/image\/\",\"url\":\"https:\/\/hungaroonline.hu\/wp-content\/uploads\/2023\/01\/hungaroonline-footer-logo-color-a.png\",\"contentUrl\":\"https:\/\/hungaroonline.hu\/wp-content\/uploads\/2023\/01\/hungaroonline-footer-logo-color-a.png\",\"width\":970,\"height\":86,\"caption\":\"HungaroOnline\"},\"image\":{\"@id\":\"https:\/\/hungaroonline.hu\/#\/schema\/logo\/image\/\"},\"sameAs\":[\"https:\/\/www.facebook.com\/hungaroonline\"]}]}<\/script>\n<!-- \/ Yoast SEO plugin. -->","yoast_head_json":{"title":"Sz\u00e1ll\u00edt\u00e1si \u00e9s fizet\u00e9si inform\u00e1ci\u00f3k - HungaroOnline","robots":{"index":"index","follow":"follow","max-snippet":"max-snippet:-1","max-image-preview":"max-image-preview:large","max-video-preview":"max-video-preview:-1"},"canonical":"https:\/\/hungaroonline.hu\/en\/szallitasi-es-fizetesi-informaciok\/","og_locale":"en_US","og_type":"article","og_title":"Sz\u00e1ll\u00edt\u00e1si \u00e9s fizet\u00e9si inform\u00e1ci\u00f3k - HungaroOnline","og_description":"Sz\u00e1ll\u00edt\u00e1s MPL fut\u00e1rszolg\u00e1lattal sz\u00e1ll\u00edtjuk a megrendelt csomagokat. V\u00e1rhat\u00f3 sz\u00e1ll\u00edt\u00e1si id\u0151: 3-6 munkanap. Kutyah\u00e1z m\u00e9rete \u00e9s a s\u00faly\u00e1b\u00f3l&nbsp; ad\u00f3d\u00f3an a sz\u00e1ll\u00edt\u00e1si k\u00f6lts\u00e9g 27 kg-ig 4000 Ft. 27 kg felett 5000 Ft. A kisz\u00e1ll\u00edt\u00e1s munkanapon 9-17 \u00f3ra k\u00f6z\u00f6tt t\u00f6rt\u00e9nik. A kisz\u00e1ll\u00edt\u00e1s megkezd\u00e9s\u00e9r\u0151l e-mail \u00fczenetben t\u00e1j\u00e9koztatjuk. A sz\u00e1ll\u00edt\u00e1si k\u00f6lts\u00e9g a c\u00e9lorsz\u00e1g \u00e9s a csomag s\u00falya alapj\u00e1n ker\u00fcl meg\u00e1llap\u00edt\u00e1sra, [&hellip;]","og_url":"https:\/\/hungaroonline.hu\/en\/szallitasi-es-fizetesi-informaciok\/","og_site_name":"HungaroOnline","article_publisher":"https:\/\/www.facebook.com\/hungaroonline","article_modified_time":"2023-10-23T09:05:01+00:00","twitter_card":"summary_large_image","twitter_misc":{"Est. reading time":"1 minute"},"schema":{"@context":"https:\/\/schema.org","@graph":[{"@type":"WebPage","@id":"https:\/\/hungaroonline.hu\/szallitasi-es-fizetesi-informaciok\/","url":"https:\/\/hungaroonline.hu\/szallitasi-es-fizetesi-informaciok\/","name":"Sz\u00e1ll\u00edt\u00e1si \u00e9s fizet\u00e9si inform\u00e1ci\u00f3k - HungaroOnline","isPartOf":{"@id":"https:\/\/hungaroonline.hu\/#website"},"datePublished":"2019-05-30T10:20:33+00:00","dateModified":"2023-10-23T09:05:01+00:00","breadcrumb":{"@id":"https:\/\/hungaroonline.hu\/szallitasi-es-fizetesi-informaciok\/#breadcrumb"},"inLanguage":"en-US","potentialAction":[{"@type":"ReadAction","target":["https:\/\/hungaroonline.hu\/szallitasi-es-fizetesi-informaciok\/"]}]},{"@type":"BreadcrumbList","@id":"https:\/\/hungaroonline.hu\/szallitasi-es-fizetesi-informaciok\/#breadcrumb","itemListElement":[{"@type":"ListItem","position":1,"name":"Home","item":"https:\/\/hungaroonline.hu\/"},{"@type":"ListItem","position":2,"name":"Sz\u00e1ll\u00edt\u00e1si \u00e9s fizet\u00e9si inform\u00e1ci\u00f3k"}]},{"@type":"WebSite","@id":"https:\/\/hungaroonline.hu\/#website","url":"https:\/\/hungaroonline.hu\/","name":"HungaroOnline","description":"Dog House - Barrel - Pallet Furniture - Pallet Cushion Production","publisher":{"@id":"https:\/\/hungaroonline.hu\/#organization"},"potentialAction":[{"@type":"SearchAction","target":{"@type":"EntryPoint","urlTemplate":"https:\/\/hungaroonline.hu\/?s={search_term_string}"},"query-input":{"@type":"PropertyValueSpecification","valueRequired":true,"valueName":"search_term_string"}}],"inLanguage":"en-US"},{"@type":"Organization","@id":"https:\/\/hungaroonline.hu\/#organization","name":"HungaroOnline","url":"https:\/\/hungaroonline.hu\/","logo":{"@type":"ImageObject","inLanguage":"en-US","@id":"https:\/\/hungaroonline.hu\/#\/schema\/logo\/image\/","url":"https:\/\/hungaroonline.hu\/wp-content\/uploads\/2023\/01\/hungaroonline-footer-logo-color-a.png","contentUrl":"https:\/\/hungaroonline.hu\/wp-content\/uploads\/2023\/01\/hungaroonline-footer-logo-color-a.png","width":970,"height":86,"caption":"HungaroOnline"},"image":{"@id":"https:\/\/hungaroonline.hu\/#\/schema\/logo\/image\/"},"sameAs":["https:\/\/www.facebook.com\/hungaroonline"]}]}},"_links":{"self":[{"href":"https:\/\/hungaroonline.hu\/en\/wp-json\/wp\/v2\/pages\/278","targetHints":{"allow":["GET"]}}],"collection":[{"href":"https:\/\/hungaroonline.hu\/en\/wp-json\/wp\/v2\/pages"}],"about":[{"href":"https:\/\/hungaroonline.hu\/en\/wp-json\/wp\/v2\/types\/page"}],"author":[{"embeddable":true,"href":"https:\/\/hungaroonline.hu\/en\/wp-json\/wp\/v2\/users\/1"}],"replies":[{"embeddable":true,"href":"https:\/\/hungaroonline.hu\/en\/wp-json\/wp\/v2\/comments?post=278"}],"version-history":[{"count":12,"href":"https:\/\/hungaroonline.hu\/en\/wp-json\/wp\/v2\/pages\/278\/revisions"}],"predecessor-version":[{"id":6116,"href":"https:\/\/hungaroonline.hu\/en\/wp-json\/wp\/v2\/pages\/278\/revisions\/6116"}],"wp:attachment":[{"href":"https:\/\/hungaroonline.hu\/en\/wp-json\/wp\/v2\/media?parent=278"}],"curies":[{"name":"wp","href":"https:\/\/api.w.org\/{rel}","templated":true}]}}