{"id":7027,"date":"2025-04-30T18:46:46","date_gmt":"2025-04-30T16:46:46","guid":{"rendered":"https:\/\/hungaroonline.hu\/?post_type=product&#038;p=7027"},"modified":"2025-07-24T13:05:52","modified_gmt":"2025-07-24T11:05:52","slug":"raklapparna-1x90x30x14","status":"publish","type":"product","link":"https:\/\/hungaroonline.hu\/de\/produkt\/raklapparna-1x90x30x14\/","title":{"rendered":"Palettenkissen 1x90x30x14"},"content":{"rendered":"<p><img fetchpriority=\"high\" decoding=\"async\" class=\"size-medium wp-image-7280 aligncenter\" src=\"https:\/\/hungaroonline.hu\/wp-content\/uploads\/2023\/05\/Raklapparna-41-394x300.jpg\" alt=\"Raklapp\u00e1rna\" width=\"394\" height=\"300\" srcset=\"https:\/\/hungaroonline.hu\/wp-content\/uploads\/2023\/05\/Raklapparna-41-394x300.jpg 394w, https:\/\/hungaroonline.hu\/wp-content\/uploads\/2023\/05\/Raklapparna-41-1110x846.jpg 1110w, https:\/\/hungaroonline.hu\/wp-content\/uploads\/2023\/05\/Raklapparna-41-768x585.jpg 768w, https:\/\/hungaroonline.hu\/wp-content\/uploads\/2023\/05\/Raklapparna-41-1536x1170.jpg 1536w, https:\/\/hungaroonline.hu\/wp-content\/uploads\/2023\/05\/Raklapparna-41-2048x1560.jpg 2048w, https:\/\/hungaroonline.hu\/wp-content\/uploads\/2023\/05\/Raklapparna-41-16x12.jpg 16w, https:\/\/hungaroonline.hu\/wp-content\/uploads\/2023\/05\/Raklapparna-41-1000x762.jpg 1000w\" sizes=\"(max-width: 394px) 100vw, 394px\" \/><\/p>\n<p>&nbsp;<\/p>\n<p style=\"text-align: center;\"><strong>Seit nunmehr 15 Jahren produzieren wir unsere hochwertigen Palettenpolster!<\/strong><\/p>\n<p>&nbsp;<\/p>\n<p>&nbsp;<\/p>\n<p>&nbsp;<\/p>\n<p><strong>Warum sollten Sie sich f\u00fcr unsere Kissen entscheiden?<\/strong><\/p>\n<ul>\n<li>Dauerhaft <strong>240-250 g\/m 100%<\/strong> Aus Polyester gefertigt, daher robust und langlebig genug f\u00fcr den Einsatz im Freien!<\/li>\n<li>Unsere Palettenkissen passen zu jeder Gartensitzgruppe und jedem Outdoor-M\u00f6belstil!<\/li>\n<li>Aufgrund ihrer Dicke und des verschlei\u00dffesten Gewebes sind sie sowohl f\u00fcr den Innen- als auch f\u00fcr den Au\u00dfenbereich geeignet!<\/li>\n<li>Wir machen das Palettenkissen aus gemahlenem Schaumstoff!<\/li>\n<li>Wir gew\u00e4hren 1 Jahr Garantie!<\/li>\n<\/ul>\n<p>&nbsp;<\/p>\n<p>&nbsp;<\/p>\n<p><strong>Bestellungen f\u00fcr Palettenpolster k\u00f6nnen wir nur gegen Vorkasse annehmen!<\/strong><\/p>\n<p><strong>Warum ist das so?<\/strong> Leider ist es schon mehrfach vorgekommen, dass Kissen mit einzigartigen Gr\u00f6\u00dfen und Mustern bestellt wurden und die Palettenkissen nach der Lieferung nicht bei mir eintrafen!<\/p>\n<p>&nbsp;<\/p>\n<p>&nbsp;<\/p>\n<p>&nbsp;<\/p>\n<p><strong>Bitte geben Sie den ausgew\u00e4hlten Farbcode in das Kommentarfeld ein: <\/strong><\/p>\n<p>&nbsp;<\/p>\n<p><img decoding=\"async\" class=\"alignnone size-medium wp-image-5295\" src=\"https:\/\/hungaroonline.hu\/wp-content\/uploads\/2023\/04\/123-109x300.jpg\" alt=\"Raklapp\u00e1rna\" width=\"109\" height=\"300\" srcset=\"https:\/\/hungaroonline.hu\/wp-content\/uploads\/2023\/04\/123-109x300.jpg 109w, https:\/\/hungaroonline.hu\/wp-content\/uploads\/2023\/04\/123-372x1024.jpg 372w, https:\/\/hungaroonline.hu\/wp-content\/uploads\/2023\/04\/123-768x2112.jpg 768w, https:\/\/hungaroonline.hu\/wp-content\/uploads\/2023\/04\/123-559x1536.jpg 559w, https:\/\/hungaroonline.hu\/wp-content\/uploads\/2023\/04\/123-745x2048.jpg 745w, https:\/\/hungaroonline.hu\/wp-content\/uploads\/2023\/04\/123-4x12.jpg 4w, https:\/\/hungaroonline.hu\/wp-content\/uploads\/2023\/04\/123.jpg 800w\" sizes=\"(max-width: 109px) 100vw, 109px\" \/><img decoding=\"async\" class=\"alignnone size-medium wp-image-5296\" src=\"https:\/\/hungaroonline.hu\/wp-content\/uploads\/2023\/04\/456-109x300.jpg\" alt=\"Raklapp\u00e1rna\" width=\"109\" height=\"300\" srcset=\"https:\/\/hungaroonline.hu\/wp-content\/uploads\/2023\/04\/456-109x300.jpg 109w, https:\/\/hungaroonline.hu\/wp-content\/uploads\/2023\/04\/456-372x1024.jpg 372w, https:\/\/hungaroonline.hu\/wp-content\/uploads\/2023\/04\/456-768x2112.jpg 768w, https:\/\/hungaroonline.hu\/wp-content\/uploads\/2023\/04\/456-559x1536.jpg 559w, https:\/\/hungaroonline.hu\/wp-content\/uploads\/2023\/04\/456-745x2048.jpg 745w, https:\/\/hungaroonline.hu\/wp-content\/uploads\/2023\/04\/456-4x12.jpg 4w, https:\/\/hungaroonline.hu\/wp-content\/uploads\/2023\/04\/456.jpg 800w\" sizes=\"(max-width: 109px) 100vw, 109px\" \/><img loading=\"lazy\" decoding=\"async\" class=\"alignnone size-medium wp-image-5297\" src=\"https:\/\/hungaroonline.hu\/wp-content\/uploads\/2023\/04\/78910-109x300.jpg\" alt=\"Raklapp\u00e1rna\" width=\"109\" height=\"300\" srcset=\"https:\/\/hungaroonline.hu\/wp-content\/uploads\/2023\/04\/78910-109x300.jpg 109w, https:\/\/hungaroonline.hu\/wp-content\/uploads\/2023\/04\/78910-372x1024.jpg 372w, https:\/\/hungaroonline.hu\/wp-content\/uploads\/2023\/04\/78910-768x2112.jpg 768w, https:\/\/hungaroonline.hu\/wp-content\/uploads\/2023\/04\/78910-559x1536.jpg 559w, https:\/\/hungaroonline.hu\/wp-content\/uploads\/2023\/04\/78910-745x2048.jpg 745w, https:\/\/hungaroonline.hu\/wp-content\/uploads\/2023\/04\/78910-4x12.jpg 4w, https:\/\/hungaroonline.hu\/wp-content\/uploads\/2023\/04\/78910.jpg 800w\" sizes=\"(max-width: 109px) 100vw, 109px\" \/><img loading=\"lazy\" decoding=\"async\" class=\"alignnone size-medium wp-image-5299\" src=\"https:\/\/hungaroonline.hu\/wp-content\/uploads\/2023\/04\/11121314-164x300.jpg\" alt=\"Raklapp\u00e1rna\" width=\"164\" height=\"300\" srcset=\"https:\/\/hungaroonline.hu\/wp-content\/uploads\/2023\/04\/11121314-164x300.jpg 164w, https:\/\/hungaroonline.hu\/wp-content\/uploads\/2023\/04\/11121314-559x1024.jpg 559w, https:\/\/hungaroonline.hu\/wp-content\/uploads\/2023\/04\/11121314-768x1408.jpg 768w, https:\/\/hungaroonline.hu\/wp-content\/uploads\/2023\/04\/11121314-838x1536.jpg 838w, https:\/\/hungaroonline.hu\/wp-content\/uploads\/2023\/04\/11121314-1117x2048.jpg 1117w, https:\/\/hungaroonline.hu\/wp-content\/uploads\/2023\/04\/11121314-7x12.jpg 7w, https:\/\/hungaroonline.hu\/wp-content\/uploads\/2023\/04\/11121314-1000x1833.jpg 1000w, https:\/\/hungaroonline.hu\/wp-content\/uploads\/2023\/04\/11121314.jpg 1200w\" sizes=\"(max-width: 164px) 100vw, 164px\" \/><img loading=\"lazy\" decoding=\"async\" class=\"alignnone wp-image-5298\" src=\"https:\/\/hungaroonline.hu\/wp-content\/uploads\/2023\/04\/151617-232x300.jpg\" alt=\"Raklapp\u00e1rna\" width=\"230\" height=\"297\" srcset=\"https:\/\/hungaroonline.hu\/wp-content\/uploads\/2023\/04\/151617-232x300.jpg 232w, https:\/\/hungaroonline.hu\/wp-content\/uploads\/2023\/04\/151617-791x1024.jpg 791w, https:\/\/hungaroonline.hu\/wp-content\/uploads\/2023\/04\/151617-768x994.jpg 768w, https:\/\/hungaroonline.hu\/wp-content\/uploads\/2023\/04\/151617-1187x1536.jpg 1187w, https:\/\/hungaroonline.hu\/wp-content\/uploads\/2023\/04\/151617-1583x2048.jpg 1583w, https:\/\/hungaroonline.hu\/wp-content\/uploads\/2023\/04\/151617-9x12.jpg 9w, https:\/\/hungaroonline.hu\/wp-content\/uploads\/2023\/04\/151617-1000x1294.jpg 1000w, https:\/\/hungaroonline.hu\/wp-content\/uploads\/2023\/04\/151617.jpg 1700w\" sizes=\"(max-width: 230px) 100vw, 230px\" \/><\/p>\n<p><img loading=\"lazy\" decoding=\"async\" class=\"alignnone size-medium wp-image-5301\" src=\"https:\/\/hungaroonline.hu\/wp-content\/uploads\/2023\/04\/18192021-164x300.jpg\" alt=\"Raklapp\u00e1rna\" width=\"164\" height=\"300\" srcset=\"https:\/\/hungaroonline.hu\/wp-content\/uploads\/2023\/04\/18192021-164x300.jpg 164w, https:\/\/hungaroonline.hu\/wp-content\/uploads\/2023\/04\/18192021-559x1024.jpg 559w, https:\/\/hungaroonline.hu\/wp-content\/uploads\/2023\/04\/18192021-768x1408.jpg 768w, https:\/\/hungaroonline.hu\/wp-content\/uploads\/2023\/04\/18192021-838x1536.jpg 838w, https:\/\/hungaroonline.hu\/wp-content\/uploads\/2023\/04\/18192021-1117x2048.jpg 1117w, https:\/\/hungaroonline.hu\/wp-content\/uploads\/2023\/04\/18192021-7x12.jpg 7w, https:\/\/hungaroonline.hu\/wp-content\/uploads\/2023\/04\/18192021-1000x1833.jpg 1000w, https:\/\/hungaroonline.hu\/wp-content\/uploads\/2023\/04\/18192021.jpg 1200w\" sizes=\"(max-width: 164px) 100vw, 164px\" \/><\/p>\n<p>&nbsp;<\/p>\n<p>&nbsp;<\/p>\n<p>&nbsp;<\/p>\n<p>&nbsp;<\/p>\n<ul>\n<li>Material: <em><strong>240-250 g\/m 100% Polyester!<\/strong><\/em><\/li>\n<\/ul>\n<ul>\n<li>Kissengr\u00f6\u00dfe: 90 x 30 x 14 cm (Breite x H\u00f6he x Dicke)<\/li>\n<li><strong>Inhalt des Pakets:<\/strong><\/li>\n<li>1 Kissen<\/li>\n<li><strong>Es kann auch als Sitzkissen und R\u00fcckenkissen verwendet werden!<\/strong><\/li>\n<li>F\u00fcllung: gemahlener Schaum<\/li>\n<li>Bei der Herstellung der Produkte arbeiten wir innerhalb einer Gr\u00f6\u00dfentoleranz von +\/- 1 cm.<\/li>\n<li><img decoding=\"async\" src=\"https:\/\/www.globaltex.hu\/img\/cms\/MKSZ\/MKSZ%202.JPG\" \/><\/li>\n<li>Versandkosten: 5000 HUF. <strong>(Sperrpaket)<\/strong><\/li>\n<li>Lieferzeit: 5-8 Werktage!<\/li>\n<\/ul>\n<h4><\/h4>\n<h4><\/h4>\n<h4><a href=\"https:\/\/hungaroonline.hu\/de\/raklapparna-2\/\">MEHR BILDER HIER:<\/a><\/h4>\n<p>&nbsp;<\/p>\n<p>&nbsp;<\/p>","protected":false},"excerpt":{"rendered":"<p>&nbsp; Seit nunmehr 15 Jahren produzieren wir unsere hochwertigen Palettenpolster!    Warum sollten Sie sich f\u00fcr unsere Kissen entscheiden? Hergestellt aus strapazierf\u00e4higem 240\u2013250 g\/m 100%-Polyester, wodurch es robust und langlebig genug f\u00fcr den Einsatz im Freien ist! Unsere Palettenkissen passen zu jeder Gartensitzgruppe und jedem Outdoor-Einrichtungsstil! Aufgrund ihrer Dicke und des verschlei\u00dffesten Gewebes sind sie sowohl f\u00fcr den Innen- als auch f\u00fcr den Au\u00dfenbereich geeignet! Das Palettenkissen besteht aus Quetschschaum! [\u2026]<\/p>","protected":false},"featured_media":4839,"comment_status":"closed","ping_status":"closed","template":"","meta":[],"product_brand":[],"product_cat":[126],"product_tag":[],"class_list":{"0":"post-7027","1":"product","2":"type-product","3":"status-publish","4":"has-post-thumbnail","6":"product_cat-raklapparna","7":"product_shipping_class-raklap-parna","9":"first","10":"instock","11":"purchasable","12":"product-type-simple"},"yoast_head":"<!-- This site is optimized with the Yoast SEO plugin v26.6 - https:\/\/yoast.com\/wordpress\/plugins\/seo\/ -->\n<title>Raklapp\u00e1rna 1x90x30x14 - HungaroOnline<\/title>\n<meta name=\"description\" content=\"Strapab\u00edr\u00f3 240-250 g\/m\u00a0 100% poli\u00e9szterb\u0151l k\u00e9sz\u00fclt, \u00edgy el\u00e9g er\u0151s \u00e9s tart\u00f3s a k\u00fclt\u00e9ri haszn\u00e1lathoz! Raklapp\u00e1rn\u00e1ink b\u00e1rmilyen kerti \u00fcl\u0151helyhez vagy k\u00fclt\u00e9ri berendez\u00e9si st\u00edlushoz illik. Vastags\u00e1guk \u00e9s kop\u00e1s\u00e1ll\u00f3 sz\u00f6vet\u00fck miatt bel- \u00e9s k\u00fclt\u00e9ri haszn\u00e1latra egyar\u00e1nt alkalmasak! A raklapp\u00e1rn\u00e1t dar\u00e1lt habszivacsb\u00f3l k\u00e9sz\u00edtj\u00fck!\" \/>\n<meta name=\"robots\" content=\"index, follow, max-snippet:-1, max-image-preview:large, max-video-preview:-1\" \/>\n<link rel=\"canonical\" href=\"https:\/\/hungaroonline.hu\/de\/produkt\/raklapparna-1x90x30x14\/\" \/>\n<meta property=\"og:locale\" content=\"de_DE\" \/>\n<meta property=\"og:type\" content=\"article\" \/>\n<meta property=\"og:title\" content=\"Raklapp\u00e1rna 50x50x14\" \/>\n<meta property=\"og:description\" content=\"Strapab\u00edr\u00f3 240-250 g\/m\u00a0 100% poli\u00e9szterb\u0151l k\u00e9sz\u00fclt, \u00edgy el\u00e9g er\u0151s \u00e9s tart\u00f3s a k\u00fclt\u00e9ri haszn\u00e1lathoz! Raklapp\u00e1rn\u00e1ink b\u00e1rmilyen kerti \u00fcl\u0151helyhez vagy k\u00fclt\u00e9ri berendez\u00e9si st\u00edlushoz illik. Vastags\u00e1guk \u00e9s kop\u00e1s\u00e1ll\u00f3 sz\u00f6vet\u00fck miatt bel- \u00e9s k\u00fclt\u00e9ri haszn\u00e1latra egyar\u00e1nt alkalmasak! A raklapp\u00e1rn\u00e1t dar\u00e1lt habszivacsb\u00f3l k\u00e9sz\u00edtj\u00fck!\" \/>\n<meta property=\"og:url\" content=\"https:\/\/hungaroonline.hu\/de\/produkt\/raklapparna-1x90x30x14\/\" \/>\n<meta property=\"og:site_name\" content=\"HungaroOnline\" \/>\n<meta property=\"article:publisher\" content=\"https:\/\/www.facebook.com\/hungaroonline\" \/>\n<meta property=\"article:modified_time\" content=\"2025-07-24T11:05:52+00:00\" \/>\n<meta property=\"og:image\" content=\"https:\/\/hungaroonline.hu\/wp-content\/uploads\/2023\/04\/Raklap-butor-parna-8.jpg\" \/>\n\t<meta property=\"og:image:width\" content=\"1000\" \/>\n\t<meta property=\"og:image:height\" content=\"1000\" \/>\n\t<meta property=\"og:image:type\" content=\"image\/jpeg\" \/>\n<meta name=\"twitter:card\" content=\"summary_large_image\" \/>\n<meta name=\"twitter:label1\" content=\"Gesch\u00e4tzte Lesezeit\" \/>\n\t<meta name=\"twitter:data1\" content=\"3\u00a0Minuten\" \/>\n<script type=\"application\/ld+json\" class=\"yoast-schema-graph\">{\"@context\":\"https:\/\/schema.org\",\"@graph\":[{\"@type\":\"WebPage\",\"@id\":\"https:\/\/hungaroonline.hu\/termek\/raklapparna-1x90x30x14\/\",\"url\":\"https:\/\/hungaroonline.hu\/termek\/raklapparna-1x90x30x14\/\",\"name\":\"Raklapp\u00e1rna 1x90x30x14 - HungaroOnline\",\"isPartOf\":{\"@id\":\"https:\/\/hungaroonline.hu\/#website\"},\"primaryImageOfPage\":{\"@id\":\"https:\/\/hungaroonline.hu\/termek\/raklapparna-1x90x30x14\/#primaryimage\"},\"image\":{\"@id\":\"https:\/\/hungaroonline.hu\/termek\/raklapparna-1x90x30x14\/#primaryimage\"},\"thumbnailUrl\":\"https:\/\/hungaroonline.hu\/wp-content\/uploads\/2023\/04\/Kerti-butor-4.jpg\",\"datePublished\":\"2025-04-30T16:46:46+00:00\",\"dateModified\":\"2025-07-24T11:05:52+00:00\",\"description\":\"Strapab\u00edr\u00f3 240-250 g\/m\u00a0 100% poli\u00e9szterb\u0151l k\u00e9sz\u00fclt, \u00edgy el\u00e9g er\u0151s \u00e9s tart\u00f3s a k\u00fclt\u00e9ri haszn\u00e1lathoz! Raklapp\u00e1rn\u00e1ink b\u00e1rmilyen kerti \u00fcl\u0151helyhez vagy k\u00fclt\u00e9ri berendez\u00e9si st\u00edlushoz illik. Vastags\u00e1guk \u00e9s kop\u00e1s\u00e1ll\u00f3 sz\u00f6vet\u00fck miatt bel- \u00e9s k\u00fclt\u00e9ri haszn\u00e1latra egyar\u00e1nt alkalmasak! A raklapp\u00e1rn\u00e1t dar\u00e1lt habszivacsb\u00f3l k\u00e9sz\u00edtj\u00fck!\",\"breadcrumb\":{\"@id\":\"https:\/\/hungaroonline.hu\/termek\/raklapparna-1x90x30x14\/#breadcrumb\"},\"inLanguage\":\"de\",\"potentialAction\":[{\"@type\":\"ReadAction\",\"target\":[\"https:\/\/hungaroonline.hu\/termek\/raklapparna-1x90x30x14\/\"]}]},{\"@type\":\"ImageObject\",\"inLanguage\":\"de\",\"@id\":\"https:\/\/hungaroonline.hu\/termek\/raklapparna-1x90x30x14\/#primaryimage\",\"url\":\"https:\/\/hungaroonline.hu\/wp-content\/uploads\/2023\/04\/Kerti-butor-4.jpg\",\"contentUrl\":\"https:\/\/hungaroonline.hu\/wp-content\/uploads\/2023\/04\/Kerti-butor-4.jpg\",\"width\":1500,\"height\":2300,\"caption\":\"Raklapp\u00e1rna\"},{\"@type\":\"BreadcrumbList\",\"@id\":\"https:\/\/hungaroonline.hu\/termek\/raklapparna-1x90x30x14\/#breadcrumb\",\"itemListElement\":[{\"@type\":\"ListItem\",\"position\":1,\"name\":\"Home\",\"item\":\"https:\/\/hungaroonline.hu\/\"},{\"@type\":\"ListItem\",\"position\":2,\"name\":\"\u00dczlet\",\"item\":\"https:\/\/hungaroonline.hu\/uzlet\/\"},{\"@type\":\"ListItem\",\"position\":3,\"name\":\"Raklapp\u00e1rna 1x90x30x14\"}]},{\"@type\":\"WebSite\",\"@id\":\"https:\/\/hungaroonline.hu\/#website\",\"url\":\"https:\/\/hungaroonline.hu\/\",\"name\":\"HungaroOnline\",\"description\":\"Kutyah\u00e1z - Hord\u00f3 - Raklap b\u00fator - Raklapp\u00e1rna Gy\u00e1rt\u00e1sa\",\"publisher\":{\"@id\":\"https:\/\/hungaroonline.hu\/#organization\"},\"potentialAction\":[{\"@type\":\"SearchAction\",\"target\":{\"@type\":\"EntryPoint\",\"urlTemplate\":\"https:\/\/hungaroonline.hu\/?s={search_term_string}\"},\"query-input\":{\"@type\":\"PropertyValueSpecification\",\"valueRequired\":true,\"valueName\":\"search_term_string\"}}],\"inLanguage\":\"de\"},{\"@type\":\"Organization\",\"@id\":\"https:\/\/hungaroonline.hu\/#organization\",\"name\":\"HungaroOnline\",\"url\":\"https:\/\/hungaroonline.hu\/\",\"logo\":{\"@type\":\"ImageObject\",\"inLanguage\":\"de\",\"@id\":\"https:\/\/hungaroonline.hu\/#\/schema\/logo\/image\/\",\"url\":\"https:\/\/hungaroonline.hu\/wp-content\/uploads\/2023\/01\/hungaroonline-footer-logo-color-a.png\",\"contentUrl\":\"https:\/\/hungaroonline.hu\/wp-content\/uploads\/2023\/01\/hungaroonline-footer-logo-color-a.png\",\"width\":970,\"height\":86,\"caption\":\"HungaroOnline\"},\"image\":{\"@id\":\"https:\/\/hungaroonline.hu\/#\/schema\/logo\/image\/\"},\"sameAs\":[\"https:\/\/www.facebook.com\/hungaroonline\"]}]}<\/script>\n<!-- \/ Yoast SEO plugin. -->","yoast_head_json":{"title":"Raklapp\u00e1rna 1x90x30x14 - HungaroOnline","description":"Strapab\u00edr\u00f3 240-250 g\/m\u00a0 100% poli\u00e9szterb\u0151l k\u00e9sz\u00fclt, \u00edgy el\u00e9g er\u0151s \u00e9s tart\u00f3s a k\u00fclt\u00e9ri haszn\u00e1lathoz! Raklapp\u00e1rn\u00e1ink b\u00e1rmilyen kerti \u00fcl\u0151helyhez vagy k\u00fclt\u00e9ri berendez\u00e9si st\u00edlushoz illik. Vastags\u00e1guk \u00e9s kop\u00e1s\u00e1ll\u00f3 sz\u00f6vet\u00fck miatt bel- \u00e9s k\u00fclt\u00e9ri haszn\u00e1latra egyar\u00e1nt alkalmasak! A raklapp\u00e1rn\u00e1t dar\u00e1lt habszivacsb\u00f3l k\u00e9sz\u00edtj\u00fck!","robots":{"index":"index","follow":"follow","max-snippet":"max-snippet:-1","max-image-preview":"max-image-preview:large","max-video-preview":"max-video-preview:-1"},"canonical":"https:\/\/hungaroonline.hu\/de\/produkt\/raklapparna-1x90x30x14\/","og_locale":"de_DE","og_type":"article","og_title":"Raklapp\u00e1rna 50x50x14","og_description":"Strapab\u00edr\u00f3 240-250 g\/m\u00a0 100% poli\u00e9szterb\u0151l k\u00e9sz\u00fclt, \u00edgy el\u00e9g er\u0151s \u00e9s tart\u00f3s a k\u00fclt\u00e9ri haszn\u00e1lathoz! Raklapp\u00e1rn\u00e1ink b\u00e1rmilyen kerti \u00fcl\u0151helyhez vagy k\u00fclt\u00e9ri berendez\u00e9si st\u00edlushoz illik. Vastags\u00e1guk \u00e9s kop\u00e1s\u00e1ll\u00f3 sz\u00f6vet\u00fck miatt bel- \u00e9s k\u00fclt\u00e9ri haszn\u00e1latra egyar\u00e1nt alkalmasak! A raklapp\u00e1rn\u00e1t dar\u00e1lt habszivacsb\u00f3l k\u00e9sz\u00edtj\u00fck!","og_url":"https:\/\/hungaroonline.hu\/de\/produkt\/raklapparna-1x90x30x14\/","og_site_name":"HungaroOnline","article_publisher":"https:\/\/www.facebook.com\/hungaroonline","article_modified_time":"2025-07-24T11:05:52+00:00","og_image":[{"width":1000,"height":1000,"url":"https:\/\/hungaroonline.hu\/wp-content\/uploads\/2023\/04\/Raklap-butor-parna-8.jpg","type":"image\/jpeg"}],"twitter_card":"summary_large_image","twitter_misc":{"Gesch\u00e4tzte Lesezeit":"3\u00a0Minuten"},"schema":{"@context":"https:\/\/schema.org","@graph":[{"@type":"WebPage","@id":"https:\/\/hungaroonline.hu\/termek\/raklapparna-1x90x30x14\/","url":"https:\/\/hungaroonline.hu\/termek\/raklapparna-1x90x30x14\/","name":"Raklapp\u00e1rna 1x90x30x14 - HungaroOnline","isPartOf":{"@id":"https:\/\/hungaroonline.hu\/#website"},"primaryImageOfPage":{"@id":"https:\/\/hungaroonline.hu\/termek\/raklapparna-1x90x30x14\/#primaryimage"},"image":{"@id":"https:\/\/hungaroonline.hu\/termek\/raklapparna-1x90x30x14\/#primaryimage"},"thumbnailUrl":"https:\/\/hungaroonline.hu\/wp-content\/uploads\/2023\/04\/Kerti-butor-4.jpg","datePublished":"2025-04-30T16:46:46+00:00","dateModified":"2025-07-24T11:05:52+00:00","description":"Strapab\u00edr\u00f3 240-250 g\/m\u00a0 100% poli\u00e9szterb\u0151l k\u00e9sz\u00fclt, \u00edgy el\u00e9g er\u0151s \u00e9s tart\u00f3s a k\u00fclt\u00e9ri haszn\u00e1lathoz! Raklapp\u00e1rn\u00e1ink b\u00e1rmilyen kerti \u00fcl\u0151helyhez vagy k\u00fclt\u00e9ri berendez\u00e9si st\u00edlushoz illik. Vastags\u00e1guk \u00e9s kop\u00e1s\u00e1ll\u00f3 sz\u00f6vet\u00fck miatt bel- \u00e9s k\u00fclt\u00e9ri haszn\u00e1latra egyar\u00e1nt alkalmasak! A raklapp\u00e1rn\u00e1t dar\u00e1lt habszivacsb\u00f3l k\u00e9sz\u00edtj\u00fck!","breadcrumb":{"@id":"https:\/\/hungaroonline.hu\/termek\/raklapparna-1x90x30x14\/#breadcrumb"},"inLanguage":"de","potentialAction":[{"@type":"ReadAction","target":["https:\/\/hungaroonline.hu\/termek\/raklapparna-1x90x30x14\/"]}]},{"@type":"ImageObject","inLanguage":"de","@id":"https:\/\/hungaroonline.hu\/termek\/raklapparna-1x90x30x14\/#primaryimage","url":"https:\/\/hungaroonline.hu\/wp-content\/uploads\/2023\/04\/Kerti-butor-4.jpg","contentUrl":"https:\/\/hungaroonline.hu\/wp-content\/uploads\/2023\/04\/Kerti-butor-4.jpg","width":1500,"height":2300,"caption":"Raklapp\u00e1rna"},{"@type":"BreadcrumbList","@id":"https:\/\/hungaroonline.hu\/termek\/raklapparna-1x90x30x14\/#breadcrumb","itemListElement":[{"@type":"ListItem","position":1,"name":"Home","item":"https:\/\/hungaroonline.hu\/"},{"@type":"ListItem","position":2,"name":"\u00dczlet","item":"https:\/\/hungaroonline.hu\/uzlet\/"},{"@type":"ListItem","position":3,"name":"Raklapp\u00e1rna 1x90x30x14"}]},{"@type":"WebSite","@id":"https:\/\/hungaroonline.hu\/#website","url":"https:\/\/hungaroonline.hu\/","name":"HungaroOnline","description":"Hundeh\u00fctte - Fass - Palettenm\u00f6bel - Palettenkissen Produktion","publisher":{"@id":"https:\/\/hungaroonline.hu\/#organization"},"potentialAction":[{"@type":"SearchAction","target":{"@type":"EntryPoint","urlTemplate":"https:\/\/hungaroonline.hu\/?s={search_term_string}"},"query-input":{"@type":"PropertyValueSpecification","valueRequired":true,"valueName":"search_term_string"}}],"inLanguage":"de"},{"@type":"Organization","@id":"https:\/\/hungaroonline.hu\/#organization","name":"HungaroOnline","url":"https:\/\/hungaroonline.hu\/","logo":{"@type":"ImageObject","inLanguage":"de","@id":"https:\/\/hungaroonline.hu\/#\/schema\/logo\/image\/","url":"https:\/\/hungaroonline.hu\/wp-content\/uploads\/2023\/01\/hungaroonline-footer-logo-color-a.png","contentUrl":"https:\/\/hungaroonline.hu\/wp-content\/uploads\/2023\/01\/hungaroonline-footer-logo-color-a.png","width":970,"height":86,"caption":"HungaroOnline"},"image":{"@id":"https:\/\/hungaroonline.hu\/#\/schema\/logo\/image\/"},"sameAs":["https:\/\/www.facebook.com\/hungaroonline"]}]}},"_links":{"self":[{"href":"https:\/\/hungaroonline.hu\/de\/wp-json\/wp\/v2\/product\/7027","targetHints":{"allow":["GET"]}}],"collection":[{"href":"https:\/\/hungaroonline.hu\/de\/wp-json\/wp\/v2\/product"}],"about":[{"href":"https:\/\/hungaroonline.hu\/de\/wp-json\/wp\/v2\/types\/product"}],"replies":[{"embeddable":true,"href":"https:\/\/hungaroonline.hu\/de\/wp-json\/wp\/v2\/comments?post=7027"}],"version-history":[{"count":3,"href":"https:\/\/hungaroonline.hu\/de\/wp-json\/wp\/v2\/product\/7027\/revisions"}],"predecessor-version":[{"id":7372,"href":"https:\/\/hungaroonline.hu\/de\/wp-json\/wp\/v2\/product\/7027\/revisions\/7372"}],"wp:featuredmedia":[{"embeddable":true,"href":"https:\/\/hungaroonline.hu\/de\/wp-json\/wp\/v2\/media\/4839"}],"wp:attachment":[{"href":"https:\/\/hungaroonline.hu\/de\/wp-json\/wp\/v2\/media?parent=7027"}],"wp:term":[{"taxonomy":"product_brand","embeddable":true,"href":"https:\/\/hungaroonline.hu\/de\/wp-json\/wp\/v2\/product_brand?post=7027"},{"taxonomy":"product_cat","embeddable":true,"href":"https:\/\/hungaroonline.hu\/de\/wp-json\/wp\/v2\/product_cat?post=7027"},{"taxonomy":"product_tag","embeddable":true,"href":"https:\/\/hungaroonline.hu\/de\/wp-json\/wp\/v2\/product_tag?post=7027"}],"curies":[{"name":"wp","href":"https:\/\/api.w.org\/{rel}","templated":true}]}}