{"id":2843,"date":"2021-03-08T11:41:38","date_gmt":"2021-03-08T10:41:38","guid":{"rendered":"https:\/\/hungaroonline.hempa.hu\/?post_type=product&#038;p=2843"},"modified":"2025-07-24T10:51:23","modified_gmt":"2025-07-24T08:51:23","slug":"raklap-butor-sarokulo-garnitura-fotel","status":"publish","type":"product","link":"https:\/\/hungaroonline.hu\/de\/produkt\/raklap-butor-sarokulo-garnitura-fotel\/","title":{"rendered":"Ecksessel"},"content":{"rendered":"<p><img fetchpriority=\"high\" decoding=\"async\" class=\"size-medium wp-image-7188 aligncenter\" src=\"https:\/\/hungaroonline.hu\/wp-content\/uploads\/2024\/02\/raklap-butor-uj-1-5-300x300.jpg\" alt=\"Raklap b\u00fator\" width=\"300\" height=\"300\" srcset=\"https:\/\/hungaroonline.hu\/wp-content\/uploads\/2024\/02\/raklap-butor-uj-1-5-300x300.jpg 300w, https:\/\/hungaroonline.hu\/wp-content\/uploads\/2024\/02\/raklap-butor-uj-1-5-12x12.jpg 12w, https:\/\/hungaroonline.hu\/wp-content\/uploads\/2024\/02\/raklap-butor-uj-1-5-100x100.jpg 100w, https:\/\/hungaroonline.hu\/wp-content\/uploads\/2024\/02\/raklap-butor-uj-1-5.jpg 600w\" sizes=\"(max-width: 300px) 100vw, 300px\" \/><\/p>\n<p>&nbsp;<\/p>\n<p>&nbsp;<\/p>\n<p style=\"text-align: center;\"><strong>Seit 15 Jahren produzieren wir in unserer Schreinerei hochwertige Palettenm\u00f6bel!<\/strong><\/p>\n<p>&nbsp;<\/p>\n<p>&nbsp;<\/p>\n<p>&nbsp;<\/p>\n<p><strong>\u00a0 \u00a0 \u00a0 \u00a0Warum sollten Sie sich f\u00fcr unsere M\u00f6bel entscheiden?<\/strong><\/p>\n<ul>\n<li>Ergonomisch gestaltete Palettenm\u00f6bel!<\/li>\n<li>Dank seines massiven Holzrahmens ist es sehr langlebig!<\/li>\n<li>Palettenm\u00f6bel sind zeitlos und sehr langlebig!<\/li>\n<li>Ben\u00f6tigt wenig Wartung!<\/li>\n<li>Wir kneten es nicht von einer Palette, also <strong>viel <\/strong><strong>massiver!<\/strong><\/li>\n<li>Sein Design ist komplett auf den Outdoor-Einsatz ausgelegt!<\/li>\n<li>Wir gew\u00e4hren 1 Jahr Garantie!<\/li>\n<\/ul>\n<p>&nbsp;<\/p>\n<p>&nbsp;<\/p>\n<p>&nbsp;<\/p>\n<p>Ab einer gewissen St\u00fcckzahl werden unsere M\u00f6bel zerlegt, also unmontiert, bei Ihnen angeliefert. Da es sich um Sperrgut handelt, ist diese Versandart die kosteng\u00fcnstigste Variante!<\/p>\n<p>&nbsp;<\/p>\n<p>&nbsp;<\/p>\n<p><strong> Leicht zusammenzubauen!<\/strong><\/p>\n<p>- Wir f\u00fcgen Montageanleitungen hinzu.<\/p>\n<p>- Die Elemente werden mit einer Zusammenbauzeichnung dargestellt.<\/p>\n<p>- Es ist vorgebohrt.<\/p>\n<p>- Kann mit einer Schraubengr\u00f6\u00dfe montiert werden!<\/p>\n<p>&nbsp;<\/p>\n<p>&nbsp;<\/p>\n<p><em><strong>Bitte beachten Sie, dass Holz ein nat\u00fcrliches Material ist, daher k\u00f6nnen Unvollkommenheiten auftreten!<\/strong><\/em><\/p>\n<p>&nbsp;<\/p>\n<p>&nbsp;<\/p>\n<p><strong>Allgemeine Merkmale:<\/strong><\/p>\n<p>1 Jahr Garantie.<\/p>\n<p>St\u00fcckzahl: 1.<\/p>\n<p>Farbe: Natur - Nicht lackiert!<\/p>\n<p>Material: 1,8 cm starkes Pappelholz.<\/p>\n<p>Sitzfl\u00e4che: 60 cm breit x 60 cm hoch.<br \/>\nR\u00fcckenlehne: 60 cm breit x 26 cm hoch.<\/p>\n<p>Bodenfl\u00e4che: 72 cm breit, 84 cm lang, 65 cm hoch.<\/p>\n<p>Gewicht: 40 kg.<\/p>\n<p>Lieferzeit: 5-8 Werktage!<\/p>\n<p>&nbsp;<\/p>\n<p><strong>Versanddetails:<\/strong><\/p>\n<p>Nationale Lieferungen werden auf Paletten mit dem Kurierdienst TLS geliefert, a <strong>\u00dcbergr\u00f6\u00dfe<\/strong> und das <strong>von seinem Gewicht<\/strong> Daher die Versandkosten: <strong>32000 HUF.<\/strong><\/p>\n<p><em><strong>Warum sind die Versandkosten so hoch?<\/strong><\/em><\/p>\n<ul>\n<li>1 EURO-Palette nimmt eine Grundfl\u00e4che von 120\u00d780 cm ein!<\/li>\n<li>Die H\u00f6he des Produkts liegt zwischen 150-220 cm!<\/li>\n<li>Gewicht \u00fcber 100 kg!<\/li>\n<\/ul>\n<p>&nbsp;<\/p>\n<p><span style=\"color: #3366ff;\"><strong><a style=\"color: #3366ff;\" href=\"https:\/\/hungaroonline.hu\/de\/produkt\/sarokulo-fotel-raklapparna-60x60x14\/\">Um das passende Palettenm\u00f6belkissen zu bestellen, klicken Sie hier:<\/a><\/strong><\/span><\/p>\n<p>&nbsp;<\/p>\n<p>&nbsp;<\/p>\n<p><a href=\"https:\/\/hungaroonline.hu\/de\/raklap-butor\/?v=baba78b405b0\"><strong><span style=\"color: #0000ff;\">MEHR BILDER HIER:<\/span><\/strong><\/a><\/p>\n<div class=\"pad-top-sm\"><\/div>\n<div class=\"disclaimer-section\"><\/div>\n<p>&nbsp;<\/p>\n<p>&nbsp;<\/p>\n<p>&nbsp;<\/p>","protected":false},"excerpt":{"rendered":"<p>&nbsp; &nbsp; Asztalos m\u0171hely\u00fcnkben imm\u00e1r 15 \u00e9ve gy\u00e1rtjuk kiv\u00e1l\u00f3 min\u0151s\u00e9g\u0171 raklap b\u00fatorainkat! &nbsp; &nbsp; &nbsp; \u00a0 \u00a0 \u00a0 \u00a0Mi\u00e9rt a mi b\u00fatorainkat v\u00e1lassza? Ergon\u00f3miailag tervezett raklap b\u00fatorok! T\u00f6m\u00f6r fav\u00e1z\u00e1nak k\u00f6sz\u00f6nhet\u0151en nagyon strapab\u00edr\u00f3! A raklap b\u00fator id\u0151t\u00e1ll\u00f3 \u00e9s nagyon strapab\u00edr\u00f3! Kev\u00e9s karbantart\u00e1st ig\u00e9nyel! Nem raklapb\u00f3l gy\u00fartjuk, \u00edgy sokkal massz\u00edvabb! Kialak\u00edt\u00e1sa teljesen k\u00fclt\u00e9ri haszn\u00e1latra van tervezve! 1 [&hellip;]<\/p>","protected":false},"featured_media":2785,"comment_status":"closed","ping_status":"closed","template":"","meta":[],"product_brand":[],"product_cat":[100],"product_tag":[],"class_list":{"0":"post-2843","1":"product","2":"type-product","3":"status-publish","4":"has-post-thumbnail","6":"product_cat-raklap-butor","7":"product_shipping_class-raklap-butor-20-000-ft","9":"first","10":"instock","11":"purchasable","12":"product-type-simple"},"yoast_head":"<!-- This site is optimized with the Yoast SEO plugin v26.6 - https:\/\/yoast.com\/wordpress\/plugins\/seo\/ -->\n<title>Sarok\u00fcl\u0151 fotel - HungaroOnline<\/title>\n<meta name=\"description\" content=\"1 \u00c9V GARANCI\u00c1VAL! ASZTALOSOK\u00a0\u00c1LTAL ELK\u00c9SZ\u00cdTETT TERM\u00c9K! Kerti raklap b\u00fatorunk ide\u00e1lis v\u00e1laszt\u00e1s pihen\u00e9sre \u00e9s kellemes id\u0151t\u00f6lt\u00e9sre csal\u00e1dj\u00e1val vagy bar\u00e1taival. A raklap b\u00fator id\u0151t\u00e1ll\u00f3 kialak\u00edt\u00e1s\u00e1nak k\u00f6sz\u00f6nhet\u0151en a fa rusztikus b\u00e1jt k\u00f6lcs\u00f6n\u00f6z terasz\u00e1nak, kertj\u00e9nek! A kerti garnit\u00fara tart\u00f3s, id\u0151j\u00e1r\u00e1s\u00e1ll\u00f3 \u00e9s k\u00f6rnyezetbar\u00e1t! Ez a garnit\u00fara szil\u00e1rd szerkezet\u0171 \u00e9s kev\u00e9s karbantart\u00e1st ig\u00e9nyel!\" \/>\n<meta name=\"robots\" content=\"index, follow, max-snippet:-1, max-image-preview:large, max-video-preview:-1\" \/>\n<link rel=\"canonical\" href=\"https:\/\/hungaroonline.hu\/de\/produkt\/raklap-butor-sarokulo-garnitura-fotel\/\" \/>\n<meta property=\"og:locale\" content=\"de_DE\" \/>\n<meta property=\"og:type\" content=\"article\" \/>\n<meta property=\"og:title\" content=\"Raklap b\u00fator\" \/>\n<meta property=\"og:description\" content=\"Massz\u00edv raklap b\u00fator garanci\u00e1val\" \/>\n<meta property=\"og:url\" content=\"https:\/\/hungaroonline.hu\/de\/produkt\/raklap-butor-sarokulo-garnitura-fotel\/\" \/>\n<meta property=\"og:site_name\" content=\"HungaroOnline\" \/>\n<meta property=\"article:publisher\" content=\"https:\/\/www.facebook.com\/hungaroonline\" \/>\n<meta property=\"article:modified_time\" content=\"2025-07-24T08:51:23+00:00\" \/>\n<meta property=\"og:image\" content=\"https:\/\/hungaroonline.hu\/wp-content\/uploads\/2021\/03\/raklap-butor-4-4.jpg\" \/>\n\t<meta property=\"og:image:width\" content=\"1200\" \/>\n\t<meta property=\"og:image:height\" content=\"1200\" \/>\n\t<meta property=\"og:image:type\" content=\"image\/jpeg\" \/>\n<meta name=\"twitter:card\" content=\"summary_large_image\" \/>\n<meta name=\"twitter:label1\" content=\"Gesch\u00e4tzte Lesezeit\" \/>\n\t<meta name=\"twitter:data1\" content=\"2\u00a0Minuten\" \/>\n<script type=\"application\/ld+json\" class=\"yoast-schema-graph\">{\"@context\":\"https:\/\/schema.org\",\"@graph\":[{\"@type\":\"WebPage\",\"@id\":\"https:\/\/hungaroonline.hu\/termek\/raklap-butor-sarokulo-garnitura-fotel\/\",\"url\":\"https:\/\/hungaroonline.hu\/termek\/raklap-butor-sarokulo-garnitura-fotel\/\",\"name\":\"Sarok\u00fcl\u0151 fotel - HungaroOnline\",\"isPartOf\":{\"@id\":\"https:\/\/hungaroonline.hu\/#website\"},\"primaryImageOfPage\":{\"@id\":\"https:\/\/hungaroonline.hu\/termek\/raklap-butor-sarokulo-garnitura-fotel\/#primaryimage\"},\"image\":{\"@id\":\"https:\/\/hungaroonline.hu\/termek\/raklap-butor-sarokulo-garnitura-fotel\/#primaryimage\"},\"thumbnailUrl\":\"https:\/\/hungaroonline.hu\/wp-content\/uploads\/2021\/03\/raklap-butor-16.-scaled.jpg\",\"datePublished\":\"2021-03-08T10:41:38+00:00\",\"dateModified\":\"2025-07-24T08:51:23+00:00\",\"description\":\"1 \u00c9V GARANCI\u00c1VAL! ASZTALOSOK\u00a0\u00c1LTAL ELK\u00c9SZ\u00cdTETT TERM\u00c9K! Kerti raklap b\u00fatorunk ide\u00e1lis v\u00e1laszt\u00e1s pihen\u00e9sre \u00e9s kellemes id\u0151t\u00f6lt\u00e9sre csal\u00e1dj\u00e1val vagy bar\u00e1taival. A raklap b\u00fator id\u0151t\u00e1ll\u00f3 kialak\u00edt\u00e1s\u00e1nak k\u00f6sz\u00f6nhet\u0151en a fa rusztikus b\u00e1jt k\u00f6lcs\u00f6n\u00f6z terasz\u00e1nak, kertj\u00e9nek! A kerti garnit\u00fara tart\u00f3s, id\u0151j\u00e1r\u00e1s\u00e1ll\u00f3 \u00e9s k\u00f6rnyezetbar\u00e1t! Ez a garnit\u00fara szil\u00e1rd szerkezet\u0171 \u00e9s kev\u00e9s karbantart\u00e1st ig\u00e9nyel!\",\"breadcrumb\":{\"@id\":\"https:\/\/hungaroonline.hu\/termek\/raklap-butor-sarokulo-garnitura-fotel\/#breadcrumb\"},\"inLanguage\":\"de\",\"potentialAction\":[{\"@type\":\"ReadAction\",\"target\":[\"https:\/\/hungaroonline.hu\/termek\/raklap-butor-sarokulo-garnitura-fotel\/\"]}]},{\"@type\":\"ImageObject\",\"inLanguage\":\"de\",\"@id\":\"https:\/\/hungaroonline.hu\/termek\/raklap-butor-sarokulo-garnitura-fotel\/#primaryimage\",\"url\":\"https:\/\/hungaroonline.hu\/wp-content\/uploads\/2021\/03\/raklap-butor-16.-scaled.jpg\",\"contentUrl\":\"https:\/\/hungaroonline.hu\/wp-content\/uploads\/2021\/03\/raklap-butor-16.-scaled.jpg\",\"width\":2560,\"height\":2560},{\"@type\":\"BreadcrumbList\",\"@id\":\"https:\/\/hungaroonline.hu\/termek\/raklap-butor-sarokulo-garnitura-fotel\/#breadcrumb\",\"itemListElement\":[{\"@type\":\"ListItem\",\"position\":1,\"name\":\"Home\",\"item\":\"https:\/\/hungaroonline.hu\/\"},{\"@type\":\"ListItem\",\"position\":2,\"name\":\"\u00dczlet\",\"item\":\"https:\/\/hungaroonline.hu\/uzlet\/\"},{\"@type\":\"ListItem\",\"position\":3,\"name\":\"Sarok\u00fcl\u0151 fotel\"}]},{\"@type\":\"WebSite\",\"@id\":\"https:\/\/hungaroonline.hu\/#website\",\"url\":\"https:\/\/hungaroonline.hu\/\",\"name\":\"HungaroOnline\",\"description\":\"Kutyah\u00e1z - Hord\u00f3 - Raklap b\u00fator - Raklapp\u00e1rna Gy\u00e1rt\u00e1sa\",\"publisher\":{\"@id\":\"https:\/\/hungaroonline.hu\/#organization\"},\"potentialAction\":[{\"@type\":\"SearchAction\",\"target\":{\"@type\":\"EntryPoint\",\"urlTemplate\":\"https:\/\/hungaroonline.hu\/?s={search_term_string}\"},\"query-input\":{\"@type\":\"PropertyValueSpecification\",\"valueRequired\":true,\"valueName\":\"search_term_string\"}}],\"inLanguage\":\"de\"},{\"@type\":\"Organization\",\"@id\":\"https:\/\/hungaroonline.hu\/#organization\",\"name\":\"HungaroOnline\",\"url\":\"https:\/\/hungaroonline.hu\/\",\"logo\":{\"@type\":\"ImageObject\",\"inLanguage\":\"de\",\"@id\":\"https:\/\/hungaroonline.hu\/#\/schema\/logo\/image\/\",\"url\":\"https:\/\/hungaroonline.hu\/wp-content\/uploads\/2023\/01\/hungaroonline-footer-logo-color-a.png\",\"contentUrl\":\"https:\/\/hungaroonline.hu\/wp-content\/uploads\/2023\/01\/hungaroonline-footer-logo-color-a.png\",\"width\":970,\"height\":86,\"caption\":\"HungaroOnline\"},\"image\":{\"@id\":\"https:\/\/hungaroonline.hu\/#\/schema\/logo\/image\/\"},\"sameAs\":[\"https:\/\/www.facebook.com\/hungaroonline\"]}]}<\/script>\n<!-- \/ Yoast SEO plugin. -->","yoast_head_json":{"title":"Sarok\u00fcl\u0151 fotel - HungaroOnline","description":"1 \u00c9V GARANCI\u00c1VAL! ASZTALOSOK\u00a0\u00c1LTAL ELK\u00c9SZ\u00cdTETT TERM\u00c9K! Kerti raklap b\u00fatorunk ide\u00e1lis v\u00e1laszt\u00e1s pihen\u00e9sre \u00e9s kellemes id\u0151t\u00f6lt\u00e9sre csal\u00e1dj\u00e1val vagy bar\u00e1taival. A raklap b\u00fator id\u0151t\u00e1ll\u00f3 kialak\u00edt\u00e1s\u00e1nak k\u00f6sz\u00f6nhet\u0151en a fa rusztikus b\u00e1jt k\u00f6lcs\u00f6n\u00f6z terasz\u00e1nak, kertj\u00e9nek! A kerti garnit\u00fara tart\u00f3s, id\u0151j\u00e1r\u00e1s\u00e1ll\u00f3 \u00e9s k\u00f6rnyezetbar\u00e1t! Ez a garnit\u00fara szil\u00e1rd szerkezet\u0171 \u00e9s kev\u00e9s karbantart\u00e1st ig\u00e9nyel!","robots":{"index":"index","follow":"follow","max-snippet":"max-snippet:-1","max-image-preview":"max-image-preview:large","max-video-preview":"max-video-preview:-1"},"canonical":"https:\/\/hungaroonline.hu\/de\/produkt\/raklap-butor-sarokulo-garnitura-fotel\/","og_locale":"de_DE","og_type":"article","og_title":"Raklap b\u00fator","og_description":"Massz\u00edv raklap b\u00fator garanci\u00e1val","og_url":"https:\/\/hungaroonline.hu\/de\/produkt\/raklap-butor-sarokulo-garnitura-fotel\/","og_site_name":"HungaroOnline","article_publisher":"https:\/\/www.facebook.com\/hungaroonline","article_modified_time":"2025-07-24T08:51:23+00:00","og_image":[{"width":1200,"height":1200,"url":"https:\/\/hungaroonline.hu\/wp-content\/uploads\/2021\/03\/raklap-butor-4-4.jpg","type":"image\/jpeg"}],"twitter_card":"summary_large_image","twitter_misc":{"Gesch\u00e4tzte Lesezeit":"2\u00a0Minuten"},"schema":{"@context":"https:\/\/schema.org","@graph":[{"@type":"WebPage","@id":"https:\/\/hungaroonline.hu\/termek\/raklap-butor-sarokulo-garnitura-fotel\/","url":"https:\/\/hungaroonline.hu\/termek\/raklap-butor-sarokulo-garnitura-fotel\/","name":"Sarok\u00fcl\u0151 fotel - HungaroOnline","isPartOf":{"@id":"https:\/\/hungaroonline.hu\/#website"},"primaryImageOfPage":{"@id":"https:\/\/hungaroonline.hu\/termek\/raklap-butor-sarokulo-garnitura-fotel\/#primaryimage"},"image":{"@id":"https:\/\/hungaroonline.hu\/termek\/raklap-butor-sarokulo-garnitura-fotel\/#primaryimage"},"thumbnailUrl":"https:\/\/hungaroonline.hu\/wp-content\/uploads\/2021\/03\/raklap-butor-16.-scaled.jpg","datePublished":"2021-03-08T10:41:38+00:00","dateModified":"2025-07-24T08:51:23+00:00","description":"1 \u00c9V GARANCI\u00c1VAL! ASZTALOSOK\u00a0\u00c1LTAL ELK\u00c9SZ\u00cdTETT TERM\u00c9K! Kerti raklap b\u00fatorunk ide\u00e1lis v\u00e1laszt\u00e1s pihen\u00e9sre \u00e9s kellemes id\u0151t\u00f6lt\u00e9sre csal\u00e1dj\u00e1val vagy bar\u00e1taival. A raklap b\u00fator id\u0151t\u00e1ll\u00f3 kialak\u00edt\u00e1s\u00e1nak k\u00f6sz\u00f6nhet\u0151en a fa rusztikus b\u00e1jt k\u00f6lcs\u00f6n\u00f6z terasz\u00e1nak, kertj\u00e9nek! A kerti garnit\u00fara tart\u00f3s, id\u0151j\u00e1r\u00e1s\u00e1ll\u00f3 \u00e9s k\u00f6rnyezetbar\u00e1t! Ez a garnit\u00fara szil\u00e1rd szerkezet\u0171 \u00e9s kev\u00e9s karbantart\u00e1st ig\u00e9nyel!","breadcrumb":{"@id":"https:\/\/hungaroonline.hu\/termek\/raklap-butor-sarokulo-garnitura-fotel\/#breadcrumb"},"inLanguage":"de","potentialAction":[{"@type":"ReadAction","target":["https:\/\/hungaroonline.hu\/termek\/raklap-butor-sarokulo-garnitura-fotel\/"]}]},{"@type":"ImageObject","inLanguage":"de","@id":"https:\/\/hungaroonline.hu\/termek\/raklap-butor-sarokulo-garnitura-fotel\/#primaryimage","url":"https:\/\/hungaroonline.hu\/wp-content\/uploads\/2021\/03\/raklap-butor-16.-scaled.jpg","contentUrl":"https:\/\/hungaroonline.hu\/wp-content\/uploads\/2021\/03\/raklap-butor-16.-scaled.jpg","width":2560,"height":2560},{"@type":"BreadcrumbList","@id":"https:\/\/hungaroonline.hu\/termek\/raklap-butor-sarokulo-garnitura-fotel\/#breadcrumb","itemListElement":[{"@type":"ListItem","position":1,"name":"Home","item":"https:\/\/hungaroonline.hu\/"},{"@type":"ListItem","position":2,"name":"\u00dczlet","item":"https:\/\/hungaroonline.hu\/uzlet\/"},{"@type":"ListItem","position":3,"name":"Sarok\u00fcl\u0151 fotel"}]},{"@type":"WebSite","@id":"https:\/\/hungaroonline.hu\/#website","url":"https:\/\/hungaroonline.hu\/","name":"HungaroOnline","description":"Hundeh\u00fctte - Fass - Palettenm\u00f6bel - Palettenkissen Produktion","publisher":{"@id":"https:\/\/hungaroonline.hu\/#organization"},"potentialAction":[{"@type":"SearchAction","target":{"@type":"EntryPoint","urlTemplate":"https:\/\/hungaroonline.hu\/?s={search_term_string}"},"query-input":{"@type":"PropertyValueSpecification","valueRequired":true,"valueName":"search_term_string"}}],"inLanguage":"de"},{"@type":"Organization","@id":"https:\/\/hungaroonline.hu\/#organization","name":"HungaroOnline","url":"https:\/\/hungaroonline.hu\/","logo":{"@type":"ImageObject","inLanguage":"de","@id":"https:\/\/hungaroonline.hu\/#\/schema\/logo\/image\/","url":"https:\/\/hungaroonline.hu\/wp-content\/uploads\/2023\/01\/hungaroonline-footer-logo-color-a.png","contentUrl":"https:\/\/hungaroonline.hu\/wp-content\/uploads\/2023\/01\/hungaroonline-footer-logo-color-a.png","width":970,"height":86,"caption":"HungaroOnline"},"image":{"@id":"https:\/\/hungaroonline.hu\/#\/schema\/logo\/image\/"},"sameAs":["https:\/\/www.facebook.com\/hungaroonline"]}]}},"_links":{"self":[{"href":"https:\/\/hungaroonline.hu\/de\/wp-json\/wp\/v2\/product\/2843","targetHints":{"allow":["GET"]}}],"collection":[{"href":"https:\/\/hungaroonline.hu\/de\/wp-json\/wp\/v2\/product"}],"about":[{"href":"https:\/\/hungaroonline.hu\/de\/wp-json\/wp\/v2\/types\/product"}],"replies":[{"embeddable":true,"href":"https:\/\/hungaroonline.hu\/de\/wp-json\/wp\/v2\/comments?post=2843"}],"version-history":[{"count":12,"href":"https:\/\/hungaroonline.hu\/de\/wp-json\/wp\/v2\/product\/2843\/revisions"}],"predecessor-version":[{"id":7314,"href":"https:\/\/hungaroonline.hu\/de\/wp-json\/wp\/v2\/product\/2843\/revisions\/7314"}],"wp:featuredmedia":[{"embeddable":true,"href":"https:\/\/hungaroonline.hu\/de\/wp-json\/wp\/v2\/media\/2785"}],"wp:attachment":[{"href":"https:\/\/hungaroonline.hu\/de\/wp-json\/wp\/v2\/media?parent=2843"}],"wp:term":[{"taxonomy":"product_brand","embeddable":true,"href":"https:\/\/hungaroonline.hu\/de\/wp-json\/wp\/v2\/product_brand?post=2843"},{"taxonomy":"product_cat","embeddable":true,"href":"https:\/\/hungaroonline.hu\/de\/wp-json\/wp\/v2\/product_cat?post=2843"},{"taxonomy":"product_tag","embeddable":true,"href":"https:\/\/hungaroonline.hu\/de\/wp-json\/wp\/v2\/product_tag?post=2843"}],"curies":[{"name":"wp","href":"https:\/\/api.w.org\/{rel}","templated":true}]}}