{"id":2656,"date":"2021-02-10T09:56:30","date_gmt":"2021-02-10T08:56:30","guid":{"rendered":"https:\/\/hungaroonline.hempa.hu\/?post_type=product&#038;p=2656"},"modified":"2025-09-21T11:50:56","modified_gmt":"2025-09-21T09:50:56","slug":"kozepes-kutyahaz-lapos-tetos-hoszigetelessel","status":"publish","type":"product","link":"https:\/\/hungaroonline.hu\/de\/produkt\/kozepes-kutyahaz-lapos-tetos-hoszigetelessel\/","title":{"rendered":"(M) MITTLERE Flachdach-Hundeh\u00fctte mit W\u00e4rmed\u00e4mmung"},"content":{"rendered":"<p><img fetchpriority=\"high\" decoding=\"async\" class=\"size-medium wp-image-7493 aligncenter\" src=\"https:\/\/hungaroonline.hu\/wp-content\/uploads\/2025\/01\/laposteto-kutyahaz2-300x300.jpeg\" alt=\"Lapostet\u0151 kutyah\u00e1z\" width=\"300\" height=\"300\" srcset=\"https:\/\/hungaroonline.hu\/wp-content\/uploads\/2025\/01\/laposteto-kutyahaz2-300x300.jpeg 300w, https:\/\/hungaroonline.hu\/wp-content\/uploads\/2025\/01\/laposteto-kutyahaz2-1024x1024.jpeg 1024w, https:\/\/hungaroonline.hu\/wp-content\/uploads\/2025\/01\/laposteto-kutyahaz2-768x768.jpeg 768w, https:\/\/hungaroonline.hu\/wp-content\/uploads\/2025\/01\/laposteto-kutyahaz2-1536x1536.jpeg 1536w, https:\/\/hungaroonline.hu\/wp-content\/uploads\/2025\/01\/laposteto-kutyahaz2-2048x2048.jpeg 2048w, https:\/\/hungaroonline.hu\/wp-content\/uploads\/2025\/01\/laposteto-kutyahaz2-12x12.jpeg 12w, https:\/\/hungaroonline.hu\/wp-content\/uploads\/2025\/01\/laposteto-kutyahaz2-600x600.jpeg 600w, https:\/\/hungaroonline.hu\/wp-content\/uploads\/2025\/01\/laposteto-kutyahaz2-1000x1000.jpeg 1000w, https:\/\/hungaroonline.hu\/wp-content\/uploads\/2025\/01\/laposteto-kutyahaz2-100x100.jpeg 100w\" sizes=\"(max-width: 300px) 100vw, 300px\" \/><\/p>\n<p>&nbsp;<\/p>\n<p>&nbsp;<\/p>\n<p style=\"text-align: center;\"><strong>Seit 15 Jahren produzieren wir in unserer Schreinerei hochwertige, witterungsbest\u00e4ndige und langlebige Hundeh\u00fctten!<\/strong><\/p>\n<p>&nbsp;<\/p>\n<p>&nbsp;<\/p>\n<p>&nbsp;<\/p>\n<p><strong><em>Warum sollten Sie sich f\u00fcr unsere Hundeh\u00fctten entscheiden?<\/em><\/strong><\/p>\n<ul>\n<li>Wir fertigen es aus gehobelter 1,5 cm Kiefernholzplatte!<\/li>\n<li>Dank seines massiven Holzrahmens ist es sehr langlebig!<\/li>\n<li>Der Boden der Hundeh\u00fctte ist 3 cm \u00fcber dem Boden erh\u00f6ht!<\/li>\n<li>2 cm Styropor, zzgl. Sperrholzverkleidung!<\/li>\n<li>Die Seitenwand und der Boden sind beide isoliert!<\/li>\n<li>Sein Design ist komplett auf den Outdoor-Einsatz ausgelegt!<\/li>\n<li>Auf unsere Hundeh\u00fctten gew\u00e4hren wir 1 Jahr Garantie!<\/li>\n<\/ul>\n<p>&nbsp;<\/p>\n<p>&nbsp;<\/p>\n<p>Unsere Hundeh\u00fctten werden flach verpackt geliefert, d. h. sie kommen unmontiert bei Ihnen an. Aufgrund ihres Sperrgewichts ist diese Versandmethode die kosteng\u00fcnstigste Option!<\/p>\n<p>&nbsp;<\/p>\n<p>&nbsp;<\/p>\n<p><strong>Unsere flach montierten Hundeh\u00fctten sind einfach aufzubauen!<\/strong><\/p>\n<p>- Wir legen eine Montageanleitung bei!<\/p>\n<p>- Es ist vorgebohrt!<\/p>\n<p>- Kann mit einer Schraubengr\u00f6\u00dfe montiert werden!<\/p>\n<p>&nbsp;<\/p>\n<p>&nbsp;<\/p>\n<p>&nbsp;<\/p>\n<p>Gr\u00f6\u00dfen:<\/p>\n<p>Au\u00dfenma\u00dfe: 70 cm breit, 60 cm lang, 60 cm hoch.<\/p>\n<p>&nbsp;<\/p>\n<p>Innenma\u00dfe: 60 cm breit, 50 cm lang, 55 cm hoch.<\/p>\n<p>&nbsp;<\/p>\n<p>Eingangsgr\u00f6\u00dfe: 25 cm breit, 32 cm hoch.<\/p>\n<p>&nbsp;<\/p>\n<p>Farbe: Natur - Nicht bemalt!<\/p>\n<p>&nbsp;<\/p>\n<p>&nbsp;<\/p>\n<p><em><strong><b>Zum Beispiel eine mittelgro\u00dfe Hundeh\u00fctte: <\/b><\/strong>Wir empfehlen es f\u00fcr Englische Bulldoggen, Bullterrier, Beagles, Jagdhunde, Staffordshire Terrier, Chow-Chows, Vizslas, Pumi, Mudi und Pulis.<\/em><\/p>\n<p>&nbsp;<\/p>\n<p>&nbsp;<\/p>\n<p><em>Hundeh\u00fctte <strong>Gr\u00f6\u00dfe und Gewicht<\/strong> (27 kg), die Versandkosten betragen: <strong>7000 HUF<\/strong><\/em><\/p>\n<p>&nbsp;<\/p>\n<p><a href=\"https:\/\/hungaroonline.hu\/de\/kutyahazak\/?v=baba78b405b0\"><em><strong><span style=\"color: #3366ff;\">MEHR BILDER HIER<\/span><\/strong><\/em><\/a><\/p>\n<p>&nbsp;<\/p>\n<p>&nbsp;<\/p>","protected":false},"excerpt":{"rendered":"<p><strong><em>Produkt vom Tischler!<\/em><\/strong><\/p>\n<p><em>Seitent\u00fcr!<\/em><\/p>\n<p>Lieferzeit: 3-6 Werktage!<\/p>\n<p>&nbsp;<\/p>","protected":false},"featured_media":2644,"comment_status":"closed","ping_status":"closed","template":"","meta":[],"product_brand":[],"product_cat":[43],"product_tag":[],"class_list":{"0":"post-2656","1":"product","2":"type-product","3":"status-publish","4":"has-post-thumbnail","6":"product_cat-kutyahazak-tobb-meretben","7":"product_shipping_class-kutyahazak","9":"first","10":"instock","11":"purchasable","12":"product-type-simple"},"yoast_head":"<!-- This site is optimized with the Yoast SEO plugin v26.6 - https:\/\/yoast.com\/wordpress\/plugins\/seo\/ -->\n<title>(M) K\u00d6ZEPES lapostet\u0151s kutyah\u00e1z h\u0151szigetel\u00e9ssel - HungaroOnline<\/title>\n<meta name=\"description\" content=\"MI\u00c9RT J\u00d3 V\u00c1LASZT\u00c1S EZ A KUTYAH\u00c1Z: Asztalosok \u00e1ltal elk\u00e9sz\u00edtett term\u00e9k! Gyalult 1,5 cm feny\u0151fa lamb\u00e9ri\u00e1b\u00f3l k\u00e9sz\u00edtj\u00fck! T\u00f6m\u00f6r fav\u00e1z\u00e1na % k k\u00f6sz\u00f6nhet\u0151en nagyon\u00a0 strapab\u00edr\u00f3! A kutyah\u00e1z feneke 3 cm-re el van emelve a f\u00f6ldt\u0151l! 1 \u00e9v j\u00f3t\u00e1ll\u00e1st biztos\u00edtunk!\" \/>\n<meta name=\"robots\" content=\"index, follow, max-snippet:-1, max-image-preview:large, max-video-preview:-1\" \/>\n<link rel=\"canonical\" href=\"https:\/\/hungaroonline.hu\/de\/produkt\/kozepes-kutyahaz-lapos-tetos-hoszigetelessel\/\" \/>\n<meta property=\"og:locale\" content=\"de_DE\" \/>\n<meta property=\"og:type\" content=\"article\" \/>\n<meta property=\"og:title\" content=\"K\u00f6zepes lapostet\u0151s kutyah\u00e1z\" \/>\n<meta property=\"og:description\" content=\"MI\u00c9RT J\u00d3 V\u00c1LASZT\u00c1S EZ A KUTYAH\u00c1Z: Asztalosok \u00e1ltal elk\u00e9sz\u00edtett term\u00e9k! Gyalult 1,5 cm feny\u0151fa lamb\u00e9ri\u00e1b\u00f3l k\u00e9sz\u00edtj\u00fck! T\u00f6m\u00f6r fav\u00e1z\u00e1na % k k\u00f6sz\u00f6nhet\u0151en nagyon\u00a0 strapab\u00edr\u00f3! A kutyah\u00e1z feneke 3 cm-re el van emelve a f\u00f6ldt\u0151l! 1 \u00e9v j\u00f3t\u00e1ll\u00e1st biztos\u00edtunk!\" \/>\n<meta property=\"og:url\" content=\"https:\/\/hungaroonline.hu\/de\/produkt\/kozepes-kutyahaz-lapos-tetos-hoszigetelessel\/\" \/>\n<meta property=\"og:site_name\" content=\"HungaroOnline\" \/>\n<meta property=\"article:publisher\" content=\"https:\/\/www.facebook.com\/hungaroonline\" \/>\n<meta property=\"article:modified_time\" content=\"2025-09-21T09:50:56+00:00\" \/>\n<meta property=\"og:image\" content=\"https:\/\/hungaroonline.hu\/wp-content\/uploads\/2021\/02\/kutyahaz-17-2-scaled.jpg\" \/>\n\t<meta property=\"og:image:width\" content=\"2560\" \/>\n\t<meta property=\"og:image:height\" content=\"2560\" \/>\n\t<meta property=\"og:image:type\" content=\"image\/jpeg\" \/>\n<meta name=\"twitter:card\" content=\"summary_large_image\" \/>\n<meta name=\"twitter:label1\" content=\"Gesch\u00e4tzte Lesezeit\" \/>\n\t<meta name=\"twitter:data1\" content=\"2\u00a0Minuten\" \/>\n<script type=\"application\/ld+json\" class=\"yoast-schema-graph\">{\"@context\":\"https:\/\/schema.org\",\"@graph\":[{\"@type\":\"WebPage\",\"@id\":\"https:\/\/hungaroonline.hu\/termek\/kozepes-kutyahaz-lapos-tetos-hoszigetelessel\/\",\"url\":\"https:\/\/hungaroonline.hu\/termek\/kozepes-kutyahaz-lapos-tetos-hoszigetelessel\/\",\"name\":\"(M) K\u00d6ZEPES lapostet\u0151s kutyah\u00e1z h\u0151szigetel\u00e9ssel - HungaroOnline\",\"isPartOf\":{\"@id\":\"https:\/\/hungaroonline.hu\/#website\"},\"primaryImageOfPage\":{\"@id\":\"https:\/\/hungaroonline.hu\/termek\/kozepes-kutyahaz-lapos-tetos-hoszigetelessel\/#primaryimage\"},\"image\":{\"@id\":\"https:\/\/hungaroonline.hu\/termek\/kozepes-kutyahaz-lapos-tetos-hoszigetelessel\/#primaryimage\"},\"thumbnailUrl\":\"https:\/\/hungaroonline.hu\/wp-content\/uploads\/2021\/02\/kutyahaz-17-scaled.jpg\",\"datePublished\":\"2021-02-10T08:56:30+00:00\",\"dateModified\":\"2025-09-21T09:50:56+00:00\",\"description\":\"MI\u00c9RT J\u00d3 V\u00c1LASZT\u00c1S EZ A KUTYAH\u00c1Z: Asztalosok \u00e1ltal elk\u00e9sz\u00edtett term\u00e9k! Gyalult 1,5 cm feny\u0151fa lamb\u00e9ri\u00e1b\u00f3l k\u00e9sz\u00edtj\u00fck! T\u00f6m\u00f6r fav\u00e1z\u00e1na % k k\u00f6sz\u00f6nhet\u0151en nagyon\u00a0 strapab\u00edr\u00f3! A kutyah\u00e1z feneke 3 cm-re el van emelve a f\u00f6ldt\u0151l! 1 \u00e9v j\u00f3t\u00e1ll\u00e1st biztos\u00edtunk!\",\"breadcrumb\":{\"@id\":\"https:\/\/hungaroonline.hu\/termek\/kozepes-kutyahaz-lapos-tetos-hoszigetelessel\/#breadcrumb\"},\"inLanguage\":\"de\",\"potentialAction\":[{\"@type\":\"ReadAction\",\"target\":[\"https:\/\/hungaroonline.hu\/termek\/kozepes-kutyahaz-lapos-tetos-hoszigetelessel\/\"]}]},{\"@type\":\"ImageObject\",\"inLanguage\":\"de\",\"@id\":\"https:\/\/hungaroonline.hu\/termek\/kozepes-kutyahaz-lapos-tetos-hoszigetelessel\/#primaryimage\",\"url\":\"https:\/\/hungaroonline.hu\/wp-content\/uploads\/2021\/02\/kutyahaz-17-scaled.jpg\",\"contentUrl\":\"https:\/\/hungaroonline.hu\/wp-content\/uploads\/2021\/02\/kutyahaz-17-scaled.jpg\",\"width\":2560,\"height\":2560},{\"@type\":\"BreadcrumbList\",\"@id\":\"https:\/\/hungaroonline.hu\/termek\/kozepes-kutyahaz-lapos-tetos-hoszigetelessel\/#breadcrumb\",\"itemListElement\":[{\"@type\":\"ListItem\",\"position\":1,\"name\":\"Home\",\"item\":\"https:\/\/hungaroonline.hu\/\"},{\"@type\":\"ListItem\",\"position\":2,\"name\":\"\u00dczlet\",\"item\":\"https:\/\/hungaroonline.hu\/uzlet\/\"},{\"@type\":\"ListItem\",\"position\":3,\"name\":\"(M) K\u00d6ZEPES lapostet\u0151s kutyah\u00e1z h\u0151szigetel\u00e9ssel\"}]},{\"@type\":\"WebSite\",\"@id\":\"https:\/\/hungaroonline.hu\/#website\",\"url\":\"https:\/\/hungaroonline.hu\/\",\"name\":\"HungaroOnline\",\"description\":\"Kutyah\u00e1z - Hord\u00f3 - Raklap b\u00fator - Raklapp\u00e1rna Gy\u00e1rt\u00e1sa\",\"publisher\":{\"@id\":\"https:\/\/hungaroonline.hu\/#organization\"},\"potentialAction\":[{\"@type\":\"SearchAction\",\"target\":{\"@type\":\"EntryPoint\",\"urlTemplate\":\"https:\/\/hungaroonline.hu\/?s={search_term_string}\"},\"query-input\":{\"@type\":\"PropertyValueSpecification\",\"valueRequired\":true,\"valueName\":\"search_term_string\"}}],\"inLanguage\":\"de\"},{\"@type\":\"Organization\",\"@id\":\"https:\/\/hungaroonline.hu\/#organization\",\"name\":\"HungaroOnline\",\"url\":\"https:\/\/hungaroonline.hu\/\",\"logo\":{\"@type\":\"ImageObject\",\"inLanguage\":\"de\",\"@id\":\"https:\/\/hungaroonline.hu\/#\/schema\/logo\/image\/\",\"url\":\"https:\/\/hungaroonline.hu\/wp-content\/uploads\/2023\/01\/hungaroonline-footer-logo-color-a.png\",\"contentUrl\":\"https:\/\/hungaroonline.hu\/wp-content\/uploads\/2023\/01\/hungaroonline-footer-logo-color-a.png\",\"width\":970,\"height\":86,\"caption\":\"HungaroOnline\"},\"image\":{\"@id\":\"https:\/\/hungaroonline.hu\/#\/schema\/logo\/image\/\"},\"sameAs\":[\"https:\/\/www.facebook.com\/hungaroonline\"]}]}<\/script>\n<!-- \/ Yoast SEO plugin. -->","yoast_head_json":{"title":"(M) K\u00d6ZEPES lapostet\u0151s kutyah\u00e1z h\u0151szigetel\u00e9ssel - HungaroOnline","description":"MI\u00c9RT J\u00d3 V\u00c1LASZT\u00c1S EZ A KUTYAH\u00c1Z: Asztalosok \u00e1ltal elk\u00e9sz\u00edtett term\u00e9k! Gyalult 1,5 cm feny\u0151fa lamb\u00e9ri\u00e1b\u00f3l k\u00e9sz\u00edtj\u00fck! T\u00f6m\u00f6r fav\u00e1z\u00e1na % k k\u00f6sz\u00f6nhet\u0151en nagyon\u00a0 strapab\u00edr\u00f3! A kutyah\u00e1z feneke 3 cm-re el van emelve a f\u00f6ldt\u0151l! 1 \u00e9v j\u00f3t\u00e1ll\u00e1st biztos\u00edtunk!","robots":{"index":"index","follow":"follow","max-snippet":"max-snippet:-1","max-image-preview":"max-image-preview:large","max-video-preview":"max-video-preview:-1"},"canonical":"https:\/\/hungaroonline.hu\/de\/produkt\/kozepes-kutyahaz-lapos-tetos-hoszigetelessel\/","og_locale":"de_DE","og_type":"article","og_title":"K\u00f6zepes lapostet\u0151s kutyah\u00e1z","og_description":"MI\u00c9RT J\u00d3 V\u00c1LASZT\u00c1S EZ A KUTYAH\u00c1Z: Asztalosok \u00e1ltal elk\u00e9sz\u00edtett term\u00e9k! Gyalult 1,5 cm feny\u0151fa lamb\u00e9ri\u00e1b\u00f3l k\u00e9sz\u00edtj\u00fck! T\u00f6m\u00f6r fav\u00e1z\u00e1na % k k\u00f6sz\u00f6nhet\u0151en nagyon\u00a0 strapab\u00edr\u00f3! A kutyah\u00e1z feneke 3 cm-re el van emelve a f\u00f6ldt\u0151l! 1 \u00e9v j\u00f3t\u00e1ll\u00e1st biztos\u00edtunk!","og_url":"https:\/\/hungaroonline.hu\/de\/produkt\/kozepes-kutyahaz-lapos-tetos-hoszigetelessel\/","og_site_name":"HungaroOnline","article_publisher":"https:\/\/www.facebook.com\/hungaroonline","article_modified_time":"2025-09-21T09:50:56+00:00","og_image":[{"width":2560,"height":2560,"url":"https:\/\/hungaroonline.hu\/wp-content\/uploads\/2021\/02\/kutyahaz-17-2-scaled.jpg","type":"image\/jpeg"}],"twitter_card":"summary_large_image","twitter_misc":{"Gesch\u00e4tzte Lesezeit":"2\u00a0Minuten"},"schema":{"@context":"https:\/\/schema.org","@graph":[{"@type":"WebPage","@id":"https:\/\/hungaroonline.hu\/termek\/kozepes-kutyahaz-lapos-tetos-hoszigetelessel\/","url":"https:\/\/hungaroonline.hu\/termek\/kozepes-kutyahaz-lapos-tetos-hoszigetelessel\/","name":"(M) K\u00d6ZEPES lapostet\u0151s kutyah\u00e1z h\u0151szigetel\u00e9ssel - HungaroOnline","isPartOf":{"@id":"https:\/\/hungaroonline.hu\/#website"},"primaryImageOfPage":{"@id":"https:\/\/hungaroonline.hu\/termek\/kozepes-kutyahaz-lapos-tetos-hoszigetelessel\/#primaryimage"},"image":{"@id":"https:\/\/hungaroonline.hu\/termek\/kozepes-kutyahaz-lapos-tetos-hoszigetelessel\/#primaryimage"},"thumbnailUrl":"https:\/\/hungaroonline.hu\/wp-content\/uploads\/2021\/02\/kutyahaz-17-scaled.jpg","datePublished":"2021-02-10T08:56:30+00:00","dateModified":"2025-09-21T09:50:56+00:00","description":"MI\u00c9RT J\u00d3 V\u00c1LASZT\u00c1S EZ A KUTYAH\u00c1Z: Asztalosok \u00e1ltal elk\u00e9sz\u00edtett term\u00e9k! Gyalult 1,5 cm feny\u0151fa lamb\u00e9ri\u00e1b\u00f3l k\u00e9sz\u00edtj\u00fck! T\u00f6m\u00f6r fav\u00e1z\u00e1na % k k\u00f6sz\u00f6nhet\u0151en nagyon\u00a0 strapab\u00edr\u00f3! A kutyah\u00e1z feneke 3 cm-re el van emelve a f\u00f6ldt\u0151l! 1 \u00e9v j\u00f3t\u00e1ll\u00e1st biztos\u00edtunk!","breadcrumb":{"@id":"https:\/\/hungaroonline.hu\/termek\/kozepes-kutyahaz-lapos-tetos-hoszigetelessel\/#breadcrumb"},"inLanguage":"de","potentialAction":[{"@type":"ReadAction","target":["https:\/\/hungaroonline.hu\/termek\/kozepes-kutyahaz-lapos-tetos-hoszigetelessel\/"]}]},{"@type":"ImageObject","inLanguage":"de","@id":"https:\/\/hungaroonline.hu\/termek\/kozepes-kutyahaz-lapos-tetos-hoszigetelessel\/#primaryimage","url":"https:\/\/hungaroonline.hu\/wp-content\/uploads\/2021\/02\/kutyahaz-17-scaled.jpg","contentUrl":"https:\/\/hungaroonline.hu\/wp-content\/uploads\/2021\/02\/kutyahaz-17-scaled.jpg","width":2560,"height":2560},{"@type":"BreadcrumbList","@id":"https:\/\/hungaroonline.hu\/termek\/kozepes-kutyahaz-lapos-tetos-hoszigetelessel\/#breadcrumb","itemListElement":[{"@type":"ListItem","position":1,"name":"Home","item":"https:\/\/hungaroonline.hu\/"},{"@type":"ListItem","position":2,"name":"\u00dczlet","item":"https:\/\/hungaroonline.hu\/uzlet\/"},{"@type":"ListItem","position":3,"name":"(M) K\u00d6ZEPES lapostet\u0151s kutyah\u00e1z h\u0151szigetel\u00e9ssel"}]},{"@type":"WebSite","@id":"https:\/\/hungaroonline.hu\/#website","url":"https:\/\/hungaroonline.hu\/","name":"HungaroOnline","description":"Hundeh\u00fctte - Fass - Palettenm\u00f6bel - Palettenkissen Produktion","publisher":{"@id":"https:\/\/hungaroonline.hu\/#organization"},"potentialAction":[{"@type":"SearchAction","target":{"@type":"EntryPoint","urlTemplate":"https:\/\/hungaroonline.hu\/?s={search_term_string}"},"query-input":{"@type":"PropertyValueSpecification","valueRequired":true,"valueName":"search_term_string"}}],"inLanguage":"de"},{"@type":"Organization","@id":"https:\/\/hungaroonline.hu\/#organization","name":"HungaroOnline","url":"https:\/\/hungaroonline.hu\/","logo":{"@type":"ImageObject","inLanguage":"de","@id":"https:\/\/hungaroonline.hu\/#\/schema\/logo\/image\/","url":"https:\/\/hungaroonline.hu\/wp-content\/uploads\/2023\/01\/hungaroonline-footer-logo-color-a.png","contentUrl":"https:\/\/hungaroonline.hu\/wp-content\/uploads\/2023\/01\/hungaroonline-footer-logo-color-a.png","width":970,"height":86,"caption":"HungaroOnline"},"image":{"@id":"https:\/\/hungaroonline.hu\/#\/schema\/logo\/image\/"},"sameAs":["https:\/\/www.facebook.com\/hungaroonline"]}]}},"_links":{"self":[{"href":"https:\/\/hungaroonline.hu\/de\/wp-json\/wp\/v2\/product\/2656","targetHints":{"allow":["GET"]}}],"collection":[{"href":"https:\/\/hungaroonline.hu\/de\/wp-json\/wp\/v2\/product"}],"about":[{"href":"https:\/\/hungaroonline.hu\/de\/wp-json\/wp\/v2\/types\/product"}],"replies":[{"embeddable":true,"href":"https:\/\/hungaroonline.hu\/de\/wp-json\/wp\/v2\/comments?post=2656"}],"version-history":[{"count":16,"href":"https:\/\/hungaroonline.hu\/de\/wp-json\/wp\/v2\/product\/2656\/revisions"}],"predecessor-version":[{"id":7502,"href":"https:\/\/hungaroonline.hu\/de\/wp-json\/wp\/v2\/product\/2656\/revisions\/7502"}],"wp:featuredmedia":[{"embeddable":true,"href":"https:\/\/hungaroonline.hu\/de\/wp-json\/wp\/v2\/media\/2644"}],"wp:attachment":[{"href":"https:\/\/hungaroonline.hu\/de\/wp-json\/wp\/v2\/media?parent=2656"}],"wp:term":[{"taxonomy":"product_brand","embeddable":true,"href":"https:\/\/hungaroonline.hu\/de\/wp-json\/wp\/v2\/product_brand?post=2656"},{"taxonomy":"product_cat","embeddable":true,"href":"https:\/\/hungaroonline.hu\/de\/wp-json\/wp\/v2\/product_cat?post=2656"},{"taxonomy":"product_tag","embeddable":true,"href":"https:\/\/hungaroonline.hu\/de\/wp-json\/wp\/v2\/product_tag?post=2656"}],"curies":[{"name":"wp","href":"https:\/\/api.w.org\/{rel}","templated":true}]}}