{"id":2175,"date":"2020-10-03T14:33:29","date_gmt":"2020-10-03T12:33:29","guid":{"rendered":"https:\/\/hungaroonline.hempa.hu\/?post_type=product&#038;p=2175"},"modified":"2025-03-01T06:20:06","modified_gmt":"2025-03-01T05:20:06","slug":"thermo-fuggony-kutyahazra-40-c-kozepes-40x60-cm","status":"publish","type":"product","link":"https:\/\/hungaroonline.hu\/de\/produkt\/thermo-fuggony-kutyahazra-40-c-kozepes-40x60-cm\/","title":{"rendered":"INDUSTRIAL Thermovorhang -40\u00b0C LARGE f\u00fcr Hundeh\u00fctte 40X54"},"content":{"rendered":"<p><img decoding=\"async\" class=\"wp-image-6961 aligncenter\" src=\"https:\/\/hungaroonline.hu\/wp-content\/uploads\/2020\/10\/thermo-fuggony-1-470x300.jpg\" alt=\"H\u0151f\u00fcgg\u00f6ny\" width=\"252\" height=\"161\" srcset=\"https:\/\/hungaroonline.hu\/wp-content\/uploads\/2020\/10\/thermo-fuggony-1-470x300.jpg 470w, https:\/\/hungaroonline.hu\/wp-content\/uploads\/2020\/10\/thermo-fuggony-1-1110x708.jpg 1110w, https:\/\/hungaroonline.hu\/wp-content\/uploads\/2020\/10\/thermo-fuggony-1-768x490.jpg 768w, https:\/\/hungaroonline.hu\/wp-content\/uploads\/2020\/10\/thermo-fuggony-1-1536x980.jpg 1536w, https:\/\/hungaroonline.hu\/wp-content\/uploads\/2020\/10\/thermo-fuggony-1-2048x1307.jpg 2048w, https:\/\/hungaroonline.hu\/wp-content\/uploads\/2020\/10\/thermo-fuggony-1-18x12.jpg 18w, https:\/\/hungaroonline.hu\/wp-content\/uploads\/2020\/10\/thermo-fuggony-1-1000x638.jpg 1000w\" sizes=\"(max-width: 252px) 100vw, 252px\" \/><\/p>\n<p>&nbsp;<\/p>\n<p>&nbsp;<\/p>\n<p>&nbsp;<\/p>\n<p style=\"text-align: center;\"><em><strong>Industrielles Frostschutz-PVC-Band beh\u00e4lt seine physikalischen Eigenschaften bis -40 \u00b0C!<\/strong><\/em><\/p>\n<p>&nbsp;<\/p>\n<p>&nbsp;<\/p>\n<p>&nbsp;<\/p>\n<p>&nbsp;<\/p>\n<p>&nbsp;<\/p>\n<p>PVC-Streifenvorhang f\u00fcr den Au\u00dfen- und Innenbereich geeignet!<\/p>\n<p>Es bricht nicht <strong>NEIN<\/strong> <strong>es h\u00e4rtet!<\/strong><\/p>\n<p>Der PVC-Streifenvorhang <strong>guter W\u00e4rmeisolator<\/strong>, k\u00f6nnen durch den Einsatz erhebliche Energieeinsparungen erzielt werden.<\/p>\n<p>Sch\u00fctzt vor Zugluft, Staub und L\u00e4rm.<\/p>\n<p>Es ist einfach, es sauber zu halten!<\/p>\n<p>Die frostbest\u00e4ndige PVC-Leiste ist auf naturbelassenen Kiefernlatten montiert.<\/p>\n<p><strong>Wir liefern es auf der Hundeh\u00fctte montiert,<\/strong>\u00a0 Legen Sie sie mit 1-2 cm \u00dcberlappung \u00fcbereinander und reduzieren Sie so die Zugluft und das Eindringen der K\u00e4lte auf ein Minimum!<\/p>\n<p>Die transparenten PVC-Streifen blockieren nicht die Sicht Ihres Hundes, aber sie bieten ernsthaften Schutz vor K\u00e4lte!<\/p>\n<p>&nbsp;<\/p>\n<p>&nbsp;<\/p>\n<p>&nbsp;<\/p>\n<p>&nbsp;<\/p>\n<p><strong>Gro\u00dfe Hundeh\u00fctte!<\/strong><\/p>\n<p>Gr\u00f6\u00dfe: 40 cm breit x 54 cm hoch.<\/p>\n<p>Dicke PVC-Streifenvorhang: <strong>2 mm!<\/strong><\/p>\n<p>Temperaturbereich: <strong>-40<\/strong> \u00b0C~<strong>+35<\/strong> \u00b0C<\/p>\n<p>&nbsp;<\/p>\n<p>&nbsp;<\/p>\n<p>&nbsp;<\/p>\n<p>&nbsp;<\/p>\n<p>&nbsp;<\/p>\n<p><em><strong>WICHTIG!!!<\/strong><\/em><\/p>\n<div>\n<div>F\u00fcr den Thermovorhang fallen nur dann keine Versandkosten an, wenn er zusammen mit einer Hundeh\u00fctte bestellt wird!<\/div>\n<div>Wenn Sie nur den Thermovorhang kaufen m\u00f6chten, fallen hierf\u00fcr die Versandkosten an <strong>3000 HUF<\/strong> brutto, das wir im Nachhinein berechnen!<\/div>\n<\/div>\n<div><\/div>\n<div><strong>Danke f\u00fcrs Kommen!<\/strong><\/div>\n<p>&nbsp;<\/p>\n<p>&nbsp;<\/p>\n<p>&nbsp;<\/p>","protected":false},"excerpt":{"rendered":"<p>&nbsp;<\/p>\n<p><strong>Gro\u00df <\/strong><b>in die Hundeh\u00fctte!<\/b><\/p>\n<p>&nbsp;<\/p>\n<p>Lieferzeit: 3-7 Werktage!<\/p>\n<p>&nbsp;<\/p>\n<p>&nbsp;<\/p>","protected":false},"featured_media":3483,"comment_status":"closed","ping_status":"closed","template":"","meta":[],"product_brand":[],"product_cat":[43,93],"product_tag":[],"class_list":{"0":"post-2175","1":"product","2":"type-product","3":"status-publish","4":"has-post-thumbnail","6":"product_cat-kutyahazak-tobb-meretben","7":"product_cat-thermo-fuggony-kutyahazra","8":"product_shipping_class-thermo-fuggony","10":"first","11":"instock","12":"purchasable","13":"product-type-simple"},"yoast_head":"<!-- This site is optimized with the Yoast SEO plugin v26.6 - https:\/\/yoast.com\/wordpress\/plugins\/seo\/ -->\n<title>IPARI Thermo F\u00fcgg\u00f6ny -40\u00b0C NAGY Kutyah\u00e1zra 40X54 - HungaroOnline<\/title>\n<meta name=\"description\" content=\"IPARI fagy\u00e1ll\u00f3 PVC szalag -40 \u00b0C h\u0151m\u00e9rs\u00e9kletig meg\u0151rzi fizikai tulajdons\u00e1gait, nem t\u00f6rik, nem kem\u00e9nyedik be, haszn\u00e1lhat\u00f3s\u00e1ga a norm\u00e1lis, fagymentes h\u0151m\u00e9rs\u00e9kleti viszonyoknak megfelel\u0151 marad.\" \/>\n<meta name=\"robots\" content=\"index, follow, max-snippet:-1, max-image-preview:large, max-video-preview:-1\" \/>\n<link rel=\"canonical\" href=\"https:\/\/hungaroonline.hu\/de\/produkt\/thermo-fuggony-kutyahazra-40-c-kozepes-40x60-cm\/\" \/>\n<meta property=\"og:locale\" content=\"de_DE\" \/>\n<meta property=\"og:type\" content=\"article\" \/>\n<meta property=\"og:title\" content=\"IPARI Thermo F\u00fcgg\u00f6ny -40\u00b0C NAGY Kutyah\u00e1zra 40X54 - HungaroOnline\" \/>\n<meta property=\"og:description\" content=\"IPARI fagy\u00e1ll\u00f3 PVC szalag -40 \u00b0C h\u0151m\u00e9rs\u00e9kletig meg\u0151rzi fizikai tulajdons\u00e1gait, nem t\u00f6rik, nem kem\u00e9nyedik be, haszn\u00e1lhat\u00f3s\u00e1ga a norm\u00e1lis, fagymentes h\u0151m\u00e9rs\u00e9kleti viszonyoknak megfelel\u0151 marad.\" \/>\n<meta property=\"og:url\" content=\"https:\/\/hungaroonline.hu\/de\/produkt\/thermo-fuggony-kutyahazra-40-c-kozepes-40x60-cm\/\" \/>\n<meta property=\"og:site_name\" content=\"HungaroOnline\" \/>\n<meta property=\"article:publisher\" content=\"https:\/\/www.facebook.com\/hungaroonline\" \/>\n<meta property=\"article:modified_time\" content=\"2025-03-01T05:20:06+00:00\" \/>\n<meta property=\"og:image\" content=\"https:\/\/hungaroonline.hu\/wp-content\/uploads\/2020\/10\/Thermo-fuggony-3-.jpg\" \/>\n\t<meta property=\"og:image:width\" content=\"350\" \/>\n\t<meta property=\"og:image:height\" content=\"350\" \/>\n\t<meta property=\"og:image:type\" content=\"image\/jpeg\" \/>\n<meta name=\"twitter:card\" content=\"summary_large_image\" \/>\n<meta name=\"twitter:label1\" content=\"Gesch\u00e4tzte Lesezeit\" \/>\n\t<meta name=\"twitter:data1\" content=\"2\u00a0Minuten\" \/>\n<script type=\"application\/ld+json\" class=\"yoast-schema-graph\">{\"@context\":\"https:\/\/schema.org\",\"@graph\":[{\"@type\":\"WebPage\",\"@id\":\"https:\/\/hungaroonline.hu\/termek\/thermo-fuggony-kutyahazra-40-c-kozepes-40x60-cm\/\",\"url\":\"https:\/\/hungaroonline.hu\/termek\/thermo-fuggony-kutyahazra-40-c-kozepes-40x60-cm\/\",\"name\":\"IPARI Thermo F\u00fcgg\u00f6ny -40\u00b0C NAGY Kutyah\u00e1zra 40X54 - HungaroOnline\",\"isPartOf\":{\"@id\":\"https:\/\/hungaroonline.hu\/#website\"},\"primaryImageOfPage\":{\"@id\":\"https:\/\/hungaroonline.hu\/termek\/thermo-fuggony-kutyahazra-40-c-kozepes-40x60-cm\/#primaryimage\"},\"image\":{\"@id\":\"https:\/\/hungaroonline.hu\/termek\/thermo-fuggony-kutyahazra-40-c-kozepes-40x60-cm\/#primaryimage\"},\"thumbnailUrl\":\"https:\/\/hungaroonline.hu\/wp-content\/uploads\/2020\/10\/Thermo-fuggony-3-.jpg\",\"datePublished\":\"2020-10-03T12:33:29+00:00\",\"dateModified\":\"2025-03-01T05:20:06+00:00\",\"description\":\"IPARI fagy\u00e1ll\u00f3 PVC szalag -40 \u00b0C h\u0151m\u00e9rs\u00e9kletig meg\u0151rzi fizikai tulajdons\u00e1gait, nem t\u00f6rik, nem kem\u00e9nyedik be, haszn\u00e1lhat\u00f3s\u00e1ga a norm\u00e1lis, fagymentes h\u0151m\u00e9rs\u00e9kleti viszonyoknak megfelel\u0151 marad.\",\"breadcrumb\":{\"@id\":\"https:\/\/hungaroonline.hu\/termek\/thermo-fuggony-kutyahazra-40-c-kozepes-40x60-cm\/#breadcrumb\"},\"inLanguage\":\"de\",\"potentialAction\":[{\"@type\":\"ReadAction\",\"target\":[\"https:\/\/hungaroonline.hu\/termek\/thermo-fuggony-kutyahazra-40-c-kozepes-40x60-cm\/\"]}]},{\"@type\":\"ImageObject\",\"inLanguage\":\"de\",\"@id\":\"https:\/\/hungaroonline.hu\/termek\/thermo-fuggony-kutyahazra-40-c-kozepes-40x60-cm\/#primaryimage\",\"url\":\"https:\/\/hungaroonline.hu\/wp-content\/uploads\/2020\/10\/Thermo-fuggony-3-.jpg\",\"contentUrl\":\"https:\/\/hungaroonline.hu\/wp-content\/uploads\/2020\/10\/Thermo-fuggony-3-.jpg\",\"width\":350,\"height\":350,\"caption\":\"H\u0151f\u00fcgg\u00f6ny\"},{\"@type\":\"BreadcrumbList\",\"@id\":\"https:\/\/hungaroonline.hu\/termek\/thermo-fuggony-kutyahazra-40-c-kozepes-40x60-cm\/#breadcrumb\",\"itemListElement\":[{\"@type\":\"ListItem\",\"position\":1,\"name\":\"Home\",\"item\":\"https:\/\/hungaroonline.hu\/\"},{\"@type\":\"ListItem\",\"position\":2,\"name\":\"\u00dczlet\",\"item\":\"https:\/\/hungaroonline.hu\/uzlet\/\"},{\"@type\":\"ListItem\",\"position\":3,\"name\":\"IPARI Thermo F\u00fcgg\u00f6ny -40\u00b0C NAGY Kutyah\u00e1zra 40X54\"}]},{\"@type\":\"WebSite\",\"@id\":\"https:\/\/hungaroonline.hu\/#website\",\"url\":\"https:\/\/hungaroonline.hu\/\",\"name\":\"HungaroOnline\",\"description\":\"Kutyah\u00e1z - Hord\u00f3 - Raklap b\u00fator - Raklapp\u00e1rna Gy\u00e1rt\u00e1sa\",\"publisher\":{\"@id\":\"https:\/\/hungaroonline.hu\/#organization\"},\"potentialAction\":[{\"@type\":\"SearchAction\",\"target\":{\"@type\":\"EntryPoint\",\"urlTemplate\":\"https:\/\/hungaroonline.hu\/?s={search_term_string}\"},\"query-input\":{\"@type\":\"PropertyValueSpecification\",\"valueRequired\":true,\"valueName\":\"search_term_string\"}}],\"inLanguage\":\"de\"},{\"@type\":\"Organization\",\"@id\":\"https:\/\/hungaroonline.hu\/#organization\",\"name\":\"HungaroOnline\",\"url\":\"https:\/\/hungaroonline.hu\/\",\"logo\":{\"@type\":\"ImageObject\",\"inLanguage\":\"de\",\"@id\":\"https:\/\/hungaroonline.hu\/#\/schema\/logo\/image\/\",\"url\":\"https:\/\/hungaroonline.hu\/wp-content\/uploads\/2023\/01\/hungaroonline-footer-logo-color-a.png\",\"contentUrl\":\"https:\/\/hungaroonline.hu\/wp-content\/uploads\/2023\/01\/hungaroonline-footer-logo-color-a.png\",\"width\":970,\"height\":86,\"caption\":\"HungaroOnline\"},\"image\":{\"@id\":\"https:\/\/hungaroonline.hu\/#\/schema\/logo\/image\/\"},\"sameAs\":[\"https:\/\/www.facebook.com\/hungaroonline\"]}]}<\/script>\n<!-- \/ Yoast SEO plugin. -->","yoast_head_json":{"title":"IPARI Thermo F\u00fcgg\u00f6ny -40\u00b0C NAGY Kutyah\u00e1zra 40X54 - HungaroOnline","description":"IPARI fagy\u00e1ll\u00f3 PVC szalag -40 \u00b0C h\u0151m\u00e9rs\u00e9kletig meg\u0151rzi fizikai tulajdons\u00e1gait, nem t\u00f6rik, nem kem\u00e9nyedik be, haszn\u00e1lhat\u00f3s\u00e1ga a norm\u00e1lis, fagymentes h\u0151m\u00e9rs\u00e9kleti viszonyoknak megfelel\u0151 marad.","robots":{"index":"index","follow":"follow","max-snippet":"max-snippet:-1","max-image-preview":"max-image-preview:large","max-video-preview":"max-video-preview:-1"},"canonical":"https:\/\/hungaroonline.hu\/de\/produkt\/thermo-fuggony-kutyahazra-40-c-kozepes-40x60-cm\/","og_locale":"de_DE","og_type":"article","og_title":"IPARI Thermo F\u00fcgg\u00f6ny -40\u00b0C NAGY Kutyah\u00e1zra 40X54 - HungaroOnline","og_description":"IPARI fagy\u00e1ll\u00f3 PVC szalag -40 \u00b0C h\u0151m\u00e9rs\u00e9kletig meg\u0151rzi fizikai tulajdons\u00e1gait, nem t\u00f6rik, nem kem\u00e9nyedik be, haszn\u00e1lhat\u00f3s\u00e1ga a norm\u00e1lis, fagymentes h\u0151m\u00e9rs\u00e9kleti viszonyoknak megfelel\u0151 marad.","og_url":"https:\/\/hungaroonline.hu\/de\/produkt\/thermo-fuggony-kutyahazra-40-c-kozepes-40x60-cm\/","og_site_name":"HungaroOnline","article_publisher":"https:\/\/www.facebook.com\/hungaroonline","article_modified_time":"2025-03-01T05:20:06+00:00","og_image":[{"width":350,"height":350,"url":"https:\/\/hungaroonline.hu\/wp-content\/uploads\/2020\/10\/Thermo-fuggony-3-.jpg","type":"image\/jpeg"}],"twitter_card":"summary_large_image","twitter_misc":{"Gesch\u00e4tzte Lesezeit":"2\u00a0Minuten"},"schema":{"@context":"https:\/\/schema.org","@graph":[{"@type":"WebPage","@id":"https:\/\/hungaroonline.hu\/termek\/thermo-fuggony-kutyahazra-40-c-kozepes-40x60-cm\/","url":"https:\/\/hungaroonline.hu\/termek\/thermo-fuggony-kutyahazra-40-c-kozepes-40x60-cm\/","name":"IPARI Thermo F\u00fcgg\u00f6ny -40\u00b0C NAGY Kutyah\u00e1zra 40X54 - HungaroOnline","isPartOf":{"@id":"https:\/\/hungaroonline.hu\/#website"},"primaryImageOfPage":{"@id":"https:\/\/hungaroonline.hu\/termek\/thermo-fuggony-kutyahazra-40-c-kozepes-40x60-cm\/#primaryimage"},"image":{"@id":"https:\/\/hungaroonline.hu\/termek\/thermo-fuggony-kutyahazra-40-c-kozepes-40x60-cm\/#primaryimage"},"thumbnailUrl":"https:\/\/hungaroonline.hu\/wp-content\/uploads\/2020\/10\/Thermo-fuggony-3-.jpg","datePublished":"2020-10-03T12:33:29+00:00","dateModified":"2025-03-01T05:20:06+00:00","description":"IPARI fagy\u00e1ll\u00f3 PVC szalag -40 \u00b0C h\u0151m\u00e9rs\u00e9kletig meg\u0151rzi fizikai tulajdons\u00e1gait, nem t\u00f6rik, nem kem\u00e9nyedik be, haszn\u00e1lhat\u00f3s\u00e1ga a norm\u00e1lis, fagymentes h\u0151m\u00e9rs\u00e9kleti viszonyoknak megfelel\u0151 marad.","breadcrumb":{"@id":"https:\/\/hungaroonline.hu\/termek\/thermo-fuggony-kutyahazra-40-c-kozepes-40x60-cm\/#breadcrumb"},"inLanguage":"de","potentialAction":[{"@type":"ReadAction","target":["https:\/\/hungaroonline.hu\/termek\/thermo-fuggony-kutyahazra-40-c-kozepes-40x60-cm\/"]}]},{"@type":"ImageObject","inLanguage":"de","@id":"https:\/\/hungaroonline.hu\/termek\/thermo-fuggony-kutyahazra-40-c-kozepes-40x60-cm\/#primaryimage","url":"https:\/\/hungaroonline.hu\/wp-content\/uploads\/2020\/10\/Thermo-fuggony-3-.jpg","contentUrl":"https:\/\/hungaroonline.hu\/wp-content\/uploads\/2020\/10\/Thermo-fuggony-3-.jpg","width":350,"height":350,"caption":"H\u0151f\u00fcgg\u00f6ny"},{"@type":"BreadcrumbList","@id":"https:\/\/hungaroonline.hu\/termek\/thermo-fuggony-kutyahazra-40-c-kozepes-40x60-cm\/#breadcrumb","itemListElement":[{"@type":"ListItem","position":1,"name":"Home","item":"https:\/\/hungaroonline.hu\/"},{"@type":"ListItem","position":2,"name":"\u00dczlet","item":"https:\/\/hungaroonline.hu\/uzlet\/"},{"@type":"ListItem","position":3,"name":"IPARI Thermo F\u00fcgg\u00f6ny -40\u00b0C NAGY Kutyah\u00e1zra 40X54"}]},{"@type":"WebSite","@id":"https:\/\/hungaroonline.hu\/#website","url":"https:\/\/hungaroonline.hu\/","name":"HungaroOnline","description":"Hundeh\u00fctte - Fass - Palettenm\u00f6bel - Palettenkissen Produktion","publisher":{"@id":"https:\/\/hungaroonline.hu\/#organization"},"potentialAction":[{"@type":"SearchAction","target":{"@type":"EntryPoint","urlTemplate":"https:\/\/hungaroonline.hu\/?s={search_term_string}"},"query-input":{"@type":"PropertyValueSpecification","valueRequired":true,"valueName":"search_term_string"}}],"inLanguage":"de"},{"@type":"Organization","@id":"https:\/\/hungaroonline.hu\/#organization","name":"HungaroOnline","url":"https:\/\/hungaroonline.hu\/","logo":{"@type":"ImageObject","inLanguage":"de","@id":"https:\/\/hungaroonline.hu\/#\/schema\/logo\/image\/","url":"https:\/\/hungaroonline.hu\/wp-content\/uploads\/2023\/01\/hungaroonline-footer-logo-color-a.png","contentUrl":"https:\/\/hungaroonline.hu\/wp-content\/uploads\/2023\/01\/hungaroonline-footer-logo-color-a.png","width":970,"height":86,"caption":"HungaroOnline"},"image":{"@id":"https:\/\/hungaroonline.hu\/#\/schema\/logo\/image\/"},"sameAs":["https:\/\/www.facebook.com\/hungaroonline"]}]}},"_links":{"self":[{"href":"https:\/\/hungaroonline.hu\/de\/wp-json\/wp\/v2\/product\/2175","targetHints":{"allow":["GET"]}}],"collection":[{"href":"https:\/\/hungaroonline.hu\/de\/wp-json\/wp\/v2\/product"}],"about":[{"href":"https:\/\/hungaroonline.hu\/de\/wp-json\/wp\/v2\/types\/product"}],"replies":[{"embeddable":true,"href":"https:\/\/hungaroonline.hu\/de\/wp-json\/wp\/v2\/comments?post=2175"}],"version-history":[{"count":10,"href":"https:\/\/hungaroonline.hu\/de\/wp-json\/wp\/v2\/product\/2175\/revisions"}],"predecessor-version":[{"id":6988,"href":"https:\/\/hungaroonline.hu\/de\/wp-json\/wp\/v2\/product\/2175\/revisions\/6988"}],"wp:featuredmedia":[{"embeddable":true,"href":"https:\/\/hungaroonline.hu\/de\/wp-json\/wp\/v2\/media\/3483"}],"wp:attachment":[{"href":"https:\/\/hungaroonline.hu\/de\/wp-json\/wp\/v2\/media?parent=2175"}],"wp:term":[{"taxonomy":"product_brand","embeddable":true,"href":"https:\/\/hungaroonline.hu\/de\/wp-json\/wp\/v2\/product_brand?post=2175"},{"taxonomy":"product_cat","embeddable":true,"href":"https:\/\/hungaroonline.hu\/de\/wp-json\/wp\/v2\/product_cat?post=2175"},{"taxonomy":"product_tag","embeddable":true,"href":"https:\/\/hungaroonline.hu\/de\/wp-json\/wp\/v2\/product_tag?post=2175"}],"curies":[{"name":"wp","href":"https:\/\/api.w.org\/{rel}","templated":true}]}}