{"id":309,"date":"2019-06-12T12:06:21","date_gmt":"2019-06-12T12:06:21","guid":{"rendered":"https:\/\/hungaroonline.hempa.hu\/?page_id=309"},"modified":"2025-01-29T17:55:32","modified_gmt":"2025-01-29T16:55:32","slug":"aszf","status":"publish","type":"page","link":"https:\/\/hungaroonline.hu\/de\/aszf\/","title":{"rendered":"AGB"},"content":{"rendered":"<p><a href=\"https:\/\/hungaroonline.hu\/wp-content\/uploads\/2020\/11\/HUNGAROONLINE-ASZF-f.pdf\">Allgemeine Gesch\u00e4ftsbedingungen<\/a><\/p>\n\n\n\n<p><\/p>\n\n\n\n<p><strong><u>WICHTIG!!!&nbsp;<\/u><\/strong>Sollte diese nicht mehr aktuell sein oder Sie Ihre Meinung ge\u00e4ndert haben, teilen Sie uns dies bitte vorab unter dieser Telefonnummer mit&nbsp;<strong>+36706361980<\/strong>&nbsp;Besessenheit&nbsp;<a href=\"mailto:hungaroonlinekft@gmail.com\" target=\"_blank\" rel=\"noreferrer noopener\">hungaroonlinekft@gmail.com<\/a>&nbsp;unter E-Mail-Adresse!<\/p>\n\n\n\n<p><strong><u>ZAHLUNGSPFLICHT<\/u><\/strong>\u00a0Dies gilt auch, wenn der Kurierdienst (bei MPL)\u00a0\u00a0<strong><u>Verweigern Sie die Annahme des Pakets!!!\u00a0<\/u><\/strong>\u00a0In jedem Fall k\u00f6nnen Sie dies unter diesen Kontakten tun\u00a0<strong>+36706361980\u00a0\u00a0<\/strong>Besessenheit\u00a0\u00a0<a href=\"mailto:hungaroonlinekft@gmail.com\" target=\"_blank\" rel=\"noreferrer noopener\">hungaroonlinekft@gmail.com<\/a>\u00a0 unter E-Mail-Adresse\u00a0\u00a0<strong><u>MUSS<\/u><\/strong>\u00a0 Lass uns wissen!<\/p>\n\n\n\n<p>Wenn Sie uns Ihre K\u00fcndigungsabsicht nicht mitteilen&nbsp;<strong><u>MUSS<\/u><\/strong>&nbsp;die Versandkosten erstatten&nbsp;<strong><u>Die Regierung 45\/2014. (II. 26.) Regierungsverordnung aufgrund des Gesetzes \u00fcber Vertr\u00e4ge zwischen Verbraucher und Unternehmer!!!<\/u><\/strong> <\/p>\n\n\n\n<p><strong>Die \u00c1FSZ nahm den Vertrag an und nahm ihn zur Kenntnis<\/strong> <strong>Verpflichtung!!!<\/strong><\/p>\n\n\n\n<p><\/p>\n\n\n\n<p><\/p>\n\n\n\n<p><\/p>\n\n\n\n<p><strong>Es ist nicht m\u00f6glich, das Produkt pers\u00f6nlich zu erhalten oder zu handhaben!<\/strong><\/p>\n\n\n\n<p><\/p>\n\n\n\n<p>1. Der Hersteller ist alleiniger Eigent\u00fcmer des Produkts.&nbsp;<\/p>\n\n\n\n<p>2. Die Hundeh\u00fctte, die der K\u00e4ufer bereits hat <strong>gebaut<\/strong> Wir k\u00f6nnen den Preis nicht umtauschen oder erstatten!&nbsp;<\/p>\n\n\n\n<p>3. Nicht f\u00fcr Ihren Hund geeignet <strong>Gr\u00f6\u00dfe Hundeh\u00fctte<\/strong> und <strong>Thermovorhang<\/strong> Bestellung, wir sind nicht in der Lage, den Preis der Hundeh\u00fctte, die Abmessungen der Hundeh\u00fctten umzutauschen oder zu erstatten <strong>sind aufgef\u00fchrt!<\/strong> Bitte sorgf\u00e4ltig lesen und <strong>denk an die ma\u00dfe!&nbsp;<\/strong><\/p>\n\n\n\n<p>4. Der Hersteller garantiert, den H\u00e4ndler mit maximaler Produktionskapazit\u00e4t und Einhaltung der entsprechenden Qualit\u00e4tsanforderungen zu bedienen.&nbsp;<\/p>\n\n\n\n<p>5. A&nbsp;<a href=\"https:\/\/hungaroonline.hu\/de\/\" target=\"_blank\" rel=\"noreferrer noopener\">www.hungaroonline.hu<\/a>&nbsp;Die auf der Website verkauften Produkte werden von den Vertragsherstellern hergestellt!&nbsp;<\/p>\n\n\n\n<p>6. F\u00fcr jedes auf hungaroonline.hu verkaufte Produkt ist der Hersteller f\u00fcr die ordnungsgem\u00e4\u00dfe Qualit\u00e4t, Verpackung und Lieferung des Produkts verantwortlich.&nbsp;<\/p>\n\n\n\n<p>7. Hungaroonline.hu, B.HungaroOnline Kft stellt dem Kunden f\u00fcr jedes im Online-Shop auf hungaroonline.hu bestellte Produkt eine Rechnung aus!&nbsp;<\/p>\n\n\n\n<p>8. Der Preis der Produkte im Webshop beinhaltet nicht <strong>Umsatzsteuer<\/strong>! <strong>AAM-Preise!<\/strong><\/p>\n\n\n\n<p>9. Der Hersteller verpflichtet sich, das bestellte Produkt am Tag der Bestellung, sp\u00e4testens jedoch innerhalb von 5-12 Werktagen, sicher zu verpacken und dem Kurierdienst zu \u00fcbergeben.&nbsp;<br>10. F\u00fcr Besch\u00e4digungen oder Bruch durch unsachgem\u00e4\u00dfe Verpackung haftet der Hersteller!&nbsp;<\/p>\n\n\n\n<p>11. Die Versandkosten richten sich nach Gewicht und Gr\u00f6\u00dfe der Produkte!&nbsp;<\/p>\n\n\n\n<p>12. DER HERSTELLER \u00dcBERNIMMT DIE GARANTIE F\u00dcR JEDES PROBLEM IM ZUSAMMENHANG MIT DER QUALIT\u00c4T JEDES PRODUKTS IM ZUSAMMENHANG MIT DER QUALIT\u00c4T!&nbsp;<\/p>\n\n\n\n<p>13. Jede Bestellung im Online-Shop Hungaroonline.hu ohne besondere Begr\u00fcndung <strong>du kannst es l\u00f6schen!<\/strong><\/p>\n\n\n\n<p>14. <strong>Garantie<\/strong><em>: Ein Jahr.<\/em><\/p>\n\n\n\n<p>15. <strong>In diesem Fall k\u00f6nnen Sie die Garantie nicht nutzen:<\/strong><\/p>\n\n\n\n<p><em>-Missachtung der Gebrauchs- und Handhabungsanleitung!<\/em><\/p>\n\n\n\n<p><em>- unsachgem\u00e4\u00dfe Lagerung, unsachgem\u00e4\u00dfe Handhabung, Besch\u00e4digung, Kauen!<\/em><strong><em><\/em><\/strong><\/p>\n\n\n\n<p><strong><em>&#8211;<\/em><\/strong><em>Elementarschaden, verursacht durch eine Naturkatastrophe!<\/em><\/p>\n\n\n\n<p><em>-keine Oberfl\u00e4chenbehandlung mind. 2x!<\/em><\/p>\n\n\n\n<p><em>- falsche Montage!<\/em><\/p>\n\n\n\n<p><em>-falsche Gr\u00f6\u00dfenauswahl!<\/em><\/p>\n\n\n\n<p><strong>Nach dem Kauf hat AFSZ die Garantiebedingungen akzeptiert und zur Kenntnis genommen<em>!<\/em><\/strong><\/p>\n\n\n\n<p><strong><em>Burj\u00e1nHungary Kft<\/em><\/strong><\/p>\n\n\n\n<p>Firmenbuchnummer: <strong>06-09-027651<\/strong><\/p>\n\n\n\n<p>Hauptsitz: 6914 Pitvaros Mez\u0151hegyesi \u00fat 22.<\/p>\n\n\n\n<p>Postanschrift: 6914 Pitvaros Mez\u0151hegyesi \u00fat 22.<\/p>\n\n\n\n<p>Webseite:&nbsp;<a href=\"http:\/\/www.hungaroonlin.hu\/\" target=\"_blank\" rel=\"noreferrer noopener\">www.hungarooonlin.hu<\/a><\/p>\n\n\n\n<p>Steuernummer: <strong>27731464-1-06.<\/strong><\/p>\n\n\n\n<p>Steueridentifikationsnummer: <strong>HU27731464.<\/strong><\/p>\n\n\n\n<p>Telefon: +36706361980<\/p>\n\n\n\n<p>Email:&nbsp;<a href=\"mailto:hungaroonlinekft@gmail.com\" target=\"_blank\" rel=\"noreferrer noopener\">hungaroonlinekft@gmail.com<\/a><\/p>\n\n\n\n<p><br>K&amp;H Bank zrt. <strong>HU50 10402829-50526954-78511008<\/strong><\/p>\n\n\n\n<p><\/p>\n\n\n\n<p>16. <em><strong>Wir k\u00f6nnen die Gartenm\u00f6bel bundesweit per EUR-Palettenversand liefern, aufgrund der \u00dcbergr\u00f6\u00dfe und des Gewichts betr\u00e4gt die Liefergeb\u00fchr 25.000 HUF!<\/strong><\/em><\/p>\n\n\n\n<p><em><strong>Auf einer EUR-Palette k\u00f6nnen wir ca. 6-7 St\u00fcck montierte Gartenm\u00f6bel liefern!<\/strong><\/em><\/p>\n\n\n\n<p>17. <strong>Juristische Personen k\u00f6nnen kein 14-t\u00e4giges Widerrufsrecht gem\u00e4\u00df Art. 45\/2014 aus\u00fcben. (II. 26.) Gem\u00e4\u00df den Bestimmungen der Regierungsverordnung, des B\u00fcrgerlichen Gesetzbuches. 8:1. Verbraucher ist nach \u00a7 3 keine andere als eine nat\u00fcrliche Person, die au\u00dferhalb ihrer beruflichen, selbst\u00e4ndigen beruflichen oder gewerblichen T\u00e4tigkeit handelt, d. h. juristischen Personen und Unternehmern steht das Widerrufsrecht nicht zu.<\/strong><\/p>\n\n\n\n<p><strong>Verfahren zur Erledigung des Widerspruchs seitens des Unternehmens: Abgelehnt<\/strong><\/p>\n\n\n\n<p><strong>Juristische Personen k\u00f6nnen kein 14-t\u00e4giges Widerrufsrecht gem\u00e4\u00df Art. 45\/2014 aus\u00fcben. (II. 26.) Gem\u00e4\u00df den Bestimmungen der Regierungsverordnung.<\/strong>&nbsp;&nbsp;<br><br><strong>Das B\u00fcrgerliche Gesetzbuch 8:1. Verbraucher ist nach \u00a7 3 keine andere als eine nat\u00fcrliche Person, die au\u00dferhalb ihrer beruflichen, selbst\u00e4ndigen beruflichen oder gewerblichen T\u00e4tigkeit handelt, d. h. juristischen Personen und Unternehmern steht das Widerrufsrecht nicht zu.<\/strong><\/p>\n\n\n\n<p><a href=\"https:\/\/hungaroonline.hempa.hu\/wp-content\/uploads\/2022\/09\/HUNGAROONLINE-ASZF-f-5.pdf\"><strong>VOLLST\u00c4NDIGE BESCHREIBUNG VON \u00c1FSZ HIER<\/strong><\/a>:<\/p>\n\n\n\n<p><\/p>\n\n\n\n<p><strong><a href=\"https:\/\/hungaroonline.hu\/wp-content\/uploads\/2023\/10\/MK14030.pdf\">45\/2014. (II. 26.) Regierung. Regelungen zu Vertr\u00e4gen zwischen Verbraucher und Unternehmer finden Sie hier:<\/a><\/strong><\/p>\n\n\n\n<p><\/p>\n\n\n\n<p><\/p>\n\n\n\n<figure class=\"wp-block-gallery has-nested-images columns-default is-cropped wp-block-gallery-1 is-layout-flex wp-block-gallery-is-layout-flex\"><\/figure>\n\n\n\n<p><\/p>\n\n\n\n<p><\/p>\n\n\n\n<p><strong>ONLINE-ZAHLUNG MIT BANKKARTE \u00c1FSZ-OFSZ<\/strong>:<\/p>\n\n\n\n<p><strong>Sicher:<\/strong>&nbsp;Sie k\u00f6nnen genau \u00fcberpr\u00fcfen, bei wem Sie einkaufen, und Ihr Geld kann nachverfolgt werden: Sie k\u00f6nnen von Ihrer Bank eine SMS anfordern, die Sie \u00fcber Transaktionen informiert, und Sie k\u00f6nnen Ihre Ausgaben auch auf Ihrem Kontoauszug \u00fcberpr\u00fcfen.<\/p>\n\n\n\n<p><strong>Kostenlose Zahlung:<\/strong>&nbsp;F\u00fcr die Online-Bankkartenzahlung wird keine gesonderte Geb\u00fchr erhoben.<\/p>\n\n\n\n<p><strong>Kostenlose R\u00fccksendungen:<\/strong>&nbsp;Unabh\u00e4ngig davon, welche Zahlungsmethode Sie w\u00e4hlen, k\u00f6nnen Sie die von Hungaroonline.hu verkauften Produkte 30 Tage lang ohne Angabe von Gr\u00fcnden kostenlos zur\u00fcckgeben<sup>*<\/sup>, nat\u00fcrlich auch bei Online-Bankkartenzahlung (und der Kaufpreis wird den Produkten innerhalb von 14 Tagen nach Ankunft im Lager erstattet!<\/p>\n\n\n\n<ul class=\"wp-block-list\">\n<li>Speichern Sie Ihre Karte, damit Sie bei der n\u00e4chsten Online-Zahlung nicht alle Daten erneut eingeben m\u00fcssen.<\/li>\n\n\n\n<li>W\u00e4hlen Sie eine der Zahlungsarten aus und klicken Sie auf den Button \u201eBestellen\u201c. Die Zahlung erfolgt automatisch.<\/li>\n<\/ul>\n\n\n\n<p>F\u00fcr Online-Zahlungen akzeptierte Bankkartentypen sind: VISA (Classic und Electron), Maestro und Mastercard. Wenn dieser keinen CVV2\/CVC2-Code hat, muss das entsprechende Feld mit fiktiven Werten gef\u00fcllt werden.<\/p>\n\n\n\n<p>Wichtig zu wissen ist, dass f\u00fcr die Bestellung keine Transaktionsgeb\u00fchr erhoben wird! Hungaroonline.hu garantiert Zahlungssicherheit!<\/p>\n\n\n\n<p>Wenn Ihre Bankkarte nicht auf HUF basiert, wird der Betrag gem\u00e4\u00df dem Tageswechselkurs Ihrer Bank abgezogen!<\/p>\n\n\n\n<p><\/p>\n\n\n\n<p><\/p>\n\n\n\n<div data-wp-interactive=\"core\/file\" class=\"wp-block-file\"><object data-wp-bind--hidden=\"!state.hasPdfPreview\" hidden class=\"wp-block-file__embed\" data=\"https:\/\/hungaroonline.hu\/wp-content\/uploads\/2024\/12\/OFSZ-ASZF_Elektronikus-hatalyos-20240401.pdf-BANKARTYAS-FIZETES.pdf\" type=\"application\/pdf\" style=\"width:100%;height:630px\" aria-label=\"Einbettung von OFSZ-ASZF_Elektronikus-hatalyos-20240401.pdf BANK\u00c1RTY\u00c1S FIZET\u00c9S.\"><\/object><a id=\"wp-block-file--media-4b5fd68a-3212-4151-a176-d65e2f9f9880\" href=\"https:\/\/hungaroonline.hu\/wp-content\/uploads\/2024\/12\/OFSZ-ASZF_Elektronikus-hatalyos-20240401.pdf-BANKARTYAS-FIZETES.pdf\">OFSZ-ASZF_Elektronikus-tathalyos-20240401.pdf ZAHLUNG MIT BANKKARTE<\/a><a href=\"https:\/\/hungaroonline.hu\/wp-content\/uploads\/2024\/12\/OFSZ-ASZF_Elektronikus-hatalyos-20240401.pdf-BANKARTYAS-FIZETES.pdf\" class=\"wp-block-file__button wp-element-button\" download aria-describedby=\"wp-block-file--media-4b5fd68a-3212-4151-a176-d65e2f9f9880\">Herunterladen<\/a><\/div>","protected":false},"excerpt":{"rendered":"<p>\u00c1ltal\u00e1nos Szerz\u0151d\u00e9si Felt\u00e9telek FONTOS!!!&nbsp;Ha m\u00e1r nem aktu\u00e1lis vagy meggondolta mag\u00e1t azt k\u00e9rem el\u0151re jelezni fel\u00e9nk ezen a telefonsz\u00e1mon&nbsp;+36706361980&nbsp;vagy&nbsp;hungaroonlinekft@gmail.com&nbsp;email c\u00edmen! FIZET\u00c9SI K\u00d6TELEZETTS\u00c9G\u00a0Hat\u00e1lya al\u00e1 esik akkor is ha a fut\u00e1rszolg\u00e1latn\u00e1l az (MPL-n\u00e9l)\u00a0\u00a0TAGADJA\u00a0 MEG\u00a0 A CSOMAG\u00c1TV\u00c9TELT!!!\u00a0\u00a0Ezt minden esetben ezeken az el\u00e9rhet\u0151s\u00e9geken\u00a0+36706361980\u00a0\u00a0vagy\u00a0\u00a0hungaroonlinekft@gmail.com\u00a0 email c\u00edmen\u00a0\u00a0K\u00d6TELES\u00a0 jelezni fel\u00e9nk! Ha nem jelzi fel\u00e9nk az el\u00e1ll\u00e1si sz\u00e1nd\u00e9k\u00e1t&nbsp;K\u00d6TELES&nbsp;megt\u00e9r\u00edteni a sz\u00e1ll\u00edt\u00e1si k\u00f6lts\u00e9get&nbsp;A Korm\u00e1ny 45\/2014. (II. [&hellip;]<\/p>","protected":false},"author":1,"featured_media":0,"parent":0,"menu_order":0,"comment_status":"closed","ping_status":"closed","template":"","meta":{"footnotes":""},"class_list":["post-309","page","type-page","status-publish","hentry"],"yoast_head":"<!-- This site is optimized with the Yoast SEO plugin v26.6 - https:\/\/yoast.com\/wordpress\/plugins\/seo\/ -->\n<title>\u00c1SZF - HungaroOnline<\/title>\n<meta name=\"robots\" content=\"index, follow, max-snippet:-1, max-image-preview:large, max-video-preview:-1\" \/>\n<link rel=\"canonical\" href=\"https:\/\/hungaroonline.hu\/de\/aszf\/\" \/>\n<meta property=\"og:locale\" content=\"de_DE\" \/>\n<meta property=\"og:type\" content=\"article\" \/>\n<meta property=\"og:title\" content=\"\u00c1SZF - HungaroOnline\" \/>\n<meta property=\"og:description\" content=\"\u00c1ltal\u00e1nos Szerz\u0151d\u00e9si Felt\u00e9telek FONTOS!!!&nbsp;Ha m\u00e1r nem aktu\u00e1lis vagy meggondolta mag\u00e1t azt k\u00e9rem el\u0151re jelezni fel\u00e9nk ezen a telefonsz\u00e1mon&nbsp;+36706361980&nbsp;vagy&nbsp;hungaroonlinekft@gmail.com&nbsp;email c\u00edmen! FIZET\u00c9SI K\u00d6TELEZETTS\u00c9G\u00a0Hat\u00e1lya al\u00e1 esik akkor is ha a fut\u00e1rszolg\u00e1latn\u00e1l az (MPL-n\u00e9l)\u00a0\u00a0TAGADJA\u00a0 MEG\u00a0 A CSOMAG\u00c1TV\u00c9TELT!!!\u00a0\u00a0Ezt minden esetben ezeken az el\u00e9rhet\u0151s\u00e9geken\u00a0+36706361980\u00a0\u00a0vagy\u00a0\u00a0hungaroonlinekft@gmail.com\u00a0 email c\u00edmen\u00a0\u00a0K\u00d6TELES\u00a0 jelezni fel\u00e9nk! Ha nem jelzi fel\u00e9nk az el\u00e1ll\u00e1si sz\u00e1nd\u00e9k\u00e1t&nbsp;K\u00d6TELES&nbsp;megt\u00e9r\u00edteni a sz\u00e1ll\u00edt\u00e1si k\u00f6lts\u00e9get&nbsp;A Korm\u00e1ny 45\/2014. (II. [&hellip;]\" \/>\n<meta property=\"og:url\" content=\"https:\/\/hungaroonline.hu\/de\/aszf\/\" \/>\n<meta property=\"og:site_name\" content=\"HungaroOnline\" \/>\n<meta property=\"article:publisher\" content=\"https:\/\/www.facebook.com\/hungaroonline\" \/>\n<meta property=\"article:modified_time\" content=\"2025-01-29T16:55:32+00:00\" \/>\n<meta name=\"twitter:card\" content=\"summary_large_image\" \/>\n<meta name=\"twitter:label1\" content=\"Gesch\u00e4tzte Lesezeit\" \/>\n\t<meta name=\"twitter:data1\" content=\"4\u00a0Minuten\" \/>\n<script type=\"application\/ld+json\" class=\"yoast-schema-graph\">{\"@context\":\"https:\/\/schema.org\",\"@graph\":[{\"@type\":\"WebPage\",\"@id\":\"https:\/\/hungaroonline.hu\/aszf\/\",\"url\":\"https:\/\/hungaroonline.hu\/aszf\/\",\"name\":\"\u00c1SZF - HungaroOnline\",\"isPartOf\":{\"@id\":\"https:\/\/hungaroonline.hu\/#website\"},\"datePublished\":\"2019-06-12T12:06:21+00:00\",\"dateModified\":\"2025-01-29T16:55:32+00:00\",\"breadcrumb\":{\"@id\":\"https:\/\/hungaroonline.hu\/aszf\/#breadcrumb\"},\"inLanguage\":\"de\",\"potentialAction\":[{\"@type\":\"ReadAction\",\"target\":[\"https:\/\/hungaroonline.hu\/aszf\/\"]}]},{\"@type\":\"BreadcrumbList\",\"@id\":\"https:\/\/hungaroonline.hu\/aszf\/#breadcrumb\",\"itemListElement\":[{\"@type\":\"ListItem\",\"position\":1,\"name\":\"Home\",\"item\":\"https:\/\/hungaroonline.hu\/\"},{\"@type\":\"ListItem\",\"position\":2,\"name\":\"\u00c1SZF\"}]},{\"@type\":\"WebSite\",\"@id\":\"https:\/\/hungaroonline.hu\/#website\",\"url\":\"https:\/\/hungaroonline.hu\/\",\"name\":\"HungaroOnline\",\"description\":\"Kutyah\u00e1z - Hord\u00f3 - Raklap b\u00fator - Raklapp\u00e1rna Gy\u00e1rt\u00e1sa\",\"publisher\":{\"@id\":\"https:\/\/hungaroonline.hu\/#organization\"},\"potentialAction\":[{\"@type\":\"SearchAction\",\"target\":{\"@type\":\"EntryPoint\",\"urlTemplate\":\"https:\/\/hungaroonline.hu\/?s={search_term_string}\"},\"query-input\":{\"@type\":\"PropertyValueSpecification\",\"valueRequired\":true,\"valueName\":\"search_term_string\"}}],\"inLanguage\":\"de\"},{\"@type\":\"Organization\",\"@id\":\"https:\/\/hungaroonline.hu\/#organization\",\"name\":\"HungaroOnline\",\"url\":\"https:\/\/hungaroonline.hu\/\",\"logo\":{\"@type\":\"ImageObject\",\"inLanguage\":\"de\",\"@id\":\"https:\/\/hungaroonline.hu\/#\/schema\/logo\/image\/\",\"url\":\"https:\/\/hungaroonline.hu\/wp-content\/uploads\/2023\/01\/hungaroonline-footer-logo-color-a.png\",\"contentUrl\":\"https:\/\/hungaroonline.hu\/wp-content\/uploads\/2023\/01\/hungaroonline-footer-logo-color-a.png\",\"width\":970,\"height\":86,\"caption\":\"HungaroOnline\"},\"image\":{\"@id\":\"https:\/\/hungaroonline.hu\/#\/schema\/logo\/image\/\"},\"sameAs\":[\"https:\/\/www.facebook.com\/hungaroonline\"]}]}<\/script>\n<!-- \/ Yoast SEO plugin. -->","yoast_head_json":{"title":"\u00c1SZF - HungaroOnline","robots":{"index":"index","follow":"follow","max-snippet":"max-snippet:-1","max-image-preview":"max-image-preview:large","max-video-preview":"max-video-preview:-1"},"canonical":"https:\/\/hungaroonline.hu\/de\/aszf\/","og_locale":"de_DE","og_type":"article","og_title":"\u00c1SZF - HungaroOnline","og_description":"\u00c1ltal\u00e1nos Szerz\u0151d\u00e9si Felt\u00e9telek FONTOS!!!&nbsp;Ha m\u00e1r nem aktu\u00e1lis vagy meggondolta mag\u00e1t azt k\u00e9rem el\u0151re jelezni fel\u00e9nk ezen a telefonsz\u00e1mon&nbsp;+36706361980&nbsp;vagy&nbsp;hungaroonlinekft@gmail.com&nbsp;email c\u00edmen! FIZET\u00c9SI K\u00d6TELEZETTS\u00c9G\u00a0Hat\u00e1lya al\u00e1 esik akkor is ha a fut\u00e1rszolg\u00e1latn\u00e1l az (MPL-n\u00e9l)\u00a0\u00a0TAGADJA\u00a0 MEG\u00a0 A CSOMAG\u00c1TV\u00c9TELT!!!\u00a0\u00a0Ezt minden esetben ezeken az el\u00e9rhet\u0151s\u00e9geken\u00a0+36706361980\u00a0\u00a0vagy\u00a0\u00a0hungaroonlinekft@gmail.com\u00a0 email c\u00edmen\u00a0\u00a0K\u00d6TELES\u00a0 jelezni fel\u00e9nk! Ha nem jelzi fel\u00e9nk az el\u00e1ll\u00e1si sz\u00e1nd\u00e9k\u00e1t&nbsp;K\u00d6TELES&nbsp;megt\u00e9r\u00edteni a sz\u00e1ll\u00edt\u00e1si k\u00f6lts\u00e9get&nbsp;A Korm\u00e1ny 45\/2014. (II. [&hellip;]","og_url":"https:\/\/hungaroonline.hu\/de\/aszf\/","og_site_name":"HungaroOnline","article_publisher":"https:\/\/www.facebook.com\/hungaroonline","article_modified_time":"2025-01-29T16:55:32+00:00","twitter_card":"summary_large_image","twitter_misc":{"Gesch\u00e4tzte Lesezeit":"4\u00a0Minuten"},"schema":{"@context":"https:\/\/schema.org","@graph":[{"@type":"WebPage","@id":"https:\/\/hungaroonline.hu\/aszf\/","url":"https:\/\/hungaroonline.hu\/aszf\/","name":"\u00c1SZF - HungaroOnline","isPartOf":{"@id":"https:\/\/hungaroonline.hu\/#website"},"datePublished":"2019-06-12T12:06:21+00:00","dateModified":"2025-01-29T16:55:32+00:00","breadcrumb":{"@id":"https:\/\/hungaroonline.hu\/aszf\/#breadcrumb"},"inLanguage":"de","potentialAction":[{"@type":"ReadAction","target":["https:\/\/hungaroonline.hu\/aszf\/"]}]},{"@type":"BreadcrumbList","@id":"https:\/\/hungaroonline.hu\/aszf\/#breadcrumb","itemListElement":[{"@type":"ListItem","position":1,"name":"Home","item":"https:\/\/hungaroonline.hu\/"},{"@type":"ListItem","position":2,"name":"\u00c1SZF"}]},{"@type":"WebSite","@id":"https:\/\/hungaroonline.hu\/#website","url":"https:\/\/hungaroonline.hu\/","name":"HungaroOnline","description":"Hundeh\u00fctte - Fass - Palettenm\u00f6bel - Palettenkissen Produktion","publisher":{"@id":"https:\/\/hungaroonline.hu\/#organization"},"potentialAction":[{"@type":"SearchAction","target":{"@type":"EntryPoint","urlTemplate":"https:\/\/hungaroonline.hu\/?s={search_term_string}"},"query-input":{"@type":"PropertyValueSpecification","valueRequired":true,"valueName":"search_term_string"}}],"inLanguage":"de"},{"@type":"Organization","@id":"https:\/\/hungaroonline.hu\/#organization","name":"HungaroOnline","url":"https:\/\/hungaroonline.hu\/","logo":{"@type":"ImageObject","inLanguage":"de","@id":"https:\/\/hungaroonline.hu\/#\/schema\/logo\/image\/","url":"https:\/\/hungaroonline.hu\/wp-content\/uploads\/2023\/01\/hungaroonline-footer-logo-color-a.png","contentUrl":"https:\/\/hungaroonline.hu\/wp-content\/uploads\/2023\/01\/hungaroonline-footer-logo-color-a.png","width":970,"height":86,"caption":"HungaroOnline"},"image":{"@id":"https:\/\/hungaroonline.hu\/#\/schema\/logo\/image\/"},"sameAs":["https:\/\/www.facebook.com\/hungaroonline"]}]}},"_links":{"self":[{"href":"https:\/\/hungaroonline.hu\/de\/wp-json\/wp\/v2\/pages\/309","targetHints":{"allow":["GET"]}}],"collection":[{"href":"https:\/\/hungaroonline.hu\/de\/wp-json\/wp\/v2\/pages"}],"about":[{"href":"https:\/\/hungaroonline.hu\/de\/wp-json\/wp\/v2\/types\/page"}],"author":[{"embeddable":true,"href":"https:\/\/hungaroonline.hu\/de\/wp-json\/wp\/v2\/users\/1"}],"replies":[{"embeddable":true,"href":"https:\/\/hungaroonline.hu\/de\/wp-json\/wp\/v2\/comments?post=309"}],"version-history":[{"count":18,"href":"https:\/\/hungaroonline.hu\/de\/wp-json\/wp\/v2\/pages\/309\/revisions"}],"predecessor-version":[{"id":6726,"href":"https:\/\/hungaroonline.hu\/de\/wp-json\/wp\/v2\/pages\/309\/revisions\/6726"}],"wp:attachment":[{"href":"https:\/\/hungaroonline.hu\/de\/wp-json\/wp\/v2\/media?parent=309"}],"curies":[{"name":"wp","href":"https:\/\/api.w.org\/{rel}","templated":true}]}}