{"id":278,"date":"2019-05-30T10:20:33","date_gmt":"2019-05-30T10:20:33","guid":{"rendered":"https:\/\/hungaroonline.hempa.hu\/?page_id=278"},"modified":"2023-10-23T11:05:01","modified_gmt":"2023-10-23T09:05:01","slug":"szallitasi-es-fizetesi-informaciok","status":"publish","type":"page","link":"https:\/\/hungaroonline.hu\/de\/szallitasi-es-fizetesi-informaciok\/","title":{"rendered":"Versand- und Zahlungsinformationen"},"content":{"rendered":"<div data-elementor-type=\"wp-page\" data-elementor-id=\"278\" class=\"elementor elementor-278\" data-elementor-post-type=\"page\">\n\t\t\t\t<div class=\"elementor-element elementor-element-bbb1795 e-flex e-con-boxed e-con e-parent\" data-id=\"bbb1795\" data-element_type=\"container\">\n\t\t\t\t\t<div class=\"e-con-inner\">\n\t\t<div class=\"elementor-element elementor-element-9ca283e e-con-full e-flex e-con e-child\" data-id=\"9ca283e\" data-element_type=\"container\">\n\t\t\t\t<div class=\"elementor-element elementor-element-5ef312f elementor-widget elementor-widget-text-editor\" data-id=\"5ef312f\" data-element_type=\"widget\" data-widget_type=\"text-editor.default\">\n\t\t\t\t<div class=\"elementor-widget-container\">\n\t\t\t\t\t\t\t\t\t<p><\/p>\n<h2 class=\"wp-block-heading\">Transport<\/h2>\n<p><\/p>\n<p><\/p>\n<p><\/p>\n<p><\/p>\n<p><\/p>\n<p>Wir liefern die bestellten Pakete mit dem MPL-Kurierdienst.<\/p>\n<p>Voraussichtliche Lieferzeit: 3-6 Werktage.<\/p>\n<p><em>Aufgrund der Gr\u00f6\u00dfe und des Gewichts der Hundeh\u00fctte betragen die Versandkosten 4.000 HUF bis 27 kg.<\/em><\/p>\n<p><em>5.000 HUF \u00fcber 27 kg.<\/em><\/p>\n<p><\/p>\n<p>Die Lieferung erfolgt werktags zwischen 9:00 und 17:00 Uhr.<\/p>\n<p>\u00dcber den Lieferbeginn informieren wir Sie per E-Mail.<\/p>\n<p><\/p>\n<p><\/p>\n<p>Die Versandkosten richten sich nach dem Zielland und dem Gewicht des Pakets, das nach der Bestellung berechnet werden kann.<\/p>\n<p>Die Versandkosten werden als separater Posten auf der Rechnung ausgewiesen.<br>Reklamationen \u00fcber den Inhalt des Pakets k\u00f6nnen wir nur akzeptieren, wenn die Tatsache des Mangels oder der Besch\u00e4digung in Anwesenheit des Kuriers auf dem Frachtbrief vermerkt ist.<\/p>\n<p><\/p>\n<p><\/p>\n<p><\/p>\n<h2 class=\"wp-block-heading\">Direkte Bank\u00fcberweisung<\/h2>\n<p><\/p>\n<p><\/p>\n<p><\/p>\n<p>Durch die Zahlung per Direkt\u00fcberweisung k\u00f6nnen Sie bequem und sicher in unserem Shop einkaufen!<\/p>\n<p><\/p>\n<p>Nach der Bestellung der ausgew\u00e4hlten Ware m\u00fcssen unsere Kunden lediglich bei der Auswahl der Zahlungsart auf die Aufschrift \u201eZahlung per Direkt\u00fcberweisung\u201c klicken, woraufhin sie per E-Mail den Geb\u00fchrenantrag mit allen notwendigen Daten erhalten f\u00fcr Sie zur Verf\u00fcgung, um den genauen Kaufbetrag zu bezahlen!<\/p>\n<p>Die Preisanfrage umfasst folgende Daten:<\/p>\n<p>-Name des Kontoinhabers:&nbsp;<\/p>\n<p>-Steuernummer:&nbsp;<\/p>\n<p>- Seriennummer des Antragstellers:<\/p>\n<p>-Bestellnummer:<br>-Datum der Fertigstellung:&nbsp;<br>- Ausstellungsdatum:<\/p>\n<p>-Zahlungsfrist:<\/p>\n<p>- Gesamtmenge<\/p>\n<p>-Name der Bank:&nbsp;<\/p>\n<p>-Accountnummer:<\/p>\n<p>-Hinweis (Kopie der Bestell-ID)<\/p>\n<p><\/p>\n<p><\/p>\t\t\t\t\t\t\t\t<\/div>\n\t\t\t\t<\/div>\n\t\t\t\t<\/div>\n\t\t\t\t\t<\/div>\n\t\t\t\t<\/div>\n\t\t\t\t<\/div>","protected":false},"excerpt":{"rendered":"<p>Lieferung Wir liefern die bestellten Pakete mit dem MPL-Kurierdienst. Voraussichtliche Lieferzeit: 3-6 Werktage. Aufgrund der Gr\u00f6\u00dfe und des Gewichts der Hundeh\u00fctte betragen die Versandkosten 4.000 HUF bis 27 kg. Die Lieferung erfolgt an Werktagen zwischen 9 und 17 Uhr. \u00dcber den Lieferbeginn informieren wir Sie per E-Mail. Die Versandkosten richten sich nach dem Zielland und dem Gewicht des Pakets, wobei die Versandkosten [...]<\/p>","protected":false},"author":1,"featured_media":0,"parent":0,"menu_order":0,"comment_status":"closed","ping_status":"closed","template":"elementor_header_footer","meta":{"footnotes":""},"class_list":["post-278","page","type-page","status-publish","hentry"],"yoast_head":"<!-- This site is optimized with the Yoast SEO plugin v26.6 - https:\/\/yoast.com\/wordpress\/plugins\/seo\/ -->\n<title>Sz\u00e1ll\u00edt\u00e1si \u00e9s fizet\u00e9si inform\u00e1ci\u00f3k - HungaroOnline<\/title>\n<meta name=\"robots\" content=\"index, follow, max-snippet:-1, max-image-preview:large, max-video-preview:-1\" \/>\n<link rel=\"canonical\" href=\"https:\/\/hungaroonline.hu\/de\/szallitasi-es-fizetesi-informaciok\/\" \/>\n<meta property=\"og:locale\" content=\"de_DE\" \/>\n<meta property=\"og:type\" content=\"article\" \/>\n<meta property=\"og:title\" content=\"Sz\u00e1ll\u00edt\u00e1si \u00e9s fizet\u00e9si inform\u00e1ci\u00f3k - HungaroOnline\" \/>\n<meta property=\"og:description\" content=\"Sz\u00e1ll\u00edt\u00e1s MPL fut\u00e1rszolg\u00e1lattal sz\u00e1ll\u00edtjuk a megrendelt csomagokat. V\u00e1rhat\u00f3 sz\u00e1ll\u00edt\u00e1si id\u0151: 3-6 munkanap. Kutyah\u00e1z m\u00e9rete \u00e9s a s\u00faly\u00e1b\u00f3l&nbsp; ad\u00f3d\u00f3an a sz\u00e1ll\u00edt\u00e1si k\u00f6lts\u00e9g 27 kg-ig 4000 Ft. 27 kg felett 5000 Ft. A kisz\u00e1ll\u00edt\u00e1s munkanapon 9-17 \u00f3ra k\u00f6z\u00f6tt t\u00f6rt\u00e9nik. A kisz\u00e1ll\u00edt\u00e1s megkezd\u00e9s\u00e9r\u0151l e-mail \u00fczenetben t\u00e1j\u00e9koztatjuk. A sz\u00e1ll\u00edt\u00e1si k\u00f6lts\u00e9g a c\u00e9lorsz\u00e1g \u00e9s a csomag s\u00falya alapj\u00e1n ker\u00fcl meg\u00e1llap\u00edt\u00e1sra, [&hellip;]\" \/>\n<meta property=\"og:url\" content=\"https:\/\/hungaroonline.hu\/de\/szallitasi-es-fizetesi-informaciok\/\" \/>\n<meta property=\"og:site_name\" content=\"HungaroOnline\" \/>\n<meta property=\"article:publisher\" content=\"https:\/\/www.facebook.com\/hungaroonline\" \/>\n<meta property=\"article:modified_time\" content=\"2023-10-23T09:05:01+00:00\" \/>\n<meta name=\"twitter:card\" content=\"summary_large_image\" \/>\n<meta name=\"twitter:label1\" content=\"Gesch\u00e4tzte Lesezeit\" \/>\n\t<meta name=\"twitter:data1\" content=\"1\u00a0Minute\" \/>\n<script type=\"application\/ld+json\" class=\"yoast-schema-graph\">{\"@context\":\"https:\/\/schema.org\",\"@graph\":[{\"@type\":\"WebPage\",\"@id\":\"https:\/\/hungaroonline.hu\/szallitasi-es-fizetesi-informaciok\/\",\"url\":\"https:\/\/hungaroonline.hu\/szallitasi-es-fizetesi-informaciok\/\",\"name\":\"Sz\u00e1ll\u00edt\u00e1si \u00e9s fizet\u00e9si inform\u00e1ci\u00f3k - HungaroOnline\",\"isPartOf\":{\"@id\":\"https:\/\/hungaroonline.hu\/#website\"},\"datePublished\":\"2019-05-30T10:20:33+00:00\",\"dateModified\":\"2023-10-23T09:05:01+00:00\",\"breadcrumb\":{\"@id\":\"https:\/\/hungaroonline.hu\/szallitasi-es-fizetesi-informaciok\/#breadcrumb\"},\"inLanguage\":\"de\",\"potentialAction\":[{\"@type\":\"ReadAction\",\"target\":[\"https:\/\/hungaroonline.hu\/szallitasi-es-fizetesi-informaciok\/\"]}]},{\"@type\":\"BreadcrumbList\",\"@id\":\"https:\/\/hungaroonline.hu\/szallitasi-es-fizetesi-informaciok\/#breadcrumb\",\"itemListElement\":[{\"@type\":\"ListItem\",\"position\":1,\"name\":\"Home\",\"item\":\"https:\/\/hungaroonline.hu\/\"},{\"@type\":\"ListItem\",\"position\":2,\"name\":\"Sz\u00e1ll\u00edt\u00e1si \u00e9s fizet\u00e9si inform\u00e1ci\u00f3k\"}]},{\"@type\":\"WebSite\",\"@id\":\"https:\/\/hungaroonline.hu\/#website\",\"url\":\"https:\/\/hungaroonline.hu\/\",\"name\":\"HungaroOnline\",\"description\":\"Kutyah\u00e1z - Hord\u00f3 - Raklap b\u00fator - Raklapp\u00e1rna Gy\u00e1rt\u00e1sa\",\"publisher\":{\"@id\":\"https:\/\/hungaroonline.hu\/#organization\"},\"potentialAction\":[{\"@type\":\"SearchAction\",\"target\":{\"@type\":\"EntryPoint\",\"urlTemplate\":\"https:\/\/hungaroonline.hu\/?s={search_term_string}\"},\"query-input\":{\"@type\":\"PropertyValueSpecification\",\"valueRequired\":true,\"valueName\":\"search_term_string\"}}],\"inLanguage\":\"de\"},{\"@type\":\"Organization\",\"@id\":\"https:\/\/hungaroonline.hu\/#organization\",\"name\":\"HungaroOnline\",\"url\":\"https:\/\/hungaroonline.hu\/\",\"logo\":{\"@type\":\"ImageObject\",\"inLanguage\":\"de\",\"@id\":\"https:\/\/hungaroonline.hu\/#\/schema\/logo\/image\/\",\"url\":\"https:\/\/hungaroonline.hu\/wp-content\/uploads\/2023\/01\/hungaroonline-footer-logo-color-a.png\",\"contentUrl\":\"https:\/\/hungaroonline.hu\/wp-content\/uploads\/2023\/01\/hungaroonline-footer-logo-color-a.png\",\"width\":970,\"height\":86,\"caption\":\"HungaroOnline\"},\"image\":{\"@id\":\"https:\/\/hungaroonline.hu\/#\/schema\/logo\/image\/\"},\"sameAs\":[\"https:\/\/www.facebook.com\/hungaroonline\"]}]}<\/script>\n<!-- \/ Yoast SEO plugin. -->","yoast_head_json":{"title":"Sz\u00e1ll\u00edt\u00e1si \u00e9s fizet\u00e9si inform\u00e1ci\u00f3k - HungaroOnline","robots":{"index":"index","follow":"follow","max-snippet":"max-snippet:-1","max-image-preview":"max-image-preview:large","max-video-preview":"max-video-preview:-1"},"canonical":"https:\/\/hungaroonline.hu\/de\/szallitasi-es-fizetesi-informaciok\/","og_locale":"de_DE","og_type":"article","og_title":"Sz\u00e1ll\u00edt\u00e1si \u00e9s fizet\u00e9si inform\u00e1ci\u00f3k - HungaroOnline","og_description":"Sz\u00e1ll\u00edt\u00e1s MPL fut\u00e1rszolg\u00e1lattal sz\u00e1ll\u00edtjuk a megrendelt csomagokat. V\u00e1rhat\u00f3 sz\u00e1ll\u00edt\u00e1si id\u0151: 3-6 munkanap. Kutyah\u00e1z m\u00e9rete \u00e9s a s\u00faly\u00e1b\u00f3l&nbsp; ad\u00f3d\u00f3an a sz\u00e1ll\u00edt\u00e1si k\u00f6lts\u00e9g 27 kg-ig 4000 Ft. 27 kg felett 5000 Ft. A kisz\u00e1ll\u00edt\u00e1s munkanapon 9-17 \u00f3ra k\u00f6z\u00f6tt t\u00f6rt\u00e9nik. A kisz\u00e1ll\u00edt\u00e1s megkezd\u00e9s\u00e9r\u0151l e-mail \u00fczenetben t\u00e1j\u00e9koztatjuk. A sz\u00e1ll\u00edt\u00e1si k\u00f6lts\u00e9g a c\u00e9lorsz\u00e1g \u00e9s a csomag s\u00falya alapj\u00e1n ker\u00fcl meg\u00e1llap\u00edt\u00e1sra, [&hellip;]","og_url":"https:\/\/hungaroonline.hu\/de\/szallitasi-es-fizetesi-informaciok\/","og_site_name":"HungaroOnline","article_publisher":"https:\/\/www.facebook.com\/hungaroonline","article_modified_time":"2023-10-23T09:05:01+00:00","twitter_card":"summary_large_image","twitter_misc":{"Gesch\u00e4tzte Lesezeit":"1\u00a0Minute"},"schema":{"@context":"https:\/\/schema.org","@graph":[{"@type":"WebPage","@id":"https:\/\/hungaroonline.hu\/szallitasi-es-fizetesi-informaciok\/","url":"https:\/\/hungaroonline.hu\/szallitasi-es-fizetesi-informaciok\/","name":"Sz\u00e1ll\u00edt\u00e1si \u00e9s fizet\u00e9si inform\u00e1ci\u00f3k - HungaroOnline","isPartOf":{"@id":"https:\/\/hungaroonline.hu\/#website"},"datePublished":"2019-05-30T10:20:33+00:00","dateModified":"2023-10-23T09:05:01+00:00","breadcrumb":{"@id":"https:\/\/hungaroonline.hu\/szallitasi-es-fizetesi-informaciok\/#breadcrumb"},"inLanguage":"de","potentialAction":[{"@type":"ReadAction","target":["https:\/\/hungaroonline.hu\/szallitasi-es-fizetesi-informaciok\/"]}]},{"@type":"BreadcrumbList","@id":"https:\/\/hungaroonline.hu\/szallitasi-es-fizetesi-informaciok\/#breadcrumb","itemListElement":[{"@type":"ListItem","position":1,"name":"Home","item":"https:\/\/hungaroonline.hu\/"},{"@type":"ListItem","position":2,"name":"Sz\u00e1ll\u00edt\u00e1si \u00e9s fizet\u00e9si inform\u00e1ci\u00f3k"}]},{"@type":"WebSite","@id":"https:\/\/hungaroonline.hu\/#website","url":"https:\/\/hungaroonline.hu\/","name":"HungaroOnline","description":"Hundeh\u00fctte - Fass - Palettenm\u00f6bel - Palettenkissen Produktion","publisher":{"@id":"https:\/\/hungaroonline.hu\/#organization"},"potentialAction":[{"@type":"SearchAction","target":{"@type":"EntryPoint","urlTemplate":"https:\/\/hungaroonline.hu\/?s={search_term_string}"},"query-input":{"@type":"PropertyValueSpecification","valueRequired":true,"valueName":"search_term_string"}}],"inLanguage":"de"},{"@type":"Organization","@id":"https:\/\/hungaroonline.hu\/#organization","name":"HungaroOnline","url":"https:\/\/hungaroonline.hu\/","logo":{"@type":"ImageObject","inLanguage":"de","@id":"https:\/\/hungaroonline.hu\/#\/schema\/logo\/image\/","url":"https:\/\/hungaroonline.hu\/wp-content\/uploads\/2023\/01\/hungaroonline-footer-logo-color-a.png","contentUrl":"https:\/\/hungaroonline.hu\/wp-content\/uploads\/2023\/01\/hungaroonline-footer-logo-color-a.png","width":970,"height":86,"caption":"HungaroOnline"},"image":{"@id":"https:\/\/hungaroonline.hu\/#\/schema\/logo\/image\/"},"sameAs":["https:\/\/www.facebook.com\/hungaroonline"]}]}},"_links":{"self":[{"href":"https:\/\/hungaroonline.hu\/de\/wp-json\/wp\/v2\/pages\/278","targetHints":{"allow":["GET"]}}],"collection":[{"href":"https:\/\/hungaroonline.hu\/de\/wp-json\/wp\/v2\/pages"}],"about":[{"href":"https:\/\/hungaroonline.hu\/de\/wp-json\/wp\/v2\/types\/page"}],"author":[{"embeddable":true,"href":"https:\/\/hungaroonline.hu\/de\/wp-json\/wp\/v2\/users\/1"}],"replies":[{"embeddable":true,"href":"https:\/\/hungaroonline.hu\/de\/wp-json\/wp\/v2\/comments?post=278"}],"version-history":[{"count":12,"href":"https:\/\/hungaroonline.hu\/de\/wp-json\/wp\/v2\/pages\/278\/revisions"}],"predecessor-version":[{"id":6116,"href":"https:\/\/hungaroonline.hu\/de\/wp-json\/wp\/v2\/pages\/278\/revisions\/6116"}],"wp:attachment":[{"href":"https:\/\/hungaroonline.hu\/de\/wp-json\/wp\/v2\/media?parent=278"}],"curies":[{"name":"wp","href":"https:\/\/api.w.org\/{rel}","templated":true}]}}